{"id":1845,"date":"2025-01-07T13:26:44","date_gmt":"2025-01-07T11:26:44","guid":{"rendered":"https:\/\/blogs.uef.fi\/tiedonhaku-englanti\/?page_id=1845"},"modified":"2025-08-07T11:27:37","modified_gmt":"2025-08-07T08:27:37","slug":"5-tekoaly-ja-tieteellisen-tiedon-hakeminen","status":"publish","type":"page","link":"https:\/\/blogs.uef.fi\/tiedonhaku-englanti\/5-tekoaly-ja-tieteellisen-tiedon-hakeminen\/","title":{"rendered":"5. Teko\u00e4ly ja tieteellisen tiedon hakeminen"},"content":{"rendered":"\n<p>Teko\u00e4ly\u00e4 voi k\u00e4ytt\u00e4\u00e4 apuna tieteellisenkin tiedon hakemisessa monella eri tavalla ja monessa eri vaiheessa. Se voi auttaa esimerkiksi seuraavasti:<\/p>\n\n\n\n<ul class=\"wp-block-list\">\n<li><strong>K\u00e4sitteiden ja ilmi\u00f6iden selitt\u00e4minen<\/strong>. Teko\u00e4lysovellukselta voit kysy\u00e4 esim. \u201dMit\u00e4 tarkoittaa mikroaggressio\u201d tai \u201dMitk\u00e4 ovat tyypillisi\u00e4 piirteit\u00e4 bildungsromaanissa?\u201d. Vastaus voi olla helpommin hahmotettavissa kuin &#8221;perinteisell\u00e4&#8221; haulla, joka tarjoaa yksitt\u00e4isi\u00e4 hakutuloksia. Toisaalta: yhteenvedon oikeellisuus ei ole varmaa, vaan tulkinta j\u00e4\u00e4 aina sinun eli lukijan vastuulle.<\/li>\n\n\n\n<li><strong>Hakusanojen ja vaihtoehtoisten termien miettiminen<\/strong>. Voit pyyt\u00e4\u00e4 teko\u00e4ly\u00e4 miettim\u00e4\u00e4n hakusanoja \u2013 my\u00f6s eri kielill\u00e4. Esimerkiksi: \u201dVoisitko mietti\u00e4 minulle vaihtoehtoisia hakusanoja aiheesta inklusiivinen korkeakouluopetus?\u201d. Hakusanalistat ovat harvoin kattavia, ainakaan ensimm\u00e4isell\u00e4 kerralla kysytt\u00e4ess\u00e4. Sovellusta voi pyyt\u00e4\u00e4 antamaan lis\u00e4\u00e4 sanoja ja ohjata siihen, millaisia sanoja toivoo, esim. \u201dK\u00e4yt\u00e4 n\u00e4iden hakusanojen ideoinnin apuna yleist\u00e4 suomalaista ontologiaa\u201d, &#8221;Mieti hakusanoja erityisesti englanniksi&#8221; jne.<\/li>\n\n\n\n<li>Ideointiin ja aiheen kartoitukseen sopii esim. UEFilla k\u00e4yt\u00f6ss\u00e4 oleva <a href=\"https:\/\/copilot.cloud.microsoft\" target=\"_blank\" rel=\"noreferrer noopener\">Microsoft Copilot Chat <\/a>, johon kirjaudutaan omilla UEF-tunnuksilla (linkki avautuu uuteen v\u00e4lilehteen).<\/li>\n<\/ul>\n\n\n\n<h2 class=\"wp-block-heading\">Tietokantoihin integroituneet teko\u00e4lyty\u00f6kalut<\/h2>\n\n\n\n<p>Perinteisen tiedonhaun rinnalle on vuoden sis\u00e4ll\u00e4 tullut tietokantojen sis\u00e4lle integroituneita teko\u00e4lyty\u00f6kaluja. Katso seuraava video (kesto 6:18) n\u00e4iden nk. integroituneiden teko\u00e4lyavustajien toimintaperiaatteesta. Videolla n\u00e4yt\u00e4n my\u00f6s, miten l\u00f6yd\u00e4t UEF-Primon sis\u00e4ll\u00e4 toimivan teko\u00e4lyavustajan ja kerron muutaman vinkin sen k\u00e4ytt\u00f6\u00f6n.<\/p>\n\n\n<div class=\"embed-container\">\n    <iframe loading=\"lazy\" title=\"Tietokantoihin integroituneet teko\u00e4lyty\u00f6kalut\" width=\"640\" height=\"360\" src=\"https:\/\/www.youtube.com\/embed\/tuXlurBwROk?feature=oembed&#038;controls=1&#038;hd=1&#038;autohide=1\" frameborder=\"0\" allow=\"accelerometer; autoplay; clipboard-write; encrypted-media; gyroscope; picture-in-picture; web-share\" referrerpolicy=\"strict-origin-when-cross-origin\" allowfullscreen frameborder=\"0\"><\/iframe><\/div>\n\n\n<p> UEF-Primon teko\u00e4lyavustajaa k\u00e4ytt\u00e4ess\u00e4si on hyv\u00e4 muistaa, ett\u00e4 se hakee <strong>l\u00e4hteit\u00e4 ainoastaan hakuryhm\u00e4st\u00e4 Kansainv\u00e4liset artikkelit. <\/strong>Se ei siis l\u00f6yd\u00e4 sinulle esim. kirjaston kokoelmissa olevia painettuja kirjoja.<\/p>\n\n\n\n<h2 class=\"wp-block-heading\">Teko\u00e4lyn rajoitteita tiedonhaussa<\/h2>\n\n\n\n<p>Teko\u00e4lysovellukset (my\u00f6s tietokantojen sis\u00e4lle integroituneet) voivat tuottaa virheellisi\u00e4 tai vinoutuneita vastauksia. Vastaus ei my\u00f6sk\u00e4\u00e4n ole aina t\u00e4sm\u00e4lleen samanlainen, vaikka asiaa kysyisi samalla tavalla. T\u00e4m\u00e4 voi tuntua h\u00e4mment\u00e4v\u00e4lt\u00e4, mutta on tyypillinen ominaisuus laajoihin kielimalleihin perustuville teko\u00e4lyty\u00f6kaluille.<\/p>\n\n\n\n<p>Erilaiset teko\u00e4lyavustajat helpottavat erityisesti uuteen aiheeseen tutustumista ja antavat nopeita vastauksia yksitt\u00e4isiin kysymyksiin. Vastauksen sis\u00e4ll\u00f6n oikeellisuuden ja k\u00e4ytettyjen l\u00e4hteiden arviointi j\u00e4\u00e4 kuitenkin aina sinun vastuullesi. Kuten kaikessa muussakin oppimisessa, oman n\u00e4kemyksen ja asiantuntijuuden muotoutumiselle kannattaa antaa aikaa ja n\u00e4hd\u00e4 vaivaa. Hyv\u00e4 malli voisikin olla sellainen, jossa aloitat tiedonhaun UEF-Primon teko\u00e4lyavustajan kanssa ja tutustut aiheeseesi sen tarjoaman yhteenvedon ja muutaman artikkelin tiivistelm\u00e4n avulla. T\u00e4m\u00e4n j\u00e4lkeen voit tehd\u00e4 hakuja itse UEF-Primon tarkennetussa haussa hakusanojen ja hakulauseiden avulla. Kun teet haut itse, voit my\u00f6s vaihdella UEF-Primon hakuryhm\u00e4\u00e4 ja l\u00f6yt\u00e4\u00e4 l\u00e4hteeksesi enemm\u00e4n my\u00f6s kirjamuotoista (sek\u00e4 kotimaista) aineistoa.<\/p>\n\n\n\n<p>Teko\u00e4lyty\u00f6kaluja k\u00e4ytett\u00e4ess\u00e4 on my\u00f6s hyv\u00e4 ottaa huomioon n\u00e4iden ty\u00f6kalujen raskaampi energiankulutus. Toistaiseksi &#8221;perinteinen&#8221; Google-haku (ja my\u00f6s hakulausekkeilla tehty tietokantahaku) kuluttaa huomattavasti v\u00e4hemm\u00e4n energiaa kuin teko\u00e4lylle annettu teht\u00e4v\u00e4 (tutustu esim. sivuun <a href=\"https:\/\/www.unep.org\/news-and-stories\/story\/ai-has-environmental-problem-heres-what-world-can-do-about\" target=\"_blank\" rel=\"noreferrer noopener\">AI has an environmental problem. Here\u2019s what the world can do about that.<\/a>; linkki avautuu uuteen v\u00e4lilehteen, luettu 7\/2025).<\/p>\n\n\n\n<p>Tutustuttuasi osioon <a href=\"https:\/\/elearn.uef.fi\/mod\/quiz\/attempt.php?attempt=1188113&amp;cmid=732817\" target=\"_blank\" rel=\"noreferrer noopener\">tee Moodlessa oleva teht\u00e4v\u00e4<\/a> (linkki avautuu uuteen v\u00e4lilehteen).<\/p>\n\n\n\n<p><\/p>\n\n\n\n<p>P\u00e4ivitetty: 8\/2025<\/p>\n\n\n\n<p>Siirry osioon 6 <a href=\"https:\/\/blogs.uef.fi\/tiedonhaku-englanti\/5-osio-tutkimusetiikka\/\">Tutkimusetiikka<\/a><\/p>\n\n\n\n<p><\/p>\n","protected":false},"excerpt":{"rendered":"<p>Teko\u00e4ly\u00e4 voi k\u00e4ytt\u00e4\u00e4 apuna tieteellisenkin tiedon hakemisessa monella eri tavalla ja monessa eri vaiheessa. Se voi auttaa esimerkiksi seuraavasti: Tietokantoihin integroituneet teko\u00e4lyty\u00f6kalut Perinteisen tiedonhaun rinnalle on vuoden sis\u00e4ll\u00e4 tullut tietokantojen sis\u00e4lle integroituneita teko\u00e4lyty\u00f6kaluja. Katso seuraava video (kesto 6:18) n\u00e4iden nk. integroituneiden teko\u00e4lyavustajien toimintaperiaatteesta. Videolla n\u00e4yt\u00e4n my\u00f6s, miten l\u00f6yd\u00e4t UEF-Primon sis\u00e4ll\u00e4 toimivan teko\u00e4lyavustajan ja kerron muutaman [&hellip;]<\/p>\n","protected":false},"author":129,"featured_media":0,"parent":0,"menu_order":0,"comment_status":"closed","ping_status":"closed","template":"","meta":{"_acf_changed":false,"footnotes":""},"class_list":["post-1845","page","type-page","status-publish","hentry"],"acf":[],"yoast_head":"<!-- This site is optimized with the Yoast SEO plugin v27.1.1 - https:\/\/yoast.com\/product\/yoast-seo-wordpress\/ -->\n<title>5. Teko\u00e4ly ja tieteellisen tiedon hakeminen - Englannin kielen tiedonhaku<\/title>\n<meta name=\"robots\" content=\"index, follow, max-snippet:-1, max-image-preview:large, max-video-preview:-1\" \/>\n<link rel=\"canonical\" href=\"https:\/\/blogs.uef.fi\/tiedonhaku-englanti\/5-tekoaly-ja-tieteellisen-tiedon-hakeminen\/\" \/>\n<meta property=\"og:locale\" content=\"fi_FI\" \/>\n<meta property=\"og:type\" content=\"article\" \/>\n<meta property=\"og:title\" content=\"5. Teko\u00e4ly ja tieteellisen tiedon hakeminen - Englannin kielen tiedonhaku\" \/>\n<meta property=\"og:description\" content=\"Teko\u00e4ly\u00e4 voi k\u00e4ytt\u00e4\u00e4 apuna tieteellisenkin tiedon hakemisessa monella eri tavalla ja monessa eri vaiheessa. Se voi auttaa esimerkiksi seuraavasti: Tietokantoihin integroituneet teko\u00e4lyty\u00f6kalut Perinteisen tiedonhaun rinnalle on vuoden sis\u00e4ll\u00e4 tullut tietokantojen sis\u00e4lle integroituneita teko\u00e4lyty\u00f6kaluja. Katso seuraava video (kesto 6:18) n\u00e4iden nk. integroituneiden teko\u00e4lyavustajien toimintaperiaatteesta. Videolla n\u00e4yt\u00e4n my\u00f6s, miten l\u00f6yd\u00e4t UEF-Primon sis\u00e4ll\u00e4 toimivan teko\u00e4lyavustajan ja kerron muutaman [&hellip;]\" \/>\n<meta property=\"og:url\" content=\"https:\/\/blogs.uef.fi\/tiedonhaku-englanti\/5-tekoaly-ja-tieteellisen-tiedon-hakeminen\/\" \/>\n<meta property=\"og:site_name\" content=\"Englannin kielen tiedonhaku\" \/>\n<meta property=\"article:modified_time\" content=\"2025-08-07T08:27:37+00:00\" \/>\n<meta name=\"twitter:card\" content=\"summary_large_image\" \/>\n<meta name=\"twitter:label1\" content=\"Arvioitu lukuaika\" \/>\n\t<meta name=\"twitter:data1\" content=\"3 minuuttia\" \/>\n<script type=\"application\/ld+json\" class=\"yoast-schema-graph\">{\"@context\":\"https:\/\/schema.org\",\"@graph\":[{\"@type\":\"WebPage\",\"@id\":\"https:\/\/blogs.uef.fi\/tiedonhaku-englanti\/5-tekoaly-ja-tieteellisen-tiedon-hakeminen\/\",\"url\":\"https:\/\/blogs.uef.fi\/tiedonhaku-englanti\/5-tekoaly-ja-tieteellisen-tiedon-hakeminen\/\",\"name\":\"5. Teko\u00e4ly ja tieteellisen tiedon hakeminen - Englannin kielen tiedonhaku\",\"isPartOf\":{\"@id\":\"https:\/\/blogs.uef.fi\/tiedonhaku-englanti\/#website\"},\"datePublished\":\"2025-01-07T11:26:44+00:00\",\"dateModified\":\"2025-08-07T08:27:37+00:00\",\"breadcrumb\":{\"@id\":\"https:\/\/blogs.uef.fi\/tiedonhaku-englanti\/5-tekoaly-ja-tieteellisen-tiedon-hakeminen\/#breadcrumb\"},\"inLanguage\":\"fi\",\"potentialAction\":[{\"@type\":\"ReadAction\",\"target\":[\"https:\/\/blogs.uef.fi\/tiedonhaku-englanti\/5-tekoaly-ja-tieteellisen-tiedon-hakeminen\/\"]}]},{\"@type\":\"BreadcrumbList\",\"@id\":\"https:\/\/blogs.uef.fi\/tiedonhaku-englanti\/5-tekoaly-ja-tieteellisen-tiedon-hakeminen\/#breadcrumb\",\"itemListElement\":[{\"@type\":\"ListItem\",\"position\":1,\"name\":\"Home\",\"item\":\"https:\/\/blogs.uef.fi\/tiedonhaku-englanti\/\"},{\"@type\":\"ListItem\",\"position\":2,\"name\":\"5. Teko\u00e4ly ja tieteellisen tiedon hakeminen\"}]},{\"@type\":\"WebSite\",\"@id\":\"https:\/\/blogs.uef.fi\/tiedonhaku-englanti\/#website\",\"url\":\"https:\/\/blogs.uef.fi\/tiedonhaku-englanti\/\",\"name\":\"Englannin kielen tiedonhaku\",\"description\":\"\",\"potentialAction\":[{\"@type\":\"SearchAction\",\"target\":{\"@type\":\"EntryPoint\",\"urlTemplate\":\"https:\/\/blogs.uef.fi\/tiedonhaku-englanti\/?s={search_term_string}\"},\"query-input\":{\"@type\":\"PropertyValueSpecification\",\"valueRequired\":true,\"valueName\":\"search_term_string\"}}],\"inLanguage\":\"fi\"}]}<\/script>\n<!-- \/ Yoast SEO plugin. -->","yoast_head_json":{"title":"5. Teko\u00e4ly ja tieteellisen tiedon hakeminen - Englannin kielen tiedonhaku","robots":{"index":"index","follow":"follow","max-snippet":"max-snippet:-1","max-image-preview":"max-image-preview:large","max-video-preview":"max-video-preview:-1"},"canonical":"https:\/\/blogs.uef.fi\/tiedonhaku-englanti\/5-tekoaly-ja-tieteellisen-tiedon-hakeminen\/","og_locale":"fi_FI","og_type":"article","og_title":"5. Teko\u00e4ly ja tieteellisen tiedon hakeminen - Englannin kielen tiedonhaku","og_description":"Teko\u00e4ly\u00e4 voi k\u00e4ytt\u00e4\u00e4 apuna tieteellisenkin tiedon hakemisessa monella eri tavalla ja monessa eri vaiheessa. Se voi auttaa esimerkiksi seuraavasti: Tietokantoihin integroituneet teko\u00e4lyty\u00f6kalut Perinteisen tiedonhaun rinnalle on vuoden sis\u00e4ll\u00e4 tullut tietokantojen sis\u00e4lle integroituneita teko\u00e4lyty\u00f6kaluja. Katso seuraava video (kesto 6:18) n\u00e4iden nk. integroituneiden teko\u00e4lyavustajien toimintaperiaatteesta. Videolla n\u00e4yt\u00e4n my\u00f6s, miten l\u00f6yd\u00e4t UEF-Primon sis\u00e4ll\u00e4 toimivan teko\u00e4lyavustajan ja kerron muutaman [&hellip;]","og_url":"https:\/\/blogs.uef.fi\/tiedonhaku-englanti\/5-tekoaly-ja-tieteellisen-tiedon-hakeminen\/","og_site_name":"Englannin kielen tiedonhaku","article_modified_time":"2025-08-07T08:27:37+00:00","twitter_card":"summary_large_image","twitter_misc":{"Arvioitu lukuaika":"3 minuuttia"},"schema":{"@context":"https:\/\/schema.org","@graph":[{"@type":"WebPage","@id":"https:\/\/blogs.uef.fi\/tiedonhaku-englanti\/5-tekoaly-ja-tieteellisen-tiedon-hakeminen\/","url":"https:\/\/blogs.uef.fi\/tiedonhaku-englanti\/5-tekoaly-ja-tieteellisen-tiedon-hakeminen\/","name":"5. Teko\u00e4ly ja tieteellisen tiedon hakeminen - Englannin kielen tiedonhaku","isPartOf":{"@id":"https:\/\/blogs.uef.fi\/tiedonhaku-englanti\/#website"},"datePublished":"2025-01-07T11:26:44+00:00","dateModified":"2025-08-07T08:27:37+00:00","breadcrumb":{"@id":"https:\/\/blogs.uef.fi\/tiedonhaku-englanti\/5-tekoaly-ja-tieteellisen-tiedon-hakeminen\/#breadcrumb"},"inLanguage":"fi","potentialAction":[{"@type":"ReadAction","target":["https:\/\/blogs.uef.fi\/tiedonhaku-englanti\/5-tekoaly-ja-tieteellisen-tiedon-hakeminen\/"]}]},{"@type":"BreadcrumbList","@id":"https:\/\/blogs.uef.fi\/tiedonhaku-englanti\/5-tekoaly-ja-tieteellisen-tiedon-hakeminen\/#breadcrumb","itemListElement":[{"@type":"ListItem","position":1,"name":"Home","item":"https:\/\/blogs.uef.fi\/tiedonhaku-englanti\/"},{"@type":"ListItem","position":2,"name":"5. Teko\u00e4ly ja tieteellisen tiedon hakeminen"}]},{"@type":"WebSite","@id":"https:\/\/blogs.uef.fi\/tiedonhaku-englanti\/#website","url":"https:\/\/blogs.uef.fi\/tiedonhaku-englanti\/","name":"Englannin kielen tiedonhaku","description":"","potentialAction":[{"@type":"SearchAction","target":{"@type":"EntryPoint","urlTemplate":"https:\/\/blogs.uef.fi\/tiedonhaku-englanti\/?s={search_term_string}"},"query-input":{"@type":"PropertyValueSpecification","valueRequired":true,"valueName":"search_term_string"}}],"inLanguage":"fi"}]}},"_links":{"self":[{"href":"https:\/\/blogs.uef.fi\/tiedonhaku-englanti\/wp-json\/wp\/v2\/pages\/1845","targetHints":{"allow":["GET"]}}],"collection":[{"href":"https:\/\/blogs.uef.fi\/tiedonhaku-englanti\/wp-json\/wp\/v2\/pages"}],"about":[{"href":"https:\/\/blogs.uef.fi\/tiedonhaku-englanti\/wp-json\/wp\/v2\/types\/page"}],"author":[{"embeddable":true,"href":"https:\/\/blogs.uef.fi\/tiedonhaku-englanti\/wp-json\/wp\/v2\/users\/129"}],"replies":[{"embeddable":true,"href":"https:\/\/blogs.uef.fi\/tiedonhaku-englanti\/wp-json\/wp\/v2\/comments?post=1845"}],"version-history":[{"count":2,"href":"https:\/\/blogs.uef.fi\/tiedonhaku-englanti\/wp-json\/wp\/v2\/pages\/1845\/revisions"}],"predecessor-version":[{"id":1909,"href":"https:\/\/blogs.uef.fi\/tiedonhaku-englanti\/wp-json\/wp\/v2\/pages\/1845\/revisions\/1909"}],"wp:attachment":[{"href":"https:\/\/blogs.uef.fi\/tiedonhaku-englanti\/wp-json\/wp\/v2\/media?parent=1845"}],"curies":[{"name":"wp","href":"https:\/\/api.w.org\/{rel}","templated":true}]}}