{"id":173,"date":"2017-08-29T10:23:15","date_gmt":"2017-08-29T10:23:15","guid":{"rendered":"https:\/\/englanninkielentiedonhaku.wordpress.com\/?page_id=173"},"modified":"2025-11-19T12:30:07","modified_gmt":"2025-11-19T10:30:07","slug":"kurssiohje","status":"publish","type":"page","link":"https:\/\/blogs.uef.fi\/tiedonhaku-englanti\/kurssiohje\/","title":{"rendered":"Kurssiohje 2025"},"content":{"rendered":"\n<p>Englannin kielen tiedonhaun kurssi (1 op) on osa It\u00e4-Suomen yliopiston opintoja. Kurssi suoritetaan kandidaatinseminaarin yhteydess\u00e4.<\/p>\n\n\n\n<p>Kurssi koostuu videoista ja niihin liittyvist\u00e4 ennakkoteht\u00e4vist\u00e4, sek\u00e4 l\u00e4hiopetuskerrasta, jossa harjoittelemme oman alan tietokantojen k\u00e4ytt\u00f6\u00e4. Kurssin lopuksi tehd\u00e4\u00e4n itsen\u00e4inen lopputeht\u00e4v\u00e4 eli tiedonhakua omasta kandiseminaariaiheesta.<\/p>\n\n\n\n<p>Suorita kurssi n\u00e4in:<\/p>\n\n\n\n<figure class=\"wp-block-image\"><img loading=\"lazy\" decoding=\"async\" width=\"1175\" height=\"348\" src=\"https:\/\/blogs.uef.fi\/tiedonhaku-englanti\/wp-content\/uploads\/sites\/65\/2017\/08\/kurssin_suoritus.png\" alt=\"Ohje kurssin suorittamiseen: katso ensin videot ja tee ennakkoteht\u00e4v\u00e4t, osallistu sen j\u00e4lkeen tietokantaharjoituksiin ja tee lopuksi lopputeht\u00e4v\u00e4.\" class=\"wp-image-188\" srcset=\"https:\/\/blogs.uef.fi\/tiedonhaku-englanti\/wp-content\/uploads\/sites\/65\/2017\/08\/kurssin_suoritus.png 1175w, https:\/\/blogs.uef.fi\/tiedonhaku-englanti\/wp-content\/uploads\/sites\/65\/2017\/08\/kurssin_suoritus-300x89.png 300w, https:\/\/blogs.uef.fi\/tiedonhaku-englanti\/wp-content\/uploads\/sites\/65\/2017\/08\/kurssin_suoritus-768x227.png 768w, https:\/\/blogs.uef.fi\/tiedonhaku-englanti\/wp-content\/uploads\/sites\/65\/2017\/08\/kurssin_suoritus-1024x303.png 1024w\" sizes=\"auto, (max-width: 1175px) 100vw, 1175px\" \/><\/figure>\n\n\n\n<p>1. Katso videoluennot ja lue tekstimateriaalit ENNEN tietokantaharjoituskertaa. Tee videoiden yhteydess\u00e4 olevat ennakkoteht\u00e4v\u00e4t Moodlessa. Aloita t\u00e4m\u00e4 ty\u00f6 hyviss\u00e4 ajoin ennen tapaamista &#8211; katso vaikka yksi video ja tee yksi ennakkoteht\u00e4v\u00e4 p\u00e4iv\u00e4ss\u00e4. <strong>ENNAKKOTEHT\u00c4V\u00c4T PALAUTETAAN MOODLEEN VIIMEIST\u00c4\u00c4N 24.9.<br><\/strong><\/p>\n\n\n\n<p>2. Tule tietokantaharjoituksiin Pepiss\u00e4 ilmoittautumaasi ryhm\u00e4\u00e4n hyvin valmistautuneena, ennakkoteht\u00e4v\u00e4t ajoissa palauttaneena. Tietokantaharjoituksissa emme palaa en\u00e4\u00e4 videoluentojen teoriaan, vaan sovellamme opittua k\u00e4yt\u00e4nt\u00f6\u00f6n. Ellet p\u00e4\u00e4se tietokantaharjoituksiin, ota yhteytt\u00e4 kurssin opettajaan korvaavaa, kirjallista teht\u00e4v\u00e4\u00e4 varten.<\/p>\n\n\n\n<p>3. Kurssin lopputeht\u00e4v\u00e4 on tiedonhaku omasta kandiseminaariaiheestasi. Lopputeht\u00e4v\u00e4 palautetaan opettajalle s\u00e4hk\u00f6postitse 9.11. menness\u00e4. My\u00f6hempikin ajankohta k\u00e4y &#8211; ota siin\u00e4 tapauksessa yhteytt\u00e4 kurssin opettajaan.<\/p>\n\n\n\n<p><span style=\"color: #000000\"><strong>OHJE LOPPUTEHT\u00c4V\u00c4N SUORITTAMISEEN:<\/strong><\/span><\/p>\n\n\n\n<p>1. Kerro kandiseminaarity\u00f6si aihe. Avaa aihetta niin, ett\u00e4 ulkopuolinenkin ymm\u00e4rt\u00e4\u00e4, mit\u00e4 aiot tutkia.<\/p>\n\n\n\n<p>2. Kerro, mitk\u00e4 ovat ty\u00f6si keskeisimm\u00e4t k\u00e4sitteet ja mill\u00e4 sanoilla aiot aiheestasi hakea? Voit k\u00e4ytt\u00e4\u00e4 apuna <a href=\"http:\/\/finto.fi\/yso\/fi\/\" target=\"_blank\" rel=\"noopener noreferrer\">Yleist\u00e4 Suomalaista Ontologiaa YSOa&nbsp; (linkki avautuu uuteen ikkunaan)<\/a>, sanakirjoja, jo l\u00f6ytyneiden tutkimusten avainsanoja tai vaikkapa teko\u00e4ly\u00e4. Kerro, mit\u00e4 k\u00e4ytit apuna. Mieti hakusanoja tarvittaessa eri kielill\u00e4, erityisesti englanniksi ja suomeksi.<\/p>\n\n\n\n<p>3. Valitse aiheeseesi sopiva tietokanta \u2013 joko kotimainen tai kansainv\u00e4linen. Tee hakuja valitsemassasi tietokannassa \/ hakupalvelussa k\u00e4ytt\u00e4en edellisess\u00e4 kohdassa miettimi\u00e4si hakusanoja (ja t\u00e4ydent\u00e4en \/ muuttaen niit\u00e4 tarvittaessa hakujen edetess\u00e4).<\/p>\n\n\n\n<ul class=\"wp-block-list\">\n<li>Hakukone ei saa t\u00e4ss\u00e4 teht\u00e4v\u00e4ss\u00e4 olla Google tai Google Scholar \u2013 n\u00e4it\u00e4 sin\u00e4 jo osaat k\u00e4ytt\u00e4\u00e4!<\/li>\n\n\n\n<li>Erilaisia tietokantoja l\u00f6yd\u00e4t esim. UEF-Primon tietokantahaulla (esim. Linguistics and Languages Behavior Abstracts, MLA International Bibliography, Translation Studies Bibliography\u2026 jne.).<\/li>\n\n\n\n<li>Voit k\u00e4ytt\u00e4\u00e4 halutessasi my\u00f6s UEF-Primon hakua kansainv\u00e4lisist\u00e4 artikkeleista, joka etsii useammasta kansainv\u00e4lisest\u00e4 tietokannasta yht\u00e4aikaa, tai UEF-Primon hakua kirjaston kokoelmista tai hakuryhm\u00e4st\u00e4 \u201dkaikki\u201d. Voit my\u00f6s k\u00e4ytt\u00e4\u00e4 UEF-Primon teko\u00e4lyavustajaa, mutta kaikkia lopputeht\u00e4v\u00e4\u00e4n liittyvi\u00e4 tiedonhakuja ei saa tehd\u00e4 sill\u00e4, vaan hakuja pit\u00e4\u00e4 osata rakentaa my\u00f6s itse hakusanoja ja hakutekniikoita k\u00e4ytt\u00e4en.<\/li>\n\n\n\n<li>My\u00f6s kansallinen Finna osoitteessa finna.fi on eritt\u00e4in k\u00e4ytt\u00f6kelpoinen.<\/li>\n\n\n\n<li>Apua tietokannan valitsemiseen saat oppimateriaalin kappaleesta <a href=\"https:\/\/blogs.uef.fi\/tiedonhaku-englanti\/vinkki-oman-alan-tietokannat\/\" target=\"_blank\" rel=\"noreferrer noopener\">\u201dOman alan tietokannat\u201d (linkki avautuu uuteen ikkunaan)<\/a>. Kerro, miksi valitsit kyseisen tietokannan?<\/li>\n<\/ul>\n\n\n\n<p><\/p>\n\n\n\n<p>4. Kopioi tekemiesi hakujen HAKUHISTORIA esim. snipping toolin tai ruutukaappauksen avulla. L\u00e4hes jokaisesta tietokannasta l\u00f6ytyy hakuhistoria, jonka takana tekem\u00e4si haut ovat tallessa &#8211; ota kuitenkin huomioon, ett\u00e4 usein hakuhistoria tyhjenee, kun selaimen sulkee. Parhaimmat haut kannattaa siis tallentaa. Jos et saa hakuhistoriasta kuvaa tai hakuhistoriaa ei l\u00f6ydy, kerro omin sanoin, millaisilla hakulauseille hait. Kerro omin sanoin, miten muokkasit hakuja? <strong>Hauista tulee n\u00e4ky\u00e4, ett\u00e4 olet ymm\u00e4rt\u00e4nyt tietokannoissa k\u00e4ytett\u00e4v\u00e4t hakutekniikat, joita on opeteltu kurssin aikana.<\/strong> <strong>T\u00e4ss\u00e4 vaiheessa haut esim. yksitt\u00e4isell\u00e4 hakusanalla tai fraasilla ei riit\u00e4,<\/strong> vaan hauissa tulee n\u00e4ky\u00e4 mm. Boolen logiikan ymm\u00e4rt\u00e4minen ja vaihtoehtoiset hakusanat.<\/p>\n\n\n\n<p>5. Liit\u00e4 muutama, hyv\u00e4 l\u00f6ytynyt viite lopputy\u00f6h\u00f6si. <strong>\u00c4l\u00e4 linkit\u00e4 viitteit\u00e4<\/strong>, vaan k\u00e4yt\u00e4 valitsemaasi viitetyyli\u00e4 (esim. APA, MLA jne.) T\u00e4ss\u00e4 voit k\u00e4ytt\u00e4\u00e4 apuna tietokantojen viittaus- \/ cite-painikkeita ja\/tai oman oppiaineesi viittausohjeita..<\/p>\n\n\n\n<p>6. Ja lopuksi se t\u00e4rkein: kommentoi hakujasi ja l\u00f6yt\u00e4mi\u00e4si tuloksia. Mik\u00e4 onnistui? Mik\u00e4 mahdollisesti meni pieleen? Oletko tyytyv\u00e4inen hakuihisi? T\u00e4ss\u00e4 osioissa siis reflektoit omaa tiedonhakuasi. Voit my\u00f6s pohtia, opitko tai oivalsitko jotain uutta joko t\u00e4ss\u00e4 lopputeht\u00e4v\u00e4ss\u00e4 tai koko kurssin aikana.<\/p>\n\n\n\n<p>7. L\u00e4het\u00e4 lopputeht\u00e4v\u00e4 word-, txt-, PDF-muotoisena tai vaikka videolinkkin\u00e4 osoitteeseen riitta.s.holopainen(lis\u00e4\u00e4-t\u00e4h\u00e4n-@-merkki)uef.fi 9.11.2025 menness\u00e4. Jos aikataulu tuottaa ongelmia, ota yhteytt\u00e4, niin mietit\u00e4\u00e4n sopivampi. Saat henkil\u00f6kohtaista palautetta ja tarkastetun teht\u00e4v\u00e4n s\u00e4hk\u00f6postiisi viimeist\u00e4\u00e4n kolmen viikon kuluessa. Hyv\u00e4ksytysti suoritettuun lopputeht\u00e4v\u00e4\u00e4n vaaditaan kaikkiin kysymyksiin vastaamista ja oman tiedonhaun prosessin pohdintaa ja huomioita. Katso tarkempi arviointimatriisi eLearn Moodlesta.<\/p>\n\n\n\n<p><strong>MUISTA T\u00c4M\u00c4:<\/strong> Jos k\u00e4yt\u00e4t lopputeht\u00e4v\u00e4ss\u00e4 apunasi teko\u00e4ly\u00e4, tulee se mainita teht\u00e4v\u00e4ss\u00e4. Kerro, miten ja miss\u00e4 kohtaa k\u00e4ytit teko\u00e4ly\u00e4 apuna. Kaikkia lopputeht\u00e4v\u00e4\u00e4n liittyvi\u00e4 tiedonhakuja ei saa tehd\u00e4 tietokantoihin integroituneiden teko\u00e4lyty\u00f6kalujen avulla (esim. UEF-Primon teko\u00e4lyavustajalla), mutta tietokannan teko\u00e4lyavusta voi toimia esim. aloituspisteen\u00e4 muille hauillesi. Teko\u00e4ly\u00e4 voit k\u00e4ytt\u00e4\u00e4 apunasi my\u00f6s esim. hakusanojen ideoinnissa tai tutkimuskysymysten hahmottelussa. Lis\u00e4tietoa teko\u00e4lyst\u00e4 tiedonhausta l\u00f6yd\u00e4t kirjaston sivustolta <a href=\"https:\/\/www.uef.fi\/fi\/kirjasto\/tekoaly-tiedonhaussa\" target=\"_blank\" rel=\"noreferrer noopener\">Teko\u00e4ly tiedonhaussa<\/a> (linkki avautuu uuteen v\u00e4lilehteen) sek\u00e4 t\u00e4m\u00e4n kurssin 5. osiosta <a href=\"https:\/\/blogs.uef.fi\/tiedonhaku-englanti\/5-tekoaly-ja-tieteellisen-tiedon-hakeminen\/\" target=\"_blank\" rel=\"noreferrer noopener\">&#8221;Teko\u00e4ly ja tieteellisen tiedon hakeminen&#8221;<\/a> (linkki avautuu uuteen v\u00e4lilehteen).<\/p>\n\n\n\n<p>(9\/2025)<\/p>\n\n\n\n<p><\/p>\n","protected":false},"excerpt":{"rendered":"<p>Englannin kielen tiedonhaun kurssi (1 op) on osa It\u00e4-Suomen yliopiston opintoja. Kurssi suoritetaan kandidaatinseminaarin yhteydess\u00e4. Kurssi koostuu videoista ja niihin liittyvist\u00e4 ennakkoteht\u00e4vist\u00e4, sek\u00e4 l\u00e4hiopetuskerrasta, jossa harjoittelemme oman alan tietokantojen k\u00e4ytt\u00f6\u00e4. Kurssin lopuksi tehd\u00e4\u00e4n itsen\u00e4inen lopputeht\u00e4v\u00e4 eli tiedonhakua omasta kandiseminaariaiheesta. Suorita kurssi n\u00e4in: 1. Katso videoluennot ja lue tekstimateriaalit ENNEN tietokantaharjoituskertaa. Tee videoiden yhteydess\u00e4 olevat ennakkoteht\u00e4v\u00e4t [&hellip;]<\/p>\n","protected":false},"author":129,"featured_media":0,"parent":0,"menu_order":0,"comment_status":"closed","ping_status":"closed","template":"","meta":{"_acf_changed":false,"footnotes":""},"class_list":["post-173","page","type-page","status-publish","hentry"],"acf":[],"yoast_head":"<!-- This site is optimized with the Yoast SEO plugin v27.1.1 - https:\/\/yoast.com\/product\/yoast-seo-wordpress\/ -->\n<title>Kurssiohje 2025 - Englannin kielen tiedonhaku<\/title>\n<meta name=\"robots\" content=\"index, follow, max-snippet:-1, max-image-preview:large, max-video-preview:-1\" \/>\n<link rel=\"canonical\" href=\"https:\/\/blogs.uef.fi\/tiedonhaku-englanti\/kurssiohje\/\" \/>\n<meta property=\"og:locale\" content=\"fi_FI\" \/>\n<meta property=\"og:type\" content=\"article\" \/>\n<meta property=\"og:title\" content=\"Kurssiohje 2025 - Englannin kielen tiedonhaku\" \/>\n<meta property=\"og:description\" content=\"Englannin kielen tiedonhaun kurssi (1 op) on osa It\u00e4-Suomen yliopiston opintoja. Kurssi suoritetaan kandidaatinseminaarin yhteydess\u00e4. Kurssi koostuu videoista ja niihin liittyvist\u00e4 ennakkoteht\u00e4vist\u00e4, sek\u00e4 l\u00e4hiopetuskerrasta, jossa harjoittelemme oman alan tietokantojen k\u00e4ytt\u00f6\u00e4. Kurssin lopuksi tehd\u00e4\u00e4n itsen\u00e4inen lopputeht\u00e4v\u00e4 eli tiedonhakua omasta kandiseminaariaiheesta. Suorita kurssi n\u00e4in: 1. Katso videoluennot ja lue tekstimateriaalit ENNEN tietokantaharjoituskertaa. Tee videoiden yhteydess\u00e4 olevat ennakkoteht\u00e4v\u00e4t [&hellip;]\" \/>\n<meta property=\"og:url\" content=\"https:\/\/blogs.uef.fi\/tiedonhaku-englanti\/kurssiohje\/\" \/>\n<meta property=\"og:site_name\" content=\"Englannin kielen tiedonhaku\" \/>\n<meta property=\"article:modified_time\" content=\"2025-11-19T10:30:07+00:00\" \/>\n<meta property=\"og:image\" content=\"https:\/\/blogs.uef.fi\/tiedonhaku-englanti\/wp-content\/uploads\/sites\/65\/2017\/08\/kurssin_suoritus.png\" \/>\n\t<meta property=\"og:image:width\" content=\"1175\" \/>\n\t<meta property=\"og:image:height\" content=\"348\" \/>\n\t<meta property=\"og:image:type\" content=\"image\/png\" \/>\n<meta name=\"twitter:card\" content=\"summary_large_image\" \/>\n<meta name=\"twitter:label1\" content=\"Arvioitu lukuaika\" \/>\n\t<meta name=\"twitter:data1\" content=\"5 minuuttia\" \/>\n<script type=\"application\/ld+json\" class=\"yoast-schema-graph\">{\"@context\":\"https:\/\/schema.org\",\"@graph\":[{\"@type\":\"WebPage\",\"@id\":\"https:\/\/blogs.uef.fi\/tiedonhaku-englanti\/kurssiohje\/\",\"url\":\"https:\/\/blogs.uef.fi\/tiedonhaku-englanti\/kurssiohje\/\",\"name\":\"Kurssiohje 2025 - Englannin kielen tiedonhaku\",\"isPartOf\":{\"@id\":\"https:\/\/blogs.uef.fi\/tiedonhaku-englanti\/#website\"},\"primaryImageOfPage\":{\"@id\":\"https:\/\/blogs.uef.fi\/tiedonhaku-englanti\/kurssiohje\/#primaryimage\"},\"image\":{\"@id\":\"https:\/\/blogs.uef.fi\/tiedonhaku-englanti\/kurssiohje\/#primaryimage\"},\"thumbnailUrl\":\"https:\/\/blogs.uef.fi\/tiedonhaku-englanti\/wp-content\/uploads\/sites\/65\/2017\/08\/kurssin_suoritus.png\",\"datePublished\":\"2017-08-29T10:23:15+00:00\",\"dateModified\":\"2025-11-19T10:30:07+00:00\",\"breadcrumb\":{\"@id\":\"https:\/\/blogs.uef.fi\/tiedonhaku-englanti\/kurssiohje\/#breadcrumb\"},\"inLanguage\":\"fi\",\"potentialAction\":[{\"@type\":\"ReadAction\",\"target\":[\"https:\/\/blogs.uef.fi\/tiedonhaku-englanti\/kurssiohje\/\"]}]},{\"@type\":\"ImageObject\",\"inLanguage\":\"fi\",\"@id\":\"https:\/\/blogs.uef.fi\/tiedonhaku-englanti\/kurssiohje\/#primaryimage\",\"url\":\"https:\/\/blogs.uef.fi\/tiedonhaku-englanti\/wp-content\/uploads\/sites\/65\/2017\/08\/kurssin_suoritus.png\",\"contentUrl\":\"https:\/\/blogs.uef.fi\/tiedonhaku-englanti\/wp-content\/uploads\/sites\/65\/2017\/08\/kurssin_suoritus.png\",\"width\":1175,\"height\":348},{\"@type\":\"BreadcrumbList\",\"@id\":\"https:\/\/blogs.uef.fi\/tiedonhaku-englanti\/kurssiohje\/#breadcrumb\",\"itemListElement\":[{\"@type\":\"ListItem\",\"position\":1,\"name\":\"Home\",\"item\":\"https:\/\/blogs.uef.fi\/tiedonhaku-englanti\/\"},{\"@type\":\"ListItem\",\"position\":2,\"name\":\"Kurssiohje 2025\"}]},{\"@type\":\"WebSite\",\"@id\":\"https:\/\/blogs.uef.fi\/tiedonhaku-englanti\/#website\",\"url\":\"https:\/\/blogs.uef.fi\/tiedonhaku-englanti\/\",\"name\":\"Englannin kielen tiedonhaku\",\"description\":\"\",\"potentialAction\":[{\"@type\":\"SearchAction\",\"target\":{\"@type\":\"EntryPoint\",\"urlTemplate\":\"https:\/\/blogs.uef.fi\/tiedonhaku-englanti\/?s={search_term_string}\"},\"query-input\":{\"@type\":\"PropertyValueSpecification\",\"valueRequired\":true,\"valueName\":\"search_term_string\"}}],\"inLanguage\":\"fi\"}]}<\/script>\n<!-- \/ Yoast SEO plugin. -->","yoast_head_json":{"title":"Kurssiohje 2025 - Englannin kielen tiedonhaku","robots":{"index":"index","follow":"follow","max-snippet":"max-snippet:-1","max-image-preview":"max-image-preview:large","max-video-preview":"max-video-preview:-1"},"canonical":"https:\/\/blogs.uef.fi\/tiedonhaku-englanti\/kurssiohje\/","og_locale":"fi_FI","og_type":"article","og_title":"Kurssiohje 2025 - Englannin kielen tiedonhaku","og_description":"Englannin kielen tiedonhaun kurssi (1 op) on osa It\u00e4-Suomen yliopiston opintoja. Kurssi suoritetaan kandidaatinseminaarin yhteydess\u00e4. Kurssi koostuu videoista ja niihin liittyvist\u00e4 ennakkoteht\u00e4vist\u00e4, sek\u00e4 l\u00e4hiopetuskerrasta, jossa harjoittelemme oman alan tietokantojen k\u00e4ytt\u00f6\u00e4. Kurssin lopuksi tehd\u00e4\u00e4n itsen\u00e4inen lopputeht\u00e4v\u00e4 eli tiedonhakua omasta kandiseminaariaiheesta. Suorita kurssi n\u00e4in: 1. Katso videoluennot ja lue tekstimateriaalit ENNEN tietokantaharjoituskertaa. Tee videoiden yhteydess\u00e4 olevat ennakkoteht\u00e4v\u00e4t [&hellip;]","og_url":"https:\/\/blogs.uef.fi\/tiedonhaku-englanti\/kurssiohje\/","og_site_name":"Englannin kielen tiedonhaku","article_modified_time":"2025-11-19T10:30:07+00:00","og_image":[{"width":1175,"height":348,"url":"https:\/\/blogs.uef.fi\/tiedonhaku-englanti\/wp-content\/uploads\/sites\/65\/2017\/08\/kurssin_suoritus.png","type":"image\/png"}],"twitter_card":"summary_large_image","twitter_misc":{"Arvioitu lukuaika":"5 minuuttia"},"schema":{"@context":"https:\/\/schema.org","@graph":[{"@type":"WebPage","@id":"https:\/\/blogs.uef.fi\/tiedonhaku-englanti\/kurssiohje\/","url":"https:\/\/blogs.uef.fi\/tiedonhaku-englanti\/kurssiohje\/","name":"Kurssiohje 2025 - Englannin kielen tiedonhaku","isPartOf":{"@id":"https:\/\/blogs.uef.fi\/tiedonhaku-englanti\/#website"},"primaryImageOfPage":{"@id":"https:\/\/blogs.uef.fi\/tiedonhaku-englanti\/kurssiohje\/#primaryimage"},"image":{"@id":"https:\/\/blogs.uef.fi\/tiedonhaku-englanti\/kurssiohje\/#primaryimage"},"thumbnailUrl":"https:\/\/blogs.uef.fi\/tiedonhaku-englanti\/wp-content\/uploads\/sites\/65\/2017\/08\/kurssin_suoritus.png","datePublished":"2017-08-29T10:23:15+00:00","dateModified":"2025-11-19T10:30:07+00:00","breadcrumb":{"@id":"https:\/\/blogs.uef.fi\/tiedonhaku-englanti\/kurssiohje\/#breadcrumb"},"inLanguage":"fi","potentialAction":[{"@type":"ReadAction","target":["https:\/\/blogs.uef.fi\/tiedonhaku-englanti\/kurssiohje\/"]}]},{"@type":"ImageObject","inLanguage":"fi","@id":"https:\/\/blogs.uef.fi\/tiedonhaku-englanti\/kurssiohje\/#primaryimage","url":"https:\/\/blogs.uef.fi\/tiedonhaku-englanti\/wp-content\/uploads\/sites\/65\/2017\/08\/kurssin_suoritus.png","contentUrl":"https:\/\/blogs.uef.fi\/tiedonhaku-englanti\/wp-content\/uploads\/sites\/65\/2017\/08\/kurssin_suoritus.png","width":1175,"height":348},{"@type":"BreadcrumbList","@id":"https:\/\/blogs.uef.fi\/tiedonhaku-englanti\/kurssiohje\/#breadcrumb","itemListElement":[{"@type":"ListItem","position":1,"name":"Home","item":"https:\/\/blogs.uef.fi\/tiedonhaku-englanti\/"},{"@type":"ListItem","position":2,"name":"Kurssiohje 2025"}]},{"@type":"WebSite","@id":"https:\/\/blogs.uef.fi\/tiedonhaku-englanti\/#website","url":"https:\/\/blogs.uef.fi\/tiedonhaku-englanti\/","name":"Englannin kielen tiedonhaku","description":"","potentialAction":[{"@type":"SearchAction","target":{"@type":"EntryPoint","urlTemplate":"https:\/\/blogs.uef.fi\/tiedonhaku-englanti\/?s={search_term_string}"},"query-input":{"@type":"PropertyValueSpecification","valueRequired":true,"valueName":"search_term_string"}}],"inLanguage":"fi"}]}},"_links":{"self":[{"href":"https:\/\/blogs.uef.fi\/tiedonhaku-englanti\/wp-json\/wp\/v2\/pages\/173","targetHints":{"allow":["GET"]}}],"collection":[{"href":"https:\/\/blogs.uef.fi\/tiedonhaku-englanti\/wp-json\/wp\/v2\/pages"}],"about":[{"href":"https:\/\/blogs.uef.fi\/tiedonhaku-englanti\/wp-json\/wp\/v2\/types\/page"}],"author":[{"embeddable":true,"href":"https:\/\/blogs.uef.fi\/tiedonhaku-englanti\/wp-json\/wp\/v2\/users\/129"}],"replies":[{"embeddable":true,"href":"https:\/\/blogs.uef.fi\/tiedonhaku-englanti\/wp-json\/wp\/v2\/comments?post=173"}],"version-history":[{"count":2,"href":"https:\/\/blogs.uef.fi\/tiedonhaku-englanti\/wp-json\/wp\/v2\/pages\/173\/revisions"}],"predecessor-version":[{"id":1934,"href":"https:\/\/blogs.uef.fi\/tiedonhaku-englanti\/wp-json\/wp\/v2\/pages\/173\/revisions\/1934"}],"wp:attachment":[{"href":"https:\/\/blogs.uef.fi\/tiedonhaku-englanti\/wp-json\/wp\/v2\/media?parent=173"}],"curies":[{"name":"wp","href":"https:\/\/api.w.org\/{rel}","templated":true}]}}