{"id":128,"date":"2017-06-20T11:36:48","date_gmt":"2017-06-20T11:36:48","guid":{"rendered":"https:\/\/englanninkielentiedonhaku.wordpress.com\/?page_id=128"},"modified":"2026-04-27T15:42:01","modified_gmt":"2026-04-27T12:42:01","slug":"4-2-hakusanojen-yhdistaminen-eli-boolen-opraattorit","status":"publish","type":"page","link":"https:\/\/blogs.uef.fi\/tiedonhaku-englanti\/4-osio-hakutekniikat\/4-2-hakusanojen-yhdistaminen-eli-boolen-opraattorit\/","title":{"rendered":"4.3. Hakusanojen yhdist\u00e4minen eli Boolen operaattorit"},"content":{"rendered":"\n<p>Tietokannat eiv\u00e4t yleens\u00e4 ymm\u00e4rr\u00e4 kokonaisia lauseita tai kysymyksi\u00e4 kuten Google, vaan niiss\u00e4 haku rakennetaan hakusanojen avulla. Hakusanat yhdistet\u00e4\u00e4n toisiinsa Boolen operaattoreilla. Boolen operaattoreita ovat AND, OR ja NOT. Boolen logiikkaa k\u00e4ytet\u00e4\u00e4n l\u00e4hes kaikissa tietokannoissa, joten<strong> sen osaaminen on yksi tiedonhaun perustaidoista<\/strong>. Ota siis hyv\u00e4 asento, keskittynyt mieli ja katso alla oleva video ajatuksella. Videolla kerron, miten AND, OR ja NOT toimivat. N\u00e4yt\u00e4n my\u00f6s, miten hakusanoja yhdistell\u00e4\u00e4n eri tietokannoissa k\u00e4yt\u00e4nn\u00f6ss\u00e4 (videon kesto 13min., CC BY-SA).<\/p>\n\n\n<div class=\"embed-container\">\n    <iframe loading=\"lazy\" title=\"Hakusanojen yhdist\u00e4minen eli Boolen logiikka\" width=\"640\" height=\"360\" src=\"https:\/\/www.youtube.com\/embed\/fzROYORKIVM?feature=oembed&#038;controls=1&#038;hd=1&#038;autohide=1\" frameborder=\"0\" allow=\"accelerometer; autoplay; clipboard-write; encrypted-media; gyroscope; picture-in-picture; web-share\" referrerpolicy=\"strict-origin-when-cross-origin\" allowfullscreen frameborder=\"0\"><\/iframe><\/div>\n\n\n<p><\/p>\n\n\n\n<p>Vinkki: Video kannattaa katsoa koko ruudun kokoisena. Jotta videon laatu pysyy hyv\u00e4n\u00e4, valitse videon oikesta alalaidasta rattaan kuva ja sielt\u00e4 \u201dlaatu \/ quality\u201d 720pHD tai 1080pHD. Jos haluat videoon tekstityksen, paina alavalikosta l\u00f6ytyv\u00e4\u00e4 CC-tekstitysnappia.<\/p>\n\n\n\n<p>P\u00e4ivitetty: 4\/2026<\/p>\n\n\n\n<p>Siirry osioon 5 <a href=\"https:\/\/blogs.uef.fi\/tiedonhaku-englanti\/5-tekoaly-ja-tieteellisen-tiedon-hakeminen\/\">Teko\u00e4ly ja tieteellisen tiedon hakeminen<\/a><\/p>\n\n\n\n<p><\/p>\n","protected":false},"excerpt":{"rendered":"<p>Tietokannat eiv\u00e4t yleens\u00e4 ymm\u00e4rr\u00e4 kokonaisia lauseita tai kysymyksi\u00e4 kuten Google, vaan niiss\u00e4 haku rakennetaan hakusanojen avulla. Hakusanat yhdistet\u00e4\u00e4n toisiinsa Boolen operaattoreilla. Boolen operaattoreita ovat AND, OR ja NOT. Boolen logiikkaa k\u00e4ytet\u00e4\u00e4n l\u00e4hes kaikissa tietokannoissa, joten sen osaaminen on yksi tiedonhaun perustaidoista. Ota siis hyv\u00e4 asento, keskittynyt mieli ja katso alla oleva video ajatuksella. Videolla kerron, [&hellip;]<\/p>\n","protected":false},"author":129,"featured_media":0,"parent":32,"menu_order":0,"comment_status":"closed","ping_status":"closed","template":"","meta":{"_acf_changed":false,"footnotes":""},"class_list":["post-128","page","type-page","status-publish","hentry"],"acf":[],"yoast_head":"<!-- This site is optimized with the Yoast SEO plugin v27.3 - https:\/\/yoast.com\/product\/yoast-seo-wordpress\/ -->\n<title>4.3. Hakusanojen yhdist\u00e4minen eli Boolen operaattorit - Englannin kielen tiedonhaku<\/title>\n<meta name=\"robots\" content=\"index, follow, max-snippet:-1, max-image-preview:large, max-video-preview:-1\" \/>\n<link rel=\"canonical\" href=\"https:\/\/blogs.uef.fi\/tiedonhaku-englanti\/4-osio-hakutekniikat\/4-2-hakusanojen-yhdistaminen-eli-boolen-opraattorit\/\" \/>\n<meta property=\"og:locale\" content=\"fi_FI\" \/>\n<meta property=\"og:type\" content=\"article\" \/>\n<meta property=\"og:title\" content=\"4.3. Hakusanojen yhdist\u00e4minen eli Boolen operaattorit - Englannin kielen tiedonhaku\" \/>\n<meta property=\"og:description\" content=\"Tietokannat eiv\u00e4t yleens\u00e4 ymm\u00e4rr\u00e4 kokonaisia lauseita tai kysymyksi\u00e4 kuten Google, vaan niiss\u00e4 haku rakennetaan hakusanojen avulla. Hakusanat yhdistet\u00e4\u00e4n toisiinsa Boolen operaattoreilla. Boolen operaattoreita ovat AND, OR ja NOT. Boolen logiikkaa k\u00e4ytet\u00e4\u00e4n l\u00e4hes kaikissa tietokannoissa, joten sen osaaminen on yksi tiedonhaun perustaidoista. Ota siis hyv\u00e4 asento, keskittynyt mieli ja katso alla oleva video ajatuksella. Videolla kerron, [&hellip;]\" \/>\n<meta property=\"og:url\" content=\"https:\/\/blogs.uef.fi\/tiedonhaku-englanti\/4-osio-hakutekniikat\/4-2-hakusanojen-yhdistaminen-eli-boolen-opraattorit\/\" \/>\n<meta property=\"og:site_name\" content=\"Englannin kielen tiedonhaku\" \/>\n<meta property=\"article:modified_time\" content=\"2026-04-27T12:42:01+00:00\" \/>\n<meta name=\"twitter:card\" content=\"summary_large_image\" \/>\n<meta name=\"twitter:label1\" content=\"Arvioitu lukuaika\" \/>\n\t<meta name=\"twitter:data1\" content=\"1 minuutti\" \/>\n<script type=\"application\/ld+json\" class=\"yoast-schema-graph\">{\"@context\":\"https:\\\/\\\/schema.org\",\"@graph\":[{\"@type\":\"WebPage\",\"@id\":\"https:\\\/\\\/blogs.uef.fi\\\/tiedonhaku-englanti\\\/4-osio-hakutekniikat\\\/4-2-hakusanojen-yhdistaminen-eli-boolen-opraattorit\\\/\",\"url\":\"https:\\\/\\\/blogs.uef.fi\\\/tiedonhaku-englanti\\\/4-osio-hakutekniikat\\\/4-2-hakusanojen-yhdistaminen-eli-boolen-opraattorit\\\/\",\"name\":\"4.3. Hakusanojen yhdist\u00e4minen eli Boolen operaattorit - Englannin kielen tiedonhaku\",\"isPartOf\":{\"@id\":\"https:\\\/\\\/blogs.uef.fi\\\/tiedonhaku-englanti\\\/#website\"},\"datePublished\":\"2017-06-20T11:36:48+00:00\",\"dateModified\":\"2026-04-27T12:42:01+00:00\",\"breadcrumb\":{\"@id\":\"https:\\\/\\\/blogs.uef.fi\\\/tiedonhaku-englanti\\\/4-osio-hakutekniikat\\\/4-2-hakusanojen-yhdistaminen-eli-boolen-opraattorit\\\/#breadcrumb\"},\"inLanguage\":\"fi\",\"potentialAction\":[{\"@type\":\"ReadAction\",\"target\":[\"https:\\\/\\\/blogs.uef.fi\\\/tiedonhaku-englanti\\\/4-osio-hakutekniikat\\\/4-2-hakusanojen-yhdistaminen-eli-boolen-opraattorit\\\/\"]}]},{\"@type\":\"BreadcrumbList\",\"@id\":\"https:\\\/\\\/blogs.uef.fi\\\/tiedonhaku-englanti\\\/4-osio-hakutekniikat\\\/4-2-hakusanojen-yhdistaminen-eli-boolen-opraattorit\\\/#breadcrumb\",\"itemListElement\":[{\"@type\":\"ListItem\",\"position\":1,\"name\":\"Home\",\"item\":\"https:\\\/\\\/blogs.uef.fi\\\/tiedonhaku-englanti\\\/\"},{\"@type\":\"ListItem\",\"position\":2,\"name\":\"4. Hakutekniikat\",\"item\":\"https:\\\/\\\/blogs.uef.fi\\\/tiedonhaku-englanti\\\/4-osio-hakutekniikat\\\/\"},{\"@type\":\"ListItem\",\"position\":3,\"name\":\"4.3. Hakusanojen yhdist\u00e4minen eli Boolen operaattorit\"}]},{\"@type\":\"WebSite\",\"@id\":\"https:\\\/\\\/blogs.uef.fi\\\/tiedonhaku-englanti\\\/#website\",\"url\":\"https:\\\/\\\/blogs.uef.fi\\\/tiedonhaku-englanti\\\/\",\"name\":\"Englannin kielen tiedonhaku\",\"description\":\"\",\"potentialAction\":[{\"@type\":\"SearchAction\",\"target\":{\"@type\":\"EntryPoint\",\"urlTemplate\":\"https:\\\/\\\/blogs.uef.fi\\\/tiedonhaku-englanti\\\/?s={search_term_string}\"},\"query-input\":{\"@type\":\"PropertyValueSpecification\",\"valueRequired\":true,\"valueName\":\"search_term_string\"}}],\"inLanguage\":\"fi\"}]}<\/script>\n<!-- \/ Yoast SEO plugin. -->","yoast_head_json":{"title":"4.3. Hakusanojen yhdist\u00e4minen eli Boolen operaattorit - Englannin kielen tiedonhaku","robots":{"index":"index","follow":"follow","max-snippet":"max-snippet:-1","max-image-preview":"max-image-preview:large","max-video-preview":"max-video-preview:-1"},"canonical":"https:\/\/blogs.uef.fi\/tiedonhaku-englanti\/4-osio-hakutekniikat\/4-2-hakusanojen-yhdistaminen-eli-boolen-opraattorit\/","og_locale":"fi_FI","og_type":"article","og_title":"4.3. Hakusanojen yhdist\u00e4minen eli Boolen operaattorit - Englannin kielen tiedonhaku","og_description":"Tietokannat eiv\u00e4t yleens\u00e4 ymm\u00e4rr\u00e4 kokonaisia lauseita tai kysymyksi\u00e4 kuten Google, vaan niiss\u00e4 haku rakennetaan hakusanojen avulla. Hakusanat yhdistet\u00e4\u00e4n toisiinsa Boolen operaattoreilla. Boolen operaattoreita ovat AND, OR ja NOT. Boolen logiikkaa k\u00e4ytet\u00e4\u00e4n l\u00e4hes kaikissa tietokannoissa, joten sen osaaminen on yksi tiedonhaun perustaidoista. Ota siis hyv\u00e4 asento, keskittynyt mieli ja katso alla oleva video ajatuksella. Videolla kerron, [&hellip;]","og_url":"https:\/\/blogs.uef.fi\/tiedonhaku-englanti\/4-osio-hakutekniikat\/4-2-hakusanojen-yhdistaminen-eli-boolen-opraattorit\/","og_site_name":"Englannin kielen tiedonhaku","article_modified_time":"2026-04-27T12:42:01+00:00","twitter_card":"summary_large_image","twitter_misc":{"Arvioitu lukuaika":"1 minuutti"},"schema":{"@context":"https:\/\/schema.org","@graph":[{"@type":"WebPage","@id":"https:\/\/blogs.uef.fi\/tiedonhaku-englanti\/4-osio-hakutekniikat\/4-2-hakusanojen-yhdistaminen-eli-boolen-opraattorit\/","url":"https:\/\/blogs.uef.fi\/tiedonhaku-englanti\/4-osio-hakutekniikat\/4-2-hakusanojen-yhdistaminen-eli-boolen-opraattorit\/","name":"4.3. Hakusanojen yhdist\u00e4minen eli Boolen operaattorit - Englannin kielen tiedonhaku","isPartOf":{"@id":"https:\/\/blogs.uef.fi\/tiedonhaku-englanti\/#website"},"datePublished":"2017-06-20T11:36:48+00:00","dateModified":"2026-04-27T12:42:01+00:00","breadcrumb":{"@id":"https:\/\/blogs.uef.fi\/tiedonhaku-englanti\/4-osio-hakutekniikat\/4-2-hakusanojen-yhdistaminen-eli-boolen-opraattorit\/#breadcrumb"},"inLanguage":"fi","potentialAction":[{"@type":"ReadAction","target":["https:\/\/blogs.uef.fi\/tiedonhaku-englanti\/4-osio-hakutekniikat\/4-2-hakusanojen-yhdistaminen-eli-boolen-opraattorit\/"]}]},{"@type":"BreadcrumbList","@id":"https:\/\/blogs.uef.fi\/tiedonhaku-englanti\/4-osio-hakutekniikat\/4-2-hakusanojen-yhdistaminen-eli-boolen-opraattorit\/#breadcrumb","itemListElement":[{"@type":"ListItem","position":1,"name":"Home","item":"https:\/\/blogs.uef.fi\/tiedonhaku-englanti\/"},{"@type":"ListItem","position":2,"name":"4. Hakutekniikat","item":"https:\/\/blogs.uef.fi\/tiedonhaku-englanti\/4-osio-hakutekniikat\/"},{"@type":"ListItem","position":3,"name":"4.3. Hakusanojen yhdist\u00e4minen eli Boolen operaattorit"}]},{"@type":"WebSite","@id":"https:\/\/blogs.uef.fi\/tiedonhaku-englanti\/#website","url":"https:\/\/blogs.uef.fi\/tiedonhaku-englanti\/","name":"Englannin kielen tiedonhaku","description":"","potentialAction":[{"@type":"SearchAction","target":{"@type":"EntryPoint","urlTemplate":"https:\/\/blogs.uef.fi\/tiedonhaku-englanti\/?s={search_term_string}"},"query-input":{"@type":"PropertyValueSpecification","valueRequired":true,"valueName":"search_term_string"}}],"inLanguage":"fi"}]}},"_links":{"self":[{"href":"https:\/\/blogs.uef.fi\/tiedonhaku-englanti\/wp-json\/wp\/v2\/pages\/128","targetHints":{"allow":["GET"]}}],"collection":[{"href":"https:\/\/blogs.uef.fi\/tiedonhaku-englanti\/wp-json\/wp\/v2\/pages"}],"about":[{"href":"https:\/\/blogs.uef.fi\/tiedonhaku-englanti\/wp-json\/wp\/v2\/types\/page"}],"author":[{"embeddable":true,"href":"https:\/\/blogs.uef.fi\/tiedonhaku-englanti\/wp-json\/wp\/v2\/users\/129"}],"replies":[{"embeddable":true,"href":"https:\/\/blogs.uef.fi\/tiedonhaku-englanti\/wp-json\/wp\/v2\/comments?post=128"}],"version-history":[{"count":2,"href":"https:\/\/blogs.uef.fi\/tiedonhaku-englanti\/wp-json\/wp\/v2\/pages\/128\/revisions"}],"predecessor-version":[{"id":1952,"href":"https:\/\/blogs.uef.fi\/tiedonhaku-englanti\/wp-json\/wp\/v2\/pages\/128\/revisions\/1952"}],"up":[{"embeddable":true,"href":"https:\/\/blogs.uef.fi\/tiedonhaku-englanti\/wp-json\/wp\/v2\/pages\/32"}],"wp:attachment":[{"href":"https:\/\/blogs.uef.fi\/tiedonhaku-englanti\/wp-json\/wp\/v2\/media?parent=128"}],"curies":[{"name":"wp","href":"https:\/\/api.w.org\/{rel}","templated":true}]}}