{"id":126,"date":"2017-06-20T11:36:45","date_gmt":"2017-06-20T11:36:45","guid":{"rendered":"https:\/\/englanninkielentiedonhaku.wordpress.com\/?page_id=126"},"modified":"2026-04-27T15:40:42","modified_gmt":"2026-04-27T12:40:42","slug":"4-1-sanankatkaisu-ja-fraasi","status":"publish","type":"page","link":"https:\/\/blogs.uef.fi\/tiedonhaku-englanti\/4-osio-hakutekniikat\/4-1-sanankatkaisu-ja-fraasi\/","title":{"rendered":"4.1. Sanankatkaisu"},"content":{"rendered":"\n<p>Sanankatkaisulla on usein suuri merkitys hakutulosten m\u00e4\u00e4r\u00e4\u00e4n. Se my\u00f6s s\u00e4\u00e4st\u00e4\u00e4 tiedonhakijan aikaa, kun sinun ei tarvitse mietti\u00e4 esim. sanojen taivutusmuotoja. My\u00f6s jokerimerkki voi olla hy\u00f6dyllinen. Katso video n\u00e4ist\u00e4 kahdesta hakutekniikasta (kesto 2:58, CC BY Royal Holloway Library).<\/p>\n\n\n<div class=\"embed-container\">\n    <iframe loading=\"lazy\" title=\"Search Techniques | Truncation and Wildcard searching\" width=\"640\" height=\"360\" src=\"https:\/\/www.youtube.com\/embed\/jYJkFfo5TBs?feature=oembed&#038;controls=1&#038;hd=1&#038;autohide=1\" frameborder=\"0\" allow=\"accelerometer; autoplay; clipboard-write; encrypted-media; gyroscope; picture-in-picture; web-share\" referrerpolicy=\"strict-origin-when-cross-origin\" allowfullscreen frameborder=\"0\"><\/iframe><\/div>\n\n\n<p>VINKKI: Videolla mainittua jokerimerkki\u00e4 (wildcard) tarvitaan eri kirjoitusasuja etsitt\u00e4ess\u00e4 aika harvoin. Useimmat englanninkieliset sanat, jotka voidaan kirjoittaa kahdella tavalla (esim. color \/ colour, organization \/ organisation, humor \/ humour) l\u00f6ytyv\u00e4t nyky\u00e4\u00e4n l\u00e4hes kaikista tietokannoista automaattisesti kirjoittamalla vain sanan toinen muoto.<\/p>\n\n\n\n<p>P\u00e4ivitetty: 4\/2026<\/p>\n\n\n\n<p>Siirry seuraavaan osioon <a href=\"https:\/\/blogs.uef.fi\/tiedonhaku-englanti\/4-2-fraasihaku\/\">4.2. Fraasihaku<\/a><\/p>\n\n\n\n<p><\/p>\n","protected":false},"excerpt":{"rendered":"<p>Sanankatkaisulla on usein suuri merkitys hakutulosten m\u00e4\u00e4r\u00e4\u00e4n. Se my\u00f6s s\u00e4\u00e4st\u00e4\u00e4 tiedonhakijan aikaa, kun sinun ei tarvitse mietti\u00e4 esim. sanojen taivutusmuotoja. My\u00f6s jokerimerkki voi olla hy\u00f6dyllinen. Katso video n\u00e4ist\u00e4 kahdesta hakutekniikasta (kesto 2:58, CC BY Royal Holloway Library). VINKKI: Videolla mainittua jokerimerkki\u00e4 (wildcard) tarvitaan eri kirjoitusasuja etsitt\u00e4ess\u00e4 aika harvoin. Useimmat englanninkieliset sanat, jotka voidaan kirjoittaa kahdella [&hellip;]<\/p>\n","protected":false},"author":129,"featured_media":0,"parent":32,"menu_order":0,"comment_status":"closed","ping_status":"closed","template":"","meta":{"_acf_changed":false,"footnotes":""},"class_list":["post-126","page","type-page","status-publish","hentry"],"acf":[],"yoast_head":"<!-- This site is optimized with the Yoast SEO plugin v27.3 - https:\/\/yoast.com\/product\/yoast-seo-wordpress\/ -->\n<title>4.1. Sanankatkaisu - Englannin kielen tiedonhaku<\/title>\n<meta name=\"robots\" content=\"index, follow, max-snippet:-1, max-image-preview:large, max-video-preview:-1\" \/>\n<link rel=\"canonical\" href=\"https:\/\/blogs.uef.fi\/tiedonhaku-englanti\/4-osio-hakutekniikat\/4-1-sanankatkaisu-ja-fraasi\/\" \/>\n<meta property=\"og:locale\" content=\"fi_FI\" \/>\n<meta property=\"og:type\" content=\"article\" \/>\n<meta property=\"og:title\" content=\"4.1. Sanankatkaisu - Englannin kielen tiedonhaku\" \/>\n<meta property=\"og:description\" content=\"Sanankatkaisulla on usein suuri merkitys hakutulosten m\u00e4\u00e4r\u00e4\u00e4n. Se my\u00f6s s\u00e4\u00e4st\u00e4\u00e4 tiedonhakijan aikaa, kun sinun ei tarvitse mietti\u00e4 esim. sanojen taivutusmuotoja. My\u00f6s jokerimerkki voi olla hy\u00f6dyllinen. Katso video n\u00e4ist\u00e4 kahdesta hakutekniikasta (kesto 2:58, CC BY Royal Holloway Library). VINKKI: Videolla mainittua jokerimerkki\u00e4 (wildcard) tarvitaan eri kirjoitusasuja etsitt\u00e4ess\u00e4 aika harvoin. Useimmat englanninkieliset sanat, jotka voidaan kirjoittaa kahdella [&hellip;]\" \/>\n<meta property=\"og:url\" content=\"https:\/\/blogs.uef.fi\/tiedonhaku-englanti\/4-osio-hakutekniikat\/4-1-sanankatkaisu-ja-fraasi\/\" \/>\n<meta property=\"og:site_name\" content=\"Englannin kielen tiedonhaku\" \/>\n<meta property=\"article:modified_time\" content=\"2026-04-27T12:40:42+00:00\" \/>\n<meta name=\"twitter:card\" content=\"summary_large_image\" \/>\n<meta name=\"twitter:label1\" content=\"Arvioitu lukuaika\" \/>\n\t<meta name=\"twitter:data1\" content=\"1 minuutti\" \/>\n<script type=\"application\/ld+json\" class=\"yoast-schema-graph\">{\"@context\":\"https:\\\/\\\/schema.org\",\"@graph\":[{\"@type\":\"WebPage\",\"@id\":\"https:\\\/\\\/blogs.uef.fi\\\/tiedonhaku-englanti\\\/4-osio-hakutekniikat\\\/4-1-sanankatkaisu-ja-fraasi\\\/\",\"url\":\"https:\\\/\\\/blogs.uef.fi\\\/tiedonhaku-englanti\\\/4-osio-hakutekniikat\\\/4-1-sanankatkaisu-ja-fraasi\\\/\",\"name\":\"4.1. Sanankatkaisu - Englannin kielen tiedonhaku\",\"isPartOf\":{\"@id\":\"https:\\\/\\\/blogs.uef.fi\\\/tiedonhaku-englanti\\\/#website\"},\"datePublished\":\"2017-06-20T11:36:45+00:00\",\"dateModified\":\"2026-04-27T12:40:42+00:00\",\"breadcrumb\":{\"@id\":\"https:\\\/\\\/blogs.uef.fi\\\/tiedonhaku-englanti\\\/4-osio-hakutekniikat\\\/4-1-sanankatkaisu-ja-fraasi\\\/#breadcrumb\"},\"inLanguage\":\"fi\",\"potentialAction\":[{\"@type\":\"ReadAction\",\"target\":[\"https:\\\/\\\/blogs.uef.fi\\\/tiedonhaku-englanti\\\/4-osio-hakutekniikat\\\/4-1-sanankatkaisu-ja-fraasi\\\/\"]}]},{\"@type\":\"BreadcrumbList\",\"@id\":\"https:\\\/\\\/blogs.uef.fi\\\/tiedonhaku-englanti\\\/4-osio-hakutekniikat\\\/4-1-sanankatkaisu-ja-fraasi\\\/#breadcrumb\",\"itemListElement\":[{\"@type\":\"ListItem\",\"position\":1,\"name\":\"Home\",\"item\":\"https:\\\/\\\/blogs.uef.fi\\\/tiedonhaku-englanti\\\/\"},{\"@type\":\"ListItem\",\"position\":2,\"name\":\"4. Hakutekniikat\",\"item\":\"https:\\\/\\\/blogs.uef.fi\\\/tiedonhaku-englanti\\\/4-osio-hakutekniikat\\\/\"},{\"@type\":\"ListItem\",\"position\":3,\"name\":\"4.1. Sanankatkaisu\"}]},{\"@type\":\"WebSite\",\"@id\":\"https:\\\/\\\/blogs.uef.fi\\\/tiedonhaku-englanti\\\/#website\",\"url\":\"https:\\\/\\\/blogs.uef.fi\\\/tiedonhaku-englanti\\\/\",\"name\":\"Englannin kielen tiedonhaku\",\"description\":\"\",\"potentialAction\":[{\"@type\":\"SearchAction\",\"target\":{\"@type\":\"EntryPoint\",\"urlTemplate\":\"https:\\\/\\\/blogs.uef.fi\\\/tiedonhaku-englanti\\\/?s={search_term_string}\"},\"query-input\":{\"@type\":\"PropertyValueSpecification\",\"valueRequired\":true,\"valueName\":\"search_term_string\"}}],\"inLanguage\":\"fi\"}]}<\/script>\n<!-- \/ Yoast SEO plugin. -->","yoast_head_json":{"title":"4.1. Sanankatkaisu - Englannin kielen tiedonhaku","robots":{"index":"index","follow":"follow","max-snippet":"max-snippet:-1","max-image-preview":"max-image-preview:large","max-video-preview":"max-video-preview:-1"},"canonical":"https:\/\/blogs.uef.fi\/tiedonhaku-englanti\/4-osio-hakutekniikat\/4-1-sanankatkaisu-ja-fraasi\/","og_locale":"fi_FI","og_type":"article","og_title":"4.1. Sanankatkaisu - Englannin kielen tiedonhaku","og_description":"Sanankatkaisulla on usein suuri merkitys hakutulosten m\u00e4\u00e4r\u00e4\u00e4n. Se my\u00f6s s\u00e4\u00e4st\u00e4\u00e4 tiedonhakijan aikaa, kun sinun ei tarvitse mietti\u00e4 esim. sanojen taivutusmuotoja. My\u00f6s jokerimerkki voi olla hy\u00f6dyllinen. Katso video n\u00e4ist\u00e4 kahdesta hakutekniikasta (kesto 2:58, CC BY Royal Holloway Library). VINKKI: Videolla mainittua jokerimerkki\u00e4 (wildcard) tarvitaan eri kirjoitusasuja etsitt\u00e4ess\u00e4 aika harvoin. Useimmat englanninkieliset sanat, jotka voidaan kirjoittaa kahdella [&hellip;]","og_url":"https:\/\/blogs.uef.fi\/tiedonhaku-englanti\/4-osio-hakutekniikat\/4-1-sanankatkaisu-ja-fraasi\/","og_site_name":"Englannin kielen tiedonhaku","article_modified_time":"2026-04-27T12:40:42+00:00","twitter_card":"summary_large_image","twitter_misc":{"Arvioitu lukuaika":"1 minuutti"},"schema":{"@context":"https:\/\/schema.org","@graph":[{"@type":"WebPage","@id":"https:\/\/blogs.uef.fi\/tiedonhaku-englanti\/4-osio-hakutekniikat\/4-1-sanankatkaisu-ja-fraasi\/","url":"https:\/\/blogs.uef.fi\/tiedonhaku-englanti\/4-osio-hakutekniikat\/4-1-sanankatkaisu-ja-fraasi\/","name":"4.1. Sanankatkaisu - Englannin kielen tiedonhaku","isPartOf":{"@id":"https:\/\/blogs.uef.fi\/tiedonhaku-englanti\/#website"},"datePublished":"2017-06-20T11:36:45+00:00","dateModified":"2026-04-27T12:40:42+00:00","breadcrumb":{"@id":"https:\/\/blogs.uef.fi\/tiedonhaku-englanti\/4-osio-hakutekniikat\/4-1-sanankatkaisu-ja-fraasi\/#breadcrumb"},"inLanguage":"fi","potentialAction":[{"@type":"ReadAction","target":["https:\/\/blogs.uef.fi\/tiedonhaku-englanti\/4-osio-hakutekniikat\/4-1-sanankatkaisu-ja-fraasi\/"]}]},{"@type":"BreadcrumbList","@id":"https:\/\/blogs.uef.fi\/tiedonhaku-englanti\/4-osio-hakutekniikat\/4-1-sanankatkaisu-ja-fraasi\/#breadcrumb","itemListElement":[{"@type":"ListItem","position":1,"name":"Home","item":"https:\/\/blogs.uef.fi\/tiedonhaku-englanti\/"},{"@type":"ListItem","position":2,"name":"4. Hakutekniikat","item":"https:\/\/blogs.uef.fi\/tiedonhaku-englanti\/4-osio-hakutekniikat\/"},{"@type":"ListItem","position":3,"name":"4.1. Sanankatkaisu"}]},{"@type":"WebSite","@id":"https:\/\/blogs.uef.fi\/tiedonhaku-englanti\/#website","url":"https:\/\/blogs.uef.fi\/tiedonhaku-englanti\/","name":"Englannin kielen tiedonhaku","description":"","potentialAction":[{"@type":"SearchAction","target":{"@type":"EntryPoint","urlTemplate":"https:\/\/blogs.uef.fi\/tiedonhaku-englanti\/?s={search_term_string}"},"query-input":{"@type":"PropertyValueSpecification","valueRequired":true,"valueName":"search_term_string"}}],"inLanguage":"fi"}]}},"_links":{"self":[{"href":"https:\/\/blogs.uef.fi\/tiedonhaku-englanti\/wp-json\/wp\/v2\/pages\/126","targetHints":{"allow":["GET"]}}],"collection":[{"href":"https:\/\/blogs.uef.fi\/tiedonhaku-englanti\/wp-json\/wp\/v2\/pages"}],"about":[{"href":"https:\/\/blogs.uef.fi\/tiedonhaku-englanti\/wp-json\/wp\/v2\/types\/page"}],"author":[{"embeddable":true,"href":"https:\/\/blogs.uef.fi\/tiedonhaku-englanti\/wp-json\/wp\/v2\/users\/129"}],"replies":[{"embeddable":true,"href":"https:\/\/blogs.uef.fi\/tiedonhaku-englanti\/wp-json\/wp\/v2\/comments?post=126"}],"version-history":[{"count":2,"href":"https:\/\/blogs.uef.fi\/tiedonhaku-englanti\/wp-json\/wp\/v2\/pages\/126\/revisions"}],"predecessor-version":[{"id":1950,"href":"https:\/\/blogs.uef.fi\/tiedonhaku-englanti\/wp-json\/wp\/v2\/pages\/126\/revisions\/1950"}],"up":[{"embeddable":true,"href":"https:\/\/blogs.uef.fi\/tiedonhaku-englanti\/wp-json\/wp\/v2\/pages\/32"}],"wp:attachment":[{"href":"https:\/\/blogs.uef.fi\/tiedonhaku-englanti\/wp-json\/wp\/v2\/media?parent=126"}],"curies":[{"name":"wp","href":"https:\/\/api.w.org\/{rel}","templated":true}]}}