{"id":115,"date":"2017-06-15T09:46:12","date_gmt":"2017-06-15T09:46:12","guid":{"rendered":"https:\/\/englanninkielentiedonhaku.wordpress.com\/?page_id=115"},"modified":"2026-04-27T15:36:59","modified_gmt":"2026-04-27T12:36:59","slug":"3-1-sanahaku-vai-asiasanahaku","status":"publish","type":"page","link":"https:\/\/blogs.uef.fi\/tiedonhaku-englanti\/3-osio-oma-tutkimusaihe-hakusanoiksi\/3-1-sanahaku-vai-asiasanahaku\/","title":{"rendered":"3.2. Sanahaku vai asiasanahaku?"},"content":{"rendered":"\n<p>Sanahaku (eli &#8221;kaikki kent\u00e4t&#8221; \/ &#8221;All fields&#8221; \/ &#8221;Anywhere in the record&#8221;) on yleens\u00e4 tietokantojen oletushakuna. Sanahaku tarkoittaa sit\u00e4, ett\u00e4 antamaasi hakusanaa etsit\u00e4\u00e4n niin kutsutun tietueen kaikista kentist\u00e4: tekij\u00e4st\u00e4, nimekkeest\u00e4, tiivistelm\u00e4st\u00e4, asiasanoista jne. Sanahaku onkin kaikkein laajin haku. Mit\u00e4 sitten ovat asiasanat, ja miten asiasanahaku eroaa sanahausta? Katso oheinen video (kesto 2:12, CC BY Portland State University Library).<\/p>\n\n\n<div class=\"embed-container\">\n    <iframe loading=\"lazy\" title=\"From Keywords to Subjects\" width=\"640\" height=\"360\" src=\"https:\/\/www.youtube.com\/embed\/DtGE0sYNMw8?feature=oembed&#038;controls=1&#038;hd=1&#038;autohide=1\" frameborder=\"0\" allow=\"accelerometer; autoplay; clipboard-write; encrypted-media; gyroscope; picture-in-picture; web-share\" referrerpolicy=\"strict-origin-when-cross-origin\" allowfullscreen frameborder=\"0\"><\/iframe><\/div>\n\n\n<p>HYV\u00c4 TIET\u00c4\u00c4: <\/p>\n\n\n\n<p>Kotimaisissa kirjastotietokannoissa (esim. UEF-Primon haussa kirjaston kokoelmista sek\u00e4 kansallisessa Finnassa) k\u00e4ytet\u00e4\u00e4n asiasanastoa nimelt\u00e4 <a href=\"https:\/\/finto.fi\/yso\/fi\/\" target=\"_blank\" rel=\"noreferrer noopener\">Yleinen Suomalainen Ontologia eli YSO<\/a> (linkki avautuu uuteen v\u00e4lilehteen). YSO on hy\u00f6dyllinen paikka my\u00f6s omia hakusanoja miettiess\u00e4; my\u00f6s niit\u00e4 englanninkielisi\u00e4, sill\u00e4 se toimii suomeksi, ruotsiksi ja englanniksi. My\u00f6s suurimmat kansainv\u00e4liset artikkelitietokannat sis\u00e4lt\u00e4v\u00e4t omat asiasanastonsa (Thesaurus \/ Subject Terms), jotka l\u00f6ytyv\u00e4t tietokantojen sis\u00e4lt\u00e4. Englanniksi asiasanoilla on monta eri nime\u00e4; niit\u00e4 voidaan kutsua esim. nimell\u00e4 descriptors, thesaurus terms, identifiers, index terms tai subjects. Suomeksi niit\u00e4 kutsutaan joko asiasanoiksi tai aiheiksi.<\/p>\n\n\n\n<p>P\u00e4ivitetty: 4\/2026<\/p>\n\n\n\n<p>Siirry seuraavaan osioon <a href=\"https:\/\/blogs.uef.fi\/tiedonhaku-englanti\/4-osio-hakutekniikat\/\">4. Hakutekniikat<\/a><\/p>\n\n\n<div>&nbsp;<\/div>\n<div>&nbsp;<\/div>\n<div>&nbsp;<\/div>\n<div>&nbsp;<\/div>\n<div>&nbsp;<\/div>\n<div>&nbsp;<\/div>","protected":false},"excerpt":{"rendered":"<p>Sanahaku (eli &#8221;kaikki kent\u00e4t&#8221; \/ &#8221;All fields&#8221; \/ &#8221;Anywhere in the record&#8221;) on yleens\u00e4 tietokantojen oletushakuna. Sanahaku tarkoittaa sit\u00e4, ett\u00e4 antamaasi hakusanaa etsit\u00e4\u00e4n niin kutsutun tietueen kaikista kentist\u00e4: tekij\u00e4st\u00e4, nimekkeest\u00e4, tiivistelm\u00e4st\u00e4, asiasanoista jne. Sanahaku onkin kaikkein laajin haku. Mit\u00e4 sitten ovat asiasanat, ja miten asiasanahaku eroaa sanahausta? Katso oheinen video (kesto 2:12, CC BY Portland [&hellip;]<\/p>\n","protected":false},"author":129,"featured_media":0,"parent":31,"menu_order":0,"comment_status":"closed","ping_status":"closed","template":"","meta":{"_acf_changed":false,"footnotes":""},"class_list":["post-115","page","type-page","status-publish","hentry"],"acf":[],"yoast_head":"<!-- This site is optimized with the Yoast SEO plugin v27.3 - https:\/\/yoast.com\/product\/yoast-seo-wordpress\/ -->\n<title>3.2. Sanahaku vai asiasanahaku? - Englannin kielen tiedonhaku<\/title>\n<meta name=\"robots\" content=\"index, follow, max-snippet:-1, max-image-preview:large, max-video-preview:-1\" \/>\n<link rel=\"canonical\" href=\"https:\/\/blogs.uef.fi\/tiedonhaku-englanti\/3-osio-oma-tutkimusaihe-hakusanoiksi\/3-1-sanahaku-vai-asiasanahaku\/\" \/>\n<meta property=\"og:locale\" content=\"fi_FI\" \/>\n<meta property=\"og:type\" content=\"article\" \/>\n<meta property=\"og:title\" content=\"3.2. Sanahaku vai asiasanahaku? - Englannin kielen tiedonhaku\" \/>\n<meta property=\"og:description\" content=\"Sanahaku (eli &#8221;kaikki kent\u00e4t&#8221; \/ &#8221;All fields&#8221; \/ &#8221;Anywhere in the record&#8221;) on yleens\u00e4 tietokantojen oletushakuna. Sanahaku tarkoittaa sit\u00e4, ett\u00e4 antamaasi hakusanaa etsit\u00e4\u00e4n niin kutsutun tietueen kaikista kentist\u00e4: tekij\u00e4st\u00e4, nimekkeest\u00e4, tiivistelm\u00e4st\u00e4, asiasanoista jne. Sanahaku onkin kaikkein laajin haku. Mit\u00e4 sitten ovat asiasanat, ja miten asiasanahaku eroaa sanahausta? Katso oheinen video (kesto 2:12, CC BY Portland [&hellip;]\" \/>\n<meta property=\"og:url\" content=\"https:\/\/blogs.uef.fi\/tiedonhaku-englanti\/3-osio-oma-tutkimusaihe-hakusanoiksi\/3-1-sanahaku-vai-asiasanahaku\/\" \/>\n<meta property=\"og:site_name\" content=\"Englannin kielen tiedonhaku\" \/>\n<meta property=\"article:modified_time\" content=\"2026-04-27T12:36:59+00:00\" \/>\n<meta name=\"twitter:card\" content=\"summary_large_image\" \/>\n<meta name=\"twitter:label1\" content=\"Arvioitu lukuaika\" \/>\n\t<meta name=\"twitter:data1\" content=\"1 minuutti\" \/>\n<script type=\"application\/ld+json\" class=\"yoast-schema-graph\">{\"@context\":\"https:\\\/\\\/schema.org\",\"@graph\":[{\"@type\":\"WebPage\",\"@id\":\"https:\\\/\\\/blogs.uef.fi\\\/tiedonhaku-englanti\\\/3-osio-oma-tutkimusaihe-hakusanoiksi\\\/3-1-sanahaku-vai-asiasanahaku\\\/\",\"url\":\"https:\\\/\\\/blogs.uef.fi\\\/tiedonhaku-englanti\\\/3-osio-oma-tutkimusaihe-hakusanoiksi\\\/3-1-sanahaku-vai-asiasanahaku\\\/\",\"name\":\"3.2. Sanahaku vai asiasanahaku? - Englannin kielen tiedonhaku\",\"isPartOf\":{\"@id\":\"https:\\\/\\\/blogs.uef.fi\\\/tiedonhaku-englanti\\\/#website\"},\"datePublished\":\"2017-06-15T09:46:12+00:00\",\"dateModified\":\"2026-04-27T12:36:59+00:00\",\"breadcrumb\":{\"@id\":\"https:\\\/\\\/blogs.uef.fi\\\/tiedonhaku-englanti\\\/3-osio-oma-tutkimusaihe-hakusanoiksi\\\/3-1-sanahaku-vai-asiasanahaku\\\/#breadcrumb\"},\"inLanguage\":\"fi\",\"potentialAction\":[{\"@type\":\"ReadAction\",\"target\":[\"https:\\\/\\\/blogs.uef.fi\\\/tiedonhaku-englanti\\\/3-osio-oma-tutkimusaihe-hakusanoiksi\\\/3-1-sanahaku-vai-asiasanahaku\\\/\"]}]},{\"@type\":\"BreadcrumbList\",\"@id\":\"https:\\\/\\\/blogs.uef.fi\\\/tiedonhaku-englanti\\\/3-osio-oma-tutkimusaihe-hakusanoiksi\\\/3-1-sanahaku-vai-asiasanahaku\\\/#breadcrumb\",\"itemListElement\":[{\"@type\":\"ListItem\",\"position\":1,\"name\":\"Home\",\"item\":\"https:\\\/\\\/blogs.uef.fi\\\/tiedonhaku-englanti\\\/\"},{\"@type\":\"ListItem\",\"position\":2,\"name\":\"3. Hakusanat\",\"item\":\"https:\\\/\\\/blogs.uef.fi\\\/tiedonhaku-englanti\\\/3-osio-oma-tutkimusaihe-hakusanoiksi\\\/\"},{\"@type\":\"ListItem\",\"position\":3,\"name\":\"3.2. Sanahaku vai asiasanahaku?\"}]},{\"@type\":\"WebSite\",\"@id\":\"https:\\\/\\\/blogs.uef.fi\\\/tiedonhaku-englanti\\\/#website\",\"url\":\"https:\\\/\\\/blogs.uef.fi\\\/tiedonhaku-englanti\\\/\",\"name\":\"Englannin kielen tiedonhaku\",\"description\":\"\",\"potentialAction\":[{\"@type\":\"SearchAction\",\"target\":{\"@type\":\"EntryPoint\",\"urlTemplate\":\"https:\\\/\\\/blogs.uef.fi\\\/tiedonhaku-englanti\\\/?s={search_term_string}\"},\"query-input\":{\"@type\":\"PropertyValueSpecification\",\"valueRequired\":true,\"valueName\":\"search_term_string\"}}],\"inLanguage\":\"fi\"}]}<\/script>\n<!-- \/ Yoast SEO plugin. -->","yoast_head_json":{"title":"3.2. Sanahaku vai asiasanahaku? - Englannin kielen tiedonhaku","robots":{"index":"index","follow":"follow","max-snippet":"max-snippet:-1","max-image-preview":"max-image-preview:large","max-video-preview":"max-video-preview:-1"},"canonical":"https:\/\/blogs.uef.fi\/tiedonhaku-englanti\/3-osio-oma-tutkimusaihe-hakusanoiksi\/3-1-sanahaku-vai-asiasanahaku\/","og_locale":"fi_FI","og_type":"article","og_title":"3.2. Sanahaku vai asiasanahaku? - Englannin kielen tiedonhaku","og_description":"Sanahaku (eli &#8221;kaikki kent\u00e4t&#8221; \/ &#8221;All fields&#8221; \/ &#8221;Anywhere in the record&#8221;) on yleens\u00e4 tietokantojen oletushakuna. Sanahaku tarkoittaa sit\u00e4, ett\u00e4 antamaasi hakusanaa etsit\u00e4\u00e4n niin kutsutun tietueen kaikista kentist\u00e4: tekij\u00e4st\u00e4, nimekkeest\u00e4, tiivistelm\u00e4st\u00e4, asiasanoista jne. Sanahaku onkin kaikkein laajin haku. Mit\u00e4 sitten ovat asiasanat, ja miten asiasanahaku eroaa sanahausta? Katso oheinen video (kesto 2:12, CC BY Portland [&hellip;]","og_url":"https:\/\/blogs.uef.fi\/tiedonhaku-englanti\/3-osio-oma-tutkimusaihe-hakusanoiksi\/3-1-sanahaku-vai-asiasanahaku\/","og_site_name":"Englannin kielen tiedonhaku","article_modified_time":"2026-04-27T12:36:59+00:00","twitter_card":"summary_large_image","twitter_misc":{"Arvioitu lukuaika":"1 minuutti"},"schema":{"@context":"https:\/\/schema.org","@graph":[{"@type":"WebPage","@id":"https:\/\/blogs.uef.fi\/tiedonhaku-englanti\/3-osio-oma-tutkimusaihe-hakusanoiksi\/3-1-sanahaku-vai-asiasanahaku\/","url":"https:\/\/blogs.uef.fi\/tiedonhaku-englanti\/3-osio-oma-tutkimusaihe-hakusanoiksi\/3-1-sanahaku-vai-asiasanahaku\/","name":"3.2. Sanahaku vai asiasanahaku? - Englannin kielen tiedonhaku","isPartOf":{"@id":"https:\/\/blogs.uef.fi\/tiedonhaku-englanti\/#website"},"datePublished":"2017-06-15T09:46:12+00:00","dateModified":"2026-04-27T12:36:59+00:00","breadcrumb":{"@id":"https:\/\/blogs.uef.fi\/tiedonhaku-englanti\/3-osio-oma-tutkimusaihe-hakusanoiksi\/3-1-sanahaku-vai-asiasanahaku\/#breadcrumb"},"inLanguage":"fi","potentialAction":[{"@type":"ReadAction","target":["https:\/\/blogs.uef.fi\/tiedonhaku-englanti\/3-osio-oma-tutkimusaihe-hakusanoiksi\/3-1-sanahaku-vai-asiasanahaku\/"]}]},{"@type":"BreadcrumbList","@id":"https:\/\/blogs.uef.fi\/tiedonhaku-englanti\/3-osio-oma-tutkimusaihe-hakusanoiksi\/3-1-sanahaku-vai-asiasanahaku\/#breadcrumb","itemListElement":[{"@type":"ListItem","position":1,"name":"Home","item":"https:\/\/blogs.uef.fi\/tiedonhaku-englanti\/"},{"@type":"ListItem","position":2,"name":"3. Hakusanat","item":"https:\/\/blogs.uef.fi\/tiedonhaku-englanti\/3-osio-oma-tutkimusaihe-hakusanoiksi\/"},{"@type":"ListItem","position":3,"name":"3.2. Sanahaku vai asiasanahaku?"}]},{"@type":"WebSite","@id":"https:\/\/blogs.uef.fi\/tiedonhaku-englanti\/#website","url":"https:\/\/blogs.uef.fi\/tiedonhaku-englanti\/","name":"Englannin kielen tiedonhaku","description":"","potentialAction":[{"@type":"SearchAction","target":{"@type":"EntryPoint","urlTemplate":"https:\/\/blogs.uef.fi\/tiedonhaku-englanti\/?s={search_term_string}"},"query-input":{"@type":"PropertyValueSpecification","valueRequired":true,"valueName":"search_term_string"}}],"inLanguage":"fi"}]}},"_links":{"self":[{"href":"https:\/\/blogs.uef.fi\/tiedonhaku-englanti\/wp-json\/wp\/v2\/pages\/115","targetHints":{"allow":["GET"]}}],"collection":[{"href":"https:\/\/blogs.uef.fi\/tiedonhaku-englanti\/wp-json\/wp\/v2\/pages"}],"about":[{"href":"https:\/\/blogs.uef.fi\/tiedonhaku-englanti\/wp-json\/wp\/v2\/types\/page"}],"author":[{"embeddable":true,"href":"https:\/\/blogs.uef.fi\/tiedonhaku-englanti\/wp-json\/wp\/v2\/users\/129"}],"replies":[{"embeddable":true,"href":"https:\/\/blogs.uef.fi\/tiedonhaku-englanti\/wp-json\/wp\/v2\/comments?post=115"}],"version-history":[{"count":2,"href":"https:\/\/blogs.uef.fi\/tiedonhaku-englanti\/wp-json\/wp\/v2\/pages\/115\/revisions"}],"predecessor-version":[{"id":1948,"href":"https:\/\/blogs.uef.fi\/tiedonhaku-englanti\/wp-json\/wp\/v2\/pages\/115\/revisions\/1948"}],"up":[{"embeddable":true,"href":"https:\/\/blogs.uef.fi\/tiedonhaku-englanti\/wp-json\/wp\/v2\/pages\/31"}],"wp:attachment":[{"href":"https:\/\/blogs.uef.fi\/tiedonhaku-englanti\/wp-json\/wp\/v2\/media?parent=115"}],"curies":[{"name":"wp","href":"https:\/\/api.w.org\/{rel}","templated":true}]}}