{"id":79,"date":"2017-06-13T08:06:17","date_gmt":"2017-06-13T08:06:17","guid":{"rendered":"https:\/\/biotiedonhaku.wordpress.com\/?page_id=79"},"modified":"2023-10-11T20:49:31","modified_gmt":"2023-10-11T17:49:31","slug":"hakutekniikka","status":"publish","type":"page","link":"https:\/\/blogs.uef.fi\/tiedonhaku-biologia\/hakutekniikka\/","title":{"rendered":"2. Hakutekniikka"},"content":{"rendered":"\n<p><a href=\"https:\/\/blogs.uef.fi\/tiedonhaku-biologia\/hakutekniikka\/aihe-ja-kasitteet\/\">2.1 Tiedonhaun aihe ja k\u00e4sitteet<\/a><\/p>\n\n\n\n<p><a href=\"https:\/\/blogs.uef.fi\/tiedonhaku-biologia\/hakutekniikka\/hakusanat\/\">2.1 Hakusanat<\/a><\/p>\n\n\n\n<p><a href=\"https:\/\/blogs.uef.fi\/tiedonhaku-biologia\/hakutekniikka\/asiasanahaku\/\">2.3 Asiasanahaku<\/a><\/p>\n\n\n\n<p><a href=\"https:\/\/blogs.uef.fi\/tiedonhaku-biologia\/hakutekniikka\/2-3-sanankatkaisu-ja-sanaliitot\/\">2.4 Sanakatkaisu, korvausmerkit ja sanaliitot<\/a><\/p>\n\n\n\n<p><a href=\"https:\/\/blogs.uef.fi\/tiedonhaku-biologia\/hakutekniikka\/hakulausekkeet\/\">2.5 Hakusanoista hakulausekkeiksi<\/a><\/p>\n\n\n\n<p><a href=\"https:\/\/blogs.uef.fi\/tiedonhaku-biologia\/hakutekniikka\/hakutapoja\/\">2.6 Erilaisia hakutapoja<\/a><\/p>\n\n\n\n<p><a href=\"https:\/\/blogs.uef.fi\/tiedonhaku-biologia\/hakutekniikka\/onnistuiko-haku\/\">2.7 Onnistuiko tiedonhaku?<\/a><\/p>\n","protected":false},"excerpt":{"rendered":"<p>2.1 Tiedonhaun aihe ja k\u00e4sitteet 2.1 Hakusanat 2.3 Asiasanahaku 2.4 Sanakatkaisu, korvausmerkit ja sanaliitot 2.5 Hakusanoista hakulausekkeiksi 2.6 Erilaisia hakutapoja 2.7 Onnistuiko tiedonhaku?<\/p>\n","protected":false},"author":190,"featured_media":0,"parent":0,"menu_order":0,"comment_status":"closed","ping_status":"closed","template":"","meta":{"_acf_changed":false,"footnotes":""},"class_list":["post-79","page","type-page","status-publish","hentry"],"acf":[],"yoast_head":"<!-- This site is optimized with the Yoast SEO plugin v27.1.1 - https:\/\/yoast.com\/product\/yoast-seo-wordpress\/ -->\n<title>2. Hakutekniikka - Biologian tiedonhaku \/\/ UEF Kirjasto<\/title>\n<meta name=\"robots\" content=\"index, follow, max-snippet:-1, max-image-preview:large, max-video-preview:-1\" \/>\n<link rel=\"canonical\" href=\"https:\/\/blogs.uef.fi\/tiedonhaku-biologia\/hakutekniikka\/\" \/>\n<meta property=\"og:locale\" content=\"fi_FI\" \/>\n<meta property=\"og:type\" content=\"article\" \/>\n<meta property=\"og:title\" content=\"2. Hakutekniikka - Biologian tiedonhaku \/\/ UEF Kirjasto\" \/>\n<meta property=\"og:description\" content=\"2.1 Tiedonhaun aihe ja k\u00e4sitteet 2.1 Hakusanat 2.3 Asiasanahaku 2.4 Sanakatkaisu, korvausmerkit ja sanaliitot 2.5 Hakusanoista hakulausekkeiksi 2.6 Erilaisia hakutapoja 2.7 Onnistuiko tiedonhaku?\" \/>\n<meta property=\"og:url\" content=\"https:\/\/blogs.uef.fi\/tiedonhaku-biologia\/hakutekniikka\/\" \/>\n<meta property=\"og:site_name\" content=\"Biologian tiedonhaku \/\/ UEF Kirjasto\" \/>\n<meta property=\"article:modified_time\" content=\"2023-10-11T17:49:31+00:00\" \/>\n<meta name=\"twitter:card\" content=\"summary_large_image\" \/>\n<meta name=\"twitter:label1\" content=\"Arvioitu lukuaika\" \/>\n\t<meta name=\"twitter:data1\" content=\"1 minuutti\" \/>\n<script type=\"application\/ld+json\" class=\"yoast-schema-graph\">{\"@context\":\"https:\/\/schema.org\",\"@graph\":[{\"@type\":\"WebPage\",\"@id\":\"https:\/\/blogs.uef.fi\/tiedonhaku-biologia\/hakutekniikka\/\",\"url\":\"https:\/\/blogs.uef.fi\/tiedonhaku-biologia\/hakutekniikka\/\",\"name\":\"2. Hakutekniikka - Biologian tiedonhaku \/\/ UEF Kirjasto\",\"isPartOf\":{\"@id\":\"https:\/\/blogs.uef.fi\/tiedonhaku-biologia\/#website\"},\"datePublished\":\"2017-06-13T08:06:17+00:00\",\"dateModified\":\"2023-10-11T17:49:31+00:00\",\"breadcrumb\":{\"@id\":\"https:\/\/blogs.uef.fi\/tiedonhaku-biologia\/hakutekniikka\/#breadcrumb\"},\"inLanguage\":\"fi\",\"potentialAction\":[{\"@type\":\"ReadAction\",\"target\":[\"https:\/\/blogs.uef.fi\/tiedonhaku-biologia\/hakutekniikka\/\"]}]},{\"@type\":\"BreadcrumbList\",\"@id\":\"https:\/\/blogs.uef.fi\/tiedonhaku-biologia\/hakutekniikka\/#breadcrumb\",\"itemListElement\":[{\"@type\":\"ListItem\",\"position\":1,\"name\":\"Home\",\"item\":\"https:\/\/blogs.uef.fi\/tiedonhaku-biologia\/\"},{\"@type\":\"ListItem\",\"position\":2,\"name\":\"2. Hakutekniikka\"}]},{\"@type\":\"WebSite\",\"@id\":\"https:\/\/blogs.uef.fi\/tiedonhaku-biologia\/#website\",\"url\":\"https:\/\/blogs.uef.fi\/tiedonhaku-biologia\/\",\"name\":\"Biologian tiedonhaku \/\/ UEF Kirjasto\",\"description\":\"Biologian tiedonhaku on kattava oppimateriaali tiedonhakuun biologeille. Se sis\u00e4lt\u00e4\u00e4 yleiset tiedonhaun tekniikat sek\u00e4 biologian tiedonl\u00e4hteet ohjeineen ja esimerkkeineen.\",\"potentialAction\":[{\"@type\":\"SearchAction\",\"target\":{\"@type\":\"EntryPoint\",\"urlTemplate\":\"https:\/\/blogs.uef.fi\/tiedonhaku-biologia\/?s={search_term_string}\"},\"query-input\":{\"@type\":\"PropertyValueSpecification\",\"valueRequired\":true,\"valueName\":\"search_term_string\"}}],\"inLanguage\":\"fi\"}]}<\/script>\n<!-- \/ Yoast SEO plugin. -->","yoast_head_json":{"title":"2. Hakutekniikka - Biologian tiedonhaku \/\/ UEF Kirjasto","robots":{"index":"index","follow":"follow","max-snippet":"max-snippet:-1","max-image-preview":"max-image-preview:large","max-video-preview":"max-video-preview:-1"},"canonical":"https:\/\/blogs.uef.fi\/tiedonhaku-biologia\/hakutekniikka\/","og_locale":"fi_FI","og_type":"article","og_title":"2. Hakutekniikka - Biologian tiedonhaku \/\/ UEF Kirjasto","og_description":"2.1 Tiedonhaun aihe ja k\u00e4sitteet 2.1 Hakusanat 2.3 Asiasanahaku 2.4 Sanakatkaisu, korvausmerkit ja sanaliitot 2.5 Hakusanoista hakulausekkeiksi 2.6 Erilaisia hakutapoja 2.7 Onnistuiko tiedonhaku?","og_url":"https:\/\/blogs.uef.fi\/tiedonhaku-biologia\/hakutekniikka\/","og_site_name":"Biologian tiedonhaku \/\/ UEF Kirjasto","article_modified_time":"2023-10-11T17:49:31+00:00","twitter_card":"summary_large_image","twitter_misc":{"Arvioitu lukuaika":"1 minuutti"},"schema":{"@context":"https:\/\/schema.org","@graph":[{"@type":"WebPage","@id":"https:\/\/blogs.uef.fi\/tiedonhaku-biologia\/hakutekniikka\/","url":"https:\/\/blogs.uef.fi\/tiedonhaku-biologia\/hakutekniikka\/","name":"2. Hakutekniikka - Biologian tiedonhaku \/\/ UEF Kirjasto","isPartOf":{"@id":"https:\/\/blogs.uef.fi\/tiedonhaku-biologia\/#website"},"datePublished":"2017-06-13T08:06:17+00:00","dateModified":"2023-10-11T17:49:31+00:00","breadcrumb":{"@id":"https:\/\/blogs.uef.fi\/tiedonhaku-biologia\/hakutekniikka\/#breadcrumb"},"inLanguage":"fi","potentialAction":[{"@type":"ReadAction","target":["https:\/\/blogs.uef.fi\/tiedonhaku-biologia\/hakutekniikka\/"]}]},{"@type":"BreadcrumbList","@id":"https:\/\/blogs.uef.fi\/tiedonhaku-biologia\/hakutekniikka\/#breadcrumb","itemListElement":[{"@type":"ListItem","position":1,"name":"Home","item":"https:\/\/blogs.uef.fi\/tiedonhaku-biologia\/"},{"@type":"ListItem","position":2,"name":"2. Hakutekniikka"}]},{"@type":"WebSite","@id":"https:\/\/blogs.uef.fi\/tiedonhaku-biologia\/#website","url":"https:\/\/blogs.uef.fi\/tiedonhaku-biologia\/","name":"Biologian tiedonhaku \/\/ UEF Kirjasto","description":"Biologian tiedonhaku on kattava oppimateriaali tiedonhakuun biologeille. Se sis\u00e4lt\u00e4\u00e4 yleiset tiedonhaun tekniikat sek\u00e4 biologian tiedonl\u00e4hteet ohjeineen ja esimerkkeineen.","potentialAction":[{"@type":"SearchAction","target":{"@type":"EntryPoint","urlTemplate":"https:\/\/blogs.uef.fi\/tiedonhaku-biologia\/?s={search_term_string}"},"query-input":{"@type":"PropertyValueSpecification","valueRequired":true,"valueName":"search_term_string"}}],"inLanguage":"fi"}]}},"_links":{"self":[{"href":"https:\/\/blogs.uef.fi\/tiedonhaku-biologia\/wp-json\/wp\/v2\/pages\/79","targetHints":{"allow":["GET"]}}],"collection":[{"href":"https:\/\/blogs.uef.fi\/tiedonhaku-biologia\/wp-json\/wp\/v2\/pages"}],"about":[{"href":"https:\/\/blogs.uef.fi\/tiedonhaku-biologia\/wp-json\/wp\/v2\/types\/page"}],"author":[{"embeddable":true,"href":"https:\/\/blogs.uef.fi\/tiedonhaku-biologia\/wp-json\/wp\/v2\/users\/190"}],"replies":[{"embeddable":true,"href":"https:\/\/blogs.uef.fi\/tiedonhaku-biologia\/wp-json\/wp\/v2\/comments?post=79"}],"version-history":[{"count":1,"href":"https:\/\/blogs.uef.fi\/tiedonhaku-biologia\/wp-json\/wp\/v2\/pages\/79\/revisions"}],"predecessor-version":[{"id":2736,"href":"https:\/\/blogs.uef.fi\/tiedonhaku-biologia\/wp-json\/wp\/v2\/pages\/79\/revisions\/2736"}],"wp:attachment":[{"href":"https:\/\/blogs.uef.fi\/tiedonhaku-biologia\/wp-json\/wp\/v2\/media?parent=79"}],"curies":[{"name":"wp","href":"https:\/\/api.w.org\/{rel}","templated":true}]}}