{"id":332,"date":"2017-07-27T11:27:32","date_gmt":"2017-07-27T11:27:32","guid":{"rendered":"https:\/\/biotiedonhaku.wordpress.com\/?page_id=332"},"modified":"2024-01-18T14:39:11","modified_gmt":"2024-01-18T12:39:11","slug":"hakutapoja","status":"publish","type":"page","link":"https:\/\/blogs.uef.fi\/tiedonhaku-biologia\/hakutekniikka\/hakutapoja\/","title":{"rendered":"2.6 Erilaisia hakutapoja"},"content":{"rendered":"\n<p>Tiedonhaun voi aloittaa eri tavoin. Aihetta kannattaa ensin hieman tunnustella, jotta p\u00e4\u00e4see jyv\u00e4lle siit\u00e4, kuinka juuri t\u00e4t\u00e4 aihetta kannattaisi l\u00e4hesty\u00e4 ja kehitell\u00e4 hakua edelleen. Haun muokkaamisen keinoja k\u00e4sitell\u00e4\u00e4n tarkemmin seuravissa luvuissa.<\/p>\n\n\n\n<p>Aloita n\u00e4in:<\/p>\n\n\n\n<ul class=\"wp-block-list\">\n<li>Kokeile yksitt\u00e4isi\u00e4 sanoja<\/li>\n\n\n\n<li>Kokeile yksinkertaisia hakulauseita: 1-2 AND-operaatiota<\/li>\n\n\n\n<li>Lis\u00e4\u00e4 tarpeen mukaan AND-operaatioita<\/li>\n\n\n\n<li>Ker\u00e4\u00e4 lis\u00e4\u00e4 mahdollisia hakusanoja<\/li>\n\n\n\n<li>Kokeile kattavampaa hakulausetta vaihtoehtoisin sanoin<\/li>\n\n\n\n<li>Muista hakukenttien, sanankatkaisun ja fraasien merkitys<\/li>\n<\/ul>\n\n\n\n<p>Hakutulosta kannattaa varsinkin alussa tutkailla j\u00e4rjestettyn\u00e4 (sort by) aiheenmukaisuuden eli relevanssin mukaan. N\u00e4in voit nopeasti l\u00f6yt\u00e4\u00e4 joitakin hyvi\u00e4 osumia.<\/p>\n\n\n\n<p>Tulokset voi j\u00e4rjest\u00e4\u00e4 my\u00f6s julkaisuajankohdan mukaan uusimmat ensin, jos on tarpeen saada erityisesti ihan tuoreita julkaisuja.<br><br>Tietokantahakuja ja niiden tuloksia kannattaa k\u00e4ytt\u00e4\u00e4 hyv\u00e4ksi jo tutkimusty\u00f6n suunnittelu-, valmistelu- ja ideointivaiheessa. Se auttaa aiheen k\u00e4sitteiden ja hakusanojen hahmottelussa ja ker\u00e4\u00e4misess\u00e4.<\/p>\n\n\n\n<h2 class=\"wp-block-heading\">Kokeile yksinkertaista pikahakua<\/h2>\n\n\n\n<p><strong>Hae yksitt\u00e4isell\u00e4 hakusanalla tai fraasilla<\/strong>, jotta saat k\u00e4sityksen, kuinka yleinen\/harvinainen aihealue on. Voit kokeilla ainakin t\u00e4rkeimpi\u00e4 k\u00e4sitteit\u00e4 erikseen. Yleistermej\u00e4 t\u00e4m\u00e4 ei koske, ne tarvitsevat aina rinnalleen tarkentavia hakusanoja.<\/p>\n\n\n\n<p>Esimerkkihaku yhdell\u00e4 sanalla &#8221;niche&#8221; on tuottanut 588 osumaa. Relevanssij\u00e4rjestys n\u00e4ytt\u00e4\u00e4 hakuohjelman parhaiksi arvioimat tulokset ensin. Selaamalla listan alkup\u00e4\u00e4t\u00e4 voi l\u00f6yt\u00e4\u00e4 oikein hyvi\u00e4kin teoksia luettavaksi.<\/p>\n\n\n\n<figure class=\"wp-block-image size-full\"><img loading=\"lazy\" decoding=\"async\" width=\"1376\" height=\"803\" src=\"https:\/\/blogs.uef.fi\/tiedonhaku-biologia\/wp-content\/uploads\/sites\/59\/2020\/04\/niche.png\" alt=\"Perushaku UEF-Primosta sanalla niche. Tuloksia 588 kpl. Oikealta valittu tuloksen esitysmuodoksi relevanssi.\" class=\"wp-image-777\" style=\"object-fit:cover\" srcset=\"https:\/\/blogs.uef.fi\/tiedonhaku-biologia\/wp-content\/uploads\/sites\/59\/2020\/04\/niche.png 1376w, https:\/\/blogs.uef.fi\/tiedonhaku-biologia\/wp-content\/uploads\/sites\/59\/2020\/04\/niche-300x175.png 300w, https:\/\/blogs.uef.fi\/tiedonhaku-biologia\/wp-content\/uploads\/sites\/59\/2020\/04\/niche-1024x598.png 1024w, https:\/\/blogs.uef.fi\/tiedonhaku-biologia\/wp-content\/uploads\/sites\/59\/2020\/04\/niche-768x448.png 768w, https:\/\/blogs.uef.fi\/tiedonhaku-biologia\/wp-content\/uploads\/sites\/59\/2020\/04\/niche-651x380.png 651w\" sizes=\"auto, (max-width: 1376px) 100vw, 1376px\" \/><figcaption class=\"wp-element-caption\"><em>Koska pikahaku t\u00e4ss\u00e4 tuottaa varsin paljon tuloksia, voisi kokeilla hakea sanaa my\u00f6s siten, ett\u00e4 hakee vain otsikoista. Tulos tipahtaa n\u00e4in alle sataan. vastaavasti Aihe-kent\u00e4st\u00e4 hakien tuloksia tulee noin 200.<\/em><\/figcaption><\/figure>\n\n\n\n<p>Jos pikahaku yhdell\u00e4 sanalla tuottaa vain v\u00e4h\u00e4n tuloksia, ei hakuun kannata lis\u00e4t\u00e4 tarkentavia sanoja AND-operaattorilla. (Sen sijaan kyll\u00e4 kannattaa mietti\u00e4 vaihtoehtoisia tapoja hakea samaa aihetta, eli OR-operaattorin k\u00e4ytt\u00f6\u00e4)<\/p>\n\n\n\n<p>Lis\u00e4ksi voit kokeilla hakua kaikilla ydink\u00e4sitteill\u00e4: 1-3 AND-operaatiota.<\/p>\n\n\n\n<p>T\u00e4llainen tunnusteleva haku, jonka avulla saadan ker\u00e4tty\u00e4 ehk\u00e4 joitakin hyvi\u00e4 osumia ja my\u00f6skin hyvi\u00e4 hakusanoja, on helppo tapa aloittaa hakeminen, vaikka tarve olisikin hakea aineistoja laajemmin ja kattavammin.<\/p>\n\n\n\n<h2 class=\"wp-block-heading\">Kasvata \u201dhelme\u00e4\u201d eli j\u00e4ljityshaku<\/h2>\n\n\n\n<p>Helmenkasvatus on hyv\u00e4 hakutapa silloin, kun sinulla on valmiiksi tiedossa muutama hyv\u00e4 julkaisu tai jos olet sellaisen jo itse ensin l\u00f6yt\u00e4nyt vaikkapa pikahaulla. Tietokannasta katsotaan t\u00e4llaiseen \u201dhelmeen\u201d liittyvi\u00e4 <strong>asiasanoja sek\u00e4 l\u00e4hdeluetteloa ja muita apuneuvoja, joiden avulla voidaan j\u00e4ljitt\u00e4\u00e4 lis\u00e4\u00e4 samankaltaisia julkaisuja.<\/strong> Samoin voi tarkastella, <strong>kuka on aihetta tutkinut<\/strong> ja hakea lis\u00e4\u00e4 saman tekij\u00e4n julkaisuja.<\/p>\n\n\n\n<figure class=\"wp-block-image size-full\"><img loading=\"lazy\" decoding=\"async\" width=\"1407\" height=\"858\" src=\"https:\/\/blogs.uef.fi\/tiedonhaku-biologia\/wp-content\/uploads\/sites\/59\/2022\/10\/BIO_helmi.png\" alt=\"Kuvakaappaus. Hakulause: reindeer AND lichen AND forestry, jolla saatu 8 osumaa. Esill\u00e4 yhden hakutuloksen tiedot. Artikkelin otsikko on Impacts of different forest management scenarios on forestry and reindeer husbandry. Tiivistelm\u00e4st\u00e4 on korostettu keltaisella sanat: timber production, fodder, harvest operations, pasture, forest management. Alla uusi hakulause: reindeer AND (lichen OR pasture OR fodder) AND forestry OR \u201cforest management\u201d OR harvest operations\u201d OR \u201ctimber production\u201d. Hakutuloksia 37 kpl.\" class=\"wp-image-2173\" style=\"object-fit:cover\" srcset=\"https:\/\/blogs.uef.fi\/tiedonhaku-biologia\/wp-content\/uploads\/sites\/59\/2022\/10\/BIO_helmi.png 1407w, https:\/\/blogs.uef.fi\/tiedonhaku-biologia\/wp-content\/uploads\/sites\/59\/2022\/10\/BIO_helmi-300x183.png 300w, https:\/\/blogs.uef.fi\/tiedonhaku-biologia\/wp-content\/uploads\/sites\/59\/2022\/10\/BIO_helmi-1024x624.png 1024w, https:\/\/blogs.uef.fi\/tiedonhaku-biologia\/wp-content\/uploads\/sites\/59\/2022\/10\/BIO_helmi-768x468.png 768w\" sizes=\"auto, (max-width: 1407px) 100vw, 1407px\" \/><figcaption class=\"wp-element-caption\"><em>ProQuest-tietokannasta on haettu ensin pieni tarkka tulos aiheesta kuinka mets\u00e4talous vaikuttaa poroihin, erityisesti sen ravintoon eli j\u00e4k\u00e4l\u00e4\u00e4n.  N\u00e4yt\u00f6lle on aukaistu yksi hyv\u00e4 aiheenmukainen artikkeli. Artikkelin tiedoista on katsottu lis\u00e4\u00e4 hyvi\u00e4 hakusanoja ja muotoiltu uusi hakulause.<\/em><\/figcaption><\/figure>\n\n\n\n<h2 class=\"wp-block-heading\">Aloita laajasta, tarkenna sitten<\/h2>\n\n\n\n<p>T\u00e4ss\u00e4 haussa on ideana, ett\u00e4 varmuden vuoksi haetaan ensin melko v\u00e4lj\u00e4sti, jotta mit\u00e4\u00e4n t\u00e4rke\u00e4\u00e4 ei j\u00e4isi pois heti aluksi. T\u00e4m\u00e4n j\u00e4lkeen tarkennetaan aihetta lis\u00e4\u00e4m\u00e4ll\u00e4 tarpeen mukaan lis\u00e4\u00e4 hakuk\u00e4sitteit\u00e4 (AND-operaatioita) ja k\u00e4ytet\u00e4\u00e4n tietokannan tarjoamia rajausty\u00f6kaluja.<\/p>\n\n\n\n<figure class=\"wp-block-image size-full\"><img loading=\"lazy\" decoding=\"async\" width=\"1168\" height=\"629\" src=\"https:\/\/blogs.uef.fi\/tiedonhaku-biologia\/wp-content\/uploads\/sites\/59\/2021\/10\/BIO_laajemmasta.png\" alt=\"Kuvakaappaus Web of Science -tietokannasta. Ylemp\u00e4n\u00e4 haku: population AND (\u201dAsian elephant*\u201d OR \u201cElephas maximus\u201d), jolla saatu tuloksia 476 kpl. Seliteteksti: Koska hakutuloksia on melko paljon, lis\u00e4t\u00e4\u00e4n hakuun tarkentava termi: AND density. 58 tulosta t\u00e4ll\u00e4 haulla.\" class=\"wp-image-1596\" style=\"aspect-ratio:1.853968253968254;object-fit:cover\" srcset=\"https:\/\/blogs.uef.fi\/tiedonhaku-biologia\/wp-content\/uploads\/sites\/59\/2021\/10\/BIO_laajemmasta.png 1168w, https:\/\/blogs.uef.fi\/tiedonhaku-biologia\/wp-content\/uploads\/sites\/59\/2021\/10\/BIO_laajemmasta-300x162.png 300w, https:\/\/blogs.uef.fi\/tiedonhaku-biologia\/wp-content\/uploads\/sites\/59\/2021\/10\/BIO_laajemmasta-1024x551.png 1024w, https:\/\/blogs.uef.fi\/tiedonhaku-biologia\/wp-content\/uploads\/sites\/59\/2021\/10\/BIO_laajemmasta-768x414.png 768w\" sizes=\"auto, (max-width: 1168px) 100vw, 1168px\" \/><figcaption class=\"wp-element-caption\"><em>Haku elefanttipopulaatiosta on tehty Web of Science -tietokannassa.<\/em><\/figcaption><\/figure>\n\n\n\n<h2 class=\"wp-block-heading\">Hae ensin tarkasti, laajenna tarvittaessa<\/h2>\n\n\n\n<p>T\u00e4ss\u00e4 l\u00e4hestymistavassa on t\u00e4rke\u00e4\u00e4 saada heti aluksi todella hyvin aiheenmukaisia tuloksia. T\u00e4m\u00e4 onnistuu k\u00e4ytt\u00e4m\u00e4ll\u00e4 tarkkoja hakusanoja ja spesifej\u00e4 termej\u00e4. T\u00e4st\u00e4 voidaan sitten tarpeen mukaan l\u00e4hte\u00e4 laajentamaan hakua k\u00e4ytt\u00e4m\u00e4ll\u00e4 v\u00e4ljempi\u00e4 hakuehtoja ja lis\u00e4\u00e4m\u00e4ll\u00e4 vaihtoehtoisia hakusanoja.<\/p>\n\n\n\n<p>Laajemmalla termill\u00e4 haettaessa saadaan todenn\u00e4k\u00f6isesti mukaan my\u00f6s v\u00e4hemm\u00e4n relevanttia aineistoa; tulosten arviointiin t\u00e4ytyykin varata enemm\u00e4n aikaa.<\/p>\n\n\n\n<p><\/p>\n\n\n\n<figure class=\"wp-block-image size-full\"><img loading=\"lazy\" decoding=\"async\" width=\"740\" height=\"819\" src=\"https:\/\/blogs.uef.fi\/tiedonhaku-biologia\/wp-content\/uploads\/sites\/59\/2021\/10\/BIO_suppeasta.png\" alt=\"Kuvakaappaukset UEF-Primosta. Ensimm\u00e4inen haku on l\u00e4mm\u00f6ns\u00e4\u00e4tely AND nis\u00e4kk\u00e4\u00e4t, jolla saatu kaksi tulosta. Seliteteksti: Vain kaksi tulosta, lis\u00e4t\u00e4\u00e4n hakuun laajempialaiset termit. Uusi haku: (l\u00e4mm\u00f6ns\u00e4\u00e4tely* OR aineenvaihdun*) AND (nis\u00e4kk\u00e4\u00e4t OR el\u00e4imet). T\u00e4ll\u00e4 saatu 17 tulosta.\" class=\"wp-image-1599\" srcset=\"https:\/\/blogs.uef.fi\/tiedonhaku-biologia\/wp-content\/uploads\/sites\/59\/2021\/10\/BIO_suppeasta.png 740w, https:\/\/blogs.uef.fi\/tiedonhaku-biologia\/wp-content\/uploads\/sites\/59\/2021\/10\/BIO_suppeasta-271x300.png 271w\" sizes=\"auto, (max-width: 740px) 100vw, 740px\" \/><\/figure>\n\n\n\n<h2 class=\"wp-block-heading\">&nbsp;Selaile tietokantaa<\/h2>\n\n\n\n<p>Vaikka erilaisia tieteellisi\u00e4 lehti\u00e4 on tarjolla lukematon m\u00e4\u00e4r\u00e4, usein alalla on tietyt tunnetut lehdet, joissa ainakin t\u00e4rkeimm\u00e4t artikkelit pyrit\u00e4\u00e4n julkaisemaan. T\u00e4llaisia t\u00e4rkeit\u00e4 lehti\u00e4 voi selailla (browse) aika ajoin. Kaikkea ei tarvitse l\u00f6yt\u00e4\u00e4 hakulauseiden avulla.<\/p>\n\n\n\n<p>Tietokannoissa voit my\u00f6s selailla (browse), esim. tietyn <strong>lehden artikkeleita tai aihealueita <\/strong>(englanniksi category tai Subject area).<\/p>\n\n\n\n<figure class=\"wp-block-image size-full\"><img loading=\"lazy\" decoding=\"async\" width=\"1698\" height=\"1024\" src=\"https:\/\/blogs.uef.fi\/tiedonhaku-biologia\/wp-content\/uploads\/sites\/59\/2022\/10\/BIO_selaa.png\" alt=\"Kuvakaappaus Ebook central -tietokannasta. Hakuriville ei ole kirjoitettu mit\u00e4\u00e4n. Rivin per\u00e4st\u00e4 on valittu Browse subjects. Valikossa vasemmalla lukee: Refine your search. Sen alla lueteltu aiheita englanniksi. Valittuna on vaihtoehto science \/ life sciences \/ genetics &amp; genomics. Oikealla onkerrottu hakutulos: 349 book results. Kirjojen nimi\u00e4 ja kuvia kansista.\" class=\"wp-image-2164\" style=\"object-fit:cover\" srcset=\"https:\/\/blogs.uef.fi\/tiedonhaku-biologia\/wp-content\/uploads\/sites\/59\/2022\/10\/BIO_selaa.png 1698w, https:\/\/blogs.uef.fi\/tiedonhaku-biologia\/wp-content\/uploads\/sites\/59\/2022\/10\/BIO_selaa-300x181.png 300w, https:\/\/blogs.uef.fi\/tiedonhaku-biologia\/wp-content\/uploads\/sites\/59\/2022\/10\/BIO_selaa-1024x618.png 1024w, https:\/\/blogs.uef.fi\/tiedonhaku-biologia\/wp-content\/uploads\/sites\/59\/2022\/10\/BIO_selaa-768x463.png 768w, https:\/\/blogs.uef.fi\/tiedonhaku-biologia\/wp-content\/uploads\/sites\/59\/2022\/10\/BIO_selaa-1536x926.png 1536w\" sizes=\"auto, (max-width: 1698px) 100vw, 1698px\" \/><figcaption class=\"wp-element-caption\"><em>Browse subjects -toimintoa Ebook Central -tietokannassa on helppo k\u00e4ytt\u00e4\u00e4.<\/em><\/figcaption><\/figure>\n\n\n\n<h2 class=\"wp-block-heading\">Tiedonhaku kirjallisuuskatsausta varten<\/h2>\n\n\n\n<p>Opinn\u00e4ytteen olennainen osa on ns. <strong>kirjallisuuskatsaus<\/strong>. Opinn\u00e4yte voi my\u00f6s koostua pelk\u00e4st\u00e4\u00e4n kirjallisuuskatsauksesta.<\/p>\n\n\n\n<p>Kirjallisuuskatsauksen idea on taustoittaa aihetta ja luoda kokonaiskuva k\u00e4sill\u00e4 olevasta kysymyksest\u00e4. T\u00e4h\u00e4n tarvitaan useita eri l\u00e4hteit\u00e4, jotta kokonaiskuva aiheesta hahmottuu tarkemmin ja luotettavammin.<\/p>\n\n\n\n<p>L\u00e4hteist\u00e4 voidaan hakea yhtenev\u00e4isyyksi\u00e4 ja toisaalta verrata kesken\u00e4\u00e4n ristiriitaisia tietoja, etsi\u00e4 erilaisia ratkaisumalleja sek\u00e4 havaita ongelmakohtia, joihin on aikaisemmin t\u00f6rm\u00e4tty. Yhdist\u00e4m\u00e4ll\u00e4 eri l\u00e4hteist\u00e4 tulevaa tietoa voidaan kehitell\u00e4 kokonaan uusia ajatuksia.<\/p>\n\n\n\n<p><strong>Lyhyemp\u00e4\u00e4 kirjallisuuskatsausta<\/strong> <strong>varten riitt\u00e4\u00e4, ett\u00e4 t\u00e4rkeimm\u00e4t l\u00e4hteet on luettu.<\/strong><\/p>\n\n\n\n<p>T\u00e4m\u00e4kin vaatii useita tiedonhakuja, jota t\u00e4rkeimm\u00e4t l\u00e4hteet ylip\u00e4\u00e4ns\u00e4 nousevat esille. Julkaisuihin pit\u00e4\u00e4 my\u00f6s perehty\u00e4 tarkemmin, ennen kuin voi valita niist\u00e4 keskeiset. My\u00f6s ihan uusimpia julkaisuja kannattaa tutkailla.<\/p>\n\n\n\n<p><strong>Kattavaa kirjallisuuskatsausta<\/strong> <strong>varten tarvitaan laaja tiedonhaku, jolla selvitet\u00e4\u00e4n \u201dkaikki\u201d, mit\u00e4 aiheesta on julkaistu.<\/strong><\/p>\n\n\n\n<p>Kattavassa tiedonhaussa haetaan mieluummin \u201cliian suuri\u201d hakutulos, jotta varmasti kaikki aiheeseen liittyv\u00e4 saadaan mukaan. Hakutulosta seulotaan ensin otsikon, sitten tiivistelm\u00e4n mukaan. Lopulta j\u00e4ljelle j\u00e4\u00e4v\u00e4t ne, jotka luetaan kokonaisuudessaan.<\/p>\n\n\n\n<h3 class=\"wp-block-heading\">Ohjeita kattavaan hakuun<\/h3>\n\n\n\n<p>Huomioi haussa monipuolisuus, pyri l\u00f6yt\u00e4m\u00e4\u00e4n aineitoja eri keinoin ja eri l\u00e4hteist\u00e4:<\/p>\n\n\n\n<ul class=\"wp-block-list\">\n<li>Kotimaiset ja ulkomaiset tiedonl\u00e4hteet<\/li>\n\n\n\n<li>Eri tyyppiset tiedonl\u00e4hteet (kirjat, v\u00e4it\u00f6skirjat, <strong>artikkelit <\/strong>lehdiss\u00e4, kirjoissa, kongressijulkaisuissa)<\/li>\n\n\n\n<li>Eri tietokannat ja muut tiedonhaun apuneuvot<br>Eri tietokantoihin tallennetaan tietoja erilaisista prim\u00e4\u00e4ril\u00e4hteist\u00e4. Harvoin haku vain yhdest\u00e4 tietokannasta on riitt\u00e4v\u00e4. Mik\u00e4li aiheesi on monialainen\/tieteidenv\u00e4linen, tee hakusi tarvittavien alojen tietokannoista.<\/li>\n\n\n\n<li>Kattavat aihetta kuvaavat hakusanat ja niiden yhdistelm\u00e4t<br>T\u00e4m\u00e4 voi vaatia paljonkin tunnustelevia tiedonhakuja, joissa ker\u00e4\u00e4t sopivia hakusanoja eri l\u00e4hteist\u00e4.<\/li>\n<\/ul>\n\n\n\n<p>Hae siis esim. seuraavista l\u00e4hteist\u00e4:<\/p>\n\n\n\n<ul class=\"wp-block-list\">\n<li>UEF-Primo<\/li>\n\n\n\n<li>Finna.fi<\/li>\n\n\n\n<li>Web of Science \/ Scopus \/ ProQuest \/ Eric<\/li>\n\n\n\n<li>Google ja Google Scholar \/ Google Books<\/li>\n<\/ul>\n\n\n\n<p class=\"has-text-align-right\">Seuraava sivu: <a href=\"https:\/\/blogs.uef.fi\/tiedonhaku-biologia\/hakutekniikka\/onnistuiko-haku\/\">Onnistuiko tiedonhaku?<\/a><\/p>\n","protected":false},"excerpt":{"rendered":"<p>Tiedonhaun voi aloittaa eri tavoin. Aihetta kannattaa ensin hieman tunnustella, jotta p\u00e4\u00e4see jyv\u00e4lle siit\u00e4, kuinka juuri t\u00e4t\u00e4 aihetta kannattaisi l\u00e4hesty\u00e4 ja kehitell\u00e4 hakua edelleen. Haun muokkaamisen keinoja k\u00e4sitell\u00e4\u00e4n tarkemmin seuravissa luvuissa. Aloita n\u00e4in: Hakutulosta kannattaa varsinkin alussa tutkailla j\u00e4rjestettyn\u00e4 (sort by) aiheenmukaisuuden eli relevanssin mukaan. N\u00e4in voit nopeasti l\u00f6yt\u00e4\u00e4 joitakin hyvi\u00e4 osumia. Tulokset voi j\u00e4rjest\u00e4\u00e4 [&hellip;]<\/p>\n","protected":false},"author":190,"featured_media":0,"parent":79,"menu_order":0,"comment_status":"closed","ping_status":"closed","template":"","meta":{"_acf_changed":false,"footnotes":""},"class_list":["post-332","page","type-page","status-publish","hentry"],"acf":[],"yoast_head":"<!-- This site is optimized with the Yoast SEO plugin v27.1.1 - https:\/\/yoast.com\/product\/yoast-seo-wordpress\/ -->\n<title>2.6 Erilaisia hakutapoja - Biologian tiedonhaku \/\/ UEF Kirjasto<\/title>\n<meta name=\"robots\" content=\"index, follow, max-snippet:-1, max-image-preview:large, max-video-preview:-1\" \/>\n<link rel=\"canonical\" href=\"https:\/\/blogs.uef.fi\/tiedonhaku-biologia\/hakutekniikka\/hakutapoja\/\" \/>\n<meta property=\"og:locale\" content=\"fi_FI\" \/>\n<meta property=\"og:type\" content=\"article\" \/>\n<meta property=\"og:title\" content=\"2.6 Erilaisia hakutapoja - Biologian tiedonhaku \/\/ UEF Kirjasto\" \/>\n<meta property=\"og:description\" content=\"Tiedonhaun voi aloittaa eri tavoin. Aihetta kannattaa ensin hieman tunnustella, jotta p\u00e4\u00e4see jyv\u00e4lle siit\u00e4, kuinka juuri t\u00e4t\u00e4 aihetta kannattaisi l\u00e4hesty\u00e4 ja kehitell\u00e4 hakua edelleen. Haun muokkaamisen keinoja k\u00e4sitell\u00e4\u00e4n tarkemmin seuravissa luvuissa. Aloita n\u00e4in: Hakutulosta kannattaa varsinkin alussa tutkailla j\u00e4rjestettyn\u00e4 (sort by) aiheenmukaisuuden eli relevanssin mukaan. N\u00e4in voit nopeasti l\u00f6yt\u00e4\u00e4 joitakin hyvi\u00e4 osumia. Tulokset voi j\u00e4rjest\u00e4\u00e4 [&hellip;]\" \/>\n<meta property=\"og:url\" content=\"https:\/\/blogs.uef.fi\/tiedonhaku-biologia\/hakutekniikka\/hakutapoja\/\" \/>\n<meta property=\"og:site_name\" content=\"Biologian tiedonhaku \/\/ UEF Kirjasto\" \/>\n<meta property=\"article:modified_time\" content=\"2024-01-18T12:39:11+00:00\" \/>\n<meta property=\"og:image\" content=\"https:\/\/blogs.uef.fi\/tiedonhaku-biologia\/wp-content\/uploads\/sites\/59\/2020\/04\/niche.png\" \/>\n<meta name=\"twitter:card\" content=\"summary_large_image\" \/>\n<meta name=\"twitter:label1\" content=\"Arvioitu lukuaika\" \/>\n\t<meta name=\"twitter:data1\" content=\"6 minuuttia\" \/>\n<script type=\"application\/ld+json\" class=\"yoast-schema-graph\">{\"@context\":\"https:\/\/schema.org\",\"@graph\":[{\"@type\":\"WebPage\",\"@id\":\"https:\/\/blogs.uef.fi\/tiedonhaku-biologia\/hakutekniikka\/hakutapoja\/\",\"url\":\"https:\/\/blogs.uef.fi\/tiedonhaku-biologia\/hakutekniikka\/hakutapoja\/\",\"name\":\"2.6 Erilaisia hakutapoja - Biologian tiedonhaku \/\/ UEF Kirjasto\",\"isPartOf\":{\"@id\":\"https:\/\/blogs.uef.fi\/tiedonhaku-biologia\/#website\"},\"primaryImageOfPage\":{\"@id\":\"https:\/\/blogs.uef.fi\/tiedonhaku-biologia\/hakutekniikka\/hakutapoja\/#primaryimage\"},\"image\":{\"@id\":\"https:\/\/blogs.uef.fi\/tiedonhaku-biologia\/hakutekniikka\/hakutapoja\/#primaryimage\"},\"thumbnailUrl\":\"https:\/\/blogs.uef.fi\/tiedonhaku-biologia\/wp-content\/uploads\/sites\/59\/2020\/04\/niche.png\",\"datePublished\":\"2017-07-27T11:27:32+00:00\",\"dateModified\":\"2024-01-18T12:39:11+00:00\",\"breadcrumb\":{\"@id\":\"https:\/\/blogs.uef.fi\/tiedonhaku-biologia\/hakutekniikka\/hakutapoja\/#breadcrumb\"},\"inLanguage\":\"fi\",\"potentialAction\":[{\"@type\":\"ReadAction\",\"target\":[\"https:\/\/blogs.uef.fi\/tiedonhaku-biologia\/hakutekniikka\/hakutapoja\/\"]}]},{\"@type\":\"ImageObject\",\"inLanguage\":\"fi\",\"@id\":\"https:\/\/blogs.uef.fi\/tiedonhaku-biologia\/hakutekniikka\/hakutapoja\/#primaryimage\",\"url\":\"https:\/\/blogs.uef.fi\/tiedonhaku-biologia\/wp-content\/uploads\/sites\/59\/2020\/04\/niche.png\",\"contentUrl\":\"https:\/\/blogs.uef.fi\/tiedonhaku-biologia\/wp-content\/uploads\/sites\/59\/2020\/04\/niche.png\",\"width\":1376,\"height\":803,\"caption\":\"Kuvakaappaus. Perushaku UEF-Primosta sanalla niche. Tuloksia 588 kpl. Oikealta valittu tuloksen lajitteluperusteeksi Relevanssi.\"},{\"@type\":\"BreadcrumbList\",\"@id\":\"https:\/\/blogs.uef.fi\/tiedonhaku-biologia\/hakutekniikka\/hakutapoja\/#breadcrumb\",\"itemListElement\":[{\"@type\":\"ListItem\",\"position\":1,\"name\":\"Home\",\"item\":\"https:\/\/blogs.uef.fi\/tiedonhaku-biologia\/\"},{\"@type\":\"ListItem\",\"position\":2,\"name\":\"2. Hakutekniikka\",\"item\":\"https:\/\/blogs.uef.fi\/tiedonhaku-biologia\/hakutekniikka\/\"},{\"@type\":\"ListItem\",\"position\":3,\"name\":\"2.6 Erilaisia hakutapoja\"}]},{\"@type\":\"WebSite\",\"@id\":\"https:\/\/blogs.uef.fi\/tiedonhaku-biologia\/#website\",\"url\":\"https:\/\/blogs.uef.fi\/tiedonhaku-biologia\/\",\"name\":\"Biologian tiedonhaku \/\/ UEF Kirjasto\",\"description\":\"Biologian tiedonhaku on kattava oppimateriaali tiedonhakuun biologeille. Se sis\u00e4lt\u00e4\u00e4 yleiset tiedonhaun tekniikat sek\u00e4 biologian tiedonl\u00e4hteet ohjeineen ja esimerkkeineen.\",\"potentialAction\":[{\"@type\":\"SearchAction\",\"target\":{\"@type\":\"EntryPoint\",\"urlTemplate\":\"https:\/\/blogs.uef.fi\/tiedonhaku-biologia\/?s={search_term_string}\"},\"query-input\":{\"@type\":\"PropertyValueSpecification\",\"valueRequired\":true,\"valueName\":\"search_term_string\"}}],\"inLanguage\":\"fi\"}]}<\/script>\n<!-- \/ Yoast SEO plugin. -->","yoast_head_json":{"title":"2.6 Erilaisia hakutapoja - Biologian tiedonhaku \/\/ UEF Kirjasto","robots":{"index":"index","follow":"follow","max-snippet":"max-snippet:-1","max-image-preview":"max-image-preview:large","max-video-preview":"max-video-preview:-1"},"canonical":"https:\/\/blogs.uef.fi\/tiedonhaku-biologia\/hakutekniikka\/hakutapoja\/","og_locale":"fi_FI","og_type":"article","og_title":"2.6 Erilaisia hakutapoja - Biologian tiedonhaku \/\/ UEF Kirjasto","og_description":"Tiedonhaun voi aloittaa eri tavoin. Aihetta kannattaa ensin hieman tunnustella, jotta p\u00e4\u00e4see jyv\u00e4lle siit\u00e4, kuinka juuri t\u00e4t\u00e4 aihetta kannattaisi l\u00e4hesty\u00e4 ja kehitell\u00e4 hakua edelleen. Haun muokkaamisen keinoja k\u00e4sitell\u00e4\u00e4n tarkemmin seuravissa luvuissa. Aloita n\u00e4in: Hakutulosta kannattaa varsinkin alussa tutkailla j\u00e4rjestettyn\u00e4 (sort by) aiheenmukaisuuden eli relevanssin mukaan. N\u00e4in voit nopeasti l\u00f6yt\u00e4\u00e4 joitakin hyvi\u00e4 osumia. Tulokset voi j\u00e4rjest\u00e4\u00e4 [&hellip;]","og_url":"https:\/\/blogs.uef.fi\/tiedonhaku-biologia\/hakutekniikka\/hakutapoja\/","og_site_name":"Biologian tiedonhaku \/\/ UEF Kirjasto","article_modified_time":"2024-01-18T12:39:11+00:00","og_image":[{"url":"https:\/\/blogs.uef.fi\/tiedonhaku-biologia\/wp-content\/uploads\/sites\/59\/2020\/04\/niche.png","type":"","width":"","height":""}],"twitter_card":"summary_large_image","twitter_misc":{"Arvioitu lukuaika":"6 minuuttia"},"schema":{"@context":"https:\/\/schema.org","@graph":[{"@type":"WebPage","@id":"https:\/\/blogs.uef.fi\/tiedonhaku-biologia\/hakutekniikka\/hakutapoja\/","url":"https:\/\/blogs.uef.fi\/tiedonhaku-biologia\/hakutekniikka\/hakutapoja\/","name":"2.6 Erilaisia hakutapoja - Biologian tiedonhaku \/\/ UEF Kirjasto","isPartOf":{"@id":"https:\/\/blogs.uef.fi\/tiedonhaku-biologia\/#website"},"primaryImageOfPage":{"@id":"https:\/\/blogs.uef.fi\/tiedonhaku-biologia\/hakutekniikka\/hakutapoja\/#primaryimage"},"image":{"@id":"https:\/\/blogs.uef.fi\/tiedonhaku-biologia\/hakutekniikka\/hakutapoja\/#primaryimage"},"thumbnailUrl":"https:\/\/blogs.uef.fi\/tiedonhaku-biologia\/wp-content\/uploads\/sites\/59\/2020\/04\/niche.png","datePublished":"2017-07-27T11:27:32+00:00","dateModified":"2024-01-18T12:39:11+00:00","breadcrumb":{"@id":"https:\/\/blogs.uef.fi\/tiedonhaku-biologia\/hakutekniikka\/hakutapoja\/#breadcrumb"},"inLanguage":"fi","potentialAction":[{"@type":"ReadAction","target":["https:\/\/blogs.uef.fi\/tiedonhaku-biologia\/hakutekniikka\/hakutapoja\/"]}]},{"@type":"ImageObject","inLanguage":"fi","@id":"https:\/\/blogs.uef.fi\/tiedonhaku-biologia\/hakutekniikka\/hakutapoja\/#primaryimage","url":"https:\/\/blogs.uef.fi\/tiedonhaku-biologia\/wp-content\/uploads\/sites\/59\/2020\/04\/niche.png","contentUrl":"https:\/\/blogs.uef.fi\/tiedonhaku-biologia\/wp-content\/uploads\/sites\/59\/2020\/04\/niche.png","width":1376,"height":803,"caption":"Kuvakaappaus. Perushaku UEF-Primosta sanalla niche. Tuloksia 588 kpl. Oikealta valittu tuloksen lajitteluperusteeksi Relevanssi."},{"@type":"BreadcrumbList","@id":"https:\/\/blogs.uef.fi\/tiedonhaku-biologia\/hakutekniikka\/hakutapoja\/#breadcrumb","itemListElement":[{"@type":"ListItem","position":1,"name":"Home","item":"https:\/\/blogs.uef.fi\/tiedonhaku-biologia\/"},{"@type":"ListItem","position":2,"name":"2. Hakutekniikka","item":"https:\/\/blogs.uef.fi\/tiedonhaku-biologia\/hakutekniikka\/"},{"@type":"ListItem","position":3,"name":"2.6 Erilaisia hakutapoja"}]},{"@type":"WebSite","@id":"https:\/\/blogs.uef.fi\/tiedonhaku-biologia\/#website","url":"https:\/\/blogs.uef.fi\/tiedonhaku-biologia\/","name":"Biologian tiedonhaku \/\/ UEF Kirjasto","description":"Biologian tiedonhaku on kattava oppimateriaali tiedonhakuun biologeille. Se sis\u00e4lt\u00e4\u00e4 yleiset tiedonhaun tekniikat sek\u00e4 biologian tiedonl\u00e4hteet ohjeineen ja esimerkkeineen.","potentialAction":[{"@type":"SearchAction","target":{"@type":"EntryPoint","urlTemplate":"https:\/\/blogs.uef.fi\/tiedonhaku-biologia\/?s={search_term_string}"},"query-input":{"@type":"PropertyValueSpecification","valueRequired":true,"valueName":"search_term_string"}}],"inLanguage":"fi"}]}},"_links":{"self":[{"href":"https:\/\/blogs.uef.fi\/tiedonhaku-biologia\/wp-json\/wp\/v2\/pages\/332","targetHints":{"allow":["GET"]}}],"collection":[{"href":"https:\/\/blogs.uef.fi\/tiedonhaku-biologia\/wp-json\/wp\/v2\/pages"}],"about":[{"href":"https:\/\/blogs.uef.fi\/tiedonhaku-biologia\/wp-json\/wp\/v2\/types\/page"}],"author":[{"embeddable":true,"href":"https:\/\/blogs.uef.fi\/tiedonhaku-biologia\/wp-json\/wp\/v2\/users\/190"}],"replies":[{"embeddable":true,"href":"https:\/\/blogs.uef.fi\/tiedonhaku-biologia\/wp-json\/wp\/v2\/comments?post=332"}],"version-history":[{"count":1,"href":"https:\/\/blogs.uef.fi\/tiedonhaku-biologia\/wp-json\/wp\/v2\/pages\/332\/revisions"}],"predecessor-version":[{"id":2949,"href":"https:\/\/blogs.uef.fi\/tiedonhaku-biologia\/wp-json\/wp\/v2\/pages\/332\/revisions\/2949"}],"up":[{"embeddable":true,"href":"https:\/\/blogs.uef.fi\/tiedonhaku-biologia\/wp-json\/wp\/v2\/pages\/79"}],"wp:attachment":[{"href":"https:\/\/blogs.uef.fi\/tiedonhaku-biologia\/wp-json\/wp\/v2\/media?parent=332"}],"curies":[{"name":"wp","href":"https:\/\/api.w.org\/{rel}","templated":true}]}}