{"id":308,"date":"2017-06-21T07:31:39","date_gmt":"2017-06-21T07:31:39","guid":{"rendered":"https:\/\/biotiedonhaku.wordpress.com\/?page_id=308"},"modified":"2024-05-17T15:19:51","modified_gmt":"2024-05-17T12:19:51","slug":"tulosten-tallentaminen","status":"publish","type":"page","link":"https:\/\/blogs.uef.fi\/tiedonhaku-biologia\/tulokset\/tulosten-tallentaminen\/","title":{"rendered":"4.4 Tulosten tallentaminen"},"content":{"rendered":"\n<p>Tietokannoissa on mahdollista tallentaa kulloinkin tehdyt haut ja niiden tulokset <strong>hakuhistorian (Search history)<\/strong> kautta. Tallentaminen edellytt\u00e4\u00e4 oman k\u00e4ytt\u00e4j\u00e4tunnuksen luomista. Monissa tietokannoissa hakuhistoria on n\u00e4kyvill\u00e4 koko istunnon ajan ilman erillist\u00e4 k\u00e4ytt\u00e4j\u00e4tunnusta ja kirjautumista.<\/p>\n\n\n\n<figure class=\"wp-block-image size-full\"><img loading=\"lazy\" decoding=\"async\" width=\"1347\" height=\"712\" src=\"https:\/\/blogs.uef.fi\/tiedonhaku-biologia\/wp-content\/uploads\/sites\/59\/2024\/01\/hakuhistoriat.png\" alt=\"Kuvakappaukset kolmesta tietokannasta. Punainen rinkula osoittaa hakuhistorian paikan. Scopus: Search-sivun alalaita. Web of Science: vasen toimintopalkki, kolmas kuvake (kello-ikoni). ProQuest: toinen toimintorivi ylh\u00e4\u00e4ll\u00e4, kohta Recent searches.\" class=\"wp-image-2989\" srcset=\"https:\/\/blogs.uef.fi\/tiedonhaku-biologia\/wp-content\/uploads\/sites\/59\/2024\/01\/hakuhistoriat.png 1347w, https:\/\/blogs.uef.fi\/tiedonhaku-biologia\/wp-content\/uploads\/sites\/59\/2024\/01\/hakuhistoriat-300x159.png 300w, https:\/\/blogs.uef.fi\/tiedonhaku-biologia\/wp-content\/uploads\/sites\/59\/2024\/01\/hakuhistoriat-1024x541.png 1024w, https:\/\/blogs.uef.fi\/tiedonhaku-biologia\/wp-content\/uploads\/sites\/59\/2024\/01\/hakuhistoriat-768x406.png 768w\" sizes=\"auto, (max-width: 1347px) 100vw, 1347px\" \/><figcaption class=\"wp-element-caption\"><em>Hakuhistorioiden paikat Scopus, Web of Science- ja Proquest-tietokannoissa.<\/em><\/figcaption><\/figure>\n\n\n\n<p>Hakujen tuloksia voi my\u00f6s tulostaa, l\u00e4hett\u00e4\u00e4 s\u00e4hk\u00f6postilla itselleen tai muille, tai siirt\u00e4\u00e4 toiseen ohjelmaan, esimerkiksi viitteidenhallintaohjelmaan tai Exceliin. T\u00e4m\u00e4 ei vaadi erillist\u00e4 k\u00e4ytt\u00e4j\u00e4tunnusta.<\/p>\n\n\n\n<h2 class=\"wp-block-heading\">Viitteidenhallintaohjelma s\u00e4ilytt\u00e4\u00e4 l\u00f6yt\u00e4m\u00e4si julkaisut<\/h2>\n\n\n\n<p>Kun tekee hakuja useissa eri tietokannoissa, on k\u00e4tev\u00e4\u00e4 koota halutut tietueet yhteen paikkaan k\u00e4ytt\u00f6\u00e4 odottamaan. Viitteidenhallintaohjelmat on t\u00e4llaisia tallennusalustoja.<\/p>\n\n\n\n<p>K\u00e4ytett\u00e4vi\u00e4 viitteidenhallintaohjelmia on useita, esimerkiksi Zotero ja Mendeley. <\/p>\n\n\n\n<h3 class=\"wp-block-heading\">Tietojen siirto tietokannoista<\/h3>\n\n\n\n<p>Joissakin tietokannoissa on suora linkki viitteiden siirt\u00e4miseksi tiettyyn viitteidenhallintaohjelmaan. Jos sellaista ei ole, voidaan k\u00e4ytt\u00e4\u00e4 tallennusta .ris -formaattiin tiedostoksi. Useimmiten l\u00e4hdet\u00e4\u00e4n liikkeelle <strong>Export-linkin <\/strong>kautta.<\/p>\n\n\n\n<p>Tiedosto voidaan sitten tuoda viitteidenhallintaohjelmaan <strong>Import-toiminnolla. <\/strong>Ohjelmaan siirret\u00e4\u00e4n varsinaisesti vain julkaisun viitetiedot, mutta artikkelin voi liitt\u00e4\u00e4 tiedostona mukaan j\u00e4lkeenp\u00e4in.<\/p>\n\n\n\n<p>Zotero-viitteidenhallintaohjelmassa selaimeen voi liitt\u00e4\u00e4 lis\u00e4osan Zotero Connector, joka vie n\u00e4yt\u00f6ll\u00e4 n\u00e4kyv\u00e4t tulokset suoraan Zoteroon. Kyseess\u00e4 voi olla tuloslistaus, kuten kuvassa, yksitt\u00e4inen viite tai vaikkapa nettisivu.<\/p>\n\n\n\n<figure class=\"wp-block-image size-full\"><img loading=\"lazy\" decoding=\"async\" width=\"982\" height=\"942\" src=\"https:\/\/blogs.uef.fi\/tiedonhaku-biologia\/wp-content\/uploads\/sites\/59\/2022\/10\/BIO_zotero.png\" alt=\"Kuvakaappaus. N\u00e4kyvilla lista tietokantahaun tuloksia. Firefox-selaimen oikeasta yl\u00e4kulmasta on ympyr\u00f6ity keltainen kansio-kuvake.\" class=\"wp-image-2049\" style=\"object-fit:cover\" srcset=\"https:\/\/blogs.uef.fi\/tiedonhaku-biologia\/wp-content\/uploads\/sites\/59\/2022\/10\/BIO_zotero.png 982w, https:\/\/blogs.uef.fi\/tiedonhaku-biologia\/wp-content\/uploads\/sites\/59\/2022\/10\/BIO_zotero-300x288.png 300w, https:\/\/blogs.uef.fi\/tiedonhaku-biologia\/wp-content\/uploads\/sites\/59\/2022\/10\/BIO_zotero-768x737.png 768w\" sizes=\"auto, (max-width: 982px) 100vw, 982px\" \/><figcaption class=\"wp-element-caption\"><em>Zotero-lis\u00e4osa n\u00e4kyy selaimessa pienen\u00e4 kuvakkeena, jonka ulkoasu vaihtelee hieman. T\u00e4ss\u00e4 esimerkiss\u00e4 se on keltainen kansio, koska ollaan viem\u00e4ss\u00e4 kokonaista listaa, ei yksitt\u00e4ist\u00e4 artikkelia.<\/em><\/figcaption><\/figure>\n\n\n\n<p>Viitteidenhallintaohjelman avulla on my\u00f6s k\u00e4tev\u00e4\u00e4 tarkistaa, onko kyseinen viite jo ennest\u00e4\u00e4n tallennessa \u2013 n\u00e4in sinun ei tarvitse mietti\u00e4 asiaa, kun valitset tuloksia siirrett\u00e4v\u00e4ksi tietokannassa.<\/p>\n\n\n\n<p>Lue kirjaston kotisivulta lis\u00e4\u00e4 <a href=\"https:\/\/www.uef.fi\/fi\/kirjasto\/lahdeviitteet#paragraph-13098\" target=\"_blank\" rel=\"noreferrer noopener\">Zotero- ja Mendeley-ohjelmista<\/a>.<\/p>\n\n\n\n<h3 class=\"wp-block-heading\">Tee l\u00e4hdeluettelo viitteidenhallintaohjelmassa<\/h3>\n\n\n\n<p>Paitsi s\u00e4il\u00f6\u00e4 hakujen tuloksia, <strong>viitteidenhallintaohjelman avulla voidaan my\u00f6s tehd\u00e4 valmiita l\u00e4hdeluetteloita<\/strong>. L\u00e4hdeluettelon muoto voidaan valita valmiista malleista tai tehd\u00e4 itse. L\u00e4hdeluettelon voi siirt\u00e4\u00e4 tekstink\u00e4sittelyohjelmaan.<\/p>\n\n\n\n<p class=\"has-text-align-right\">Seuraava sivu: <a href=\"https:\/\/blogs.uef.fi\/tiedonhaku-biologia\/tulokset\/viittaaminen\/\">Viittaaminen<\/a><\/p>\n","protected":false},"excerpt":{"rendered":"<p>Tietokannoissa on mahdollista tallentaa kulloinkin tehdyt haut ja niiden tulokset hakuhistorian (Search history) kautta. Tallentaminen edellytt\u00e4\u00e4 oman k\u00e4ytt\u00e4j\u00e4tunnuksen luomista. Monissa tietokannoissa hakuhistoria on n\u00e4kyvill\u00e4 koko istunnon ajan ilman erillist\u00e4 k\u00e4ytt\u00e4j\u00e4tunnusta ja kirjautumista. Hakujen tuloksia voi my\u00f6s tulostaa, l\u00e4hett\u00e4\u00e4 s\u00e4hk\u00f6postilla itselleen tai muille, tai siirt\u00e4\u00e4 toiseen ohjelmaan, esimerkiksi viitteidenhallintaohjelmaan tai Exceliin. T\u00e4m\u00e4 ei vaadi erillist\u00e4 k\u00e4ytt\u00e4j\u00e4tunnusta. [&hellip;]<\/p>\n","protected":false},"author":190,"featured_media":250,"parent":2,"menu_order":0,"comment_status":"closed","ping_status":"closed","template":"","meta":{"_acf_changed":false,"footnotes":""},"class_list":["post-308","page","type-page","status-publish","has-post-thumbnail","hentry"],"acf":[],"yoast_head":"<!-- This site is optimized with the Yoast SEO plugin v27.3 - https:\/\/yoast.com\/product\/yoast-seo-wordpress\/ -->\n<title>4.4 Tulosten tallentaminen - Biologian tiedonhaku \/\/ UEF Kirjasto<\/title>\n<meta name=\"robots\" content=\"index, follow, max-snippet:-1, max-image-preview:large, max-video-preview:-1\" \/>\n<link rel=\"canonical\" href=\"https:\/\/blogs.uef.fi\/tiedonhaku-biologia\/tulokset\/tulosten-tallentaminen\/\" \/>\n<meta property=\"og:locale\" content=\"fi_FI\" \/>\n<meta property=\"og:type\" content=\"article\" \/>\n<meta property=\"og:title\" content=\"4.4 Tulosten tallentaminen - Biologian tiedonhaku \/\/ UEF Kirjasto\" \/>\n<meta property=\"og:description\" content=\"Tietokannoissa on mahdollista tallentaa kulloinkin tehdyt haut ja niiden tulokset hakuhistorian (Search history) kautta. Tallentaminen edellytt\u00e4\u00e4 oman k\u00e4ytt\u00e4j\u00e4tunnuksen luomista. Monissa tietokannoissa hakuhistoria on n\u00e4kyvill\u00e4 koko istunnon ajan ilman erillist\u00e4 k\u00e4ytt\u00e4j\u00e4tunnusta ja kirjautumista. Hakujen tuloksia voi my\u00f6s tulostaa, l\u00e4hett\u00e4\u00e4 s\u00e4hk\u00f6postilla itselleen tai muille, tai siirt\u00e4\u00e4 toiseen ohjelmaan, esimerkiksi viitteidenhallintaohjelmaan tai Exceliin. T\u00e4m\u00e4 ei vaadi erillist\u00e4 k\u00e4ytt\u00e4j\u00e4tunnusta. [&hellip;]\" \/>\n<meta property=\"og:url\" content=\"https:\/\/blogs.uef.fi\/tiedonhaku-biologia\/tulokset\/tulosten-tallentaminen\/\" \/>\n<meta property=\"og:site_name\" content=\"Biologian tiedonhaku \/\/ UEF Kirjasto\" \/>\n<meta property=\"article:modified_time\" content=\"2024-05-17T12:19:51+00:00\" \/>\n<meta name=\"twitter:card\" content=\"summary_large_image\" \/>\n<meta name=\"twitter:label1\" content=\"Arvioitu lukuaika\" \/>\n\t<meta name=\"twitter:data1\" content=\"2 minuuttia\" \/>\n<script type=\"application\/ld+json\" class=\"yoast-schema-graph\">{\"@context\":\"https:\\\/\\\/schema.org\",\"@graph\":[{\"@type\":\"WebPage\",\"@id\":\"https:\\\/\\\/blogs.uef.fi\\\/tiedonhaku-biologia\\\/tulokset\\\/tulosten-tallentaminen\\\/\",\"url\":\"https:\\\/\\\/blogs.uef.fi\\\/tiedonhaku-biologia\\\/tulokset\\\/tulosten-tallentaminen\\\/\",\"name\":\"4.4 Tulosten tallentaminen - Biologian tiedonhaku \\\/\\\/ UEF Kirjasto\",\"isPartOf\":{\"@id\":\"https:\\\/\\\/blogs.uef.fi\\\/tiedonhaku-biologia\\\/#website\"},\"primaryImageOfPage\":{\"@id\":\"https:\\\/\\\/blogs.uef.fi\\\/tiedonhaku-biologia\\\/tulokset\\\/tulosten-tallentaminen\\\/#primaryimage\"},\"image\":{\"@id\":\"https:\\\/\\\/blogs.uef.fi\\\/tiedonhaku-biologia\\\/tulokset\\\/tulosten-tallentaminen\\\/#primaryimage\"},\"thumbnailUrl\":\"\",\"datePublished\":\"2017-06-21T07:31:39+00:00\",\"dateModified\":\"2024-05-17T12:19:51+00:00\",\"breadcrumb\":{\"@id\":\"https:\\\/\\\/blogs.uef.fi\\\/tiedonhaku-biologia\\\/tulokset\\\/tulosten-tallentaminen\\\/#breadcrumb\"},\"inLanguage\":\"fi\",\"potentialAction\":[{\"@type\":\"ReadAction\",\"target\":[\"https:\\\/\\\/blogs.uef.fi\\\/tiedonhaku-biologia\\\/tulokset\\\/tulosten-tallentaminen\\\/\"]}]},{\"@type\":\"ImageObject\",\"inLanguage\":\"fi\",\"@id\":\"https:\\\/\\\/blogs.uef.fi\\\/tiedonhaku-biologia\\\/tulokset\\\/tulosten-tallentaminen\\\/#primaryimage\",\"url\":\"\",\"contentUrl\":\"\"},{\"@type\":\"BreadcrumbList\",\"@id\":\"https:\\\/\\\/blogs.uef.fi\\\/tiedonhaku-biologia\\\/tulokset\\\/tulosten-tallentaminen\\\/#breadcrumb\",\"itemListElement\":[{\"@type\":\"ListItem\",\"position\":1,\"name\":\"Home\",\"item\":\"https:\\\/\\\/blogs.uef.fi\\\/tiedonhaku-biologia\\\/\"},{\"@type\":\"ListItem\",\"position\":2,\"name\":\"4. Hakutulokset\",\"item\":\"https:\\\/\\\/blogs.uef.fi\\\/tiedonhaku-biologia\\\/tulokset\\\/\"},{\"@type\":\"ListItem\",\"position\":3,\"name\":\"4.4 Tulosten tallentaminen\"}]},{\"@type\":\"WebSite\",\"@id\":\"https:\\\/\\\/blogs.uef.fi\\\/tiedonhaku-biologia\\\/#website\",\"url\":\"https:\\\/\\\/blogs.uef.fi\\\/tiedonhaku-biologia\\\/\",\"name\":\"Biologian tiedonhaku \\\/\\\/ UEF Kirjasto\",\"description\":\"Biologian tiedonhaku on kattava oppimateriaali tiedonhakuun biologeille. Se sis\u00e4lt\u00e4\u00e4 yleiset tiedonhaun tekniikat sek\u00e4 biologian tiedonl\u00e4hteet ohjeineen ja esimerkkeineen.\",\"potentialAction\":[{\"@type\":\"SearchAction\",\"target\":{\"@type\":\"EntryPoint\",\"urlTemplate\":\"https:\\\/\\\/blogs.uef.fi\\\/tiedonhaku-biologia\\\/?s={search_term_string}\"},\"query-input\":{\"@type\":\"PropertyValueSpecification\",\"valueRequired\":true,\"valueName\":\"search_term_string\"}}],\"inLanguage\":\"fi\"}]}<\/script>\n<!-- \/ Yoast SEO plugin. -->","yoast_head_json":{"title":"4.4 Tulosten tallentaminen - Biologian tiedonhaku \/\/ UEF Kirjasto","robots":{"index":"index","follow":"follow","max-snippet":"max-snippet:-1","max-image-preview":"max-image-preview:large","max-video-preview":"max-video-preview:-1"},"canonical":"https:\/\/blogs.uef.fi\/tiedonhaku-biologia\/tulokset\/tulosten-tallentaminen\/","og_locale":"fi_FI","og_type":"article","og_title":"4.4 Tulosten tallentaminen - Biologian tiedonhaku \/\/ UEF Kirjasto","og_description":"Tietokannoissa on mahdollista tallentaa kulloinkin tehdyt haut ja niiden tulokset hakuhistorian (Search history) kautta. Tallentaminen edellytt\u00e4\u00e4 oman k\u00e4ytt\u00e4j\u00e4tunnuksen luomista. Monissa tietokannoissa hakuhistoria on n\u00e4kyvill\u00e4 koko istunnon ajan ilman erillist\u00e4 k\u00e4ytt\u00e4j\u00e4tunnusta ja kirjautumista. Hakujen tuloksia voi my\u00f6s tulostaa, l\u00e4hett\u00e4\u00e4 s\u00e4hk\u00f6postilla itselleen tai muille, tai siirt\u00e4\u00e4 toiseen ohjelmaan, esimerkiksi viitteidenhallintaohjelmaan tai Exceliin. T\u00e4m\u00e4 ei vaadi erillist\u00e4 k\u00e4ytt\u00e4j\u00e4tunnusta. [&hellip;]","og_url":"https:\/\/blogs.uef.fi\/tiedonhaku-biologia\/tulokset\/tulosten-tallentaminen\/","og_site_name":"Biologian tiedonhaku \/\/ UEF Kirjasto","article_modified_time":"2024-05-17T12:19:51+00:00","twitter_card":"summary_large_image","twitter_misc":{"Arvioitu lukuaika":"2 minuuttia"},"schema":{"@context":"https:\/\/schema.org","@graph":[{"@type":"WebPage","@id":"https:\/\/blogs.uef.fi\/tiedonhaku-biologia\/tulokset\/tulosten-tallentaminen\/","url":"https:\/\/blogs.uef.fi\/tiedonhaku-biologia\/tulokset\/tulosten-tallentaminen\/","name":"4.4 Tulosten tallentaminen - Biologian tiedonhaku \/\/ UEF Kirjasto","isPartOf":{"@id":"https:\/\/blogs.uef.fi\/tiedonhaku-biologia\/#website"},"primaryImageOfPage":{"@id":"https:\/\/blogs.uef.fi\/tiedonhaku-biologia\/tulokset\/tulosten-tallentaminen\/#primaryimage"},"image":{"@id":"https:\/\/blogs.uef.fi\/tiedonhaku-biologia\/tulokset\/tulosten-tallentaminen\/#primaryimage"},"thumbnailUrl":"","datePublished":"2017-06-21T07:31:39+00:00","dateModified":"2024-05-17T12:19:51+00:00","breadcrumb":{"@id":"https:\/\/blogs.uef.fi\/tiedonhaku-biologia\/tulokset\/tulosten-tallentaminen\/#breadcrumb"},"inLanguage":"fi","potentialAction":[{"@type":"ReadAction","target":["https:\/\/blogs.uef.fi\/tiedonhaku-biologia\/tulokset\/tulosten-tallentaminen\/"]}]},{"@type":"ImageObject","inLanguage":"fi","@id":"https:\/\/blogs.uef.fi\/tiedonhaku-biologia\/tulokset\/tulosten-tallentaminen\/#primaryimage","url":"","contentUrl":""},{"@type":"BreadcrumbList","@id":"https:\/\/blogs.uef.fi\/tiedonhaku-biologia\/tulokset\/tulosten-tallentaminen\/#breadcrumb","itemListElement":[{"@type":"ListItem","position":1,"name":"Home","item":"https:\/\/blogs.uef.fi\/tiedonhaku-biologia\/"},{"@type":"ListItem","position":2,"name":"4. Hakutulokset","item":"https:\/\/blogs.uef.fi\/tiedonhaku-biologia\/tulokset\/"},{"@type":"ListItem","position":3,"name":"4.4 Tulosten tallentaminen"}]},{"@type":"WebSite","@id":"https:\/\/blogs.uef.fi\/tiedonhaku-biologia\/#website","url":"https:\/\/blogs.uef.fi\/tiedonhaku-biologia\/","name":"Biologian tiedonhaku \/\/ UEF Kirjasto","description":"Biologian tiedonhaku on kattava oppimateriaali tiedonhakuun biologeille. Se sis\u00e4lt\u00e4\u00e4 yleiset tiedonhaun tekniikat sek\u00e4 biologian tiedonl\u00e4hteet ohjeineen ja esimerkkeineen.","potentialAction":[{"@type":"SearchAction","target":{"@type":"EntryPoint","urlTemplate":"https:\/\/blogs.uef.fi\/tiedonhaku-biologia\/?s={search_term_string}"},"query-input":{"@type":"PropertyValueSpecification","valueRequired":true,"valueName":"search_term_string"}}],"inLanguage":"fi"}]}},"_links":{"self":[{"href":"https:\/\/blogs.uef.fi\/tiedonhaku-biologia\/wp-json\/wp\/v2\/pages\/308","targetHints":{"allow":["GET"]}}],"collection":[{"href":"https:\/\/blogs.uef.fi\/tiedonhaku-biologia\/wp-json\/wp\/v2\/pages"}],"about":[{"href":"https:\/\/blogs.uef.fi\/tiedonhaku-biologia\/wp-json\/wp\/v2\/types\/page"}],"author":[{"embeddable":true,"href":"https:\/\/blogs.uef.fi\/tiedonhaku-biologia\/wp-json\/wp\/v2\/users\/190"}],"replies":[{"embeddable":true,"href":"https:\/\/blogs.uef.fi\/tiedonhaku-biologia\/wp-json\/wp\/v2\/comments?post=308"}],"version-history":[{"count":2,"href":"https:\/\/blogs.uef.fi\/tiedonhaku-biologia\/wp-json\/wp\/v2\/pages\/308\/revisions"}],"predecessor-version":[{"id":3082,"href":"https:\/\/blogs.uef.fi\/tiedonhaku-biologia\/wp-json\/wp\/v2\/pages\/308\/revisions\/3082"}],"up":[{"embeddable":true,"href":"https:\/\/blogs.uef.fi\/tiedonhaku-biologia\/wp-json\/wp\/v2\/pages\/2"}],"wp:featuredmedia":[{"embeddable":true,"href":"https:\/\/blogs.uef.fi\/tiedonhaku-biologia\/wp-json\/"}],"wp:attachment":[{"href":"https:\/\/blogs.uef.fi\/tiedonhaku-biologia\/wp-json\/wp\/v2\/media?parent=308"}],"curies":[{"name":"wp","href":"https:\/\/api.w.org\/{rel}","templated":true}]}}