{"id":305,"date":"2017-06-21T07:29:14","date_gmt":"2017-06-21T07:29:14","guid":{"rendered":"https:\/\/biotiedonhaku.wordpress.com\/?page_id=305"},"modified":"2026-03-06T10:03:08","modified_gmt":"2026-03-06T08:03:08","slug":"julkaisujen-saatavuus","status":"publish","type":"page","link":"https:\/\/blogs.uef.fi\/tiedonhaku-biologia\/tulokset\/julkaisujen-saatavuus\/","title":{"rendered":"4.2 Julkaisujen saatavuus"},"content":{"rendered":"\n<p style=\"font-size:17px\">L\u00e4hes kaikki julkaisut ovat saatavilla tavalla toisella. Kaikki eiv\u00e4t kuitenkaan l\u00f6ydy netist\u00e4 ja joskus julkaisun saamisesta pit\u00e4\u00e4 maksaa.<\/p>\n\n\n\n<h2 class=\"wp-block-heading\">J\u00e4ljit\u00e4 artikkelia tai kirjaa suoraan verkosta<\/h2>\n\n\n\n<p>Tietokannassa voi n\u00e4ky\u00e4 suoria linkkeja tai apuv\u00e4lineit\u00e4 julkaisun aukaisemiseksi:<\/p>\n\n\n\n<ul class=\"wp-block-list\">\n<li><strong>Full Text tai PDF tai HTML -linkki<\/strong> tietueessa, aukaisee artikkelin suoraan<\/li>\n\n\n\n<li><strong>Find It -kuvake<\/strong>, joka selvitt\u00e4\u00e4 onko k\u00e4ytt\u00f6oikeutta verkkoversioon \u2013 aina sit\u00e4 ei ole!<\/li>\n\n\n\n<li>Googlaa tietueessa n\u00e4kyv\u00e4ll\u00e4 <strong>DOI-osoitteella<\/strong>, tai jos sit\u00e4 ei ole, <strong>artikkelin nimell\u00e4<\/strong><br><br>DOI on verkossa olevan dokumentin (artikkeli, kuva, video jne.) pysyv\u00e4 tunnistenumero. DOI viittaa tiettyyn dokumenttiin sen verkko-osoitteesta riippumatta, ts. sivuston osoite voi muuttua, mutta DOI:n avulla itse dokumentti l\u00f6ytyy aina. DOI-linkki toimii hyvin, kun ollaan yliopiston verkossa.<\/li>\n<\/ul>\n\n\n\n<figure class=\"wp-block-image size-full is-resized\"><img loading=\"lazy\" decoding=\"async\" width=\"1174\" height=\"347\" src=\"https:\/\/blogs.uef.fi\/tiedonhaku-biologia\/wp-content\/uploads\/sites\/59\/2021\/10\/BIO_doi.png\" alt=\"Kuvakaappaus tietokantaviitteest\u00e4. N\u00e4kyvill\u00e4 artikkelin otsikko, tekij\u00e4t ja julkaisutiedot. Vasemmalla korostettuna rivi, jossa lukee DOI: 10.1007\/BF03194480.\" class=\"wp-image-1614\" style=\"width:587px;height:174px\" srcset=\"https:\/\/blogs.uef.fi\/tiedonhaku-biologia\/wp-content\/uploads\/sites\/59\/2021\/10\/BIO_doi.png 1174w, https:\/\/blogs.uef.fi\/tiedonhaku-biologia\/wp-content\/uploads\/sites\/59\/2021\/10\/BIO_doi-300x89.png 300w, https:\/\/blogs.uef.fi\/tiedonhaku-biologia\/wp-content\/uploads\/sites\/59\/2021\/10\/BIO_doi-1024x303.png 1024w, https:\/\/blogs.uef.fi\/tiedonhaku-biologia\/wp-content\/uploads\/sites\/59\/2021\/10\/BIO_doi-768x227.png 768w\" sizes=\"auto, (max-width: 1174px) 100vw, 1174px\" \/><\/figure>\n\n\n\n<p>Vinkki: DOI-tunniste kannattaa liitt\u00e4\u00e4 julkaisun l\u00e4hdeluetteloon verkko-osoitteen sijasta.<\/p>\n\n\n\n<div class=\"links-block\">\n\n    \n    <ul class=\"link-list\">\n        \n            \n            <li class=\"link-list-item\">\n                <a href=\"https:\/\/uef.cloud.panopto.eu\/Panopto\/Pages\/Viewer.aspx?id=184ac1f4-440a-4e73-8e06-b097009f5371\" class=\"link-reset link hover-scale-down\">\n                    <svg\n        width=\"43\" height=\"25\"\n        viewBox=\"0 0 43 25\"\n        xmlns=\"http:\/\/www.w3.org\/2000\/svg\">\n    <path\n        d=\"M30.027 0 43 12.5 30.027 25 27 22.083 34.351 15H0v-5h34.351L27 2.917z\"\n        fill=\"currentColor\"\n        fill-rule=\"evenodd\"\/>\n<\/svg>                    <div>Katso video Find it -napin toiminnasta (2:36)<\/div>\n                <\/a>\n                <div class=\"link-info\">\n                                    <\/div>\n            <\/li>\n\n                <\/ul>\n<\/div>\n\n\n<p><strong>Voit my\u00f6s asentaa itse selaimeesi erilaisia lis\u00e4osia,<\/strong> jotka auttavat julkaisun j\u00e4ljitt\u00e4misess\u00e4:<\/p>\n\n\n\n<ul class=\"wp-block-list\">\n<li>LibKey-kuvake, joka tunnistaa olemassa olevan UEFin k\u00e4ytt\u00f6oikeuden ja ilmaantuu n\u00e4kyviin vain, jos k\u00e4ytt\u00f6oikeus on. <a href=\"https:\/\/thirdiron.com\/downloadnomad\/?gclid=EAIaIQobChMIx_j1u_aM8QIVA6OyCh0vCgJpEAAYASAAEgJs9PD_BwE\" target=\"_blank\" rel=\"noreferrer noopener\">Asenna t\u00e4st\u00e4 LibKey<\/a>.<\/li>\n\n\n\n<li>Lis\u00e4osa, joka tarkistaa, olisiko julkaisu saatavana jostakin toisesta palvelusta avoimesti ja laillisesti. Lue lis\u00e4\u00e4 n\u00e4ist\u00e4 <a href=\"https:\/\/www.uef.fi\/fi\/kirjasto\/avoimen-tiedon-hakuopas#paragraph-16102\" target=\"_blank\" rel=\"noreferrer noopener\">lis\u00e4osista<\/a> Avoimen tiedonhaun oppaasta.<\/li>\n<\/ul>\n\n\n\n<figure class=\"wp-block-image size-large is-resized\"><img decoding=\"async\" src=\"https:\/\/blogs.uef.fi\/tiedonhaku-kemia\/wp-content\/uploads\/sites\/177\/2022\/03\/lisaosia-1024x922.png\" alt=\"Nelj\u00e4 logoa kehyksen sis\u00e4ll\u00e4. Tummalla pohjalla vihre\u00e4 pisaran kuva ja teksti Download PDF, University of Eastern Finland. Alla seliteteksti: Libkey. Oranssi tyylitelty avoin lukko ja k\u00e4si aukaisemassa sit\u00e4. Alla seliteteksti: Open Access Button. Sininen tyylitelty p\u00e4\u00e4, jossa kolmikolkkahattu. Alla seliteteksti: Google Scholar Button. Vihre\u00e4n puolikaaren sis\u00e4ll\u00e4 valkoinen avoin lukko. Alla seliteteksti: Unpaywall.\" class=\"wp-image-806\" style=\"width:256px;height:231px\" \/><figcaption class=\"wp-element-caption\"><em>Lis\u00e4osien tunnuksia ja logoja<\/em><\/figcaption><\/figure>\n\n\n\n<h3 class=\"wp-block-heading\">Jos julkaisua ei heti l\u00f6ydy, kokeile seuraavaa<\/h3>\n\n\n\n<p>Tarkista UEF-Primon aineistot hakemalla:<\/p>\n\n\n\n<ul class=\"wp-block-list\">\n<li>artikkelia lehtihausta lehden nimell\u00e4<\/li>\n\n\n\n<li>artikkelia kirjassa kirjaston kokoelmista kirja nimen mukaan<\/li>\n\n\n\n<li>kirjaa kirjaston kokoelmista kirjan nimell\u00e4<\/li>\n\n\n\n<li>konferenssijulkaisua kirjaston kokoelmista konferenssin nimen mukaan<\/li>\n<\/ul>\n\n\n\n<p>UEF Primoa kannattaa kokeilla erityisesti silloin, jos k\u00e4ytt\u00e4m\u00e4si tietokone ei ole kampusverkossa \u2013 k\u00e4ytt\u00f6oikeuden tunnistaminen menee Primon kautta.<\/p>\n\n\n\n<p>Sama artikkeli voi olla tarjolla useamman eri palvelun kautta. Muista tarkkailla, milt\u00e4 ajalta kukin palvelu tarjoaa kyseist\u00e4 lehte\u00e4 <em>(Saatavilla alkaen)<\/em> :<\/p>\n\n\n\n<figure class=\"wp-block-image size-full\"><img loading=\"lazy\" decoding=\"async\" width=\"1080\" height=\"897\" src=\"https:\/\/blogs.uef.fi\/tiedonhaku-biologia\/wp-content\/uploads\/sites\/59\/2022\/10\/BIO_useita.png\" alt=\"Kuvakaappaus UEf-Primon tietueesta. Esill\u00e4 on yhden artikkelin tiedot sek\u00e4 kolme eri vaihtoehtoa kohdassa N\u00e4yt\u00e4 verkossa \u2013 Kokotekstin saatavuus. Kahdessa on tieto: Saattavilla alkaen 1.1.2002, viimeisin 2 kuukautta ei saatavilla. Kolmannen palvelun, Elsevier sd freedom, saatavuustieto on: alkaen 1.1.1995 volyymi 13 numero 1.\" class=\"wp-image-2040\" style=\"object-fit:cover\" srcset=\"https:\/\/blogs.uef.fi\/tiedonhaku-biologia\/wp-content\/uploads\/sites\/59\/2022\/10\/BIO_useita.png 1080w, https:\/\/blogs.uef.fi\/tiedonhaku-biologia\/wp-content\/uploads\/sites\/59\/2022\/10\/BIO_useita-300x249.png 300w, https:\/\/blogs.uef.fi\/tiedonhaku-biologia\/wp-content\/uploads\/sites\/59\/2022\/10\/BIO_useita-1024x850.png 1024w, https:\/\/blogs.uef.fi\/tiedonhaku-biologia\/wp-content\/uploads\/sites\/59\/2022\/10\/BIO_useita-768x638.png 768w\" sizes=\"auto, (max-width: 1080px) 100vw, 1080px\" \/><\/figure>\n\n\n\n<p>Tarkista tarvittaessa muut l\u00e4hiseutusi kirjastot: ammattikorkeakoulu ja kaupunginkirjasto.<\/p>\n\n\n\n<p>Tietokannoissa ja Googlella hakien vastaan voi tulla linkkej\u00e4, joissa artikkelin p\u00e4\u00e4see lukemaan vain maksua vastaan. T\u00e4m\u00e4 tarkoittaa, ett\u00e4 UEF ei ole hankkinut k\u00e4ytt\u00f6oikeuttaa verkkoversioon. T\u00e4llaisen artikkelin voi joko hankkia itse tai tehd\u00e4 siit\u00e4 kaukolainapyynn\u00f6n (katso tarkemmin alempaa).<\/p>\n\n\n\n<p>Muista, ett\u00e4 kirjaston asiakkaana voit tehd\u00e4 kirjastolle my\u00f6s <a href=\"https:\/\/www.uef.fi\/fi\/kirjasto\/tietoaineiston-hankinta\" target=\"_blank\" rel=\"noreferrer noopener\">hankintaesityksen<\/a> (linkki aukeaa uuteen ikkunaan) kirjasta, jota kokoelmiin ei sis\u00e4lly. Kirja voidaan hankkia, jos se on ajantasainen ja voisi hy\u00f6dytt\u00e4\u00e4 muitakin asiakkaita.<\/p>\n\n\n\n<h3 class=\"wp-block-heading\">Piraattisivustot<\/h3>\n\n\n\n<p>On olemassa sivustoja, jotka luvattomasti tallentavat maksullisia artikkeleita laajoiksi \u201dtietokannoiksi\u201d. Toiset pit\u00e4v\u00e4t n\u00e4it\u00e4 sivustoja sankareina, toiset roistoina. Tekij\u00e4noikeuksia ne joka tapauksessa loukkaavat.<\/p>\n\n\n\n<h2 class=\"wp-block-heading\">Vapaakappaleet: kotimainen kirjallisuus ulottuville<\/h2>\n\n\n\n<p>It\u00e4-Suomen yliopiston kirjastolla on k\u00e4yt\u00f6ss\u00e4\u00e4n kaikki Suomessa julkaistava kirjallisuus ns. vapaakappalelain perusteella. Oikeus on ollut Joensuun yliopiston kirjastolla vuodesta 1981 l\u00e4htien. <\/p>\n\n\n\n<p>Vapaakappaleet eiv\u00e4t kuulu kirjaston lainattaviin kokoelmiin, mutta ovat asiakkaiden saatavilla lukusalik\u00e4ytt\u00f6\u00f6n.<\/p>\n\n\n\n<p>Tiedot n\u00e4ist\u00e4 julkaisuista n\u00e4kyv\u00e4t UEF-Primossa (koskee tietokirjallisuutta vuodesta 2008 eteenp\u00e4in). UEF-Primossa on my\u00f6s linkki aineiston tilaamiseen. Aineistoa, joka ei n\u00e4y UEF-Primossa, voi kysy\u00e4 k\u00e4ytt\u00f6\u00f6n <a href=\"https:\/\/link.webropolsurveys.com\/Participation\/Public\/3861b4da-068a-4d2e-a5a8-8c9079677d76?displayId=Fin2040119&amp;surveyLocale=fi\" target=\"_blank\" rel=\"noreferrer noopener\">verkkolomakkeella<\/a>. Tilaus on maksuton.<\/p>\n\n\n\n<p>Eri yliopistojen gradut eiv\u00e4t kuulu vapaakappalelain piiriin, joten niit\u00e4 ei kirjastosta l\u00f6ydy.<\/p>\n\n\n\n<h3 class=\"wp-block-heading\">Verkossa olevat vapaakappaleaineistot:<\/h3>\n\n\n\n<p>Painettujen vapaakappaleiden lis\u00e4ksi tarjolla on verkosta tallennettuja vapaakappaleita. N\u00e4m\u00e4 ovat k\u00e4ytett\u00e4viss\u00e4 vain kampuskirjastoissa sijaitsevilla erillisill\u00e4 tietokoneilla. <\/p>\n\n\n\n<p>Lue kirjaston kotisivulta <a href=\"https:\/\/www.uef.fi\/fi\/kirjasto\/vapaakappaleet\" target=\"_blank\" rel=\"noreferrer noopener\">lis\u00e4\u00e4 tietoa vapaakappaleista<\/a>.<\/p>\n\n\n\n<h2 class=\"wp-block-heading\">Kaukolainaus : tilaa toisten kirjastojen aineistoja omaan kirjastoon<\/h2>\n\n\n\n<p>Jos haluttua aineistoa ei l\u00f6ydy kirjastosta, voi harkita kaukolainan tilausta. Kaukolainauksessa kirjan voi saada lainaksi, lehtiartikkeleista saa yleens\u00e4 kopion. Palvelu on maksullista. Kaukolaina voidaan tilata tarvittaessa my\u00f6s ulkomailta, jolloin se maksaa enemm\u00e4n \u2013 mieti siis edelt\u00e4 k\u00e4sin, paljonko olet valmis maksamaan (tarkista kirjaston <a href=\"https:\/\/www.uef.fi\/fi\/kirjasto\/hinnasto#paragraph-22432\" target=\"_blank\" rel=\"noreferrer noopener\">palveluhinnasto<\/a>).<\/p>\n\n\n\n<p>Kaukolainojen tilaus hoidetaan kirjaston kaukopalvelun kautta. Siell\u00e4 selvitet\u00e4\u00e4n my\u00f6s, mist\u00e4 julkaisu olisi nopeimmin ja edullisimmin saatavissa. Kaukopalvelutilauksen voi tehd\u00e4 <a href=\"https:\/\/forms.office.com\/Pages\/ResponsePage.aspx?id=Lp-HhwRz8ku68mPn-D88NMfwFGq1KFhMuf7WE9FPhWhURFo1REFIMTdKTjQ0TUZRMFI1S1NRN1dDWS4u\" target=\"_blank\" rel=\"noreferrer noopener\">verkkolomakkeella<\/a>.<\/p>\n\n\n\n<p class=\"has-text-align-right\">Seuraava sivu: <a href=\"https:\/\/blogs.uef.fi\/tiedonhaku-biologia\/julkaiseminen\/avoin\/\">Avoin julkaiseminen<\/a>. <\/p>\n","protected":false},"excerpt":{"rendered":"<p>L\u00e4hes kaikki julkaisut ovat saatavilla tavalla toisella. Kaikki eiv\u00e4t kuitenkaan l\u00f6ydy netist\u00e4 ja joskus julkaisun saamisesta pit\u00e4\u00e4 maksaa. J\u00e4ljit\u00e4 artikkelia tai kirjaa suoraan verkosta Tietokannassa voi n\u00e4ky\u00e4 suoria linkkeja tai apuv\u00e4lineit\u00e4 julkaisun aukaisemiseksi: Vinkki: DOI-tunniste kannattaa liitt\u00e4\u00e4 julkaisun l\u00e4hdeluetteloon verkko-osoitteen sijasta. Voit my\u00f6s asentaa itse selaimeesi erilaisia lis\u00e4osia, jotka auttavat julkaisun j\u00e4ljitt\u00e4misess\u00e4: Jos julkaisua ei [&hellip;]<\/p>\n","protected":false},"author":190,"featured_media":250,"parent":2,"menu_order":0,"comment_status":"closed","ping_status":"closed","template":"","meta":{"_acf_changed":false,"footnotes":""},"class_list":["post-305","page","type-page","status-publish","has-post-thumbnail","hentry"],"acf":[],"yoast_head":"<!-- This site is optimized with the Yoast SEO plugin v27.1.1 - https:\/\/yoast.com\/product\/yoast-seo-wordpress\/ -->\n<title>4.2 Julkaisujen saatavuus - Biologian tiedonhaku \/\/ UEF Kirjasto<\/title>\n<meta name=\"robots\" content=\"index, follow, max-snippet:-1, max-image-preview:large, max-video-preview:-1\" \/>\n<link rel=\"canonical\" href=\"https:\/\/blogs.uef.fi\/tiedonhaku-biologia\/tulokset\/julkaisujen-saatavuus\/\" \/>\n<meta property=\"og:locale\" content=\"fi_FI\" \/>\n<meta property=\"og:type\" content=\"article\" \/>\n<meta property=\"og:title\" content=\"4.2 Julkaisujen saatavuus - Biologian tiedonhaku \/\/ UEF Kirjasto\" \/>\n<meta property=\"og:description\" content=\"L\u00e4hes kaikki julkaisut ovat saatavilla tavalla toisella. Kaikki eiv\u00e4t kuitenkaan l\u00f6ydy netist\u00e4 ja joskus julkaisun saamisesta pit\u00e4\u00e4 maksaa. J\u00e4ljit\u00e4 artikkelia tai kirjaa suoraan verkosta Tietokannassa voi n\u00e4ky\u00e4 suoria linkkeja tai apuv\u00e4lineit\u00e4 julkaisun aukaisemiseksi: Vinkki: DOI-tunniste kannattaa liitt\u00e4\u00e4 julkaisun l\u00e4hdeluetteloon verkko-osoitteen sijasta. Voit my\u00f6s asentaa itse selaimeesi erilaisia lis\u00e4osia, jotka auttavat julkaisun j\u00e4ljitt\u00e4misess\u00e4: Jos julkaisua ei [&hellip;]\" \/>\n<meta property=\"og:url\" content=\"https:\/\/blogs.uef.fi\/tiedonhaku-biologia\/tulokset\/julkaisujen-saatavuus\/\" \/>\n<meta property=\"og:site_name\" content=\"Biologian tiedonhaku \/\/ UEF Kirjasto\" \/>\n<meta property=\"article:modified_time\" content=\"2026-03-06T08:03:08+00:00\" \/>\n<meta name=\"twitter:card\" content=\"summary_large_image\" \/>\n<meta name=\"twitter:label1\" content=\"Arvioitu lukuaika\" \/>\n\t<meta name=\"twitter:data1\" content=\"4 minuuttia\" \/>\n<script type=\"application\/ld+json\" class=\"yoast-schema-graph\">{\"@context\":\"https:\/\/schema.org\",\"@graph\":[{\"@type\":\"WebPage\",\"@id\":\"https:\/\/blogs.uef.fi\/tiedonhaku-biologia\/tulokset\/julkaisujen-saatavuus\/\",\"url\":\"https:\/\/blogs.uef.fi\/tiedonhaku-biologia\/tulokset\/julkaisujen-saatavuus\/\",\"name\":\"4.2 Julkaisujen saatavuus - Biologian tiedonhaku \/\/ UEF Kirjasto\",\"isPartOf\":{\"@id\":\"https:\/\/blogs.uef.fi\/tiedonhaku-biologia\/#website\"},\"primaryImageOfPage\":{\"@id\":\"https:\/\/blogs.uef.fi\/tiedonhaku-biologia\/tulokset\/julkaisujen-saatavuus\/#primaryimage\"},\"image\":{\"@id\":\"https:\/\/blogs.uef.fi\/tiedonhaku-biologia\/tulokset\/julkaisujen-saatavuus\/#primaryimage\"},\"thumbnailUrl\":\"\",\"datePublished\":\"2017-06-21T07:29:14+00:00\",\"dateModified\":\"2026-03-06T08:03:08+00:00\",\"breadcrumb\":{\"@id\":\"https:\/\/blogs.uef.fi\/tiedonhaku-biologia\/tulokset\/julkaisujen-saatavuus\/#breadcrumb\"},\"inLanguage\":\"fi\",\"potentialAction\":[{\"@type\":\"ReadAction\",\"target\":[\"https:\/\/blogs.uef.fi\/tiedonhaku-biologia\/tulokset\/julkaisujen-saatavuus\/\"]}]},{\"@type\":\"ImageObject\",\"inLanguage\":\"fi\",\"@id\":\"https:\/\/blogs.uef.fi\/tiedonhaku-biologia\/tulokset\/julkaisujen-saatavuus\/#primaryimage\",\"url\":\"\",\"contentUrl\":\"\"},{\"@type\":\"BreadcrumbList\",\"@id\":\"https:\/\/blogs.uef.fi\/tiedonhaku-biologia\/tulokset\/julkaisujen-saatavuus\/#breadcrumb\",\"itemListElement\":[{\"@type\":\"ListItem\",\"position\":1,\"name\":\"Home\",\"item\":\"https:\/\/blogs.uef.fi\/tiedonhaku-biologia\/\"},{\"@type\":\"ListItem\",\"position\":2,\"name\":\"4. Hakutulokset\",\"item\":\"https:\/\/blogs.uef.fi\/tiedonhaku-biologia\/tulokset\/\"},{\"@type\":\"ListItem\",\"position\":3,\"name\":\"4.2 Julkaisujen saatavuus\"}]},{\"@type\":\"WebSite\",\"@id\":\"https:\/\/blogs.uef.fi\/tiedonhaku-biologia\/#website\",\"url\":\"https:\/\/blogs.uef.fi\/tiedonhaku-biologia\/\",\"name\":\"Biologian tiedonhaku \/\/ UEF Kirjasto\",\"description\":\"Biologian tiedonhaku on kattava oppimateriaali tiedonhakuun biologeille. Se sis\u00e4lt\u00e4\u00e4 yleiset tiedonhaun tekniikat sek\u00e4 biologian tiedonl\u00e4hteet ohjeineen ja esimerkkeineen.\",\"potentialAction\":[{\"@type\":\"SearchAction\",\"target\":{\"@type\":\"EntryPoint\",\"urlTemplate\":\"https:\/\/blogs.uef.fi\/tiedonhaku-biologia\/?s={search_term_string}\"},\"query-input\":{\"@type\":\"PropertyValueSpecification\",\"valueRequired\":true,\"valueName\":\"search_term_string\"}}],\"inLanguage\":\"fi\"}]}<\/script>\n<!-- \/ Yoast SEO plugin. -->","yoast_head_json":{"title":"4.2 Julkaisujen saatavuus - Biologian tiedonhaku \/\/ UEF Kirjasto","robots":{"index":"index","follow":"follow","max-snippet":"max-snippet:-1","max-image-preview":"max-image-preview:large","max-video-preview":"max-video-preview:-1"},"canonical":"https:\/\/blogs.uef.fi\/tiedonhaku-biologia\/tulokset\/julkaisujen-saatavuus\/","og_locale":"fi_FI","og_type":"article","og_title":"4.2 Julkaisujen saatavuus - Biologian tiedonhaku \/\/ UEF Kirjasto","og_description":"L\u00e4hes kaikki julkaisut ovat saatavilla tavalla toisella. Kaikki eiv\u00e4t kuitenkaan l\u00f6ydy netist\u00e4 ja joskus julkaisun saamisesta pit\u00e4\u00e4 maksaa. J\u00e4ljit\u00e4 artikkelia tai kirjaa suoraan verkosta Tietokannassa voi n\u00e4ky\u00e4 suoria linkkeja tai apuv\u00e4lineit\u00e4 julkaisun aukaisemiseksi: Vinkki: DOI-tunniste kannattaa liitt\u00e4\u00e4 julkaisun l\u00e4hdeluetteloon verkko-osoitteen sijasta. Voit my\u00f6s asentaa itse selaimeesi erilaisia lis\u00e4osia, jotka auttavat julkaisun j\u00e4ljitt\u00e4misess\u00e4: Jos julkaisua ei [&hellip;]","og_url":"https:\/\/blogs.uef.fi\/tiedonhaku-biologia\/tulokset\/julkaisujen-saatavuus\/","og_site_name":"Biologian tiedonhaku \/\/ UEF Kirjasto","article_modified_time":"2026-03-06T08:03:08+00:00","twitter_card":"summary_large_image","twitter_misc":{"Arvioitu lukuaika":"4 minuuttia"},"schema":{"@context":"https:\/\/schema.org","@graph":[{"@type":"WebPage","@id":"https:\/\/blogs.uef.fi\/tiedonhaku-biologia\/tulokset\/julkaisujen-saatavuus\/","url":"https:\/\/blogs.uef.fi\/tiedonhaku-biologia\/tulokset\/julkaisujen-saatavuus\/","name":"4.2 Julkaisujen saatavuus - Biologian tiedonhaku \/\/ UEF Kirjasto","isPartOf":{"@id":"https:\/\/blogs.uef.fi\/tiedonhaku-biologia\/#website"},"primaryImageOfPage":{"@id":"https:\/\/blogs.uef.fi\/tiedonhaku-biologia\/tulokset\/julkaisujen-saatavuus\/#primaryimage"},"image":{"@id":"https:\/\/blogs.uef.fi\/tiedonhaku-biologia\/tulokset\/julkaisujen-saatavuus\/#primaryimage"},"thumbnailUrl":"","datePublished":"2017-06-21T07:29:14+00:00","dateModified":"2026-03-06T08:03:08+00:00","breadcrumb":{"@id":"https:\/\/blogs.uef.fi\/tiedonhaku-biologia\/tulokset\/julkaisujen-saatavuus\/#breadcrumb"},"inLanguage":"fi","potentialAction":[{"@type":"ReadAction","target":["https:\/\/blogs.uef.fi\/tiedonhaku-biologia\/tulokset\/julkaisujen-saatavuus\/"]}]},{"@type":"ImageObject","inLanguage":"fi","@id":"https:\/\/blogs.uef.fi\/tiedonhaku-biologia\/tulokset\/julkaisujen-saatavuus\/#primaryimage","url":"","contentUrl":""},{"@type":"BreadcrumbList","@id":"https:\/\/blogs.uef.fi\/tiedonhaku-biologia\/tulokset\/julkaisujen-saatavuus\/#breadcrumb","itemListElement":[{"@type":"ListItem","position":1,"name":"Home","item":"https:\/\/blogs.uef.fi\/tiedonhaku-biologia\/"},{"@type":"ListItem","position":2,"name":"4. Hakutulokset","item":"https:\/\/blogs.uef.fi\/tiedonhaku-biologia\/tulokset\/"},{"@type":"ListItem","position":3,"name":"4.2 Julkaisujen saatavuus"}]},{"@type":"WebSite","@id":"https:\/\/blogs.uef.fi\/tiedonhaku-biologia\/#website","url":"https:\/\/blogs.uef.fi\/tiedonhaku-biologia\/","name":"Biologian tiedonhaku \/\/ UEF Kirjasto","description":"Biologian tiedonhaku on kattava oppimateriaali tiedonhakuun biologeille. Se sis\u00e4lt\u00e4\u00e4 yleiset tiedonhaun tekniikat sek\u00e4 biologian tiedonl\u00e4hteet ohjeineen ja esimerkkeineen.","potentialAction":[{"@type":"SearchAction","target":{"@type":"EntryPoint","urlTemplate":"https:\/\/blogs.uef.fi\/tiedonhaku-biologia\/?s={search_term_string}"},"query-input":{"@type":"PropertyValueSpecification","valueRequired":true,"valueName":"search_term_string"}}],"inLanguage":"fi"}]}},"_links":{"self":[{"href":"https:\/\/blogs.uef.fi\/tiedonhaku-biologia\/wp-json\/wp\/v2\/pages\/305","targetHints":{"allow":["GET"]}}],"collection":[{"href":"https:\/\/blogs.uef.fi\/tiedonhaku-biologia\/wp-json\/wp\/v2\/pages"}],"about":[{"href":"https:\/\/blogs.uef.fi\/tiedonhaku-biologia\/wp-json\/wp\/v2\/types\/page"}],"author":[{"embeddable":true,"href":"https:\/\/blogs.uef.fi\/tiedonhaku-biologia\/wp-json\/wp\/v2\/users\/190"}],"replies":[{"embeddable":true,"href":"https:\/\/blogs.uef.fi\/tiedonhaku-biologia\/wp-json\/wp\/v2\/comments?post=305"}],"version-history":[{"count":2,"href":"https:\/\/blogs.uef.fi\/tiedonhaku-biologia\/wp-json\/wp\/v2\/pages\/305\/revisions"}],"predecessor-version":[{"id":3235,"href":"https:\/\/blogs.uef.fi\/tiedonhaku-biologia\/wp-json\/wp\/v2\/pages\/305\/revisions\/3235"}],"up":[{"embeddable":true,"href":"https:\/\/blogs.uef.fi\/tiedonhaku-biologia\/wp-json\/wp\/v2\/pages\/2"}],"wp:featuredmedia":[{"embeddable":true,"href":"https:\/\/blogs.uef.fi\/tiedonhaku-biologia\/wp-json\/"}],"wp:attachment":[{"href":"https:\/\/blogs.uef.fi\/tiedonhaku-biologia\/wp-json\/wp\/v2\/media?parent=305"}],"curies":[{"name":"wp","href":"https:\/\/api.w.org\/{rel}","templated":true}]}}