{"id":276,"date":"2017-06-21T06:29:54","date_gmt":"2017-06-21T06:29:54","guid":{"rendered":"https:\/\/biotiedonhaku.wordpress.com\/?page_id=276"},"modified":"2024-01-18T14:41:00","modified_gmt":"2024-01-18T12:41:00","slug":"luotettavuus","status":"publish","type":"page","link":"https:\/\/blogs.uef.fi\/tiedonhaku-biologia\/tulokset\/luotettavuus\/","title":{"rendered":"4.1. Haetun l\u00e4hdeaineiston luotettavuus ja arviointi"},"content":{"rendered":"\n<p style=\"font-size:17px\">Tietokantahakujen tulokset ovat tieteellisi\u00e4, valikoituja ja luotettavia julkaisuja. Jotkut tietokannat sis\u00e4lt\u00e4v\u00e4t muutakin kuin tieteellist\u00e4 aineistoa, mutta useimmiten tarjolla on mahdollisuus <strong>rajata tulokset vain vertaisarvioituihin julkaisuihin.<\/strong><\/p>\n\n\n\n<p>Juuri <strong>luotettavuus on tietokantojen k\u00e4yt\u00f6n merkitt\u00e4v\u00e4 etu<\/strong> verrattuna vapaasti verkosta saatavilla olevaan tietoon ja julkaisuihin.<\/p>\n\n\n\n<p>Sen sijaan k\u00e4ytett\u00e4ess\u00e4 tavallisia hakukoneita, kuten Google, pit\u00e4\u00e4 olla tarkkana l\u00e4hteen luotettavuuden suhteen. Silti Googlella ja erityisesti Google Scholarilla voi l\u00f6yt\u00e4\u00e4 paljon hyv\u00e4\u00e4kin materiaalia; tarvitaan kuitenkin aikaa ja osaamista, jotta l\u00e4hteen luotettavuutta voi arvioida.<\/p>\n\n\n\n<h2 class=\"wp-block-heading\">Netin hakukonetulosten arviointi<\/h2>\n\n\n\n<p>Katso nettil\u00e4hteist\u00e4 ensiksi:<\/p>\n\n\n\n<ul class=\"wp-block-list\">\n<li><strong>sivun osoitetta<\/strong>: millaiseen toimijaan (esim. kaupallinen\/tieteellinen) se viittaa<\/li>\n\n\n\n<li><strong>tekij\u00e4n \/ julkaisijan tietoja<\/strong>: mik\u00e4 on asiantuntemus, onko syyt\u00e4 olettaa puolueetonta tietoa<\/li>\n\n\n\n<li><strong>onko ilmoitettu l\u00e4hteit\u00e4<\/strong>, joihin tiedot perustuvat<\/li>\n\n\n\n<li><strong>julkaisup\u00e4iv\u00e4m\u00e4\u00e4r\u00e4\u00e4<\/strong>: onko tieto ajantasalla<\/li>\n<\/ul>\n\n\n\n<p>Varo erityisesti tieteelliseen ulkoasuun puolettua harhaanjohtavaa tietoa, kuten ns. saalistajia.<\/p>\n\n\n\n<h3 class=\"wp-block-heading\">Saalistajalehdet (predator journals)<\/h3>\n\n\n\n<p>Open access \u2013julkaisumallin liepeill\u00e4 liikkuu asiallisten tiedelehtien lis\u00e4ksi lehti\u00e4, joiden p\u00e4\u00e4asiallinen tarkoitus on julkaisumaksujen ker\u00e4\u00e4minen, ei tieteen edist\u00e4minen. <br><br>N\u00e4iss\u00e4 saalistajalehdiss\u00e4 julkaistujen artikkeleiden taso on heikko, osa saattaa olla jopa plagiaatteja muiden tutkijoiden t\u00f6ist\u00e4.<\/p>\n\n\n\n<p>Saalistajalehden kotisivut saattavat antaa valheellista tietoa mm. vertaisarvioinnista.<br><br>R\u00e4ikeimmiss\u00e4 tapauksissa lehden toimituskunta on ep\u00e4p\u00e4tev\u00e4 tai jopa t\u00e4ysin tekaistu, julkaisijan osoitetta ei ole oikeasti olemassa, lehti listataan aiheettomasti kuuluvaksi johonkin arvostettuun tietokantaan tai hakemistoon (ks. alla) jne.<\/p>\n\n\n\n<p><strong>Saalistajalehtien tunnistamiseksi voit kokeilla:<\/strong><\/p>\n\n\n\n<ul class=\"wp-block-list\">\n<li>l\u00f6ytyv\u00e4tk\u00f6 lehden artikkelit jostakin <strong>tunnetusta tietokannasta<\/strong> (esim. Scopus); t\u00e4m\u00e4 on melko luotetteva tapa. huom! Google Scholar ei ole hyv\u00e4 t\u00e4h\u00e4n<\/li>\n\n\n\n<li>onko lehdell\u00e4 olemassa <strong><a href=\"https:\/\/www.uef.fi\/fi\/kirjasto\/tutkimuksen-arviointi#accordion-7022\" target=\"_blank\" rel=\"noreferrer noopener\">impact factor \u2013luku<\/a><\/strong> ; hyvin luotettava, mutta hieman suppea lista<\/li>\n\n\n\n<li>onko lehti <strong>mustalla listalla<\/strong>: <a href=\"https:\/\/primo.uef.fi\/permalink\/358FIN_UOEF\/mhajq\/alma9914847732005966\" target=\"_blank\" rel=\"noreferrer noopener\">Cabell-tietokanta.<\/a><\/li>\n\n\n\n<li>onko lehti <a href=\"https:\/\/doaj.org\/\" target=\"_blank\" rel=\"noreferrer noopener\"><strong>Directory of open access journals<\/strong><\/a> \u2013listalla ; melko luotettava, mutta jonkin verran saalistajia on p\u00e4\u00e4ssyt l\u00e4pi seulasta aika ajoin<\/li>\n\n\n\n<li><strong>googlata<\/strong> <strong>lehden p\u00e4\u00e4toimittajan:<\/strong> onko olemassa ja jos on, kuka, miss\u00e4 ja millaisessa asemassa ; t\u00e4m\u00e4 on melko paljastavaa, mutta vaatii v\u00e4h\u00e4n kokemusta ja alan tuntemusta arvioinnin tueksi<\/li>\n<\/ul>\n\n\n\n<h2 class=\"wp-block-heading\">Arvioi my\u00f6s julkaisun k\u00e4ytt\u00f6kelpoisuutta<\/h2>\n\n\n\n<h3 class=\"wp-block-heading\">Aiherelevanssi : onko sis\u00e4lt\u00f6 oikeaa asiaa?<\/h3>\n\n\n\n<p>Kun haun tulokset ovat n\u00e4kyvill\u00e4, katsotaan l\u00e4pi viitteiden<\/p>\n\n\n\n<ul class=\"wp-block-list\">\n<li><strong>otsikot<\/strong><\/li>\n\n\n\n<li><strong>asiasanat<\/strong><\/li>\n\n\n\n<li><strong>tiivistelm\u00e4t<\/strong><\/li>\n<\/ul>\n\n\n\n<p>N\u00e4iden avulla arvioidaan mitk\u00e4 tuloksista ovat sis\u00e4ll\u00f6llisesti etsityn aiheen mukaisia. Hyv\u00e4ksi havaitut tulokset kannattaa ottaa talteen.<\/p>\n\n\n\n<p>My\u00f6hemmin, kun julkaisut lukee kokonaisuudessaan, voi toki viel\u00e4 paljastua, ett\u00e4 kyseinen julkaisu ei ollutkaan itselle sopiva.<\/p>\n\n\n\n<p>Huomaa, ett\u00e4 monissa kansainv\u00e4lisiss\u00e4 tietokannoissa tekem\u00e4si haun tulos lajitellaan listalla \u2019<strong>uusimmat ensin\u2019<\/strong>. Voit halutessasi <strong>vaihtaa sen relevanssiksi<\/strong>, jolloin parhaiten aiheeseesi sopivat tulevat listalla ensimm\u00e4iseksi.<\/p>\n\n\n\n<figure class=\"wp-block-image size-full\"><img loading=\"lazy\" decoding=\"async\" width=\"1046\" height=\"696\" src=\"https:\/\/blogs.uef.fi\/tiedonhaku-biologia\/wp-content\/uploads\/sites\/59\/2022\/10\/BIO_lajittelu.png\" alt=\"Kuvakappaus Scopus-tietokannan tuloslistauksesta. Oikealla yl\u00e4kulmassa on teksti: Sort on: Relevance. Kyseess\u00e4 on alasvetovalikko, josta lajitteluj\u00e4rjestyksen voi vaihtaa halutuksi.\" class=\"wp-image-2031\" style=\"object-fit:cover\" srcset=\"https:\/\/blogs.uef.fi\/tiedonhaku-biologia\/wp-content\/uploads\/sites\/59\/2022\/10\/BIO_lajittelu.png 1046w, https:\/\/blogs.uef.fi\/tiedonhaku-biologia\/wp-content\/uploads\/sites\/59\/2022\/10\/BIO_lajittelu-300x200.png 300w, https:\/\/blogs.uef.fi\/tiedonhaku-biologia\/wp-content\/uploads\/sites\/59\/2022\/10\/BIO_lajittelu-1024x681.png 1024w, https:\/\/blogs.uef.fi\/tiedonhaku-biologia\/wp-content\/uploads\/sites\/59\/2022\/10\/BIO_lajittelu-768x511.png 768w\" sizes=\"auto, (max-width: 1046px) 100vw, 1046px\" \/><figcaption class=\"wp-element-caption\"><em>Lajittelu (Sort on) relevanssin (Relevance) mukaan Scopus-tietokannassa.<\/em><\/figcaption><\/figure>\n\n\n\n<h3 class=\"wp-block-heading\">Julkaisun ik\u00e4<\/h3>\n\n\n\n<p>Vaikka relevanssin mukainen lajittelu onkin hy\u00f6dyllinen parhaimpien julkaisujen l\u00f6yt\u00e4miseksi, kannattaa tarkastella my\u00f6s ihan uusimpia julkaisuja. Uudet tutkimustulokset kertyv\u00e4t vanhojen p\u00e4\u00e4lle. T\u00e4ll\u00f6in my\u00f6s l\u00e4hdeluetteloiden l\u00e4pik\u00e4yminen on hy\u00f6dyllist\u00e4.<\/p>\n\n\n\n<p>Tulokset voi halutessaan rajata etu- tai j\u00e4lkik\u00e4teen tiettyihin vuosiin. J\u00e4rkev\u00e4 vuosirajaus riippuu aiheesta ja alasta. Toisaalta kaikilla aloilla on klassikoita, jotka eiv\u00e4t vanhene.<\/p>\n\n\n\n<h3 class=\"wp-block-heading\">Aineiston saatavuus<\/h3>\n\n\n\n<p>Kaikki julkaisut eiv\u00e4t ole luettavissa samalta istumalta. Vaikka yliopisto onkin hankkinut k\u00e4ytt\u00f6\u00f6n keskeisimm\u00e4t aineistot, osa julkaisuista j\u00e4\u00e4 maksumuurin taakse. Jos julkaisu on ty\u00f6si kannata todella t\u00e4rke\u00e4, se pystyt\u00e4\u00e4n kyll\u00e4 hankkimaan. Ihan kaikkien julkaisujen hankkimiseen ei kuitenkaan kannata uhrata aikaa ja rahaa.<\/p>\n\n\n\n<p>Lue lis\u00e4\u00e4 aineistojen saatavuudesta seuraavasta luvusta.<\/p>\n\n\n\n<p class=\"has-text-align-right\">Seuraava sivu: <a href=\"https:\/\/blogs.uef.fi\/tiedonhaku-biologia\/tulokset\/julkaisujen-saatavuus\/\">Julkaisujen saatavuus<\/a><\/p>\n","protected":false},"excerpt":{"rendered":"<p>Tietokantahakujen tulokset ovat tieteellisi\u00e4, valikoituja ja luotettavia julkaisuja. Jotkut tietokannat sis\u00e4lt\u00e4v\u00e4t muutakin kuin tieteellist\u00e4 aineistoa, mutta useimmiten tarjolla on mahdollisuus rajata tulokset vain vertaisarvioituihin julkaisuihin. Juuri luotettavuus on tietokantojen k\u00e4yt\u00f6n merkitt\u00e4v\u00e4 etu verrattuna vapaasti verkosta saatavilla olevaan tietoon ja julkaisuihin. Sen sijaan k\u00e4ytett\u00e4ess\u00e4 tavallisia hakukoneita, kuten Google, pit\u00e4\u00e4 olla tarkkana l\u00e4hteen luotettavuuden suhteen. Silti Googlella [&hellip;]<\/p>\n","protected":false},"author":190,"featured_media":250,"parent":2,"menu_order":0,"comment_status":"closed","ping_status":"closed","template":"","meta":{"_acf_changed":false,"footnotes":""},"class_list":["post-276","page","type-page","status-publish","has-post-thumbnail","hentry"],"acf":[],"yoast_head":"<!-- This site is optimized with the Yoast SEO plugin v27.1.1 - https:\/\/yoast.com\/product\/yoast-seo-wordpress\/ -->\n<title>4.1. Haetun l\u00e4hdeaineiston luotettavuus ja arviointi - Biologian tiedonhaku \/\/ UEF Kirjasto<\/title>\n<meta name=\"robots\" content=\"index, follow, max-snippet:-1, max-image-preview:large, max-video-preview:-1\" \/>\n<link rel=\"canonical\" href=\"https:\/\/blogs.uef.fi\/tiedonhaku-biologia\/tulokset\/luotettavuus\/\" \/>\n<meta property=\"og:locale\" content=\"fi_FI\" \/>\n<meta property=\"og:type\" content=\"article\" \/>\n<meta property=\"og:title\" content=\"4.1. Haetun l\u00e4hdeaineiston luotettavuus ja arviointi - Biologian tiedonhaku \/\/ UEF Kirjasto\" \/>\n<meta property=\"og:description\" content=\"Tietokantahakujen tulokset ovat tieteellisi\u00e4, valikoituja ja luotettavia julkaisuja. Jotkut tietokannat sis\u00e4lt\u00e4v\u00e4t muutakin kuin tieteellist\u00e4 aineistoa, mutta useimmiten tarjolla on mahdollisuus rajata tulokset vain vertaisarvioituihin julkaisuihin. Juuri luotettavuus on tietokantojen k\u00e4yt\u00f6n merkitt\u00e4v\u00e4 etu verrattuna vapaasti verkosta saatavilla olevaan tietoon ja julkaisuihin. Sen sijaan k\u00e4ytett\u00e4ess\u00e4 tavallisia hakukoneita, kuten Google, pit\u00e4\u00e4 olla tarkkana l\u00e4hteen luotettavuuden suhteen. Silti Googlella [&hellip;]\" \/>\n<meta property=\"og:url\" content=\"https:\/\/blogs.uef.fi\/tiedonhaku-biologia\/tulokset\/luotettavuus\/\" \/>\n<meta property=\"og:site_name\" content=\"Biologian tiedonhaku \/\/ UEF Kirjasto\" \/>\n<meta property=\"article:modified_time\" content=\"2024-01-18T12:41:00+00:00\" \/>\n<meta name=\"twitter:card\" content=\"summary_large_image\" \/>\n<meta name=\"twitter:label1\" content=\"Arvioitu lukuaika\" \/>\n\t<meta name=\"twitter:data1\" content=\"4 minuuttia\" \/>\n<script type=\"application\/ld+json\" class=\"yoast-schema-graph\">{\"@context\":\"https:\/\/schema.org\",\"@graph\":[{\"@type\":\"WebPage\",\"@id\":\"https:\/\/blogs.uef.fi\/tiedonhaku-biologia\/tulokset\/luotettavuus\/\",\"url\":\"https:\/\/blogs.uef.fi\/tiedonhaku-biologia\/tulokset\/luotettavuus\/\",\"name\":\"4.1. Haetun l\u00e4hdeaineiston luotettavuus ja arviointi - Biologian tiedonhaku \/\/ UEF Kirjasto\",\"isPartOf\":{\"@id\":\"https:\/\/blogs.uef.fi\/tiedonhaku-biologia\/#website\"},\"primaryImageOfPage\":{\"@id\":\"https:\/\/blogs.uef.fi\/tiedonhaku-biologia\/tulokset\/luotettavuus\/#primaryimage\"},\"image\":{\"@id\":\"https:\/\/blogs.uef.fi\/tiedonhaku-biologia\/tulokset\/luotettavuus\/#primaryimage\"},\"thumbnailUrl\":\"\",\"datePublished\":\"2017-06-21T06:29:54+00:00\",\"dateModified\":\"2024-01-18T12:41:00+00:00\",\"breadcrumb\":{\"@id\":\"https:\/\/blogs.uef.fi\/tiedonhaku-biologia\/tulokset\/luotettavuus\/#breadcrumb\"},\"inLanguage\":\"fi\",\"potentialAction\":[{\"@type\":\"ReadAction\",\"target\":[\"https:\/\/blogs.uef.fi\/tiedonhaku-biologia\/tulokset\/luotettavuus\/\"]}]},{\"@type\":\"ImageObject\",\"inLanguage\":\"fi\",\"@id\":\"https:\/\/blogs.uef.fi\/tiedonhaku-biologia\/tulokset\/luotettavuus\/#primaryimage\",\"url\":\"\",\"contentUrl\":\"\"},{\"@type\":\"BreadcrumbList\",\"@id\":\"https:\/\/blogs.uef.fi\/tiedonhaku-biologia\/tulokset\/luotettavuus\/#breadcrumb\",\"itemListElement\":[{\"@type\":\"ListItem\",\"position\":1,\"name\":\"Home\",\"item\":\"https:\/\/blogs.uef.fi\/tiedonhaku-biologia\/\"},{\"@type\":\"ListItem\",\"position\":2,\"name\":\"4. Hakutulokset\",\"item\":\"https:\/\/blogs.uef.fi\/tiedonhaku-biologia\/tulokset\/\"},{\"@type\":\"ListItem\",\"position\":3,\"name\":\"4.1. Haetun l\u00e4hdeaineiston luotettavuus ja arviointi\"}]},{\"@type\":\"WebSite\",\"@id\":\"https:\/\/blogs.uef.fi\/tiedonhaku-biologia\/#website\",\"url\":\"https:\/\/blogs.uef.fi\/tiedonhaku-biologia\/\",\"name\":\"Biologian tiedonhaku \/\/ UEF Kirjasto\",\"description\":\"Biologian tiedonhaku on kattava oppimateriaali tiedonhakuun biologeille. Se sis\u00e4lt\u00e4\u00e4 yleiset tiedonhaun tekniikat sek\u00e4 biologian tiedonl\u00e4hteet ohjeineen ja esimerkkeineen.\",\"potentialAction\":[{\"@type\":\"SearchAction\",\"target\":{\"@type\":\"EntryPoint\",\"urlTemplate\":\"https:\/\/blogs.uef.fi\/tiedonhaku-biologia\/?s={search_term_string}\"},\"query-input\":{\"@type\":\"PropertyValueSpecification\",\"valueRequired\":true,\"valueName\":\"search_term_string\"}}],\"inLanguage\":\"fi\"}]}<\/script>\n<!-- \/ Yoast SEO plugin. -->","yoast_head_json":{"title":"4.1. Haetun l\u00e4hdeaineiston luotettavuus ja arviointi - Biologian tiedonhaku \/\/ UEF Kirjasto","robots":{"index":"index","follow":"follow","max-snippet":"max-snippet:-1","max-image-preview":"max-image-preview:large","max-video-preview":"max-video-preview:-1"},"canonical":"https:\/\/blogs.uef.fi\/tiedonhaku-biologia\/tulokset\/luotettavuus\/","og_locale":"fi_FI","og_type":"article","og_title":"4.1. Haetun l\u00e4hdeaineiston luotettavuus ja arviointi - Biologian tiedonhaku \/\/ UEF Kirjasto","og_description":"Tietokantahakujen tulokset ovat tieteellisi\u00e4, valikoituja ja luotettavia julkaisuja. Jotkut tietokannat sis\u00e4lt\u00e4v\u00e4t muutakin kuin tieteellist\u00e4 aineistoa, mutta useimmiten tarjolla on mahdollisuus rajata tulokset vain vertaisarvioituihin julkaisuihin. Juuri luotettavuus on tietokantojen k\u00e4yt\u00f6n merkitt\u00e4v\u00e4 etu verrattuna vapaasti verkosta saatavilla olevaan tietoon ja julkaisuihin. Sen sijaan k\u00e4ytett\u00e4ess\u00e4 tavallisia hakukoneita, kuten Google, pit\u00e4\u00e4 olla tarkkana l\u00e4hteen luotettavuuden suhteen. Silti Googlella [&hellip;]","og_url":"https:\/\/blogs.uef.fi\/tiedonhaku-biologia\/tulokset\/luotettavuus\/","og_site_name":"Biologian tiedonhaku \/\/ UEF Kirjasto","article_modified_time":"2024-01-18T12:41:00+00:00","twitter_card":"summary_large_image","twitter_misc":{"Arvioitu lukuaika":"4 minuuttia"},"schema":{"@context":"https:\/\/schema.org","@graph":[{"@type":"WebPage","@id":"https:\/\/blogs.uef.fi\/tiedonhaku-biologia\/tulokset\/luotettavuus\/","url":"https:\/\/blogs.uef.fi\/tiedonhaku-biologia\/tulokset\/luotettavuus\/","name":"4.1. Haetun l\u00e4hdeaineiston luotettavuus ja arviointi - Biologian tiedonhaku \/\/ UEF Kirjasto","isPartOf":{"@id":"https:\/\/blogs.uef.fi\/tiedonhaku-biologia\/#website"},"primaryImageOfPage":{"@id":"https:\/\/blogs.uef.fi\/tiedonhaku-biologia\/tulokset\/luotettavuus\/#primaryimage"},"image":{"@id":"https:\/\/blogs.uef.fi\/tiedonhaku-biologia\/tulokset\/luotettavuus\/#primaryimage"},"thumbnailUrl":"","datePublished":"2017-06-21T06:29:54+00:00","dateModified":"2024-01-18T12:41:00+00:00","breadcrumb":{"@id":"https:\/\/blogs.uef.fi\/tiedonhaku-biologia\/tulokset\/luotettavuus\/#breadcrumb"},"inLanguage":"fi","potentialAction":[{"@type":"ReadAction","target":["https:\/\/blogs.uef.fi\/tiedonhaku-biologia\/tulokset\/luotettavuus\/"]}]},{"@type":"ImageObject","inLanguage":"fi","@id":"https:\/\/blogs.uef.fi\/tiedonhaku-biologia\/tulokset\/luotettavuus\/#primaryimage","url":"","contentUrl":""},{"@type":"BreadcrumbList","@id":"https:\/\/blogs.uef.fi\/tiedonhaku-biologia\/tulokset\/luotettavuus\/#breadcrumb","itemListElement":[{"@type":"ListItem","position":1,"name":"Home","item":"https:\/\/blogs.uef.fi\/tiedonhaku-biologia\/"},{"@type":"ListItem","position":2,"name":"4. Hakutulokset","item":"https:\/\/blogs.uef.fi\/tiedonhaku-biologia\/tulokset\/"},{"@type":"ListItem","position":3,"name":"4.1. Haetun l\u00e4hdeaineiston luotettavuus ja arviointi"}]},{"@type":"WebSite","@id":"https:\/\/blogs.uef.fi\/tiedonhaku-biologia\/#website","url":"https:\/\/blogs.uef.fi\/tiedonhaku-biologia\/","name":"Biologian tiedonhaku \/\/ UEF Kirjasto","description":"Biologian tiedonhaku on kattava oppimateriaali tiedonhakuun biologeille. Se sis\u00e4lt\u00e4\u00e4 yleiset tiedonhaun tekniikat sek\u00e4 biologian tiedonl\u00e4hteet ohjeineen ja esimerkkeineen.","potentialAction":[{"@type":"SearchAction","target":{"@type":"EntryPoint","urlTemplate":"https:\/\/blogs.uef.fi\/tiedonhaku-biologia\/?s={search_term_string}"},"query-input":{"@type":"PropertyValueSpecification","valueRequired":true,"valueName":"search_term_string"}}],"inLanguage":"fi"}]}},"_links":{"self":[{"href":"https:\/\/blogs.uef.fi\/tiedonhaku-biologia\/wp-json\/wp\/v2\/pages\/276","targetHints":{"allow":["GET"]}}],"collection":[{"href":"https:\/\/blogs.uef.fi\/tiedonhaku-biologia\/wp-json\/wp\/v2\/pages"}],"about":[{"href":"https:\/\/blogs.uef.fi\/tiedonhaku-biologia\/wp-json\/wp\/v2\/types\/page"}],"author":[{"embeddable":true,"href":"https:\/\/blogs.uef.fi\/tiedonhaku-biologia\/wp-json\/wp\/v2\/users\/190"}],"replies":[{"embeddable":true,"href":"https:\/\/blogs.uef.fi\/tiedonhaku-biologia\/wp-json\/wp\/v2\/comments?post=276"}],"version-history":[{"count":2,"href":"https:\/\/blogs.uef.fi\/tiedonhaku-biologia\/wp-json\/wp\/v2\/pages\/276\/revisions"}],"predecessor-version":[{"id":2955,"href":"https:\/\/blogs.uef.fi\/tiedonhaku-biologia\/wp-json\/wp\/v2\/pages\/276\/revisions\/2955"}],"up":[{"embeddable":true,"href":"https:\/\/blogs.uef.fi\/tiedonhaku-biologia\/wp-json\/wp\/v2\/pages\/2"}],"wp:featuredmedia":[{"embeddable":true,"href":"https:\/\/blogs.uef.fi\/tiedonhaku-biologia\/wp-json\/"}],"wp:attachment":[{"href":"https:\/\/blogs.uef.fi\/tiedonhaku-biologia\/wp-json\/wp\/v2\/media?parent=276"}],"curies":[{"name":"wp","href":"https:\/\/api.w.org\/{rel}","templated":true}]}}