{"id":2754,"date":"2023-10-11T20:53:32","date_gmt":"2023-10-11T17:53:32","guid":{"rendered":"https:\/\/blogs.uef.fi\/tiedonhaku-biologia\/?page_id=2754"},"modified":"2025-04-01T12:01:35","modified_gmt":"2025-04-01T09:01:35","slug":"3-4-tekoaly-tiedonhaun-apuna","status":"publish","type":"page","link":"https:\/\/blogs.uef.fi\/tiedonhaku-biologia\/3-4-tekoaly-tiedonhaun-apuna\/","title":{"rendered":"3.4 Teko\u00e4ly tiedonhaun apuna"},"content":{"rendered":"\n<p><strong>Teko\u00e4ly\u00e4 on k\u00e4ytetty taustalla apuv\u00e4lineen\u00e4<\/strong> tietokannoissa ja hakukoneissa sek\u00e4 niiden toimintaa ohjaavissa algoritmeiss\u00e4 jo pitk\u00e4\u00e4n. Kehitys on edennyt harppauksittain; v\u00e4lill\u00e4 on edetty ripe\u00e4sti, v\u00e4lill\u00e4 on hiljaisempaa. Nyt teko\u00e4ly on taas n\u00e4kyv\u00e4sti esill\u00e4.<\/p>\n\n\n\n<h2 class=\"wp-block-heading\">Kielimallit k\u00e4ytt\u00e4v\u00e4t tilastollisia todenn\u00e4k\u00f6isyyksi\u00e4<\/h2>\n\n\n\n<p><strong>T\u00e4ll\u00e4 hetkell\u00e4 pinnalla ovat erityisesti teko\u00e4lyn avulla koulutetut laajat kielimallit<\/strong>, Large Language Models, LLM, joita hy\u00f6dynt\u00e4\u00e4 mm. ChatGPT. Kielimallin tukema geneerinen teko\u00e4ly sallii k\u00e4ytt\u00e4j\u00e4n itse ohjata toimintaa luonnollista kielt\u00e4 k\u00e4ytt\u00e4en. Kielimalli tuottaa vastauksen perustuen mm. sanojen per\u00e4kk\u00e4isen esiintymisen todenn\u00e4k\u00f6isyyksiin.<\/p>\n\n\n\n<p><strong>Kielimalleja voi k\u00e4ytt\u00e4\u00e4 apuna tiedonhaussa<\/strong>: sen avulla voi tutustua haettavaan aiheeseen ja silt\u00e4 voi kysy\u00e4 apua sopiviksi hakusanoiksi ja jopa hakulauseiksi. My\u00f6s varsinaista tiedonhakua voi tehd\u00e4. V\u00e4lill\u00e4 ohjelma onnistuu t\u00e4ss\u00e4 paremmin, v\u00e4lill\u00e4 huonommin. Vastaus ei my\u00f6sk\u00e4\u00e4n aina ole sama, vaikka asiaa asiaa kysytt\u00e4isiin samalla tavalla. Lopullinen vastuu j\u00e4\u00e4 aina k\u00e4ytt\u00e4j\u00e4lle. Teko\u00e4lyll\u00e4 ei itsell\u00e4\u00e4n ole tiedon sis\u00e4lt\u00f6\u00f6n liittyv\u00e4\u00e4 ymm\u00e4rt\u00e4myst\u00e4.<\/p>\n\n\n\n<p>Ole tarkkana tietosuojan ja tietoturvan kanssa! Generatiivisiin teko\u00e4lysovelluksiin ei pid\u00e4 sy\u00f6tt\u00e4\u00e4 sensitiivisi\u00e4 tai salassa pidett\u00e4vi\u00e4 asioita.<\/p>\n\n\n\n<h3 class=\"wp-block-heading\">Generatiivinen teko\u00e4ly osaa ehdottaa hakusanoja<\/h3>\n\n\n\n<p>Voit siis kysy\u00e4 teko\u00e4lylt\u00e4 sopivia hakusanoja aiheestasi. Kysy sanoja sek\u00e4 suomeksi ett\u00e4 englanniksi. Jos hakusanaehdotukset n\u00e4ytt\u00e4v\u00e4t hyvin yleisluontoisilta tai itsest\u00e4\u00e4n selvilt\u00e4, kysy uudestaan tarkempia sanoja.<\/p>\n\n\n\n<p>Vastauksena saat usein yksitt\u00e4isten sanojen sijaan pidempi\u00e4 fraaseja. Kun muokkaat sanoista hakulauseita, pilko ilmaukset lyhyemmiksi ja lis\u00e4\u00e4 v\u00e4leihin operaattorit.<\/p>\n\n\n\n<h2 class=\"wp-block-heading\">Hakulauseiden muotoilu onnistuu osittain<\/h2>\n\n\n\n<p>Jotkin sovellukset osaavat muotoilla kysyt\u00e4ess\u00e4 my\u00f6s tietokantoihin sopivia hakulauseita. Operaattorit ja fraasit menev\u00e4t useimmiten kohdilleen (ei aina!), mutta sanankatkaisu j\u00e4\u00e4 usein puuttumaan, ellei sit\u00e4 erikseen kysy. Lis\u00e4ksi usein yksitt\u00e4isetkin hakusanat on merkitty lainausmerkkeihin, mik\u00e4 yleens\u00e4 heikent\u00e4\u00e4 automaattisten sanamuotojen l\u00f6ytymist\u00e4.<\/p>\n\n\n\n<p>Teko\u00e4ly saattaa ehdottaa hakuun sanoja, jotka ovat liian yleisluontoisia. Tarkenna hakulausetta laajemmalla aihealueella tai poista termit, jotka tuovat tulokseen v\u00e4\u00e4r\u00e4nlaisia osumia.<\/p>\n\n\n\n<p>Teko\u00e4ly ehdottaa hakusanoiksi usein fraaseja. Pyydett\u00e4ess\u00e4 se saattaa osata purkaa fraasit, eli poistaa lainausmerkit, mutta se ei osaa j\u00e4rjestell\u00e4 sanoja uudelleen operaattoreiden avulla.<\/p>\n\n\n\n<h2 class=\"wp-block-heading\">Teko\u00e4ly tietokannoissa ja tiedonhaussa<\/h2>\n\n\n\n<p><strong>Tietokannat k\u00e4ytt\u00e4v\u00e4t erilaisia algoritmej\u00e4 ja kone-oppimisen keinoja<\/strong> mm. hakutulosten ker\u00e4\u00e4miseen, esitt\u00e4miseen ja uusien tulosten suositteluun.<\/p>\n\n\n\n<p><strong>Perinteisiin tietokantoihin<\/strong> on uutena tullut nyt my\u00f6s kielimalleihin perustuvia generatiivisi\u00e4 toimintoja. Web of Science -tietokannassa teko\u00e4lytoiminto on nimell\u00e4 Research Assistant. UEF-Primon kansainv\u00e4listen artikkeleiden haku hy\u00f6dynt\u00e4\u00e4 samaa ohjelmistoa, nimell\u00e4 Primo teko\u00e4lyavustaja. Scopuksen teko\u00e4lyty\u00f6kalu on nimelt\u00e4\u00e4n Scopus AI. My\u00f6hemmin hankittaneen teko\u00e4lytoimitoja my\u00f6s muihin tietokantoihin. Tietokannan teko\u00e4lyty\u00f6kalu k\u00e4ytt\u00e4\u00e4 l\u00e4htein\u00e4\u00e4n oikeita artikkeleita, jotka se itse hakee tietokannasta. Artikkeleiden pohjalta ohjelma tekee aiheesta tiivistelm\u00e4n. Haku ja sen tuloksena syntynyt tiivistelm\u00e4 on kuitenkin vain nopea katsaus aiheeseen, ei perusteellinen eik\u00e4 tyhjent\u00e4v\u00e4 vastaus. Hakua on kuitenkin helppo jatkaa tarkentavien kysymysten avulla.<\/p>\n\n\n\n<p><strong>Monet erilliset teko\u00e4lysovellukset<\/strong> osaavat jo hakea oikeita l\u00e4hteit\u00e4, joihin ne perustavat vastauksensa. Haku voi kohidstua avoimeen verkkoon tai kohdennetusti vain avoimesti julkaistuihin tieteellisiin artikkeleihin, esimerkiksi.<\/p>\n\n\n\n<p>Lue lis\u00e4\u00e4 aiheesta kirjaston kotisivulta: <a href=\"https:\/\/www.uef.fi\/fi\/kirjasto\/tekoaly-tiedonhaussa\">Teko\u00e4ly tiedonhaussa.<\/a> Sivulla kerrotaan tarkemmin mit\u00e4 sovelluksia ja miten kannattaa tiedonhaussa k\u00e4ytt\u00e4\u00e4.<\/p>\n\n\n\n<p><\/p>\n\n\n\n<p class=\"has-text-align-right\">Seuraava sivu: <a href=\"https:\/\/blogs.uef.fi\/tiedonhaku-biologia\/tulokset\/luotettavuus\/\">Aineiston luotettavuuden arviointi<\/a>. <\/p>\n","protected":false},"excerpt":{"rendered":"<p>Teko\u00e4ly\u00e4 on k\u00e4ytetty taustalla apuv\u00e4lineen\u00e4 tietokannoissa ja hakukoneissa sek\u00e4 niiden toimintaa ohjaavissa algoritmeiss\u00e4 jo pitk\u00e4\u00e4n. Kehitys on edennyt harppauksittain; v\u00e4lill\u00e4 on edetty ripe\u00e4sti, v\u00e4lill\u00e4 on hiljaisempaa. Nyt teko\u00e4ly on taas n\u00e4kyv\u00e4sti esill\u00e4. Kielimallit k\u00e4ytt\u00e4v\u00e4t tilastollisia todenn\u00e4k\u00f6isyyksi\u00e4 T\u00e4ll\u00e4 hetkell\u00e4 pinnalla ovat erityisesti teko\u00e4lyn avulla koulutetut laajat kielimallit, Large Language Models, LLM, joita hy\u00f6dynt\u00e4\u00e4 mm. ChatGPT. Kielimallin [&hellip;]<\/p>\n","protected":false},"author":127,"featured_media":0,"parent":0,"menu_order":0,"comment_status":"closed","ping_status":"closed","template":"","meta":{"_acf_changed":false,"footnotes":""},"class_list":["post-2754","page","type-page","status-publish","hentry"],"acf":[],"yoast_head":"<!-- This site is optimized with the Yoast SEO plugin v27.1.1 - https:\/\/yoast.com\/product\/yoast-seo-wordpress\/ -->\n<title>3.4 Teko\u00e4ly tiedonhaun apuna - Biologian tiedonhaku \/\/ UEF Kirjasto<\/title>\n<meta name=\"robots\" content=\"index, follow, max-snippet:-1, max-image-preview:large, max-video-preview:-1\" \/>\n<link rel=\"canonical\" href=\"https:\/\/blogs.uef.fi\/tiedonhaku-biologia\/3-4-tekoaly-tiedonhaun-apuna\/\" \/>\n<meta property=\"og:locale\" content=\"fi_FI\" \/>\n<meta property=\"og:type\" content=\"article\" \/>\n<meta property=\"og:title\" content=\"3.4 Teko\u00e4ly tiedonhaun apuna - Biologian tiedonhaku \/\/ UEF Kirjasto\" \/>\n<meta property=\"og:description\" content=\"Teko\u00e4ly\u00e4 on k\u00e4ytetty taustalla apuv\u00e4lineen\u00e4 tietokannoissa ja hakukoneissa sek\u00e4 niiden toimintaa ohjaavissa algoritmeiss\u00e4 jo pitk\u00e4\u00e4n. Kehitys on edennyt harppauksittain; v\u00e4lill\u00e4 on edetty ripe\u00e4sti, v\u00e4lill\u00e4 on hiljaisempaa. Nyt teko\u00e4ly on taas n\u00e4kyv\u00e4sti esill\u00e4. Kielimallit k\u00e4ytt\u00e4v\u00e4t tilastollisia todenn\u00e4k\u00f6isyyksi\u00e4 T\u00e4ll\u00e4 hetkell\u00e4 pinnalla ovat erityisesti teko\u00e4lyn avulla koulutetut laajat kielimallit, Large Language Models, LLM, joita hy\u00f6dynt\u00e4\u00e4 mm. ChatGPT. Kielimallin [&hellip;]\" \/>\n<meta property=\"og:url\" content=\"https:\/\/blogs.uef.fi\/tiedonhaku-biologia\/3-4-tekoaly-tiedonhaun-apuna\/\" \/>\n<meta property=\"og:site_name\" content=\"Biologian tiedonhaku \/\/ UEF Kirjasto\" \/>\n<meta property=\"article:modified_time\" content=\"2025-04-01T09:01:35+00:00\" \/>\n<meta name=\"twitter:card\" content=\"summary_large_image\" \/>\n<meta name=\"twitter:label1\" content=\"Arvioitu lukuaika\" \/>\n\t<meta name=\"twitter:data1\" content=\"3 minuuttia\" \/>\n<script type=\"application\/ld+json\" class=\"yoast-schema-graph\">{\"@context\":\"https:\/\/schema.org\",\"@graph\":[{\"@type\":\"WebPage\",\"@id\":\"https:\/\/blogs.uef.fi\/tiedonhaku-biologia\/3-4-tekoaly-tiedonhaun-apuna\/\",\"url\":\"https:\/\/blogs.uef.fi\/tiedonhaku-biologia\/3-4-tekoaly-tiedonhaun-apuna\/\",\"name\":\"3.4 Teko\u00e4ly tiedonhaun apuna - Biologian tiedonhaku \/\/ UEF Kirjasto\",\"isPartOf\":{\"@id\":\"https:\/\/blogs.uef.fi\/tiedonhaku-biologia\/#website\"},\"datePublished\":\"2023-10-11T17:53:32+00:00\",\"dateModified\":\"2025-04-01T09:01:35+00:00\",\"breadcrumb\":{\"@id\":\"https:\/\/blogs.uef.fi\/tiedonhaku-biologia\/3-4-tekoaly-tiedonhaun-apuna\/#breadcrumb\"},\"inLanguage\":\"fi\",\"potentialAction\":[{\"@type\":\"ReadAction\",\"target\":[\"https:\/\/blogs.uef.fi\/tiedonhaku-biologia\/3-4-tekoaly-tiedonhaun-apuna\/\"]}]},{\"@type\":\"BreadcrumbList\",\"@id\":\"https:\/\/blogs.uef.fi\/tiedonhaku-biologia\/3-4-tekoaly-tiedonhaun-apuna\/#breadcrumb\",\"itemListElement\":[{\"@type\":\"ListItem\",\"position\":1,\"name\":\"Home\",\"item\":\"https:\/\/blogs.uef.fi\/tiedonhaku-biologia\/\"},{\"@type\":\"ListItem\",\"position\":2,\"name\":\"3.4 Teko\u00e4ly tiedonhaun apuna\"}]},{\"@type\":\"WebSite\",\"@id\":\"https:\/\/blogs.uef.fi\/tiedonhaku-biologia\/#website\",\"url\":\"https:\/\/blogs.uef.fi\/tiedonhaku-biologia\/\",\"name\":\"Biologian tiedonhaku \/\/ UEF Kirjasto\",\"description\":\"Biologian tiedonhaku on kattava oppimateriaali tiedonhakuun biologeille. Se sis\u00e4lt\u00e4\u00e4 yleiset tiedonhaun tekniikat sek\u00e4 biologian tiedonl\u00e4hteet ohjeineen ja esimerkkeineen.\",\"potentialAction\":[{\"@type\":\"SearchAction\",\"target\":{\"@type\":\"EntryPoint\",\"urlTemplate\":\"https:\/\/blogs.uef.fi\/tiedonhaku-biologia\/?s={search_term_string}\"},\"query-input\":{\"@type\":\"PropertyValueSpecification\",\"valueRequired\":true,\"valueName\":\"search_term_string\"}}],\"inLanguage\":\"fi\"}]}<\/script>\n<!-- \/ Yoast SEO plugin. -->","yoast_head_json":{"title":"3.4 Teko\u00e4ly tiedonhaun apuna - Biologian tiedonhaku \/\/ UEF Kirjasto","robots":{"index":"index","follow":"follow","max-snippet":"max-snippet:-1","max-image-preview":"max-image-preview:large","max-video-preview":"max-video-preview:-1"},"canonical":"https:\/\/blogs.uef.fi\/tiedonhaku-biologia\/3-4-tekoaly-tiedonhaun-apuna\/","og_locale":"fi_FI","og_type":"article","og_title":"3.4 Teko\u00e4ly tiedonhaun apuna - Biologian tiedonhaku \/\/ UEF Kirjasto","og_description":"Teko\u00e4ly\u00e4 on k\u00e4ytetty taustalla apuv\u00e4lineen\u00e4 tietokannoissa ja hakukoneissa sek\u00e4 niiden toimintaa ohjaavissa algoritmeiss\u00e4 jo pitk\u00e4\u00e4n. Kehitys on edennyt harppauksittain; v\u00e4lill\u00e4 on edetty ripe\u00e4sti, v\u00e4lill\u00e4 on hiljaisempaa. Nyt teko\u00e4ly on taas n\u00e4kyv\u00e4sti esill\u00e4. Kielimallit k\u00e4ytt\u00e4v\u00e4t tilastollisia todenn\u00e4k\u00f6isyyksi\u00e4 T\u00e4ll\u00e4 hetkell\u00e4 pinnalla ovat erityisesti teko\u00e4lyn avulla koulutetut laajat kielimallit, Large Language Models, LLM, joita hy\u00f6dynt\u00e4\u00e4 mm. ChatGPT. Kielimallin [&hellip;]","og_url":"https:\/\/blogs.uef.fi\/tiedonhaku-biologia\/3-4-tekoaly-tiedonhaun-apuna\/","og_site_name":"Biologian tiedonhaku \/\/ UEF Kirjasto","article_modified_time":"2025-04-01T09:01:35+00:00","twitter_card":"summary_large_image","twitter_misc":{"Arvioitu lukuaika":"3 minuuttia"},"schema":{"@context":"https:\/\/schema.org","@graph":[{"@type":"WebPage","@id":"https:\/\/blogs.uef.fi\/tiedonhaku-biologia\/3-4-tekoaly-tiedonhaun-apuna\/","url":"https:\/\/blogs.uef.fi\/tiedonhaku-biologia\/3-4-tekoaly-tiedonhaun-apuna\/","name":"3.4 Teko\u00e4ly tiedonhaun apuna - Biologian tiedonhaku \/\/ UEF Kirjasto","isPartOf":{"@id":"https:\/\/blogs.uef.fi\/tiedonhaku-biologia\/#website"},"datePublished":"2023-10-11T17:53:32+00:00","dateModified":"2025-04-01T09:01:35+00:00","breadcrumb":{"@id":"https:\/\/blogs.uef.fi\/tiedonhaku-biologia\/3-4-tekoaly-tiedonhaun-apuna\/#breadcrumb"},"inLanguage":"fi","potentialAction":[{"@type":"ReadAction","target":["https:\/\/blogs.uef.fi\/tiedonhaku-biologia\/3-4-tekoaly-tiedonhaun-apuna\/"]}]},{"@type":"BreadcrumbList","@id":"https:\/\/blogs.uef.fi\/tiedonhaku-biologia\/3-4-tekoaly-tiedonhaun-apuna\/#breadcrumb","itemListElement":[{"@type":"ListItem","position":1,"name":"Home","item":"https:\/\/blogs.uef.fi\/tiedonhaku-biologia\/"},{"@type":"ListItem","position":2,"name":"3.4 Teko\u00e4ly tiedonhaun apuna"}]},{"@type":"WebSite","@id":"https:\/\/blogs.uef.fi\/tiedonhaku-biologia\/#website","url":"https:\/\/blogs.uef.fi\/tiedonhaku-biologia\/","name":"Biologian tiedonhaku \/\/ UEF Kirjasto","description":"Biologian tiedonhaku on kattava oppimateriaali tiedonhakuun biologeille. Se sis\u00e4lt\u00e4\u00e4 yleiset tiedonhaun tekniikat sek\u00e4 biologian tiedonl\u00e4hteet ohjeineen ja esimerkkeineen.","potentialAction":[{"@type":"SearchAction","target":{"@type":"EntryPoint","urlTemplate":"https:\/\/blogs.uef.fi\/tiedonhaku-biologia\/?s={search_term_string}"},"query-input":{"@type":"PropertyValueSpecification","valueRequired":true,"valueName":"search_term_string"}}],"inLanguage":"fi"}]}},"_links":{"self":[{"href":"https:\/\/blogs.uef.fi\/tiedonhaku-biologia\/wp-json\/wp\/v2\/pages\/2754","targetHints":{"allow":["GET"]}}],"collection":[{"href":"https:\/\/blogs.uef.fi\/tiedonhaku-biologia\/wp-json\/wp\/v2\/pages"}],"about":[{"href":"https:\/\/blogs.uef.fi\/tiedonhaku-biologia\/wp-json\/wp\/v2\/types\/page"}],"author":[{"embeddable":true,"href":"https:\/\/blogs.uef.fi\/tiedonhaku-biologia\/wp-json\/wp\/v2\/users\/127"}],"replies":[{"embeddable":true,"href":"https:\/\/blogs.uef.fi\/tiedonhaku-biologia\/wp-json\/wp\/v2\/comments?post=2754"}],"version-history":[{"count":2,"href":"https:\/\/blogs.uef.fi\/tiedonhaku-biologia\/wp-json\/wp\/v2\/pages\/2754\/revisions"}],"predecessor-version":[{"id":3221,"href":"https:\/\/blogs.uef.fi\/tiedonhaku-biologia\/wp-json\/wp\/v2\/pages\/2754\/revisions\/3221"}],"wp:attachment":[{"href":"https:\/\/blogs.uef.fi\/tiedonhaku-biologia\/wp-json\/wp\/v2\/media?parent=2754"}],"curies":[{"name":"wp","href":"https:\/\/api.w.org\/{rel}","templated":true}]}}