{"id":223,"date":"2017-06-16T08:44:40","date_gmt":"2017-06-16T08:44:40","guid":{"rendered":"https:\/\/biotiedonhaku.wordpress.com\/?page_id=223"},"modified":"2024-01-18T14:44:34","modified_gmt":"2024-01-18T12:44:34","slug":"kayttooikeudet","status":"publish","type":"page","link":"https:\/\/blogs.uef.fi\/tiedonhaku-biologia\/tulokset\/kayttooikeudet\/","title":{"rendered":"4.5 Verkkojulkaisujen k\u00e4ytt\u00f6oikeudet"},"content":{"rendered":"\n<p>Tekij\u00e4noikeuksien&nbsp; lis\u00e4ksi aineistojen k\u00e4ytt\u00f6\u00e4 s\u00e4\u00e4telev\u00e4t kustantajien ja aineiston tarjoajien oikeudet. N\u00e4m\u00e4 liittyv\u00e4t <strong>k\u00e4ytt\u00f6tarkoitukseen, tallentamiseen ja aineistojen jakamiseen<\/strong> edelleen.<\/p>\n\n\n\n<h2 class=\"wp-block-heading\">Hankittujen e-aineistojen k\u00e4ytt\u00f6oikeudet<\/h2>\n\n\n\n<p><strong>Esim. <\/strong>ProQuest-tietokannat, jotka l\u00f6ytyv\u00e4t UEF- Primon tietokantahaulla.<\/p>\n\n\n\n<figure class=\"wp-block-image size-full is-resized\"><img loading=\"lazy\" decoding=\"async\" width=\"1285\" height=\"682\" src=\"https:\/\/blogs.uef.fi\/tiedonhaku-biologia\/wp-content\/uploads\/sites\/59\/2020\/04\/Linkki-lupiin.png\" alt=\"Kuvakaappaus UEF-Primosta. ProQuest-tietokantojen tarkemmat tiedot, kohdassa Huomautus k\u00e4ytt\u00f6ehdoista linkki k\u00e4ytt\u00f6ehtoihin.\" class=\"wp-image-1037\" style=\"width:643px\" srcset=\"https:\/\/blogs.uef.fi\/tiedonhaku-biologia\/wp-content\/uploads\/sites\/59\/2020\/04\/Linkki-lupiin.png 1285w, https:\/\/blogs.uef.fi\/tiedonhaku-biologia\/wp-content\/uploads\/sites\/59\/2020\/04\/Linkki-lupiin-300x159.png 300w, https:\/\/blogs.uef.fi\/tiedonhaku-biologia\/wp-content\/uploads\/sites\/59\/2020\/04\/Linkki-lupiin-1024x543.png 1024w, https:\/\/blogs.uef.fi\/tiedonhaku-biologia\/wp-content\/uploads\/sites\/59\/2020\/04\/Linkki-lupiin-768x408.png 768w, https:\/\/blogs.uef.fi\/tiedonhaku-biologia\/wp-content\/uploads\/sites\/59\/2020\/04\/Linkki-lupiin-716x380.png 716w\" sizes=\"auto, (max-width: 1285px) 100vw, 1285px\" \/><\/figure>\n\n\n\n<h3 class=\"wp-block-heading\">Mit\u00e4 saa tehd\u00e4?<\/h3>\n\n\n\n<ul class=\"wp-block-list\">\n<li>k\u00e4ytt\u00e4\u00e4 opiskeluun ja tutkimukseen<\/li>\n\n\n\n<li>kohtuullisessa m\u00e4\u00e4rin tulostaa paperille ja tallentaa tiedostoon hakutuloksia ja artikkeleita<\/li>\n\n\n\n<li>tulostaa tai tallentaa osia e-kirjoista<\/li>\n\n\n\n<li>l\u00e4hett\u00e4\u00e4 yksitt\u00e4isi\u00e4 tiedostoja s\u00e4hk\u00f6isesti kollegalle h\u00e4nen omaan tutkimusk\u00e4ytt\u00f6\u00f6ns\u00e4, \u201dtieteellisen kommunikaation nimiss\u00e4\u201d<\/li>\n\n\n\n<li>tehd\u00e4 oppimisymp\u00e4rist\u00f6\u00f6n tai verkkosivuille linkin artikkeliin, e-kirjaan tms.<\/li>\n<\/ul>\n\n\n\n<h3 class=\"wp-block-heading\">Mit\u00e4 ei saa tehd\u00e4?<\/h3>\n\n\n\n<ul class=\"wp-block-list\">\n<li>k\u00e4ytt\u00e4\u00e4 kaupallisiin tarkoituksiin<\/li>\n\n\n\n<li>tallentaa hakutuloksia suuria m\u00e4\u00e4ri\u00e4 j\u00e4rjestelm\u00e4llisesti<\/li>\n\n\n\n<li>tallentaa tai tulostaa kokonaista e-kirjaa<\/li>\n\n\n\n<li>jakaa aineistoa muille kuin sen k\u00e4ytt\u00f6\u00f6n oikeutetuille<\/li>\n\n\n\n<li>tallentaa alkuper\u00e4ist\u00e4 artikkelia (esim. pdf) ja muita vastaavia e-aineistoja oppimisymp\u00e4rist\u00f6\u00f6n tai verkkosivuille<\/li>\n<\/ul>\n\n\n\n<h2 class=\"wp-block-heading\">Kuka saa k\u00e4ytt\u00e4\u00e4?<\/h2>\n\n\n\n<ul class=\"wp-block-list\">\n<li>Ostetut elektroniset aineistot ovat It\u00e4-Suomen yliopiston <strong>perus- ja jatko-opiskelijoiden sek\u00e4 henkil\u00f6kunnan<\/strong> k\u00e4ytett\u00e4viss\u00e4 yliopiston verkossa sek\u00e4 et\u00e4yhteydell\u00e4 muualtakin.<\/li>\n\n\n\n<li><strong>Ulkopuoliset asiakkaat<\/strong> saavat k\u00e4ytt\u00e4\u00e4 aineistoja kampuskirjaston asiakaskoneilla.<\/li>\n<\/ul>\n\n\n\n<p><a href=\"https:\/\/blogs.uef.fi\/tiedonhaku-fysiikka\/\"><\/a><\/p>\n\n\n\n<p class=\"has-text-align-right\">Seuraava sivu: <a href=\"https:\/\/blogs.uef.fi\/tiedonhaku-biologia\/3-4-tekoaly-tiedonhaun-apuna\/\">Teko\u00e4ly tiedonhaussa<\/a><\/p>\n","protected":false},"excerpt":{"rendered":"<p>Tekij\u00e4noikeuksien&nbsp; lis\u00e4ksi aineistojen k\u00e4ytt\u00f6\u00e4 s\u00e4\u00e4telev\u00e4t kustantajien ja aineiston tarjoajien oikeudet. N\u00e4m\u00e4 liittyv\u00e4t k\u00e4ytt\u00f6tarkoitukseen, tallentamiseen ja aineistojen jakamiseen edelleen. Hankittujen e-aineistojen k\u00e4ytt\u00f6oikeudet Esim. ProQuest-tietokannat, jotka l\u00f6ytyv\u00e4t UEF- Primon tietokantahaulla. Mit\u00e4 saa tehd\u00e4? Mit\u00e4 ei saa tehd\u00e4? Kuka saa k\u00e4ytt\u00e4\u00e4? Seuraava sivu: Teko\u00e4ly tiedonhaussa<\/p>\n","protected":false},"author":190,"featured_media":250,"parent":2,"menu_order":0,"comment_status":"closed","ping_status":"closed","template":"","meta":{"_acf_changed":false,"footnotes":""},"class_list":["post-223","page","type-page","status-publish","has-post-thumbnail","hentry"],"acf":[],"yoast_head":"<!-- This site is optimized with the Yoast SEO plugin v27.1.1 - https:\/\/yoast.com\/product\/yoast-seo-wordpress\/ -->\n<title>4.5 Verkkojulkaisujen k\u00e4ytt\u00f6oikeudet - Biologian tiedonhaku \/\/ UEF Kirjasto<\/title>\n<meta name=\"robots\" content=\"index, follow, max-snippet:-1, max-image-preview:large, max-video-preview:-1\" \/>\n<link rel=\"canonical\" href=\"https:\/\/blogs.uef.fi\/tiedonhaku-biologia\/tulokset\/kayttooikeudet\/\" \/>\n<meta property=\"og:locale\" content=\"fi_FI\" \/>\n<meta property=\"og:type\" content=\"article\" \/>\n<meta property=\"og:title\" content=\"4.5 Verkkojulkaisujen k\u00e4ytt\u00f6oikeudet - Biologian tiedonhaku \/\/ UEF Kirjasto\" \/>\n<meta property=\"og:description\" content=\"Tekij\u00e4noikeuksien&nbsp; lis\u00e4ksi aineistojen k\u00e4ytt\u00f6\u00e4 s\u00e4\u00e4telev\u00e4t kustantajien ja aineiston tarjoajien oikeudet. N\u00e4m\u00e4 liittyv\u00e4t k\u00e4ytt\u00f6tarkoitukseen, tallentamiseen ja aineistojen jakamiseen edelleen. Hankittujen e-aineistojen k\u00e4ytt\u00f6oikeudet Esim. ProQuest-tietokannat, jotka l\u00f6ytyv\u00e4t UEF- Primon tietokantahaulla. Mit\u00e4 saa tehd\u00e4? Mit\u00e4 ei saa tehd\u00e4? Kuka saa k\u00e4ytt\u00e4\u00e4? Seuraava sivu: Teko\u00e4ly tiedonhaussa\" \/>\n<meta property=\"og:url\" content=\"https:\/\/blogs.uef.fi\/tiedonhaku-biologia\/tulokset\/kayttooikeudet\/\" \/>\n<meta property=\"og:site_name\" content=\"Biologian tiedonhaku \/\/ UEF Kirjasto\" \/>\n<meta property=\"article:modified_time\" content=\"2024-01-18T12:44:34+00:00\" \/>\n<meta name=\"twitter:card\" content=\"summary_large_image\" \/>\n<meta name=\"twitter:label1\" content=\"Arvioitu lukuaika\" \/>\n\t<meta name=\"twitter:data1\" content=\"2 minuuttia\" \/>\n<script type=\"application\/ld+json\" class=\"yoast-schema-graph\">{\"@context\":\"https:\/\/schema.org\",\"@graph\":[{\"@type\":\"WebPage\",\"@id\":\"https:\/\/blogs.uef.fi\/tiedonhaku-biologia\/tulokset\/kayttooikeudet\/\",\"url\":\"https:\/\/blogs.uef.fi\/tiedonhaku-biologia\/tulokset\/kayttooikeudet\/\",\"name\":\"4.5 Verkkojulkaisujen k\u00e4ytt\u00f6oikeudet - Biologian tiedonhaku \/\/ UEF Kirjasto\",\"isPartOf\":{\"@id\":\"https:\/\/blogs.uef.fi\/tiedonhaku-biologia\/#website\"},\"primaryImageOfPage\":{\"@id\":\"https:\/\/blogs.uef.fi\/tiedonhaku-biologia\/tulokset\/kayttooikeudet\/#primaryimage\"},\"image\":{\"@id\":\"https:\/\/blogs.uef.fi\/tiedonhaku-biologia\/tulokset\/kayttooikeudet\/#primaryimage\"},\"thumbnailUrl\":\"\",\"datePublished\":\"2017-06-16T08:44:40+00:00\",\"dateModified\":\"2024-01-18T12:44:34+00:00\",\"breadcrumb\":{\"@id\":\"https:\/\/blogs.uef.fi\/tiedonhaku-biologia\/tulokset\/kayttooikeudet\/#breadcrumb\"},\"inLanguage\":\"fi\",\"potentialAction\":[{\"@type\":\"ReadAction\",\"target\":[\"https:\/\/blogs.uef.fi\/tiedonhaku-biologia\/tulokset\/kayttooikeudet\/\"]}]},{\"@type\":\"ImageObject\",\"inLanguage\":\"fi\",\"@id\":\"https:\/\/blogs.uef.fi\/tiedonhaku-biologia\/tulokset\/kayttooikeudet\/#primaryimage\",\"url\":\"\",\"contentUrl\":\"\"},{\"@type\":\"BreadcrumbList\",\"@id\":\"https:\/\/blogs.uef.fi\/tiedonhaku-biologia\/tulokset\/kayttooikeudet\/#breadcrumb\",\"itemListElement\":[{\"@type\":\"ListItem\",\"position\":1,\"name\":\"Home\",\"item\":\"https:\/\/blogs.uef.fi\/tiedonhaku-biologia\/\"},{\"@type\":\"ListItem\",\"position\":2,\"name\":\"4. Hakutulokset\",\"item\":\"https:\/\/blogs.uef.fi\/tiedonhaku-biologia\/tulokset\/\"},{\"@type\":\"ListItem\",\"position\":3,\"name\":\"4.5 Verkkojulkaisujen k\u00e4ytt\u00f6oikeudet\"}]},{\"@type\":\"WebSite\",\"@id\":\"https:\/\/blogs.uef.fi\/tiedonhaku-biologia\/#website\",\"url\":\"https:\/\/blogs.uef.fi\/tiedonhaku-biologia\/\",\"name\":\"Biologian tiedonhaku \/\/ UEF Kirjasto\",\"description\":\"Biologian tiedonhaku on kattava oppimateriaali tiedonhakuun biologeille. Se sis\u00e4lt\u00e4\u00e4 yleiset tiedonhaun tekniikat sek\u00e4 biologian tiedonl\u00e4hteet ohjeineen ja esimerkkeineen.\",\"potentialAction\":[{\"@type\":\"SearchAction\",\"target\":{\"@type\":\"EntryPoint\",\"urlTemplate\":\"https:\/\/blogs.uef.fi\/tiedonhaku-biologia\/?s={search_term_string}\"},\"query-input\":{\"@type\":\"PropertyValueSpecification\",\"valueRequired\":true,\"valueName\":\"search_term_string\"}}],\"inLanguage\":\"fi\"}]}<\/script>\n<!-- \/ Yoast SEO plugin. -->","yoast_head_json":{"title":"4.5 Verkkojulkaisujen k\u00e4ytt\u00f6oikeudet - Biologian tiedonhaku \/\/ UEF Kirjasto","robots":{"index":"index","follow":"follow","max-snippet":"max-snippet:-1","max-image-preview":"max-image-preview:large","max-video-preview":"max-video-preview:-1"},"canonical":"https:\/\/blogs.uef.fi\/tiedonhaku-biologia\/tulokset\/kayttooikeudet\/","og_locale":"fi_FI","og_type":"article","og_title":"4.5 Verkkojulkaisujen k\u00e4ytt\u00f6oikeudet - Biologian tiedonhaku \/\/ UEF Kirjasto","og_description":"Tekij\u00e4noikeuksien&nbsp; lis\u00e4ksi aineistojen k\u00e4ytt\u00f6\u00e4 s\u00e4\u00e4telev\u00e4t kustantajien ja aineiston tarjoajien oikeudet. N\u00e4m\u00e4 liittyv\u00e4t k\u00e4ytt\u00f6tarkoitukseen, tallentamiseen ja aineistojen jakamiseen edelleen. Hankittujen e-aineistojen k\u00e4ytt\u00f6oikeudet Esim. ProQuest-tietokannat, jotka l\u00f6ytyv\u00e4t UEF- Primon tietokantahaulla. Mit\u00e4 saa tehd\u00e4? Mit\u00e4 ei saa tehd\u00e4? Kuka saa k\u00e4ytt\u00e4\u00e4? Seuraava sivu: Teko\u00e4ly tiedonhaussa","og_url":"https:\/\/blogs.uef.fi\/tiedonhaku-biologia\/tulokset\/kayttooikeudet\/","og_site_name":"Biologian tiedonhaku \/\/ UEF Kirjasto","article_modified_time":"2024-01-18T12:44:34+00:00","twitter_card":"summary_large_image","twitter_misc":{"Arvioitu lukuaika":"2 minuuttia"},"schema":{"@context":"https:\/\/schema.org","@graph":[{"@type":"WebPage","@id":"https:\/\/blogs.uef.fi\/tiedonhaku-biologia\/tulokset\/kayttooikeudet\/","url":"https:\/\/blogs.uef.fi\/tiedonhaku-biologia\/tulokset\/kayttooikeudet\/","name":"4.5 Verkkojulkaisujen k\u00e4ytt\u00f6oikeudet - Biologian tiedonhaku \/\/ UEF Kirjasto","isPartOf":{"@id":"https:\/\/blogs.uef.fi\/tiedonhaku-biologia\/#website"},"primaryImageOfPage":{"@id":"https:\/\/blogs.uef.fi\/tiedonhaku-biologia\/tulokset\/kayttooikeudet\/#primaryimage"},"image":{"@id":"https:\/\/blogs.uef.fi\/tiedonhaku-biologia\/tulokset\/kayttooikeudet\/#primaryimage"},"thumbnailUrl":"","datePublished":"2017-06-16T08:44:40+00:00","dateModified":"2024-01-18T12:44:34+00:00","breadcrumb":{"@id":"https:\/\/blogs.uef.fi\/tiedonhaku-biologia\/tulokset\/kayttooikeudet\/#breadcrumb"},"inLanguage":"fi","potentialAction":[{"@type":"ReadAction","target":["https:\/\/blogs.uef.fi\/tiedonhaku-biologia\/tulokset\/kayttooikeudet\/"]}]},{"@type":"ImageObject","inLanguage":"fi","@id":"https:\/\/blogs.uef.fi\/tiedonhaku-biologia\/tulokset\/kayttooikeudet\/#primaryimage","url":"","contentUrl":""},{"@type":"BreadcrumbList","@id":"https:\/\/blogs.uef.fi\/tiedonhaku-biologia\/tulokset\/kayttooikeudet\/#breadcrumb","itemListElement":[{"@type":"ListItem","position":1,"name":"Home","item":"https:\/\/blogs.uef.fi\/tiedonhaku-biologia\/"},{"@type":"ListItem","position":2,"name":"4. Hakutulokset","item":"https:\/\/blogs.uef.fi\/tiedonhaku-biologia\/tulokset\/"},{"@type":"ListItem","position":3,"name":"4.5 Verkkojulkaisujen k\u00e4ytt\u00f6oikeudet"}]},{"@type":"WebSite","@id":"https:\/\/blogs.uef.fi\/tiedonhaku-biologia\/#website","url":"https:\/\/blogs.uef.fi\/tiedonhaku-biologia\/","name":"Biologian tiedonhaku \/\/ UEF Kirjasto","description":"Biologian tiedonhaku on kattava oppimateriaali tiedonhakuun biologeille. Se sis\u00e4lt\u00e4\u00e4 yleiset tiedonhaun tekniikat sek\u00e4 biologian tiedonl\u00e4hteet ohjeineen ja esimerkkeineen.","potentialAction":[{"@type":"SearchAction","target":{"@type":"EntryPoint","urlTemplate":"https:\/\/blogs.uef.fi\/tiedonhaku-biologia\/?s={search_term_string}"},"query-input":{"@type":"PropertyValueSpecification","valueRequired":true,"valueName":"search_term_string"}}],"inLanguage":"fi"}]}},"_links":{"self":[{"href":"https:\/\/blogs.uef.fi\/tiedonhaku-biologia\/wp-json\/wp\/v2\/pages\/223","targetHints":{"allow":["GET"]}}],"collection":[{"href":"https:\/\/blogs.uef.fi\/tiedonhaku-biologia\/wp-json\/wp\/v2\/pages"}],"about":[{"href":"https:\/\/blogs.uef.fi\/tiedonhaku-biologia\/wp-json\/wp\/v2\/types\/page"}],"author":[{"embeddable":true,"href":"https:\/\/blogs.uef.fi\/tiedonhaku-biologia\/wp-json\/wp\/v2\/users\/190"}],"replies":[{"embeddable":true,"href":"https:\/\/blogs.uef.fi\/tiedonhaku-biologia\/wp-json\/wp\/v2\/comments?post=223"}],"version-history":[{"count":2,"href":"https:\/\/blogs.uef.fi\/tiedonhaku-biologia\/wp-json\/wp\/v2\/pages\/223\/revisions"}],"predecessor-version":[{"id":2970,"href":"https:\/\/blogs.uef.fi\/tiedonhaku-biologia\/wp-json\/wp\/v2\/pages\/223\/revisions\/2970"}],"up":[{"embeddable":true,"href":"https:\/\/blogs.uef.fi\/tiedonhaku-biologia\/wp-json\/wp\/v2\/pages\/2"}],"wp:featuredmedia":[{"embeddable":true,"href":"https:\/\/blogs.uef.fi\/tiedonhaku-biologia\/wp-json\/"}],"wp:attachment":[{"href":"https:\/\/blogs.uef.fi\/tiedonhaku-biologia\/wp-json\/wp\/v2\/media?parent=223"}],"curies":[{"name":"wp","href":"https:\/\/api.w.org\/{rel}","templated":true}]}}