{"id":221,"date":"2017-06-16T08:43:26","date_gmt":"2017-06-16T08:43:26","guid":{"rendered":"https:\/\/biotiedonhaku.wordpress.com\/?page_id=221"},"modified":"2026-03-06T13:53:44","modified_gmt":"2026-03-06T11:53:44","slug":"viittaaminen","status":"publish","type":"page","link":"https:\/\/blogs.uef.fi\/tiedonhaku-biologia\/tulokset\/viittaaminen\/","title":{"rendered":"4.5 Julkaisuihin viittaaminen ja tekij\u00e4noikeudet"},"content":{"rendered":"\n<p>L\u00e4hteisiin viittaaminen muodostuu kahdesta osasta:<\/p>\n\n\n\n<ul class=\"wp-block-list\">\n<li>l\u00e4hdeviitteest\u00e4 (tekstiviitteest\u00e4)<\/li>\n\n\n\n<li>l\u00e4hdeluettelosta (kirjallisuusluettelosta)<\/li>\n<\/ul>\n\n\n\n<p><strong>Lyhyt l\u00e4hdeviite ohjaa julkaisun lopussa olevaan l\u00e4hdeluetteloo<\/strong>n, jonka tulee sis\u00e4lt\u00e4\u00e4 tarkat tiedot k\u00e4ytetyist\u00e4 l\u00e4hteist\u00e4. Luettelon avulla lukija halutessaan l\u00f6yt\u00e4\u00e4 l\u00e4hteet.<\/p>\n\n\n\n<p><strong>L\u00e4hdeluettelossa annetaan lukijalle riitt\u00e4v\u00e4t tiedot tunnistaa ja l\u00f6yt\u00e4\u00e4 julkaisu<\/strong>, johon kirjoituksessa viitataan. N\u00e4in esim. tutkielman tarkastaja voi tarkistaa esitetyn paikkansapit\u00e4vyyden. Lis\u00e4ksi l\u00e4hdeviitteill\u00e4 annetaan tunnustus sille, jolle tunnustus kuuluu.<\/p>\n\n\n\n<p>L\u00e4hdeluetteloon merkit\u00e4\u00e4n kaikki ne l\u00e4hteet, joihin ty\u00f6ss\u00e4 on viitattu. L\u00e4hdeviitteen ja l\u00e4hdeluettelon tietojen t\u00e4ytyy vastata tarkasti toisiaan, jotta tekstiss\u00e4 mainittu l\u00e4hde l\u00f6ytyy l\u00e4hdeluettelosta helposti.<\/p>\n\n\n\n<p>Tiedonl\u00e4hde voi olla muukin kuin kirjallinen l\u00e4hde, esimerkiksi suullinen tieto tai haastattelu. N\u00e4m\u00e4kin l\u00e4hteet merkit\u00e4\u00e4n aina. Kullakin oppiaineella ja organisaatiolla on omat ohjeensa siit\u00e4, kuinka t\u00e4m\u00e4 tehd\u00e4\u00e4n, eik\u00e4 k\u00e4yt\u00e4nt\u00f6 ole niin vakiintunut kuin kirjallisuusl\u00e4hteiden kohdalla.<\/p>\n\n\n\n<h2 class=\"wp-block-heading\">Tietokantojen tietueista l\u00f6ytyy samoja elementtej\u00e4 kuin l\u00e4hdeluettelon viitteist\u00e4<\/h2>\n\n\n\n<p>Esimerkiksi kirjoista tallennetaan tietokantoihin sek\u00e4 julkaisutietoja ett\u00e4 tietoja sis\u00e4ll\u00f6st\u00e4. Julkaisutietoja tarvitaan l\u00e4hdeluettelossa.<\/p>\n\n\n\n<figure class=\"wp-block-image size-full\"><img loading=\"lazy\" decoding=\"async\" width=\"1082\" height=\"753\" src=\"https:\/\/blogs.uef.fi\/tiedonhaku-biologia\/wp-content\/uploads\/sites\/59\/2022\/10\/BIO_kirjantiedot.png\" alt=\"Kuvakaappaus yhden kirjan tiedoista. Korostettuna kohdat: kirjan nimi, tekij\u00e4, ulkoasu ja julkaisija.\" class=\"wp-image-2061\" style=\"object-fit:cover\" srcset=\"https:\/\/blogs.uef.fi\/tiedonhaku-biologia\/wp-content\/uploads\/sites\/59\/2022\/10\/BIO_kirjantiedot.png 1082w, https:\/\/blogs.uef.fi\/tiedonhaku-biologia\/wp-content\/uploads\/sites\/59\/2022\/10\/BIO_kirjantiedot-300x209.png 300w, https:\/\/blogs.uef.fi\/tiedonhaku-biologia\/wp-content\/uploads\/sites\/59\/2022\/10\/BIO_kirjantiedot-1024x713.png 1024w, https:\/\/blogs.uef.fi\/tiedonhaku-biologia\/wp-content\/uploads\/sites\/59\/2022\/10\/BIO_kirjantiedot-768x534.png 768w\" sizes=\"auto, (max-width: 1082px) 100vw, 1082px\" \/><figcaption class=\"wp-element-caption\"><em>Kirjan tiedot Finna-tietokannassa.<\/em><\/figcaption><\/figure>\n\n\n\n<p>Tietokannasta voit saada my\u00f6s apua l\u00e4hdeviitteen kirjoittamiseen. Monessa tietokannassa on toiminto, jolla saat n\u00e4yt\u00f6ll\u00e4 n\u00e4kyv\u00e4st\u00e4 julkaisusta automaattisesti \u201draakaviitteen\u201d, jota voit jalostaa edelleen omien ohjeidesi mukaisesti.<\/p>\n\n\n\n<figure class=\"wp-block-image size-full\"><img loading=\"lazy\" decoding=\"async\" width=\"896\" height=\"730\" src=\"https:\/\/blogs.uef.fi\/tiedonhaku-biologia\/wp-content\/uploads\/sites\/59\/2025\/01\/BIO_viitetyyli.png\" alt=\"Kuvakaappaus. Kirjan tietojen toimintorivill\u00e4 kuvakkeita, joita ymp\u00e4r\u00f6ity kohta: &quot; VIITE. N\u00e4kyvill\u00e4 APA-mallinen viittaus. Ohje: Tyylein\u00e4 on tarjolla seitsem\u00e4n yleisesti k\u00e4ytetty\u00e4 kansainv\u00e4list\u00e4 viittausmallia. Muokkaa ja t\u00e4ydenn\u00e4 viittausta tarvittaessa.\" class=\"wp-image-3211\" srcset=\"https:\/\/blogs.uef.fi\/tiedonhaku-biologia\/wp-content\/uploads\/sites\/59\/2025\/01\/BIO_viitetyyli.png 896w, https:\/\/blogs.uef.fi\/tiedonhaku-biologia\/wp-content\/uploads\/sites\/59\/2025\/01\/BIO_viitetyyli-300x244.png 300w, https:\/\/blogs.uef.fi\/tiedonhaku-biologia\/wp-content\/uploads\/sites\/59\/2025\/01\/BIO_viitetyyli-768x626.png 768w\" sizes=\"auto, (max-width: 896px) 100vw, 896px\" \/><figcaption class=\"wp-element-caption\"><em>Kuvan esimerkki on UEF-Primosta. Kansainv\u00e4lisiss\u00e4 tietokannoissa toiminnon nimi on Cite.<\/em><\/figcaption><\/figure>\n\n\n\n<div class=\"links-block\">\n\n    \n    <ul class=\"link-list\">\n        \n            \n            <li class=\"link-list-item\">\n                <a href=\"https:\/\/uef.cloud.panopto.eu\/Panopto\/Pages\/Viewer.aspx?id=c368c40c-086e-4f4e-aaf5-b09700a1094c\" class=\"link-reset link hover-scale-down\">\n                    <svg\n        width=\"43\" height=\"25\"\n        viewBox=\"0 0 43 25\"\n        xmlns=\"http:\/\/www.w3.org\/2000\/svg\">\n    <path\n        d=\"M30.027 0 43 12.5 30.027 25 27 22.083 34.351 15H0v-5h34.351L27 2.917z\"\n        fill=\"currentColor\"\n        fill-rule=\"evenodd\"\/>\n<\/svg>                    <div>Katso video Viite-toiminnosta (1:31)<\/div>\n                <\/a>\n                <div class=\"link-info\">\n                                    <\/div>\n            <\/li>\n\n                <\/ul>\n<\/div>\n\n\n<h2 class=\"wp-block-heading\">Tulkitse l\u00e4hdeluetteloa oikein<\/h2>\n\n\n\n<p>Koska l\u00e4hdeluettelo on tarkoitettu alkuper\u00e4isten julkaisujen j\u00e4ljitt\u00e4miseen, opit k\u00e4ytt\u00e4m\u00e4\u00e4n l\u00e4hdeluetteloa samalla kun opettelet itse kirjoittamaan oman ty\u00f6si l\u00e4hdeluettelon. Merkint\u00e4tavoissa on hieman eroja julkaisusta ja tieteenalasta riippuen, mutta perusasiat ovat melko samanlaisia.<\/p>\n\n\n\n<figure class=\"wp-block-image\"><img loading=\"lazy\" decoding=\"async\" width=\"1107\" height=\"379\" src=\"https:\/\/blogs.uef.fi\/tiedonhaku-biologia\/wp-content\/uploads\/sites\/59\/2021\/10\/BIO_lahdetyypit.png\" alt=\"Teksti\u00e4. Kolme erilaista l\u00e4hdeviitett\u00e4. Kun viitteess\u00e4 on n\u00e4kyvill\u00e4 sivunumerot tietyll\u00e4 v\u00e4lill\u00e4, se tarkoittaa, ett\u00e4 kyseess\u00e4 on artikkeli. Kun sivuja ei mainita, kyseess\u00e4 on kirja. Jos viitteess\u00e4 on mainittu In (tai suomeksi Julkaisussa:) se tarkoittaa, ett\u00e4 kyseess\u00e4 on artikkeli kirjassa.\" class=\"wp-image-1623\" srcset=\"https:\/\/blogs.uef.fi\/tiedonhaku-biologia\/wp-content\/uploads\/sites\/59\/2021\/10\/BIO_lahdetyypit.png 1107w, https:\/\/blogs.uef.fi\/tiedonhaku-biologia\/wp-content\/uploads\/sites\/59\/2021\/10\/BIO_lahdetyypit-300x103.png 300w, https:\/\/blogs.uef.fi\/tiedonhaku-biologia\/wp-content\/uploads\/sites\/59\/2021\/10\/BIO_lahdetyypit-1024x351.png 1024w, https:\/\/blogs.uef.fi\/tiedonhaku-biologia\/wp-content\/uploads\/sites\/59\/2021\/10\/BIO_lahdetyypit-768x263.png 768w\" sizes=\"auto, (max-width: 1107px) 100vw, 1107px\" \/><\/figure>\n\n\n\n<p><strong>Tietokantojen tietueista<\/strong> l\u00f6ytyy samoja elementtej\u00e4 kuin l\u00e4hdeluettelon viitteist\u00e4.<\/p>\n\n\n\n<p>Tiedonl\u00e4hde voi olla <strong>muukin kuin kirjallinen l\u00e4hde<\/strong>, esimerkiksi suullinen tieto tai haastattelu. N\u00e4m\u00e4kin l\u00e4hteet merkit\u00e4\u00e4n aina. Kullakin oppiaineella ja organisaatiolla on omat ohjeensa siit\u00e4, kuinka t\u00e4m\u00e4 tehd\u00e4\u00e4n, eik\u00e4 k\u00e4yt\u00e4nt\u00f6 ole niin vakiintunut kuin kirjallisuusl\u00e4hteiden kohdalla.<\/p>\n\n\n\n<h2 class=\"wp-block-heading\">Mik\u00e4 on viittaamisen ja plagioinnin v\u00e4linen ero?<\/h2>\n\n\n\n<p>Plagiointi = \u201cToisen henkil\u00f6n ty\u00f6n j\u00e4ljent\u00e4minen ja esitt\u00e4minen omanaan, henkisen omaisuuden varastaminen.\u201d (l\u00e4hde: Nurmi T.: Suomen kielen sanakirja, Jyv\u00e4skyl\u00e4: Gummerus, 1992).<\/p>\n\n\n\n<p><strong>Plagiointia on se, ett\u00e4 ei esitet\u00e4 l\u00e4hdett\u00e4, josta tieto, ajatus tai selitys on oikeasti per\u00e4isin.<\/strong><\/p>\n\n\n\n<p>Sen sijaan viittaamalla l\u00e4hteisiin kirjoittaja osoittaa, mit\u00e4 aikaisempia teorioita, metodeja ja tuloksia h\u00e4nell\u00e4 on ollut tiedossaan ja miten h\u00e4n suhteuttaa omat tuloksensa toisten tulkintoihin. Viittaaminen kuuluu olennaisesti tutkimukseen.<\/p>\n\n\n\n<p><strong>Viittaus eli referointi<\/strong> tarkoittaa toisen henkil\u00f6n ajatuksen esitt\u00e4mist\u00e4 omin sanoin. T\u00e4m\u00e4 on suoteltu tapa tutkimusjulkaisussa.<br><br><strong>Lainaus eli sitaatti<\/strong> tarkoittaa sanasta sanaan kopioitua otetta toisen kirjoittamasta tekstist\u00e4. <\/p>\n\n\n\n<p>Lainaus pit\u00e4\u00e4 merkit\u00e4 selv\u00e4sti, esim. lainausmerkein (lyhyt p\u00e4tk\u00e4) tai sisent\u00e4m\u00e4ll\u00e4 (useampi virke). Suoraa lainausta k\u00e4ytet\u00e4\u00e4n vain silloin kun on olennaista esitt\u00e4\u00e4 asia juuri samoin sanoin kuin alkuper\u00e4isess\u00e4 tekstiss\u00e4. Lainaus tehd\u00e4\u00e4n mahdollisimman lyhyen\u00e4.<\/p>\n\n\n\n<h2 class=\"wp-block-heading\">Tekij\u00e4noikeus ohjaa k\u00e4ytt\u00f6\u00e4<\/h2>\n\n\n\n<p><a href=\"http:\/\/www.finlex.fi\/fi\/laki\/ajantasa\/1961\/19610404\" target=\"_blank\" rel=\"noreferrer noopener\">Tekij\u00e4noikeuslaki(1961\/404) <\/a>ja -asetus s\u00e4\u00e4telev\u00e4t julkaisujen (julkaistujen teosten) k\u00e4ytt\u00f6\u00e4 yleisesti. Elektroninenkin aineisto on tekij\u00e4noikeuslain suojaamaa.<\/p>\n\n\n\n<p>Sitaattioikeuden mukaan teoksesta saa ottaa lainauksia, kuten edell\u00e4 on kuvattu. Sitaatti pit\u00e4\u00e4 olla tarkoituksenmukainen ja mahdollisimman lyhyt. Tekstiin viittaaminen ei yleens\u00e4 ole ongelmallista, koska julkaisusta ei lainata kuin pieni\u00e4 osia.<\/p>\n\n\n\n<h3 class=\"wp-block-heading\">Voinko k\u00e4ytt\u00e4\u00e4 kuvia, karttoja ja taulukoita omassa ty\u00f6ss\u00e4ni?<\/h3>\n\n\n\n<p>Valokuvien ja yksityiskohtaisten karttojen kanssa pit\u00e4\u00e4 olla erityisen tarkkana. Ne ovat yleens\u00e4 itsen\u00e4isi\u00e4 kokonaisuuksia, joita ei voi k\u00e4ytt\u00e4\u00e4 sellaisenaan ilman tekij\u00e4n lupaa. <\/p>\n\n\n\n<p>Varsinkin valokuvien k\u00e4ytt\u00f6 pelk\u00e4st\u00e4\u00e4n el\u00e4v\u00f6itt\u00e4m\u00e4\u00e4n teksti\u00e4 on kielletty. Valokuvaa voi k\u00e4ytt\u00e4\u00e4 jos se sis\u00e4lt\u00e4\u00e4 erityist\u00e4 informaatiota, jota muuten on vaikea todentaa. Poikkeus ovat <strong><a href=\"https:\/\/creativecommons.fi\/lisenssit\/\">CC-lisensoidut<\/a><\/strong> ja <strong>Public domain<\/strong> -aineistot, joita voi k\u00e4ytt\u00e4\u00e4 kyselem\u00e4tt\u00e4, lisenssiehtojen mukaan.<\/p>\n\n\n\n<p>Sen sijaan taulukon tiedot voi siirt\u00e4\u00e4 omaan ty\u00f6h\u00f6n, kunhan viittaus alkuper\u00e4iseen l\u00e4hteeseen on asianmukainen.<\/p>\n\n\n\n<h2 class=\"wp-block-heading\">Tietokantojen k\u00e4ytt\u00f6oikeudet<\/h2>\n\n\n\n<p>Tekij\u00e4noikeuksien&nbsp; lis\u00e4ksi aineistojen k\u00e4ytt\u00f6\u00e4 s\u00e4\u00e4telev\u00e4t kustantajien ja aineiston tarjoajien oikeudet. N\u00e4m\u00e4 liittyv\u00e4t <strong>k\u00e4ytt\u00f6tarkoitukseen, tallentamiseen ja aineistojen jakamiseen<\/strong> edelleen.<\/p>\n\n\n\n<h3 class=\"wp-block-heading\">Verkkoaineistojen k\u00e4ytt\u00f6<\/h3>\n\n\n\n<p><strong>Kirjaston hankkimien<\/strong> elektronisen julkaisujen (e-kirjojen, e-lehtien, hakuteoksien, sanakirjojen) sek\u00e4 tietokantojen k\u00e4ytt\u00f6\u00e4 s\u00e4\u00e4telev\u00e4t erilliset sopimusehdot.<\/p>\n\n\n\n<h3 class=\"wp-block-heading\">Mit\u00e4 saa tehd\u00e4?<\/h3>\n\n\n\n<ul class=\"wp-block-list\">\n<li>k\u00e4ytt\u00e4\u00e4 opiskeluun ja tutkimukseen<\/li>\n\n\n\n<li>kohtuullisessa m\u00e4\u00e4rin tulostaa paperille ja tallentaa tiedostoon hakutuloksia ja artikkeleita<\/li>\n\n\n\n<li>tulostaa tai tallentaa osia e-kirjoista<\/li>\n\n\n\n<li>l\u00e4hett\u00e4\u00e4 yksitt\u00e4isi\u00e4 tiedostoja s\u00e4hk\u00f6isesti kollegalle h\u00e4nen omaan tutkimusk\u00e4ytt\u00f6\u00f6ns\u00e4, \u201dtieteellisen kommunikaation nimiss\u00e4\u201d<\/li>\n\n\n\n<li>tehd\u00e4 oppimisymp\u00e4rist\u00f6\u00f6n tai verkkosivuille linkin artikkeliin, e-kirjaan tms.<\/li>\n<\/ul>\n\n\n\n<h3 class=\"wp-block-heading\">Mit\u00e4 ei saa tehd\u00e4?<\/h3>\n\n\n\n<ul class=\"wp-block-list\">\n<li>k\u00e4ytt\u00e4\u00e4 kaupallisiin tarkoituksiin<\/li>\n\n\n\n<li>tallentaa hakutuloksia suuria m\u00e4\u00e4ri\u00e4 j\u00e4rjestelm\u00e4llisesti<\/li>\n\n\n\n<li>tallentaa tai tulostaa kokonaista e-kirjaa<\/li>\n\n\n\n<li>jakaa aineistoa muille kuin sen k\u00e4ytt\u00f6\u00f6n oikeutetuille<\/li>\n\n\n\n<li>tallentaa alkuper\u00e4ist\u00e4 artikkelia (esim. pdf) ja muita vastaavia e-aineistoja oppimisymp\u00e4rist\u00f6\u00f6n tai verkkosivuille<\/li>\n<\/ul>\n\n\n\n<h3 class=\"wp-block-heading\">Kuka saa k\u00e4ytt\u00e4\u00e4?<\/h3>\n\n\n\n<ul class=\"wp-block-list\">\n<li>Ostetut elektroniset aineistot ovat It\u00e4-Suomen yliopiston <strong>perus- ja jatko-opiskelijoiden sek\u00e4 henkil\u00f6kunnan<\/strong> k\u00e4ytett\u00e4viss\u00e4 yliopiston verkossa sek\u00e4 et\u00e4yhteydell\u00e4 muualtakin.<\/li>\n\n\n\n<li><strong>Ulkopuoliset asiakkaat<\/strong> saavat k\u00e4ytt\u00e4\u00e4 aineistoja kampuskirjaston asiakaskoneilla.<\/li>\n<\/ul>\n\n\n\n<p class=\"has-text-align-right\">Oppimateriaali p\u00e4\u00e4ttyy t\u00e4h\u00e4n. Palaa <a href=\"https:\/\/blogs.uef.fi\/tiedonhaku-biologia\/\">kurssin etusivulle<\/a>.<\/p>\n","protected":false},"excerpt":{"rendered":"<p>L\u00e4hteisiin viittaaminen muodostuu kahdesta osasta: Lyhyt l\u00e4hdeviite ohjaa julkaisun lopussa olevaan l\u00e4hdeluetteloon, jonka tulee sis\u00e4lt\u00e4\u00e4 tarkat tiedot k\u00e4ytetyist\u00e4 l\u00e4hteist\u00e4. Luettelon avulla lukija halutessaan l\u00f6yt\u00e4\u00e4 l\u00e4hteet. L\u00e4hdeluettelossa annetaan lukijalle riitt\u00e4v\u00e4t tiedot tunnistaa ja l\u00f6yt\u00e4\u00e4 julkaisu, johon kirjoituksessa viitataan. N\u00e4in esim. tutkielman tarkastaja voi tarkistaa esitetyn paikkansapit\u00e4vyyden. Lis\u00e4ksi l\u00e4hdeviitteill\u00e4 annetaan tunnustus sille, jolle tunnustus kuuluu. L\u00e4hdeluetteloon merkit\u00e4\u00e4n [&hellip;]<\/p>\n","protected":false},"author":190,"featured_media":250,"parent":2,"menu_order":0,"comment_status":"closed","ping_status":"closed","template":"","meta":{"_acf_changed":false,"footnotes":""},"class_list":["post-221","page","type-page","status-publish","has-post-thumbnail","hentry"],"acf":[],"yoast_head":"<!-- This site is optimized with the Yoast SEO plugin v27.3 - https:\/\/yoast.com\/product\/yoast-seo-wordpress\/ -->\n<title>4.5 Julkaisuihin viittaaminen ja tekij\u00e4noikeudet - Biologian tiedonhaku \/\/ UEF Kirjasto<\/title>\n<meta name=\"robots\" content=\"index, follow, max-snippet:-1, max-image-preview:large, max-video-preview:-1\" \/>\n<link rel=\"canonical\" href=\"https:\/\/blogs.uef.fi\/tiedonhaku-biologia\/tulokset\/viittaaminen\/\" \/>\n<meta property=\"og:locale\" content=\"fi_FI\" \/>\n<meta property=\"og:type\" content=\"article\" \/>\n<meta property=\"og:title\" content=\"4.5 Julkaisuihin viittaaminen ja tekij\u00e4noikeudet - Biologian tiedonhaku \/\/ UEF Kirjasto\" \/>\n<meta property=\"og:description\" content=\"L\u00e4hteisiin viittaaminen muodostuu kahdesta osasta: Lyhyt l\u00e4hdeviite ohjaa julkaisun lopussa olevaan l\u00e4hdeluetteloon, jonka tulee sis\u00e4lt\u00e4\u00e4 tarkat tiedot k\u00e4ytetyist\u00e4 l\u00e4hteist\u00e4. Luettelon avulla lukija halutessaan l\u00f6yt\u00e4\u00e4 l\u00e4hteet. L\u00e4hdeluettelossa annetaan lukijalle riitt\u00e4v\u00e4t tiedot tunnistaa ja l\u00f6yt\u00e4\u00e4 julkaisu, johon kirjoituksessa viitataan. N\u00e4in esim. tutkielman tarkastaja voi tarkistaa esitetyn paikkansapit\u00e4vyyden. Lis\u00e4ksi l\u00e4hdeviitteill\u00e4 annetaan tunnustus sille, jolle tunnustus kuuluu. L\u00e4hdeluetteloon merkit\u00e4\u00e4n [&hellip;]\" \/>\n<meta property=\"og:url\" content=\"https:\/\/blogs.uef.fi\/tiedonhaku-biologia\/tulokset\/viittaaminen\/\" \/>\n<meta property=\"og:site_name\" content=\"Biologian tiedonhaku \/\/ UEF Kirjasto\" \/>\n<meta property=\"article:modified_time\" content=\"2026-03-06T11:53:44+00:00\" \/>\n<meta name=\"twitter:card\" content=\"summary_large_image\" \/>\n<meta name=\"twitter:label1\" content=\"Arvioitu lukuaika\" \/>\n\t<meta name=\"twitter:data1\" content=\"5 minuuttia\" \/>\n<script type=\"application\/ld+json\" class=\"yoast-schema-graph\">{\"@context\":\"https:\\\/\\\/schema.org\",\"@graph\":[{\"@type\":\"WebPage\",\"@id\":\"https:\\\/\\\/blogs.uef.fi\\\/tiedonhaku-biologia\\\/tulokset\\\/viittaaminen\\\/\",\"url\":\"https:\\\/\\\/blogs.uef.fi\\\/tiedonhaku-biologia\\\/tulokset\\\/viittaaminen\\\/\",\"name\":\"4.5 Julkaisuihin viittaaminen ja tekij\u00e4noikeudet - Biologian tiedonhaku \\\/\\\/ UEF Kirjasto\",\"isPartOf\":{\"@id\":\"https:\\\/\\\/blogs.uef.fi\\\/tiedonhaku-biologia\\\/#website\"},\"primaryImageOfPage\":{\"@id\":\"https:\\\/\\\/blogs.uef.fi\\\/tiedonhaku-biologia\\\/tulokset\\\/viittaaminen\\\/#primaryimage\"},\"image\":{\"@id\":\"https:\\\/\\\/blogs.uef.fi\\\/tiedonhaku-biologia\\\/tulokset\\\/viittaaminen\\\/#primaryimage\"},\"thumbnailUrl\":\"\",\"datePublished\":\"2017-06-16T08:43:26+00:00\",\"dateModified\":\"2026-03-06T11:53:44+00:00\",\"breadcrumb\":{\"@id\":\"https:\\\/\\\/blogs.uef.fi\\\/tiedonhaku-biologia\\\/tulokset\\\/viittaaminen\\\/#breadcrumb\"},\"inLanguage\":\"fi\",\"potentialAction\":[{\"@type\":\"ReadAction\",\"target\":[\"https:\\\/\\\/blogs.uef.fi\\\/tiedonhaku-biologia\\\/tulokset\\\/viittaaminen\\\/\"]}]},{\"@type\":\"ImageObject\",\"inLanguage\":\"fi\",\"@id\":\"https:\\\/\\\/blogs.uef.fi\\\/tiedonhaku-biologia\\\/tulokset\\\/viittaaminen\\\/#primaryimage\",\"url\":\"\",\"contentUrl\":\"\"},{\"@type\":\"BreadcrumbList\",\"@id\":\"https:\\\/\\\/blogs.uef.fi\\\/tiedonhaku-biologia\\\/tulokset\\\/viittaaminen\\\/#breadcrumb\",\"itemListElement\":[{\"@type\":\"ListItem\",\"position\":1,\"name\":\"Home\",\"item\":\"https:\\\/\\\/blogs.uef.fi\\\/tiedonhaku-biologia\\\/\"},{\"@type\":\"ListItem\",\"position\":2,\"name\":\"4. Hakutulokset\",\"item\":\"https:\\\/\\\/blogs.uef.fi\\\/tiedonhaku-biologia\\\/tulokset\\\/\"},{\"@type\":\"ListItem\",\"position\":3,\"name\":\"4.5 Julkaisuihin viittaaminen ja tekij\u00e4noikeudet\"}]},{\"@type\":\"WebSite\",\"@id\":\"https:\\\/\\\/blogs.uef.fi\\\/tiedonhaku-biologia\\\/#website\",\"url\":\"https:\\\/\\\/blogs.uef.fi\\\/tiedonhaku-biologia\\\/\",\"name\":\"Biologian tiedonhaku \\\/\\\/ UEF Kirjasto\",\"description\":\"Biologian tiedonhaku on kattava oppimateriaali tiedonhakuun biologeille. Se sis\u00e4lt\u00e4\u00e4 yleiset tiedonhaun tekniikat sek\u00e4 biologian tiedonl\u00e4hteet ohjeineen ja esimerkkeineen.\",\"potentialAction\":[{\"@type\":\"SearchAction\",\"target\":{\"@type\":\"EntryPoint\",\"urlTemplate\":\"https:\\\/\\\/blogs.uef.fi\\\/tiedonhaku-biologia\\\/?s={search_term_string}\"},\"query-input\":{\"@type\":\"PropertyValueSpecification\",\"valueRequired\":true,\"valueName\":\"search_term_string\"}}],\"inLanguage\":\"fi\"}]}<\/script>\n<!-- \/ Yoast SEO plugin. -->","yoast_head_json":{"title":"4.5 Julkaisuihin viittaaminen ja tekij\u00e4noikeudet - Biologian tiedonhaku \/\/ UEF Kirjasto","robots":{"index":"index","follow":"follow","max-snippet":"max-snippet:-1","max-image-preview":"max-image-preview:large","max-video-preview":"max-video-preview:-1"},"canonical":"https:\/\/blogs.uef.fi\/tiedonhaku-biologia\/tulokset\/viittaaminen\/","og_locale":"fi_FI","og_type":"article","og_title":"4.5 Julkaisuihin viittaaminen ja tekij\u00e4noikeudet - Biologian tiedonhaku \/\/ UEF Kirjasto","og_description":"L\u00e4hteisiin viittaaminen muodostuu kahdesta osasta: Lyhyt l\u00e4hdeviite ohjaa julkaisun lopussa olevaan l\u00e4hdeluetteloon, jonka tulee sis\u00e4lt\u00e4\u00e4 tarkat tiedot k\u00e4ytetyist\u00e4 l\u00e4hteist\u00e4. Luettelon avulla lukija halutessaan l\u00f6yt\u00e4\u00e4 l\u00e4hteet. L\u00e4hdeluettelossa annetaan lukijalle riitt\u00e4v\u00e4t tiedot tunnistaa ja l\u00f6yt\u00e4\u00e4 julkaisu, johon kirjoituksessa viitataan. N\u00e4in esim. tutkielman tarkastaja voi tarkistaa esitetyn paikkansapit\u00e4vyyden. Lis\u00e4ksi l\u00e4hdeviitteill\u00e4 annetaan tunnustus sille, jolle tunnustus kuuluu. L\u00e4hdeluetteloon merkit\u00e4\u00e4n [&hellip;]","og_url":"https:\/\/blogs.uef.fi\/tiedonhaku-biologia\/tulokset\/viittaaminen\/","og_site_name":"Biologian tiedonhaku \/\/ UEF Kirjasto","article_modified_time":"2026-03-06T11:53:44+00:00","twitter_card":"summary_large_image","twitter_misc":{"Arvioitu lukuaika":"5 minuuttia"},"schema":{"@context":"https:\/\/schema.org","@graph":[{"@type":"WebPage","@id":"https:\/\/blogs.uef.fi\/tiedonhaku-biologia\/tulokset\/viittaaminen\/","url":"https:\/\/blogs.uef.fi\/tiedonhaku-biologia\/tulokset\/viittaaminen\/","name":"4.5 Julkaisuihin viittaaminen ja tekij\u00e4noikeudet - Biologian tiedonhaku \/\/ UEF Kirjasto","isPartOf":{"@id":"https:\/\/blogs.uef.fi\/tiedonhaku-biologia\/#website"},"primaryImageOfPage":{"@id":"https:\/\/blogs.uef.fi\/tiedonhaku-biologia\/tulokset\/viittaaminen\/#primaryimage"},"image":{"@id":"https:\/\/blogs.uef.fi\/tiedonhaku-biologia\/tulokset\/viittaaminen\/#primaryimage"},"thumbnailUrl":"","datePublished":"2017-06-16T08:43:26+00:00","dateModified":"2026-03-06T11:53:44+00:00","breadcrumb":{"@id":"https:\/\/blogs.uef.fi\/tiedonhaku-biologia\/tulokset\/viittaaminen\/#breadcrumb"},"inLanguage":"fi","potentialAction":[{"@type":"ReadAction","target":["https:\/\/blogs.uef.fi\/tiedonhaku-biologia\/tulokset\/viittaaminen\/"]}]},{"@type":"ImageObject","inLanguage":"fi","@id":"https:\/\/blogs.uef.fi\/tiedonhaku-biologia\/tulokset\/viittaaminen\/#primaryimage","url":"","contentUrl":""},{"@type":"BreadcrumbList","@id":"https:\/\/blogs.uef.fi\/tiedonhaku-biologia\/tulokset\/viittaaminen\/#breadcrumb","itemListElement":[{"@type":"ListItem","position":1,"name":"Home","item":"https:\/\/blogs.uef.fi\/tiedonhaku-biologia\/"},{"@type":"ListItem","position":2,"name":"4. Hakutulokset","item":"https:\/\/blogs.uef.fi\/tiedonhaku-biologia\/tulokset\/"},{"@type":"ListItem","position":3,"name":"4.5 Julkaisuihin viittaaminen ja tekij\u00e4noikeudet"}]},{"@type":"WebSite","@id":"https:\/\/blogs.uef.fi\/tiedonhaku-biologia\/#website","url":"https:\/\/blogs.uef.fi\/tiedonhaku-biologia\/","name":"Biologian tiedonhaku \/\/ UEF Kirjasto","description":"Biologian tiedonhaku on kattava oppimateriaali tiedonhakuun biologeille. Se sis\u00e4lt\u00e4\u00e4 yleiset tiedonhaun tekniikat sek\u00e4 biologian tiedonl\u00e4hteet ohjeineen ja esimerkkeineen.","potentialAction":[{"@type":"SearchAction","target":{"@type":"EntryPoint","urlTemplate":"https:\/\/blogs.uef.fi\/tiedonhaku-biologia\/?s={search_term_string}"},"query-input":{"@type":"PropertyValueSpecification","valueRequired":true,"valueName":"search_term_string"}}],"inLanguage":"fi"}]}},"_links":{"self":[{"href":"https:\/\/blogs.uef.fi\/tiedonhaku-biologia\/wp-json\/wp\/v2\/pages\/221","targetHints":{"allow":["GET"]}}],"collection":[{"href":"https:\/\/blogs.uef.fi\/tiedonhaku-biologia\/wp-json\/wp\/v2\/pages"}],"about":[{"href":"https:\/\/blogs.uef.fi\/tiedonhaku-biologia\/wp-json\/wp\/v2\/types\/page"}],"author":[{"embeddable":true,"href":"https:\/\/blogs.uef.fi\/tiedonhaku-biologia\/wp-json\/wp\/v2\/users\/190"}],"replies":[{"embeddable":true,"href":"https:\/\/blogs.uef.fi\/tiedonhaku-biologia\/wp-json\/wp\/v2\/comments?post=221"}],"version-history":[{"count":2,"href":"https:\/\/blogs.uef.fi\/tiedonhaku-biologia\/wp-json\/wp\/v2\/pages\/221\/revisions"}],"predecessor-version":[{"id":3237,"href":"https:\/\/blogs.uef.fi\/tiedonhaku-biologia\/wp-json\/wp\/v2\/pages\/221\/revisions\/3237"}],"up":[{"embeddable":true,"href":"https:\/\/blogs.uef.fi\/tiedonhaku-biologia\/wp-json\/wp\/v2\/pages\/2"}],"wp:featuredmedia":[{"embeddable":true,"href":"https:\/\/blogs.uef.fi\/tiedonhaku-biologia\/wp-json\/"}],"wp:attachment":[{"href":"https:\/\/blogs.uef.fi\/tiedonhaku-biologia\/wp-json\/wp\/v2\/media?parent=221"}],"curies":[{"name":"wp","href":"https:\/\/api.w.org\/{rel}","templated":true}]}}