{"id":218,"date":"2017-06-16T08:41:44","date_gmt":"2017-06-16T08:41:44","guid":{"rendered":"https:\/\/biotiedonhaku.wordpress.com\/?page_id=218"},"modified":"2024-07-01T13:06:29","modified_gmt":"2024-07-01T10:06:29","slug":"biologian-tietokannat","status":"publish","type":"page","link":"https:\/\/blogs.uef.fi\/tiedonhaku-biologia\/tietokannat\/biologian-tietokannat\/","title":{"rendered":"3.2 Tietokannat"},"content":{"rendered":"\n<p>Kun puhutaan hakupalveluista, jotka ovat erikoistuneet <strong>v\u00e4litt\u00e4m\u00e4\u00e4n tietoa tieteellisist\u00e4 julkaisuista,<\/strong> puhutaan yleisemmin <strong>kirjallisuustietokannoista<\/strong> kuin hakukoneista.<\/p>\n\n\n\n<p>Tietokantaan on tallennettu joko:<\/p>\n\n\n\n<ul class=\"wp-block-list\">\n<li>tieto julkaisun olemassaolosta (<strong>viite<\/strong>tietokanta) tai<\/li>\n\n\n\n<li>itse julkaisu kokonaan (<strong>kokoteksti<\/strong>tietokanta).<\/li>\n<\/ul>\n\n\n\n<p>K\u00e4yt\u00e4nn\u00f6ss\u00e4 monet viitetietokannat sis\u00e4lt\u00e4v\u00e4t my\u00f6s kokotekstej\u00e4 ja kokotekstitietokannoissa voi olla aineistoja, jotka eiv\u00e4t avaudu.<\/p>\n\n\n\n<p>Linkit tietokantoihin ovat UEF-Primossa. <strong>Et\u00e4k\u00e4ytt\u00f6 yliopiston verkon ulkopuolelta<\/strong>: kirjaudu ensiksi sis\u00e4\u00e4n UEF-Primoon.<\/p>\n\n\n\n<p>Katso tietokantalistaus kirjaston kotisivulta (sis\u00e4lt\u00e4\u00e4 linkit UEF-Primoon): <a href=\"https:\/\/www.uef.fi\/fi\/kirjasto\/biologian-tiedonlahteet\" target=\"_blank\" rel=\"noreferrer noopener\">Biologian tiedonl\u00e4hteet<\/a> (linkki aukeaa uuteen v\u00e4lilehteen).<\/p>\n\n\n\n<p>Hakuohjeita n\u00e4ihin tietokantoihin on kurssin seuraavassa luvussa, <em>Tietokantahaku<\/em>.<\/p>\n\n\n\n<h2 class=\"wp-block-heading\">Hae kansainv\u00e4li\u00e4 artikkeleita n\u00e4ist\u00e4 tietokannoista:<\/h2>\n\n\n\n<p>Viitetietokannat ovat kattavimpia tiedonl\u00e4hteit\u00e4 olemassa olevaan tutkimuskirjallisuuteen, erityisesti artikkeleihin.<\/p>\n\n\n\n<h3 class=\"wp-block-heading\">Viitetietokannat (reference databases):<\/h3>\n\n\n\n<ul class=\"has-white-background-color has-background wp-block-list\">\n<li>sis\u00e4lt\u00e4v\u00e4t tietoa siit\u00e4, mit\u00e4 ylip\u00e4\u00e4ns\u00e4 maailmalla on julkaistu<\/li>\n\n\n\n<li>kattavat eri maita ja kustantajia.<\/li>\n\n\n\n<li>itse artikkeleita ne eiv\u00e4t v\u00e4ltt\u00e4m\u00e4tt\u00e4 sis\u00e4ll\u00e4, mutta suoria linkkej\u00e4 voi olla<\/li>\n\n\n\n<li>apua artikkelin j\u00e4ljitt\u00e4miseen tarjotaan<\/li>\n<\/ul>\n\n\n\n<p>Viitteit\u00e4 haetaan artikkelin <strong>otsikon, asiasanojen ja tiivistelmien perusteella<\/strong>.<\/p>\n\n\n\n<p>Viitetietokantoja on kahdenlaisia: <strong>monitieteisi\u00e4<\/strong> (esimerkiksi Web of Science ja Scopus) ja sek\u00e4 <strong>alakohtaisia<\/strong> (esim. ERIC, (kasvatustiede). Biologian alalle ei ole yht\u00e4 yksitt\u00e4ist\u00e4 &#8221;omaa&#8221; tietokantaa. Kuitenkin ProQuest-tietokanta sis\u00e4lt\u00e4\u00e4 eri alojen alatietokantoja, joita voi hakea yhdess\u00e4 tai erikseen. Biologiaan sopii hakukohde &#8217;Natural science collection&#8217;.<\/p>\n\n\n\n<h3 class=\"wp-block-heading\">Kokotekstitietokannat (full-text databases)<\/h3>\n\n\n\n<p>Kokotekstitietokannassa artikkelit ovat kokonaisuudessaan luettavissa ja hakua voi tehd\u00e4 my\u00f6s artikkeleiden kokotekstin sis\u00e4lt\u00e4.<\/p>\n\n\n\n<p>Kokotekstihaku tuottaa usein runsaasti ei-aiheenmukaisia tuloksia, sill\u00e4 hakusanat voivat esiinty\u00e4 tekstiss\u00e4 t\u00e4ysin sattumanvaraisesti ilman asiayhteytt\u00e4 toisiinsa tai hakusana esiintyy tekstiss\u00e4 hakuaiheen kannalta merkityksett\u00f6m\u00e4ss\u00e4 roolissa. Kokotekstihaku voi kuitenkin olla tarpeen vaikkapa haettaessa yksitt\u00e4isi\u00e4 tarkkoja termej\u00e4, joita ei viitetietokannoista tunnu l\u00f6ytyv\u00e4n.<\/p>\n\n\n\n<p>Kokotekstitietokannat sis\u00e4lt\u00e4v\u00e4t yleens\u00e4 vain yhden kustantajan lehti\u00e4, kuten esimerkiksi ScienceDirect, jossa on vain Elsevier-kustantamon lehti\u00e4.<\/p>\n\n\n\n<p>Laajasti kokotekstej\u00e4 voi hakea Google Scholarista ja UEF-Primon kansainv\u00e4listen artikkeleiden hausta. N\u00e4iss\u00e4 kahdessa vastaan tulee kuitenkin my\u00f6s julkaisuja, joihin ei ole p\u00e4\u00e4sy\u00e4 verkon kautta, koska aineistoja ei ole hankittu UEFin k\u00e4ytt\u00f6\u00f6n.<\/p>\n\n\n\n<h2 class=\"wp-block-heading\">E-kirjatietokannoista kokonaisia kirjoja<\/h2>\n\n\n\n<p>Tiedot UEFille hankituista e-kirjoista l\u00f6ytyv\u00e4t yksitt\u00e4in UEF-Primosta. Haku on t\u00e4ll\u00f6in hakua viitetietojen (otsikko, tiivistelm\u00e4, asiasanat, sis\u00e4llysluettelo) avulla. On kuitenkin mahdollista tehd\u00e4 hakua my\u00f6s e-kirjojen kokoteksteist\u00e4. T\u00e4m\u00e4 onnistuu erillisten e-kirjatietokantojen kautta. E-kirjatietokannat sis\u00e4lt\u00e4v\u00e4t kirjoja monilta eri kustantajilta.<\/p>\n\n\n\n<h2 class=\"wp-block-heading\">Verkkoarkistoista k\u00e4sikirjoituksia ja opinn\u00e4ytteit\u00e4<\/h2>\n\n\n\n<p>Verkkoarkistot ovat ensisijaisesti dokumenttien (artikkelit, k\u00e4sikirjoitukset, rinnakkaistallenteet, opinn\u00e4ytteet ym.) tallennuspaikkoja. Niiss\u00e4 on my\u00f6s hakutoimintoja, mutta ne ovat yleens\u00e4 melko vaatimattomat. Siksi niiden kohdalla ei puhuta tietokannoista.<\/p>\n\n\n\n<p>Esimerkiksi verkkoarkisto ja jakelukanava bioRxiv sis\u00e4lt\u00e4\u00e4 biologian alan artikkeleita k\u00e4sikirjoituksina. N\u00e4m\u00e4 eiv\u00e4t v\u00e4ltt\u00e4m\u00e4tt\u00e4 ole yksi yhteen viimeisimm\u00e4n, lehteen hyv\u00e4ksytyn version kanssa. Kuka tahansa voi julkaista tutkimuksensa bioRxivissa. Siell\u00e4 ei siis ole virallista vertaisarviointia, mutta kontrolli \u201dhuonojen\u201d artikkeleiden poistamiseksi j\u00e4lkik\u00e4teen on olemassa.<\/p>\n\n\n\n<p>Yksitt\u00e4iset organisaatiot yll\u00e4p\u00e4it\u00e4v\u00e4t usein omia verkkoarkistojaan. Niihin kootaan oman organisaation sis\u00e4ll\u00e4 tehtyj\u00e4 julkaisuja, yliopistoissa my\u00f6s opinn\u00e4ytteet. UEFin verkkoarkisto on nimelt\u00e4\u00e4n eRepo.<\/p>\n\n\n\n<h2 class=\"wp-block-heading\">Kirjastotietokannoista laajasti eri aineistoja<\/h2>\n\n\n\n<p>Kirjastotietokannat, kuten UEF-Primo, ovat ensisijaisia hakupalveluita kirjojen hakemiseen. Kirjoja ovat:<\/p>\n\n\n\n<ul class=\"wp-block-list\">\n<li>monografiat (tieteellinen kirja)<\/li>\n\n\n\n<li>oppikirjat<\/li>\n\n\n\n<li>sarjajulkaisut<\/li>\n\n\n\n<li>konferenssijulkaisut<\/li>\n\n\n\n<li>opinn\u00e4ytteet<\/li>\n<\/ul>\n\n\n\n<p>Monet e-kirjat on hankittu kokonaisina \u201dpaketteina\u201d, eli ne muodostavat oman tietokantansa. E-kirjoja voikin siksi hakea kirjastotietokannoista tai omina kokonaisuuksinaan, kokotekstitietokantoina (esimerkiksi Ebsco eBook Collection ja Ebook Central).<\/p>\n\n\n\n<p>Suomessa on oma kansallinen kulttuuriaineistojen hakupalvelu Finna. Se sis\u00e4lt\u00e4\u00e4 my\u00f6s useimpien suomalaisten kirjastojen tietokannat sek\u00e4 tietoja monista muista aineistoista, kuten kotimaisista artikkeleista, oppimateriaaleista ja arkistoaineistoista.<\/p>\n\n\n\n<h2 class=\"wp-block-heading\">Hakuteoksista m\u00e4\u00e4ritelmi\u00e4 ja tiivistelmi\u00e4<\/h2>\n\n\n\n<p>Hakuteoksia ovat esimerkiksi <strong>tietosanakirjat, ensyklopediat ja sanastot<\/strong>, jotka selitt\u00e4v\u00e4t termej\u00e4. Hakuteoksista l\u00f6yt\u00e4\u00e4 helposti mm. m\u00e4\u00e4ritelmi\u00e4 ja tiiviit\u00e4 kuvauksia erilaisista ilmi\u00f6ist\u00e4. Hakuteokset ovat hyvi\u00e4 apuv\u00e4lineit\u00e4, kun tutustutaan uuteen asiaan ensi kertaa.<\/p>\n\n\n\n<p>Tunnetuin hakuteos on Wikipedia. Varsinaiset tieteelliset hakuteokset ovat kuitenkin luotettavempia, sill\u00e4 niiss\u00e4 tiedon oikeellisuus on aina varmistettu asiantuntijoiden avulla.<\/p>\n\n\n\n<p>Erilaiset <strong>k\u00e4sikirjat<\/strong> (handbook) voivat my\u00f6s toimia hakuteoksina. K\u00e4sikirjoja on kuitenkin monenlaisia, eik\u00e4 k\u00e4sikirja useinkaan ole yht\u00e4 laaja-alainen kuin vaikkapa tietosanakirja. Toisaalta k\u00e4sikirja voi keskitty\u00e4 vain hyvin suppeaan aihealueeseen, mutta kertoa siit\u00e4 kattavasti.<\/p>\n\n\n\n<p class=\"has-text-align-right\">Seuraava sivu: <a href=\"https:\/\/blogs.uef.fi\/tiedonhaku-biologia\/tietokannat\/hakeminen-tietokannoista\/\">Tietokantahaku<\/a>.<\/p>\n","protected":false},"excerpt":{"rendered":"<p>Kun puhutaan hakupalveluista, jotka ovat erikoistuneet v\u00e4litt\u00e4m\u00e4\u00e4n tietoa tieteellisist\u00e4 julkaisuista, puhutaan yleisemmin kirjallisuustietokannoista kuin hakukoneista. Tietokantaan on tallennettu joko: K\u00e4yt\u00e4nn\u00f6ss\u00e4 monet viitetietokannat sis\u00e4lt\u00e4v\u00e4t my\u00f6s kokotekstej\u00e4 ja kokotekstitietokannoissa voi olla aineistoja, jotka eiv\u00e4t avaudu. Linkit tietokantoihin ovat UEF-Primossa. Et\u00e4k\u00e4ytt\u00f6 yliopiston verkon ulkopuolelta: kirjaudu ensiksi sis\u00e4\u00e4n UEF-Primoon. Katso tietokantalistaus kirjaston kotisivulta (sis\u00e4lt\u00e4\u00e4 linkit UEF-Primoon): Biologian tiedonl\u00e4hteet (linkki [&hellip;]<\/p>\n","protected":false},"author":190,"featured_media":0,"parent":54,"menu_order":0,"comment_status":"closed","ping_status":"closed","template":"","meta":{"_acf_changed":false,"footnotes":""},"class_list":["post-218","page","type-page","status-publish","hentry"],"acf":[],"yoast_head":"<!-- This site is optimized with the Yoast SEO plugin v27.1.1 - https:\/\/yoast.com\/product\/yoast-seo-wordpress\/ -->\n<title>3.2 Tietokannat - Biologian tiedonhaku \/\/ UEF Kirjasto<\/title>\n<meta name=\"robots\" content=\"index, follow, max-snippet:-1, max-image-preview:large, max-video-preview:-1\" \/>\n<link rel=\"canonical\" href=\"https:\/\/blogs.uef.fi\/tiedonhaku-biologia\/tietokannat\/biologian-tietokannat\/\" \/>\n<meta property=\"og:locale\" content=\"fi_FI\" \/>\n<meta property=\"og:type\" content=\"article\" \/>\n<meta property=\"og:title\" content=\"3.2 Tietokannat - Biologian tiedonhaku \/\/ UEF Kirjasto\" \/>\n<meta property=\"og:description\" content=\"Kun puhutaan hakupalveluista, jotka ovat erikoistuneet v\u00e4litt\u00e4m\u00e4\u00e4n tietoa tieteellisist\u00e4 julkaisuista, puhutaan yleisemmin kirjallisuustietokannoista kuin hakukoneista. Tietokantaan on tallennettu joko: K\u00e4yt\u00e4nn\u00f6ss\u00e4 monet viitetietokannat sis\u00e4lt\u00e4v\u00e4t my\u00f6s kokotekstej\u00e4 ja kokotekstitietokannoissa voi olla aineistoja, jotka eiv\u00e4t avaudu. Linkit tietokantoihin ovat UEF-Primossa. Et\u00e4k\u00e4ytt\u00f6 yliopiston verkon ulkopuolelta: kirjaudu ensiksi sis\u00e4\u00e4n UEF-Primoon. Katso tietokantalistaus kirjaston kotisivulta (sis\u00e4lt\u00e4\u00e4 linkit UEF-Primoon): Biologian tiedonl\u00e4hteet (linkki [&hellip;]\" \/>\n<meta property=\"og:url\" content=\"https:\/\/blogs.uef.fi\/tiedonhaku-biologia\/tietokannat\/biologian-tietokannat\/\" \/>\n<meta property=\"og:site_name\" content=\"Biologian tiedonhaku \/\/ UEF Kirjasto\" \/>\n<meta property=\"article:modified_time\" content=\"2024-07-01T10:06:29+00:00\" \/>\n<meta name=\"twitter:card\" content=\"summary_large_image\" \/>\n<meta name=\"twitter:label1\" content=\"Arvioitu lukuaika\" \/>\n\t<meta name=\"twitter:data1\" content=\"4 minuuttia\" \/>\n<script type=\"application\/ld+json\" class=\"yoast-schema-graph\">{\"@context\":\"https:\/\/schema.org\",\"@graph\":[{\"@type\":\"WebPage\",\"@id\":\"https:\/\/blogs.uef.fi\/tiedonhaku-biologia\/tietokannat\/biologian-tietokannat\/\",\"url\":\"https:\/\/blogs.uef.fi\/tiedonhaku-biologia\/tietokannat\/biologian-tietokannat\/\",\"name\":\"3.2 Tietokannat - Biologian tiedonhaku \/\/ UEF Kirjasto\",\"isPartOf\":{\"@id\":\"https:\/\/blogs.uef.fi\/tiedonhaku-biologia\/#website\"},\"datePublished\":\"2017-06-16T08:41:44+00:00\",\"dateModified\":\"2024-07-01T10:06:29+00:00\",\"breadcrumb\":{\"@id\":\"https:\/\/blogs.uef.fi\/tiedonhaku-biologia\/tietokannat\/biologian-tietokannat\/#breadcrumb\"},\"inLanguage\":\"fi\",\"potentialAction\":[{\"@type\":\"ReadAction\",\"target\":[\"https:\/\/blogs.uef.fi\/tiedonhaku-biologia\/tietokannat\/biologian-tietokannat\/\"]}]},{\"@type\":\"BreadcrumbList\",\"@id\":\"https:\/\/blogs.uef.fi\/tiedonhaku-biologia\/tietokannat\/biologian-tietokannat\/#breadcrumb\",\"itemListElement\":[{\"@type\":\"ListItem\",\"position\":1,\"name\":\"Home\",\"item\":\"https:\/\/blogs.uef.fi\/tiedonhaku-biologia\/\"},{\"@type\":\"ListItem\",\"position\":2,\"name\":\"3. Hakukoneet ja tietokannat\",\"item\":\"https:\/\/blogs.uef.fi\/tiedonhaku-biologia\/tietokannat\/\"},{\"@type\":\"ListItem\",\"position\":3,\"name\":\"3.2 Tietokannat\"}]},{\"@type\":\"WebSite\",\"@id\":\"https:\/\/blogs.uef.fi\/tiedonhaku-biologia\/#website\",\"url\":\"https:\/\/blogs.uef.fi\/tiedonhaku-biologia\/\",\"name\":\"Biologian tiedonhaku \/\/ UEF Kirjasto\",\"description\":\"Biologian tiedonhaku on kattava oppimateriaali tiedonhakuun biologeille. Se sis\u00e4lt\u00e4\u00e4 yleiset tiedonhaun tekniikat sek\u00e4 biologian tiedonl\u00e4hteet ohjeineen ja esimerkkeineen.\",\"potentialAction\":[{\"@type\":\"SearchAction\",\"target\":{\"@type\":\"EntryPoint\",\"urlTemplate\":\"https:\/\/blogs.uef.fi\/tiedonhaku-biologia\/?s={search_term_string}\"},\"query-input\":{\"@type\":\"PropertyValueSpecification\",\"valueRequired\":true,\"valueName\":\"search_term_string\"}}],\"inLanguage\":\"fi\"}]}<\/script>\n<!-- \/ Yoast SEO plugin. -->","yoast_head_json":{"title":"3.2 Tietokannat - Biologian tiedonhaku \/\/ UEF Kirjasto","robots":{"index":"index","follow":"follow","max-snippet":"max-snippet:-1","max-image-preview":"max-image-preview:large","max-video-preview":"max-video-preview:-1"},"canonical":"https:\/\/blogs.uef.fi\/tiedonhaku-biologia\/tietokannat\/biologian-tietokannat\/","og_locale":"fi_FI","og_type":"article","og_title":"3.2 Tietokannat - Biologian tiedonhaku \/\/ UEF Kirjasto","og_description":"Kun puhutaan hakupalveluista, jotka ovat erikoistuneet v\u00e4litt\u00e4m\u00e4\u00e4n tietoa tieteellisist\u00e4 julkaisuista, puhutaan yleisemmin kirjallisuustietokannoista kuin hakukoneista. Tietokantaan on tallennettu joko: K\u00e4yt\u00e4nn\u00f6ss\u00e4 monet viitetietokannat sis\u00e4lt\u00e4v\u00e4t my\u00f6s kokotekstej\u00e4 ja kokotekstitietokannoissa voi olla aineistoja, jotka eiv\u00e4t avaudu. Linkit tietokantoihin ovat UEF-Primossa. Et\u00e4k\u00e4ytt\u00f6 yliopiston verkon ulkopuolelta: kirjaudu ensiksi sis\u00e4\u00e4n UEF-Primoon. Katso tietokantalistaus kirjaston kotisivulta (sis\u00e4lt\u00e4\u00e4 linkit UEF-Primoon): Biologian tiedonl\u00e4hteet (linkki [&hellip;]","og_url":"https:\/\/blogs.uef.fi\/tiedonhaku-biologia\/tietokannat\/biologian-tietokannat\/","og_site_name":"Biologian tiedonhaku \/\/ UEF Kirjasto","article_modified_time":"2024-07-01T10:06:29+00:00","twitter_card":"summary_large_image","twitter_misc":{"Arvioitu lukuaika":"4 minuuttia"},"schema":{"@context":"https:\/\/schema.org","@graph":[{"@type":"WebPage","@id":"https:\/\/blogs.uef.fi\/tiedonhaku-biologia\/tietokannat\/biologian-tietokannat\/","url":"https:\/\/blogs.uef.fi\/tiedonhaku-biologia\/tietokannat\/biologian-tietokannat\/","name":"3.2 Tietokannat - Biologian tiedonhaku \/\/ UEF Kirjasto","isPartOf":{"@id":"https:\/\/blogs.uef.fi\/tiedonhaku-biologia\/#website"},"datePublished":"2017-06-16T08:41:44+00:00","dateModified":"2024-07-01T10:06:29+00:00","breadcrumb":{"@id":"https:\/\/blogs.uef.fi\/tiedonhaku-biologia\/tietokannat\/biologian-tietokannat\/#breadcrumb"},"inLanguage":"fi","potentialAction":[{"@type":"ReadAction","target":["https:\/\/blogs.uef.fi\/tiedonhaku-biologia\/tietokannat\/biologian-tietokannat\/"]}]},{"@type":"BreadcrumbList","@id":"https:\/\/blogs.uef.fi\/tiedonhaku-biologia\/tietokannat\/biologian-tietokannat\/#breadcrumb","itemListElement":[{"@type":"ListItem","position":1,"name":"Home","item":"https:\/\/blogs.uef.fi\/tiedonhaku-biologia\/"},{"@type":"ListItem","position":2,"name":"3. Hakukoneet ja tietokannat","item":"https:\/\/blogs.uef.fi\/tiedonhaku-biologia\/tietokannat\/"},{"@type":"ListItem","position":3,"name":"3.2 Tietokannat"}]},{"@type":"WebSite","@id":"https:\/\/blogs.uef.fi\/tiedonhaku-biologia\/#website","url":"https:\/\/blogs.uef.fi\/tiedonhaku-biologia\/","name":"Biologian tiedonhaku \/\/ UEF Kirjasto","description":"Biologian tiedonhaku on kattava oppimateriaali tiedonhakuun biologeille. Se sis\u00e4lt\u00e4\u00e4 yleiset tiedonhaun tekniikat sek\u00e4 biologian tiedonl\u00e4hteet ohjeineen ja esimerkkeineen.","potentialAction":[{"@type":"SearchAction","target":{"@type":"EntryPoint","urlTemplate":"https:\/\/blogs.uef.fi\/tiedonhaku-biologia\/?s={search_term_string}"},"query-input":{"@type":"PropertyValueSpecification","valueRequired":true,"valueName":"search_term_string"}}],"inLanguage":"fi"}]}},"_links":{"self":[{"href":"https:\/\/blogs.uef.fi\/tiedonhaku-biologia\/wp-json\/wp\/v2\/pages\/218","targetHints":{"allow":["GET"]}}],"collection":[{"href":"https:\/\/blogs.uef.fi\/tiedonhaku-biologia\/wp-json\/wp\/v2\/pages"}],"about":[{"href":"https:\/\/blogs.uef.fi\/tiedonhaku-biologia\/wp-json\/wp\/v2\/types\/page"}],"author":[{"embeddable":true,"href":"https:\/\/blogs.uef.fi\/tiedonhaku-biologia\/wp-json\/wp\/v2\/users\/190"}],"replies":[{"embeddable":true,"href":"https:\/\/blogs.uef.fi\/tiedonhaku-biologia\/wp-json\/wp\/v2\/comments?post=218"}],"version-history":[{"count":2,"href":"https:\/\/blogs.uef.fi\/tiedonhaku-biologia\/wp-json\/wp\/v2\/pages\/218\/revisions"}],"predecessor-version":[{"id":3135,"href":"https:\/\/blogs.uef.fi\/tiedonhaku-biologia\/wp-json\/wp\/v2\/pages\/218\/revisions\/3135"}],"up":[{"embeddable":true,"href":"https:\/\/blogs.uef.fi\/tiedonhaku-biologia\/wp-json\/wp\/v2\/pages\/54"}],"wp:attachment":[{"href":"https:\/\/blogs.uef.fi\/tiedonhaku-biologia\/wp-json\/wp\/v2\/media?parent=218"}],"curies":[{"name":"wp","href":"https:\/\/api.w.org\/{rel}","templated":true}]}}