{"id":216,"date":"2017-06-16T08:38:53","date_gmt":"2017-06-16T08:38:53","guid":{"rendered":"https:\/\/biotiedonhaku.wordpress.com\/?page_id=216"},"modified":"2024-08-07T09:46:30","modified_gmt":"2024-08-07T06:46:30","slug":"uefprimo","status":"publish","type":"page","link":"https:\/\/blogs.uef.fi\/tiedonhaku-biologia\/tietokannat\/uefprimo\/","title":{"rendered":"3.1 Aloita UEF-Primosta"},"content":{"rendered":"\n<p><a href=\"https:\/\/primo.uef.fi\/discovery\/search?vid=358FIN_UOEF:VU1&amp;lang=fi\">UEF-Primo<\/a> on It\u00e4-Suomen yliopiston kirjaston oma hakupalvelu,josta l\u00f6ytyy yhdest\u00e4 osoitteesta linkit <strong>kaikkiin kirjaston hankkimiin aineistoihin<\/strong> julkaisumuodosta ja -tavasta riippumatta.<\/p>\n\n\n\n<p><strong>Aineistojen k\u00e4ytt\u00f6 yliopiston verkon ulkopuolelta onnistuu kirjautumalla UEF-Primoon omilla UEF-tunnuksilla.<\/strong> Siksi aloita aina UEF-Primosta, vaikka k\u00e4ytt\u00e4isitkin jotain yksitt\u00e4ist\u00e4 tietokantaa etk\u00e4 Primon omia hakupalveluita.<\/p>\n\n\n\n<h2 class=\"wp-block-heading\">UEF-Primosta haetaan tiedot painetuista ja verkkoaineistoista<\/h2>\n\n\n\n<ul class=\"wp-block-list\">\n<li>UEF-Primosta haetaan sek\u00e4 kirjaston <strong>kokoelmiin kuuluvia kirjoja ja lehti\u00e4<\/strong><\/li>\n\n\n\n<li>UEF-Primosta haetaan<strong> tieteellisi\u00e4 artikkeleita<\/strong><\/li>\n\n\n\n<li>UEF-Primon kautta on p\u00e4\u00e4sy <strong>tietokantojen omiin k\u00e4ytt\u00f6liittymiin sek\u00e4 e-lehtiin<\/strong><\/li>\n<\/ul>\n\n\n\n<figure class=\"wp-block-image is-resized\"><img loading=\"lazy\" decoding=\"async\" width=\"1132\" height=\"782\" src=\"https:\/\/blogs.uef.fi\/tiedonhaku-biologia\/wp-content\/uploads\/sites\/59\/2021\/10\/UPtietokantahaku.png\" alt=\"Kuvakaappaus UEF-Primosta. Yl\u00e4palkista on valittu Tietokantahaku. Hakuriville on kirjoitettu tietokannan nimi Scopus. Tulosn\u00e4kym\u00e4ss\u00e4 n\u00e4kyy ensin linkki Saatavilla verkossa ja sen j\u00e4lkeen linkkin\u00e4 tietokannan nimi. Scopus. Tietokanta aukeaa klikkaamalla t\u00e4t\u00e4 linkki\u00e4.\" class=\"wp-image-1482\" style=\"width:566px;height:391px\" srcset=\"https:\/\/blogs.uef.fi\/tiedonhaku-biologia\/wp-content\/uploads\/sites\/59\/2021\/10\/UPtietokantahaku.png 1132w, https:\/\/blogs.uef.fi\/tiedonhaku-biologia\/wp-content\/uploads\/sites\/59\/2021\/10\/UPtietokantahaku-300x207.png 300w, https:\/\/blogs.uef.fi\/tiedonhaku-biologia\/wp-content\/uploads\/sites\/59\/2021\/10\/UPtietokantahaku-1024x707.png 1024w, https:\/\/blogs.uef.fi\/tiedonhaku-biologia\/wp-content\/uploads\/sites\/59\/2021\/10\/UPtietokantahaku-768x531.png 768w\" sizes=\"auto, (max-width: 1132px) 100vw, 1132px\" \/><figcaption class=\"wp-element-caption\">Tietokannan aukaiseminen UEF-Primosta<\/figcaption><\/figure>\n\n\n\n<p>UEF-Primon kautta voit lis\u00e4ksi uusia lainoja, tehd\u00e4 varauksia, ja tallentaa omia suosikkeja.<\/p>\n\n\n\n<h2 class=\"wp-block-heading\">UEF-Primossa voit tehd\u00e4 hakua:<\/h2>\n\n\n\n<ul class=\"wp-block-list\">\n<li><strong>Kirjaston kokoelmista<\/strong>: UEF kirjaston hankkimat kirjat ja lehdet (painetut ja verkkossa olevat) sek\u00e4 tietokannat, hakuteokset ym. T\u00e4m\u00e4 on oletushakuna UEF-Primossa.<\/li>\n\n\n\n<li><strong>Kansainv\u00e4lisist\u00e4 artikkeleista<\/strong>: haku sis\u00e4lt\u00e4\u00e4 artikkelien lis\u00e4ksi hyvin monenlaisia muitakin aineistoja, mutta artikkelit ovat haun p\u00e4\u00e4asiallisin tulosjoukko. Primo-haut eiv\u00e4t pysty kokonaan korvaamaan varsinaisia kirjallisuustietokantoja, kun halutaan tehd\u00e4 syv\u00e4llisemp\u00e4\u00e4 tiedonhakua.<\/li>\n\n\n\n<li><strong>Elektronisista aineistoista:<\/strong> mik\u00e4 on l\u00e4hes sama kuin Kansainv\u00e4liset artikkelit, mutta lis\u00e4ksi haun piiriss\u00e4 ovat hakuteokset, tietokannat ym. kirjaston omat e-aineistot.<\/li>\n\n\n\n<li><strong>Kaikista aineistoista<\/strong>: sis\u00e4lt\u00e4\u00e4 kaikki edell\u00e4 mainitut yhdess\u00e4. T\u00e4m\u00e4 ei v\u00e4ltt\u00e4m\u00e4tt\u00e4 ole niin hy\u00f6dyllist\u00e4 kuin milt\u00e4 kuulostaa: suomenkielisi\u00e4 kirjoja haetaan eri tavoin kuin kansainv\u00e4lisi\u00e4 artikkeleita.<\/li>\n<\/ul>\n\n\n\n<p>Kotimaisia, suomeksi julkaistuja lehtiartikkeleita ei UEF-Primosta juuri l\u00f6ydy. N\u00e4it\u00e4 pit\u00e4\u00e4 hakea ensisijaisesti kansallisen Finnan kautta, <a href=\"https:\/\/finna.fi\">https:\/\/finna.fi<\/a>.<\/p>\n\n\n\n<h2 class=\"wp-block-heading\">UEF-Primon hakuohjeet:<\/h2>\n\n\n\n<figure class=\"wp-block-image size-full\"><img loading=\"lazy\" decoding=\"async\" width=\"817\" height=\"208\" src=\"https:\/\/blogs.uef.fi\/tiedonhaku-biologia\/wp-content\/uploads\/sites\/59\/2023\/10\/UP_tekniikka_taulukko.png\" alt=\"\" class=\"wp-image-2667\" srcset=\"https:\/\/blogs.uef.fi\/tiedonhaku-biologia\/wp-content\/uploads\/sites\/59\/2023\/10\/UP_tekniikka_taulukko.png 817w, https:\/\/blogs.uef.fi\/tiedonhaku-biologia\/wp-content\/uploads\/sites\/59\/2023\/10\/UP_tekniikka_taulukko-300x76.png 300w, https:\/\/blogs.uef.fi\/tiedonhaku-biologia\/wp-content\/uploads\/sites\/59\/2023\/10\/UP_tekniikka_taulukko-768x196.png 768w\" sizes=\"auto, (max-width: 817px) 100vw, 817px\" \/><figcaption class=\"wp-element-caption\"><em>Tarkennus: fraasin katkaisu onnistuu vain haussa kirjaston kokoelmista. Muissa hakuryhmiss\u00e4 fraasissa ei voi k\u00e4ytt\u00e4\u00e4 katkaisua. Englanninkielisiss\u00e4 sanoissa sek\u00e4 yksikk\u00f6 ett\u00e4 monikko kuitenkin l\u00f6ytyv\u00e4t my\u00f6s fraasin sis\u00e4lt\u00e4 automaattisesti.<\/em><\/figcaption><\/figure>\n\n\n\n<ul class=\"wp-block-list\">\n<li>hakutuloksia voi rajata j\u00e4lkik\u00e4teen mm. aiheen, vuoden, jne. perusteella<\/li>\n\n\n\n<li>tulosta voi lajitella mm. relevanssin, julkaisuvuoden ja tekij\u00e4n mukaan<\/li>\n<\/ul>\n\n\n\n<p>Katso hakuesimerkkikuvia luvusta Tietokantahaku.<\/p>\n\n\n\n<h2 class=\"wp-block-heading\">UEF kirjaston aineistoja on my\u00f6s Finnassa<\/h2>\n\n\n\n<p>UEF-Primon painetut aineistot sis\u00e4ltyv\u00e4t <a href=\"http:\/\/finna.fi\/\" target=\"_blank\" rel=\"noreferrer noopener\">kansalliseen Finnaan<\/a> , samoin kuin muidenkin kotimaisten kirjastojen aineistot. T\u00e4m\u00e4n lis\u00e4ksi Finnassa on tiedot kaikista Suomessa julkaistuista kirjoista ja kartoista sek\u00e4 kotimaisista artikkeleista. Finnasta saa siis k\u00e4tev\u00e4sti sek\u00e4 UEF kirjaston ett\u00e4 muiden kirjastojen aineistoja yhdell\u00e4 kertaa ja lis\u00e4ksi kotimaisia artikkeleita.<\/p>\n\n\n\n<figure class=\"wp-block-image size-large is-resized\"><img loading=\"lazy\" decoding=\"async\" width=\"1024\" height=\"564\" src=\"https:\/\/blogs.uef.fi\/tiedonhaku-biologia\/wp-content\/uploads\/sites\/59\/2022\/10\/kokonaiskuva-1024x564.png\" alt=\"Kaaviokuva eri hakupalveluiden sis\u00e4ll\u00f6st\u00e4. UEF-Primo sis\u00e4lt\u00e4\u00e4 linkit e-lehtiin ja tietokantoihin, UEF-kirjaston painetut kirjat ja lehdet, UEF-kirjaston e-kirjat. Finna.fi sis\u00e4lt\u00e4\u00e4 UEF-kirjaston painetut kirjat ja lehdet, kotimaisten kirjastojen aineistot, suomalaiset kirjat, artikkelit sek\u00e4 lehdet. UEF-Primo elektroniset aineistot sis\u00e4lt\u00e4\u00e4 UEF-kirjaston e-kirjat, artikkelit (viitteet\/kokotekstit), kansainv\u00e4lisesti julkaistut kotimaiset artikkelit. Tiedejatutkimus.fi sis\u00e4lt\u00e4\u00e4 suomalaiset kirjat, artikkelit ja lehdet sek\u00e4 kansainv\u00e4lisesti julkaistut kotimaiset artikkelit vuodesta 2012 alkaen. Yksitt\u00e4iset tietokannat, esim. Scopus, sis\u00e4lt\u00e4v\u00e4t artikkelit (viitteet\/kokotekstit) ja kansainv\u00e4lisesti julkaistut kotimaiset artikkelit.\" class=\"wp-image-1973\" style=\"width:768px;height:423px\" srcset=\"https:\/\/blogs.uef.fi\/tiedonhaku-biologia\/wp-content\/uploads\/sites\/59\/2022\/10\/kokonaiskuva-1024x564.png 1024w, https:\/\/blogs.uef.fi\/tiedonhaku-biologia\/wp-content\/uploads\/sites\/59\/2022\/10\/kokonaiskuva-300x165.png 300w, https:\/\/blogs.uef.fi\/tiedonhaku-biologia\/wp-content\/uploads\/sites\/59\/2022\/10\/kokonaiskuva-768x423.png 768w, https:\/\/blogs.uef.fi\/tiedonhaku-biologia\/wp-content\/uploads\/sites\/59\/2022\/10\/kokonaiskuva.png 1149w\" sizes=\"auto, (max-width: 1024px) 100vw, 1024px\" \/><figcaption class=\"wp-element-caption\">Eri hakupalveluista l\u00f6ytyy hieman erilaisia aineistoja, joskin sis\u00e4ll\u00f6t menev\u00e4t osin my\u00f6s p\u00e4\u00e4llekk\u00e4in.<\/figcaption><\/figure>\n\n\n\n<p class=\"has-text-align-right\">Seuraava sivu: <a href=\"https:\/\/blogs.uef.fi\/tiedonhaku-biologia\/tietokannat\/biologian-tietokannat\/\">Tietokannat<\/a>.<\/p>\n","protected":false},"excerpt":{"rendered":"<p>UEF-Primo on It\u00e4-Suomen yliopiston kirjaston oma hakupalvelu,josta l\u00f6ytyy yhdest\u00e4 osoitteesta linkit kaikkiin kirjaston hankkimiin aineistoihin julkaisumuodosta ja -tavasta riippumatta. Aineistojen k\u00e4ytt\u00f6 yliopiston verkon ulkopuolelta onnistuu kirjautumalla UEF-Primoon omilla UEF-tunnuksilla. Siksi aloita aina UEF-Primosta, vaikka k\u00e4ytt\u00e4isitkin jotain yksitt\u00e4ist\u00e4 tietokantaa etk\u00e4 Primon omia hakupalveluita. UEF-Primosta haetaan tiedot painetuista ja verkkoaineistoista UEF-Primon kautta voit lis\u00e4ksi uusia lainoja, tehd\u00e4 [&hellip;]<\/p>\n","protected":false},"author":190,"featured_media":0,"parent":54,"menu_order":0,"comment_status":"closed","ping_status":"closed","template":"","meta":{"_acf_changed":false,"footnotes":""},"class_list":["post-216","page","type-page","status-publish","hentry"],"acf":[],"yoast_head":"<!-- This site is optimized with the Yoast SEO plugin v27.1.1 - https:\/\/yoast.com\/product\/yoast-seo-wordpress\/ -->\n<title>3.1 Aloita UEF-Primosta - Biologian tiedonhaku \/\/ UEF Kirjasto<\/title>\n<meta name=\"robots\" content=\"index, follow, max-snippet:-1, max-image-preview:large, max-video-preview:-1\" \/>\n<link rel=\"canonical\" href=\"https:\/\/blogs.uef.fi\/tiedonhaku-biologia\/tietokannat\/uefprimo\/\" \/>\n<meta property=\"og:locale\" content=\"fi_FI\" \/>\n<meta property=\"og:type\" content=\"article\" \/>\n<meta property=\"og:title\" content=\"3.1 Aloita UEF-Primosta - Biologian tiedonhaku \/\/ UEF Kirjasto\" \/>\n<meta property=\"og:description\" content=\"UEF-Primo on It\u00e4-Suomen yliopiston kirjaston oma hakupalvelu,josta l\u00f6ytyy yhdest\u00e4 osoitteesta linkit kaikkiin kirjaston hankkimiin aineistoihin julkaisumuodosta ja -tavasta riippumatta. Aineistojen k\u00e4ytt\u00f6 yliopiston verkon ulkopuolelta onnistuu kirjautumalla UEF-Primoon omilla UEF-tunnuksilla. Siksi aloita aina UEF-Primosta, vaikka k\u00e4ytt\u00e4isitkin jotain yksitt\u00e4ist\u00e4 tietokantaa etk\u00e4 Primon omia hakupalveluita. UEF-Primosta haetaan tiedot painetuista ja verkkoaineistoista UEF-Primon kautta voit lis\u00e4ksi uusia lainoja, tehd\u00e4 [&hellip;]\" \/>\n<meta property=\"og:url\" content=\"https:\/\/blogs.uef.fi\/tiedonhaku-biologia\/tietokannat\/uefprimo\/\" \/>\n<meta property=\"og:site_name\" content=\"Biologian tiedonhaku \/\/ UEF Kirjasto\" \/>\n<meta property=\"article:modified_time\" content=\"2024-08-07T06:46:30+00:00\" \/>\n<meta property=\"og:image\" content=\"https:\/\/blogs.uef.fi\/tiedonhaku-biologia\/wp-content\/uploads\/sites\/59\/2021\/10\/UPtietokantahaku.png\" \/>\n<meta name=\"twitter:card\" content=\"summary_large_image\" \/>\n<meta name=\"twitter:label1\" content=\"Arvioitu lukuaika\" \/>\n\t<meta name=\"twitter:data1\" content=\"3 minuuttia\" \/>\n<script type=\"application\/ld+json\" class=\"yoast-schema-graph\">{\"@context\":\"https:\/\/schema.org\",\"@graph\":[{\"@type\":\"WebPage\",\"@id\":\"https:\/\/blogs.uef.fi\/tiedonhaku-biologia\/tietokannat\/uefprimo\/\",\"url\":\"https:\/\/blogs.uef.fi\/tiedonhaku-biologia\/tietokannat\/uefprimo\/\",\"name\":\"3.1 Aloita UEF-Primosta - Biologian tiedonhaku \/\/ UEF Kirjasto\",\"isPartOf\":{\"@id\":\"https:\/\/blogs.uef.fi\/tiedonhaku-biologia\/#website\"},\"primaryImageOfPage\":{\"@id\":\"https:\/\/blogs.uef.fi\/tiedonhaku-biologia\/tietokannat\/uefprimo\/#primaryimage\"},\"image\":{\"@id\":\"https:\/\/blogs.uef.fi\/tiedonhaku-biologia\/tietokannat\/uefprimo\/#primaryimage\"},\"thumbnailUrl\":\"https:\/\/blogs.uef.fi\/tiedonhaku-biologia\/wp-content\/uploads\/sites\/59\/2021\/10\/UPtietokantahaku.png\",\"datePublished\":\"2017-06-16T08:38:53+00:00\",\"dateModified\":\"2024-08-07T06:46:30+00:00\",\"breadcrumb\":{\"@id\":\"https:\/\/blogs.uef.fi\/tiedonhaku-biologia\/tietokannat\/uefprimo\/#breadcrumb\"},\"inLanguage\":\"fi\",\"potentialAction\":[{\"@type\":\"ReadAction\",\"target\":[\"https:\/\/blogs.uef.fi\/tiedonhaku-biologia\/tietokannat\/uefprimo\/\"]}]},{\"@type\":\"ImageObject\",\"inLanguage\":\"fi\",\"@id\":\"https:\/\/blogs.uef.fi\/tiedonhaku-biologia\/tietokannat\/uefprimo\/#primaryimage\",\"url\":\"https:\/\/blogs.uef.fi\/tiedonhaku-biologia\/wp-content\/uploads\/sites\/59\/2021\/10\/UPtietokantahaku.png\",\"contentUrl\":\"https:\/\/blogs.uef.fi\/tiedonhaku-biologia\/wp-content\/uploads\/sites\/59\/2021\/10\/UPtietokantahaku.png\",\"width\":1132,\"height\":782,\"caption\":\"Kuvakaappaus UEF-Primosta. Yl\u00e4palkista on valittu Tietokantahaku. Hakuriville on kirjoitettu tietokannan nimi Scopus. Tulosn\u00e4kym\u00e4ss\u00e4 n\u00e4kyy ensin linkki Saatavilla verkossa ja sen j\u00e4lkeen linkkin\u00e4 tietokannan nimi. Scopus. Tietokanta aukeaa klikkaamalla t\u00e4t\u00e4 linkki\u00e4.\"},{\"@type\":\"BreadcrumbList\",\"@id\":\"https:\/\/blogs.uef.fi\/tiedonhaku-biologia\/tietokannat\/uefprimo\/#breadcrumb\",\"itemListElement\":[{\"@type\":\"ListItem\",\"position\":1,\"name\":\"Home\",\"item\":\"https:\/\/blogs.uef.fi\/tiedonhaku-biologia\/\"},{\"@type\":\"ListItem\",\"position\":2,\"name\":\"3. Hakukoneet ja tietokannat\",\"item\":\"https:\/\/blogs.uef.fi\/tiedonhaku-biologia\/tietokannat\/\"},{\"@type\":\"ListItem\",\"position\":3,\"name\":\"3.1 Aloita UEF-Primosta\"}]},{\"@type\":\"WebSite\",\"@id\":\"https:\/\/blogs.uef.fi\/tiedonhaku-biologia\/#website\",\"url\":\"https:\/\/blogs.uef.fi\/tiedonhaku-biologia\/\",\"name\":\"Biologian tiedonhaku \/\/ UEF Kirjasto\",\"description\":\"Biologian tiedonhaku on kattava oppimateriaali tiedonhakuun biologeille. Se sis\u00e4lt\u00e4\u00e4 yleiset tiedonhaun tekniikat sek\u00e4 biologian tiedonl\u00e4hteet ohjeineen ja esimerkkeineen.\",\"potentialAction\":[{\"@type\":\"SearchAction\",\"target\":{\"@type\":\"EntryPoint\",\"urlTemplate\":\"https:\/\/blogs.uef.fi\/tiedonhaku-biologia\/?s={search_term_string}\"},\"query-input\":{\"@type\":\"PropertyValueSpecification\",\"valueRequired\":true,\"valueName\":\"search_term_string\"}}],\"inLanguage\":\"fi\"}]}<\/script>\n<!-- \/ Yoast SEO plugin. -->","yoast_head_json":{"title":"3.1 Aloita UEF-Primosta - Biologian tiedonhaku \/\/ UEF Kirjasto","robots":{"index":"index","follow":"follow","max-snippet":"max-snippet:-1","max-image-preview":"max-image-preview:large","max-video-preview":"max-video-preview:-1"},"canonical":"https:\/\/blogs.uef.fi\/tiedonhaku-biologia\/tietokannat\/uefprimo\/","og_locale":"fi_FI","og_type":"article","og_title":"3.1 Aloita UEF-Primosta - Biologian tiedonhaku \/\/ UEF Kirjasto","og_description":"UEF-Primo on It\u00e4-Suomen yliopiston kirjaston oma hakupalvelu,josta l\u00f6ytyy yhdest\u00e4 osoitteesta linkit kaikkiin kirjaston hankkimiin aineistoihin julkaisumuodosta ja -tavasta riippumatta. Aineistojen k\u00e4ytt\u00f6 yliopiston verkon ulkopuolelta onnistuu kirjautumalla UEF-Primoon omilla UEF-tunnuksilla. Siksi aloita aina UEF-Primosta, vaikka k\u00e4ytt\u00e4isitkin jotain yksitt\u00e4ist\u00e4 tietokantaa etk\u00e4 Primon omia hakupalveluita. UEF-Primosta haetaan tiedot painetuista ja verkkoaineistoista UEF-Primon kautta voit lis\u00e4ksi uusia lainoja, tehd\u00e4 [&hellip;]","og_url":"https:\/\/blogs.uef.fi\/tiedonhaku-biologia\/tietokannat\/uefprimo\/","og_site_name":"Biologian tiedonhaku \/\/ UEF Kirjasto","article_modified_time":"2024-08-07T06:46:30+00:00","og_image":[{"url":"https:\/\/blogs.uef.fi\/tiedonhaku-biologia\/wp-content\/uploads\/sites\/59\/2021\/10\/UPtietokantahaku.png","type":"","width":"","height":""}],"twitter_card":"summary_large_image","twitter_misc":{"Arvioitu lukuaika":"3 minuuttia"},"schema":{"@context":"https:\/\/schema.org","@graph":[{"@type":"WebPage","@id":"https:\/\/blogs.uef.fi\/tiedonhaku-biologia\/tietokannat\/uefprimo\/","url":"https:\/\/blogs.uef.fi\/tiedonhaku-biologia\/tietokannat\/uefprimo\/","name":"3.1 Aloita UEF-Primosta - Biologian tiedonhaku \/\/ UEF Kirjasto","isPartOf":{"@id":"https:\/\/blogs.uef.fi\/tiedonhaku-biologia\/#website"},"primaryImageOfPage":{"@id":"https:\/\/blogs.uef.fi\/tiedonhaku-biologia\/tietokannat\/uefprimo\/#primaryimage"},"image":{"@id":"https:\/\/blogs.uef.fi\/tiedonhaku-biologia\/tietokannat\/uefprimo\/#primaryimage"},"thumbnailUrl":"https:\/\/blogs.uef.fi\/tiedonhaku-biologia\/wp-content\/uploads\/sites\/59\/2021\/10\/UPtietokantahaku.png","datePublished":"2017-06-16T08:38:53+00:00","dateModified":"2024-08-07T06:46:30+00:00","breadcrumb":{"@id":"https:\/\/blogs.uef.fi\/tiedonhaku-biologia\/tietokannat\/uefprimo\/#breadcrumb"},"inLanguage":"fi","potentialAction":[{"@type":"ReadAction","target":["https:\/\/blogs.uef.fi\/tiedonhaku-biologia\/tietokannat\/uefprimo\/"]}]},{"@type":"ImageObject","inLanguage":"fi","@id":"https:\/\/blogs.uef.fi\/tiedonhaku-biologia\/tietokannat\/uefprimo\/#primaryimage","url":"https:\/\/blogs.uef.fi\/tiedonhaku-biologia\/wp-content\/uploads\/sites\/59\/2021\/10\/UPtietokantahaku.png","contentUrl":"https:\/\/blogs.uef.fi\/tiedonhaku-biologia\/wp-content\/uploads\/sites\/59\/2021\/10\/UPtietokantahaku.png","width":1132,"height":782,"caption":"Kuvakaappaus UEF-Primosta. Yl\u00e4palkista on valittu Tietokantahaku. Hakuriville on kirjoitettu tietokannan nimi Scopus. Tulosn\u00e4kym\u00e4ss\u00e4 n\u00e4kyy ensin linkki Saatavilla verkossa ja sen j\u00e4lkeen linkkin\u00e4 tietokannan nimi. Scopus. Tietokanta aukeaa klikkaamalla t\u00e4t\u00e4 linkki\u00e4."},{"@type":"BreadcrumbList","@id":"https:\/\/blogs.uef.fi\/tiedonhaku-biologia\/tietokannat\/uefprimo\/#breadcrumb","itemListElement":[{"@type":"ListItem","position":1,"name":"Home","item":"https:\/\/blogs.uef.fi\/tiedonhaku-biologia\/"},{"@type":"ListItem","position":2,"name":"3. Hakukoneet ja tietokannat","item":"https:\/\/blogs.uef.fi\/tiedonhaku-biologia\/tietokannat\/"},{"@type":"ListItem","position":3,"name":"3.1 Aloita UEF-Primosta"}]},{"@type":"WebSite","@id":"https:\/\/blogs.uef.fi\/tiedonhaku-biologia\/#website","url":"https:\/\/blogs.uef.fi\/tiedonhaku-biologia\/","name":"Biologian tiedonhaku \/\/ UEF Kirjasto","description":"Biologian tiedonhaku on kattava oppimateriaali tiedonhakuun biologeille. Se sis\u00e4lt\u00e4\u00e4 yleiset tiedonhaun tekniikat sek\u00e4 biologian tiedonl\u00e4hteet ohjeineen ja esimerkkeineen.","potentialAction":[{"@type":"SearchAction","target":{"@type":"EntryPoint","urlTemplate":"https:\/\/blogs.uef.fi\/tiedonhaku-biologia\/?s={search_term_string}"},"query-input":{"@type":"PropertyValueSpecification","valueRequired":true,"valueName":"search_term_string"}}],"inLanguage":"fi"}]}},"_links":{"self":[{"href":"https:\/\/blogs.uef.fi\/tiedonhaku-biologia\/wp-json\/wp\/v2\/pages\/216","targetHints":{"allow":["GET"]}}],"collection":[{"href":"https:\/\/blogs.uef.fi\/tiedonhaku-biologia\/wp-json\/wp\/v2\/pages"}],"about":[{"href":"https:\/\/blogs.uef.fi\/tiedonhaku-biologia\/wp-json\/wp\/v2\/types\/page"}],"author":[{"embeddable":true,"href":"https:\/\/blogs.uef.fi\/tiedonhaku-biologia\/wp-json\/wp\/v2\/users\/190"}],"replies":[{"embeddable":true,"href":"https:\/\/blogs.uef.fi\/tiedonhaku-biologia\/wp-json\/wp\/v2\/comments?post=216"}],"version-history":[{"count":2,"href":"https:\/\/blogs.uef.fi\/tiedonhaku-biologia\/wp-json\/wp\/v2\/pages\/216\/revisions"}],"predecessor-version":[{"id":3181,"href":"https:\/\/blogs.uef.fi\/tiedonhaku-biologia\/wp-json\/wp\/v2\/pages\/216\/revisions\/3181"}],"up":[{"embeddable":true,"href":"https:\/\/blogs.uef.fi\/tiedonhaku-biologia\/wp-json\/wp\/v2\/pages\/54"}],"wp:attachment":[{"href":"https:\/\/blogs.uef.fi\/tiedonhaku-biologia\/wp-json\/wp\/v2\/media?parent=216"}],"curies":[{"name":"wp","href":"https:\/\/api.w.org\/{rel}","templated":true}]}}