{"id":211,"date":"2017-06-16T08:13:57","date_gmt":"2017-06-16T08:13:57","guid":{"rendered":"https:\/\/biotiedonhaku.wordpress.com\/?page_id=211"},"modified":"2024-07-04T11:07:16","modified_gmt":"2024-07-04T08:07:16","slug":"onnistuiko-haku","status":"publish","type":"page","link":"https:\/\/blogs.uef.fi\/tiedonhaku-biologia\/hakutekniikka\/onnistuiko-haku\/","title":{"rendered":"2.7 Onnistuiko tiedonhaku?"},"content":{"rendered":"\n<p>Haun onnistuminen&nbsp; tulosten perusteella riippuu tietysti haun tarkoituksesta. Joskus riitt\u00e4\u00e4 v\u00e4h\u00e4n, mutta <strong>tarkasti aiheeseen liittyvi\u00e4 tuloksia<\/strong>. Toisella kertaa on tarpeen saada esiin \u201d<strong>kaikki mahdollinen<\/strong>\u201d, vaikka osa tuloksista menisikin ohi aiheen.<\/p>\n\n\n\n<h2 class=\"wp-block-heading has-medium-font-size\">Haetko m\u00e4\u00e4r\u00e4\u00e4 vai aiheenmukaisuutta?<\/h2>\n\n\n\n<p>Usein tulosten m\u00e4\u00e4r\u00e4 ja aiheenmukaisuus eli relevanssi ovatkin toisilleen vastakkaiset lopputulemat. N\u00e4iden kahden <strong>sopivaa yhdistelm\u00e4\u00e4 haetaan muuntelemalla hakulauseita<\/strong> tietyin keinoin.<\/p>\n\n\n\n<figure class=\"wp-block-image size-full is-resized\"><img loading=\"lazy\" decoding=\"async\" width=\"768\" height=\"520\" src=\"https:\/\/blogs.uef.fi\/tiedonhaku-biologia\/wp-content\/uploads\/sites\/59\/2021\/10\/aihe_vs_maara.png\" alt=\"Koordinaatisto, jossa x-akselilla tulosten relevanssi ja y-akselilla tulosten m\u00e4\u00e4r\u00e4. Yksitt\u00e4inen havainto on merkitty raksilla. Havainnot muodostavat laskevan funktion mukaisen pilven: mit\u00e4 isompi y:n arvo, sen pienempi x:n arvo.\" class=\"wp-image-1605\" style=\"width:400px\" srcset=\"https:\/\/blogs.uef.fi\/tiedonhaku-biologia\/wp-content\/uploads\/sites\/59\/2021\/10\/aihe_vs_maara.png 768w, https:\/\/blogs.uef.fi\/tiedonhaku-biologia\/wp-content\/uploads\/sites\/59\/2021\/10\/aihe_vs_maara-300x203.png 300w\" sizes=\"auto, (max-width: 768px) 100vw, 768px\" \/><figcaption class=\"wp-element-caption\"><em>Kuva havainnollistaa, kuinka yksitt\u00e4isen hakulauseen tuloksessa tulosten m\u00e4\u00e4r\u00e4 ja aiheenmukaisuus tulosta kokonaisuutena tarkasteltaessa usein k\u00e4ytt\u00e4ytyv\u00e4t.<\/em><\/figcaption><\/figure>\n\n\n\n<h2 class=\"wp-block-heading\">Hakua voidaan muokata tarpeen mukaan<\/h2>\n\n\n\n<ul class=\"has-white-background-color has-background wp-block-list\">\n<li>s\u00e4\u00e4telem\u00e4ll\u00e4 <strong>k\u00e4sitteiden<\/strong> m\u00e4\u00e4r\u00e4\u00e4 hakulauseessa<\/li>\n\n\n\n<li>kohdistamalla hakua tietueen eri <strong>kenttiin<\/strong><\/li>\n\n\n\n<li>valitsemalla erilaisia <strong>hakusanoja<\/strong> k\u00e4sitteit\u00e4 kuvaamaan<\/li>\n\n\n\n<li>valitsemalla k\u00e4ytt\u00e4\u00e4k\u00f6 <strong>sanakatkaisua<\/strong> vai ei<\/li>\n\n\n\n<li><strong>rajauksilla<\/strong><\/li>\n<\/ul>\n\n\n\n<figure class=\"wp-block-image size-full\"><img loading=\"lazy\" decoding=\"async\" width=\"1237\" height=\"867\" src=\"https:\/\/blogs.uef.fi\/tiedonhaku-biologia\/wp-content\/uploads\/sites\/59\/2024\/07\/muokkaus.png\" alt=\"Muutokset hakulauseeseen, kun tulee liikaa tai ep\u00e4tarkkaa. K\u00e4sitteiden m\u00e4\u00e4r\u00e4: Ota mukaan lis\u00e4\u00e4 k\u00e4sitteit\u00e4 AND-operaattorilla. Hakukent\u00e4t: K\u00e4yt\u00e4 asiasana-, nimeke- ja (tiivistelm\u00e4)kentti\u00e4. Hakusanat: Tarkenna hakusana t\u00e4sm\u00e4llisemm\u00e4ksi, k\u00e4yt\u00e4 fraasia AND-operaation sijaan, k\u00e4yt\u00e4 perusvartaloa pidemp\u00e4\u00e4 sanankatkaisua tai poista sanankatkaisu, k\u00e4yt\u00e4 rajauksia eli filttereit\u00e4. Muutokset hakulauseeseen, kun tulee liian v\u00e4h\u00e4n tai aihetta ei l\u00f6ydy. K\u00e4sitteiden m\u00e4\u00e4r\u00e4: J\u00e4t\u00e4 v\u00e4hiten t\u00e4rke\u00e4 k\u00e4site pois ja hae eri yhdistelmill\u00e4. Hakukent\u00e4t: Hae vapaasti kaikista kentist\u00e4. Hakusanat: K\u00e4yt\u00e4 laajempaa termi\u00e4, muuta fraasi AND-operaatioksi, lis\u00e4\u00e4 vaihtoehtoisia sanoja OR- operaattorilla, kokeile sanankatkaisua.\" class=\"wp-image-3144\" srcset=\"https:\/\/blogs.uef.fi\/tiedonhaku-biologia\/wp-content\/uploads\/sites\/59\/2024\/07\/muokkaus.png 1237w, https:\/\/blogs.uef.fi\/tiedonhaku-biologia\/wp-content\/uploads\/sites\/59\/2024\/07\/muokkaus-300x210.png 300w, https:\/\/blogs.uef.fi\/tiedonhaku-biologia\/wp-content\/uploads\/sites\/59\/2024\/07\/muokkaus-1024x718.png 1024w, https:\/\/blogs.uef.fi\/tiedonhaku-biologia\/wp-content\/uploads\/sites\/59\/2024\/07\/muokkaus-768x538.png 768w\" sizes=\"auto, (max-width: 1237px) 100vw, 1237px\" \/><figcaption class=\"wp-element-caption\"><em>Jo saadun hakutuloksen perusteella voidaan p\u00e4\u00e4tell\u00e4, mill\u00e4 tavoin hakulausetta voisi muuttaa. Katso esimerkkej\u00e4 alempaa.<\/em><\/figcaption><\/figure>\n\n\n\n<p><\/p>\n\n\n\n<div class=\"links-block\">\n\n    \n    <ul class=\"link-list\">\n        \n            \n            <li class=\"link-list-item\">\n                <a href=\"https:\/\/uef.cloud.panopto.eu\/Panopto\/Pages\/Viewer.aspx?id=5d922593-a871-4eb2-93ed-b097009c9af2\" class=\"link-reset link hover-scale-down\">\n                    <svg\n        width=\"43\" height=\"25\"\n        viewBox=\"0 0 43 25\"\n        xmlns=\"http:\/\/www.w3.org\/2000\/svg\">\n    <path\n        d=\"M30.027 0 43 12.5 30.027 25 27 22.083 34.351 15H0v-5h34.351L27 2.917z\"\n        fill=\"currentColor\"\n        fill-rule=\"evenodd\"\/>\n<\/svg>                    <div>Katso esimerkkiahe haun muokkauksesta (3:47)<\/div>\n                <\/a>\n                <div class=\"link-info\">\n                                    <\/div>\n            <\/li>\n\n                <\/ul>\n<\/div>\n\n\n<h2 class=\"wp-block-heading\">N\u00e4in saat v\u00e4hemm\u00e4n ja aiheenmukaisempia tuloksia<\/h2>\n\n\n\n<p>Kun hakusi tuottaa \u201dliian paljon\u201d ja\/tai aiheeltaan ep\u00e4tarkkoja tuloksia, kokeile seuraavia keinoja:<\/p>\n\n\n\n<ul class=\"wp-block-list\">\n<li><strong>mieti, ovatko hakusanasi liian yleisi\u00e4 ja tarvittaessa kokeile suppeampia, aihettasi t\u00e4sm\u00e4llisemmin kuvaavia hakusanoja<\/strong><br><br><span style=\"color: #000000\"><em>mets\u00e4t -&gt; lehdot, lehtomets\u00e4t<\/em><\/span><\/li>\n<\/ul>\n\n\n\n<ul class=\"wp-block-list\">\n<li><strong>poista monimerkityksiset yleistermit<\/strong><br><br><em>katkaistu sana <span style=\"color: #000000\">puu*<\/span> viittaa liian moneen asiaan<br><span style=\"color: #000000\">(esim. puutarha, puutos, puuvilla)<\/span><\/em><\/li>\n<\/ul>\n\n\n\n<ul class=\"wp-block-list\">\n<li><strong>lis\u00e4\u00e4 hakuun rajoittavia sanoja (AND:lla; AND-kytkettyj\u00e4 voi olla vaikka kuinka paljon)<\/strong><br><br><span style=\"color: #000000\"><em>sienet AND taudinaiheuttajat -&gt; sienet AND taudinaiheuttajat AND tunnistaminen<\/em><\/span><\/li>\n<\/ul>\n\n\n\n<ul class=\"wp-block-list\">\n<li><strong>joskus on hy\u00f6dyllist\u00e4 k\u00e4ytt\u00e4\u00e4 rajaavana termin\u00e4 hyvin laajaa, koko aihealuetta rajaavaa termi\u00e4:<\/strong><br><br><span style=\"color: #000000\"><em>biomassa -&gt; biomassa AND mets\u00e4*<\/em><\/span><\/li>\n<\/ul>\n\n\n\n<ul class=\"wp-block-list\">\n<li><strong>k\u00e4yt\u00e4 fraasia and-operaation sijaan ja k\u00e4yt\u00e4 fraasin\/sanaliiton ymp\u00e4rill\u00e4 &#8221;&#8221;-merkkej\u00e4 (tai muuta tapaa, jolla sanat pysyv\u00e4t yhdess\u00e4)<\/strong><br><br><span style=\"color: #000000\"><em>microbes AND ecology -&gt;\u201dmicrobial ecology\u201d<\/em><\/span><\/li>\n<\/ul>\n\n\n\n<ul class=\"wp-block-list\">\n<li><strong>v\u00e4henn\u00e4 synonyymej\u00e4 ja rinnakkaistermej\u00e4 (Mutta \u00e4l\u00e4 muuta ORia ANDiksi, sill\u00e4 silloin hakulogiikka muuttuu virheelliseksi)<\/strong><br><br><span style=\"color: #000000\"><em>tuhot OR vauriot OR h\u00e4iri\u00f6t -&gt; tuhot OR vauriot<\/em><\/span><\/li>\n<\/ul>\n\n\n\n<ul class=\"wp-block-list\">\n<li><strong>kokeile sulkea joitakin sanoja hakutuloksen ulkopuolelle NOT-operaattorilla<\/strong><br><br><em>yhteytt\u00e4minen NOT lev\u00e4t<\/em><\/li>\n<\/ul>\n\n\n\n<ul class=\"wp-block-list\">\n<li><strong>rajaa hakua asiasanakentt\u00e4\u00e4n, mik\u00e4li mahdollista (sanaston sanalla). Ks. asiasanahausta<\/strong><\/li>\n\n\n\n<li><strong>rajaa hakua otsikko-kentt\u00e4\u00e4n<\/strong><\/li>\n\n\n\n<li><strong>rajaa hakua esim. julkaisuvuodella, -kielell\u00e4 tai -tyypill\u00e4 (esim. peer review\/scholarly-lehtiin)<\/strong><\/li>\n<\/ul>\n\n\n\n<h2 class=\"wp-block-heading\">N\u00e4in saat enemm\u00e4n tuloksia<\/h2>\n\n\n\n<p>Kun hakulauseesi tuottaa vain niukasti tuloksia, voit kokeilla seuraavia keinoja:<\/p>\n\n\n\n<ul class=\"wp-block-list\">\n<li><strong>mieti k\u00e4ytt\u00e4mi\u00e4si hakusanoja, oletko hakenut liian suppealla sanalla<\/strong><\/li>\n\n\n\n<li><strong>mieti mihin laajempaan aihealueeseen ongelma kuuluu ja k\u00e4yt\u00e4 laajempaa hakutermi\u00e4<\/strong><br><br><em>mets\u00e4peura -&gt; peurat<\/em><br><span style=\"color: #000000\"><\/span><\/li>\n<\/ul>\n\n\n\n<ul class=\"wp-block-list\">\n<li><strong>etsi hakusanoillesi synonyymeja ja rinnakkaistermej\u00e4 (lis\u00e4t\u00e4\u00e4n OR:lla)<\/strong><br><br><span style=\"color: #000000\"><\/span><em>partenogeneesi AND hy\u00f6nteiset<br>-&gt; partenogeneesi OR &#8221;suvuton lis\u00e4\u00e4ntyminen&#8221; AND hy\u00f6nteiset<\/em><\/li>\n<\/ul>\n\n\n\n<ul class=\"wp-block-list\">\n<li><strong>v\u00e4henn\u00e4 hakulausekkeesta AND-operaattorilla yhdistettyj\u00e4, rajaavia hakusanoja<\/strong><br><br><em><span style=\"color: #000000\">ravintoketjut AND ymp\u00e4rist\u00f6myrkyt AND kertyminen <\/span><br><span style=\"color: #000000\">-&gt; ravintoketjut AND ymp\u00e4rist\u00f6myrkyt<\/span><\/em><\/li>\n<\/ul>\n\n\n\n<ul class=\"wp-block-list\">\n<li><strong>jos olet k\u00e4ytt\u00e4nyt fraasia, mieti voisiko sen purkaa AND-operaatioksi<\/strong><\/li>\n\n\n\n<li><strong>katkaise hakusana saadaksesi esim. eri taivutusmuodot mukaan<\/strong><br><br><em>proteomiikka -&gt; proteomiik*<\/em><\/li>\n<\/ul>\n\n\n\n<ul class=\"wp-block-list\">\n<li><strong>k\u00e4yt\u00e4 vapaasanahakua, jos olet k\u00e4ytt\u00e4nyt asiasanahakua (tai muuta kentt\u00e4rajausta)<\/strong><\/li>\n\n\n\n<li><strong>poista vuosi- ym. rajoitukset<\/strong><\/li>\n\n\n\n<li><strong>tarkista kirjoitusvirheet ja sanan kirjoitusmuodot (yhteen vai erikseen, lyhenteet yms.)<\/strong><\/li>\n<\/ul>\n\n\n\n<p><span style=\"color: #000000\"><strong>Vinkki: <\/strong><\/span><br>J<span style=\"color: #000000\">oskus jokin yksitt\u00e4inen sana voi olla tietokannassa niin harvinainen, ett\u00e4 sen rinnalle ei kannata ottaa mit\u00e4\u00e4n muuta hakusanaa. Voit testata sanan yleisyytt\u00e4 tekem\u00e4ll\u00e4 yksinkertaisen sanahaun.<\/span><\/p>\n\n\n\n<p>Mik\u00e4li hakutulosten joukosta l\u00f6ytyy edes yksi t\u00e4ysosuma eli hyvin relevantti viite, kannattaa t\u00e4m\u00e4n viitteen asiasanakent\u00e4st\u00e4 poimia siin\u00e4 k\u00e4ytetyt asiasanat ja suunnata hakua niiden avulla uudelleen. Hyv\u00e4n artikkelin tai muun julkaisun l\u00e4hdeluettelosta l\u00f6yd\u00e4t mahdollisesti lis\u00e4\u00e4 sopivaa kirjallisuutta hakemastasi aiheesta.<\/p>\n\n\n\n<h2 class=\"wp-block-heading\">Saitko ihan v\u00e4\u00e4ri\u00e4 tuloksia?<\/h2>\n\n\n\n<ul class=\"wp-block-list\">\n<li>onko k\u00e4ytt\u00e4m\u00e4si tietokanta oikea? Jos aihe on hyvin poikkitieteellinen, monitieteinen tietokanta voi olla sopivampi kuin tiettyyn alaan keskittyv\u00e4.<\/li>\n\n\n\n<li>varmista, ett\u00e4 olet yhdist\u00e4nyt hakusanat loogisesti oikein<\/li>\n<\/ul>\n\n\n\n<p class=\"has-text-align-right\">Seuraava sivu: <a href=\"https:\/\/blogs.uef.fi\/tiedonhaku-biologia\/tietokannat\/uefprimo\/\">Aloita UEF-Primosta<\/a>.<\/p>\n","protected":false},"excerpt":{"rendered":"<p>Haun onnistuminen&nbsp; tulosten perusteella riippuu tietysti haun tarkoituksesta. Joskus riitt\u00e4\u00e4 v\u00e4h\u00e4n, mutta tarkasti aiheeseen liittyvi\u00e4 tuloksia. Toisella kertaa on tarpeen saada esiin \u201dkaikki mahdollinen\u201d, vaikka osa tuloksista menisikin ohi aiheen. Haetko m\u00e4\u00e4r\u00e4\u00e4 vai aiheenmukaisuutta? Usein tulosten m\u00e4\u00e4r\u00e4 ja aiheenmukaisuus eli relevanssi ovatkin toisilleen vastakkaiset lopputulemat. N\u00e4iden kahden sopivaa yhdistelm\u00e4\u00e4 haetaan muuntelemalla hakulauseita tietyin keinoin. Hakua [&hellip;]<\/p>\n","protected":false},"author":190,"featured_media":0,"parent":79,"menu_order":0,"comment_status":"closed","ping_status":"closed","template":"","meta":{"_acf_changed":false,"footnotes":""},"class_list":["post-211","page","type-page","status-publish","hentry"],"acf":[],"yoast_head":"<!-- This site is optimized with the Yoast SEO plugin v27.1.1 - https:\/\/yoast.com\/product\/yoast-seo-wordpress\/ -->\n<title>2.7 Onnistuiko tiedonhaku? - Biologian tiedonhaku \/\/ UEF Kirjasto<\/title>\n<meta name=\"robots\" content=\"index, follow, max-snippet:-1, max-image-preview:large, max-video-preview:-1\" \/>\n<link rel=\"canonical\" href=\"https:\/\/blogs.uef.fi\/tiedonhaku-biologia\/hakutekniikka\/onnistuiko-haku\/\" \/>\n<meta property=\"og:locale\" content=\"fi_FI\" \/>\n<meta property=\"og:type\" content=\"article\" \/>\n<meta property=\"og:title\" content=\"2.7 Onnistuiko tiedonhaku? - Biologian tiedonhaku \/\/ UEF Kirjasto\" \/>\n<meta property=\"og:description\" content=\"Haun onnistuminen&nbsp; tulosten perusteella riippuu tietysti haun tarkoituksesta. Joskus riitt\u00e4\u00e4 v\u00e4h\u00e4n, mutta tarkasti aiheeseen liittyvi\u00e4 tuloksia. Toisella kertaa on tarpeen saada esiin \u201dkaikki mahdollinen\u201d, vaikka osa tuloksista menisikin ohi aiheen. Haetko m\u00e4\u00e4r\u00e4\u00e4 vai aiheenmukaisuutta? Usein tulosten m\u00e4\u00e4r\u00e4 ja aiheenmukaisuus eli relevanssi ovatkin toisilleen vastakkaiset lopputulemat. N\u00e4iden kahden sopivaa yhdistelm\u00e4\u00e4 haetaan muuntelemalla hakulauseita tietyin keinoin. Hakua [&hellip;]\" \/>\n<meta property=\"og:url\" content=\"https:\/\/blogs.uef.fi\/tiedonhaku-biologia\/hakutekniikka\/onnistuiko-haku\/\" \/>\n<meta property=\"og:site_name\" content=\"Biologian tiedonhaku \/\/ UEF Kirjasto\" \/>\n<meta property=\"article:modified_time\" content=\"2024-07-04T08:07:16+00:00\" \/>\n<meta property=\"og:image\" content=\"https:\/\/blogs.uef.fi\/tiedonhaku-biologia\/wp-content\/uploads\/sites\/59\/2021\/10\/aihe_vs_maara.png\" \/>\n<meta name=\"twitter:card\" content=\"summary_large_image\" \/>\n<meta name=\"twitter:label1\" content=\"Arvioitu lukuaika\" \/>\n\t<meta name=\"twitter:data1\" content=\"4 minuuttia\" \/>\n<script type=\"application\/ld+json\" class=\"yoast-schema-graph\">{\"@context\":\"https:\/\/schema.org\",\"@graph\":[{\"@type\":\"WebPage\",\"@id\":\"https:\/\/blogs.uef.fi\/tiedonhaku-biologia\/hakutekniikka\/onnistuiko-haku\/\",\"url\":\"https:\/\/blogs.uef.fi\/tiedonhaku-biologia\/hakutekniikka\/onnistuiko-haku\/\",\"name\":\"2.7 Onnistuiko tiedonhaku? - Biologian tiedonhaku \/\/ UEF Kirjasto\",\"isPartOf\":{\"@id\":\"https:\/\/blogs.uef.fi\/tiedonhaku-biologia\/#website\"},\"primaryImageOfPage\":{\"@id\":\"https:\/\/blogs.uef.fi\/tiedonhaku-biologia\/hakutekniikka\/onnistuiko-haku\/#primaryimage\"},\"image\":{\"@id\":\"https:\/\/blogs.uef.fi\/tiedonhaku-biologia\/hakutekniikka\/onnistuiko-haku\/#primaryimage\"},\"thumbnailUrl\":\"https:\/\/blogs.uef.fi\/tiedonhaku-biologia\/wp-content\/uploads\/sites\/59\/2021\/10\/aihe_vs_maara.png\",\"datePublished\":\"2017-06-16T08:13:57+00:00\",\"dateModified\":\"2024-07-04T08:07:16+00:00\",\"breadcrumb\":{\"@id\":\"https:\/\/blogs.uef.fi\/tiedonhaku-biologia\/hakutekniikka\/onnistuiko-haku\/#breadcrumb\"},\"inLanguage\":\"fi\",\"potentialAction\":[{\"@type\":\"ReadAction\",\"target\":[\"https:\/\/blogs.uef.fi\/tiedonhaku-biologia\/hakutekniikka\/onnistuiko-haku\/\"]}]},{\"@type\":\"ImageObject\",\"inLanguage\":\"fi\",\"@id\":\"https:\/\/blogs.uef.fi\/tiedonhaku-biologia\/hakutekniikka\/onnistuiko-haku\/#primaryimage\",\"url\":\"https:\/\/blogs.uef.fi\/tiedonhaku-biologia\/wp-content\/uploads\/sites\/59\/2021\/10\/aihe_vs_maara.png\",\"contentUrl\":\"https:\/\/blogs.uef.fi\/tiedonhaku-biologia\/wp-content\/uploads\/sites\/59\/2021\/10\/aihe_vs_maara.png\",\"width\":768,\"height\":520,\"caption\":\"Koordinaatisto, jossa x-akselilla tulosten relevanssi ja y-akselilla tulosten m\u00e4\u00e4r\u00e4. Yksitt\u00e4inen havainto on merkitty raksilla. Havainnot muodostavat laskevan funktion mukaisen pilven: mit\u00e4 isompi y:n arvo, sen pienempi x:n arvo.\"},{\"@type\":\"BreadcrumbList\",\"@id\":\"https:\/\/blogs.uef.fi\/tiedonhaku-biologia\/hakutekniikka\/onnistuiko-haku\/#breadcrumb\",\"itemListElement\":[{\"@type\":\"ListItem\",\"position\":1,\"name\":\"Home\",\"item\":\"https:\/\/blogs.uef.fi\/tiedonhaku-biologia\/\"},{\"@type\":\"ListItem\",\"position\":2,\"name\":\"2. Hakutekniikka\",\"item\":\"https:\/\/blogs.uef.fi\/tiedonhaku-biologia\/hakutekniikka\/\"},{\"@type\":\"ListItem\",\"position\":3,\"name\":\"2.7 Onnistuiko tiedonhaku?\"}]},{\"@type\":\"WebSite\",\"@id\":\"https:\/\/blogs.uef.fi\/tiedonhaku-biologia\/#website\",\"url\":\"https:\/\/blogs.uef.fi\/tiedonhaku-biologia\/\",\"name\":\"Biologian tiedonhaku \/\/ UEF Kirjasto\",\"description\":\"Biologian tiedonhaku on kattava oppimateriaali tiedonhakuun biologeille. Se sis\u00e4lt\u00e4\u00e4 yleiset tiedonhaun tekniikat sek\u00e4 biologian tiedonl\u00e4hteet ohjeineen ja esimerkkeineen.\",\"potentialAction\":[{\"@type\":\"SearchAction\",\"target\":{\"@type\":\"EntryPoint\",\"urlTemplate\":\"https:\/\/blogs.uef.fi\/tiedonhaku-biologia\/?s={search_term_string}\"},\"query-input\":{\"@type\":\"PropertyValueSpecification\",\"valueRequired\":true,\"valueName\":\"search_term_string\"}}],\"inLanguage\":\"fi\"}]}<\/script>\n<!-- \/ Yoast SEO plugin. -->","yoast_head_json":{"title":"2.7 Onnistuiko tiedonhaku? - Biologian tiedonhaku \/\/ UEF Kirjasto","robots":{"index":"index","follow":"follow","max-snippet":"max-snippet:-1","max-image-preview":"max-image-preview:large","max-video-preview":"max-video-preview:-1"},"canonical":"https:\/\/blogs.uef.fi\/tiedonhaku-biologia\/hakutekniikka\/onnistuiko-haku\/","og_locale":"fi_FI","og_type":"article","og_title":"2.7 Onnistuiko tiedonhaku? - Biologian tiedonhaku \/\/ UEF Kirjasto","og_description":"Haun onnistuminen&nbsp; tulosten perusteella riippuu tietysti haun tarkoituksesta. Joskus riitt\u00e4\u00e4 v\u00e4h\u00e4n, mutta tarkasti aiheeseen liittyvi\u00e4 tuloksia. Toisella kertaa on tarpeen saada esiin \u201dkaikki mahdollinen\u201d, vaikka osa tuloksista menisikin ohi aiheen. Haetko m\u00e4\u00e4r\u00e4\u00e4 vai aiheenmukaisuutta? Usein tulosten m\u00e4\u00e4r\u00e4 ja aiheenmukaisuus eli relevanssi ovatkin toisilleen vastakkaiset lopputulemat. N\u00e4iden kahden sopivaa yhdistelm\u00e4\u00e4 haetaan muuntelemalla hakulauseita tietyin keinoin. Hakua [&hellip;]","og_url":"https:\/\/blogs.uef.fi\/tiedonhaku-biologia\/hakutekniikka\/onnistuiko-haku\/","og_site_name":"Biologian tiedonhaku \/\/ UEF Kirjasto","article_modified_time":"2024-07-04T08:07:16+00:00","og_image":[{"url":"https:\/\/blogs.uef.fi\/tiedonhaku-biologia\/wp-content\/uploads\/sites\/59\/2021\/10\/aihe_vs_maara.png","type":"","width":"","height":""}],"twitter_card":"summary_large_image","twitter_misc":{"Arvioitu lukuaika":"4 minuuttia"},"schema":{"@context":"https:\/\/schema.org","@graph":[{"@type":"WebPage","@id":"https:\/\/blogs.uef.fi\/tiedonhaku-biologia\/hakutekniikka\/onnistuiko-haku\/","url":"https:\/\/blogs.uef.fi\/tiedonhaku-biologia\/hakutekniikka\/onnistuiko-haku\/","name":"2.7 Onnistuiko tiedonhaku? - Biologian tiedonhaku \/\/ UEF Kirjasto","isPartOf":{"@id":"https:\/\/blogs.uef.fi\/tiedonhaku-biologia\/#website"},"primaryImageOfPage":{"@id":"https:\/\/blogs.uef.fi\/tiedonhaku-biologia\/hakutekniikka\/onnistuiko-haku\/#primaryimage"},"image":{"@id":"https:\/\/blogs.uef.fi\/tiedonhaku-biologia\/hakutekniikka\/onnistuiko-haku\/#primaryimage"},"thumbnailUrl":"https:\/\/blogs.uef.fi\/tiedonhaku-biologia\/wp-content\/uploads\/sites\/59\/2021\/10\/aihe_vs_maara.png","datePublished":"2017-06-16T08:13:57+00:00","dateModified":"2024-07-04T08:07:16+00:00","breadcrumb":{"@id":"https:\/\/blogs.uef.fi\/tiedonhaku-biologia\/hakutekniikka\/onnistuiko-haku\/#breadcrumb"},"inLanguage":"fi","potentialAction":[{"@type":"ReadAction","target":["https:\/\/blogs.uef.fi\/tiedonhaku-biologia\/hakutekniikka\/onnistuiko-haku\/"]}]},{"@type":"ImageObject","inLanguage":"fi","@id":"https:\/\/blogs.uef.fi\/tiedonhaku-biologia\/hakutekniikka\/onnistuiko-haku\/#primaryimage","url":"https:\/\/blogs.uef.fi\/tiedonhaku-biologia\/wp-content\/uploads\/sites\/59\/2021\/10\/aihe_vs_maara.png","contentUrl":"https:\/\/blogs.uef.fi\/tiedonhaku-biologia\/wp-content\/uploads\/sites\/59\/2021\/10\/aihe_vs_maara.png","width":768,"height":520,"caption":"Koordinaatisto, jossa x-akselilla tulosten relevanssi ja y-akselilla tulosten m\u00e4\u00e4r\u00e4. Yksitt\u00e4inen havainto on merkitty raksilla. Havainnot muodostavat laskevan funktion mukaisen pilven: mit\u00e4 isompi y:n arvo, sen pienempi x:n arvo."},{"@type":"BreadcrumbList","@id":"https:\/\/blogs.uef.fi\/tiedonhaku-biologia\/hakutekniikka\/onnistuiko-haku\/#breadcrumb","itemListElement":[{"@type":"ListItem","position":1,"name":"Home","item":"https:\/\/blogs.uef.fi\/tiedonhaku-biologia\/"},{"@type":"ListItem","position":2,"name":"2. Hakutekniikka","item":"https:\/\/blogs.uef.fi\/tiedonhaku-biologia\/hakutekniikka\/"},{"@type":"ListItem","position":3,"name":"2.7 Onnistuiko tiedonhaku?"}]},{"@type":"WebSite","@id":"https:\/\/blogs.uef.fi\/tiedonhaku-biologia\/#website","url":"https:\/\/blogs.uef.fi\/tiedonhaku-biologia\/","name":"Biologian tiedonhaku \/\/ UEF Kirjasto","description":"Biologian tiedonhaku on kattava oppimateriaali tiedonhakuun biologeille. Se sis\u00e4lt\u00e4\u00e4 yleiset tiedonhaun tekniikat sek\u00e4 biologian tiedonl\u00e4hteet ohjeineen ja esimerkkeineen.","potentialAction":[{"@type":"SearchAction","target":{"@type":"EntryPoint","urlTemplate":"https:\/\/blogs.uef.fi\/tiedonhaku-biologia\/?s={search_term_string}"},"query-input":{"@type":"PropertyValueSpecification","valueRequired":true,"valueName":"search_term_string"}}],"inLanguage":"fi"}]}},"_links":{"self":[{"href":"https:\/\/blogs.uef.fi\/tiedonhaku-biologia\/wp-json\/wp\/v2\/pages\/211","targetHints":{"allow":["GET"]}}],"collection":[{"href":"https:\/\/blogs.uef.fi\/tiedonhaku-biologia\/wp-json\/wp\/v2\/pages"}],"about":[{"href":"https:\/\/blogs.uef.fi\/tiedonhaku-biologia\/wp-json\/wp\/v2\/types\/page"}],"author":[{"embeddable":true,"href":"https:\/\/blogs.uef.fi\/tiedonhaku-biologia\/wp-json\/wp\/v2\/users\/190"}],"replies":[{"embeddable":true,"href":"https:\/\/blogs.uef.fi\/tiedonhaku-biologia\/wp-json\/wp\/v2\/comments?post=211"}],"version-history":[{"count":2,"href":"https:\/\/blogs.uef.fi\/tiedonhaku-biologia\/wp-json\/wp\/v2\/pages\/211\/revisions"}],"predecessor-version":[{"id":3165,"href":"https:\/\/blogs.uef.fi\/tiedonhaku-biologia\/wp-json\/wp\/v2\/pages\/211\/revisions\/3165"}],"up":[{"embeddable":true,"href":"https:\/\/blogs.uef.fi\/tiedonhaku-biologia\/wp-json\/wp\/v2\/pages\/79"}],"wp:attachment":[{"href":"https:\/\/blogs.uef.fi\/tiedonhaku-biologia\/wp-json\/wp\/v2\/media?parent=211"}],"curies":[{"name":"wp","href":"https:\/\/api.w.org\/{rel}","templated":true}]}}