{"id":1848,"date":"2022-10-16T18:16:04","date_gmt":"2022-10-16T15:16:04","guid":{"rendered":"https:\/\/blogs.uef.fi\/tiedonhaku-biologia\/?page_id=1848"},"modified":"2026-01-09T09:53:53","modified_gmt":"2026-01-09T07:53:53","slug":"tieteelliset-julkaisut-eri-aloilla","status":"publish","type":"page","link":"https:\/\/blogs.uef.fi\/tiedonhaku-biologia\/tieteelliset-julkaisut-eri-aloilla\/","title":{"rendered":"1.3 Tieteelliset julkaisut eri aloilla"},"content":{"rendered":"\n<p>Eri tieteenaloilla on omat perinteens\u00e4 tavassa julkaista tutkimusty\u00f6n tulokset.<\/p>\n\n\n\n<p class=\"has-medium-font-size\"><strong>Luonnontieteet<\/strong><\/p>\n\n\n\n<ul class=\"wp-block-list\">\n<li>Luonnontieteet edustavat tapaa, jossa tutkimukset pyrit\u00e4\u00e4n julkaisemaan tieteellisiss\u00e4 lehdiss\u00e4 artikkeleina ja kansainv\u00e4lisesti. Kansainv\u00e4linen julkaiseminen on luontevaa, koska aiheetkin ovat universaaleja: katso esimerkki <a href=\"http:\/\/iopscience.iop.org\/0143-0807\/16\/4\/005\/\" target=\"_blank\" rel=\"noreferrer noopener\">tieteellisest\u00e4 artikkelista<\/a>.<\/li>\n<\/ul>\n\n\n\n<p class=\"has-medium-font-size\"><strong>Mets\u00e4tieteet, terveystieteet ja muut soveltavat tieteet:<\/strong><\/p>\n\n\n\n<ul class=\"wp-block-list\">\n<li>Mets\u00e4tieteiss\u00e4 ja terveystieteiss\u00e4 noudatetaan samaa artikkelipainotteista julkaisutapaa kuin luonnontieteiss\u00e4, joskin n\u00e4ill\u00e4 aloilla on tarpeen julkaista my\u00f6s ammatillista tietoa.<\/li>\n<\/ul>\n\n\n\n<p class=\"has-medium-font-size\"><strong>Tekniikka<\/strong><\/p>\n\n\n\n<ul class=\"wp-block-list\">\n<li>Tekniikan alallakin julkaistaan paljon artikkeleita, my\u00f6s kokousjulkaisuissa. Lis\u00e4ksi on tavallista julkaista tutkimustiedon lis\u00e4ksi patentteja.<\/li>\n<\/ul>\n\n\n\n<p class=\"has-medium-font-size\"><strong>Yhteiskuntatieteet<\/strong><\/p>\n\n\n\n<ul class=\"wp-block-list\">\n<li>Yhteiskuntatiede on tavoiltaan edellisten alojen v\u00e4lilt\u00e4. Yhteiskuntatieteiss\u00e4 on t\u00e4rke\u00e4t\u00e4 my\u00f6s julkinen keskustelu, jota k\u00e4yd\u00e4\u00e4n mm. lehtien v\u00e4lityksell\u00e4.<\/li>\n<\/ul>\n\n\n\n<p class=\"has-medium-font-size\"><strong>Humanistiset tieteet<\/strong><\/p>\n\n\n\n<ul class=\"wp-block-list\">\n<li>Humanistisilla tieteenaloilla taas perinteiset kirjat sek\u00e4 kotimaisten kustantajien kautta julkaiseminen ovat tavallisempia kuin artikkelialoilla.<\/li>\n<\/ul>\n\n\n\n<p>Erityyppisten julkaisujen osuus eri tieteenaloilla:<\/p>\n\n\n\n<figure class=\"wp-block-image size-full\"><img loading=\"lazy\" decoding=\"async\" width=\"967\" height=\"417\" src=\"https:\/\/blogs.uef.fi\/tiedonhaku-biologia\/wp-content\/uploads\/sites\/59\/2025\/07\/YHT_prosentti_julkaisut_2024.png\" alt=\"\" class=\"wp-image-3223\" srcset=\"https:\/\/blogs.uef.fi\/tiedonhaku-biologia\/wp-content\/uploads\/sites\/59\/2025\/07\/YHT_prosentti_julkaisut_2024.png 967w, https:\/\/blogs.uef.fi\/tiedonhaku-biologia\/wp-content\/uploads\/sites\/59\/2025\/07\/YHT_prosentti_julkaisut_2024-300x129.png 300w, https:\/\/blogs.uef.fi\/tiedonhaku-biologia\/wp-content\/uploads\/sites\/59\/2025\/07\/YHT_prosentti_julkaisut_2024-768x331.png 768w\" sizes=\"auto, (max-width: 967px) 100vw, 967px\" \/><figcaption class=\"wp-element-caption\"><em>Suomalaisten yliopistojen julkaisut vuonna 2024 julkaisutyypeitt\u00e4in ja aloittain, <strong>prosenttia<\/strong>. L\u00e4hde: Opetushallinnon tilastopalvelu <a href=\"https:\/\/vipunen.fi\/fi-fi\/_layouts\/15\/xlviewer.aspx?id=\/fi-fi\/Raportit\/Yliopistokoulutus%20-%20julkaisut%20-%20tieteenala.xlsb\">Vipunen<\/a>.<\/em><\/figcaption><\/figure>\n\n\n\n<p><\/p>\n\n\n\n<h2 class=\"wp-block-heading\">Erot tieteenaloilla tasottuvat<\/h2>\n\n\n\n<p>Kaikkiaan tieteenalojen erot ovat jossakin m\u00e4\u00e4rin v\u00e4hentyneet viime vuosina \u2013 <strong>artikkelityyppinen julkaiseminen<\/strong> on kasvussa kaikilla tieteenaloilla.<br><br>Samoin siirtyminen kansallisista kielist\u00e4 <strong>englannin kieleen<\/strong> on ollut merkitt\u00e4v\u00e4\u00e4.<\/p>\n\n\n\n<h2 class=\"wp-block-heading\">Kuinka paljon maailmalla julkaistaan?<\/h2>\n\n\n\n<p>Maailmalla julkaistiin vuonna 2022 <strong>noin 3,3 miljoonaa tieteellist\u00e4 artikkelia<\/strong> joko lehdiss\u00e4 tai konferenssijulkaisuissa. Julkaisujen m\u00e4\u00e4r\u00e4 on kasvanut l\u00e4hes 59 % kymmeness\u00e4 vuodessa (2012-2022). Kasvu on nopeinta kehittyviss\u00e4 maissa.<\/p>\n\n\n\n<p>Vuonna 2016 Kiina ohitti ensi kertaa Yhdysvallat julkaisujen m\u00e4\u00e4r\u00e4ss\u00e4. Muita suuria julkaisumaita ovat Intia, Saksa, Iso-Britannia ja Japani. N\u00e4m\u00e4 kuusi maata kattavat jo yli puolet kaikista julkaisuista. Suomen osuus julkaisuista on alle yhden prosentin.<\/p>\n\n\n\n<p><em>L\u00e4hde:<br>National Science Board (2023). Science and engineering indicators. Publications Output: U.S. Trends and International Comparisons. <a href=\"https:\/\/ncses.nsf.gov\/pubs\/nsb202333\/publication-output-by-region-country-or-economy-and-by-scientific-field\">Publication Output by Country, Region, or Economy and Scientific Field.<\/a><br><\/em>T\u00e4m\u00e4 aineisto perustuu Scopus-tietokantaan ja siten siin\u00e4 korostuu englanninkielinen tutkimus.<\/p>\n\n\n\n<p>Tieteellisen tutkimuksen ja julkaisemisen m\u00e4\u00e4r\u00e4 on luonnollisesti yhteydess\u00e4 taloudellisiin resursseihin, eik\u00e4 suoraan v\u00e4est\u00f6m\u00e4\u00e4r\u00e4\u00e4n tai maantieteeseen. Aukaise sivusto worldmapper.org n\u00e4hd\u00e4ksesi alkuper\u00e4isen kuvan, joka havainnollistaa eri maiden osuutta tieteellisess\u00e4 julkaisemisessa.<\/p>\n\n\n\n<figure class=\"wp-block-image size-large\"><img loading=\"lazy\" decoding=\"async\" width=\"1024\" height=\"510\" src=\"https:\/\/blogs.uef.fi\/tiedonhaku-biologia\/wp-content\/uploads\/sites\/59\/2022\/10\/kartta-1024x510.png\" alt=\"Kartogrammi eli maailmankartta, jossa maiden koko on suhteutettu tieteellisten julkaisujen m\u00e4\u00e4r\u00e4\u00e4n. Esimerkiksi Eurooppa on selv\u00e4sti maantieteellist\u00e4 kokoaan isompi.\" class=\"wp-image-2089\" srcset=\"https:\/\/blogs.uef.fi\/tiedonhaku-biologia\/wp-content\/uploads\/sites\/59\/2022\/10\/kartta-1024x510.png 1024w, https:\/\/blogs.uef.fi\/tiedonhaku-biologia\/wp-content\/uploads\/sites\/59\/2022\/10\/kartta-300x149.png 300w, https:\/\/blogs.uef.fi\/tiedonhaku-biologia\/wp-content\/uploads\/sites\/59\/2022\/10\/kartta-768x383.png 768w, https:\/\/blogs.uef.fi\/tiedonhaku-biologia\/wp-content\/uploads\/sites\/59\/2022\/10\/kartta-1536x765.png 1536w, https:\/\/blogs.uef.fi\/tiedonhaku-biologia\/wp-content\/uploads\/sites\/59\/2022\/10\/kartta.png 1638w\" sizes=\"auto, (max-width: 1024px) 100vw, 1024px\" \/><figcaption class=\"wp-element-caption\">Alkuper\u00e4inen kuva: <a href=\"https:\/\/worldmapper.org\/maps\/science-paperspublished-2016\/?sf_action=get_data&amp;sf_data=results&amp;_sft_product_cat=science\" target=\"_blank\" rel=\"noreferrer noopener\">Science Papers Published 2016 <\/a>(worldmapper.org) CC BY-NC-SA 4.0<\/figcaption><\/figure>\n\n\n\n<h2 class=\"wp-block-heading\">Biologian alan julkaisut<\/h2>\n\n\n\n<p>Em. Science and engineering indicators -raportin mukaan <strong>biologian ja biol\u00e4\u00e4ketieteen alan julkaisuja oli kaikista julkaisuista 13%<\/strong> v. 2022. Kehittyneiss\u00e4 maissa julkaistiin n\u00e4iden alojen artikkeleita suhteellisesti hieman enemm\u00e4n kuin kehittyviss\u00e4 maissa, joissa julkaistiin puolestaan enemm\u00e4n tekniikkaan ja tietotekniikkaan liittyvi\u00e4 artikkeleita. <br><br>Suomen sis\u00e4ll\u00e4 biologian alan (sis\u00e4lt\u00e4\u00e4 my\u00f6s biokemian) julkaisut (2 079 kpl) olivat noin 5% kaikista yliopistojen julkaisuista (43 262 kpl) vuonna 2024. (L<em>\u00e4hde: OKM:n tilastotietokanta <a href=\"https:\/\/vipunen.fi\/fi-fi\/_layouts\/15\/xlviewer.aspx?id=\/fi-fi\/Raportit\/Yliopistokoulutus%20-%20julkaisut%20-%20tieteenala.xlsb\" target=\"_blank\" rel=\"noreferrer noopener\">Vipunen<\/a><\/em>).<\/p>\n\n\n\n<p class=\"has-text-align-right\">Seuraava sivu: <a href=\"https:\/\/blogs.uef.fi\/tiedonhaku-biologia\/hakutekniikka\/aihe-ja-kasitteet\/\">Tiedonhaun aihe ja k\u00e4sitteet<\/a>.<\/p>\n","protected":false},"excerpt":{"rendered":"<p>Eri tieteenaloilla on omat perinteens\u00e4 tavassa julkaista tutkimusty\u00f6n tulokset. Luonnontieteet Mets\u00e4tieteet, terveystieteet ja muut soveltavat tieteet: Tekniikka Yhteiskuntatieteet Humanistiset tieteet Erityyppisten julkaisujen osuus eri tieteenaloilla: Erot tieteenaloilla tasottuvat Kaikkiaan tieteenalojen erot ovat jossakin m\u00e4\u00e4rin v\u00e4hentyneet viime vuosina \u2013 artikkelityyppinen julkaiseminen on kasvussa kaikilla tieteenaloilla. Samoin siirtyminen kansallisista kielist\u00e4 englannin kieleen on ollut merkitt\u00e4v\u00e4\u00e4. Kuinka paljon [&hellip;]<\/p>\n","protected":false},"author":127,"featured_media":0,"parent":0,"menu_order":0,"comment_status":"closed","ping_status":"closed","template":"","meta":{"_acf_changed":false,"footnotes":""},"class_list":["post-1848","page","type-page","status-publish","hentry"],"acf":[],"yoast_head":"<!-- This site is optimized with the Yoast SEO plugin v27.1.1 - https:\/\/yoast.com\/product\/yoast-seo-wordpress\/ -->\n<title>1.3 Tieteelliset julkaisut eri aloilla - Biologian tiedonhaku \/\/ UEF Kirjasto<\/title>\n<meta name=\"robots\" content=\"index, follow, max-snippet:-1, max-image-preview:large, max-video-preview:-1\" \/>\n<link rel=\"canonical\" href=\"https:\/\/blogs.uef.fi\/tiedonhaku-biologia\/tieteelliset-julkaisut-eri-aloilla\/\" \/>\n<meta property=\"og:locale\" content=\"fi_FI\" \/>\n<meta property=\"og:type\" content=\"article\" \/>\n<meta property=\"og:title\" content=\"1.3 Tieteelliset julkaisut eri aloilla - Biologian tiedonhaku \/\/ UEF Kirjasto\" \/>\n<meta property=\"og:description\" content=\"Eri tieteenaloilla on omat perinteens\u00e4 tavassa julkaista tutkimusty\u00f6n tulokset. Luonnontieteet Mets\u00e4tieteet, terveystieteet ja muut soveltavat tieteet: Tekniikka Yhteiskuntatieteet Humanistiset tieteet Erityyppisten julkaisujen osuus eri tieteenaloilla: Erot tieteenaloilla tasottuvat Kaikkiaan tieteenalojen erot ovat jossakin m\u00e4\u00e4rin v\u00e4hentyneet viime vuosina \u2013 artikkelityyppinen julkaiseminen on kasvussa kaikilla tieteenaloilla. Samoin siirtyminen kansallisista kielist\u00e4 englannin kieleen on ollut merkitt\u00e4v\u00e4\u00e4. Kuinka paljon [&hellip;]\" \/>\n<meta property=\"og:url\" content=\"https:\/\/blogs.uef.fi\/tiedonhaku-biologia\/tieteelliset-julkaisut-eri-aloilla\/\" \/>\n<meta property=\"og:site_name\" content=\"Biologian tiedonhaku \/\/ UEF Kirjasto\" \/>\n<meta property=\"article:modified_time\" content=\"2026-01-09T07:53:53+00:00\" \/>\n<meta property=\"og:image\" content=\"https:\/\/blogs.uef.fi\/tiedonhaku-biologia\/wp-content\/uploads\/sites\/59\/2025\/07\/YHT_prosentti_julkaisut_2024.png\" \/>\n\t<meta property=\"og:image:width\" content=\"967\" \/>\n\t<meta property=\"og:image:height\" content=\"417\" \/>\n\t<meta property=\"og:image:type\" content=\"image\/png\" \/>\n<meta name=\"twitter:card\" content=\"summary_large_image\" \/>\n<meta name=\"twitter:label1\" content=\"Arvioitu lukuaika\" \/>\n\t<meta name=\"twitter:data1\" content=\"3 minuuttia\" \/>\n<script type=\"application\/ld+json\" class=\"yoast-schema-graph\">{\"@context\":\"https:\/\/schema.org\",\"@graph\":[{\"@type\":\"WebPage\",\"@id\":\"https:\/\/blogs.uef.fi\/tiedonhaku-biologia\/tieteelliset-julkaisut-eri-aloilla\/\",\"url\":\"https:\/\/blogs.uef.fi\/tiedonhaku-biologia\/tieteelliset-julkaisut-eri-aloilla\/\",\"name\":\"1.3 Tieteelliset julkaisut eri aloilla - Biologian tiedonhaku \/\/ UEF Kirjasto\",\"isPartOf\":{\"@id\":\"https:\/\/blogs.uef.fi\/tiedonhaku-biologia\/#website\"},\"primaryImageOfPage\":{\"@id\":\"https:\/\/blogs.uef.fi\/tiedonhaku-biologia\/tieteelliset-julkaisut-eri-aloilla\/#primaryimage\"},\"image\":{\"@id\":\"https:\/\/blogs.uef.fi\/tiedonhaku-biologia\/tieteelliset-julkaisut-eri-aloilla\/#primaryimage\"},\"thumbnailUrl\":\"https:\/\/blogs.uef.fi\/tiedonhaku-biologia\/wp-content\/uploads\/sites\/59\/2025\/07\/YHT_prosentti_julkaisut_2024.png\",\"datePublished\":\"2022-10-16T15:16:04+00:00\",\"dateModified\":\"2026-01-09T07:53:53+00:00\",\"breadcrumb\":{\"@id\":\"https:\/\/blogs.uef.fi\/tiedonhaku-biologia\/tieteelliset-julkaisut-eri-aloilla\/#breadcrumb\"},\"inLanguage\":\"fi\",\"potentialAction\":[{\"@type\":\"ReadAction\",\"target\":[\"https:\/\/blogs.uef.fi\/tiedonhaku-biologia\/tieteelliset-julkaisut-eri-aloilla\/\"]}]},{\"@type\":\"ImageObject\",\"inLanguage\":\"fi\",\"@id\":\"https:\/\/blogs.uef.fi\/tiedonhaku-biologia\/tieteelliset-julkaisut-eri-aloilla\/#primaryimage\",\"url\":\"https:\/\/blogs.uef.fi\/tiedonhaku-biologia\/wp-content\/uploads\/sites\/59\/2025\/07\/YHT_prosentti_julkaisut_2024.png\",\"contentUrl\":\"https:\/\/blogs.uef.fi\/tiedonhaku-biologia\/wp-content\/uploads\/sites\/59\/2025\/07\/YHT_prosentti_julkaisut_2024.png\",\"width\":967,\"height\":417,\"caption\":\"Suomalaisten yliopistojen julkaisut vuonna 2024 julkaisutyypeitt\u00e4in ja aloittain, prosenttia. L\u00e4hde: Opetushallinnon tilastopalvelu Vipunen.\"},{\"@type\":\"BreadcrumbList\",\"@id\":\"https:\/\/blogs.uef.fi\/tiedonhaku-biologia\/tieteelliset-julkaisut-eri-aloilla\/#breadcrumb\",\"itemListElement\":[{\"@type\":\"ListItem\",\"position\":1,\"name\":\"Home\",\"item\":\"https:\/\/blogs.uef.fi\/tiedonhaku-biologia\/\"},{\"@type\":\"ListItem\",\"position\":2,\"name\":\"1.3 Tieteelliset julkaisut eri aloilla\"}]},{\"@type\":\"WebSite\",\"@id\":\"https:\/\/blogs.uef.fi\/tiedonhaku-biologia\/#website\",\"url\":\"https:\/\/blogs.uef.fi\/tiedonhaku-biologia\/\",\"name\":\"Biologian tiedonhaku \/\/ UEF Kirjasto\",\"description\":\"Biologian tiedonhaku on kattava oppimateriaali tiedonhakuun biologeille. Se sis\u00e4lt\u00e4\u00e4 yleiset tiedonhaun tekniikat sek\u00e4 biologian tiedonl\u00e4hteet ohjeineen ja esimerkkeineen.\",\"potentialAction\":[{\"@type\":\"SearchAction\",\"target\":{\"@type\":\"EntryPoint\",\"urlTemplate\":\"https:\/\/blogs.uef.fi\/tiedonhaku-biologia\/?s={search_term_string}\"},\"query-input\":{\"@type\":\"PropertyValueSpecification\",\"valueRequired\":true,\"valueName\":\"search_term_string\"}}],\"inLanguage\":\"fi\"}]}<\/script>\n<!-- \/ Yoast SEO plugin. -->","yoast_head_json":{"title":"1.3 Tieteelliset julkaisut eri aloilla - Biologian tiedonhaku \/\/ UEF Kirjasto","robots":{"index":"index","follow":"follow","max-snippet":"max-snippet:-1","max-image-preview":"max-image-preview:large","max-video-preview":"max-video-preview:-1"},"canonical":"https:\/\/blogs.uef.fi\/tiedonhaku-biologia\/tieteelliset-julkaisut-eri-aloilla\/","og_locale":"fi_FI","og_type":"article","og_title":"1.3 Tieteelliset julkaisut eri aloilla - Biologian tiedonhaku \/\/ UEF Kirjasto","og_description":"Eri tieteenaloilla on omat perinteens\u00e4 tavassa julkaista tutkimusty\u00f6n tulokset. Luonnontieteet Mets\u00e4tieteet, terveystieteet ja muut soveltavat tieteet: Tekniikka Yhteiskuntatieteet Humanistiset tieteet Erityyppisten julkaisujen osuus eri tieteenaloilla: Erot tieteenaloilla tasottuvat Kaikkiaan tieteenalojen erot ovat jossakin m\u00e4\u00e4rin v\u00e4hentyneet viime vuosina \u2013 artikkelityyppinen julkaiseminen on kasvussa kaikilla tieteenaloilla. Samoin siirtyminen kansallisista kielist\u00e4 englannin kieleen on ollut merkitt\u00e4v\u00e4\u00e4. Kuinka paljon [&hellip;]","og_url":"https:\/\/blogs.uef.fi\/tiedonhaku-biologia\/tieteelliset-julkaisut-eri-aloilla\/","og_site_name":"Biologian tiedonhaku \/\/ UEF Kirjasto","article_modified_time":"2026-01-09T07:53:53+00:00","og_image":[{"width":967,"height":417,"url":"https:\/\/blogs.uef.fi\/tiedonhaku-biologia\/wp-content\/uploads\/sites\/59\/2025\/07\/YHT_prosentti_julkaisut_2024.png","type":"image\/png"}],"twitter_card":"summary_large_image","twitter_misc":{"Arvioitu lukuaika":"3 minuuttia"},"schema":{"@context":"https:\/\/schema.org","@graph":[{"@type":"WebPage","@id":"https:\/\/blogs.uef.fi\/tiedonhaku-biologia\/tieteelliset-julkaisut-eri-aloilla\/","url":"https:\/\/blogs.uef.fi\/tiedonhaku-biologia\/tieteelliset-julkaisut-eri-aloilla\/","name":"1.3 Tieteelliset julkaisut eri aloilla - Biologian tiedonhaku \/\/ UEF Kirjasto","isPartOf":{"@id":"https:\/\/blogs.uef.fi\/tiedonhaku-biologia\/#website"},"primaryImageOfPage":{"@id":"https:\/\/blogs.uef.fi\/tiedonhaku-biologia\/tieteelliset-julkaisut-eri-aloilla\/#primaryimage"},"image":{"@id":"https:\/\/blogs.uef.fi\/tiedonhaku-biologia\/tieteelliset-julkaisut-eri-aloilla\/#primaryimage"},"thumbnailUrl":"https:\/\/blogs.uef.fi\/tiedonhaku-biologia\/wp-content\/uploads\/sites\/59\/2025\/07\/YHT_prosentti_julkaisut_2024.png","datePublished":"2022-10-16T15:16:04+00:00","dateModified":"2026-01-09T07:53:53+00:00","breadcrumb":{"@id":"https:\/\/blogs.uef.fi\/tiedonhaku-biologia\/tieteelliset-julkaisut-eri-aloilla\/#breadcrumb"},"inLanguage":"fi","potentialAction":[{"@type":"ReadAction","target":["https:\/\/blogs.uef.fi\/tiedonhaku-biologia\/tieteelliset-julkaisut-eri-aloilla\/"]}]},{"@type":"ImageObject","inLanguage":"fi","@id":"https:\/\/blogs.uef.fi\/tiedonhaku-biologia\/tieteelliset-julkaisut-eri-aloilla\/#primaryimage","url":"https:\/\/blogs.uef.fi\/tiedonhaku-biologia\/wp-content\/uploads\/sites\/59\/2025\/07\/YHT_prosentti_julkaisut_2024.png","contentUrl":"https:\/\/blogs.uef.fi\/tiedonhaku-biologia\/wp-content\/uploads\/sites\/59\/2025\/07\/YHT_prosentti_julkaisut_2024.png","width":967,"height":417,"caption":"Suomalaisten yliopistojen julkaisut vuonna 2024 julkaisutyypeitt\u00e4in ja aloittain, prosenttia. L\u00e4hde: Opetushallinnon tilastopalvelu Vipunen."},{"@type":"BreadcrumbList","@id":"https:\/\/blogs.uef.fi\/tiedonhaku-biologia\/tieteelliset-julkaisut-eri-aloilla\/#breadcrumb","itemListElement":[{"@type":"ListItem","position":1,"name":"Home","item":"https:\/\/blogs.uef.fi\/tiedonhaku-biologia\/"},{"@type":"ListItem","position":2,"name":"1.3 Tieteelliset julkaisut eri aloilla"}]},{"@type":"WebSite","@id":"https:\/\/blogs.uef.fi\/tiedonhaku-biologia\/#website","url":"https:\/\/blogs.uef.fi\/tiedonhaku-biologia\/","name":"Biologian tiedonhaku \/\/ UEF Kirjasto","description":"Biologian tiedonhaku on kattava oppimateriaali tiedonhakuun biologeille. Se sis\u00e4lt\u00e4\u00e4 yleiset tiedonhaun tekniikat sek\u00e4 biologian tiedonl\u00e4hteet ohjeineen ja esimerkkeineen.","potentialAction":[{"@type":"SearchAction","target":{"@type":"EntryPoint","urlTemplate":"https:\/\/blogs.uef.fi\/tiedonhaku-biologia\/?s={search_term_string}"},"query-input":{"@type":"PropertyValueSpecification","valueRequired":true,"valueName":"search_term_string"}}],"inLanguage":"fi"}]}},"_links":{"self":[{"href":"https:\/\/blogs.uef.fi\/tiedonhaku-biologia\/wp-json\/wp\/v2\/pages\/1848","targetHints":{"allow":["GET"]}}],"collection":[{"href":"https:\/\/blogs.uef.fi\/tiedonhaku-biologia\/wp-json\/wp\/v2\/pages"}],"about":[{"href":"https:\/\/blogs.uef.fi\/tiedonhaku-biologia\/wp-json\/wp\/v2\/types\/page"}],"author":[{"embeddable":true,"href":"https:\/\/blogs.uef.fi\/tiedonhaku-biologia\/wp-json\/wp\/v2\/users\/127"}],"replies":[{"embeddable":true,"href":"https:\/\/blogs.uef.fi\/tiedonhaku-biologia\/wp-json\/wp\/v2\/comments?post=1848"}],"version-history":[{"count":2,"href":"https:\/\/blogs.uef.fi\/tiedonhaku-biologia\/wp-json\/wp\/v2\/pages\/1848\/revisions"}],"predecessor-version":[{"id":3234,"href":"https:\/\/blogs.uef.fi\/tiedonhaku-biologia\/wp-json\/wp\/v2\/pages\/1848\/revisions\/3234"}],"wp:attachment":[{"href":"https:\/\/blogs.uef.fi\/tiedonhaku-biologia\/wp-json\/wp\/v2\/media?parent=1848"}],"curies":[{"name":"wp","href":"https:\/\/api.w.org\/{rel}","templated":true}]}}