{"id":1443,"date":"2021-10-13T17:44:28","date_gmt":"2021-10-13T14:44:28","guid":{"rendered":"https:\/\/blogs.uef.fi\/tiedonhaku-biologia\/?page_id=1443"},"modified":"2024-05-17T13:59:36","modified_gmt":"2024-05-17T10:59:36","slug":"asiasanahaku","status":"publish","type":"page","link":"https:\/\/blogs.uef.fi\/tiedonhaku-biologia\/hakutekniikka\/asiasanahaku\/","title":{"rendered":"2.3 Asiasanahaku"},"content":{"rendered":"\n<p>Hakusanoina voi k\u00e4ytt\u00e4\u00e4 mit\u00e4 tahansa sanoja, jotka kuvaavat aihetta. Tietokantahauissa erityisen tehokkaita hakusanoja ovat ns. asiasanat.<\/p>\n\n\n\n<h2 class=\"wp-block-heading\">Asiasana kuvaa sis\u00e4lt\u00f6\u00e4<\/h2>\n\n\n\n<p>Asiasana on tehokas hakusanana, koska se<\/p>\n\n\n\n<ul class=\"wp-block-list\">\n<li>tallennetaan tietueeseen kertomaan<strong> julkaisun sis\u00e4ll\u00f6st\u00e4<\/strong> lyhyesti<\/li>\n\n\n\n<li>on aina <strong>samanmuotoinen<\/strong><\/li>\n\n\n\n<li>kattaa <strong>useita<\/strong> vaihtoehtoisia, samaa tarkoittavia sanoja<\/li>\n<\/ul>\n\n\n\n<figure class=\"wp-block-image size-full is-resized\"><img loading=\"lazy\" decoding=\"async\" width=\"762\" height=\"320\" src=\"https:\/\/blogs.uef.fi\/tiedonhaku-biologia\/wp-content\/uploads\/sites\/59\/2021\/10\/BIO_asiasana.png\" alt=\"Teksti\u00e4. Sanat akklimaatio, akklimointi, ilmastoon sopeutuminen viittavat nuolella sanaan akklimatisaatio.\" class=\"wp-image-1575\" style=\"width:600px;height:undefinedpx\" srcset=\"https:\/\/blogs.uef.fi\/tiedonhaku-biologia\/wp-content\/uploads\/sites\/59\/2021\/10\/BIO_asiasana.png 762w, https:\/\/blogs.uef.fi\/tiedonhaku-biologia\/wp-content\/uploads\/sites\/59\/2021\/10\/BIO_asiasana-300x126.png 300w\" sizes=\"auto, (max-width: 762px) 100vw, 762px\" \/><figcaption class=\"wp-element-caption\"><em>Yksi asiasana, akklimatisaatio, kattaa useamman sanavaihtoehdon.<\/em><\/figcaption><\/figure>\n\n\n\n<h2 class=\"wp-block-heading\">Asiasanat kerrotaan asiasanastoissa<\/h2>\n\n\n\n<p>Asiasanat m\u00e4\u00e4ritell\u00e4\u00e4n erityisiss\u00e4 hakemistoissa, joita kutsutaan<strong> asiasanastoiksi eli tesauruksiksi. <\/strong>Asiasanasto paitsi listaa sanoja, my\u00f6s kuvaa termien v\u00e4lisi\u00e4 suhteita: <em>assosiatiiviset k\u00e4sitteet<\/em> (related), <em>yl\u00e4k\u00e4sitteet <\/em>(broader) ja <em>alak\u00e4sitteet<\/em> (narrower).<\/p>\n\n\n\n<p>Eri tietokannat k\u00e4ytt\u00e4v\u00e4t eri sanastoja. Esimerkiksi UEF-Primossa k\u00e4ytet\u00e4\u00e4n YSO-sanastoa (suomeksi) ja Library of Congress Subject headings -sanastoa (englanniksi). Web of Science -tietokannassa ei ole k\u00e4yt\u00f6ss\u00e4 mit\u00e4\u00e4n m\u00e4\u00e4ritelty\u00e4 sanastoa. Siksi sama sana ei toimi eri tietokannoissa samalla tavalla.<\/p>\n\n\n\n<h3 class=\"wp-block-heading\">Yleinen suomalainen ontologia YSO<\/h3>\n\n\n\n<p><a href=\"https:\/\/finto.fi\/yso\/fi\/\">Yleinen Suomalainen Ontologia YSO<\/a> (linkki aukeaa uuteen ikkunaan) on Suomessa k\u00e4ytett\u00e4v\u00e4 asiasanasto. YSOa k\u00e4ytet\u00e4\u00e4n sek\u00e4 UEF-Primon tietueissa ett\u00e4 kansallisessa Finnassa.<\/p>\n\n\n\n<p>YSO kattaa kaikkien tieteen- ja tiedonalojen keskeisimm\u00e4n terminologian. Biologian ja muiden luonnontieteiden termien kattavuus on kuitenkin ohuempi kuin muilla aloilla.<\/p>\n\n\n\n<figure class=\"wp-block-image size-full\"><img loading=\"lazy\" decoding=\"async\" width=\"1277\" height=\"677\" src=\"https:\/\/blogs.uef.fi\/tiedonhaku-biologia\/wp-content\/uploads\/sites\/59\/2021\/10\/BIO_yso.png\" alt=\"Kuvakaappaus YSOsta. Oikealla ylh\u00e4\u00e4ll\u00e4 on hakuruutu, jossa haettu sanaa amebat. Sivun vasen laita esitt\u00e4\u00e4 sanan paikan k\u00e4sitehierarkiassa. Sivun oikea laita kertoo tiedot haetusta termist\u00e4.\" class=\"wp-image-1581\" srcset=\"https:\/\/blogs.uef.fi\/tiedonhaku-biologia\/wp-content\/uploads\/sites\/59\/2021\/10\/BIO_yso.png 1277w, https:\/\/blogs.uef.fi\/tiedonhaku-biologia\/wp-content\/uploads\/sites\/59\/2021\/10\/BIO_yso-300x159.png 300w, https:\/\/blogs.uef.fi\/tiedonhaku-biologia\/wp-content\/uploads\/sites\/59\/2021\/10\/BIO_yso-1024x543.png 1024w, https:\/\/blogs.uef.fi\/tiedonhaku-biologia\/wp-content\/uploads\/sites\/59\/2021\/10\/BIO_yso-768x407.png 768w\" sizes=\"auto, (max-width: 1277px) 100vw, 1277px\" \/><figcaption class=\"wp-element-caption\"><em>YSOsta voi hakea yksitt\u00e4ist\u00e4 sanaa. Termille saa my\u00f6s ruotsin- ja englanninkielisen vastineen.<\/em><\/figcaption><\/figure>\n\n\n\n<p>K\u00c4YTETT\u00c4V\u00c4 TERMI kertoo sanaston hyv\u00e4ksym\u00e4n asiasanan tietylle k\u00e4sitteelle. OHJAUSTERMIT (ei ole kuvassa) kertovat, mik\u00e4 sanan sijasta asiasanaa k\u00e4ytet\u00e4\u00e4n. Ohjaustermi\u00e4 ei siis voi tallentaa tietokantaan asiasanaksi (aihe), mutta sit\u00e4 voi hyvin k\u00e4ytt\u00e4\u00e4 vapaasanahaussa.<\/p>\n\n\n\n<p>Biologiaan liittyvi\u00e4 sanoja voi selata valitsemalla vasemmalta ensin <strong>Ryhm\u00e4t <\/strong>ja sitten kohdan <strong>15. Biologia, mikrobiologia, perinn\u00f6llisyystiede, genetiikka, antropologia<\/strong>.<\/p>\n\n\n\n<h2 class=\"wp-block-heading\">Asiasanastot auttavat hakusanojen valinnassa<\/h2>\n\n\n\n<p>Asiasanastoista:<\/p>\n\n\n\n<ul class=\"wp-block-list\">\n<li>etsit\u00e4\u00e4n <strong>oikeat hakusanat<\/strong> asiasanahakua varten<\/li>\n\n\n\n<li>haetaan <strong>vinkkej\u00e4<\/strong> hakusanoiksi ylip\u00e4\u00e4t\u00e4\u00e4n; my\u00f6s rinnakkaiset ja yl\u00e4- ja alak\u00e4sitteet voivat olla hy\u00f6dyllisi\u00e4<\/li>\n<\/ul>\n\n\n\n<p>Vaikka ei k\u00e4ytt\u00e4isik\u00e4\u00e4n varsinaista asiasanastoa apuna, kannattaa silti seurata tietokannoissa asiasanakentt\u00e4\u00e4. Sielt\u00e4 n\u00e4et helposti hyvi\u00e4 hakusanoja, joita voit k\u00e4ytt\u00e4\u00e4 haussasi.<\/p>\n\n\n\n<figure class=\"wp-block-image size-full\"><img loading=\"lazy\" decoding=\"async\" width=\"550\" height=\"95\" src=\"https:\/\/blogs.uef.fi\/tiedonhaku-biologia\/wp-content\/uploads\/sites\/59\/2024\/05\/METlcsh.png\" alt=\"Kuvakaappaus kirjan asiasanoista eli aiheista. Sanat ovat: Forest ecology. Climatic changes. Forest management - Environmental aspects. Trees - Climatic factors.\" class=\"wp-image-3052\" srcset=\"https:\/\/blogs.uef.fi\/tiedonhaku-biologia\/wp-content\/uploads\/sites\/59\/2024\/05\/METlcsh.png 550w, https:\/\/blogs.uef.fi\/tiedonhaku-biologia\/wp-content\/uploads\/sites\/59\/2024\/05\/METlcsh-300x52.png 300w\" sizes=\"auto, (max-width: 550px) 100vw, 550px\" \/><figcaption class=\"wp-element-caption\"><em>Esimerkiksi \u201dclimate change\u201d -termille l\u00f6ytyy asiasanavastine \u201dclimatic changes\u201d UEF-Primossa.<\/em><\/figcaption><\/figure>\n\n\n\n<h3 class=\"wp-block-heading\">Ent\u00e4 jos omalle aiheelle ei l\u00f6ydy sanastosta asiasanaa?<\/h3>\n\n\n\n<p>T\u00e4m\u00e4 on hyvin tavallista, varsinkin hyvin tarkkojen tai uusien termien kohdalla. Mill\u00e4 tahansa sanalla voi hakea sanahakuna\/vapaasanahakuna.<\/p>\n\n\n\n<p><strong>Vapaasanahaku<\/strong> hakee sanaa kaikkialta julkaisujen tiedoista: tekij\u00e4n ja julkaisun nimest\u00e4, tiivistelm\u00e4st\u00e4, asiasanoista, kustantajan nimest\u00e4 jne. Voit k\u00e4ytt\u00e4\u00e4 hakusanoina mit\u00e4 tahansa luonnollisen kielen sanoja tai fraaseja. My\u00f6skin \u201dvirallisia\u201d asiasanoja voi k\u00e4ytt\u00e4\u00e4 vapaasanahaussa.<\/p>\n\n\n\n<figure class=\"wp-block-image size-full\"><img loading=\"lazy\" decoding=\"async\" width=\"986\" height=\"785\" src=\"https:\/\/blogs.uef.fi\/tiedonhaku-biologia\/wp-content\/uploads\/sites\/59\/2021\/10\/UP_tietue.jpg\" alt=\"Kuvakaappaus kirjan tiedoista UEF-Primossa. Otsikon sanat kertovat kirjan sis\u00e4ll\u00f6st\u00e4 ja l\u00f6ytyv\u00e4t vapaasanahaulla. Sis\u00e4llysluettelon sanat kertovat sis\u00e4ll\u00f6st\u00e4 ja l\u00f6ytyv\u00e4t vapaasanahaulla. Aiheet tarkoittavat asiasanastojen mukaisia, sis\u00e4lt\u00f6\u00e4 kuvaavia sanoja. Niit\u00e4 voi k\u00e4ytt\u00e4\u00e4 aihehaussa sek\u00e4 vapaasananhaussa.\" class=\"wp-image-1584\" style=\"object-fit:cover\" srcset=\"https:\/\/blogs.uef.fi\/tiedonhaku-biologia\/wp-content\/uploads\/sites\/59\/2021\/10\/UP_tietue.jpg 986w, https:\/\/blogs.uef.fi\/tiedonhaku-biologia\/wp-content\/uploads\/sites\/59\/2021\/10\/UP_tietue-300x239.jpg 300w, https:\/\/blogs.uef.fi\/tiedonhaku-biologia\/wp-content\/uploads\/sites\/59\/2021\/10\/UP_tietue-768x611.jpg 768w\" sizes=\"auto, (max-width: 986px) 100vw, 986px\" \/><figcaption class=\"wp-element-caption\"><em>Tietue UEF-Primosta.<\/em><\/figcaption><\/figure>\n\n\n\n<h2 class=\"wp-block-heading\">Asiasanojen k\u00e4ytt\u00f6 tiedonhaussa<\/h2>\n\n\n\n<p>Asiasanoja voi k\u00e4ytt\u00e4\u00e4 kuten tavallisia hakusanoja. Halutessasi voit tehd\u00e4 erityist\u00e4 <strong>asiasanahakua, jossa hakusanoja haetaan vain tietyist\u00e4 tietueen kentist\u00e4.<\/strong><\/p>\n\n\n\n<div class=\"links-block\">\n\n    \n    <ul class=\"link-list\">\n        \n            \n            <li class=\"link-list-item\">\n                <a href=\"https:\/\/uef.cloud.panopto.eu\/Panopto\/Pages\/Viewer.aspx?id=ee464c61-e62a-4108-936a-b09700923c81\" class=\"link-reset link hover-scale-down\">\n                    <svg\n        width=\"43\" height=\"25\"\n        viewBox=\"0 0 43 25\"\n        xmlns=\"http:\/\/www.w3.org\/2000\/svg\">\n    <path\n        d=\"M30.027 0 43 12.5 30.027 25 27 22.083 34.351 15H0v-5h34.351L27 2.917z\"\n        fill=\"currentColor\"\n        fill-rule=\"evenodd\"\/>\n<\/svg>                    <div>Katso video asiasanoilla hakemisesta (3:16)<\/div>\n                <\/a>\n                <div class=\"link-info\">\n                                    <\/div>\n            <\/li>\n\n                <\/ul>\n<\/div>\n\n\n<p>Jos rajaat hakusi kohdistumaan asiasanakentt\u00e4\u00e4n, et voi k\u00e4ytt\u00e4\u00e4 mit\u00e4 tahansa luonnollisen kielen sanaa (tai ainakaan et niill\u00e4 v\u00e4ltt\u00e4m\u00e4tt\u00e4 saa tulosta). <strong>Asiasanahakuun sopivat parhaiten siis sanaston sanat.<\/strong><\/p>\n\n\n\n<p><strong>Tietokannoissa on oletushakuna vapaasanahaku ja asiasanahaku pit\u00e4\u00e4 valita erikseen. <\/strong>Asiasanakent\u00e4n voi useimmiten valita ns. tarkennetun haun kautta. Eri tietokannoissa asiasanakent\u00e4lle on erilaisia nimityksi\u00e4. UERF-Primossa asiasanoja haetaan Aihe-kent\u00e4n avulla . Kansainv\u00e4lisiss\u00e4 tietokannoissa asiasanan nimitys voi olla esimerkiksi Subject, Keyword, Topic tai Index term.<\/p>\n\n\n\n<h2 class=\"wp-block-heading\">Milloin asiasanahakua kannattaa k\u00e4ytt\u00e4\u00e4?<\/h2>\n\n\n\n<p class=\"has-medium-font-size\"><strong>Asiasanalla hakeminen<\/strong><\/p>\n\n\n\n<ul class=\"wp-block-list\">\n<li>kohdentaa hakua<\/li>\n\n\n\n<li>parantaa tuloksen aiheenmukaisuutta<\/li>\n\n\n\n<li>pienent\u00e4\u00e4 usein hakutulosta<\/li>\n<\/ul>\n\n\n\n<p>Asiasanahaku toimii hyvin silloin, kun <strong>aihe on laaja-alainen tai hankalasti m\u00e4\u00e4ritelt\u00e4v\u00e4.<\/strong><\/p>\n\n\n\n<p><strong>Vapaasanahaku<\/strong> toimii hyvin silloin, kun haettava aihe on yksityiskohtainen ja tarkasti rajattu, tai kun k\u00e4sitteist\u00f6 ja sanasto kyseisell\u00e4 alalla on vakiintunutta.<\/p>\n\n\n\n<p>Jos k\u00e4ytet\u00e4\u00e4n <strong>samaa hakusanaa<\/strong> sek\u00e4 sanahaussa ett\u00e4 asiasanahaussa, <strong>sanahaku l\u00f6yt\u00e4\u00e4 enemm\u00e4n tuloksia<\/strong>. Asiasanahaun tulokset puolestaan ovat <strong>aiheenmukaisia.<\/strong><\/p>\n\n\n\n<ul class=\"wp-block-list\">\n<li>vapaasanahaku: <em>aerodynamics<\/em>, 184 tulosta UEF-Primossa (7.9.2020)<\/li>\n\n\n\n<li>asiasana- eli aihehaku: <em>aerodynamics<\/em>, 122 tulosta UEF-Primossa<\/li>\n<\/ul>\n\n\n\n<p>Tulosten m\u00e4\u00e4r\u00e4 riippuu paljon my\u00f6s <strong>sanavalinnasta<\/strong>: asiasana voi hyvinkin antaa enemm\u00e4n tuloksia kuin jokin toinen, samaan asiaan liittyv\u00e4 muu hakusana.<\/p>\n\n\n\n<ul class=\"wp-block-list\">\n<li>vapaasanahaku: \u201dhiilen kiertokulku\u201d , 29 tulosta UEF-Primosta (4.4.2022)<\/li>\n\n\n\n<li>asiasana- eli aihehaku: \u201dhiilen kierto\u201d , 58 tulosta UEF-Primosta (4.4.2022)<\/li>\n<\/ul>\n\n\n\n<p><\/p>\n\n\n\n<p class=\"has-text-align-right\">Seuraava sivu: <a href=\"https:\/\/blogs.uef.fi\/tiedonhaku-biologia\/hakutekniikka\/2-3-sanankatkaisu-ja-sanaliitot\/\">Sanankatkaisu ja sanaliitot<\/a><\/p>\n","protected":false},"excerpt":{"rendered":"<p>Hakusanoina voi k\u00e4ytt\u00e4\u00e4 mit\u00e4 tahansa sanoja, jotka kuvaavat aihetta. Tietokantahauissa erityisen tehokkaita hakusanoja ovat ns. asiasanat. Asiasana kuvaa sis\u00e4lt\u00f6\u00e4 Asiasana on tehokas hakusanana, koska se Asiasanat kerrotaan asiasanastoissa Asiasanat m\u00e4\u00e4ritell\u00e4\u00e4n erityisiss\u00e4 hakemistoissa, joita kutsutaan asiasanastoiksi eli tesauruksiksi. Asiasanasto paitsi listaa sanoja, my\u00f6s kuvaa termien v\u00e4lisi\u00e4 suhteita: assosiatiiviset k\u00e4sitteet (related), yl\u00e4k\u00e4sitteet (broader) ja alak\u00e4sitteet (narrower). Eri [&hellip;]<\/p>\n","protected":false},"author":127,"featured_media":0,"parent":79,"menu_order":0,"comment_status":"closed","ping_status":"closed","template":"","meta":{"_acf_changed":false,"footnotes":""},"class_list":["post-1443","page","type-page","status-publish","hentry"],"acf":[],"yoast_head":"<!-- This site is optimized with the Yoast SEO plugin v27.1.1 - https:\/\/yoast.com\/product\/yoast-seo-wordpress\/ -->\n<title>2.3 Asiasanahaku - Biologian tiedonhaku \/\/ UEF Kirjasto<\/title>\n<meta name=\"robots\" content=\"index, follow, max-snippet:-1, max-image-preview:large, max-video-preview:-1\" \/>\n<link rel=\"canonical\" href=\"https:\/\/blogs.uef.fi\/tiedonhaku-biologia\/hakutekniikka\/asiasanahaku\/\" \/>\n<meta property=\"og:locale\" content=\"fi_FI\" \/>\n<meta property=\"og:type\" content=\"article\" \/>\n<meta property=\"og:title\" content=\"2.3 Asiasanahaku - Biologian tiedonhaku \/\/ UEF Kirjasto\" \/>\n<meta property=\"og:description\" content=\"Hakusanoina voi k\u00e4ytt\u00e4\u00e4 mit\u00e4 tahansa sanoja, jotka kuvaavat aihetta. Tietokantahauissa erityisen tehokkaita hakusanoja ovat ns. asiasanat. Asiasana kuvaa sis\u00e4lt\u00f6\u00e4 Asiasana on tehokas hakusanana, koska se Asiasanat kerrotaan asiasanastoissa Asiasanat m\u00e4\u00e4ritell\u00e4\u00e4n erityisiss\u00e4 hakemistoissa, joita kutsutaan asiasanastoiksi eli tesauruksiksi. Asiasanasto paitsi listaa sanoja, my\u00f6s kuvaa termien v\u00e4lisi\u00e4 suhteita: assosiatiiviset k\u00e4sitteet (related), yl\u00e4k\u00e4sitteet (broader) ja alak\u00e4sitteet (narrower). Eri [&hellip;]\" \/>\n<meta property=\"og:url\" content=\"https:\/\/blogs.uef.fi\/tiedonhaku-biologia\/hakutekniikka\/asiasanahaku\/\" \/>\n<meta property=\"og:site_name\" content=\"Biologian tiedonhaku \/\/ UEF Kirjasto\" \/>\n<meta property=\"article:modified_time\" content=\"2024-05-17T10:59:36+00:00\" \/>\n<meta property=\"og:image\" content=\"https:\/\/blogs.uef.fi\/tiedonhaku-biologia\/wp-content\/uploads\/sites\/59\/2021\/10\/BIO_asiasana.png\" \/>\n<meta name=\"twitter:card\" content=\"summary_large_image\" \/>\n<meta name=\"twitter:label1\" content=\"Arvioitu lukuaika\" \/>\n\t<meta name=\"twitter:data1\" content=\"5 minuuttia\" \/>\n<script type=\"application\/ld+json\" class=\"yoast-schema-graph\">{\"@context\":\"https:\/\/schema.org\",\"@graph\":[{\"@type\":\"WebPage\",\"@id\":\"https:\/\/blogs.uef.fi\/tiedonhaku-biologia\/hakutekniikka\/asiasanahaku\/\",\"url\":\"https:\/\/blogs.uef.fi\/tiedonhaku-biologia\/hakutekniikka\/asiasanahaku\/\",\"name\":\"2.3 Asiasanahaku - Biologian tiedonhaku \/\/ UEF Kirjasto\",\"isPartOf\":{\"@id\":\"https:\/\/blogs.uef.fi\/tiedonhaku-biologia\/#website\"},\"primaryImageOfPage\":{\"@id\":\"https:\/\/blogs.uef.fi\/tiedonhaku-biologia\/hakutekniikka\/asiasanahaku\/#primaryimage\"},\"image\":{\"@id\":\"https:\/\/blogs.uef.fi\/tiedonhaku-biologia\/hakutekniikka\/asiasanahaku\/#primaryimage\"},\"thumbnailUrl\":\"https:\/\/blogs.uef.fi\/tiedonhaku-biologia\/wp-content\/uploads\/sites\/59\/2021\/10\/BIO_asiasana.png\",\"datePublished\":\"2021-10-13T14:44:28+00:00\",\"dateModified\":\"2024-05-17T10:59:36+00:00\",\"breadcrumb\":{\"@id\":\"https:\/\/blogs.uef.fi\/tiedonhaku-biologia\/hakutekniikka\/asiasanahaku\/#breadcrumb\"},\"inLanguage\":\"fi\",\"potentialAction\":[{\"@type\":\"ReadAction\",\"target\":[\"https:\/\/blogs.uef.fi\/tiedonhaku-biologia\/hakutekniikka\/asiasanahaku\/\"]}]},{\"@type\":\"ImageObject\",\"inLanguage\":\"fi\",\"@id\":\"https:\/\/blogs.uef.fi\/tiedonhaku-biologia\/hakutekniikka\/asiasanahaku\/#primaryimage\",\"url\":\"https:\/\/blogs.uef.fi\/tiedonhaku-biologia\/wp-content\/uploads\/sites\/59\/2021\/10\/BIO_asiasana.png\",\"contentUrl\":\"https:\/\/blogs.uef.fi\/tiedonhaku-biologia\/wp-content\/uploads\/sites\/59\/2021\/10\/BIO_asiasana.png\",\"width\":762,\"height\":320,\"caption\":\"Teksti\u00e4. Sanat akklimaatio, akklimointi, ilmastoon sopeutuminen viittavat nuolella sanaan akklimatisaatio.\"},{\"@type\":\"BreadcrumbList\",\"@id\":\"https:\/\/blogs.uef.fi\/tiedonhaku-biologia\/hakutekniikka\/asiasanahaku\/#breadcrumb\",\"itemListElement\":[{\"@type\":\"ListItem\",\"position\":1,\"name\":\"Home\",\"item\":\"https:\/\/blogs.uef.fi\/tiedonhaku-biologia\/\"},{\"@type\":\"ListItem\",\"position\":2,\"name\":\"2. Hakutekniikka\",\"item\":\"https:\/\/blogs.uef.fi\/tiedonhaku-biologia\/hakutekniikka\/\"},{\"@type\":\"ListItem\",\"position\":3,\"name\":\"2.3 Asiasanahaku\"}]},{\"@type\":\"WebSite\",\"@id\":\"https:\/\/blogs.uef.fi\/tiedonhaku-biologia\/#website\",\"url\":\"https:\/\/blogs.uef.fi\/tiedonhaku-biologia\/\",\"name\":\"Biologian tiedonhaku \/\/ UEF Kirjasto\",\"description\":\"Biologian tiedonhaku on kattava oppimateriaali tiedonhakuun biologeille. Se sis\u00e4lt\u00e4\u00e4 yleiset tiedonhaun tekniikat sek\u00e4 biologian tiedonl\u00e4hteet ohjeineen ja esimerkkeineen.\",\"potentialAction\":[{\"@type\":\"SearchAction\",\"target\":{\"@type\":\"EntryPoint\",\"urlTemplate\":\"https:\/\/blogs.uef.fi\/tiedonhaku-biologia\/?s={search_term_string}\"},\"query-input\":{\"@type\":\"PropertyValueSpecification\",\"valueRequired\":true,\"valueName\":\"search_term_string\"}}],\"inLanguage\":\"fi\"}]}<\/script>\n<!-- \/ Yoast SEO plugin. -->","yoast_head_json":{"title":"2.3 Asiasanahaku - Biologian tiedonhaku \/\/ UEF Kirjasto","robots":{"index":"index","follow":"follow","max-snippet":"max-snippet:-1","max-image-preview":"max-image-preview:large","max-video-preview":"max-video-preview:-1"},"canonical":"https:\/\/blogs.uef.fi\/tiedonhaku-biologia\/hakutekniikka\/asiasanahaku\/","og_locale":"fi_FI","og_type":"article","og_title":"2.3 Asiasanahaku - Biologian tiedonhaku \/\/ UEF Kirjasto","og_description":"Hakusanoina voi k\u00e4ytt\u00e4\u00e4 mit\u00e4 tahansa sanoja, jotka kuvaavat aihetta. Tietokantahauissa erityisen tehokkaita hakusanoja ovat ns. asiasanat. Asiasana kuvaa sis\u00e4lt\u00f6\u00e4 Asiasana on tehokas hakusanana, koska se Asiasanat kerrotaan asiasanastoissa Asiasanat m\u00e4\u00e4ritell\u00e4\u00e4n erityisiss\u00e4 hakemistoissa, joita kutsutaan asiasanastoiksi eli tesauruksiksi. Asiasanasto paitsi listaa sanoja, my\u00f6s kuvaa termien v\u00e4lisi\u00e4 suhteita: assosiatiiviset k\u00e4sitteet (related), yl\u00e4k\u00e4sitteet (broader) ja alak\u00e4sitteet (narrower). Eri [&hellip;]","og_url":"https:\/\/blogs.uef.fi\/tiedonhaku-biologia\/hakutekniikka\/asiasanahaku\/","og_site_name":"Biologian tiedonhaku \/\/ UEF Kirjasto","article_modified_time":"2024-05-17T10:59:36+00:00","og_image":[{"url":"https:\/\/blogs.uef.fi\/tiedonhaku-biologia\/wp-content\/uploads\/sites\/59\/2021\/10\/BIO_asiasana.png","type":"","width":"","height":""}],"twitter_card":"summary_large_image","twitter_misc":{"Arvioitu lukuaika":"5 minuuttia"},"schema":{"@context":"https:\/\/schema.org","@graph":[{"@type":"WebPage","@id":"https:\/\/blogs.uef.fi\/tiedonhaku-biologia\/hakutekniikka\/asiasanahaku\/","url":"https:\/\/blogs.uef.fi\/tiedonhaku-biologia\/hakutekniikka\/asiasanahaku\/","name":"2.3 Asiasanahaku - Biologian tiedonhaku \/\/ UEF Kirjasto","isPartOf":{"@id":"https:\/\/blogs.uef.fi\/tiedonhaku-biologia\/#website"},"primaryImageOfPage":{"@id":"https:\/\/blogs.uef.fi\/tiedonhaku-biologia\/hakutekniikka\/asiasanahaku\/#primaryimage"},"image":{"@id":"https:\/\/blogs.uef.fi\/tiedonhaku-biologia\/hakutekniikka\/asiasanahaku\/#primaryimage"},"thumbnailUrl":"https:\/\/blogs.uef.fi\/tiedonhaku-biologia\/wp-content\/uploads\/sites\/59\/2021\/10\/BIO_asiasana.png","datePublished":"2021-10-13T14:44:28+00:00","dateModified":"2024-05-17T10:59:36+00:00","breadcrumb":{"@id":"https:\/\/blogs.uef.fi\/tiedonhaku-biologia\/hakutekniikka\/asiasanahaku\/#breadcrumb"},"inLanguage":"fi","potentialAction":[{"@type":"ReadAction","target":["https:\/\/blogs.uef.fi\/tiedonhaku-biologia\/hakutekniikka\/asiasanahaku\/"]}]},{"@type":"ImageObject","inLanguage":"fi","@id":"https:\/\/blogs.uef.fi\/tiedonhaku-biologia\/hakutekniikka\/asiasanahaku\/#primaryimage","url":"https:\/\/blogs.uef.fi\/tiedonhaku-biologia\/wp-content\/uploads\/sites\/59\/2021\/10\/BIO_asiasana.png","contentUrl":"https:\/\/blogs.uef.fi\/tiedonhaku-biologia\/wp-content\/uploads\/sites\/59\/2021\/10\/BIO_asiasana.png","width":762,"height":320,"caption":"Teksti\u00e4. Sanat akklimaatio, akklimointi, ilmastoon sopeutuminen viittavat nuolella sanaan akklimatisaatio."},{"@type":"BreadcrumbList","@id":"https:\/\/blogs.uef.fi\/tiedonhaku-biologia\/hakutekniikka\/asiasanahaku\/#breadcrumb","itemListElement":[{"@type":"ListItem","position":1,"name":"Home","item":"https:\/\/blogs.uef.fi\/tiedonhaku-biologia\/"},{"@type":"ListItem","position":2,"name":"2. Hakutekniikka","item":"https:\/\/blogs.uef.fi\/tiedonhaku-biologia\/hakutekniikka\/"},{"@type":"ListItem","position":3,"name":"2.3 Asiasanahaku"}]},{"@type":"WebSite","@id":"https:\/\/blogs.uef.fi\/tiedonhaku-biologia\/#website","url":"https:\/\/blogs.uef.fi\/tiedonhaku-biologia\/","name":"Biologian tiedonhaku \/\/ UEF Kirjasto","description":"Biologian tiedonhaku on kattava oppimateriaali tiedonhakuun biologeille. Se sis\u00e4lt\u00e4\u00e4 yleiset tiedonhaun tekniikat sek\u00e4 biologian tiedonl\u00e4hteet ohjeineen ja esimerkkeineen.","potentialAction":[{"@type":"SearchAction","target":{"@type":"EntryPoint","urlTemplate":"https:\/\/blogs.uef.fi\/tiedonhaku-biologia\/?s={search_term_string}"},"query-input":{"@type":"PropertyValueSpecification","valueRequired":true,"valueName":"search_term_string"}}],"inLanguage":"fi"}]}},"_links":{"self":[{"href":"https:\/\/blogs.uef.fi\/tiedonhaku-biologia\/wp-json\/wp\/v2\/pages\/1443","targetHints":{"allow":["GET"]}}],"collection":[{"href":"https:\/\/blogs.uef.fi\/tiedonhaku-biologia\/wp-json\/wp\/v2\/pages"}],"about":[{"href":"https:\/\/blogs.uef.fi\/tiedonhaku-biologia\/wp-json\/wp\/v2\/types\/page"}],"author":[{"embeddable":true,"href":"https:\/\/blogs.uef.fi\/tiedonhaku-biologia\/wp-json\/wp\/v2\/users\/127"}],"replies":[{"embeddable":true,"href":"https:\/\/blogs.uef.fi\/tiedonhaku-biologia\/wp-json\/wp\/v2\/comments?post=1443"}],"version-history":[{"count":1,"href":"https:\/\/blogs.uef.fi\/tiedonhaku-biologia\/wp-json\/wp\/v2\/pages\/1443\/revisions"}],"predecessor-version":[{"id":3061,"href":"https:\/\/blogs.uef.fi\/tiedonhaku-biologia\/wp-json\/wp\/v2\/pages\/1443\/revisions\/3061"}],"up":[{"embeddable":true,"href":"https:\/\/blogs.uef.fi\/tiedonhaku-biologia\/wp-json\/wp\/v2\/pages\/79"}],"wp:attachment":[{"href":"https:\/\/blogs.uef.fi\/tiedonhaku-biologia\/wp-json\/wp\/v2\/media?parent=1443"}],"curies":[{"name":"wp","href":"https:\/\/api.w.org\/{rel}","templated":true}]}}