{"id":18,"date":"2022-08-30T07:02:18","date_gmt":"2022-08-30T07:02:18","guid":{"rendered":"https:\/\/blogs.uef.fi\/tiedonhakijana-yliopistossa\/?page_id=18"},"modified":"2024-03-01T12:33:54","modified_gmt":"2024-03-01T10:33:54","slug":"etusivu","status":"publish","type":"page","link":"https:\/\/blogs.uef.fi\/tiedonhakijana-yliopistossa\/","title":{"rendered":"Tiedonhakijana yliopistossa"},"content":{"rendered":"\n<p>Yliopistoon kuuluu olennaisena osana kirjasto. Se toimii samoin periaattein kuin muutkin kirjastot, mutta sen tarjoamat aineistot ovat osittain erilasia kuin yleisiss\u00e4 kirjastoissa: yliopistokirjaston idea on tarjota k\u00e4ytt\u00e4jille tieteellist\u00e4 tietoa. Yliopiston kirjasto on avoin kaikille.<br><br>Erityiseksi kirjaston tekee sen tarjoamat aineistot: painotus on tieteellisess\u00e4 kirjallisuudessa ja aineistot ovat usein englanninkielisi\u00e4 ja k\u00e4ytett\u00e4viss\u00e4 verkon v\u00e4lityksell\u00e4.<br><br>T\u00e4ll\u00e4 sivulla kerrotaan lyhyesti, kuinka l\u00f6yd\u00e4t opiskelussa tarvittavia kirjoja ja muita julkaisuja.<br><br>Kirjaston kotisivuilla on kattavasti tietoa asiakkuudesta, kokoelmista, tiedonhaun v\u00e4lineist\u00e4 ja ajankohtaisista asioista.<\/p>\n\n\n\n<figure class=\"wp-block-image size-large\"><img loading=\"lazy\" decoding=\"async\" width=\"1024\" height=\"789\" src=\"https:\/\/blogs.uef.fi\/tiedonhakijana-yliopistossa\/wp-content\/uploads\/sites\/186\/2022\/08\/Kaikki-1024x789.png\" alt=\"\" class=\"wp-image-66\" srcset=\"https:\/\/blogs.uef.fi\/tiedonhakijana-yliopistossa\/wp-content\/uploads\/sites\/186\/2022\/08\/Kaikki-1024x789.png 1024w, https:\/\/blogs.uef.fi\/tiedonhakijana-yliopistossa\/wp-content\/uploads\/sites\/186\/2022\/08\/Kaikki-300x231.png 300w, https:\/\/blogs.uef.fi\/tiedonhakijana-yliopistossa\/wp-content\/uploads\/sites\/186\/2022\/08\/Kaikki-768x592.png 768w, https:\/\/blogs.uef.fi\/tiedonhakijana-yliopistossa\/wp-content\/uploads\/sites\/186\/2022\/08\/Kaikki-1536x1184.png 1536w, https:\/\/blogs.uef.fi\/tiedonhakijana-yliopistossa\/wp-content\/uploads\/sites\/186\/2022\/08\/Kaikki-2048x1579.png 2048w\" sizes=\"auto, (max-width: 1024px) 100vw, 1024px\" \/><figcaption class=\"wp-element-caption\">Hakupaikkoja erilaisiin tarpeisiin.<\/figcaption><\/figure>\n\n\n\n<p class=\"has-medium-font-size\"><strong>UEF-Primo<\/strong><\/p>\n\n\n\n<p><strong>T\u00e4rke\u00e4 apuv\u00e4line koko opintojesi ajan on kirjaston oma hakukone ja v\u00e4yl\u00e4 erilaisiin tietoaineistoihin: <a href=\"https:\/\/primo.uef.fi\" target=\"_blank\" rel=\"noreferrer noopener\">UEF-Primo<\/a>.<\/strong><\/p>\n\n\n\n<h2 class=\"wp-block-heading\">Miten l\u00f6yd\u00e4n kirjallisuuden, jota tarvitsee kurssilla?<\/h2>\n\n\n\n<figure class=\"wp-block-image\"><img decoding=\"async\" src=\"https:\/\/blogs.uef.fi\/tiedonhaku-kemia\/wp-content\/uploads\/sites\/177\/2022\/05\/Kurssikirjat.png\" alt=\"\" class=\"wp-image-1572\" \/><\/figure>\n\n\n\n<p>Kurssiin ja sen mahdolliseen tenttiin tarvittavat kirjat ja muut julkaisut on kerrottu <a href=\"https:\/\/opas.peppi.uef.fi\" target=\"_blank\" rel=\"noreferrer noopener\"><strong>opinto-oppaassa Pepiss\u00e4.<\/strong><\/a><\/p>\n\n\n\n<ol class=\"wp-block-list\">\n<li>Kirjat: etsi kirja UEF-Primosta kirjan nimell\u00e4<\/li>\n<\/ol>\n\n\n\n<ul class=\"wp-block-list\">\n<li>Samasta kirjasta voi UEF-Primossa olla useita eri painoksia. Tarkista kirjan tarkemmista tiedoista vuosi ja\/tai painos.<\/li>\n\n\n\n<li>Kirja voi olla painettu tai s\u00e4hk\u00f6inen e-kirja. Katso ohje <a href=\"https:\/\/www.uef.fi\/fi\/kirjasto\/kirjojen-hakeminen#paragraph-17766\" target=\"_blank\" rel=\"noreferrer noopener\">painetun kirjan l\u00f6yt\u00e4miseksi hyllyst\u00e4<\/a>. Tutustu tarvittaessa <a href=\"https:\/\/www.uef.fi\/fi\/kirjasto\/e-kirjojen-kayttoohjeita\" target=\"_blank\" rel=\"noreferrer noopener\">e-kirjojen k\u00e4ytt\u00f6ohjeisiin<\/a>.<\/li>\n\n\n\n<li>Pepiss\u00e4 saattaa olla kirjoitus- ym. virheit\u00e4. Jos kirjaa ei heti l\u00f6ydy, kokeile hakua v\u00e4h\u00e4n eri tavoin, esimerkiksi vaikka vain tekij\u00e4n (tekij\u00f6iden) nimell\u00e4.<\/li>\n<\/ul>\n\n\n\n<p>2. <\/p>\n\n\n\n<p>2. Osa kirjasta: hae UEF-Primosta kirjan nime\u00e4, ei luvun nime\u00e4.<br>Huomaa, ett\u00e4 koko kirjalla voi olla eri tekij\u00e4 (toimittaja) kuin yksitt\u00e4isell\u00e4 kirjan luvulla<\/p>\n\n\n\n<p>3. <strong>Kirjallisuutta voi olla muutakin, usein esimerkiksi verkossa julkaistu artikkeli tai raportti.<\/strong><\/p>\n\n\n\n<ul class=\"wp-block-list\">\n<li>jos suoraa linkki\u00e4 ei ole annettu, kokeile googlata julkaisun nimell\u00e4<\/li>\n\n\n\n<li>jos annettu linkki ei toimi, googlaa julkaisun nimell\u00e4<\/li>\n\n\n\n<li>jos linkki on oikea, mutta ilmoittaa, ett\u00e4 sinulla ei ole k\u00e4ytt\u00f6oikeutta, kokeile hakea julkaisu UEF-Primon kautta \u2013 k\u00e4yt\u00e4 hakua \u2019Kaikki\u2019. Artikkelia voit kokeilla hakea artikkelin nimell\u00e4 \u2013 jos t\u00e4m\u00e4 ei onnistu, kokeile hakea lehden nime\u00e4.<\/li>\n<\/ul>\n\n\n\n<p>Tutustu <a href=\"https:\/\/www.uef.fi\/fi\/kirjasto\/uef-primo-pikaopas\" target=\"_blank\" rel=\"noreferrer noopener\">UEF-Primon pikaohjeeseen ja opasvideoihin<\/a>.<\/p>\n\n\n\n<h2 class=\"wp-block-heading\">Miten haen l\u00e4hteit\u00e4 kirjallisia oppimisteht\u00e4vi\u00e4 varten?<\/h2>\n\n\n\n<figure class=\"wp-block-image\"><img decoding=\"async\" src=\"https:\/\/blogs.uef.fi\/tiedonhaku-kemia\/wp-content\/uploads\/sites\/177\/2022\/05\/Tieteelliset.png\" alt=\"\" class=\"wp-image-1578\" \/><\/figure>\n\n\n\n<p>Mieti ensin, mink\u00e4 tyyppist\u00e4 aineistoa tarvitset.<\/p>\n\n\n\n<h3 class=\"wp-block-heading\">Pit\u00e4\u00e4k\u00f6 sinun selitt\u00e4\u00e4 lyhyesti jokin asia tai ilmi\u00f6?<\/h3>\n\n\n\n<ol style=\"background-color:#fcb90059\" class=\"has-background wp-block-list\">\n<li><strong>K\u00e4yt\u00e4 hakuteosta<\/strong>:\n<ul class=\"wp-block-list\">\n<li>Esimerkiksi Wikipedia on hakuteos. Wikipedian tietoihin ei kuitenkaan aina voi luottaa \u2013 joukossa on v\u00e4\u00e4r\u00e4\u00e4 tietoa. Tarkista Wikipedia-artikkelin l\u00e4hteet ja k\u00e4yt\u00e4 mieluummin niit\u00e4 l\u00e4htein\u00e4, jos ne vaikuttavat luotettavilta<\/li>\n\n\n\n<li>Kirjastoon on hankittu hakuteoksia. Tarkista omaan alaasi liittyv\u00e4t hakuteokset t\u00e4\u00e4lt\u00e4 oman alasi mukaan: Tietoaineistot tieteenaloittain<\/li>\n<\/ul>\n<\/li>\n\n\n\n<li><strong>Hae viranomaistietoa<\/strong>: googlaa tarvitsemasi asia ja tarkastele tuloksia vain sivuilta, jotka tunnistat alan viralliseksi organisaatioksi.<\/li>\n\n\n\n<li><strong>K\u00e4yt\u00e4 (oppi)kirjaa<\/strong>. Kirjoissa esitet\u00e4\u00e4n useimmiten jo vakiintunutta tietoa, johon voi turvallisesti viitata.<\/li>\n<\/ol>\n\n\n\n<h3 class=\"wp-block-heading\">Tarvitsetko tutkimustietoa aiheesta?<\/h3>\n\n\n\n<p>Tutkimustieto julkaistaan usein artikkeleina tieteellisiss\u00e4 lehdiss\u00e4. My\u00f6s kirjoista l\u00f6yt\u00e4\u00e4 tutkittua tietoa. V\u00e4it\u00f6skirjatkin ovat tutkimuksia.<\/p>\n\n\n\n<div class=\"wp-block-group has-background is-vertical is-layout-flex wp-container-core-group-is-layout-8cf370e7 wp-block-group-is-layout-flex\" style=\"background-color:#fcb9006e\">\n<p><strong>Hae artikkeleita<\/strong><\/p>\n\n\n\n<p>K\u00e4yt\u00e4 haussa muutamaa aihetta kuvaavaa sanaa<\/p>\n\n\n\n<p><a href=\"https:\/\/primo.uef.fi\" target=\"_blank\" rel=\"noreferrer noopener\">UEF-Primo<\/a><br><br><a href=\"https:\/\/kansalliskirjasto.finna.fi\/Search\/Results?hiddenFilters%5B0%5D=%23%3A%22%28building%3A1\/NLF\/arto\/%29%22&amp;type=AllFields\" target=\"_blank\" rel=\"noreferrer noopener\">Kotimaiset artikkelit<\/a> (Kansalliskirjasto)<br><br><a href=\"http:\/\/scholar.google.fi\" target=\"_blank\" rel=\"noreferrer noopener\">Google Scholar<\/a><\/p>\n\n\n\n<ul class=\"wp-block-list\">\n<li>Hae UEF-Primosta englanniksi, k\u00e4yt\u00e4 hakukohteena &#8217;Kansainv\u00e4liset artikkelit&#8217;<\/li>\n\n\n\n<li>Hae kotimaisia artikkeleita suomeksi &#8211; huomaa, ett\u00e4 haun kautta et aina saa artikkelia luettavaksi, vaan se pit\u00e4\u00e4 etsi\u00e4 erikseen<\/li>\n\n\n\n<li>K\u00e4yt\u00e4 Googlen tieteellisen tiedon hakukonetta, Google Scholaria<\/li>\n<\/ul>\n\n\n\n<p><strong>Hae kirjoja<\/strong> <strong>ja v\u00e4it\u00f6skirjoja<\/strong><\/p>\n\n\n\n<p>K\u00e4yt\u00e4 haussa 1-4 aihetta kuvaavaa sanaa<\/p>\n\n\n\n<p><a href=\"https:primo.uef.fi\" target=\"_blank\" rel=\"noreferrer noopener\">UEF-Primo<\/a><\/p>\n\n\n\n<ul class=\"wp-block-list\">\n<li>Hae UEF-Primosta, tee haku suomeksi ja englanniksi<\/li>\n<\/ul>\n\n\n\n<p><strong>Kokeile my\u00f6s tieteellisen tiedon hakuun tarkoitettuja tietokantoja<\/strong>. N\u00e4ist\u00e4 kerrotaan lis\u00e4\u00e4 kirjaston oppimateriaaleissa.<\/p>\n<\/div>\n\n\n\n<h4 class=\"wp-block-heading\">Jos torm\u00e4\u00e4t tietoa hakiessasi artikkeliin, jossa ei ole suoraa linkki\u00e4, josta p\u00e4\u00e4sisit lukemaan sen, kokeile n\u00e4it\u00e4:<\/h4>\n\n\n\n<ul class=\"wp-block-list\">\n<li>kopioi artikkelin nimi Googlen hakuun, saatat l\u00f6yt\u00e4\u00e4 artikkelista avoimesti saatavilla olevan version<\/li>\n\n\n\n<li>kirjaudu sis\u00e4\u00e4n UEF-Primoon UEF-tunnuksillasi ja kopioi artikkelin nimi UEF-Primon hakuun, k\u00e4yt\u00e4 hakukohteena \u2019Kansainv\u00e4liset artikkelit\u2019<\/li>\n\n\n\n<li>hae UEF-Primosta lehte\u00e4, jossa artikkeli on julkaistu, k\u00e4yt\u00e4 toimintoa \u2019Lehtihaku\u2019<\/li>\n<\/ul>\n\n\n\n<p><strong>Tiedonhaussa on suuresti hy\u00f6ty\u00e4 muutaman keskeisen hakusanoihin liittyv\u00e4n asian tunnistamisesta.<\/strong> Miss\u00e4 muodossa sanat pit\u00e4\u00e4 kirjoittaa? Kuinka otan huomioon taivutusmuodot? Tutustu n\u00e4ihin ja muihin perusasioihin:<\/p>\n\n\n\n<ul class=\"wp-block-list\">\n<li><a href=\"https:\/\/www.uef.fi\/fi\/kirjasto\/tiedonhaun-pikaopas\" target=\"_blank\" rel=\"noreferrer noopener\">Tiedonhaun pikaoppaassa<\/a><\/li>\n\n\n\n<li><a href=\"https:\/\/www.uef.fi\/fi\/kirjasto\/uef-primon-hakuohje\" target=\"_blank\" rel=\"noreferrer noopener\">UEF-Primon hakuohjeessa<\/a><\/li>\n<\/ul>\n\n\n\n<h3 class=\"wp-block-heading\">Tarvitsetko ajankohtaistietoa?<\/h3>\n\n\n\n<div class=\"wp-block-group has-background is-layout-flow wp-block-group-is-layout-flow\" style=\"background-color:#fcb9006e\">\n<p>1. <strong>Uutissivustot <\/strong>ovat nopeita tiedonl\u00e4hteit\u00e4 aiheeseen, josta ei ole viel\u00e4 julkaistu varsinaisia tutkimuksia.<\/p>\n\n\n\n<ul class=\"wp-block-list\">\n<li>hae aihetta Googlella; aiheesta riippuen k\u00e4yt\u00e4 ainakin suomea ja\/tai englantia<\/li>\n\n\n\n<li>k\u00e4yt\u00e4 vain tunnettujen uutistoimistojen sivuja (esim. Yle, Helsingin Sanomat, BBC)<\/li>\n\n\n\n<li>huomioi, mihin uutinen perustaa omat tietonsa ja kerro t\u00e4m\u00e4 my\u00f6s omassa tekstiss\u00e4si \u2013 jos mahdollista, koeta etsi\u00e4 alkuper\u00e4inen tietol\u00e4hde itse<\/li>\n\n\n\n<li>lue asiasta useammalta sivustolta \u2013 ovat tiedot yhdenmukaisia? Millaisia tietol\u00e4hteit\u00e4 mainitaan?<\/li>\n<\/ul>\n\n\n\n<p>2. K\u00e4yt\u00e4 <strong>viranomaisten ja tutkimuslaitosten ajankohtaistiedotteita<\/strong>.<\/p>\n<\/div>\n\n\n\n<h3 class=\"wp-block-heading\">Arvioi aina tulosten luotettavuutta ja tasoa<\/h3>\n\n\n\n<p>Kirjastojen tarjoamat aineistot ovat l\u00e4ht\u00f6kohtaisesti luotettavia l\u00e4hteit\u00e4. Kaikki n\u00e4ist\u00e4 l\u00f6ytyv\u00e4 aineisto ei kuitenkaan ole v\u00e4ltt\u00e4m\u00e4tt\u00e4 tieteellist\u00e4, vaan niist\u00e4 l\u00f6ytyy paljon my\u00f6s ns. suurelle yleis\u00f6lle julkaistuja aineistoja.<\/p>\n\n\n\n<p>Netist\u00e4 l\u00f6yt\u00e4m\u00e4\u00e4si aineistoon tulee aina suhtautua suuremmalla huolellisuudella. T\u00e4m\u00e4 koskee my\u00f6s Google Scholaria, vaikka sen avulla onkin mahdollista l\u00f6yt\u00e4\u00e4 my\u00f6s kaikkien parhaimpia tieteellisi\u00e4 artikkeleita.<\/p>\n\n\n\n<p>Keskeist\u00e4 arvioinnissa on aina kirjoittajan sek\u00e4 kustantajan tiedot. Lue lis\u00e4\u00e4 <a href=\"https:\/\/www.uef.fi\/fi\/kirjasto\/tiedonhaun-pikaopas#accordion-215422\" target=\"_blank\" rel=\"noreferrer noopener\">l\u00e4hteiden arvioinnista<\/a> tiedonhaun pikaoppaasta.<\/p>\n\n\n\n<h3 class=\"wp-block-heading\">Pyri k\u00e4ytt\u00e4m\u00e4\u00e4n alkuper\u00e4isl\u00e4hteit\u00e4<\/h3>\n\n\n\n<p>Voit p\u00e4\u00e4st\u00e4 tiedonl\u00e4hteille monia eri reittej\u00e4 pitkin. Vinkki\u00e4 voit saada lehdist\u00e4, netist\u00e4, uutisista, Youtube-videoista, luennolta, kaverilta, mist\u00e4 vain. Koska tieto voi muuttua matkan varrella \u2013 sit\u00e4 tulkitaan, tiivistet\u00e4\u00e4n, yksinkertaistetaan \u2013 pyri l\u00f6yt\u00e4m\u00e4\u00e4n alkuper\u00e4inen l\u00e4hde, johon l\u00f6yt\u00e4m\u00e4ss\u00e4si tiedossa viitataan. Jos l\u00e4hdett\u00e4 ei ole kerrottu, se on usein huono merkki, v\u00e4lt\u00e4 t\u00e4llaisen julkaisun k\u00e4ytt\u00e4mist\u00e4.<\/p>\n\n\n\n<p><strong>Hae alkuper\u00e4isl\u00e4hdett\u00e4 UEF-Primosta (hakukohde \u2019Kaikki\u2019) tai kokeile Googlea.<\/strong><\/p>\n\n\n\n<p>Alkuper\u00e4isi\u00e4 l\u00e4hteit\u00e4 ovat tutkimusjulkaisut (artikkelit, raportit tai kirjat) tai vaikkapa asiantuntija-arviot. Tuo ty\u00f6ss\u00e4si ilmi, mink\u00e4 tyyppinen l\u00e4hde on kyseess\u00e4.<\/p>\n\n\n\n<p>Aina alkuper\u00e4isl\u00e4hteille p\u00e4\u00e4sy ei onnistu: l\u00e4hde ei ole k\u00e4ytett\u00e4viss\u00e4 tai tieto on kumuloitunut hyvin pitk\u00e4lt\u00e4 ajalta. Varmista silloin tiedot k\u00e4ytt\u00e4m\u00e4ll\u00e4 mahdollisuuksien mukaan useampaa l\u00e4hdett\u00e4.<\/p>\n\n\n\n<h2 class=\"wp-block-heading\">Tiedonhaku opinn\u00e4ytett\u00e4 varten<\/h2>\n\n\n\n<figure class=\"wp-block-image\"><img decoding=\"async\" src=\"https:\/\/blogs.uef.fi\/tiedonhaku-kemia\/wp-content\/uploads\/sites\/177\/2022\/05\/Opinnayte.png\" alt=\"\" class=\"wp-image-1581\" \/><\/figure>\n\n\n\n<p>Kandidaatin- ja maisterintutkintoa varten teht\u00e4v\u00e4 tiedonhaku on luonteeltaan laajempaa ja l\u00e4hteille on tarkemmat vaatimukset kuin yksitt\u00e4isess\u00e4 harjoitusteht\u00e4v\u00e4ss\u00e4.<\/p>\n\n\n\n<p>Suorita opintoihisi kuuluva tiedonhaun kurssi viimeist\u00e4\u00e4n aloittaessasi kandinty\u00f6t\u00e4.<br>Kurssiin kuuluvat oppimateriaalit ovat avoimesti k\u00e4ytett\u00e4viss\u00e4 ja voit palata niihin aina tarpeen tullen.<br>Totta kai voit tutustua oppimateriaaleihin milloin vain my\u00f6s ihan itsen\u00e4isesti, jos haluat perehty\u00e4 tiedonhakuun ja tietol\u00e4hteisiin tarkemmin.<\/p>\n\n\n\n<p><a href=\"https:\/\/www.uef.fi\/fi\/kirjasto\/tiedonhaun-opintojaksot-ja-koulutus\" target=\"_blank\" rel=\"noreferrer noopener\">Tiedonhaun kurssit<\/a> <br><br><a href=\"https:\/\/www.uef.fi\/fi\/kirjasto\/tiedonhaku-ja-koulutus#paragraph-4154\" target=\"_blank\" rel=\"noreferrer noopener\">Oppimateriaalit<\/a><\/p>\n\n\n\n<h2 class=\"wp-block-heading\">Muista my\u00f6s n\u00e4m\u00e4 oppaat<\/h2>\n\n\n\n<ul class=\"wp-block-list\">\n<li>Uuden asiakkaan kirjasto-opas<\/li>\n\n\n\n<li>Kooste kirjaston palveluista<\/li>\n\n\n\n<li>Viitetiedot ja viittaaminen<\/li>\n\n\n\n<li>Kirjaston muistilista graduntekij\u00e4lle<\/li>\n\n\n\n<li>Avoimen tiedon hakuopas<\/li>\n<\/ul>\n","protected":false},"excerpt":{"rendered":"<p>Yliopistoon kuuluu olennaisena osana kirjasto. Se toimii samoin periaattein kuin muutkin kirjastot, mutta sen tarjoamat aineistot ovat osittain erilasia kuin yleisiss\u00e4 kirjastoissa: yliopistokirjaston idea on tarjota k\u00e4ytt\u00e4jille tieteellist\u00e4 tietoa. Yliopiston kirjasto on avoin kaikille. Erityiseksi kirjaston tekee sen tarjoamat aineistot: painotus on tieteellisess\u00e4 kirjallisuudessa ja aineistot ovat usein englanninkielisi\u00e4 ja k\u00e4ytett\u00e4viss\u00e4 verkon v\u00e4lityksell\u00e4. T\u00e4ll\u00e4 sivulla [&hellip;]<\/p>\n","protected":false},"author":1,"featured_media":0,"parent":0,"menu_order":0,"comment_status":"closed","ping_status":"closed","template":"","meta":{"_acf_changed":false,"footnotes":""},"class_list":["post-18","page","type-page","status-publish","hentry"],"acf":[],"yoast_head":"<!-- This site is optimized with the Yoast SEO plugin v27.3 - https:\/\/yoast.com\/product\/yoast-seo-wordpress\/ -->\n<title>Tiedonhakijana yliopistossa - Tiedonhakijana yliopistossa<\/title>\n<meta name=\"robots\" content=\"index, follow, max-snippet:-1, max-image-preview:large, max-video-preview:-1\" \/>\n<link rel=\"canonical\" href=\"https:\/\/blogs.uef.fi\/tiedonhakijana-yliopistossa\/\" \/>\n<meta property=\"og:locale\" content=\"fi_FI\" \/>\n<meta property=\"og:type\" content=\"article\" \/>\n<meta property=\"og:title\" content=\"Tiedonhakijana yliopistossa - Tiedonhakijana yliopistossa\" \/>\n<meta property=\"og:description\" content=\"Yliopistoon kuuluu olennaisena osana kirjasto. Se toimii samoin periaattein kuin muutkin kirjastot, mutta sen tarjoamat aineistot ovat osittain erilasia kuin yleisiss\u00e4 kirjastoissa: yliopistokirjaston idea on tarjota k\u00e4ytt\u00e4jille tieteellist\u00e4 tietoa. Yliopiston kirjasto on avoin kaikille. Erityiseksi kirjaston tekee sen tarjoamat aineistot: painotus on tieteellisess\u00e4 kirjallisuudessa ja aineistot ovat usein englanninkielisi\u00e4 ja k\u00e4ytett\u00e4viss\u00e4 verkon v\u00e4lityksell\u00e4. T\u00e4ll\u00e4 sivulla [&hellip;]\" \/>\n<meta property=\"og:url\" content=\"https:\/\/blogs.uef.fi\/tiedonhakijana-yliopistossa\/\" \/>\n<meta property=\"og:site_name\" content=\"Tiedonhakijana yliopistossa\" \/>\n<meta property=\"article:modified_time\" content=\"2024-03-01T10:33:54+00:00\" \/>\n<meta property=\"og:image\" content=\"https:\/\/blogs.uef.fi\/tiedonhakijana-yliopistossa\/wp-content\/uploads\/sites\/186\/2022\/08\/Kaikki-1024x789.png\" \/>\n<meta name=\"twitter:card\" content=\"summary_large_image\" \/>\n<meta name=\"twitter:label1\" content=\"Arvioitu lukuaika\" \/>\n\t<meta name=\"twitter:data1\" content=\"7 minuuttia\" \/>\n<script type=\"application\/ld+json\" class=\"yoast-schema-graph\">{\"@context\":\"https:\\\/\\\/schema.org\",\"@graph\":[{\"@type\":\"WebPage\",\"@id\":\"https:\\\/\\\/blogs.uef.fi\\\/tiedonhakijana-yliopistossa\\\/\",\"url\":\"https:\\\/\\\/blogs.uef.fi\\\/tiedonhakijana-yliopistossa\\\/\",\"name\":\"Tiedonhakijana yliopistossa - Tiedonhakijana yliopistossa\",\"isPartOf\":{\"@id\":\"https:\\\/\\\/blogs.uef.fi\\\/tiedonhakijana-yliopistossa\\\/#website\"},\"primaryImageOfPage\":{\"@id\":\"https:\\\/\\\/blogs.uef.fi\\\/tiedonhakijana-yliopistossa\\\/#primaryimage\"},\"image\":{\"@id\":\"https:\\\/\\\/blogs.uef.fi\\\/tiedonhakijana-yliopistossa\\\/#primaryimage\"},\"thumbnailUrl\":\"https:\\\/\\\/blogs.uef.fi\\\/tiedonhakijana-yliopistossa\\\/wp-content\\\/uploads\\\/sites\\\/186\\\/2022\\\/08\\\/Kaikki-1024x789.png\",\"datePublished\":\"2022-08-30T07:02:18+00:00\",\"dateModified\":\"2024-03-01T10:33:54+00:00\",\"breadcrumb\":{\"@id\":\"https:\\\/\\\/blogs.uef.fi\\\/tiedonhakijana-yliopistossa\\\/#breadcrumb\"},\"inLanguage\":\"fi\",\"potentialAction\":[{\"@type\":\"ReadAction\",\"target\":[\"https:\\\/\\\/blogs.uef.fi\\\/tiedonhakijana-yliopistossa\\\/\"]}]},{\"@type\":\"ImageObject\",\"inLanguage\":\"fi\",\"@id\":\"https:\\\/\\\/blogs.uef.fi\\\/tiedonhakijana-yliopistossa\\\/#primaryimage\",\"url\":\"https:\\\/\\\/blogs.uef.fi\\\/tiedonhakijana-yliopistossa\\\/wp-content\\\/uploads\\\/sites\\\/186\\\/2022\\\/08\\\/Kaikki.png\",\"contentUrl\":\"https:\\\/\\\/blogs.uef.fi\\\/tiedonhakijana-yliopistossa\\\/wp-content\\\/uploads\\\/sites\\\/186\\\/2022\\\/08\\\/Kaikki.png\",\"width\":2683,\"height\":2068},{\"@type\":\"BreadcrumbList\",\"@id\":\"https:\\\/\\\/blogs.uef.fi\\\/tiedonhakijana-yliopistossa\\\/#breadcrumb\",\"itemListElement\":[{\"@type\":\"ListItem\",\"position\":1,\"name\":\"Home\",\"item\":\"https:\\\/\\\/blogs.uef.fi\\\/tiedonhakijana-yliopistossa\\\/\"},{\"@type\":\"ListItem\",\"position\":2,\"name\":\"Tiedonhakijana yliopistossa\"}]},{\"@type\":\"WebSite\",\"@id\":\"https:\\\/\\\/blogs.uef.fi\\\/tiedonhakijana-yliopistossa\\\/#website\",\"url\":\"https:\\\/\\\/blogs.uef.fi\\\/tiedonhakijana-yliopistossa\\\/\",\"name\":\"Tiedonhakijana yliopistossa\",\"description\":\"\",\"publisher\":{\"@id\":\"https:\\\/\\\/blogs.uef.fi\\\/tiedonhakijana-yliopistossa\\\/#organization\"},\"potentialAction\":[{\"@type\":\"SearchAction\",\"target\":{\"@type\":\"EntryPoint\",\"urlTemplate\":\"https:\\\/\\\/blogs.uef.fi\\\/tiedonhakijana-yliopistossa\\\/?s={search_term_string}\"},\"query-input\":{\"@type\":\"PropertyValueSpecification\",\"valueRequired\":true,\"valueName\":\"search_term_string\"}}],\"inLanguage\":\"fi\"},{\"@type\":\"Organization\",\"@id\":\"https:\\\/\\\/blogs.uef.fi\\\/tiedonhakijana-yliopistossa\\\/#organization\",\"name\":\"Tiedonhakijana yliopistossa\",\"url\":\"https:\\\/\\\/blogs.uef.fi\\\/tiedonhakijana-yliopistossa\\\/\",\"logo\":{\"@type\":\"ImageObject\",\"inLanguage\":\"fi\",\"@id\":\"https:\\\/\\\/blogs.uef.fi\\\/tiedonhakijana-yliopistossa\\\/#\\\/schema\\\/logo\\\/image\\\/\",\"url\":\"https:\\\/\\\/blogs.uef.fi\\\/tiedonhakijana-yliopistossa\\\/wp-content\\\/uploads\\\/sites\\\/186\\\/2022\\\/08\\\/cropped-UEF_wordpress_white.png\",\"contentUrl\":\"https:\\\/\\\/blogs.uef.fi\\\/tiedonhakijana-yliopistossa\\\/wp-content\\\/uploads\\\/sites\\\/186\\\/2022\\\/08\\\/cropped-UEF_wordpress_white.png\",\"width\":250,\"height\":250,\"caption\":\"Tiedonhakijana yliopistossa\"},\"image\":{\"@id\":\"https:\\\/\\\/blogs.uef.fi\\\/tiedonhakijana-yliopistossa\\\/#\\\/schema\\\/logo\\\/image\\\/\"}}]}<\/script>\n<!-- \/ Yoast SEO plugin. -->","yoast_head_json":{"title":"Tiedonhakijana yliopistossa - Tiedonhakijana yliopistossa","robots":{"index":"index","follow":"follow","max-snippet":"max-snippet:-1","max-image-preview":"max-image-preview:large","max-video-preview":"max-video-preview:-1"},"canonical":"https:\/\/blogs.uef.fi\/tiedonhakijana-yliopistossa\/","og_locale":"fi_FI","og_type":"article","og_title":"Tiedonhakijana yliopistossa - Tiedonhakijana yliopistossa","og_description":"Yliopistoon kuuluu olennaisena osana kirjasto. Se toimii samoin periaattein kuin muutkin kirjastot, mutta sen tarjoamat aineistot ovat osittain erilasia kuin yleisiss\u00e4 kirjastoissa: yliopistokirjaston idea on tarjota k\u00e4ytt\u00e4jille tieteellist\u00e4 tietoa. Yliopiston kirjasto on avoin kaikille. Erityiseksi kirjaston tekee sen tarjoamat aineistot: painotus on tieteellisess\u00e4 kirjallisuudessa ja aineistot ovat usein englanninkielisi\u00e4 ja k\u00e4ytett\u00e4viss\u00e4 verkon v\u00e4lityksell\u00e4. T\u00e4ll\u00e4 sivulla [&hellip;]","og_url":"https:\/\/blogs.uef.fi\/tiedonhakijana-yliopistossa\/","og_site_name":"Tiedonhakijana yliopistossa","article_modified_time":"2024-03-01T10:33:54+00:00","og_image":[{"url":"https:\/\/blogs.uef.fi\/tiedonhakijana-yliopistossa\/wp-content\/uploads\/sites\/186\/2022\/08\/Kaikki-1024x789.png","type":"","width":"","height":""}],"twitter_card":"summary_large_image","twitter_misc":{"Arvioitu lukuaika":"7 minuuttia"},"schema":{"@context":"https:\/\/schema.org","@graph":[{"@type":"WebPage","@id":"https:\/\/blogs.uef.fi\/tiedonhakijana-yliopistossa\/","url":"https:\/\/blogs.uef.fi\/tiedonhakijana-yliopistossa\/","name":"Tiedonhakijana yliopistossa - Tiedonhakijana yliopistossa","isPartOf":{"@id":"https:\/\/blogs.uef.fi\/tiedonhakijana-yliopistossa\/#website"},"primaryImageOfPage":{"@id":"https:\/\/blogs.uef.fi\/tiedonhakijana-yliopistossa\/#primaryimage"},"image":{"@id":"https:\/\/blogs.uef.fi\/tiedonhakijana-yliopistossa\/#primaryimage"},"thumbnailUrl":"https:\/\/blogs.uef.fi\/tiedonhakijana-yliopistossa\/wp-content\/uploads\/sites\/186\/2022\/08\/Kaikki-1024x789.png","datePublished":"2022-08-30T07:02:18+00:00","dateModified":"2024-03-01T10:33:54+00:00","breadcrumb":{"@id":"https:\/\/blogs.uef.fi\/tiedonhakijana-yliopistossa\/#breadcrumb"},"inLanguage":"fi","potentialAction":[{"@type":"ReadAction","target":["https:\/\/blogs.uef.fi\/tiedonhakijana-yliopistossa\/"]}]},{"@type":"ImageObject","inLanguage":"fi","@id":"https:\/\/blogs.uef.fi\/tiedonhakijana-yliopistossa\/#primaryimage","url":"https:\/\/blogs.uef.fi\/tiedonhakijana-yliopistossa\/wp-content\/uploads\/sites\/186\/2022\/08\/Kaikki.png","contentUrl":"https:\/\/blogs.uef.fi\/tiedonhakijana-yliopistossa\/wp-content\/uploads\/sites\/186\/2022\/08\/Kaikki.png","width":2683,"height":2068},{"@type":"BreadcrumbList","@id":"https:\/\/blogs.uef.fi\/tiedonhakijana-yliopistossa\/#breadcrumb","itemListElement":[{"@type":"ListItem","position":1,"name":"Home","item":"https:\/\/blogs.uef.fi\/tiedonhakijana-yliopistossa\/"},{"@type":"ListItem","position":2,"name":"Tiedonhakijana yliopistossa"}]},{"@type":"WebSite","@id":"https:\/\/blogs.uef.fi\/tiedonhakijana-yliopistossa\/#website","url":"https:\/\/blogs.uef.fi\/tiedonhakijana-yliopistossa\/","name":"Tiedonhakijana yliopistossa","description":"","publisher":{"@id":"https:\/\/blogs.uef.fi\/tiedonhakijana-yliopistossa\/#organization"},"potentialAction":[{"@type":"SearchAction","target":{"@type":"EntryPoint","urlTemplate":"https:\/\/blogs.uef.fi\/tiedonhakijana-yliopistossa\/?s={search_term_string}"},"query-input":{"@type":"PropertyValueSpecification","valueRequired":true,"valueName":"search_term_string"}}],"inLanguage":"fi"},{"@type":"Organization","@id":"https:\/\/blogs.uef.fi\/tiedonhakijana-yliopistossa\/#organization","name":"Tiedonhakijana yliopistossa","url":"https:\/\/blogs.uef.fi\/tiedonhakijana-yliopistossa\/","logo":{"@type":"ImageObject","inLanguage":"fi","@id":"https:\/\/blogs.uef.fi\/tiedonhakijana-yliopistossa\/#\/schema\/logo\/image\/","url":"https:\/\/blogs.uef.fi\/tiedonhakijana-yliopistossa\/wp-content\/uploads\/sites\/186\/2022\/08\/cropped-UEF_wordpress_white.png","contentUrl":"https:\/\/blogs.uef.fi\/tiedonhakijana-yliopistossa\/wp-content\/uploads\/sites\/186\/2022\/08\/cropped-UEF_wordpress_white.png","width":250,"height":250,"caption":"Tiedonhakijana yliopistossa"},"image":{"@id":"https:\/\/blogs.uef.fi\/tiedonhakijana-yliopistossa\/#\/schema\/logo\/image\/"}}]}},"_links":{"self":[{"href":"https:\/\/blogs.uef.fi\/tiedonhakijana-yliopistossa\/wp-json\/wp\/v2\/pages\/18","targetHints":{"allow":["GET"]}}],"collection":[{"href":"https:\/\/blogs.uef.fi\/tiedonhakijana-yliopistossa\/wp-json\/wp\/v2\/pages"}],"about":[{"href":"https:\/\/blogs.uef.fi\/tiedonhakijana-yliopistossa\/wp-json\/wp\/v2\/types\/page"}],"author":[{"embeddable":true,"href":"https:\/\/blogs.uef.fi\/tiedonhakijana-yliopistossa\/wp-json\/wp\/v2\/users\/1"}],"replies":[{"embeddable":true,"href":"https:\/\/blogs.uef.fi\/tiedonhakijana-yliopistossa\/wp-json\/wp\/v2\/comments?post=18"}],"version-history":[{"count":1,"href":"https:\/\/blogs.uef.fi\/tiedonhakijana-yliopistossa\/wp-json\/wp\/v2\/pages\/18\/revisions"}],"predecessor-version":[{"id":288,"href":"https:\/\/blogs.uef.fi\/tiedonhakijana-yliopistossa\/wp-json\/wp\/v2\/pages\/18\/revisions\/288"}],"wp:attachment":[{"href":"https:\/\/blogs.uef.fi\/tiedonhakijana-yliopistossa\/wp-json\/wp\/v2\/media?parent=18"}],"curies":[{"name":"wp","href":"https:\/\/api.w.org\/{rel}","templated":true}]}}