{"id":468,"date":"2025-01-27T14:38:32","date_gmt":"2025-01-27T12:38:32","guid":{"rendered":"https:\/\/blogs.uef.fi\/suhteellista\/?page_id=468"},"modified":"2025-01-27T14:38:33","modified_gmt":"2025-01-27T12:38:33","slug":"kirjoittajaksi-blogiin","status":"publish","type":"page","link":"https:\/\/blogs.uef.fi\/suhteellista\/kirjoittajaksi-blogiin\/","title":{"rendered":"Kirjoittajaksi blogiin?"},"content":{"rendered":"\n<p><strong>Blogitekstien tyylilaji on yleistajuinen miniessee<\/strong>, eli tekstit k\u00e4sittelev\u00e4t eri aiheita sosiaalipsykologisista n\u00e4k\u00f6kulmista. <\/p>\n\n\n\n<p>Blogitekstien ohjeellinen <strong>pituus<\/strong> on 300\u2013800 sanaa.<\/p>\n\n\n\n<p>Jos k\u00e4yt\u00e4t tekstiss\u00e4si <strong>l\u00e4hteit\u00e4<\/strong>, lis\u00e4\u00e4 l\u00e4hdeluettelo tekstin loppuun. L\u00e4hteit\u00e4 ei merkit\u00e4 tekstin sekaan. Voit ottaa mallia l\u00e4hdeluettelon muotoiluun blogin aiemmista teksteist\u00e4. Jos viittaat muihin nettisivuihin, <strong>linkit<\/strong> voi lis\u00e4t\u00e4 tekstin sekaan hyperlinkkein\u00e4.<\/p>\n\n\n\n<p>Blogitekstin <strong>otsikko<\/strong> voi mielell\u00e4\u00e4n olla lausemuodossa (kuten \u201dTaidel\u00e4ht\u00f6inen tutkimus tuo esiin nuorten kokemuksia monikulttuurisuudesta\u201d), mutta voit ehdottaa my\u00f6s toisenlaista tekstiisi sopivaa otsikkoa. <strong>V\u00e4liotsikot<\/strong> eiv\u00e4t ole v\u00e4ltt\u00e4m\u00e4tt\u00f6mi\u00e4, mutta niiden k\u00e4ytt\u00f6 j\u00e4sent\u00e4\u00e4 teksti\u00e4 ja tekee siit\u00e4 helpommin luettavan.<\/p>\n\n\n\n<p>Tekstin loppuun lis\u00e4t\u00e4\u00e4n <strong>2\u20135 asiasanaa<\/strong>, jotka kuvaavat kirjoitettua teksti\u00e4. Asiasanat kertyv\u00e4t blogin etusivulle, ja kutakin asiasanaa klikkaamalla avautuvat n\u00e4kyviin kaikki blogitekstit, joissa on k\u00e4ytetty samaa asiasanaa. Valitse etusivun asiasanoista teksti\u00e4si kuvaavia asiasanoja, ja jos sielt\u00e4 ei l\u00f6ydy sopivia, muotoile asiasanat itse.<\/p>\n\n\n\n<p>Blogitekstiin lis\u00e4t\u00e4\u00e4n <strong>kansikuva<\/strong>, ja se suositellaan valittavaksi esimerkiksi kuvapankista <a href=\"https:\/\/kuviasuomesta.fi\/\">https:\/\/kuviasuomesta.fi\/<\/a> tai <a href=\"https:\/\/www.mostphotos.com\/\">https:\/\/www.mostphotos.com\/<\/a> (rajaa kuvahaun tulokset kuviin, joiden status on \u201dcommercial use\u201d). Jos tarvitset apua kuvan valitsemiseen, Sara ja Elina voivat auttaa (ks. yhteystiedot alla).<\/p>\n\n\n\n<p>Kun kirjoituksesi on valmis, <strong>l\u00e4het\u00e4 teksti Word-tiedostona<\/strong> (.doc, .docx) Sara Liinamolle (sara.liinamo \u00e4t uef.fi) ja Elina Turjanmaalle (elina.turjanmaa \u00e4t uef.fi). Samalla kerro kuvavalintasi. Sara ja Elina oikolukevat tekstin ja tekev\u00e4t tarvittaessa muokkausehdotuksia ennen tekstin julkaisua.<\/p>\n\n\n\n<p><\/p>\n","protected":false},"excerpt":{"rendered":"<p>Blogitekstien tyylilaji on yleistajuinen miniessee, eli tekstit k\u00e4sittelev\u00e4t eri aiheita sosiaalipsykologisista n\u00e4k\u00f6kulmista. Blogitekstien ohjeellinen pituus on 300\u2013800 sanaa. Jos k\u00e4yt\u00e4t tekstiss\u00e4si l\u00e4hteit\u00e4, lis\u00e4\u00e4 l\u00e4hdeluettelo tekstin loppuun. L\u00e4hteit\u00e4 ei merkit\u00e4 tekstin sekaan. Voit ottaa mallia l\u00e4hdeluettelon muotoiluun blogin aiemmista teksteist\u00e4. Jos viittaat muihin nettisivuihin, linkit voi lis\u00e4t\u00e4 tekstin sekaan hyperlinkkein\u00e4. Blogitekstin otsikko voi mielell\u00e4\u00e4n olla lausemuodossa [&hellip;]<\/p>\n","protected":false},"author":714,"featured_media":0,"parent":0,"menu_order":0,"comment_status":"closed","ping_status":"closed","template":"","meta":{"_acf_changed":false,"footnotes":""},"class_list":["post-468","page","type-page","status-publish","hentry"],"acf":[],"yoast_head":"<!-- This site is optimized with the Yoast SEO plugin v27.1.1 - https:\/\/yoast.com\/product\/yoast-seo-wordpress\/ -->\n<title>Kirjoittajaksi blogiin? - Suhteellista<\/title>\n<meta name=\"robots\" content=\"index, follow, max-snippet:-1, max-image-preview:large, max-video-preview:-1\" \/>\n<link rel=\"canonical\" href=\"https:\/\/blogs.uef.fi\/suhteellista\/kirjoittajaksi-blogiin\/\" \/>\n<meta property=\"og:locale\" content=\"fi_FI\" \/>\n<meta property=\"og:type\" content=\"article\" \/>\n<meta property=\"og:title\" content=\"Kirjoittajaksi blogiin? - Suhteellista\" \/>\n<meta property=\"og:description\" content=\"Blogitekstien tyylilaji on yleistajuinen miniessee, eli tekstit k\u00e4sittelev\u00e4t eri aiheita sosiaalipsykologisista n\u00e4k\u00f6kulmista. Blogitekstien ohjeellinen pituus on 300\u2013800 sanaa. Jos k\u00e4yt\u00e4t tekstiss\u00e4si l\u00e4hteit\u00e4, lis\u00e4\u00e4 l\u00e4hdeluettelo tekstin loppuun. L\u00e4hteit\u00e4 ei merkit\u00e4 tekstin sekaan. Voit ottaa mallia l\u00e4hdeluettelon muotoiluun blogin aiemmista teksteist\u00e4. Jos viittaat muihin nettisivuihin, linkit voi lis\u00e4t\u00e4 tekstin sekaan hyperlinkkein\u00e4. Blogitekstin otsikko voi mielell\u00e4\u00e4n olla lausemuodossa [&hellip;]\" \/>\n<meta property=\"og:url\" content=\"https:\/\/blogs.uef.fi\/suhteellista\/kirjoittajaksi-blogiin\/\" \/>\n<meta property=\"og:site_name\" content=\"Suhteellista\" \/>\n<meta property=\"article:modified_time\" content=\"2025-01-27T12:38:33+00:00\" \/>\n<meta name=\"twitter:card\" content=\"summary_large_image\" \/>\n<meta name=\"twitter:label1\" content=\"Arvioitu lukuaika\" \/>\n\t<meta name=\"twitter:data1\" content=\"2 minuuttia\" \/>\n<script type=\"application\/ld+json\" class=\"yoast-schema-graph\">{\"@context\":\"https:\/\/schema.org\",\"@graph\":[{\"@type\":\"WebPage\",\"@id\":\"https:\/\/blogs.uef.fi\/suhteellista\/kirjoittajaksi-blogiin\/\",\"url\":\"https:\/\/blogs.uef.fi\/suhteellista\/kirjoittajaksi-blogiin\/\",\"name\":\"Kirjoittajaksi blogiin? - Suhteellista\",\"isPartOf\":{\"@id\":\"https:\/\/blogs.uef.fi\/suhteellista\/#website\"},\"datePublished\":\"2025-01-27T12:38:32+00:00\",\"dateModified\":\"2025-01-27T12:38:33+00:00\",\"breadcrumb\":{\"@id\":\"https:\/\/blogs.uef.fi\/suhteellista\/kirjoittajaksi-blogiin\/#breadcrumb\"},\"inLanguage\":\"fi\",\"potentialAction\":[{\"@type\":\"ReadAction\",\"target\":[\"https:\/\/blogs.uef.fi\/suhteellista\/kirjoittajaksi-blogiin\/\"]}]},{\"@type\":\"BreadcrumbList\",\"@id\":\"https:\/\/blogs.uef.fi\/suhteellista\/kirjoittajaksi-blogiin\/#breadcrumb\",\"itemListElement\":[{\"@type\":\"ListItem\",\"position\":1,\"name\":\"Home\",\"item\":\"https:\/\/blogs.uef.fi\/suhteellista\/\"},{\"@type\":\"ListItem\",\"position\":2,\"name\":\"Kirjoittajaksi blogiin?\"}]},{\"@type\":\"WebSite\",\"@id\":\"https:\/\/blogs.uef.fi\/suhteellista\/#website\",\"url\":\"https:\/\/blogs.uef.fi\/suhteellista\/\",\"name\":\"Suhteellista\",\"description\":\"\",\"potentialAction\":[{\"@type\":\"SearchAction\",\"target\":{\"@type\":\"EntryPoint\",\"urlTemplate\":\"https:\/\/blogs.uef.fi\/suhteellista\/?s={search_term_string}\"},\"query-input\":{\"@type\":\"PropertyValueSpecification\",\"valueRequired\":true,\"valueName\":\"search_term_string\"}}],\"inLanguage\":\"fi\"}]}<\/script>\n<!-- \/ Yoast SEO plugin. -->","yoast_head_json":{"title":"Kirjoittajaksi blogiin? - Suhteellista","robots":{"index":"index","follow":"follow","max-snippet":"max-snippet:-1","max-image-preview":"max-image-preview:large","max-video-preview":"max-video-preview:-1"},"canonical":"https:\/\/blogs.uef.fi\/suhteellista\/kirjoittajaksi-blogiin\/","og_locale":"fi_FI","og_type":"article","og_title":"Kirjoittajaksi blogiin? - Suhteellista","og_description":"Blogitekstien tyylilaji on yleistajuinen miniessee, eli tekstit k\u00e4sittelev\u00e4t eri aiheita sosiaalipsykologisista n\u00e4k\u00f6kulmista. Blogitekstien ohjeellinen pituus on 300\u2013800 sanaa. Jos k\u00e4yt\u00e4t tekstiss\u00e4si l\u00e4hteit\u00e4, lis\u00e4\u00e4 l\u00e4hdeluettelo tekstin loppuun. L\u00e4hteit\u00e4 ei merkit\u00e4 tekstin sekaan. Voit ottaa mallia l\u00e4hdeluettelon muotoiluun blogin aiemmista teksteist\u00e4. Jos viittaat muihin nettisivuihin, linkit voi lis\u00e4t\u00e4 tekstin sekaan hyperlinkkein\u00e4. Blogitekstin otsikko voi mielell\u00e4\u00e4n olla lausemuodossa [&hellip;]","og_url":"https:\/\/blogs.uef.fi\/suhteellista\/kirjoittajaksi-blogiin\/","og_site_name":"Suhteellista","article_modified_time":"2025-01-27T12:38:33+00:00","twitter_card":"summary_large_image","twitter_misc":{"Arvioitu lukuaika":"2 minuuttia"},"schema":{"@context":"https:\/\/schema.org","@graph":[{"@type":"WebPage","@id":"https:\/\/blogs.uef.fi\/suhteellista\/kirjoittajaksi-blogiin\/","url":"https:\/\/blogs.uef.fi\/suhteellista\/kirjoittajaksi-blogiin\/","name":"Kirjoittajaksi blogiin? - Suhteellista","isPartOf":{"@id":"https:\/\/blogs.uef.fi\/suhteellista\/#website"},"datePublished":"2025-01-27T12:38:32+00:00","dateModified":"2025-01-27T12:38:33+00:00","breadcrumb":{"@id":"https:\/\/blogs.uef.fi\/suhteellista\/kirjoittajaksi-blogiin\/#breadcrumb"},"inLanguage":"fi","potentialAction":[{"@type":"ReadAction","target":["https:\/\/blogs.uef.fi\/suhteellista\/kirjoittajaksi-blogiin\/"]}]},{"@type":"BreadcrumbList","@id":"https:\/\/blogs.uef.fi\/suhteellista\/kirjoittajaksi-blogiin\/#breadcrumb","itemListElement":[{"@type":"ListItem","position":1,"name":"Home","item":"https:\/\/blogs.uef.fi\/suhteellista\/"},{"@type":"ListItem","position":2,"name":"Kirjoittajaksi blogiin?"}]},{"@type":"WebSite","@id":"https:\/\/blogs.uef.fi\/suhteellista\/#website","url":"https:\/\/blogs.uef.fi\/suhteellista\/","name":"Suhteellista","description":"","potentialAction":[{"@type":"SearchAction","target":{"@type":"EntryPoint","urlTemplate":"https:\/\/blogs.uef.fi\/suhteellista\/?s={search_term_string}"},"query-input":{"@type":"PropertyValueSpecification","valueRequired":true,"valueName":"search_term_string"}}],"inLanguage":"fi"}]}},"_links":{"self":[{"href":"https:\/\/blogs.uef.fi\/suhteellista\/wp-json\/wp\/v2\/pages\/468","targetHints":{"allow":["GET"]}}],"collection":[{"href":"https:\/\/blogs.uef.fi\/suhteellista\/wp-json\/wp\/v2\/pages"}],"about":[{"href":"https:\/\/blogs.uef.fi\/suhteellista\/wp-json\/wp\/v2\/types\/page"}],"author":[{"embeddable":true,"href":"https:\/\/blogs.uef.fi\/suhteellista\/wp-json\/wp\/v2\/users\/714"}],"replies":[{"embeddable":true,"href":"https:\/\/blogs.uef.fi\/suhteellista\/wp-json\/wp\/v2\/comments?post=468"}],"version-history":[{"count":1,"href":"https:\/\/blogs.uef.fi\/suhteellista\/wp-json\/wp\/v2\/pages\/468\/revisions"}],"predecessor-version":[{"id":470,"href":"https:\/\/blogs.uef.fi\/suhteellista\/wp-json\/wp\/v2\/pages\/468\/revisions\/470"}],"wp:attachment":[{"href":"https:\/\/blogs.uef.fi\/suhteellista\/wp-json\/wp\/v2\/media?parent=468"}],"curies":[{"name":"wp","href":"https:\/\/api.w.org\/{rel}","templated":true}]}}