{"id":451,"date":"2025-01-16T13:28:35","date_gmt":"2025-01-16T11:28:35","guid":{"rendered":"https:\/\/blogs.uef.fi\/suhteellista\/?page_id=451"},"modified":"2025-11-27T12:06:25","modified_gmt":"2025-11-27T10:06:25","slug":"tutustu-tutkimukseemme","status":"publish","type":"page","link":"https:\/\/blogs.uef.fi\/suhteellista\/tutustu-tutkimukseemme\/","title":{"rendered":"Tutustu tutkimukseemme"},"content":{"rendered":"\n<p>It\u00e4-Suomen yliopiston sosiaalipsykologian oppiaineessa tutkitaan muun muassa yksil\u00f6n ja yhteis\u00f6n v\u00e4list\u00e4 suhdetta, hyvinvoinnin edist\u00e4mist\u00e4, sosiaalista vuorovaikutusta, ryhm\u00e4prosesseja sek\u00e4 sosiaalisten merkitysten ja mielikuvien rakentumista arjessa. Tutkimuksessamme yksil\u00f6n kokemus yhdistet\u00e4\u00e4n laajempiin sosiaalisiin ja yhteiskunnallisiin prosesseihin. Hy\u00f6dynn\u00e4mme tutkimuksissa laadullisia ja m\u00e4\u00e4r\u00e4llisi\u00e4 menetelmi\u00e4.<\/p>\n\n\n\n<p>Tutkimuksessamme painottuvat seuraavat toisiinsa kietoutuvat teemat: <\/p>\n\n\n\n<p>el\u00e4m\u00e4nkulun sosiaalipsykologia, hyvinvoinnin sosiaalipsykologia, ryhmien v\u00e4listen suhteiden sosiaalipsykologia, ty\u00f6el\u00e4m\u00e4n sosiaalipsykologia, visuaalinen sosiaalipsykologia ja ymp\u00e4rist\u00f6sosiaalipsykologia.  <\/p>\n\n\n\n<p>Lue tutkijoistamme ja tutkimuksistamme lis\u00e4\u00e4 <a href=\"https:\/\/uefconnect.uef.fi\/sosiaalipsykologian-tutkimus-ja-opetusryhma\/\">t\u00e4\u00e4lt\u00e4<\/a>.<\/p>\n\n\n\n<p><\/p>\n\n\n\n<p><\/p>\n","protected":false},"excerpt":{"rendered":"<p>It\u00e4-Suomen yliopiston sosiaalipsykologian oppiaineessa tutkitaan muun muassa yksil\u00f6n ja yhteis\u00f6n v\u00e4list\u00e4 suhdetta, hyvinvoinnin edist\u00e4mist\u00e4, sosiaalista vuorovaikutusta, ryhm\u00e4prosesseja sek\u00e4 sosiaalisten merkitysten ja mielikuvien rakentumista arjessa. Tutkimuksessamme yksil\u00f6n kokemus yhdistet\u00e4\u00e4n laajempiin sosiaalisiin ja yhteiskunnallisiin prosesseihin. Hy\u00f6dynn\u00e4mme tutkimuksissa laadullisia ja m\u00e4\u00e4r\u00e4llisi\u00e4 menetelmi\u00e4. Tutkimuksessamme painottuvat seuraavat toisiinsa kietoutuvat teemat: el\u00e4m\u00e4nkulun sosiaalipsykologia, hyvinvoinnin sosiaalipsykologia, ryhmien v\u00e4listen suhteiden sosiaalipsykologia, ty\u00f6el\u00e4m\u00e4n sosiaalipsykologia, [&hellip;]<\/p>\n","protected":false},"author":714,"featured_media":0,"parent":0,"menu_order":0,"comment_status":"closed","ping_status":"closed","template":"","meta":{"_acf_changed":false,"footnotes":""},"class_list":["post-451","page","type-page","status-publish","hentry"],"acf":[],"yoast_head":"<!-- This site is optimized with the Yoast SEO plugin v27.3 - https:\/\/yoast.com\/product\/yoast-seo-wordpress\/ -->\n<title>Tutustu tutkimukseemme - Suhteellista<\/title>\n<meta name=\"robots\" content=\"index, follow, max-snippet:-1, max-image-preview:large, max-video-preview:-1\" \/>\n<link rel=\"canonical\" href=\"https:\/\/blogs.uef.fi\/suhteellista\/tutustu-tutkimukseemme\/\" \/>\n<meta property=\"og:locale\" content=\"fi_FI\" \/>\n<meta property=\"og:type\" content=\"article\" \/>\n<meta property=\"og:title\" content=\"Tutustu tutkimukseemme - Suhteellista\" \/>\n<meta property=\"og:description\" content=\"It\u00e4-Suomen yliopiston sosiaalipsykologian oppiaineessa tutkitaan muun muassa yksil\u00f6n ja yhteis\u00f6n v\u00e4list\u00e4 suhdetta, hyvinvoinnin edist\u00e4mist\u00e4, sosiaalista vuorovaikutusta, ryhm\u00e4prosesseja sek\u00e4 sosiaalisten merkitysten ja mielikuvien rakentumista arjessa. Tutkimuksessamme yksil\u00f6n kokemus yhdistet\u00e4\u00e4n laajempiin sosiaalisiin ja yhteiskunnallisiin prosesseihin. Hy\u00f6dynn\u00e4mme tutkimuksissa laadullisia ja m\u00e4\u00e4r\u00e4llisi\u00e4 menetelmi\u00e4. Tutkimuksessamme painottuvat seuraavat toisiinsa kietoutuvat teemat: el\u00e4m\u00e4nkulun sosiaalipsykologia, hyvinvoinnin sosiaalipsykologia, ryhmien v\u00e4listen suhteiden sosiaalipsykologia, ty\u00f6el\u00e4m\u00e4n sosiaalipsykologia, [&hellip;]\" \/>\n<meta property=\"og:url\" content=\"https:\/\/blogs.uef.fi\/suhteellista\/tutustu-tutkimukseemme\/\" \/>\n<meta property=\"og:site_name\" content=\"Suhteellista\" \/>\n<meta property=\"article:modified_time\" content=\"2025-11-27T10:06:25+00:00\" \/>\n<meta name=\"twitter:card\" content=\"summary_large_image\" \/>\n<meta name=\"twitter:label1\" content=\"Arvioitu lukuaika\" \/>\n\t<meta name=\"twitter:data1\" content=\"1 minuutti\" \/>\n<script type=\"application\/ld+json\" class=\"yoast-schema-graph\">{\"@context\":\"https:\\\/\\\/schema.org\",\"@graph\":[{\"@type\":\"WebPage\",\"@id\":\"https:\\\/\\\/blogs.uef.fi\\\/suhteellista\\\/tutustu-tutkimukseemme\\\/\",\"url\":\"https:\\\/\\\/blogs.uef.fi\\\/suhteellista\\\/tutustu-tutkimukseemme\\\/\",\"name\":\"Tutustu tutkimukseemme - Suhteellista\",\"isPartOf\":{\"@id\":\"https:\\\/\\\/blogs.uef.fi\\\/suhteellista\\\/#website\"},\"datePublished\":\"2025-01-16T11:28:35+00:00\",\"dateModified\":\"2025-11-27T10:06:25+00:00\",\"breadcrumb\":{\"@id\":\"https:\\\/\\\/blogs.uef.fi\\\/suhteellista\\\/tutustu-tutkimukseemme\\\/#breadcrumb\"},\"inLanguage\":\"fi\",\"potentialAction\":[{\"@type\":\"ReadAction\",\"target\":[\"https:\\\/\\\/blogs.uef.fi\\\/suhteellista\\\/tutustu-tutkimukseemme\\\/\"]}]},{\"@type\":\"BreadcrumbList\",\"@id\":\"https:\\\/\\\/blogs.uef.fi\\\/suhteellista\\\/tutustu-tutkimukseemme\\\/#breadcrumb\",\"itemListElement\":[{\"@type\":\"ListItem\",\"position\":1,\"name\":\"Home\",\"item\":\"https:\\\/\\\/blogs.uef.fi\\\/suhteellista\\\/\"},{\"@type\":\"ListItem\",\"position\":2,\"name\":\"Tutustu tutkimukseemme\"}]},{\"@type\":\"WebSite\",\"@id\":\"https:\\\/\\\/blogs.uef.fi\\\/suhteellista\\\/#website\",\"url\":\"https:\\\/\\\/blogs.uef.fi\\\/suhteellista\\\/\",\"name\":\"Suhteellista\",\"description\":\"\",\"potentialAction\":[{\"@type\":\"SearchAction\",\"target\":{\"@type\":\"EntryPoint\",\"urlTemplate\":\"https:\\\/\\\/blogs.uef.fi\\\/suhteellista\\\/?s={search_term_string}\"},\"query-input\":{\"@type\":\"PropertyValueSpecification\",\"valueRequired\":true,\"valueName\":\"search_term_string\"}}],\"inLanguage\":\"fi\"}]}<\/script>\n<!-- \/ Yoast SEO plugin. -->","yoast_head_json":{"title":"Tutustu tutkimukseemme - Suhteellista","robots":{"index":"index","follow":"follow","max-snippet":"max-snippet:-1","max-image-preview":"max-image-preview:large","max-video-preview":"max-video-preview:-1"},"canonical":"https:\/\/blogs.uef.fi\/suhteellista\/tutustu-tutkimukseemme\/","og_locale":"fi_FI","og_type":"article","og_title":"Tutustu tutkimukseemme - Suhteellista","og_description":"It\u00e4-Suomen yliopiston sosiaalipsykologian oppiaineessa tutkitaan muun muassa yksil\u00f6n ja yhteis\u00f6n v\u00e4list\u00e4 suhdetta, hyvinvoinnin edist\u00e4mist\u00e4, sosiaalista vuorovaikutusta, ryhm\u00e4prosesseja sek\u00e4 sosiaalisten merkitysten ja mielikuvien rakentumista arjessa. Tutkimuksessamme yksil\u00f6n kokemus yhdistet\u00e4\u00e4n laajempiin sosiaalisiin ja yhteiskunnallisiin prosesseihin. Hy\u00f6dynn\u00e4mme tutkimuksissa laadullisia ja m\u00e4\u00e4r\u00e4llisi\u00e4 menetelmi\u00e4. Tutkimuksessamme painottuvat seuraavat toisiinsa kietoutuvat teemat: el\u00e4m\u00e4nkulun sosiaalipsykologia, hyvinvoinnin sosiaalipsykologia, ryhmien v\u00e4listen suhteiden sosiaalipsykologia, ty\u00f6el\u00e4m\u00e4n sosiaalipsykologia, [&hellip;]","og_url":"https:\/\/blogs.uef.fi\/suhteellista\/tutustu-tutkimukseemme\/","og_site_name":"Suhteellista","article_modified_time":"2025-11-27T10:06:25+00:00","twitter_card":"summary_large_image","twitter_misc":{"Arvioitu lukuaika":"1 minuutti"},"schema":{"@context":"https:\/\/schema.org","@graph":[{"@type":"WebPage","@id":"https:\/\/blogs.uef.fi\/suhteellista\/tutustu-tutkimukseemme\/","url":"https:\/\/blogs.uef.fi\/suhteellista\/tutustu-tutkimukseemme\/","name":"Tutustu tutkimukseemme - Suhteellista","isPartOf":{"@id":"https:\/\/blogs.uef.fi\/suhteellista\/#website"},"datePublished":"2025-01-16T11:28:35+00:00","dateModified":"2025-11-27T10:06:25+00:00","breadcrumb":{"@id":"https:\/\/blogs.uef.fi\/suhteellista\/tutustu-tutkimukseemme\/#breadcrumb"},"inLanguage":"fi","potentialAction":[{"@type":"ReadAction","target":["https:\/\/blogs.uef.fi\/suhteellista\/tutustu-tutkimukseemme\/"]}]},{"@type":"BreadcrumbList","@id":"https:\/\/blogs.uef.fi\/suhteellista\/tutustu-tutkimukseemme\/#breadcrumb","itemListElement":[{"@type":"ListItem","position":1,"name":"Home","item":"https:\/\/blogs.uef.fi\/suhteellista\/"},{"@type":"ListItem","position":2,"name":"Tutustu tutkimukseemme"}]},{"@type":"WebSite","@id":"https:\/\/blogs.uef.fi\/suhteellista\/#website","url":"https:\/\/blogs.uef.fi\/suhteellista\/","name":"Suhteellista","description":"","potentialAction":[{"@type":"SearchAction","target":{"@type":"EntryPoint","urlTemplate":"https:\/\/blogs.uef.fi\/suhteellista\/?s={search_term_string}"},"query-input":{"@type":"PropertyValueSpecification","valueRequired":true,"valueName":"search_term_string"}}],"inLanguage":"fi"}]}},"_links":{"self":[{"href":"https:\/\/blogs.uef.fi\/suhteellista\/wp-json\/wp\/v2\/pages\/451","targetHints":{"allow":["GET"]}}],"collection":[{"href":"https:\/\/blogs.uef.fi\/suhteellista\/wp-json\/wp\/v2\/pages"}],"about":[{"href":"https:\/\/blogs.uef.fi\/suhteellista\/wp-json\/wp\/v2\/types\/page"}],"author":[{"embeddable":true,"href":"https:\/\/blogs.uef.fi\/suhteellista\/wp-json\/wp\/v2\/users\/714"}],"replies":[{"embeddable":true,"href":"https:\/\/blogs.uef.fi\/suhteellista\/wp-json\/wp\/v2\/comments?post=451"}],"version-history":[{"count":2,"href":"https:\/\/blogs.uef.fi\/suhteellista\/wp-json\/wp\/v2\/pages\/451\/revisions"}],"predecessor-version":[{"id":577,"href":"https:\/\/blogs.uef.fi\/suhteellista\/wp-json\/wp\/v2\/pages\/451\/revisions\/577"}],"wp:attachment":[{"href":"https:\/\/blogs.uef.fi\/suhteellista\/wp-json\/wp\/v2\/media?parent=451"}],"curies":[{"name":"wp","href":"https:\/\/api.w.org\/{rel}","templated":true}]}}