{"id":379,"date":"2024-10-31T13:57:34","date_gmt":"2024-10-31T11:57:34","guid":{"rendered":"https:\/\/blogs.uef.fi\/suhteellista\/?page_id=379"},"modified":"2024-10-31T14:01:57","modified_gmt":"2024-10-31T12:01:57","slug":"hae-meille-opiskelijaksi","status":"publish","type":"page","link":"https:\/\/blogs.uef.fi\/suhteellista\/hae-meille-opiskelijaksi\/","title":{"rendered":"Hae meille opiskelijaksi"},"content":{"rendered":"\n<p>Tiesitk\u00f6, ett\u00e4 It\u00e4-Suomen yliopisto on ainoa yliopisto Suomessa, joka tarjoaa mahdollisuuden suuntautua sosiaalipsykologiaan heti opintojen alusta alkaen?<\/p>\n\n\n\n<p>Kun opiskelet sosiaalipsykologiaa p\u00e4\u00e4aineena, valmistut yhteiskuntatieteiden kandidaatiksi ja maisteriksi. Tutkintojen suorittaminen vastaa yhteens\u00e4 noin viiden vuoden opiskelua.&nbsp;<\/p>\n\n\n\n<p>Sosiaalipsykologian opinnoissa perehdyt siihen, millaiset ryhm\u00e4- ja vuorovaikutussuhteet tukevat hyvinvointia, miten yhteis\u00f6j\u00e4 ja ryhmien v\u00e4lisi\u00e4 suhteita voidaan edist\u00e4\u00e4 sek\u00e4 kehitt\u00e4\u00e4 ja miten sosiaaliset merkitykset muodostuvat arjessa. T\u00e4t\u00e4 tietoa voidaan hy\u00f6dynt\u00e4\u00e4 yhteiskunnallisten ongelmien ratkaisemiseen, yhteis\u00f6jen kehitt\u00e4miseen ja hyvinvoinnin tukemiseen.&nbsp;Opintojen t\u00e4rke\u00e4 tavoite onkin tarjota ty\u00f6kaluja sosiaalisten ja yhteiskunnallisten ongelmien ratkaisuun. Sosiaalipsykologinen asiantuntijuus perustuu vankkaan tieteelliseen osaamiseen ja kykyyn soveltaa sit\u00e4 k\u00e4yt\u00e4nt\u00f6\u00f6n. &nbsp;&nbsp;<\/p>\n\n\n\n<p>Sosiaalipsykologian l\u00e4hiopiskelu tapahtuu Kuopion kampuksella, jossa sosiaalipsykologian oppiaine toimii aktiivisesti ja yhteis\u00f6llisesti.<\/p>\n\n\n\n<p>Lis\u00e4tietoa sosiaalipsykologian opiskelusta It\u00e4-Suomen yliopistossa l\u00f6yd\u00e4t <a href=\"https:\/\/www.uef.fi\/fi\/koulutus\/sosiaalipsykologia\">t\u00e4\u00e4lt\u00e4<\/a>. Koulutukseen hakeutuminen tapahtuu Opintopolku-sivun kautta, josta l\u00f6yd\u00e4t tarkemmat ohjeet ja aikataulut niin <a href=\"https:\/\/opintopolku.fi\/konfo\/fi\/koulutus\/1.2.246.562.13.00000000000000009587\">kandidaatintutkintoon<\/a> kuin <a href=\"https:\/\/opintopolku.fi\/konfo\/fi\/koulutus\/1.2.246.562.13.00000000000000001469\">maisterintutkintoon<\/a> hakeutumisesta.<\/p>\n\n\n\n<p><\/p>\n","protected":false},"excerpt":{"rendered":"<p>Tiesitk\u00f6, ett\u00e4 It\u00e4-Suomen yliopisto on ainoa yliopisto Suomessa, joka tarjoaa mahdollisuuden suuntautua sosiaalipsykologiaan heti opintojen alusta alkaen? Kun opiskelet sosiaalipsykologiaa p\u00e4\u00e4aineena, valmistut yhteiskuntatieteiden kandidaatiksi ja maisteriksi. Tutkintojen suorittaminen vastaa yhteens\u00e4 noin viiden vuoden opiskelua.&nbsp; Sosiaalipsykologian opinnoissa perehdyt siihen, millaiset ryhm\u00e4- ja vuorovaikutussuhteet tukevat hyvinvointia, miten yhteis\u00f6j\u00e4 ja ryhmien v\u00e4lisi\u00e4 suhteita voidaan edist\u00e4\u00e4 sek\u00e4 kehitt\u00e4\u00e4 ja [&hellip;]<\/p>\n","protected":false},"author":714,"featured_media":0,"parent":0,"menu_order":0,"comment_status":"closed","ping_status":"closed","template":"","meta":{"_acf_changed":false,"footnotes":""},"class_list":["post-379","page","type-page","status-publish","hentry"],"acf":[],"yoast_head":"<!-- This site is optimized with the Yoast SEO plugin v27.3 - https:\/\/yoast.com\/product\/yoast-seo-wordpress\/ -->\n<title>Hae meille opiskelijaksi - Suhteellista<\/title>\n<meta name=\"robots\" content=\"index, follow, max-snippet:-1, max-image-preview:large, max-video-preview:-1\" \/>\n<link rel=\"canonical\" href=\"https:\/\/blogs.uef.fi\/suhteellista\/hae-meille-opiskelijaksi\/\" \/>\n<meta property=\"og:locale\" content=\"fi_FI\" \/>\n<meta property=\"og:type\" content=\"article\" \/>\n<meta property=\"og:title\" content=\"Hae meille opiskelijaksi - Suhteellista\" \/>\n<meta property=\"og:description\" content=\"Tiesitk\u00f6, ett\u00e4 It\u00e4-Suomen yliopisto on ainoa yliopisto Suomessa, joka tarjoaa mahdollisuuden suuntautua sosiaalipsykologiaan heti opintojen alusta alkaen? Kun opiskelet sosiaalipsykologiaa p\u00e4\u00e4aineena, valmistut yhteiskuntatieteiden kandidaatiksi ja maisteriksi. Tutkintojen suorittaminen vastaa yhteens\u00e4 noin viiden vuoden opiskelua.&nbsp; Sosiaalipsykologian opinnoissa perehdyt siihen, millaiset ryhm\u00e4- ja vuorovaikutussuhteet tukevat hyvinvointia, miten yhteis\u00f6j\u00e4 ja ryhmien v\u00e4lisi\u00e4 suhteita voidaan edist\u00e4\u00e4 sek\u00e4 kehitt\u00e4\u00e4 ja [&hellip;]\" \/>\n<meta property=\"og:url\" content=\"https:\/\/blogs.uef.fi\/suhteellista\/hae-meille-opiskelijaksi\/\" \/>\n<meta property=\"og:site_name\" content=\"Suhteellista\" \/>\n<meta property=\"article:modified_time\" content=\"2024-10-31T12:01:57+00:00\" \/>\n<meta name=\"twitter:card\" content=\"summary_large_image\" \/>\n<meta name=\"twitter:label1\" content=\"Arvioitu lukuaika\" \/>\n\t<meta name=\"twitter:data1\" content=\"1 minuutti\" \/>\n<script type=\"application\/ld+json\" class=\"yoast-schema-graph\">{\"@context\":\"https:\\\/\\\/schema.org\",\"@graph\":[{\"@type\":\"WebPage\",\"@id\":\"https:\\\/\\\/blogs.uef.fi\\\/suhteellista\\\/hae-meille-opiskelijaksi\\\/\",\"url\":\"https:\\\/\\\/blogs.uef.fi\\\/suhteellista\\\/hae-meille-opiskelijaksi\\\/\",\"name\":\"Hae meille opiskelijaksi - Suhteellista\",\"isPartOf\":{\"@id\":\"https:\\\/\\\/blogs.uef.fi\\\/suhteellista\\\/#website\"},\"datePublished\":\"2024-10-31T11:57:34+00:00\",\"dateModified\":\"2024-10-31T12:01:57+00:00\",\"breadcrumb\":{\"@id\":\"https:\\\/\\\/blogs.uef.fi\\\/suhteellista\\\/hae-meille-opiskelijaksi\\\/#breadcrumb\"},\"inLanguage\":\"fi\",\"potentialAction\":[{\"@type\":\"ReadAction\",\"target\":[\"https:\\\/\\\/blogs.uef.fi\\\/suhteellista\\\/hae-meille-opiskelijaksi\\\/\"]}]},{\"@type\":\"BreadcrumbList\",\"@id\":\"https:\\\/\\\/blogs.uef.fi\\\/suhteellista\\\/hae-meille-opiskelijaksi\\\/#breadcrumb\",\"itemListElement\":[{\"@type\":\"ListItem\",\"position\":1,\"name\":\"Home\",\"item\":\"https:\\\/\\\/blogs.uef.fi\\\/suhteellista\\\/\"},{\"@type\":\"ListItem\",\"position\":2,\"name\":\"Hae meille opiskelijaksi\"}]},{\"@type\":\"WebSite\",\"@id\":\"https:\\\/\\\/blogs.uef.fi\\\/suhteellista\\\/#website\",\"url\":\"https:\\\/\\\/blogs.uef.fi\\\/suhteellista\\\/\",\"name\":\"Suhteellista\",\"description\":\"\",\"potentialAction\":[{\"@type\":\"SearchAction\",\"target\":{\"@type\":\"EntryPoint\",\"urlTemplate\":\"https:\\\/\\\/blogs.uef.fi\\\/suhteellista\\\/?s={search_term_string}\"},\"query-input\":{\"@type\":\"PropertyValueSpecification\",\"valueRequired\":true,\"valueName\":\"search_term_string\"}}],\"inLanguage\":\"fi\"}]}<\/script>\n<!-- \/ Yoast SEO plugin. -->","yoast_head_json":{"title":"Hae meille opiskelijaksi - Suhteellista","robots":{"index":"index","follow":"follow","max-snippet":"max-snippet:-1","max-image-preview":"max-image-preview:large","max-video-preview":"max-video-preview:-1"},"canonical":"https:\/\/blogs.uef.fi\/suhteellista\/hae-meille-opiskelijaksi\/","og_locale":"fi_FI","og_type":"article","og_title":"Hae meille opiskelijaksi - Suhteellista","og_description":"Tiesitk\u00f6, ett\u00e4 It\u00e4-Suomen yliopisto on ainoa yliopisto Suomessa, joka tarjoaa mahdollisuuden suuntautua sosiaalipsykologiaan heti opintojen alusta alkaen? Kun opiskelet sosiaalipsykologiaa p\u00e4\u00e4aineena, valmistut yhteiskuntatieteiden kandidaatiksi ja maisteriksi. Tutkintojen suorittaminen vastaa yhteens\u00e4 noin viiden vuoden opiskelua.&nbsp; Sosiaalipsykologian opinnoissa perehdyt siihen, millaiset ryhm\u00e4- ja vuorovaikutussuhteet tukevat hyvinvointia, miten yhteis\u00f6j\u00e4 ja ryhmien v\u00e4lisi\u00e4 suhteita voidaan edist\u00e4\u00e4 sek\u00e4 kehitt\u00e4\u00e4 ja [&hellip;]","og_url":"https:\/\/blogs.uef.fi\/suhteellista\/hae-meille-opiskelijaksi\/","og_site_name":"Suhteellista","article_modified_time":"2024-10-31T12:01:57+00:00","twitter_card":"summary_large_image","twitter_misc":{"Arvioitu lukuaika":"1 minuutti"},"schema":{"@context":"https:\/\/schema.org","@graph":[{"@type":"WebPage","@id":"https:\/\/blogs.uef.fi\/suhteellista\/hae-meille-opiskelijaksi\/","url":"https:\/\/blogs.uef.fi\/suhteellista\/hae-meille-opiskelijaksi\/","name":"Hae meille opiskelijaksi - Suhteellista","isPartOf":{"@id":"https:\/\/blogs.uef.fi\/suhteellista\/#website"},"datePublished":"2024-10-31T11:57:34+00:00","dateModified":"2024-10-31T12:01:57+00:00","breadcrumb":{"@id":"https:\/\/blogs.uef.fi\/suhteellista\/hae-meille-opiskelijaksi\/#breadcrumb"},"inLanguage":"fi","potentialAction":[{"@type":"ReadAction","target":["https:\/\/blogs.uef.fi\/suhteellista\/hae-meille-opiskelijaksi\/"]}]},{"@type":"BreadcrumbList","@id":"https:\/\/blogs.uef.fi\/suhteellista\/hae-meille-opiskelijaksi\/#breadcrumb","itemListElement":[{"@type":"ListItem","position":1,"name":"Home","item":"https:\/\/blogs.uef.fi\/suhteellista\/"},{"@type":"ListItem","position":2,"name":"Hae meille opiskelijaksi"}]},{"@type":"WebSite","@id":"https:\/\/blogs.uef.fi\/suhteellista\/#website","url":"https:\/\/blogs.uef.fi\/suhteellista\/","name":"Suhteellista","description":"","potentialAction":[{"@type":"SearchAction","target":{"@type":"EntryPoint","urlTemplate":"https:\/\/blogs.uef.fi\/suhteellista\/?s={search_term_string}"},"query-input":{"@type":"PropertyValueSpecification","valueRequired":true,"valueName":"search_term_string"}}],"inLanguage":"fi"}]}},"_links":{"self":[{"href":"https:\/\/blogs.uef.fi\/suhteellista\/wp-json\/wp\/v2\/pages\/379","targetHints":{"allow":["GET"]}}],"collection":[{"href":"https:\/\/blogs.uef.fi\/suhteellista\/wp-json\/wp\/v2\/pages"}],"about":[{"href":"https:\/\/blogs.uef.fi\/suhteellista\/wp-json\/wp\/v2\/types\/page"}],"author":[{"embeddable":true,"href":"https:\/\/blogs.uef.fi\/suhteellista\/wp-json\/wp\/v2\/users\/714"}],"replies":[{"embeddable":true,"href":"https:\/\/blogs.uef.fi\/suhteellista\/wp-json\/wp\/v2\/comments?post=379"}],"version-history":[{"count":2,"href":"https:\/\/blogs.uef.fi\/suhteellista\/wp-json\/wp\/v2\/pages\/379\/revisions"}],"predecessor-version":[{"id":394,"href":"https:\/\/blogs.uef.fi\/suhteellista\/wp-json\/wp\/v2\/pages\/379\/revisions\/394"}],"wp:attachment":[{"href":"https:\/\/blogs.uef.fi\/suhteellista\/wp-json\/wp\/v2\/media?parent=379"}],"curies":[{"name":"wp","href":"https:\/\/api.w.org\/{rel}","templated":true}]}}