{"id":83,"date":"2026-02-24T12:20:28","date_gmt":"2026-02-24T10:20:28","guid":{"rendered":"https:\/\/blogs.uef.fi\/sote-tiedonhallinta\/?page_id=83"},"modified":"2026-02-25T14:35:06","modified_gmt":"2026-02-25T12:35:06","slug":"tietoa-blogista","status":"publish","type":"page","link":"https:\/\/blogs.uef.fi\/sote-tiedonhallinta\/tietoa-blogista\/","title":{"rendered":"Tietoa blogista"},"content":{"rendered":"\n<p>It\u00e4-Suomen yliopiston ty\u00f6ntekij\u00f6iden, opiskelijoiden ja alumnien tutkimusblogi tuo sosiaali- ja terveydenhuollon tiedonhallinnan alan tutkimustuloksia l\u00e4hemm\u00e4s k\u00e4yt\u00e4nt\u00f6\u00e4 ja p\u00e4\u00e4t\u00f6ksentekoa. Se tarjoaa monipuolista sis\u00e4lt\u00f6\u00e4 sosiaali- ja terveydenhuollon tiedonhallinnasta ja digitalisaatiosta ja niiden vaikutuksista palveluihin, johtamiseen ja politiikkaan.<\/p>\n\n\n\n<p><\/p>\n","protected":false},"excerpt":{"rendered":"<p>It\u00e4-Suomen yliopiston ty\u00f6ntekij\u00f6iden, opiskelijoiden ja alumnien tutkimusblogi tuo sosiaali- ja terveydenhuollon tiedonhallinnan alan tutkimustuloksia l\u00e4hemm\u00e4s k\u00e4yt\u00e4nt\u00f6\u00e4 ja p\u00e4\u00e4t\u00f6ksentekoa. Se tarjoaa monipuolista sis\u00e4lt\u00f6\u00e4 sosiaali- ja terveydenhuollon tiedonhallinnasta ja digitalisaatiosta ja niiden vaikutuksista palveluihin, johtamiseen ja politiikkaan.<\/p>\n","protected":false},"author":761,"featured_media":0,"parent":0,"menu_order":0,"comment_status":"closed","ping_status":"closed","template":"","meta":{"_acf_changed":false,"footnotes":""},"class_list":["post-83","page","type-page","status-publish","hentry"],"acf":[],"yoast_head":"<!-- This site is optimized with the Yoast SEO plugin v27.3 - https:\/\/yoast.com\/product\/yoast-seo-wordpress\/ -->\n<title>Tietoa blogista - Kahvitauon mitalla tutkittua tietoa sote-tiedonhallinnasta<\/title>\n<meta name=\"robots\" content=\"index, follow, max-snippet:-1, max-image-preview:large, max-video-preview:-1\" \/>\n<link rel=\"canonical\" href=\"https:\/\/blogs.uef.fi\/sote-tiedonhallinta\/tietoa-blogista\/\" \/>\n<meta property=\"og:locale\" content=\"fi_FI\" \/>\n<meta property=\"og:type\" content=\"article\" \/>\n<meta property=\"og:title\" content=\"Tietoa blogista - Kahvitauon mitalla tutkittua tietoa sote-tiedonhallinnasta\" \/>\n<meta property=\"og:description\" content=\"It\u00e4-Suomen yliopiston ty\u00f6ntekij\u00f6iden, opiskelijoiden ja alumnien tutkimusblogi tuo sosiaali- ja terveydenhuollon tiedonhallinnan alan tutkimustuloksia l\u00e4hemm\u00e4s k\u00e4yt\u00e4nt\u00f6\u00e4 ja p\u00e4\u00e4t\u00f6ksentekoa. Se tarjoaa monipuolista sis\u00e4lt\u00f6\u00e4 sosiaali- ja terveydenhuollon tiedonhallinnasta ja digitalisaatiosta ja niiden vaikutuksista palveluihin, johtamiseen ja politiikkaan.\" \/>\n<meta property=\"og:url\" content=\"https:\/\/blogs.uef.fi\/sote-tiedonhallinta\/tietoa-blogista\/\" \/>\n<meta property=\"og:site_name\" content=\"Kahvitauon mitalla tutkittua tietoa sote-tiedonhallinnasta\" \/>\n<meta property=\"article:modified_time\" content=\"2026-02-25T12:35:06+00:00\" \/>\n<meta name=\"twitter:card\" content=\"summary_large_image\" \/>\n<meta name=\"twitter:label1\" content=\"Arvioitu lukuaika\" \/>\n\t<meta name=\"twitter:data1\" content=\"1 minuutti\" \/>\n<script type=\"application\/ld+json\" class=\"yoast-schema-graph\">{\"@context\":\"https:\\\/\\\/schema.org\",\"@graph\":[{\"@type\":\"WebPage\",\"@id\":\"https:\\\/\\\/blogs.uef.fi\\\/sote-tiedonhallinta\\\/tietoa-blogista\\\/\",\"url\":\"https:\\\/\\\/blogs.uef.fi\\\/sote-tiedonhallinta\\\/tietoa-blogista\\\/\",\"name\":\"Tietoa blogista - Kahvitauon mitalla tutkittua tietoa sote-tiedonhallinnasta\",\"isPartOf\":{\"@id\":\"https:\\\/\\\/blogs.uef.fi\\\/sote-tiedonhallinta\\\/#website\"},\"datePublished\":\"2026-02-24T10:20:28+00:00\",\"dateModified\":\"2026-02-25T12:35:06+00:00\",\"breadcrumb\":{\"@id\":\"https:\\\/\\\/blogs.uef.fi\\\/sote-tiedonhallinta\\\/tietoa-blogista\\\/#breadcrumb\"},\"inLanguage\":\"fi\",\"potentialAction\":[{\"@type\":\"ReadAction\",\"target\":[\"https:\\\/\\\/blogs.uef.fi\\\/sote-tiedonhallinta\\\/tietoa-blogista\\\/\"]}]},{\"@type\":\"BreadcrumbList\",\"@id\":\"https:\\\/\\\/blogs.uef.fi\\\/sote-tiedonhallinta\\\/tietoa-blogista\\\/#breadcrumb\",\"itemListElement\":[{\"@type\":\"ListItem\",\"position\":1,\"name\":\"Etusivu\",\"item\":\"https:\\\/\\\/blogs.uef.fi\\\/sote-tiedonhallinta\\\/\"},{\"@type\":\"ListItem\",\"position\":2,\"name\":\"Tietoa blogista\"}]},{\"@type\":\"WebSite\",\"@id\":\"https:\\\/\\\/blogs.uef.fi\\\/sote-tiedonhallinta\\\/#website\",\"url\":\"https:\\\/\\\/blogs.uef.fi\\\/sote-tiedonhallinta\\\/\",\"name\":\"Kahvitauon mitalla tutkittua tietoa sote-tiedonhallinnasta\",\"description\":\"tutkimusblogi\",\"potentialAction\":[{\"@type\":\"SearchAction\",\"target\":{\"@type\":\"EntryPoint\",\"urlTemplate\":\"https:\\\/\\\/blogs.uef.fi\\\/sote-tiedonhallinta\\\/?s={search_term_string}\"},\"query-input\":{\"@type\":\"PropertyValueSpecification\",\"valueRequired\":true,\"valueName\":\"search_term_string\"}}],\"inLanguage\":\"fi\"}]}<\/script>\n<!-- \/ Yoast SEO plugin. -->","yoast_head_json":{"title":"Tietoa blogista - Kahvitauon mitalla tutkittua tietoa sote-tiedonhallinnasta","robots":{"index":"index","follow":"follow","max-snippet":"max-snippet:-1","max-image-preview":"max-image-preview:large","max-video-preview":"max-video-preview:-1"},"canonical":"https:\/\/blogs.uef.fi\/sote-tiedonhallinta\/tietoa-blogista\/","og_locale":"fi_FI","og_type":"article","og_title":"Tietoa blogista - Kahvitauon mitalla tutkittua tietoa sote-tiedonhallinnasta","og_description":"It\u00e4-Suomen yliopiston ty\u00f6ntekij\u00f6iden, opiskelijoiden ja alumnien tutkimusblogi tuo sosiaali- ja terveydenhuollon tiedonhallinnan alan tutkimustuloksia l\u00e4hemm\u00e4s k\u00e4yt\u00e4nt\u00f6\u00e4 ja p\u00e4\u00e4t\u00f6ksentekoa. Se tarjoaa monipuolista sis\u00e4lt\u00f6\u00e4 sosiaali- ja terveydenhuollon tiedonhallinnasta ja digitalisaatiosta ja niiden vaikutuksista palveluihin, johtamiseen ja politiikkaan.","og_url":"https:\/\/blogs.uef.fi\/sote-tiedonhallinta\/tietoa-blogista\/","og_site_name":"Kahvitauon mitalla tutkittua tietoa sote-tiedonhallinnasta","article_modified_time":"2026-02-25T12:35:06+00:00","twitter_card":"summary_large_image","twitter_misc":{"Arvioitu lukuaika":"1 minuutti"},"schema":{"@context":"https:\/\/schema.org","@graph":[{"@type":"WebPage","@id":"https:\/\/blogs.uef.fi\/sote-tiedonhallinta\/tietoa-blogista\/","url":"https:\/\/blogs.uef.fi\/sote-tiedonhallinta\/tietoa-blogista\/","name":"Tietoa blogista - Kahvitauon mitalla tutkittua tietoa sote-tiedonhallinnasta","isPartOf":{"@id":"https:\/\/blogs.uef.fi\/sote-tiedonhallinta\/#website"},"datePublished":"2026-02-24T10:20:28+00:00","dateModified":"2026-02-25T12:35:06+00:00","breadcrumb":{"@id":"https:\/\/blogs.uef.fi\/sote-tiedonhallinta\/tietoa-blogista\/#breadcrumb"},"inLanguage":"fi","potentialAction":[{"@type":"ReadAction","target":["https:\/\/blogs.uef.fi\/sote-tiedonhallinta\/tietoa-blogista\/"]}]},{"@type":"BreadcrumbList","@id":"https:\/\/blogs.uef.fi\/sote-tiedonhallinta\/tietoa-blogista\/#breadcrumb","itemListElement":[{"@type":"ListItem","position":1,"name":"Etusivu","item":"https:\/\/blogs.uef.fi\/sote-tiedonhallinta\/"},{"@type":"ListItem","position":2,"name":"Tietoa blogista"}]},{"@type":"WebSite","@id":"https:\/\/blogs.uef.fi\/sote-tiedonhallinta\/#website","url":"https:\/\/blogs.uef.fi\/sote-tiedonhallinta\/","name":"Kahvitauon mitalla tutkittua tietoa sote-tiedonhallinnasta","description":"tutkimusblogi","potentialAction":[{"@type":"SearchAction","target":{"@type":"EntryPoint","urlTemplate":"https:\/\/blogs.uef.fi\/sote-tiedonhallinta\/?s={search_term_string}"},"query-input":{"@type":"PropertyValueSpecification","valueRequired":true,"valueName":"search_term_string"}}],"inLanguage":"fi"}]}},"_links":{"self":[{"href":"https:\/\/blogs.uef.fi\/sote-tiedonhallinta\/wp-json\/wp\/v2\/pages\/83","targetHints":{"allow":["GET"]}}],"collection":[{"href":"https:\/\/blogs.uef.fi\/sote-tiedonhallinta\/wp-json\/wp\/v2\/pages"}],"about":[{"href":"https:\/\/blogs.uef.fi\/sote-tiedonhallinta\/wp-json\/wp\/v2\/types\/page"}],"author":[{"embeddable":true,"href":"https:\/\/blogs.uef.fi\/sote-tiedonhallinta\/wp-json\/wp\/v2\/users\/761"}],"replies":[{"embeddable":true,"href":"https:\/\/blogs.uef.fi\/sote-tiedonhallinta\/wp-json\/wp\/v2\/comments?post=83"}],"version-history":[{"count":2,"href":"https:\/\/blogs.uef.fi\/sote-tiedonhallinta\/wp-json\/wp\/v2\/pages\/83\/revisions"}],"predecessor-version":[{"id":96,"href":"https:\/\/blogs.uef.fi\/sote-tiedonhallinta\/wp-json\/wp\/v2\/pages\/83\/revisions\/96"}],"wp:attachment":[{"href":"https:\/\/blogs.uef.fi\/sote-tiedonhallinta\/wp-json\/wp\/v2\/media?parent=83"}],"curies":[{"name":"wp","href":"https:\/\/api.w.org\/{rel}","templated":true}]}}