{"id":1892,"date":"2025-09-16T12:16:10","date_gmt":"2025-09-16T10:16:10","guid":{"rendered":"https:\/\/blogs.uef.fi\/someco\/?page_id=1892"},"modified":"2026-01-23T22:34:56","modified_gmt":"2026-01-23T20:34:56","slug":"publications","status":"publish","type":"page","link":"https:\/\/blogs.uef.fi\/someco\/publications\/","title":{"rendered":"Publications"},"content":{"rendered":"\n<p><\/p>\n\n\n\n<p>Tarvainen, Anne. 2025. &#8220;&#8216;The Body Vibrates with the Power of Singing:&#8217; Material, Somaesthetic, and Transactional Features in the Vocal Experiences of Singers with Acid Reflux.&#8221; In <em>Mattering Voices: Studying Voice through New Materialisms<\/em>, edited by Elisabeth Laasonen Belgrano, Anne Tarvainen &amp; Milla Tiainen. Routledge. <a href=\"https:\/\/doi.org\/10.4324\/9781003390992-1\">https:\/\/doi.org\/10.4324\/9781003390992-1<\/a><\/p>\n\n\n\n<p>Tiainen, Milla, Elisabeth Laasonen Belgrano &amp; Anne Tarvainen. 2025. &#8220;Introduction: How to Let a Crossroads Emerge between (the Study of) Voices and New Materialisms?&#8221; In <em>Mattering Voices: Studying Voice through New Materialisms<\/em>, edited by Elisabeth Laasonen Belgrano, Anne Tarvainen &amp; Milla Tiainen. Routledge. <a href=\"https:\/\/doi.org\/10.4324\/9781003390992-1\">https:\/\/doi.org\/10.4324\/9781003390992-1<\/a> <\/p>\n\n\n\n<p>Laasonen Belgrano, Elisabeth, Anne Tarvainen &amp; Milla Tiainen. 2025. <em>Mattering Voices: Studying Voice through New Materialisms<\/em>. 1st edn. Routledge. <a href=\"https:\/\/doi.org\/10.4324\/9781003390992\">https:\/\/doi.org\/10.4324\/9781003390992<\/a><\/p>\n\n\n\n<p>Uimonen, Heikki. 2025. &#8220;Medioitunut musiikki eurooppalaisissa kyliss\u00e4&#8221;, in <em>Etnomusikologian vuosikirja<\/em> vol 37. DOI: <a href=\"https:\/\/etnomusikologia.journal.fi\/article\/view\/156535\">https:\/\/etnomusikologia.journal.fi\/article\/view\/156535<\/a><\/p>\n\n\n\n<p>Kyt\u00f6, Meri. 2025. &#8220;\u00c4\u00e4nitilan rytmeist\u00e4 Istanbulissa&#8221;. <em>Aukio<\/em>. https:\/\/aukiolla.fi\/aanitilan-rytmeista-istanbulissa.<\/p>\n\n\n\n<p>Ahlsved, Kaj. 2025. &#8220;Hur l\u00e5ter Nagu?&#8221; <em>Sk\u00e4rg\u00e5rd<\/em>, 48 (4), 23-28. <\/p>\n\n\n\n<p>Uimonen, Heikki. 2025. &#8220;Mediated Encounters in Ethnographic Fielwork&#8221;, in <em>Festschrift for prof. Michael Bull<\/em>, ed. David M. Berry &amp; Malcolm James.&nbsp;Extinction Internet Books. <a href=\"https:\/\/sussex.figshare.com\/articles\/book\/Festschrift_for_Prof_Michael_Bull\/30230950?file=58346377\">https:\/\/sussex.figshare.com\/articles\/book\/Festschrift_for_Prof_Michael_Bull\/30230950?file=58346377<\/a> <\/p>\n\n\n\n<p>Ahlsved, Kaj. 2025. Listening to football and ice hockey: music practices and supporter agency manifested in Finnish football and ice hockey songs. <em>Sport in Society<\/em>,&nbsp;28(4), 647\u2013662. <a href=\"https:\/\/doi.org\/10.1080\/17430437.2025.2481717\">https:\/\/doi.org\/10.1080\/17430437.2025.2481717<\/a><\/p>\n\n\n\n<p>Ahlsved, Kaj &amp; Rantakallio, Inka 2025. &#8220;Torille (Amanda) \u2013 B\u00e4m\u00e4 tuulettaa j\u00e4\u00e4kiekkobiisien kaanonia&#8221;. <em>Toiminta soi!<\/em> 7.5.2025 <a href=\"https:\/\/www.suoni.fi\/fi\/toiminta-soi\/2025\/5\/7\/torille-amanda-jaakiekkobiisit\" target=\"_blank\" rel=\"noreferrer noopener\">https:\/\/www.suoni.fi\/fi\/toiminta-soi\/2025\/5\/7\/torille-amanda-jaakiekkobiisit<\/a><\/p>\n\n\n\n<p>Uimonen, Heikki. 2025. &#8220;Rockradio,&#8221; in <em>Kulttuurin vuosisata: Luova ohjelmaty\u00f6 Yleisradiossa 1926\u20132025<\/em>, ed. Anu Koivunen, Maija Kannisto, Heidi Keinonen and Janne M\u00e4kel\u00e4.&nbsp;<em>&nbsp;<\/em>Suomalaisen Kirjallisuuden Seura<em>.<\/em>&nbsp;<\/p>\n\n\n\n<p>Uimonen, Heikki and Helmi J\u00e4rviluoma.  2024. &#8220;Sonic Remembering of Older Citizens in a Live Radio Show,&#8221;&nbsp;in <em>Between Popular Music and Avant-Garde: Essays in Honour of John Richardson<\/em>, ed.&nbsp;Anna-Elena P\u00e4\u00e4kk\u00f6l\u00e4, Tuomas Auvinen, Freya Jarman and James Deaville. Suomen Etnomusikologinen Seura.<\/p>\n\n\n\n<p>Tarvainen, Anne, and Meri Kyt\u00f6. 2024. &#8220;Pieni kuulijuus: taustamusiikki ja \u00e4\u00e4nellinen kaupunkitila toisinkuulijoiden kokemana.&#8221; <em>Musiikki<\/em> 54 (4): 45\u201369. <a href=\"https:\/\/doi.org\/10.51816\/musiikki.154727\">https:\/\/doi.org\/10.51816\/musiikki.154727<\/a>.<\/p>\n\n\n\n<p>Tarvainen, Anne. 2024. &#8220;Tietoista l\u00e4sn\u00e4oloa \u00e4\u00e4ness\u00e4.&#8221; <em>RATKES \u2013 Ratkaisu- Ja Voimavarakeskeisen Kulttuurin Lehti<\/em>. <a href=\"https:\/\/ratkes.fi\/lehti\/ratkes-2-2024\/tietoista-lasnaoloa-aanessa\">https:\/\/ratkes.fi\/lehti\/ratkes-2-2024\/tietoista-lasnaoloa-aanessa<\/a><br><\/p>\n\n\n\n<h2 class=\"wp-block-heading\">Presentations<\/h2>\n\n\n\n<p>Uimonen, Heikki. Paneelikeskustelu yhdess\u00e4 Olli L\u00f6ytyn (pj), Kaisa Murtoniemen &amp; Leena-Maija Rossin kanssa.&nbsp;<em>Kulttuurintutkimuksen p\u00e4iv\u00e4t<\/em>, Turun yliopisto, 11.\u201312.12.2025<\/p>\n\n\n\n<p>Uimonen, Heikki. Ty\u00f6ryhm\u00e4 Medioitunut aistiminen 1 &amp; 2. yhdess\u00e4 prof. Juhana Ven\u00e4l\u00e4isen kanssa. Pj.&nbsp;<em>Kulttuurintutkimuksen p\u00e4iv\u00e4t<\/em>&nbsp;Turun yliopisto, 11.\u201312.12.2025<\/p>\n\n\n\n<p>Kyt\u00f6, Meri. Rytmianalyysi, kuunteleva l\u00e4sn\u00e4olo ja havainnoinnin digitaaliset apuv\u00e4lineet.&nbsp; <em>Kulttuurintutkimuksen p\u00e4iv\u00e4t<\/em>, Turun yliopisto, 12.12.2025.<\/p>\n\n\n\n<p>Ahlsved, Kaj: Ecocritical listening to village soundscapes. <em>Kulttuurintutkimuksen p\u00e4iv\u00e4t,<\/em> Turun yliopisto, 11.12.2025.<\/p>\n\n\n\n<p>Kyt\u00f6, Meri. Ajallinen paikkatieto \u00e4\u00e4nimaisematutkimuksessa. Paikkatieto ja humanistinen ymp\u00e4rist\u00f6tutkimus -seminaari, Turun yliopisto 28.11.2025,<\/p>\n\n\n\n<p>Uimonen, Heikki: Sonic Environments. Undestanding Cultures Through Sound.&nbsp;<em>Chinese and Nordic Perspectives: Exploring Cross-Cultural Insights on History, Understanding and Mutual Learning. Nordic Centre at Fudan University 30th Anniversary<\/em>. Shanghai 24.10.2025.<\/p>\n\n\n\n<p>Uimonen, Heikki &amp; Meri Kyt\u00f6:<em>&nbsp;<\/em>Sonic Mediations and Ecocritical Listening in Six European Villages. <em>Ways of Listening. Species, Gender, Abilities and Culture.<\/em>&nbsp;<em>12<sup>th<\/sup>&nbsp;International&nbsp;FKL&nbsp;Symposium on soundscape.&nbsp;<\/em>Catania, Italy. 27.9. 2025<\/p>\n\n\n\n<p>Kyt\u00f6, Meri. Background Music, Urban Soundscapes, and Small Listening. <em>Aural Diversity Conference<\/em>. University of Salford (+online), 5 Sept 2025.<\/p>\n\n\n\n<p>Uimonen, Heikki &amp; Meri Kyt\u00f6:&nbsp;Translatability of Sonic Experience \u2013 Soundscapes, Field Recordings and Cultural Brokerage.&nbsp;<em>Exploring Sonic Cultural Heritage<\/em>&nbsp;Struer Museum, Denmark 14.8. 2025.<\/p>\n\n\n\n<p>Tarvainen, Anne: Ihmis\u00e4\u00e4ni kehollisen l\u00e4sn\u00e4olon ja yhteyden v\u00e4lineen\u00e4. <em>Kokonaisia kohtaamisia &#8211; keho psykoterapioissa ja taideterapioissa<\/em>. Turku, Finland 14.6.2025.<\/p>\n\n\n\n<p>Uimonen, Heikki &amp; Kaj Ahlsved: SOMECO &#8211; Sonic Mediations and Ecocritical listening (2025-2027). Project presentation and some thoughts after field work in Skruv and Bissingen and der Teck. Seminar in ethnomusicology and ethnochoreology (MuDaS), Linn\u00e6us university &amp; online, 4.2.2025.<\/p>\n","protected":false},"excerpt":{"rendered":"<p>Tarvainen, Anne. 2025. &#8220;&#8216;The Body Vibrates with the Power of Singing:&#8217; Material, Somaesthetic, and Transactional Features in the Vocal Experiences of Singers with Acid Reflux.&#8221; In Mattering Voices: Studying Voice through New Materialisms, edited by Elisabeth Laasonen Belgrano, Anne Tarvainen &amp; Milla Tiainen. Routledge. https:\/\/doi.org\/10.4324\/9781003390992-1 Tiainen, Milla, Elisabeth Laasonen Belgrano &amp; Anne Tarvainen. 2025. &#8220;Introduction: [&hellip;]<\/p>\n","protected":false},"author":718,"featured_media":0,"parent":0,"menu_order":0,"comment_status":"closed","ping_status":"closed","template":"","meta":{"_acf_changed":false,"footnotes":""},"class_list":["post-1892","page","type-page","status-publish","hentry"],"acf":[],"yoast_head":"<!-- This site is optimized with the Yoast SEO plugin v27.1.1 - https:\/\/yoast.com\/product\/yoast-seo-wordpress\/ -->\n<title>Publications - SOMECO - Sonic Mediations and Ecocritical Listening<\/title>\n<meta name=\"robots\" content=\"index, follow, max-snippet:-1, max-image-preview:large, max-video-preview:-1\" \/>\n<link rel=\"canonical\" href=\"https:\/\/blogs.uef.fi\/someco\/publications\/\" \/>\n<meta property=\"og:locale\" content=\"en_US\" \/>\n<meta property=\"og:type\" content=\"article\" \/>\n<meta property=\"og:title\" content=\"Publications - SOMECO - Sonic Mediations and Ecocritical Listening\" \/>\n<meta property=\"og:description\" content=\"Tarvainen, Anne. 2025. &#8220;&#8216;The Body Vibrates with the Power of Singing:&#8217; Material, Somaesthetic, and Transactional Features in the Vocal Experiences of Singers with Acid Reflux.&#8221; In Mattering Voices: Studying Voice through New Materialisms, edited by Elisabeth Laasonen Belgrano, Anne Tarvainen &amp; Milla Tiainen. Routledge. https:\/\/doi.org\/10.4324\/9781003390992-1 Tiainen, Milla, Elisabeth Laasonen Belgrano &amp; Anne Tarvainen. 2025. &#8220;Introduction: [&hellip;]\" \/>\n<meta property=\"og:url\" content=\"https:\/\/blogs.uef.fi\/someco\/publications\/\" \/>\n<meta property=\"og:site_name\" content=\"SOMECO - Sonic Mediations and Ecocritical Listening\" \/>\n<meta property=\"article:modified_time\" content=\"2026-01-23T20:34:56+00:00\" \/>\n<meta name=\"twitter:card\" content=\"summary_large_image\" \/>\n<meta name=\"twitter:label1\" content=\"Est. reading time\" \/>\n\t<meta name=\"twitter:data1\" content=\"3 minutes\" \/>\n<script type=\"application\/ld+json\" class=\"yoast-schema-graph\">{\"@context\":\"https:\/\/schema.org\",\"@graph\":[{\"@type\":\"WebPage\",\"@id\":\"https:\/\/blogs.uef.fi\/someco\/publications\/\",\"url\":\"https:\/\/blogs.uef.fi\/someco\/publications\/\",\"name\":\"Publications - SOMECO - Sonic Mediations and Ecocritical Listening\",\"isPartOf\":{\"@id\":\"https:\/\/blogs.uef.fi\/someco\/#website\"},\"datePublished\":\"2025-09-16T10:16:10+00:00\",\"dateModified\":\"2026-01-23T20:34:56+00:00\",\"breadcrumb\":{\"@id\":\"https:\/\/blogs.uef.fi\/someco\/publications\/#breadcrumb\"},\"inLanguage\":\"en-US\",\"potentialAction\":[{\"@type\":\"ReadAction\",\"target\":[\"https:\/\/blogs.uef.fi\/someco\/publications\/\"]}]},{\"@type\":\"BreadcrumbList\",\"@id\":\"https:\/\/blogs.uef.fi\/someco\/publications\/#breadcrumb\",\"itemListElement\":[{\"@type\":\"ListItem\",\"position\":1,\"name\":\"Home\",\"item\":\"https:\/\/blogs.uef.fi\/someco\/\"},{\"@type\":\"ListItem\",\"position\":2,\"name\":\"Publications\"}]},{\"@type\":\"WebSite\",\"@id\":\"https:\/\/blogs.uef.fi\/someco\/#website\",\"url\":\"https:\/\/blogs.uef.fi\/someco\/\",\"name\":\"SOMECO - Sonic Mediations and Ecocritical Listening\",\"description\":\"Longitudinal research project investigating auditory cultures experienced and articulated in six European villages\",\"potentialAction\":[{\"@type\":\"SearchAction\",\"target\":{\"@type\":\"EntryPoint\",\"urlTemplate\":\"https:\/\/blogs.uef.fi\/someco\/?s={search_term_string}\"},\"query-input\":{\"@type\":\"PropertyValueSpecification\",\"valueRequired\":true,\"valueName\":\"search_term_string\"}}],\"inLanguage\":\"en-US\"}]}<\/script>\n<!-- \/ Yoast SEO plugin. -->","yoast_head_json":{"title":"Publications - SOMECO - Sonic Mediations and Ecocritical Listening","robots":{"index":"index","follow":"follow","max-snippet":"max-snippet:-1","max-image-preview":"max-image-preview:large","max-video-preview":"max-video-preview:-1"},"canonical":"https:\/\/blogs.uef.fi\/someco\/publications\/","og_locale":"en_US","og_type":"article","og_title":"Publications - SOMECO - Sonic Mediations and Ecocritical Listening","og_description":"Tarvainen, Anne. 2025. &#8220;&#8216;The Body Vibrates with the Power of Singing:&#8217; Material, Somaesthetic, and Transactional Features in the Vocal Experiences of Singers with Acid Reflux.&#8221; In Mattering Voices: Studying Voice through New Materialisms, edited by Elisabeth Laasonen Belgrano, Anne Tarvainen &amp; Milla Tiainen. Routledge. https:\/\/doi.org\/10.4324\/9781003390992-1 Tiainen, Milla, Elisabeth Laasonen Belgrano &amp; Anne Tarvainen. 2025. &#8220;Introduction: [&hellip;]","og_url":"https:\/\/blogs.uef.fi\/someco\/publications\/","og_site_name":"SOMECO - Sonic Mediations and Ecocritical Listening","article_modified_time":"2026-01-23T20:34:56+00:00","twitter_card":"summary_large_image","twitter_misc":{"Est. reading time":"3 minutes"},"schema":{"@context":"https:\/\/schema.org","@graph":[{"@type":"WebPage","@id":"https:\/\/blogs.uef.fi\/someco\/publications\/","url":"https:\/\/blogs.uef.fi\/someco\/publications\/","name":"Publications - SOMECO - Sonic Mediations and Ecocritical Listening","isPartOf":{"@id":"https:\/\/blogs.uef.fi\/someco\/#website"},"datePublished":"2025-09-16T10:16:10+00:00","dateModified":"2026-01-23T20:34:56+00:00","breadcrumb":{"@id":"https:\/\/blogs.uef.fi\/someco\/publications\/#breadcrumb"},"inLanguage":"en-US","potentialAction":[{"@type":"ReadAction","target":["https:\/\/blogs.uef.fi\/someco\/publications\/"]}]},{"@type":"BreadcrumbList","@id":"https:\/\/blogs.uef.fi\/someco\/publications\/#breadcrumb","itemListElement":[{"@type":"ListItem","position":1,"name":"Home","item":"https:\/\/blogs.uef.fi\/someco\/"},{"@type":"ListItem","position":2,"name":"Publications"}]},{"@type":"WebSite","@id":"https:\/\/blogs.uef.fi\/someco\/#website","url":"https:\/\/blogs.uef.fi\/someco\/","name":"SOMECO - Sonic Mediations and Ecocritical Listening","description":"Longitudinal research project investigating auditory cultures experienced and articulated in six European villages","potentialAction":[{"@type":"SearchAction","target":{"@type":"EntryPoint","urlTemplate":"https:\/\/blogs.uef.fi\/someco\/?s={search_term_string}"},"query-input":{"@type":"PropertyValueSpecification","valueRequired":true,"valueName":"search_term_string"}}],"inLanguage":"en-US"}]}},"_links":{"self":[{"href":"https:\/\/blogs.uef.fi\/someco\/wp-json\/wp\/v2\/pages\/1892","targetHints":{"allow":["GET"]}}],"collection":[{"href":"https:\/\/blogs.uef.fi\/someco\/wp-json\/wp\/v2\/pages"}],"about":[{"href":"https:\/\/blogs.uef.fi\/someco\/wp-json\/wp\/v2\/types\/page"}],"author":[{"embeddable":true,"href":"https:\/\/blogs.uef.fi\/someco\/wp-json\/wp\/v2\/users\/718"}],"replies":[{"embeddable":true,"href":"https:\/\/blogs.uef.fi\/someco\/wp-json\/wp\/v2\/comments?post=1892"}],"version-history":[{"count":1,"href":"https:\/\/blogs.uef.fi\/someco\/wp-json\/wp\/v2\/pages\/1892\/revisions"}],"predecessor-version":[{"id":1937,"href":"https:\/\/blogs.uef.fi\/someco\/wp-json\/wp\/v2\/pages\/1892\/revisions\/1937"}],"wp:attachment":[{"href":"https:\/\/blogs.uef.fi\/someco\/wp-json\/wp\/v2\/media?parent=1892"}],"curies":[{"name":"wp","href":"https:\/\/api.w.org\/{rel}","templated":true}]}}