{"id":493,"date":"2020-05-29T10:07:36","date_gmt":"2020-05-29T10:07:36","guid":{"rendered":"https:\/\/blogs.uef.fi\/sensotra\/?page_id=493"},"modified":"2023-06-22T07:37:34","modified_gmt":"2023-06-22T07:37:34","slug":"publications","status":"publish","type":"page","link":"https:\/\/blogs.uef.fi\/sensotra\/publications\/","title":{"rendered":"Publications"},"content":{"rendered":"\n<p><strong>2021 <\/strong><\/p>\n\n\n\n<p>J\u00e4rviluoma, Helmi (in print) 2021. Sensobiographic Walking and Ethnographic Approach of the Finnish School of Soundscape Studies. In Stahl, Geoff &amp; Mark Percival (Eds) The Bloomsbury Handbook of Popular Music and Place. London: Bloomsbury. (In print, 29 July, 2021).<\/p>\n\n\n\n<p>Abram, Sandi (in print) 2021. Sensing Transformations of Urban Ambiances: A Sensobiographic Approach in a Turistified City on the Semi-Periphery of Late Capitalism. In I\u00f1igo S\u00e1nchez, Daniel Paiva &amp; Daniel Malet Calvo (Eds): Urban Ambiances for Tourist Consumption. London &amp; New York: Routledge.<\/p>\n\n\n\n<p><strong>2020 <\/strong><\/p>\n\n\n\n<p>P\u00f6ll\u00e4nen, Sonja and Arjoranta Jonne (forthcoming) 2020. \u201cWhose were those feelings?\u201d \u2013 affect, likeness and power of the false in Halat hisar live action role-playing game. European journal of cultural studies. SAGE. ISBN 13675494 [Primary author]<\/p>\n\n\n\n<p>J\u00e4rviluoma, Helmi 2020. \u201cDis-placement\u201d, Aging and Remembering\u2013 Case Study of a Transnational Family. In Grenier, Line &amp; Valois-Nadeau, Fanny (Eds) A Senior Moment: Cultural Mediations of Memory and Ageing. Transcript publications. Aging Studies Vol. VII, pp. 165\u2013194.<\/p>\n\n\n\n<p>Hynynen, Ari, Inari Aaltoj\u00e4rvi, Anu Hopia &amp; Heikki Uimonen 2020. Emotional diners and rational eaters \u2013 Constructing the urban lunch experience. Journal of Urbanism. https:\/\/doi.org\/10.1080\/17549175.2020.1762706<\/p>\n\n\n\n<p>Ven\u00e4l\u00e4inen, Juhana, Sonja P\u00f6ll\u00e4nen &amp; Rajko Mur\u0161i\u010d &amp; 2020. The Street. In Holger Schulze (Ed) The Bloomsbury Handbook of the Anthropology of Sound. New York: Bloomsbury. http:\/\/www.mediumflow.de\/anthropology-of-sound\/<\/p>\n\n\n\n<p>Mur\u0161i\u010d, Rajko, Bla\u017e Bajic &amp; Sandi Abram (Eds) 2020. Ob\u010dutki mest: Antropologija, umetnost, \u010dutne transformacije [Senses of Cities: Anthropology, Art, Sensory Transformations] Ljubljana: Oddelek za etnologijo in kulturno antropologijo, Filozofska fakulteta, in print.<\/p>\n\n\n\n<p>Uimonen, Heikki 2020. Music while you walk. Dialogic Construction of a Place Among the Music Listening Urbanites. In Mur\u0161i\u010d, Rajko, Bla\u017e Bajic &amp; Sandi Abram (Eds) Ob\u010dutki mest: Antropologija, umetnost, \u010dutne transformacije [Senses of Cities: Anthropology, Art, Sensory Transformations]. Ljubljana: Oddelek za etnologijo in kulturno antropologijo, Filozofska fakulteta, in print<\/p>\n\n\n\n<p>Uimonen, Heikki 2020. T\u00e4m\u00e4n maailman \u00e4\u00e4net: kuultu, koettu ja muisteltu kotiseutu. In Sulevi Riukulehto (ed). Kotiseutu verkossa. SKS (forthcoming 2020).<\/p>\n\n\n\n<p>Uimonen, Heikki 2020. Sensobiography and Tangible Music. Theoretical and Methodological Approaches. Musiikki (forthcoming 2020).<\/p>\n\n\n\n<p>Uimonen, Heikki 2020. Kertojien kaupungit: Aistiel\u00e4m\u00e4kerrallinen k\u00e4vely ymp\u00e4rist\u00f6n ja muistamisen tutkimusmenetelm\u00e4n\u00e4. Alue ja ymp\u00e4rist\u00f6 (forthcoming 2020).<\/p>\n\n\n\n<p>Abram, Sandi. 2020. \u201cWhat a monstrous development that was\u201d: Sensory Modernization of Ljubljana in the early 20th Century. In Mur\u0161i\u010d, Rajko, Bla\u017e Bajic &amp; Sandi Abram (Eds) Ob\u010dutki mest: Antropologija, umetnost, \u010dutne transformacije [Senses of Cities: Anthropology, Art, Sensory Transformations] Ljubljana: Oddelek za etnologijo in kulturno antropologijo, Filozofska fakulteta, in print.<\/p>\n\n\n\n<p><strong>2019 <\/strong><\/p>\n\n\n\n<p>Tiainen, Milla, Inkeri Aula &amp; Helmi J\u00e4rviluoma 2019. Transformations in mediations of lived sonic experience: A sensobiographic approach. In Riedel Friedlind &amp; Juha Torvinen (Eds) Music as atmosphere: collective feelings and affective sounds. Routledge series: Ambiances, atmospheres and sensory experiences of space. London &amp; New York: Routledge, pp. 238\u2013254.<\/p>\n\n\n\n<p>Murray, Lesley &amp; J\u00e4rviluoma, Helmi 2019: Walking as Transgenerational Methodology. Qualitative Research (Sage) Volume: 20 issue: 2, pp. 229-238. [Online: 2019; print 2020.] https:\/\/doi.org\/10.1177\/1468794119830533<\/p>\n\n\n\n<p>J\u00e4rviluoma, Helmi 2019. \u201dKaikki el\u00e4m\u00e4n makeus ja riemu\u201d. Aistiel\u00e4m\u00e4kerrallisen k\u00e4velyn taide ja tiede. [All sweetness and joy of life. Sensobiographic walking as art and science] In Torvinen, Juha &amp; Susanna V\u00e4lim\u00e4ki (Eds) Musiikki ja luonto. Soiva kulttuuri ymp\u00e4rist\u00f6kriisin aikakaudella. Turku: UTUkirjat, pp. 221\u2013245.<\/p>\n\n\n\n<p>Uimonen, Heikki 2019. Uhanalaiset puulajit ja kitaramarkkinoiden muutos. In Torvinen, Juha &amp; Susanna V\u00e4lim\u00e4ki (Eds) Musiikki ja luonto. Soiva kulttuuri ymp\u00e4rist\u00f6kriisin aikakaudella. Turku: UTUkirjat.<\/p>\n\n\n\n<p>Tiainen, Milla 2019. Ihmis\u00e4\u00e4nen kolme ekologiaa: Guattari, Lev\u00e4ooppera ja enemm\u00e4n-kuin-inhimillinen. In Torvinen, Juha &amp; Susanna V\u00e4lim\u00e4ki (Eds) Musiikki ja luonto. Soiva kulttuuri ymp\u00e4rist\u00f6kriisin aikakaudella. Turku: UTUkirjat.<\/p>\n\n\n\n<p>Aula, Inkeri &amp; Regina Helena Alves da Silva 2019. https:\/\/www.letraevoz.com.br\/produtos\/historia-oral-e-direito-a-cidade-andrea-casa-nova-maia Metodologia sensobiogr\u00e1fica: novos conhecimentos sobre o sens\u00f3rio urbano (Published in Portuguese). In: Hist\u00f3ria oral e direito \u00e0 cidade. Pp. 87-108. S\u00e3o Paulo: Letra &amp; Voz.<\/p>\n\n\n\n<p>Uimonen, Heikki, Maija Kontukoski &amp; Anu Hopia 2019. &#8220;Narinajuustoa ja karviaishilloa: moniaistiset muistot osana yhteist\u00e4 ruokailutapahtumaa.&#8221; Kulttuurintutkimus 35 (3). https:\/\/journal.fi\/kulttuurintutkimus\/article\/view\/83637.<\/p>\n\n\n\n<p>Kontukoski, Maija &amp; Heikki Uimonen 2019. \u201dTila, tunne ja musiikki \u2013 kauppakeskuksen \u00e4\u00e4niymp\u00e4rist\u00f6n laadullinen tarkastelu\u201d. Yhdyskuntasuunnittelu-Lehti 57 (2), 10-25. https:\/\/doi.org\/10.33357\/ys.83675.<\/p>\n\n\n\n<p>Abram, Sandi &amp; Bla\u017e Bajic 2019. Senso-biographic Walking: Between the Anthropology of the Senses and the Anthropology of Digital Technologies (Published in Slovenian) Bulletin of the Slovene Ethnological Society 59(1). Ljubljana: Slovene Ethnological Society. https:\/\/www.sed-drustvo.si\/domains\/sed-drustvo.si\/modules\/Domino\/Files\/glasnik-sed-59-1-2019.pdf<\/p>\n\n\n\n<p>Mur\u0161i\u010d , Rajko 2019. Experiencing Improvisation in the Embrace of Algorithms: Digital In-betweenness and Pre-digital Three-dimensionality of Everyday Life. (Published in Slovenian) Bulletin of the Slovene Ethnological Society 59(1), pp. 17-26. Ljubljana: Slovene Ethnological Society. https:\/\/www.sed-drustvo.si\/domains\/sed-drustvo.si\/modules\/Domino\/Files\/glasnik-sed-59-1-2019.pdf<\/p>\n\n\n\n<p>Uimonen, Heikki 2019. Practical Idealism: Live Music Associations and the Revitalisation of the Music Festival Scene. IASPM Journal. London: International Association for the Study of Popular Music (IASPM). https:\/\/iaspmjournal.net\/index.php\/IASPM_Journal\/issue\/view\/67<\/p>\n\n\n\n<p>Uimonen , Heikki 2019. Evening of Sounds: Auditory Cultures in Radio Call-in Programmes. Sound, Media, Ecology. London: Palgrave MacMillan<\/p>\n\n\n\n<p>Baji\u010d , Bla\u017e 2019. Nose-talgia, or, Olfactory Remembering of the Past and the Present in a City in Change. Ethnologia Balkanica: Journal for Southeast European Anthropology, Vol 22. International Association for Southeast European Anthropology (InASEA), the Institut f\u00fcr Volkskunde\/European Ethnology at Munich University, Ethnographic Institute with Museum of the Bulgarian Academy of Sciences, Sofia.<\/p>\n\n\n\n<p><strong>2018 <\/strong><\/p>\n\n\n\n<p>Aula, Inkeri 2018. Aistik\u00e4vely kaupunkimaisemaan &#8211; yhteisen tilan kokemus ja joutomaiden polut (Sensory walk into urban landscape). Elore 25 (1): Ajatteleva maisema, 74-95. Suomen Kansantietouden tutkijain seura. https:\/\/journal.fi\/elore\/issue\/view\/1-2018<\/p>\n\n\n\n<p>J\u00e4rviluoma, Helmi and Jari Ruotsalainen 2018. Betoniporsaita avoimen tiedon valtatiell\u00e4. SENSOTRA-hanke tietosuojalains\u00e4\u00e4d\u00e4nn\u00f6n murroksessa. Elore 25 (2). Suomen Kansantietouden tutkijain seura. doi: 10.30666\/elore.77216<\/p>\n\n\n\n<p>J\u00e4rviluoma , Helmi 2018. \u00c4\u00e4nimaisematutkimuksen alkuvaiheet Suomessa 1989\u20131999: korvintodistajan kertomus. Musiikin Suunta. Finnish Society for Ethnomusicology. http:\/\/musiikinsuunta.fi\/2018\/03\/aanimaisematutkimuksen-alkuvaiheet<\/p>\n\n\n\n<p>J\u00e4rviluoma, Helmi 2018. Aisti-iloja Hupelissa \u2013 vanhan Vuonislahden varjo kaiken takana. [Sensory joys in Hupeli.] http:\/\/www.vuonis.net\/sivut\/1_2018\/3_Aisti-iloja_Hupelissa.pdf Vuonislahti-lehti 28.1.2018. Vuonislahti Society.<\/p>\n\n\n\n<p>Aula , Inkeri 2018. Aistit, muistot ja teknologia kokemuksen v\u00e4litt\u00e4jin\u00e4. AntroBlogi. https:\/\/antroblogi.fi\/2018\/10\/aistit-muistot-ja-teknologia-kokemuksen-valittajina\/<\/p>\n\n\n\n<p><strong>2017 <\/strong><\/p>\n\n\n\n<p>J\u00e4rviluoma , Helmi 2017. The art and science of sensory memory walking. The Routledge Companion to Sounding Art. Cobussen, Marcel &amp; Vincent Meelberg &amp; Barry Truax (Eds). New York: Taylor &amp; Francis, 191\u2013204.<\/p>\n\n\n\n<p>Helmi, J\u00e4rviluoma 2017. Aistien \u2013 lyhyt oppim\u00e4\u00e4r\u00e4. [Sensing \u2013 A brief history] Radiofeature. Radioateljee, 27.10. available at https:\/\/erepo.uef.fi\/handle\/123456789\/7856<\/p>\n\n\n\n<p>J\u00e4rviluoma, Helmi 2017. Sukupolvet veden \u00e4\u00e4ni\u00e4 kuuntelemassa. In: Muuttuvat suomalaiset \u00e4\u00e4nimaisemat. Tampere: Tampere University, pp. 125-141 http:\/\/www.oapen.org\/search?identifier=624254<\/p>\n\n\n\n<p>Abram, Sandi 2017. Samonikla kreativna fabrika v \u010dasu neoliberalne ma\u0161ine kreativnih industrij (The Grassroot Creative Factory in the Age of the Neoliberal Machine of Creative Industries). Journal for the Critique of Science, Imagination, and New Anthropology 270, 17-31. Institute for the Critique of Science. Ljubljana, Slovenia. http:\/\/www.ckz.si\/images\/objave\/Sandi_Abram_The_Grassroots_Creative_Factory_in_the_Age_of_the_Neoliberal_Creative_Industries_Machine_a.pdf<\/p>\n\n\n\n<p>Bajic , Bla\u017e 2017. The Old for the New. (Published in Slovenian) Bulletin of the Slovene Ethnological Society 57(1-2), pp. 33-37. Ljubljana: Slovene Ethnological Society. https:\/\/www.sed-drustvo.si\/domains\/sed-drustvo.si\/modules\/Domino\/Files\/glasnik-sed-573-4-2017.pdf<\/p>\n\n\n\n<p>Mur\u0161i\u010d, Rajko 2017. Ethnographic Being and the Essence of Anthropological Knowledge: On Manifoldness in Intellectual Ontological Fashion and the Banality of Everyday Reality. (Published in Slovenian) Bulletin of the Slovene Ethnological Society 57(1-2), pp. 27-32. Ljubljana: Slovene Ethnological Society. https:\/\/www.sed-drustvo.si\/domains\/sed-drustvo.si\/modules\/Domino\/Files\/glasnik-sed-573-4-2017.pdf<\/p>\n\n\n\n<p><strong>2016<\/strong><\/p>\n\n\n\n<p>Ven\u00e4l\u00e4inen, Juhana 2016. Kuuloyhteisist\u00e4 kuuntelunvapauteen: kaikupohjia \u00e4\u00e4nimaisemien kest\u00e4ville k\u00e4ytt\u00f6kulttuureille. In: J\u00e4rviluoma, Helmi &amp; Ulla Piela (Eds) \u00c4\u00e4nimaisemissa. [Inside soundscapes.]Helsinki: SKS, 34\u201352.<\/p>\n","protected":false},"excerpt":{"rendered":"<p>2021 J\u00e4rviluoma, Helmi (in print) 2021. Sensobiographic Walking and Ethnographic Approach of the Finnish School of Soundscape Studies. In Stahl, Geoff &amp; Mark Percival (Eds) The Bloomsbury Handbook of Popular Music and Place. London: Bloomsbury. (In print, 29 July, 2021). Abram, Sandi (in print) 2021. Sensing Transformations of Urban Ambiances: A Sensobiographic Approach in a [&hellip;]<\/p>\n","protected":false},"author":205,"featured_media":0,"parent":0,"menu_order":0,"comment_status":"closed","ping_status":"closed","template":"","meta":{"_acf_changed":false,"footnotes":""},"class_list":["post-493","page","type-page","status-publish","hentry"],"acf":[],"yoast_head":"<!-- This site is optimized with the Yoast SEO plugin v27.1.1 - https:\/\/yoast.com\/product\/yoast-seo-wordpress\/ -->\n<title>Publications - Sensory transformations - SENSOTRA<\/title>\n<meta name=\"robots\" content=\"index, follow, max-snippet:-1, max-image-preview:large, max-video-preview:-1\" \/>\n<link rel=\"canonical\" href=\"https:\/\/blogs.uef.fi\/sensotra\/publications\/\" \/>\n<meta property=\"og:locale\" content=\"en_US\" \/>\n<meta property=\"og:type\" content=\"article\" \/>\n<meta property=\"og:title\" content=\"Publications - Sensory transformations - SENSOTRA\" \/>\n<meta property=\"og:description\" content=\"2021 J\u00e4rviluoma, Helmi (in print) 2021. Sensobiographic Walking and Ethnographic Approach of the Finnish School of Soundscape Studies. In Stahl, Geoff &amp; Mark Percival (Eds) The Bloomsbury Handbook of Popular Music and Place. London: Bloomsbury. (In print, 29 July, 2021). Abram, Sandi (in print) 2021. Sensing Transformations of Urban Ambiances: A Sensobiographic Approach in a [&hellip;]\" \/>\n<meta property=\"og:url\" content=\"https:\/\/blogs.uef.fi\/sensotra\/publications\/\" \/>\n<meta property=\"og:site_name\" content=\"Sensory transformations - SENSOTRA\" \/>\n<meta property=\"article:modified_time\" content=\"2023-06-22T07:37:34+00:00\" \/>\n<meta name=\"twitter:card\" content=\"summary_large_image\" \/>\n<meta name=\"twitter:label1\" content=\"Est. reading time\" \/>\n\t<meta name=\"twitter:data1\" content=\"5 minutes\" \/>\n<script type=\"application\/ld+json\" class=\"yoast-schema-graph\">{\"@context\":\"https:\/\/schema.org\",\"@graph\":[{\"@type\":\"WebPage\",\"@id\":\"https:\/\/blogs.uef.fi\/sensotra\/publications\/\",\"url\":\"https:\/\/blogs.uef.fi\/sensotra\/publications\/\",\"name\":\"Publications - Sensory transformations - SENSOTRA\",\"isPartOf\":{\"@id\":\"https:\/\/blogs.uef.fi\/sensotra\/#website\"},\"datePublished\":\"2020-05-29T10:07:36+00:00\",\"dateModified\":\"2023-06-22T07:37:34+00:00\",\"breadcrumb\":{\"@id\":\"https:\/\/blogs.uef.fi\/sensotra\/publications\/#breadcrumb\"},\"inLanguage\":\"en-US\",\"potentialAction\":[{\"@type\":\"ReadAction\",\"target\":[\"https:\/\/blogs.uef.fi\/sensotra\/publications\/\"]}]},{\"@type\":\"BreadcrumbList\",\"@id\":\"https:\/\/blogs.uef.fi\/sensotra\/publications\/#breadcrumb\",\"itemListElement\":[{\"@type\":\"ListItem\",\"position\":1,\"name\":\"Home\",\"item\":\"https:\/\/blogs.uef.fi\/sensotra\/\"},{\"@type\":\"ListItem\",\"position\":2,\"name\":\"Publications\"}]},{\"@type\":\"WebSite\",\"@id\":\"https:\/\/blogs.uef.fi\/sensotra\/#website\",\"url\":\"https:\/\/blogs.uef.fi\/sensotra\/\",\"name\":\"Sensory transformations - SENSOTRA\",\"description\":\"\",\"potentialAction\":[{\"@type\":\"SearchAction\",\"target\":{\"@type\":\"EntryPoint\",\"urlTemplate\":\"https:\/\/blogs.uef.fi\/sensotra\/?s={search_term_string}\"},\"query-input\":{\"@type\":\"PropertyValueSpecification\",\"valueRequired\":true,\"valueName\":\"search_term_string\"}}],\"inLanguage\":\"en-US\"}]}<\/script>\n<!-- \/ Yoast SEO plugin. -->","yoast_head_json":{"title":"Publications - Sensory transformations - SENSOTRA","robots":{"index":"index","follow":"follow","max-snippet":"max-snippet:-1","max-image-preview":"max-image-preview:large","max-video-preview":"max-video-preview:-1"},"canonical":"https:\/\/blogs.uef.fi\/sensotra\/publications\/","og_locale":"en_US","og_type":"article","og_title":"Publications - Sensory transformations - SENSOTRA","og_description":"2021 J\u00e4rviluoma, Helmi (in print) 2021. Sensobiographic Walking and Ethnographic Approach of the Finnish School of Soundscape Studies. In Stahl, Geoff &amp; Mark Percival (Eds) The Bloomsbury Handbook of Popular Music and Place. London: Bloomsbury. (In print, 29 July, 2021). Abram, Sandi (in print) 2021. Sensing Transformations of Urban Ambiances: A Sensobiographic Approach in a [&hellip;]","og_url":"https:\/\/blogs.uef.fi\/sensotra\/publications\/","og_site_name":"Sensory transformations - SENSOTRA","article_modified_time":"2023-06-22T07:37:34+00:00","twitter_card":"summary_large_image","twitter_misc":{"Est. reading time":"5 minutes"},"schema":{"@context":"https:\/\/schema.org","@graph":[{"@type":"WebPage","@id":"https:\/\/blogs.uef.fi\/sensotra\/publications\/","url":"https:\/\/blogs.uef.fi\/sensotra\/publications\/","name":"Publications - Sensory transformations - SENSOTRA","isPartOf":{"@id":"https:\/\/blogs.uef.fi\/sensotra\/#website"},"datePublished":"2020-05-29T10:07:36+00:00","dateModified":"2023-06-22T07:37:34+00:00","breadcrumb":{"@id":"https:\/\/blogs.uef.fi\/sensotra\/publications\/#breadcrumb"},"inLanguage":"en-US","potentialAction":[{"@type":"ReadAction","target":["https:\/\/blogs.uef.fi\/sensotra\/publications\/"]}]},{"@type":"BreadcrumbList","@id":"https:\/\/blogs.uef.fi\/sensotra\/publications\/#breadcrumb","itemListElement":[{"@type":"ListItem","position":1,"name":"Home","item":"https:\/\/blogs.uef.fi\/sensotra\/"},{"@type":"ListItem","position":2,"name":"Publications"}]},{"@type":"WebSite","@id":"https:\/\/blogs.uef.fi\/sensotra\/#website","url":"https:\/\/blogs.uef.fi\/sensotra\/","name":"Sensory transformations - SENSOTRA","description":"","potentialAction":[{"@type":"SearchAction","target":{"@type":"EntryPoint","urlTemplate":"https:\/\/blogs.uef.fi\/sensotra\/?s={search_term_string}"},"query-input":{"@type":"PropertyValueSpecification","valueRequired":true,"valueName":"search_term_string"}}],"inLanguage":"en-US"}]}},"_links":{"self":[{"href":"https:\/\/blogs.uef.fi\/sensotra\/wp-json\/wp\/v2\/pages\/493","targetHints":{"allow":["GET"]}}],"collection":[{"href":"https:\/\/blogs.uef.fi\/sensotra\/wp-json\/wp\/v2\/pages"}],"about":[{"href":"https:\/\/blogs.uef.fi\/sensotra\/wp-json\/wp\/v2\/types\/page"}],"author":[{"embeddable":true,"href":"https:\/\/blogs.uef.fi\/sensotra\/wp-json\/wp\/v2\/users\/205"}],"replies":[{"embeddable":true,"href":"https:\/\/blogs.uef.fi\/sensotra\/wp-json\/wp\/v2\/comments?post=493"}],"version-history":[{"count":2,"href":"https:\/\/blogs.uef.fi\/sensotra\/wp-json\/wp\/v2\/pages\/493\/revisions"}],"predecessor-version":[{"id":1218,"href":"https:\/\/blogs.uef.fi\/sensotra\/wp-json\/wp\/v2\/pages\/493\/revisions\/1218"}],"wp:attachment":[{"href":"https:\/\/blogs.uef.fi\/sensotra\/wp-json\/wp\/v2\/media?parent=493"}],"curies":[{"name":"wp","href":"https:\/\/api.w.org\/{rel}","templated":true}]}}