{"id":163,"date":"2018-10-24T21:11:31","date_gmt":"2018-10-24T18:11:31","guid":{"rendered":"https:\/\/blogs.uef.fi\/rufiar\/?page_id=163"},"modified":"2023-11-28T09:48:00","modified_gmt":"2023-11-28T07:48:00","slug":"anchor-projects","status":"publish","type":"page","link":"https:\/\/blogs.uef.fi\/rufiar\/project\/anchor-projects\/","title":{"rendered":"Anchor Projects"},"content":{"rendered":"\n<h2 class=\"wp-block-heading\">A.J. Sj\u00f6gren&#8217;s diaries as an example of connections and ruptures between the researcher\u2019s life world and the life story as part of a canonized research history<\/h2>\n\n\n\n<p>In this anchor project Jyrki P\u00f6ys\u00e4 studies Andreas Johan Sj\u00f6gren&#8217;s (1794-1855) diaries<br>starting from the writings of a 12-year old boy and ending on the day of his death on January 18th, 1855. Sj\u00f6gren himself called his notebooks Ephemerider. They constitute a compelling source for researchers interested in not only the everyday life of people living in the early 19th<br>century but also the social networks of academics in the university town of Turku and in St Petersburg, the imperial capital of Russia. In the context of the project, P\u00f6ys\u00e4 plans to compare the diaries to Sj\u00f6gren&#8217;s autobiography, which concluded in 1845, ten years before his death. Also comparisons to Sj\u00f6gren&#8217;s official life histories will be made (Finnish national biography and earlier examples of his narrativized life history). Particular focus will be on Sj\u00f6gren&#8217;s ideas about health and illness. In Ephemerider Sj\u00f6gren describes his daily practices in painstaking detail, openly discussing his problems with digestion, various \u201cordinary\u201d illnesses, the common cold and different types of&nbsp;treatments. Sj\u00f6gren also writes about the serious problem of his failing eyesight, its underlying causes, and various attempts to obtain a cure.<\/p>\n\n\n\n<p>Yet not only physical problems offer an interesting perspective on the historical era and the<br>everyday struggles of an eminent scholar. Especially the final pages of his autobiography reveal the existential loneliness and feelings of unease dominating his life, conveying a somewhat paranoid sense to the reader. Both texts are archived at the National Library in Helsinki. Typewritten copies of Ephemerider (7,322 pages) are housed in the Finnish Literature Society&#8217;s archives and at the University of Jyv\u00e4skyl\u00e4 Library. Though excellent forays into Sj\u00f6gren&#8217;s life and work already exist, by Professor Michael Branch and several other researchers (Branch 1973, Ronimus-Poukka 2000, Ozhnovopolozhnik 2010), Sj\u00f6gren\u2019s personal writings \u2013 as documents of personal experience \u2013 offer a wealth of material for exploring and making new methodological contributions in the historiography of Finno-Ugric studies. As Sj\u00f6gren is a prominent figure in Finno-Ugric studies, even seemingly minor details may offer new insights into the inner life and bodily existence of a celebrated academician and the contingent atmosphere of his time.<\/p>\n\n\n\n<h2 class=\"wp-block-heading\">The \u201cKalevala frame\u201d of the late 19th and early 20th century fieldworkers to Russian Karelia<\/h2>\n\n\n\n<p>In this project, PhD Helena Lonkila will study the \u201cKalevala frame\u201d of the late 19th and early 20th<br>century fieldworkers to Russian Karelia. Though not usually seen as history or ethnography, the<br>Kalevala has been seen as a window to Finnish mentality even today. Elias L\u00f6nnrot&#8217;s Kalevala (\u201dOld\u201d: 1835, \u201dNew\u201d, enlarged: 1849) was used as a kind of metatext for fieldwork collecting and<br>observing by early fieldworkers including famous Siberia traveler Matthias Alexander Castr\u00e9n in<br>1840&#8217;s. At the turn of the century, among the so-called \u201ckarelianists\u201d, the Kalevala had a special role as a guide and a mirror of the field. Together with her supervisor and colleague, Professor Annika Waenerberg, Lonkila has conducted some interesting experimental fieldwork in the mythical sites of folklore collecting (Lonkila 2015). Acquiring an intuitive sense of the environment by following the footsteps of famous fieldworkers and artists is combined with using Kalevala experimentally as a metatext for the landscape. Within this project Lonkila is going further in analyzing the past and present experiences of \u201cbeing there.\u201d As a source material for doing an empathic reading of the landscape as archive, she is using her own diaries in conjunction with the field notes of researchers and artists who travelled the same paths over a century ago. As theoretical tool for interpretation, Lonkila will be testing the concepts of contemporary cultural semiotics developed in Tartu, Estonia.<\/p>\n\n\n\n<h2 class=\"wp-block-heading\">Encounter between folklorist Toivo Lehtisalo and a Nenets informant: representational strategies of constructing remoteness in the&nbsp; ethnographic descriptions<\/h2>\n\n\n\n<figure class=\"wp-block-image alignleft\"><img loading=\"lazy\" decoding=\"async\" width=\"300\" height=\"149\" src=\"https:\/\/blogs.uef.fi\/rufiar\/wp-content\/uploads\/sites\/81\/2018\/10\/lehtisalo_jaadne-300x149.jpg\" alt=\"\" class=\"wp-image-113\" srcset=\"https:\/\/blogs.uef.fi\/rufiar\/wp-content\/uploads\/sites\/81\/2018\/10\/lehtisalo_jaadne-300x149.jpg 300w, https:\/\/blogs.uef.fi\/rufiar\/wp-content\/uploads\/sites\/81\/2018\/10\/lehtisalo_jaadne-768x381.jpg 768w, https:\/\/blogs.uef.fi\/rufiar\/wp-content\/uploads\/sites\/81\/2018\/10\/lehtisalo_jaadne-1024x508.jpg 1024w, https:\/\/blogs.uef.fi\/rufiar\/wp-content\/uploads\/sites\/81\/2018\/10\/lehtisalo_jaadne-766x380.jpg 766w\" sizes=\"auto, (max-width: 300px) 100vw, 300px\" \/><\/figure>\n\n\n\n<p>In this project, PhD Karina Lukin will study an encounter between researcher and researched on a less typical ground, in Finland. In 1928 linguist and folklorist Toivo Lehtisalo invited a group of<br>indigenous people to Finland. Among the visitors was a man with whom Lehtisalo had worked intensively documenting knowledge about the shamanistic oral traditions of the Nenets people. Though invited here as friends, the Nenets were at the same time objectified, translated into research material. The case study will discuss the cultural logics underlying the encounter and the ways the guests were positioned not as totally \u201cother\u201d but as relatives, Finno-Ugrians living in the Soviet Union. The case study will also discuss the representational strategies of constructing remoteness in the ethnographic descriptions and explore not only how these strategies correspond to Central European and Russian ethnographic strategies but also their similarity to a more general history of othering the researched people.<\/p>\n\n\n\n<h2 class=\"wp-block-heading\">Gender and nationalism as keys to understanding archived field documents<\/h2>\n\n\n\n<p>Within this project PhD Tiina Sepp\u00e4 will study the field notes, letters and other personal documents&nbsp; as expressions of patriotism (and related motivation to document folk culture) within the circle of 1940s activists. An interesting case is Helmi Helminen, a female folklore collector, who later abandoned her PhD studies because of doubts about academic theft (J\u00e4rvinen 2004). As a contrastive background, Sepp\u00e4 draws on her other research on the lives of two well-known male folklore collectors, Heikki Meril\u00e4inen and Samuli Paulaharju. The difficult personal predicaments and professional struggles of both men are expressed in correspondence with the archive representatives in Helsinki in the 1890s and 1920s, respectively. The personal documents of Helmi Helminen are stored at the archives of the Institute for Languages in Finland and the archives of the Finnish Literature Society (documents on folklore).<\/p>\n\n\n\n<h2 class=\"wp-block-heading\">Deconstructing the ideologies and practices behind documenting folksongs and music in Karelia<\/h2>\n\n\n\n<p>Within this project PhD Elina Niiranen will study the collecting and archiving work of early&nbsp; folksong collectors (especially A.A. Borenius-L\u00e4hteenkorva, renowned for the quality of his<br>folklore and folksong collections) and compare that material with her own experiences as an employee at the musical school of Kuhmo in the 1990s. Together with the cross-border cultural<br>organization of Juminkeko, the school has arranged field trips to Russian Karelia (in many cases<br>with EU funding). The documents are archived in Juminkeko. Comparing the ideas and ideologies of music, folklore, ethnicity, locality and nation behind these projects makes it possible also to see the early field collectors&#8217; work in a new light.<\/p>\n\n\n\n<p><strong>The project Russia as a Field and Archive in collaboration with the Academy of Finland:<\/strong><\/p>\n\n\n\n<figure class=\"wp-block-image size-full\"><img loading=\"lazy\" decoding=\"async\" width=\"300\" height=\"85\" src=\"https:\/\/blogs.uef.fi\/rufiar\/wp-content\/uploads\/sites\/81\/2018\/10\/AoF_balanced-300x85.jpg\" alt=\"\" class=\"wp-image-151\" \/><\/figure>\n","protected":false},"excerpt":{"rendered":"<p>A.J. Sj\u00f6gren&#8217;s diaries as an example of connections and ruptures between the researcher\u2019s life world and the life story as part of a canonized research history In this anchor project Jyrki P\u00f6ys\u00e4 studies Andreas Johan Sj\u00f6gren&#8217;s (1794-1855) diariesstarting from the writings of a 12-year old boy and ending on the day of his death on [&hellip;]<\/p>\n","protected":false},"author":231,"featured_media":0,"parent":21,"menu_order":2,"comment_status":"closed","ping_status":"closed","template":"","meta":{"_acf_changed":false,"footnotes":""},"class_list":["post-163","page","type-page","status-publish","hentry"],"acf":[],"yoast_head":"<!-- This site is optimized with the Yoast SEO plugin v27.1.1 - https:\/\/yoast.com\/product\/yoast-seo-wordpress\/ -->\n<title>Anchor Projects - Russia as a field and an archive<\/title>\n<meta name=\"robots\" content=\"index, follow, max-snippet:-1, max-image-preview:large, max-video-preview:-1\" \/>\n<link rel=\"canonical\" href=\"https:\/\/blogs.uef.fi\/rufiar\/project\/anchor-projects\/\" \/>\n<meta property=\"og:locale\" content=\"en_US\" \/>\n<meta property=\"og:type\" content=\"article\" \/>\n<meta property=\"og:title\" content=\"Anchor Projects - Russia as a field and an archive\" \/>\n<meta property=\"og:description\" content=\"A.J. Sj\u00f6gren&#8217;s diaries as an example of connections and ruptures between the researcher\u2019s life world and the life story as part of a canonized research history In this anchor project Jyrki P\u00f6ys\u00e4 studies Andreas Johan Sj\u00f6gren&#8217;s (1794-1855) diariesstarting from the writings of a 12-year old boy and ending on the day of his death on [&hellip;]\" \/>\n<meta property=\"og:url\" content=\"https:\/\/blogs.uef.fi\/rufiar\/project\/anchor-projects\/\" \/>\n<meta property=\"og:site_name\" content=\"Russia as a field and an archive\" \/>\n<meta property=\"article:modified_time\" content=\"2023-11-28T07:48:00+00:00\" \/>\n<meta property=\"og:image\" content=\"https:\/\/blogs.uef.fi\/rufiar\/wp-content\/uploads\/sites\/81\/2018\/10\/lehtisalo_jaadne-300x149.jpg\" \/>\n<meta name=\"twitter:card\" content=\"summary_large_image\" \/>\n<meta name=\"twitter:label1\" content=\"Est. reading time\" \/>\n\t<meta name=\"twitter:data1\" content=\"6 minutes\" \/>\n<script type=\"application\/ld+json\" class=\"yoast-schema-graph\">{\"@context\":\"https:\/\/schema.org\",\"@graph\":[{\"@type\":\"WebPage\",\"@id\":\"https:\/\/blogs.uef.fi\/rufiar\/project\/anchor-projects\/\",\"url\":\"https:\/\/blogs.uef.fi\/rufiar\/project\/anchor-projects\/\",\"name\":\"Anchor Projects - Russia as a field and an archive\",\"isPartOf\":{\"@id\":\"https:\/\/blogs.uef.fi\/rufiar\/#website\"},\"primaryImageOfPage\":{\"@id\":\"https:\/\/blogs.uef.fi\/rufiar\/project\/anchor-projects\/#primaryimage\"},\"image\":{\"@id\":\"https:\/\/blogs.uef.fi\/rufiar\/project\/anchor-projects\/#primaryimage\"},\"thumbnailUrl\":\"https:\/\/blogs.uef.fi\/rufiar\/wp-content\/uploads\/sites\/81\/2018\/10\/lehtisalo_jaadne-300x149.jpg\",\"datePublished\":\"2018-10-24T18:11:31+00:00\",\"dateModified\":\"2023-11-28T07:48:00+00:00\",\"breadcrumb\":{\"@id\":\"https:\/\/blogs.uef.fi\/rufiar\/project\/anchor-projects\/#breadcrumb\"},\"inLanguage\":\"en-US\",\"potentialAction\":[{\"@type\":\"ReadAction\",\"target\":[\"https:\/\/blogs.uef.fi\/rufiar\/project\/anchor-projects\/\"]}]},{\"@type\":\"ImageObject\",\"inLanguage\":\"en-US\",\"@id\":\"https:\/\/blogs.uef.fi\/rufiar\/project\/anchor-projects\/#primaryimage\",\"url\":\"https:\/\/blogs.uef.fi\/rufiar\/wp-content\/uploads\/sites\/81\/2018\/10\/lehtisalo_jaadne.jpg\",\"contentUrl\":\"https:\/\/blogs.uef.fi\/rufiar\/wp-content\/uploads\/sites\/81\/2018\/10\/lehtisalo_jaadne.jpg\",\"width\":2343,\"height\":1162},{\"@type\":\"BreadcrumbList\",\"@id\":\"https:\/\/blogs.uef.fi\/rufiar\/project\/anchor-projects\/#breadcrumb\",\"itemListElement\":[{\"@type\":\"ListItem\",\"position\":1,\"name\":\"Home\",\"item\":\"https:\/\/blogs.uef.fi\/rufiar\/\"},{\"@type\":\"ListItem\",\"position\":2,\"name\":\"Project\",\"item\":\"https:\/\/blogs.uef.fi\/rufiar\/project\/\"},{\"@type\":\"ListItem\",\"position\":3,\"name\":\"Anchor Projects\"}]},{\"@type\":\"WebSite\",\"@id\":\"https:\/\/blogs.uef.fi\/rufiar\/#website\",\"url\":\"https:\/\/blogs.uef.fi\/rufiar\/\",\"name\":\"Russia as a field and an archive\",\"description\":\"\",\"potentialAction\":[{\"@type\":\"SearchAction\",\"target\":{\"@type\":\"EntryPoint\",\"urlTemplate\":\"https:\/\/blogs.uef.fi\/rufiar\/?s={search_term_string}\"},\"query-input\":{\"@type\":\"PropertyValueSpecification\",\"valueRequired\":true,\"valueName\":\"search_term_string\"}}],\"inLanguage\":\"en-US\"}]}<\/script>\n<!-- \/ Yoast SEO plugin. -->","yoast_head_json":{"title":"Anchor Projects - Russia as a field and an archive","robots":{"index":"index","follow":"follow","max-snippet":"max-snippet:-1","max-image-preview":"max-image-preview:large","max-video-preview":"max-video-preview:-1"},"canonical":"https:\/\/blogs.uef.fi\/rufiar\/project\/anchor-projects\/","og_locale":"en_US","og_type":"article","og_title":"Anchor Projects - Russia as a field and an archive","og_description":"A.J. Sj\u00f6gren&#8217;s diaries as an example of connections and ruptures between the researcher\u2019s life world and the life story as part of a canonized research history In this anchor project Jyrki P\u00f6ys\u00e4 studies Andreas Johan Sj\u00f6gren&#8217;s (1794-1855) diariesstarting from the writings of a 12-year old boy and ending on the day of his death on [&hellip;]","og_url":"https:\/\/blogs.uef.fi\/rufiar\/project\/anchor-projects\/","og_site_name":"Russia as a field and an archive","article_modified_time":"2023-11-28T07:48:00+00:00","og_image":[{"url":"https:\/\/blogs.uef.fi\/rufiar\/wp-content\/uploads\/sites\/81\/2018\/10\/lehtisalo_jaadne-300x149.jpg","type":"","width":"","height":""}],"twitter_card":"summary_large_image","twitter_misc":{"Est. reading time":"6 minutes"},"schema":{"@context":"https:\/\/schema.org","@graph":[{"@type":"WebPage","@id":"https:\/\/blogs.uef.fi\/rufiar\/project\/anchor-projects\/","url":"https:\/\/blogs.uef.fi\/rufiar\/project\/anchor-projects\/","name":"Anchor Projects - Russia as a field and an archive","isPartOf":{"@id":"https:\/\/blogs.uef.fi\/rufiar\/#website"},"primaryImageOfPage":{"@id":"https:\/\/blogs.uef.fi\/rufiar\/project\/anchor-projects\/#primaryimage"},"image":{"@id":"https:\/\/blogs.uef.fi\/rufiar\/project\/anchor-projects\/#primaryimage"},"thumbnailUrl":"https:\/\/blogs.uef.fi\/rufiar\/wp-content\/uploads\/sites\/81\/2018\/10\/lehtisalo_jaadne-300x149.jpg","datePublished":"2018-10-24T18:11:31+00:00","dateModified":"2023-11-28T07:48:00+00:00","breadcrumb":{"@id":"https:\/\/blogs.uef.fi\/rufiar\/project\/anchor-projects\/#breadcrumb"},"inLanguage":"en-US","potentialAction":[{"@type":"ReadAction","target":["https:\/\/blogs.uef.fi\/rufiar\/project\/anchor-projects\/"]}]},{"@type":"ImageObject","inLanguage":"en-US","@id":"https:\/\/blogs.uef.fi\/rufiar\/project\/anchor-projects\/#primaryimage","url":"https:\/\/blogs.uef.fi\/rufiar\/wp-content\/uploads\/sites\/81\/2018\/10\/lehtisalo_jaadne.jpg","contentUrl":"https:\/\/blogs.uef.fi\/rufiar\/wp-content\/uploads\/sites\/81\/2018\/10\/lehtisalo_jaadne.jpg","width":2343,"height":1162},{"@type":"BreadcrumbList","@id":"https:\/\/blogs.uef.fi\/rufiar\/project\/anchor-projects\/#breadcrumb","itemListElement":[{"@type":"ListItem","position":1,"name":"Home","item":"https:\/\/blogs.uef.fi\/rufiar\/"},{"@type":"ListItem","position":2,"name":"Project","item":"https:\/\/blogs.uef.fi\/rufiar\/project\/"},{"@type":"ListItem","position":3,"name":"Anchor Projects"}]},{"@type":"WebSite","@id":"https:\/\/blogs.uef.fi\/rufiar\/#website","url":"https:\/\/blogs.uef.fi\/rufiar\/","name":"Russia as a field and an archive","description":"","potentialAction":[{"@type":"SearchAction","target":{"@type":"EntryPoint","urlTemplate":"https:\/\/blogs.uef.fi\/rufiar\/?s={search_term_string}"},"query-input":{"@type":"PropertyValueSpecification","valueRequired":true,"valueName":"search_term_string"}}],"inLanguage":"en-US"}]}},"_links":{"self":[{"href":"https:\/\/blogs.uef.fi\/rufiar\/wp-json\/wp\/v2\/pages\/163","targetHints":{"allow":["GET"]}}],"collection":[{"href":"https:\/\/blogs.uef.fi\/rufiar\/wp-json\/wp\/v2\/pages"}],"about":[{"href":"https:\/\/blogs.uef.fi\/rufiar\/wp-json\/wp\/v2\/types\/page"}],"author":[{"embeddable":true,"href":"https:\/\/blogs.uef.fi\/rufiar\/wp-json\/wp\/v2\/users\/231"}],"replies":[{"embeddable":true,"href":"https:\/\/blogs.uef.fi\/rufiar\/wp-json\/wp\/v2\/comments?post=163"}],"version-history":[{"count":2,"href":"https:\/\/blogs.uef.fi\/rufiar\/wp-json\/wp\/v2\/pages\/163\/revisions"}],"predecessor-version":[{"id":630,"href":"https:\/\/blogs.uef.fi\/rufiar\/wp-json\/wp\/v2\/pages\/163\/revisions\/630"}],"up":[{"embeddable":true,"href":"https:\/\/blogs.uef.fi\/rufiar\/wp-json\/wp\/v2\/pages\/21"}],"wp:attachment":[{"href":"https:\/\/blogs.uef.fi\/rufiar\/wp-json\/wp\/v2\/media?parent=163"}],"curies":[{"name":"wp","href":"https:\/\/api.w.org\/{rel}","templated":true}]}}