{"id":389,"date":"2020-08-14T15:39:30","date_gmt":"2020-08-14T15:39:30","guid":{"rendered":"https:\/\/blogs.uef.fi\/puutlahellamme\/?page_id=389"},"modified":"2020-10-09T19:42:28","modified_gmt":"2020-10-09T19:42:28","slug":"tutkimuskysely","status":"publish","type":"page","link":"https:\/\/blogs.uef.fi\/puutlahellamme\/tutkimus\/tutkimuskysely\/","title":{"rendered":"Tutkimuskysely"},"content":{"rendered":"<h1>Kysely on suljettu. Kiitos mielenkiinnosta!<\/h1>\n<p><strong>Puut l\u00e4hell\u00e4mme &#8211; hankkeen Suomen tutkimuskysely oli avoinna syyskuusta 2019 tammikuuhun 2020. Viidess\u00e4 kuukaudessa vastauksia kertyi yli 1 700 kappaletta. Kiitos kaikille osallistuneille.<\/strong><\/p>\n<p>Seuraavaksi ker\u00e4\u00e4mme kansainv\u00e4list\u00e4 vertailuaineistoa. Jos haluat jakaa tietoa sinulle t\u00e4rke\u00e4st\u00e4 puuyksil\u00f6st\u00e4, voit yh\u00e4 osallistua t\u00e4ytt\u00e4m\u00e4ll\u00e4 <a href=\"https:\/\/blogs.uef.fi\/puutlahellamme\/treesnearus\/questionnaire\/\" target=\"_blank\" rel=\"noopener noreferrer\">englanninkielisen lomakkeen<\/a>. T\u00e4ss\u00e4 keruussa k\u00e4ytettyj\u00e4 vastauksia ei sis\u00e4llytet\u00e4 analyysiin, mutta ne tarjoavat tutkijoille mielenkiintoista taustatietoa ja iloa. Lomaakkeen t\u00e4ytetty\u00e4si voit kirjautua vastaanottamaan tutkimusuutiskirjeen, jossa kerrotaan tutkimuksen tuloksista.<\/p>\n<p>Voit seurata Puut l\u00e4hell\u00e4mme &#8211; hanketta <a href=\"https:\/\/www.facebook.com\/puutlahellamme\/\" target=\"_blank\" rel=\"noopener noreferrer\">Facebookissa<\/a>, <a title=\"Instagramissa\" href=\"https:\/\/www.instagram.com\/puutlahellamme\" target=\"_blank\" rel=\"noopener noreferrer\">Instagramissa<\/a> ja <a href=\"https:\/\/blogs.uef.fi\/puutlahellamme\/blogi\/\">blogissa<\/a>.<\/p>\n","protected":false},"excerpt":{"rendered":"<p>Kysely on suljettu. Kiitos mielenkiinnosta! Puut l\u00e4hell\u00e4mme &#8211; hankkeen Suomen tutkimuskysely oli avoinna syyskuusta 2019 tammikuuhun 2020. Viidess\u00e4 kuukaudessa vastauksia kertyi yli 1 700 kappaletta. Kiitos kaikille osallistuneille. Seuraavaksi ker\u00e4\u00e4mme kansainv\u00e4list\u00e4 vertailuaineistoa. Jos haluat jakaa tietoa sinulle t\u00e4rke\u00e4st\u00e4 puuyksil\u00f6st\u00e4, voit yh\u00e4 osallistua t\u00e4ytt\u00e4m\u00e4ll\u00e4 englanninkielisen lomakkeen. T\u00e4ss\u00e4 keruussa k\u00e4ytettyj\u00e4 vastauksia ei sis\u00e4llytet\u00e4 analyysiin, mutta ne tarjoavat [&hellip;]<\/p>\n","protected":false},"author":265,"featured_media":564,"parent":275,"menu_order":2,"comment_status":"closed","ping_status":"closed","template":"","meta":{"_acf_changed":false,"footnotes":""},"class_list":["post-389","page","type-page","status-publish","has-post-thumbnail","hentry"],"acf":[],"yoast_head":"<!-- This site is optimized with the Yoast SEO plugin v27.1.1 - https:\/\/yoast.com\/product\/yoast-seo-wordpress\/ -->\n<title>Tutkimuskysely | Trees Near Us - Puut l\u00e4hell\u00e4mme - Bomen Naast Ons<\/title>\n<meta name=\"description\" content=\"Puut l\u00e4hell\u00e4mme - tutkimuskysely on suljettu. Vastauksia kertyi runsaat 1 700 kappaletta.\" \/>\n<meta name=\"robots\" content=\"index, follow, max-snippet:-1, max-image-preview:large, max-video-preview:-1\" \/>\n<link rel=\"canonical\" href=\"https:\/\/blogs.uef.fi\/puutlahellamme\/tutkimus\/tutkimuskysely\/\" \/>\n<meta property=\"og:locale\" content=\"fi_FI\" \/>\n<meta property=\"og:type\" content=\"article\" \/>\n<meta property=\"og:title\" content=\"Tutkimuskysely | Trees Near Us - Puut l\u00e4hell\u00e4mme - Bomen Naast Ons\" \/>\n<meta property=\"og:description\" content=\"Puut l\u00e4hell\u00e4mme - tutkimuskysely on suljettu. Vastauksia kertyi runsaat 1 700 kappaletta.\" \/>\n<meta property=\"og:url\" content=\"https:\/\/blogs.uef.fi\/puutlahellamme\/tutkimus\/tutkimuskysely\/\" \/>\n<meta property=\"og:site_name\" content=\"Trees Near Us - Puut l\u00e4hell\u00e4mme - Bomen Naast Ons\" \/>\n<meta property=\"article:modified_time\" content=\"2020-10-09T19:42:28+00:00\" \/>\n<meta property=\"og:image\" content=\"https:\/\/blogs.uef.fi\/puutlahellamme\/wp-content\/uploads\/sites\/109\/2020\/10\/DSC1582.jpg\" \/>\n\t<meta property=\"og:image:width\" content=\"1200\" \/>\n\t<meta property=\"og:image:height\" content=\"488\" \/>\n\t<meta property=\"og:image:type\" content=\"image\/jpeg\" \/>\n<meta name=\"twitter:card\" content=\"summary_large_image\" \/>\n<script type=\"application\/ld+json\" class=\"yoast-schema-graph\">{\"@context\":\"https:\/\/schema.org\",\"@graph\":[{\"@type\":\"WebPage\",\"@id\":\"https:\/\/blogs.uef.fi\/puutlahellamme\/tutkimus\/tutkimuskysely\/\",\"url\":\"https:\/\/blogs.uef.fi\/puutlahellamme\/tutkimus\/tutkimuskysely\/\",\"name\":\"Tutkimuskysely | Trees Near Us - Puut l\u00e4hell\u00e4mme - Bomen Naast Ons\",\"isPartOf\":{\"@id\":\"https:\/\/blogs.uef.fi\/puutlahellamme\/#website\"},\"primaryImageOfPage\":{\"@id\":\"https:\/\/blogs.uef.fi\/puutlahellamme\/tutkimus\/tutkimuskysely\/#primaryimage\"},\"image\":{\"@id\":\"https:\/\/blogs.uef.fi\/puutlahellamme\/tutkimus\/tutkimuskysely\/#primaryimage\"},\"thumbnailUrl\":\"https:\/\/blogs.uef.fi\/puutlahellamme\/wp-content\/uploads\/sites\/109\/2020\/10\/DSC1582.jpg\",\"datePublished\":\"2020-08-14T15:39:30+00:00\",\"dateModified\":\"2020-10-09T19:42:28+00:00\",\"description\":\"Puut l\u00e4hell\u00e4mme - tutkimuskysely on suljettu. Vastauksia kertyi runsaat 1 700 kappaletta.\",\"breadcrumb\":{\"@id\":\"https:\/\/blogs.uef.fi\/puutlahellamme\/tutkimus\/tutkimuskysely\/#breadcrumb\"},\"inLanguage\":\"fi\",\"potentialAction\":[{\"@type\":\"ReadAction\",\"target\":[\"https:\/\/blogs.uef.fi\/puutlahellamme\/tutkimus\/tutkimuskysely\/\"]}]},{\"@type\":\"ImageObject\",\"inLanguage\":\"fi\",\"@id\":\"https:\/\/blogs.uef.fi\/puutlahellamme\/tutkimus\/tutkimuskysely\/#primaryimage\",\"url\":\"https:\/\/blogs.uef.fi\/puutlahellamme\/wp-content\/uploads\/sites\/109\/2020\/10\/DSC1582.jpg\",\"contentUrl\":\"https:\/\/blogs.uef.fi\/puutlahellamme\/wp-content\/uploads\/sites\/109\/2020\/10\/DSC1582.jpg\",\"width\":1200,\"height\":488,\"caption\":\"Tutkimusryhm\u00e4n j\u00e4seni\u00e4 mets\u00e4ss\u00e4\"},{\"@type\":\"BreadcrumbList\",\"@id\":\"https:\/\/blogs.uef.fi\/puutlahellamme\/tutkimus\/tutkimuskysely\/#breadcrumb\",\"itemListElement\":[{\"@type\":\"ListItem\",\"position\":1,\"name\":\"Home\",\"item\":\"https:\/\/blogs.uef.fi\/puutlahellamme\/\"},{\"@type\":\"ListItem\",\"position\":2,\"name\":\"Tutkimus\",\"item\":\"https:\/\/blogs.uef.fi\/puutlahellamme\/tutkimus\/\"},{\"@type\":\"ListItem\",\"position\":3,\"name\":\"Tutkimuskysely\"}]},{\"@type\":\"WebSite\",\"@id\":\"https:\/\/blogs.uef.fi\/puutlahellamme\/#website\",\"url\":\"https:\/\/blogs.uef.fi\/puutlahellamme\/\",\"name\":\"Puut l\u00e4hell\u00e4mme - tutkimushanke\",\"description\":\"\",\"publisher\":{\"@id\":\"https:\/\/blogs.uef.fi\/puutlahellamme\/#organization\"},\"potentialAction\":[{\"@type\":\"SearchAction\",\"target\":{\"@type\":\"EntryPoint\",\"urlTemplate\":\"https:\/\/blogs.uef.fi\/puutlahellamme\/?s={search_term_string}\"},\"query-input\":{\"@type\":\"PropertyValueSpecification\",\"valueRequired\":true,\"valueName\":\"search_term_string\"}}],\"inLanguage\":\"fi\"},{\"@type\":\"Organization\",\"@id\":\"https:\/\/blogs.uef.fi\/puutlahellamme\/#organization\",\"name\":\"Puut l\u00e4hell\u00e4mme-tutkimushanke\",\"url\":\"https:\/\/blogs.uef.fi\/puutlahellamme\/\",\"logo\":{\"@type\":\"ImageObject\",\"inLanguage\":\"fi\",\"@id\":\"https:\/\/blogs.uef.fi\/puutlahellamme\/#\/schema\/logo\/image\/\",\"url\":\"https:\/\/blogs.uef.fi\/puutlahellamme\/wp-content\/uploads\/sites\/109\/2019\/09\/profiilikuva.jpg\",\"contentUrl\":\"https:\/\/blogs.uef.fi\/puutlahellamme\/wp-content\/uploads\/sites\/109\/2019\/09\/profiilikuva.jpg\",\"width\":663,\"height\":546,\"caption\":\"Puut l\u00e4hell\u00e4mme-tutkimushanke\"},\"image\":{\"@id\":\"https:\/\/blogs.uef.fi\/puutlahellamme\/#\/schema\/logo\/image\/\"}}]}<\/script>\n<!-- \/ Yoast SEO plugin. -->","yoast_head_json":{"title":"Tutkimuskysely | Trees Near Us - Puut l\u00e4hell\u00e4mme - Bomen Naast Ons","description":"Puut l\u00e4hell\u00e4mme - tutkimuskysely on suljettu. Vastauksia kertyi runsaat 1 700 kappaletta.","robots":{"index":"index","follow":"follow","max-snippet":"max-snippet:-1","max-image-preview":"max-image-preview:large","max-video-preview":"max-video-preview:-1"},"canonical":"https:\/\/blogs.uef.fi\/puutlahellamme\/tutkimus\/tutkimuskysely\/","og_locale":"fi_FI","og_type":"article","og_title":"Tutkimuskysely | Trees Near Us - Puut l\u00e4hell\u00e4mme - Bomen Naast Ons","og_description":"Puut l\u00e4hell\u00e4mme - tutkimuskysely on suljettu. Vastauksia kertyi runsaat 1 700 kappaletta.","og_url":"https:\/\/blogs.uef.fi\/puutlahellamme\/tutkimus\/tutkimuskysely\/","og_site_name":"Trees Near Us - Puut l\u00e4hell\u00e4mme - Bomen Naast Ons","article_modified_time":"2020-10-09T19:42:28+00:00","og_image":[{"width":1200,"height":488,"url":"https:\/\/blogs.uef.fi\/puutlahellamme\/wp-content\/uploads\/sites\/109\/2020\/10\/DSC1582.jpg","type":"image\/jpeg"}],"twitter_card":"summary_large_image","schema":{"@context":"https:\/\/schema.org","@graph":[{"@type":"WebPage","@id":"https:\/\/blogs.uef.fi\/puutlahellamme\/tutkimus\/tutkimuskysely\/","url":"https:\/\/blogs.uef.fi\/puutlahellamme\/tutkimus\/tutkimuskysely\/","name":"Tutkimuskysely | Trees Near Us - Puut l\u00e4hell\u00e4mme - Bomen Naast Ons","isPartOf":{"@id":"https:\/\/blogs.uef.fi\/puutlahellamme\/#website"},"primaryImageOfPage":{"@id":"https:\/\/blogs.uef.fi\/puutlahellamme\/tutkimus\/tutkimuskysely\/#primaryimage"},"image":{"@id":"https:\/\/blogs.uef.fi\/puutlahellamme\/tutkimus\/tutkimuskysely\/#primaryimage"},"thumbnailUrl":"https:\/\/blogs.uef.fi\/puutlahellamme\/wp-content\/uploads\/sites\/109\/2020\/10\/DSC1582.jpg","datePublished":"2020-08-14T15:39:30+00:00","dateModified":"2020-10-09T19:42:28+00:00","description":"Puut l\u00e4hell\u00e4mme - tutkimuskysely on suljettu. Vastauksia kertyi runsaat 1 700 kappaletta.","breadcrumb":{"@id":"https:\/\/blogs.uef.fi\/puutlahellamme\/tutkimus\/tutkimuskysely\/#breadcrumb"},"inLanguage":"fi","potentialAction":[{"@type":"ReadAction","target":["https:\/\/blogs.uef.fi\/puutlahellamme\/tutkimus\/tutkimuskysely\/"]}]},{"@type":"ImageObject","inLanguage":"fi","@id":"https:\/\/blogs.uef.fi\/puutlahellamme\/tutkimus\/tutkimuskysely\/#primaryimage","url":"https:\/\/blogs.uef.fi\/puutlahellamme\/wp-content\/uploads\/sites\/109\/2020\/10\/DSC1582.jpg","contentUrl":"https:\/\/blogs.uef.fi\/puutlahellamme\/wp-content\/uploads\/sites\/109\/2020\/10\/DSC1582.jpg","width":1200,"height":488,"caption":"Tutkimusryhm\u00e4n j\u00e4seni\u00e4 mets\u00e4ss\u00e4"},{"@type":"BreadcrumbList","@id":"https:\/\/blogs.uef.fi\/puutlahellamme\/tutkimus\/tutkimuskysely\/#breadcrumb","itemListElement":[{"@type":"ListItem","position":1,"name":"Home","item":"https:\/\/blogs.uef.fi\/puutlahellamme\/"},{"@type":"ListItem","position":2,"name":"Tutkimus","item":"https:\/\/blogs.uef.fi\/puutlahellamme\/tutkimus\/"},{"@type":"ListItem","position":3,"name":"Tutkimuskysely"}]},{"@type":"WebSite","@id":"https:\/\/blogs.uef.fi\/puutlahellamme\/#website","url":"https:\/\/blogs.uef.fi\/puutlahellamme\/","name":"Puut l\u00e4hell\u00e4mme - tutkimushanke","description":"","publisher":{"@id":"https:\/\/blogs.uef.fi\/puutlahellamme\/#organization"},"potentialAction":[{"@type":"SearchAction","target":{"@type":"EntryPoint","urlTemplate":"https:\/\/blogs.uef.fi\/puutlahellamme\/?s={search_term_string}"},"query-input":{"@type":"PropertyValueSpecification","valueRequired":true,"valueName":"search_term_string"}}],"inLanguage":"fi"},{"@type":"Organization","@id":"https:\/\/blogs.uef.fi\/puutlahellamme\/#organization","name":"Puut l\u00e4hell\u00e4mme-tutkimushanke","url":"https:\/\/blogs.uef.fi\/puutlahellamme\/","logo":{"@type":"ImageObject","inLanguage":"fi","@id":"https:\/\/blogs.uef.fi\/puutlahellamme\/#\/schema\/logo\/image\/","url":"https:\/\/blogs.uef.fi\/puutlahellamme\/wp-content\/uploads\/sites\/109\/2019\/09\/profiilikuva.jpg","contentUrl":"https:\/\/blogs.uef.fi\/puutlahellamme\/wp-content\/uploads\/sites\/109\/2019\/09\/profiilikuva.jpg","width":663,"height":546,"caption":"Puut l\u00e4hell\u00e4mme-tutkimushanke"},"image":{"@id":"https:\/\/blogs.uef.fi\/puutlahellamme\/#\/schema\/logo\/image\/"}}]}},"_links":{"self":[{"href":"https:\/\/blogs.uef.fi\/puutlahellamme\/wp-json\/wp\/v2\/pages\/389","targetHints":{"allow":["GET"]}}],"collection":[{"href":"https:\/\/blogs.uef.fi\/puutlahellamme\/wp-json\/wp\/v2\/pages"}],"about":[{"href":"https:\/\/blogs.uef.fi\/puutlahellamme\/wp-json\/wp\/v2\/types\/page"}],"author":[{"embeddable":true,"href":"https:\/\/blogs.uef.fi\/puutlahellamme\/wp-json\/wp\/v2\/users\/265"}],"replies":[{"embeddable":true,"href":"https:\/\/blogs.uef.fi\/puutlahellamme\/wp-json\/wp\/v2\/comments?post=389"}],"version-history":[{"count":2,"href":"https:\/\/blogs.uef.fi\/puutlahellamme\/wp-json\/wp\/v2\/pages\/389\/revisions"}],"predecessor-version":[{"id":669,"href":"https:\/\/blogs.uef.fi\/puutlahellamme\/wp-json\/wp\/v2\/pages\/389\/revisions\/669"}],"up":[{"embeddable":true,"href":"https:\/\/blogs.uef.fi\/puutlahellamme\/wp-json\/wp\/v2\/pages\/275"}],"wp:featuredmedia":[{"embeddable":true,"href":"https:\/\/blogs.uef.fi\/puutlahellamme\/wp-json\/wp\/v2\/media\/564"}],"wp:attachment":[{"href":"https:\/\/blogs.uef.fi\/puutlahellamme\/wp-json\/wp\/v2\/media?parent=389"}],"curies":[{"name":"wp","href":"https:\/\/api.w.org\/{rel}","templated":true}]}}