{"id":257,"date":"2020-08-14T07:20:10","date_gmt":"2020-08-14T07:20:10","guid":{"rendered":"https:\/\/blogs.uef.fi\/puutlahellamme\/?page_id=257"},"modified":"2024-02-19T04:12:18","modified_gmt":"2024-02-19T04:12:18","slug":"tutkimus","status":"publish","type":"page","link":"https:\/\/blogs.uef.fi\/puutlahellamme\/","title":{"rendered":"Etusivu"},"content":{"rendered":"\n<div class=\"wp-block-columns is-layout-flex wp-container-core-columns-is-layout-9d6595d7 wp-block-columns-is-layout-flex\">\n<div class=\"wp-block-column is-layout-flow wp-block-column-is-layout-flow\" style=\"flex-basis:100%\">\n<figure class=\"wp-block-image size-large\"><img loading=\"lazy\" decoding=\"async\" width=\"1024\" height=\"683\" src=\"https:\/\/blogs.uef.fi\/puutlahellamme\/wp-content\/uploads\/sites\/109\/2020\/10\/AdobeStock_163651372-1024x683.jpg\" alt=\"ihmisen k\u00e4si koskettaa puun kaarnaa\" class=\"wp-image-576\" srcset=\"https:\/\/blogs.uef.fi\/puutlahellamme\/wp-content\/uploads\/sites\/109\/2020\/10\/AdobeStock_163651372-1024x683.jpg 1024w, https:\/\/blogs.uef.fi\/puutlahellamme\/wp-content\/uploads\/sites\/109\/2020\/10\/AdobeStock_163651372-300x200.jpg 300w, https:\/\/blogs.uef.fi\/puutlahellamme\/wp-content\/uploads\/sites\/109\/2020\/10\/AdobeStock_163651372-768x512.jpg 768w, https:\/\/blogs.uef.fi\/puutlahellamme\/wp-content\/uploads\/sites\/109\/2020\/10\/AdobeStock_163651372.jpg 1200w\" sizes=\"auto, (max-width: 1024px) 100vw, 1024px\" \/><\/figure>\n\n\n\n<p><strong>Millaisia ovat suomalaisten puusuhteet? Mik\u00e4 puu ket\u00e4kin vieh\u00e4tt\u00e4\u00e4 ja miksi? Voiko puulla olla tunnearvoa? Voiko puihin kiinty\u00e4? Miten hoidamme meille t\u00e4rkeit\u00e4 puita?<\/strong><\/p>\n\n\n\n<p>Puut l\u00e4hell\u00e4mme -hanke ker\u00e4\u00e4 tietoa suomalaisille t\u00e4rkeist\u00e4 puista. Tutkimuksessa selvitet\u00e4\u00e4n puusuhteiden taustatekij\u00f6it\u00e4 ja puiden kanssa el\u00e4misen tapoja.<\/p>\n\n\n\n<p>Kiintymys puihin on kulttuurinen ilmi\u00f6, joka n\u00e4kyy esimerkiksi kaunokirjallisuudessa. Tutkimuksessamme t\u00e4m\u00e4n p\u00e4iv\u00e4n yksil\u00f6lliset puusuhteet liitet\u00e4\u00e4n&nbsp; niiden kulttuurihistorialliseen taustaan.<\/p>\n\n\n\n<p>Puusuhteisiin liittyy aina my\u00f6s tunteita ja kokemusmaailma, jotka v\u00e4littyv\u00e4t parhaiten taiteen avulla. Suhde omaan lempipuuhun tehd\u00e4\u00e4n hankkeessa n\u00e4kyv\u00e4ksi itse otetuin ja valokuvataiteilijan ottamin valokuvin. Tutkimme puiden omalaatuisuutta my\u00f6s \u00e4\u00e4nitaiteen menetelmin.<\/p>\n\n\n\n<p>Tutkimustieto lis\u00e4\u00e4 kulttuurista ymm\u00e4rryst\u00e4 puiden merkityksist\u00e4 ihmisille. Tiedosta voi olla hy\u00f6ty\u00e4 my\u00f6s kaupunkisuunnittelussa, viheralueiden hoidossa ja mets\u00e4suunnittelussa.<\/p>\n\n\n\n<p>Puut l\u00e4hell\u00e4mme -hanke on It\u00e4-Suomen yliopiston Mets\u00e4tieteiden laitoksen monitieteinen tutkimus, jota on toteuttamassa mets\u00e4tieteen, kulttuuriantropologian ja kirjallisuuden tutkijoita sek\u00e4 \u00e4\u00e4nitaiteen ja valokuvataiteen ammattilaisia. Hanke on k\u00e4ynniss\u00e4 2019-2023. Hanketta rahoittaa Koneen S\u00e4\u00e4ti\u00f6. Yhteisty\u00f6kumppaneina tutkimuksessa ovat my\u00f6s Turun Yliopisto sek\u00e4 Wageningenin yliopisto Hollannissa.<\/p>\n\n\n\n<div class=\"links-block\">\n\n            <h3>Pysy mukana! Voit seurata meit\u00e4 my\u00f6s somessa.<\/h3>\n    \n    <ul class=\"link-list\">\n        \n            \n            <li class=\"link-list-item\">\n                <a href=\"https:\/\/www.instagram.com\/puutlahellamme\/\" class=\"link-reset link hover-scale-down\">\n                    <svg\n        width=\"43\" height=\"25\"\n        viewBox=\"0 0 43 25\"\n        xmlns=\"http:\/\/www.w3.org\/2000\/svg\">\n    <path\n        d=\"M30.027 0 43 12.5 30.027 25 27 22.083 34.351 15H0v-5h34.351L27 2.917z\"\n        fill=\"currentColor\"\n        fill-rule=\"evenodd\"\/>\n<\/svg>                    <div>Instagram @puutlahellamme<\/div>\n                <\/a>\n                <div class=\"link-info\">\n                                    <\/div>\n            <\/li>\n\n        \n            <li class=\"link-list-item\">\n                <a href=\"https:\/\/www.facebook.com\/puutlahellamme\" class=\"link-reset link hover-scale-down\">\n                    <svg\n        width=\"43\" height=\"25\"\n        viewBox=\"0 0 43 25\"\n        xmlns=\"http:\/\/www.w3.org\/2000\/svg\">\n    <path\n        d=\"M30.027 0 43 12.5 30.027 25 27 22.083 34.351 15H0v-5h34.351L27 2.917z\"\n        fill=\"currentColor\"\n        fill-rule=\"evenodd\"\/>\n<\/svg>                    <div>Facebook <\/div>\n                <\/a>\n                <div class=\"link-info\">\n                                    <\/div>\n            <\/li>\n\n                <\/ul>\n<\/div>\n\n\n<p><\/p>\n\n\n\n<div class=\"person-card\">\n        <h2>Yhteys:<\/h2>\n    \n                    <a href=\"https:\/\/uefconnect.uef.fi\/henkilo\/eeva-stiina.tuittila\/\" class=\"person-card-link hover-scale-down\">\n                            <div class=\"person-card-item\">\n                    <div class=\"person-card-column-left\">\n                                                    <img decoding=\"async\" class=\"person-card-image\" src=\"https:\/\/blogs.uef.fi\/puutlahellamme\/wp-content\/uploads\/sites\/109\/2021\/11\/Eeva-Stiina_100x100.jpg\" alt=\"Professori-nainen halaa puuta\" \/>\n                                            <\/div>\n\n                    <div class=\"person-card-column-right\">\n                                                <p class=\"person-card-name\">Eeva-Stiina Tuittila<\/p>\n                        \n                                                <p class=\"person-card-position\">Professori, hankkeen johtaja<\/p>\n                        \n                                                <p class=\"person-card-organisation\">Mets\u00e4tieteiden osasto, Luonnontieteiden, mets\u00e4tieteiden ja tekniikan tiedekunta<\/p>\n                        \n                        \n                                                    <div>\n\t\t\t\t\t\t\t<svg xmlns=\"http:\/\/www.w3.org\/2000\/svg\" height=\"25px\" viewBox=\"0 -960 960 960\" width=\"24px\" ><path fill=\"currentColor\" d=\"M200-120q-33 0-56.5-23.5T120-200v-560q0-33 23.5-56.5T200-840h280v80H200v560h560v-280h80v280q0 33-23.5 56.5T760-120H200Zm188-212-56-56 372-372H560v-80h280v280h-80v-144L388-332Z\"\/><\/svg>\t\t\t\t\t\t\t<\/div>\n                                            <\/div>\n                <\/div>\n                            <\/a>\n                            <\/div>\n\n\n\n<figure class=\"wp-block-image size-large\"><img loading=\"lazy\" decoding=\"async\" width=\"1024\" height=\"338\" src=\"https:\/\/blogs.uef.fi\/puutlahellamme\/wp-content\/uploads\/sites\/109\/2020\/10\/DSC1569-1024x338.jpg\" alt=\"Nelj\u00e4 tutkijanaista mets\u00e4ss\u00e4. Tutkimustiimi Suomessa. Vasemmalta oikealle: tohtoriopiskelija Kaisa Vainio, tutkijatohtori Karoliina Lummaa, tutkijatohtori Aino Korrensalo and professori Eeva-Stiina Tuittila.\" class=\"wp-image-561\" srcset=\"https:\/\/blogs.uef.fi\/puutlahellamme\/wp-content\/uploads\/sites\/109\/2020\/10\/DSC1569-1024x338.jpg 1024w, https:\/\/blogs.uef.fi\/puutlahellamme\/wp-content\/uploads\/sites\/109\/2020\/10\/DSC1569-300x99.jpg 300w, https:\/\/blogs.uef.fi\/puutlahellamme\/wp-content\/uploads\/sites\/109\/2020\/10\/DSC1569-768x253.jpg 768w, https:\/\/blogs.uef.fi\/puutlahellamme\/wp-content\/uploads\/sites\/109\/2020\/10\/DSC1569.jpg 1200w\" sizes=\"auto, (max-width: 1024px) 100vw, 1024px\" \/><figcaption class=\"wp-element-caption\">Tutkimustiimi Suomessa. Vasemmalta oikealle: kulttuuriantropologi Kaisa Vainio, kirjallisuuden tutkija Karoliina Lummaa, ekologi Aino Korrensalo and professori Eeva-Stiina Tuittila. Tutkimusryhm\u00e4ss\u00e4 mukana my\u00f6s met\u00e4stieteilij\u00e4 Tuomo Takala, tilastotieteilij\u00e4 Aleksi R\u00e4s\u00e4nen, sek\u00e4 ekologi Juul Limpens. <\/figcaption><\/figure>\n<\/div>\n\n\n\n<div class=\"wp-block-column is-layout-flow wp-block-column-is-layout-flow\" style=\"flex-basis:0%\"><\/div>\n<\/div>\n","protected":false},"excerpt":{"rendered":"<p>Millaisia ovat suomalaisten puusuhteet? Mik\u00e4 puu ket\u00e4kin vieh\u00e4tt\u00e4\u00e4 ja miksi? Voiko puulla olla tunnearvoa? Voiko puihin kiinty\u00e4? Miten hoidamme meille t\u00e4rkeit\u00e4 puita? Puut l\u00e4hell\u00e4mme -hanke ker\u00e4\u00e4 tietoa suomalaisille t\u00e4rkeist\u00e4 puista. Tutkimuksessa selvitet\u00e4\u00e4n puusuhteiden taustatekij\u00f6it\u00e4 ja puiden kanssa el\u00e4misen tapoja. Kiintymys puihin on kulttuurinen ilmi\u00f6, joka n\u00e4kyy esimerkiksi kaunokirjallisuudessa. Tutkimuksessamme t\u00e4m\u00e4n p\u00e4iv\u00e4n yksil\u00f6lliset puusuhteet liitet\u00e4\u00e4n&nbsp; niiden [&hellip;]<\/p>\n","protected":false},"author":1,"featured_media":576,"parent":0,"menu_order":0,"comment_status":"closed","ping_status":"closed","template":"","meta":{"_acf_changed":false,"footnotes":""},"class_list":["post-257","page","type-page","status-publish","has-post-thumbnail","hentry"],"acf":[],"yoast_head":"<!-- This site is optimized with the Yoast SEO plugin v27.1.1 - https:\/\/yoast.com\/product\/yoast-seo-wordpress\/ -->\n<title>Etusivu | Trees Near Us - Puut l\u00e4hell\u00e4mme - Bomen Naast Ons<\/title>\n<meta name=\"robots\" content=\"index, follow, max-snippet:-1, max-image-preview:large, max-video-preview:-1\" \/>\n<link rel=\"canonical\" href=\"https:\/\/blogs.uef.fi\/puutlahellamme\/\" \/>\n<meta property=\"og:locale\" content=\"fi_FI\" \/>\n<meta property=\"og:type\" content=\"article\" \/>\n<meta property=\"og:title\" content=\"Etusivu | Trees Near Us - Puut l\u00e4hell\u00e4mme - Bomen Naast Ons\" \/>\n<meta property=\"og:description\" content=\"Millaisia ovat suomalaisten puusuhteet? Mik\u00e4 puu ket\u00e4kin vieh\u00e4tt\u00e4\u00e4 ja miksi? Voiko puulla olla tunnearvoa? Voiko puihin kiinty\u00e4? Miten hoidamme meille t\u00e4rkeit\u00e4 puita? Puut l\u00e4hell\u00e4mme -hanke ker\u00e4\u00e4 tietoa suomalaisille t\u00e4rkeist\u00e4 puista. Tutkimuksessa selvitet\u00e4\u00e4n puusuhteiden taustatekij\u00f6it\u00e4 ja puiden kanssa el\u00e4misen tapoja. Kiintymys puihin on kulttuurinen ilmi\u00f6, joka n\u00e4kyy esimerkiksi kaunokirjallisuudessa. Tutkimuksessamme t\u00e4m\u00e4n p\u00e4iv\u00e4n yksil\u00f6lliset puusuhteet liitet\u00e4\u00e4n&nbsp; niiden [&hellip;]\" \/>\n<meta property=\"og:url\" content=\"https:\/\/blogs.uef.fi\/puutlahellamme\/\" \/>\n<meta property=\"og:site_name\" content=\"Trees Near Us - Puut l\u00e4hell\u00e4mme - Bomen Naast Ons\" \/>\n<meta property=\"article:modified_time\" content=\"2024-02-19T04:12:18+00:00\" \/>\n<meta property=\"og:image\" content=\"https:\/\/blogs.uef.fi\/puutlahellamme\/wp-content\/uploads\/sites\/109\/2020\/10\/AdobeStock_163651372.jpg\" \/>\n\t<meta property=\"og:image:width\" content=\"1200\" \/>\n\t<meta property=\"og:image:height\" content=\"800\" \/>\n\t<meta property=\"og:image:type\" content=\"image\/jpeg\" \/>\n<meta name=\"twitter:card\" content=\"summary_large_image\" \/>\n<meta name=\"twitter:label1\" content=\"Arvioitu lukuaika\" \/>\n\t<meta name=\"twitter:data1\" content=\"2 minuuttia\" \/>\n<script type=\"application\/ld+json\" class=\"yoast-schema-graph\">{\"@context\":\"https:\/\/schema.org\",\"@graph\":[{\"@type\":\"WebPage\",\"@id\":\"https:\/\/blogs.uef.fi\/puutlahellamme\/\",\"url\":\"https:\/\/blogs.uef.fi\/puutlahellamme\/\",\"name\":\"Etusivu | Trees Near Us - Puut l\u00e4hell\u00e4mme - Bomen Naast Ons\",\"isPartOf\":{\"@id\":\"https:\/\/blogs.uef.fi\/puutlahellamme\/#website\"},\"primaryImageOfPage\":{\"@id\":\"https:\/\/blogs.uef.fi\/puutlahellamme\/#primaryimage\"},\"image\":{\"@id\":\"https:\/\/blogs.uef.fi\/puutlahellamme\/#primaryimage\"},\"thumbnailUrl\":\"https:\/\/blogs.uef.fi\/puutlahellamme\/wp-content\/uploads\/sites\/109\/2020\/10\/AdobeStock_163651372.jpg\",\"datePublished\":\"2020-08-14T07:20:10+00:00\",\"dateModified\":\"2024-02-19T04:12:18+00:00\",\"breadcrumb\":{\"@id\":\"https:\/\/blogs.uef.fi\/puutlahellamme\/#breadcrumb\"},\"inLanguage\":\"fi\",\"potentialAction\":[{\"@type\":\"ReadAction\",\"target\":[\"https:\/\/blogs.uef.fi\/puutlahellamme\/\"]}]},{\"@type\":\"ImageObject\",\"inLanguage\":\"fi\",\"@id\":\"https:\/\/blogs.uef.fi\/puutlahellamme\/#primaryimage\",\"url\":\"https:\/\/blogs.uef.fi\/puutlahellamme\/wp-content\/uploads\/sites\/109\/2020\/10\/AdobeStock_163651372.jpg\",\"contentUrl\":\"https:\/\/blogs.uef.fi\/puutlahellamme\/wp-content\/uploads\/sites\/109\/2020\/10\/AdobeStock_163651372.jpg\",\"width\":1200,\"height\":800,\"caption\":\"woman hand touching tree trunk, save environment concept\"},{\"@type\":\"BreadcrumbList\",\"@id\":\"https:\/\/blogs.uef.fi\/puutlahellamme\/#breadcrumb\",\"itemListElement\":[{\"@type\":\"ListItem\",\"position\":1,\"name\":\"Home\",\"item\":\"https:\/\/blogs.uef.fi\/puutlahellamme\/\"},{\"@type\":\"ListItem\",\"position\":2,\"name\":\"Etusivu\"}]},{\"@type\":\"WebSite\",\"@id\":\"https:\/\/blogs.uef.fi\/puutlahellamme\/#website\",\"url\":\"https:\/\/blogs.uef.fi\/puutlahellamme\/\",\"name\":\"Puut l\u00e4hell\u00e4mme - tutkimushanke\",\"description\":\"\",\"publisher\":{\"@id\":\"https:\/\/blogs.uef.fi\/puutlahellamme\/#organization\"},\"potentialAction\":[{\"@type\":\"SearchAction\",\"target\":{\"@type\":\"EntryPoint\",\"urlTemplate\":\"https:\/\/blogs.uef.fi\/puutlahellamme\/?s={search_term_string}\"},\"query-input\":{\"@type\":\"PropertyValueSpecification\",\"valueRequired\":true,\"valueName\":\"search_term_string\"}}],\"inLanguage\":\"fi\"},{\"@type\":\"Organization\",\"@id\":\"https:\/\/blogs.uef.fi\/puutlahellamme\/#organization\",\"name\":\"Puut l\u00e4hell\u00e4mme-tutkimushanke\",\"url\":\"https:\/\/blogs.uef.fi\/puutlahellamme\/\",\"logo\":{\"@type\":\"ImageObject\",\"inLanguage\":\"fi\",\"@id\":\"https:\/\/blogs.uef.fi\/puutlahellamme\/#\/schema\/logo\/image\/\",\"url\":\"https:\/\/blogs.uef.fi\/puutlahellamme\/wp-content\/uploads\/sites\/109\/2019\/09\/profiilikuva.jpg\",\"contentUrl\":\"https:\/\/blogs.uef.fi\/puutlahellamme\/wp-content\/uploads\/sites\/109\/2019\/09\/profiilikuva.jpg\",\"width\":663,\"height\":546,\"caption\":\"Puut l\u00e4hell\u00e4mme-tutkimushanke\"},\"image\":{\"@id\":\"https:\/\/blogs.uef.fi\/puutlahellamme\/#\/schema\/logo\/image\/\"}}]}<\/script>\n<!-- \/ Yoast SEO plugin. -->","yoast_head_json":{"title":"Etusivu | Trees Near Us - Puut l\u00e4hell\u00e4mme - Bomen Naast Ons","robots":{"index":"index","follow":"follow","max-snippet":"max-snippet:-1","max-image-preview":"max-image-preview:large","max-video-preview":"max-video-preview:-1"},"canonical":"https:\/\/blogs.uef.fi\/puutlahellamme\/","og_locale":"fi_FI","og_type":"article","og_title":"Etusivu | Trees Near Us - Puut l\u00e4hell\u00e4mme - Bomen Naast Ons","og_description":"Millaisia ovat suomalaisten puusuhteet? Mik\u00e4 puu ket\u00e4kin vieh\u00e4tt\u00e4\u00e4 ja miksi? Voiko puulla olla tunnearvoa? Voiko puihin kiinty\u00e4? Miten hoidamme meille t\u00e4rkeit\u00e4 puita? Puut l\u00e4hell\u00e4mme -hanke ker\u00e4\u00e4 tietoa suomalaisille t\u00e4rkeist\u00e4 puista. Tutkimuksessa selvitet\u00e4\u00e4n puusuhteiden taustatekij\u00f6it\u00e4 ja puiden kanssa el\u00e4misen tapoja. Kiintymys puihin on kulttuurinen ilmi\u00f6, joka n\u00e4kyy esimerkiksi kaunokirjallisuudessa. Tutkimuksessamme t\u00e4m\u00e4n p\u00e4iv\u00e4n yksil\u00f6lliset puusuhteet liitet\u00e4\u00e4n&nbsp; niiden [&hellip;]","og_url":"https:\/\/blogs.uef.fi\/puutlahellamme\/","og_site_name":"Trees Near Us - Puut l\u00e4hell\u00e4mme - Bomen Naast Ons","article_modified_time":"2024-02-19T04:12:18+00:00","og_image":[{"width":1200,"height":800,"url":"https:\/\/blogs.uef.fi\/puutlahellamme\/wp-content\/uploads\/sites\/109\/2020\/10\/AdobeStock_163651372.jpg","type":"image\/jpeg"}],"twitter_card":"summary_large_image","twitter_misc":{"Arvioitu lukuaika":"2 minuuttia"},"schema":{"@context":"https:\/\/schema.org","@graph":[{"@type":"WebPage","@id":"https:\/\/blogs.uef.fi\/puutlahellamme\/","url":"https:\/\/blogs.uef.fi\/puutlahellamme\/","name":"Etusivu | Trees Near Us - Puut l\u00e4hell\u00e4mme - Bomen Naast Ons","isPartOf":{"@id":"https:\/\/blogs.uef.fi\/puutlahellamme\/#website"},"primaryImageOfPage":{"@id":"https:\/\/blogs.uef.fi\/puutlahellamme\/#primaryimage"},"image":{"@id":"https:\/\/blogs.uef.fi\/puutlahellamme\/#primaryimage"},"thumbnailUrl":"https:\/\/blogs.uef.fi\/puutlahellamme\/wp-content\/uploads\/sites\/109\/2020\/10\/AdobeStock_163651372.jpg","datePublished":"2020-08-14T07:20:10+00:00","dateModified":"2024-02-19T04:12:18+00:00","breadcrumb":{"@id":"https:\/\/blogs.uef.fi\/puutlahellamme\/#breadcrumb"},"inLanguage":"fi","potentialAction":[{"@type":"ReadAction","target":["https:\/\/blogs.uef.fi\/puutlahellamme\/"]}]},{"@type":"ImageObject","inLanguage":"fi","@id":"https:\/\/blogs.uef.fi\/puutlahellamme\/#primaryimage","url":"https:\/\/blogs.uef.fi\/puutlahellamme\/wp-content\/uploads\/sites\/109\/2020\/10\/AdobeStock_163651372.jpg","contentUrl":"https:\/\/blogs.uef.fi\/puutlahellamme\/wp-content\/uploads\/sites\/109\/2020\/10\/AdobeStock_163651372.jpg","width":1200,"height":800,"caption":"woman hand touching tree trunk, save environment concept"},{"@type":"BreadcrumbList","@id":"https:\/\/blogs.uef.fi\/puutlahellamme\/#breadcrumb","itemListElement":[{"@type":"ListItem","position":1,"name":"Home","item":"https:\/\/blogs.uef.fi\/puutlahellamme\/"},{"@type":"ListItem","position":2,"name":"Etusivu"}]},{"@type":"WebSite","@id":"https:\/\/blogs.uef.fi\/puutlahellamme\/#website","url":"https:\/\/blogs.uef.fi\/puutlahellamme\/","name":"Puut l\u00e4hell\u00e4mme - tutkimushanke","description":"","publisher":{"@id":"https:\/\/blogs.uef.fi\/puutlahellamme\/#organization"},"potentialAction":[{"@type":"SearchAction","target":{"@type":"EntryPoint","urlTemplate":"https:\/\/blogs.uef.fi\/puutlahellamme\/?s={search_term_string}"},"query-input":{"@type":"PropertyValueSpecification","valueRequired":true,"valueName":"search_term_string"}}],"inLanguage":"fi"},{"@type":"Organization","@id":"https:\/\/blogs.uef.fi\/puutlahellamme\/#organization","name":"Puut l\u00e4hell\u00e4mme-tutkimushanke","url":"https:\/\/blogs.uef.fi\/puutlahellamme\/","logo":{"@type":"ImageObject","inLanguage":"fi","@id":"https:\/\/blogs.uef.fi\/puutlahellamme\/#\/schema\/logo\/image\/","url":"https:\/\/blogs.uef.fi\/puutlahellamme\/wp-content\/uploads\/sites\/109\/2019\/09\/profiilikuva.jpg","contentUrl":"https:\/\/blogs.uef.fi\/puutlahellamme\/wp-content\/uploads\/sites\/109\/2019\/09\/profiilikuva.jpg","width":663,"height":546,"caption":"Puut l\u00e4hell\u00e4mme-tutkimushanke"},"image":{"@id":"https:\/\/blogs.uef.fi\/puutlahellamme\/#\/schema\/logo\/image\/"}}]}},"_links":{"self":[{"href":"https:\/\/blogs.uef.fi\/puutlahellamme\/wp-json\/wp\/v2\/pages\/257","targetHints":{"allow":["GET"]}}],"collection":[{"href":"https:\/\/blogs.uef.fi\/puutlahellamme\/wp-json\/wp\/v2\/pages"}],"about":[{"href":"https:\/\/blogs.uef.fi\/puutlahellamme\/wp-json\/wp\/v2\/types\/page"}],"author":[{"embeddable":true,"href":"https:\/\/blogs.uef.fi\/puutlahellamme\/wp-json\/wp\/v2\/users\/1"}],"replies":[{"embeddable":true,"href":"https:\/\/blogs.uef.fi\/puutlahellamme\/wp-json\/wp\/v2\/comments?post=257"}],"version-history":[{"count":1,"href":"https:\/\/blogs.uef.fi\/puutlahellamme\/wp-json\/wp\/v2\/pages\/257\/revisions"}],"predecessor-version":[{"id":1347,"href":"https:\/\/blogs.uef.fi\/puutlahellamme\/wp-json\/wp\/v2\/pages\/257\/revisions\/1347"}],"wp:featuredmedia":[{"embeddable":true,"href":"https:\/\/blogs.uef.fi\/puutlahellamme\/wp-json\/wp\/v2\/media\/576"}],"wp:attachment":[{"href":"https:\/\/blogs.uef.fi\/puutlahellamme\/wp-json\/wp\/v2\/media?parent=257"}],"curies":[{"name":"wp","href":"https:\/\/api.w.org\/{rel}","templated":true}]}}