{"id":83,"date":"2026-01-27T14:30:36","date_gmt":"2026-01-27T12:30:36","guid":{"rendered":"https:\/\/blogs.uef.fi\/promoni\/?page_id=83"},"modified":"2026-02-01T11:45:06","modified_gmt":"2026-02-01T09:45:06","slug":"tietoa-blogista","status":"publish","type":"page","link":"https:\/\/blogs.uef.fi\/promoni\/tietoa-blogista\/","title":{"rendered":"Tietoa blogista"},"content":{"rendered":"\n<p>Blogissa kuvataan ProMONI-hankeen etenemisest\u00e4, julkaistaan asiantuntijoiden kirjoituksia ja jakamalla monikkoperheisiin liittyv\u00e4\u00e4 ajankohtaista ja tutkimusperustaista tietoa. Tarkoituksena on avata n\u00e4k\u00f6kulmia monikkolasten ja monikkoperheiden arkeen, hyvinvointiin ja niihin liittyviin ilmi\u00f6ihin eri n\u00e4k\u00f6kulmista. Blogin tavoitteena on lis\u00e4t\u00e4 ymm\u00e4rryst\u00e4 monikkouteen liittyvist\u00e4 erityiskysymyksist\u00e4, vahvistaa monikkoperheit\u00e4 kohtaavien ammattilaisten osaamista sek\u00e4 edist\u00e4\u00e4 monikkoperheiden hyvinvointia ja yhdenvertaista palveluiden saatavuutta.<\/p>\n","protected":false},"excerpt":{"rendered":"<p>Blogissa kuvataan ProMONI-hankeen etenemisest\u00e4, julkaistaan asiantuntijoiden kirjoituksia ja jakamalla monikkoperheisiin liittyv\u00e4\u00e4 ajankohtaista ja tutkimusperustaista tietoa. Tarkoituksena on avata n\u00e4k\u00f6kulmia monikkolasten ja monikkoperheiden arkeen, hyvinvointiin ja niihin liittyviin ilmi\u00f6ihin eri n\u00e4k\u00f6kulmista. Blogin tavoitteena on lis\u00e4t\u00e4 ymm\u00e4rryst\u00e4 monikkouteen liittyvist\u00e4 erityiskysymyksist\u00e4, vahvistaa monikkoperheit\u00e4 kohtaavien ammattilaisten osaamista sek\u00e4 edist\u00e4\u00e4 monikkoperheiden hyvinvointia ja yhdenvertaista palveluiden saatavuutta.<\/p>\n","protected":false},"author":1,"featured_media":109,"parent":0,"menu_order":0,"comment_status":"closed","ping_status":"closed","template":"","meta":{"_acf_changed":false,"footnotes":""},"class_list":["post-83","page","type-page","status-publish","has-post-thumbnail","hentry"],"acf":[],"yoast_head":"<!-- This site is optimized with the Yoast SEO plugin v27.1.1 - https:\/\/yoast.com\/product\/yoast-seo-wordpress\/ -->\n<title>Tietoa blogista - ProMONI - Monikkoperheasiantuntijuuden ja hoitoty\u00f6n kehitt\u00e4minen<\/title>\n<meta name=\"robots\" content=\"index, follow, max-snippet:-1, max-image-preview:large, max-video-preview:-1\" \/>\n<link rel=\"canonical\" href=\"https:\/\/blogs.uef.fi\/promoni\/tietoa-blogista\/\" \/>\n<meta property=\"og:locale\" content=\"fi_FI\" \/>\n<meta property=\"og:type\" content=\"article\" \/>\n<meta property=\"og:title\" content=\"Tietoa blogista - ProMONI - Monikkoperheasiantuntijuuden ja hoitoty\u00f6n kehitt\u00e4minen\" \/>\n<meta property=\"og:description\" content=\"Blogissa kuvataan ProMONI-hankeen etenemisest\u00e4, julkaistaan asiantuntijoiden kirjoituksia ja jakamalla monikkoperheisiin liittyv\u00e4\u00e4 ajankohtaista ja tutkimusperustaista tietoa. Tarkoituksena on avata n\u00e4k\u00f6kulmia monikkolasten ja monikkoperheiden arkeen, hyvinvointiin ja niihin liittyviin ilmi\u00f6ihin eri n\u00e4k\u00f6kulmista. Blogin tavoitteena on lis\u00e4t\u00e4 ymm\u00e4rryst\u00e4 monikkouteen liittyvist\u00e4 erityiskysymyksist\u00e4, vahvistaa monikkoperheit\u00e4 kohtaavien ammattilaisten osaamista sek\u00e4 edist\u00e4\u00e4 monikkoperheiden hyvinvointia ja yhdenvertaista palveluiden saatavuutta.\" \/>\n<meta property=\"og:url\" content=\"https:\/\/blogs.uef.fi\/promoni\/tietoa-blogista\/\" \/>\n<meta property=\"og:site_name\" content=\"ProMONI - Monikkoperheasiantuntijuuden ja hoitoty\u00f6n kehitt\u00e4minen\" \/>\n<meta property=\"article:modified_time\" content=\"2026-02-01T09:45:06+00:00\" \/>\n<meta property=\"og:image\" content=\"https:\/\/blogs.uef.fi\/promoni\/wp-content\/uploads\/sites\/236\/2026\/01\/ProMONI_musta.png\" \/>\n\t<meta property=\"og:image:width\" content=\"2084\" \/>\n\t<meta property=\"og:image:height\" content=\"2084\" \/>\n\t<meta property=\"og:image:type\" content=\"image\/png\" \/>\n<meta name=\"twitter:card\" content=\"summary_large_image\" \/>\n<meta name=\"twitter:label1\" content=\"Arvioitu lukuaika\" \/>\n\t<meta name=\"twitter:data1\" content=\"1 minuutti\" \/>\n<script type=\"application\/ld+json\" class=\"yoast-schema-graph\">{\"@context\":\"https:\/\/schema.org\",\"@graph\":[{\"@type\":\"WebPage\",\"@id\":\"https:\/\/blogs.uef.fi\/promoni\/tietoa-blogista\/\",\"url\":\"https:\/\/blogs.uef.fi\/promoni\/tietoa-blogista\/\",\"name\":\"Tietoa blogista - ProMONI - Monikkoperheasiantuntijuuden ja hoitoty\u00f6n kehitt\u00e4minen\",\"isPartOf\":{\"@id\":\"https:\/\/blogs.uef.fi\/promoni\/#website\"},\"primaryImageOfPage\":{\"@id\":\"https:\/\/blogs.uef.fi\/promoni\/tietoa-blogista\/#primaryimage\"},\"image\":{\"@id\":\"https:\/\/blogs.uef.fi\/promoni\/tietoa-blogista\/#primaryimage\"},\"thumbnailUrl\":\"https:\/\/blogs.uef.fi\/promoni\/wp-content\/uploads\/sites\/236\/2026\/01\/ProMONI_musta.png\",\"datePublished\":\"2026-01-27T12:30:36+00:00\",\"dateModified\":\"2026-02-01T09:45:06+00:00\",\"breadcrumb\":{\"@id\":\"https:\/\/blogs.uef.fi\/promoni\/tietoa-blogista\/#breadcrumb\"},\"inLanguage\":\"fi\",\"potentialAction\":[{\"@type\":\"ReadAction\",\"target\":[\"https:\/\/blogs.uef.fi\/promoni\/tietoa-blogista\/\"]}]},{\"@type\":\"ImageObject\",\"inLanguage\":\"fi\",\"@id\":\"https:\/\/blogs.uef.fi\/promoni\/tietoa-blogista\/#primaryimage\",\"url\":\"https:\/\/blogs.uef.fi\/promoni\/wp-content\/uploads\/sites\/236\/2026\/01\/ProMONI_musta.png\",\"contentUrl\":\"https:\/\/blogs.uef.fi\/promoni\/wp-content\/uploads\/sites\/236\/2026\/01\/ProMONI_musta.png\",\"width\":2084,\"height\":2084,\"caption\":\"Promoni logo musta\"},{\"@type\":\"BreadcrumbList\",\"@id\":\"https:\/\/blogs.uef.fi\/promoni\/tietoa-blogista\/#breadcrumb\",\"itemListElement\":[{\"@type\":\"ListItem\",\"position\":1,\"name\":\"Home\",\"item\":\"https:\/\/blogs.uef.fi\/promoni\/\"},{\"@type\":\"ListItem\",\"position\":2,\"name\":\"Tietoa blogista\"}]},{\"@type\":\"WebSite\",\"@id\":\"https:\/\/blogs.uef.fi\/promoni\/#website\",\"url\":\"https:\/\/blogs.uef.fi\/promoni\/\",\"name\":\"ProMONI - Monikkoperheasiantuntijuuden ja hoitoty\u00f6n kehitt\u00e4minen\",\"description\":\"\",\"potentialAction\":[{\"@type\":\"SearchAction\",\"target\":{\"@type\":\"EntryPoint\",\"urlTemplate\":\"https:\/\/blogs.uef.fi\/promoni\/?s={search_term_string}\"},\"query-input\":{\"@type\":\"PropertyValueSpecification\",\"valueRequired\":true,\"valueName\":\"search_term_string\"}}],\"inLanguage\":\"fi\"}]}<\/script>\n<!-- \/ Yoast SEO plugin. -->","yoast_head_json":{"title":"Tietoa blogista - ProMONI - Monikkoperheasiantuntijuuden ja hoitoty\u00f6n kehitt\u00e4minen","robots":{"index":"index","follow":"follow","max-snippet":"max-snippet:-1","max-image-preview":"max-image-preview:large","max-video-preview":"max-video-preview:-1"},"canonical":"https:\/\/blogs.uef.fi\/promoni\/tietoa-blogista\/","og_locale":"fi_FI","og_type":"article","og_title":"Tietoa blogista - ProMONI - Monikkoperheasiantuntijuuden ja hoitoty\u00f6n kehitt\u00e4minen","og_description":"Blogissa kuvataan ProMONI-hankeen etenemisest\u00e4, julkaistaan asiantuntijoiden kirjoituksia ja jakamalla monikkoperheisiin liittyv\u00e4\u00e4 ajankohtaista ja tutkimusperustaista tietoa. Tarkoituksena on avata n\u00e4k\u00f6kulmia monikkolasten ja monikkoperheiden arkeen, hyvinvointiin ja niihin liittyviin ilmi\u00f6ihin eri n\u00e4k\u00f6kulmista. Blogin tavoitteena on lis\u00e4t\u00e4 ymm\u00e4rryst\u00e4 monikkouteen liittyvist\u00e4 erityiskysymyksist\u00e4, vahvistaa monikkoperheit\u00e4 kohtaavien ammattilaisten osaamista sek\u00e4 edist\u00e4\u00e4 monikkoperheiden hyvinvointia ja yhdenvertaista palveluiden saatavuutta.","og_url":"https:\/\/blogs.uef.fi\/promoni\/tietoa-blogista\/","og_site_name":"ProMONI - Monikkoperheasiantuntijuuden ja hoitoty\u00f6n kehitt\u00e4minen","article_modified_time":"2026-02-01T09:45:06+00:00","og_image":[{"width":2084,"height":2084,"url":"https:\/\/blogs.uef.fi\/promoni\/wp-content\/uploads\/sites\/236\/2026\/01\/ProMONI_musta.png","type":"image\/png"}],"twitter_card":"summary_large_image","twitter_misc":{"Arvioitu lukuaika":"1 minuutti"},"schema":{"@context":"https:\/\/schema.org","@graph":[{"@type":"WebPage","@id":"https:\/\/blogs.uef.fi\/promoni\/tietoa-blogista\/","url":"https:\/\/blogs.uef.fi\/promoni\/tietoa-blogista\/","name":"Tietoa blogista - ProMONI - Monikkoperheasiantuntijuuden ja hoitoty\u00f6n kehitt\u00e4minen","isPartOf":{"@id":"https:\/\/blogs.uef.fi\/promoni\/#website"},"primaryImageOfPage":{"@id":"https:\/\/blogs.uef.fi\/promoni\/tietoa-blogista\/#primaryimage"},"image":{"@id":"https:\/\/blogs.uef.fi\/promoni\/tietoa-blogista\/#primaryimage"},"thumbnailUrl":"https:\/\/blogs.uef.fi\/promoni\/wp-content\/uploads\/sites\/236\/2026\/01\/ProMONI_musta.png","datePublished":"2026-01-27T12:30:36+00:00","dateModified":"2026-02-01T09:45:06+00:00","breadcrumb":{"@id":"https:\/\/blogs.uef.fi\/promoni\/tietoa-blogista\/#breadcrumb"},"inLanguage":"fi","potentialAction":[{"@type":"ReadAction","target":["https:\/\/blogs.uef.fi\/promoni\/tietoa-blogista\/"]}]},{"@type":"ImageObject","inLanguage":"fi","@id":"https:\/\/blogs.uef.fi\/promoni\/tietoa-blogista\/#primaryimage","url":"https:\/\/blogs.uef.fi\/promoni\/wp-content\/uploads\/sites\/236\/2026\/01\/ProMONI_musta.png","contentUrl":"https:\/\/blogs.uef.fi\/promoni\/wp-content\/uploads\/sites\/236\/2026\/01\/ProMONI_musta.png","width":2084,"height":2084,"caption":"Promoni logo musta"},{"@type":"BreadcrumbList","@id":"https:\/\/blogs.uef.fi\/promoni\/tietoa-blogista\/#breadcrumb","itemListElement":[{"@type":"ListItem","position":1,"name":"Home","item":"https:\/\/blogs.uef.fi\/promoni\/"},{"@type":"ListItem","position":2,"name":"Tietoa blogista"}]},{"@type":"WebSite","@id":"https:\/\/blogs.uef.fi\/promoni\/#website","url":"https:\/\/blogs.uef.fi\/promoni\/","name":"ProMONI - Monikkoperheasiantuntijuuden ja hoitoty\u00f6n kehitt\u00e4minen","description":"","potentialAction":[{"@type":"SearchAction","target":{"@type":"EntryPoint","urlTemplate":"https:\/\/blogs.uef.fi\/promoni\/?s={search_term_string}"},"query-input":{"@type":"PropertyValueSpecification","valueRequired":true,"valueName":"search_term_string"}}],"inLanguage":"fi"}]}},"_links":{"self":[{"href":"https:\/\/blogs.uef.fi\/promoni\/wp-json\/wp\/v2\/pages\/83","targetHints":{"allow":["GET"]}}],"collection":[{"href":"https:\/\/blogs.uef.fi\/promoni\/wp-json\/wp\/v2\/pages"}],"about":[{"href":"https:\/\/blogs.uef.fi\/promoni\/wp-json\/wp\/v2\/types\/page"}],"author":[{"embeddable":true,"href":"https:\/\/blogs.uef.fi\/promoni\/wp-json\/wp\/v2\/users\/1"}],"replies":[{"embeddable":true,"href":"https:\/\/blogs.uef.fi\/promoni\/wp-json\/wp\/v2\/comments?post=83"}],"version-history":[{"count":1,"href":"https:\/\/blogs.uef.fi\/promoni\/wp-json\/wp\/v2\/pages\/83\/revisions"}],"predecessor-version":[{"id":121,"href":"https:\/\/blogs.uef.fi\/promoni\/wp-json\/wp\/v2\/pages\/83\/revisions\/121"}],"wp:featuredmedia":[{"embeddable":true,"href":"https:\/\/blogs.uef.fi\/promoni\/wp-json\/wp\/v2\/media\/109"}],"wp:attachment":[{"href":"https:\/\/blogs.uef.fi\/promoni\/wp-json\/wp\/v2\/media?parent=83"}],"curies":[{"name":"wp","href":"https:\/\/api.w.org\/{rel}","templated":true}]}}