{"id":80,"date":"2026-01-27T14:29:47","date_gmt":"2026-01-27T12:29:47","guid":{"rendered":"https:\/\/blogs.uef.fi\/promoni\/?page_id=80"},"modified":"2026-02-03T09:21:27","modified_gmt":"2026-02-03T07:21:27","slug":"etusivu","status":"publish","type":"page","link":"https:\/\/blogs.uef.fi\/promoni\/etusivu\/","title":{"rendered":"Etusivu"},"content":{"rendered":"","protected":false},"excerpt":{"rendered":"","protected":false},"author":1,"featured_media":0,"parent":0,"menu_order":0,"comment_status":"closed","ping_status":"closed","template":"","meta":{"_acf_changed":false,"footnotes":""},"class_list":["post-80","page","type-page","status-publish","hentry"],"acf":[],"yoast_head":"<!-- This site is optimized with the Yoast SEO plugin v27.1.1 - https:\/\/yoast.com\/product\/yoast-seo-wordpress\/ -->\n<title>Etusivu - ProMONI - Monikkoperheasiantuntijuuden ja hoitoty\u00f6n kehitt\u00e4minen<\/title>\n<meta name=\"description\" content=\"Blogissa kuvataan ProMONI-hankeen etenemisest\u00e4, julkaistaan asiantuntijoiden kirjoituksia ja jakamalla monikkoperheisiin liittyv\u00e4\u00e4 ajankohtaista ja tutkimusperustaista tietoa. Tarkoituksena on avata n\u00e4k\u00f6kulmia monikkolasten ja monikkoperheiden arkeen, hyvinvointiin ja niihin liittyviin ilmi\u00f6ihin eri n\u00e4k\u00f6kulmista. Blogin tavoitteena on lis\u00e4t\u00e4 ymm\u00e4rryst\u00e4 monikkouteen liittyvist\u00e4 erityiskysymyksist\u00e4, vahvistaa monikkoperheit\u00e4 kohtaavien ammattilaisten osaamista sek\u00e4 edist\u00e4\u00e4 monikkoperheiden hyvinvointia ja yhdenvertaista palveluiden saatavuutta.\" \/>\n<meta name=\"robots\" content=\"index, follow, max-snippet:-1, max-image-preview:large, max-video-preview:-1\" \/>\n<link rel=\"canonical\" href=\"https:\/\/blogs.uef.fi\/promoni\/etusivu\/\" \/>\n<meta property=\"og:locale\" content=\"fi_FI\" \/>\n<meta property=\"og:type\" content=\"article\" \/>\n<meta property=\"og:title\" content=\"Etusivu - ProMONI - Monikkoperheasiantuntijuuden ja hoitoty\u00f6n kehitt\u00e4minen\" \/>\n<meta property=\"og:description\" content=\"Blogissa kuvataan ProMONI-hankeen etenemisest\u00e4, julkaistaan asiantuntijoiden kirjoituksia ja jakamalla monikkoperheisiin liittyv\u00e4\u00e4 ajankohtaista ja tutkimusperustaista tietoa. Tarkoituksena on avata n\u00e4k\u00f6kulmia monikkolasten ja monikkoperheiden arkeen, hyvinvointiin ja niihin liittyviin ilmi\u00f6ihin eri n\u00e4k\u00f6kulmista. Blogin tavoitteena on lis\u00e4t\u00e4 ymm\u00e4rryst\u00e4 monikkouteen liittyvist\u00e4 erityiskysymyksist\u00e4, vahvistaa monikkoperheit\u00e4 kohtaavien ammattilaisten osaamista sek\u00e4 edist\u00e4\u00e4 monikkoperheiden hyvinvointia ja yhdenvertaista palveluiden saatavuutta.\" \/>\n<meta property=\"og:url\" content=\"https:\/\/blogs.uef.fi\/promoni\/etusivu\/\" \/>\n<meta property=\"og:site_name\" content=\"ProMONI - Monikkoperheasiantuntijuuden ja hoitoty\u00f6n kehitt\u00e4minen\" \/>\n<meta property=\"article:modified_time\" content=\"2026-02-03T07:21:27+00:00\" \/>\n<meta name=\"twitter:card\" content=\"summary_large_image\" \/>\n<script type=\"application\/ld+json\" class=\"yoast-schema-graph\">{\"@context\":\"https:\/\/schema.org\",\"@graph\":[{\"@type\":\"WebPage\",\"@id\":\"https:\/\/blogs.uef.fi\/promoni\/etusivu\/\",\"url\":\"https:\/\/blogs.uef.fi\/promoni\/etusivu\/\",\"name\":\"Etusivu - ProMONI - Monikkoperheasiantuntijuuden ja hoitoty\u00f6n kehitt\u00e4minen\",\"isPartOf\":{\"@id\":\"https:\/\/blogs.uef.fi\/promoni\/#website\"},\"datePublished\":\"2026-01-27T12:29:47+00:00\",\"dateModified\":\"2026-02-03T07:21:27+00:00\",\"description\":\"Blogissa kuvataan ProMONI-hankeen etenemisest\u00e4, julkaistaan asiantuntijoiden kirjoituksia ja jakamalla monikkoperheisiin liittyv\u00e4\u00e4 ajankohtaista ja tutkimusperustaista tietoa. Tarkoituksena on avata n\u00e4k\u00f6kulmia monikkolasten ja monikkoperheiden arkeen, hyvinvointiin ja niihin liittyviin ilmi\u00f6ihin eri n\u00e4k\u00f6kulmista. Blogin tavoitteena on lis\u00e4t\u00e4 ymm\u00e4rryst\u00e4 monikkouteen liittyvist\u00e4 erityiskysymyksist\u00e4, vahvistaa monikkoperheit\u00e4 kohtaavien ammattilaisten osaamista sek\u00e4 edist\u00e4\u00e4 monikkoperheiden hyvinvointia ja yhdenvertaista palveluiden saatavuutta.\",\"breadcrumb\":{\"@id\":\"https:\/\/blogs.uef.fi\/promoni\/etusivu\/#breadcrumb\"},\"inLanguage\":\"fi\",\"potentialAction\":[{\"@type\":\"ReadAction\",\"target\":[\"https:\/\/blogs.uef.fi\/promoni\/etusivu\/\"]}]},{\"@type\":\"BreadcrumbList\",\"@id\":\"https:\/\/blogs.uef.fi\/promoni\/etusivu\/#breadcrumb\",\"itemListElement\":[{\"@type\":\"ListItem\",\"position\":1,\"name\":\"Home\",\"item\":\"https:\/\/blogs.uef.fi\/promoni\/\"},{\"@type\":\"ListItem\",\"position\":2,\"name\":\"Etusivu\"}]},{\"@type\":\"WebSite\",\"@id\":\"https:\/\/blogs.uef.fi\/promoni\/#website\",\"url\":\"https:\/\/blogs.uef.fi\/promoni\/\",\"name\":\"ProMONI - Monikkoperheasiantuntijuuden ja hoitoty\u00f6n kehitt\u00e4minen\",\"description\":\"\",\"potentialAction\":[{\"@type\":\"SearchAction\",\"target\":{\"@type\":\"EntryPoint\",\"urlTemplate\":\"https:\/\/blogs.uef.fi\/promoni\/?s={search_term_string}\"},\"query-input\":{\"@type\":\"PropertyValueSpecification\",\"valueRequired\":true,\"valueName\":\"search_term_string\"}}],\"inLanguage\":\"fi\"}]}<\/script>\n<!-- \/ Yoast SEO plugin. -->","yoast_head_json":{"title":"Etusivu - ProMONI - Monikkoperheasiantuntijuuden ja hoitoty\u00f6n kehitt\u00e4minen","description":"Blogissa kuvataan ProMONI-hankeen etenemisest\u00e4, julkaistaan asiantuntijoiden kirjoituksia ja jakamalla monikkoperheisiin liittyv\u00e4\u00e4 ajankohtaista ja tutkimusperustaista tietoa. Tarkoituksena on avata n\u00e4k\u00f6kulmia monikkolasten ja monikkoperheiden arkeen, hyvinvointiin ja niihin liittyviin ilmi\u00f6ihin eri n\u00e4k\u00f6kulmista. Blogin tavoitteena on lis\u00e4t\u00e4 ymm\u00e4rryst\u00e4 monikkouteen liittyvist\u00e4 erityiskysymyksist\u00e4, vahvistaa monikkoperheit\u00e4 kohtaavien ammattilaisten osaamista sek\u00e4 edist\u00e4\u00e4 monikkoperheiden hyvinvointia ja yhdenvertaista palveluiden saatavuutta.","robots":{"index":"index","follow":"follow","max-snippet":"max-snippet:-1","max-image-preview":"max-image-preview:large","max-video-preview":"max-video-preview:-1"},"canonical":"https:\/\/blogs.uef.fi\/promoni\/etusivu\/","og_locale":"fi_FI","og_type":"article","og_title":"Etusivu - ProMONI - Monikkoperheasiantuntijuuden ja hoitoty\u00f6n kehitt\u00e4minen","og_description":"Blogissa kuvataan ProMONI-hankeen etenemisest\u00e4, julkaistaan asiantuntijoiden kirjoituksia ja jakamalla monikkoperheisiin liittyv\u00e4\u00e4 ajankohtaista ja tutkimusperustaista tietoa. Tarkoituksena on avata n\u00e4k\u00f6kulmia monikkolasten ja monikkoperheiden arkeen, hyvinvointiin ja niihin liittyviin ilmi\u00f6ihin eri n\u00e4k\u00f6kulmista. Blogin tavoitteena on lis\u00e4t\u00e4 ymm\u00e4rryst\u00e4 monikkouteen liittyvist\u00e4 erityiskysymyksist\u00e4, vahvistaa monikkoperheit\u00e4 kohtaavien ammattilaisten osaamista sek\u00e4 edist\u00e4\u00e4 monikkoperheiden hyvinvointia ja yhdenvertaista palveluiden saatavuutta.","og_url":"https:\/\/blogs.uef.fi\/promoni\/etusivu\/","og_site_name":"ProMONI - Monikkoperheasiantuntijuuden ja hoitoty\u00f6n kehitt\u00e4minen","article_modified_time":"2026-02-03T07:21:27+00:00","twitter_card":"summary_large_image","schema":{"@context":"https:\/\/schema.org","@graph":[{"@type":"WebPage","@id":"https:\/\/blogs.uef.fi\/promoni\/etusivu\/","url":"https:\/\/blogs.uef.fi\/promoni\/etusivu\/","name":"Etusivu - ProMONI - Monikkoperheasiantuntijuuden ja hoitoty\u00f6n kehitt\u00e4minen","isPartOf":{"@id":"https:\/\/blogs.uef.fi\/promoni\/#website"},"datePublished":"2026-01-27T12:29:47+00:00","dateModified":"2026-02-03T07:21:27+00:00","description":"Blogissa kuvataan ProMONI-hankeen etenemisest\u00e4, julkaistaan asiantuntijoiden kirjoituksia ja jakamalla monikkoperheisiin liittyv\u00e4\u00e4 ajankohtaista ja tutkimusperustaista tietoa. Tarkoituksena on avata n\u00e4k\u00f6kulmia monikkolasten ja monikkoperheiden arkeen, hyvinvointiin ja niihin liittyviin ilmi\u00f6ihin eri n\u00e4k\u00f6kulmista. Blogin tavoitteena on lis\u00e4t\u00e4 ymm\u00e4rryst\u00e4 monikkouteen liittyvist\u00e4 erityiskysymyksist\u00e4, vahvistaa monikkoperheit\u00e4 kohtaavien ammattilaisten osaamista sek\u00e4 edist\u00e4\u00e4 monikkoperheiden hyvinvointia ja yhdenvertaista palveluiden saatavuutta.","breadcrumb":{"@id":"https:\/\/blogs.uef.fi\/promoni\/etusivu\/#breadcrumb"},"inLanguage":"fi","potentialAction":[{"@type":"ReadAction","target":["https:\/\/blogs.uef.fi\/promoni\/etusivu\/"]}]},{"@type":"BreadcrumbList","@id":"https:\/\/blogs.uef.fi\/promoni\/etusivu\/#breadcrumb","itemListElement":[{"@type":"ListItem","position":1,"name":"Home","item":"https:\/\/blogs.uef.fi\/promoni\/"},{"@type":"ListItem","position":2,"name":"Etusivu"}]},{"@type":"WebSite","@id":"https:\/\/blogs.uef.fi\/promoni\/#website","url":"https:\/\/blogs.uef.fi\/promoni\/","name":"ProMONI - Monikkoperheasiantuntijuuden ja hoitoty\u00f6n kehitt\u00e4minen","description":"","potentialAction":[{"@type":"SearchAction","target":{"@type":"EntryPoint","urlTemplate":"https:\/\/blogs.uef.fi\/promoni\/?s={search_term_string}"},"query-input":{"@type":"PropertyValueSpecification","valueRequired":true,"valueName":"search_term_string"}}],"inLanguage":"fi"}]}},"_links":{"self":[{"href":"https:\/\/blogs.uef.fi\/promoni\/wp-json\/wp\/v2\/pages\/80","targetHints":{"allow":["GET"]}}],"collection":[{"href":"https:\/\/blogs.uef.fi\/promoni\/wp-json\/wp\/v2\/pages"}],"about":[{"href":"https:\/\/blogs.uef.fi\/promoni\/wp-json\/wp\/v2\/types\/page"}],"author":[{"embeddable":true,"href":"https:\/\/blogs.uef.fi\/promoni\/wp-json\/wp\/v2\/users\/1"}],"replies":[{"embeddable":true,"href":"https:\/\/blogs.uef.fi\/promoni\/wp-json\/wp\/v2\/comments?post=80"}],"version-history":[{"count":2,"href":"https:\/\/blogs.uef.fi\/promoni\/wp-json\/wp\/v2\/pages\/80\/revisions"}],"predecessor-version":[{"id":156,"href":"https:\/\/blogs.uef.fi\/promoni\/wp-json\/wp\/v2\/pages\/80\/revisions\/156"}],"wp:attachment":[{"href":"https:\/\/blogs.uef.fi\/promoni\/wp-json\/wp\/v2\/media?parent=80"}],"curies":[{"name":"wp","href":"https:\/\/api.w.org\/{rel}","templated":true}]}}