{"id":7,"date":"2020-01-20T07:21:51","date_gmt":"2020-01-20T07:21:51","guid":{"rendered":"https:\/\/blogs.uef.fi\/paraskoulu\/?page_id=7"},"modified":"2024-01-18T14:34:59","modified_gmt":"2024-01-18T12:34:59","slug":"etusivu","status":"publish","type":"page","link":"https:\/\/blogs.uef.fi\/paraskoulu\/","title":{"rendered":"Etusivu"},"content":{"rendered":"\n<figure class=\"wp-block-image aligncenter\"><img loading=\"lazy\" decoding=\"async\" width=\"800\" height=\"300\" src=\"https:\/\/blogs.uef.fi\/paraskoulu\/wp-content\/uploads\/sites\/119\/2020\/01\/UEF_Paraskoulu_Logo.png\" alt=\"\" class=\"wp-image-127\" srcset=\"https:\/\/blogs.uef.fi\/paraskoulu\/wp-content\/uploads\/sites\/119\/2020\/01\/UEF_Paraskoulu_Logo.png 800w, https:\/\/blogs.uef.fi\/paraskoulu\/wp-content\/uploads\/sites\/119\/2020\/01\/UEF_Paraskoulu_Logo-300x113.png 300w, https:\/\/blogs.uef.fi\/paraskoulu\/wp-content\/uploads\/sites\/119\/2020\/01\/UEF_Paraskoulu_Logo-768x288.png 768w\" sizes=\"auto, (max-width: 800px) 100vw, 800px\" \/><\/figure>\n\n\n\n<p>#Paraskoulu-hankkeen tavoitteena on hyvinvoinnin kokonaisuuteen kuuluvien tekij\u00f6iden vahvistaminen koulussa. Kuluvan lukuvuoden aikana noin 70 opettajaa It\u00e4-Suomen kunnista ja harjoittelukoulusta kehitt\u00e4v\u00e4t yhdess\u00e4 It\u00e4-Suomen yliopiston tutkijoiden ja kouluttajien kanssa toimintatapoja oppilaan kohtaamiseen, itseohjautuvuuden tukemiseen ja kouluyhteis\u00f6n pedagogiseen hyvinvointiin.<\/p>\n\n\n\n<p>N\u00e4ill\u00e4 tavoitteilla:<\/p>\n\n\n\n<ul class=\"wp-block-list\">\n<li>luodaan oppilaskeskeisemp\u00e4\u00e4 ja yksil\u00f6llisesti tukevaa pedagogiikkaa<\/li>\n\n\n\n<li>vahvistetaan oppilaiden hyvinvointia, tarjotaan sosiaalista ja emotionaalista tukea sek\u00e4 vahvistetaan oppilaan kyky\u00e4 itsehavainnointiin<\/li>\n\n\n\n<li>vahvistetaan pedagogisia yhteis\u00f6j\u00e4 ja niiden toimintakulttuuria<\/li>\n<\/ul>\n\n\n\n<figure class=\"wp-block-image alignleft\"><img loading=\"lazy\" decoding=\"async\" width=\"1024\" height=\"379\" src=\"https:\/\/blogs.uef.fi\/paraskoulu\/wp-content\/uploads\/sites\/119\/2020\/02\/ala_banneri-1024x379.png\" alt=\"\" class=\"wp-image-239\" srcset=\"https:\/\/blogs.uef.fi\/paraskoulu\/wp-content\/uploads\/sites\/119\/2020\/02\/ala_banneri-1024x379.png 1024w, https:\/\/blogs.uef.fi\/paraskoulu\/wp-content\/uploads\/sites\/119\/2020\/02\/ala_banneri-300x111.png 300w, https:\/\/blogs.uef.fi\/paraskoulu\/wp-content\/uploads\/sites\/119\/2020\/02\/ala_banneri-768x284.png 768w\" sizes=\"auto, (max-width: 1024px) 100vw, 1024px\" \/><\/figure>\n","protected":false},"excerpt":{"rendered":"<p>#Paraskoulu-hankkeen tavoitteena on hyvinvoinnin kokonaisuuteen kuuluvien tekij\u00f6iden vahvistaminen koulussa. Kuluvan lukuvuoden aikana noin 70 opettajaa It\u00e4-Suomen kunnista ja harjoittelukoulusta kehitt\u00e4v\u00e4t yhdess\u00e4 It\u00e4-Suomen yliopiston tutkijoiden ja kouluttajien kanssa toimintatapoja oppilaan kohtaamiseen, itseohjautuvuuden tukemiseen ja kouluyhteis\u00f6n pedagogiseen hyvinvointiin. N\u00e4ill\u00e4 tavoitteilla:<\/p>\n","protected":false},"author":1,"featured_media":0,"parent":0,"menu_order":0,"comment_status":"closed","ping_status":"closed","template":"","meta":{"_acf_changed":false,"footnotes":""},"class_list":["post-7","page","type-page","status-publish","hentry"],"acf":[],"yoast_head":"<!-- This site is optimized with the Yoast SEO plugin v27.1.1 - https:\/\/yoast.com\/product\/yoast-seo-wordpress\/ -->\n<title>Etusivu - Paraskoulu<\/title>\n<meta name=\"robots\" content=\"index, follow, max-snippet:-1, max-image-preview:large, max-video-preview:-1\" \/>\n<link rel=\"canonical\" href=\"https:\/\/blogs.uef.fi\/paraskoulu\/\" \/>\n<meta property=\"og:locale\" content=\"fi_FI\" \/>\n<meta property=\"og:type\" content=\"article\" \/>\n<meta property=\"og:title\" content=\"Etusivu - Paraskoulu\" \/>\n<meta property=\"og:description\" content=\"#Paraskoulu-hankkeen tavoitteena on hyvinvoinnin kokonaisuuteen kuuluvien tekij\u00f6iden vahvistaminen koulussa. Kuluvan lukuvuoden aikana noin 70 opettajaa It\u00e4-Suomen kunnista ja harjoittelukoulusta kehitt\u00e4v\u00e4t yhdess\u00e4 It\u00e4-Suomen yliopiston tutkijoiden ja kouluttajien kanssa toimintatapoja oppilaan kohtaamiseen, itseohjautuvuuden tukemiseen ja kouluyhteis\u00f6n pedagogiseen hyvinvointiin. N\u00e4ill\u00e4 tavoitteilla:\" \/>\n<meta property=\"og:url\" content=\"https:\/\/blogs.uef.fi\/paraskoulu\/\" \/>\n<meta property=\"og:site_name\" content=\"Paraskoulu\" \/>\n<meta property=\"article:modified_time\" content=\"2024-01-18T12:34:59+00:00\" \/>\n<meta property=\"og:image\" content=\"https:\/\/blogs.uef.fi\/paraskoulu\/wp-content\/uploads\/sites\/119\/2020\/01\/UEF_Paraskoulu_Logo.png\" \/>\n<meta name=\"twitter:card\" content=\"summary_large_image\" \/>\n<meta name=\"twitter:label1\" content=\"Arvioitu lukuaika\" \/>\n\t<meta name=\"twitter:data1\" content=\"1 minuutti\" \/>\n<script type=\"application\/ld+json\" class=\"yoast-schema-graph\">{\"@context\":\"https:\/\/schema.org\",\"@graph\":[{\"@type\":\"WebPage\",\"@id\":\"https:\/\/blogs.uef.fi\/paraskoulu\/\",\"url\":\"https:\/\/blogs.uef.fi\/paraskoulu\/\",\"name\":\"Etusivu - Paraskoulu\",\"isPartOf\":{\"@id\":\"https:\/\/blogs.uef.fi\/paraskoulu\/#website\"},\"primaryImageOfPage\":{\"@id\":\"https:\/\/blogs.uef.fi\/paraskoulu\/#primaryimage\"},\"image\":{\"@id\":\"https:\/\/blogs.uef.fi\/paraskoulu\/#primaryimage\"},\"thumbnailUrl\":\"https:\/\/blogs.uef.fi\/paraskoulu\/wp-content\/uploads\/sites\/119\/2020\/01\/UEF_Paraskoulu_Logo.png\",\"datePublished\":\"2020-01-20T07:21:51+00:00\",\"dateModified\":\"2024-01-18T12:34:59+00:00\",\"breadcrumb\":{\"@id\":\"https:\/\/blogs.uef.fi\/paraskoulu\/#breadcrumb\"},\"inLanguage\":\"fi\",\"potentialAction\":[{\"@type\":\"ReadAction\",\"target\":[\"https:\/\/blogs.uef.fi\/paraskoulu\/\"]}]},{\"@type\":\"ImageObject\",\"inLanguage\":\"fi\",\"@id\":\"https:\/\/blogs.uef.fi\/paraskoulu\/#primaryimage\",\"url\":\"https:\/\/blogs.uef.fi\/paraskoulu\/wp-content\/uploads\/sites\/119\/2020\/01\/UEF_Paraskoulu_Logo.png\",\"contentUrl\":\"https:\/\/blogs.uef.fi\/paraskoulu\/wp-content\/uploads\/sites\/119\/2020\/01\/UEF_Paraskoulu_Logo.png\",\"width\":800,\"height\":300,\"caption\":\"Hankkeen logo\"},{\"@type\":\"BreadcrumbList\",\"@id\":\"https:\/\/blogs.uef.fi\/paraskoulu\/#breadcrumb\",\"itemListElement\":[{\"@type\":\"ListItem\",\"position\":1,\"name\":\"Home\",\"item\":\"https:\/\/blogs.uef.fi\/paraskoulu\/\"},{\"@type\":\"ListItem\",\"position\":2,\"name\":\"Etusivu\"}]},{\"@type\":\"WebSite\",\"@id\":\"https:\/\/blogs.uef.fi\/paraskoulu\/#website\",\"url\":\"https:\/\/blogs.uef.fi\/paraskoulu\/\",\"name\":\"Paraskoulu\",\"description\":\"\",\"potentialAction\":[{\"@type\":\"SearchAction\",\"target\":{\"@type\":\"EntryPoint\",\"urlTemplate\":\"https:\/\/blogs.uef.fi\/paraskoulu\/?s={search_term_string}\"},\"query-input\":{\"@type\":\"PropertyValueSpecification\",\"valueRequired\":true,\"valueName\":\"search_term_string\"}}],\"inLanguage\":\"fi\"}]}<\/script>\n<!-- \/ Yoast SEO plugin. -->","yoast_head_json":{"title":"Etusivu - Paraskoulu","robots":{"index":"index","follow":"follow","max-snippet":"max-snippet:-1","max-image-preview":"max-image-preview:large","max-video-preview":"max-video-preview:-1"},"canonical":"https:\/\/blogs.uef.fi\/paraskoulu\/","og_locale":"fi_FI","og_type":"article","og_title":"Etusivu - Paraskoulu","og_description":"#Paraskoulu-hankkeen tavoitteena on hyvinvoinnin kokonaisuuteen kuuluvien tekij\u00f6iden vahvistaminen koulussa. Kuluvan lukuvuoden aikana noin 70 opettajaa It\u00e4-Suomen kunnista ja harjoittelukoulusta kehitt\u00e4v\u00e4t yhdess\u00e4 It\u00e4-Suomen yliopiston tutkijoiden ja kouluttajien kanssa toimintatapoja oppilaan kohtaamiseen, itseohjautuvuuden tukemiseen ja kouluyhteis\u00f6n pedagogiseen hyvinvointiin. N\u00e4ill\u00e4 tavoitteilla:","og_url":"https:\/\/blogs.uef.fi\/paraskoulu\/","og_site_name":"Paraskoulu","article_modified_time":"2024-01-18T12:34:59+00:00","og_image":[{"url":"https:\/\/blogs.uef.fi\/paraskoulu\/wp-content\/uploads\/sites\/119\/2020\/01\/UEF_Paraskoulu_Logo.png","type":"","width":"","height":""}],"twitter_card":"summary_large_image","twitter_misc":{"Arvioitu lukuaika":"1 minuutti"},"schema":{"@context":"https:\/\/schema.org","@graph":[{"@type":"WebPage","@id":"https:\/\/blogs.uef.fi\/paraskoulu\/","url":"https:\/\/blogs.uef.fi\/paraskoulu\/","name":"Etusivu - Paraskoulu","isPartOf":{"@id":"https:\/\/blogs.uef.fi\/paraskoulu\/#website"},"primaryImageOfPage":{"@id":"https:\/\/blogs.uef.fi\/paraskoulu\/#primaryimage"},"image":{"@id":"https:\/\/blogs.uef.fi\/paraskoulu\/#primaryimage"},"thumbnailUrl":"https:\/\/blogs.uef.fi\/paraskoulu\/wp-content\/uploads\/sites\/119\/2020\/01\/UEF_Paraskoulu_Logo.png","datePublished":"2020-01-20T07:21:51+00:00","dateModified":"2024-01-18T12:34:59+00:00","breadcrumb":{"@id":"https:\/\/blogs.uef.fi\/paraskoulu\/#breadcrumb"},"inLanguage":"fi","potentialAction":[{"@type":"ReadAction","target":["https:\/\/blogs.uef.fi\/paraskoulu\/"]}]},{"@type":"ImageObject","inLanguage":"fi","@id":"https:\/\/blogs.uef.fi\/paraskoulu\/#primaryimage","url":"https:\/\/blogs.uef.fi\/paraskoulu\/wp-content\/uploads\/sites\/119\/2020\/01\/UEF_Paraskoulu_Logo.png","contentUrl":"https:\/\/blogs.uef.fi\/paraskoulu\/wp-content\/uploads\/sites\/119\/2020\/01\/UEF_Paraskoulu_Logo.png","width":800,"height":300,"caption":"Hankkeen logo"},{"@type":"BreadcrumbList","@id":"https:\/\/blogs.uef.fi\/paraskoulu\/#breadcrumb","itemListElement":[{"@type":"ListItem","position":1,"name":"Home","item":"https:\/\/blogs.uef.fi\/paraskoulu\/"},{"@type":"ListItem","position":2,"name":"Etusivu"}]},{"@type":"WebSite","@id":"https:\/\/blogs.uef.fi\/paraskoulu\/#website","url":"https:\/\/blogs.uef.fi\/paraskoulu\/","name":"Paraskoulu","description":"","potentialAction":[{"@type":"SearchAction","target":{"@type":"EntryPoint","urlTemplate":"https:\/\/blogs.uef.fi\/paraskoulu\/?s={search_term_string}"},"query-input":{"@type":"PropertyValueSpecification","valueRequired":true,"valueName":"search_term_string"}}],"inLanguage":"fi"}]}},"_links":{"self":[{"href":"https:\/\/blogs.uef.fi\/paraskoulu\/wp-json\/wp\/v2\/pages\/7","targetHints":{"allow":["GET"]}}],"collection":[{"href":"https:\/\/blogs.uef.fi\/paraskoulu\/wp-json\/wp\/v2\/pages"}],"about":[{"href":"https:\/\/blogs.uef.fi\/paraskoulu\/wp-json\/wp\/v2\/types\/page"}],"author":[{"embeddable":true,"href":"https:\/\/blogs.uef.fi\/paraskoulu\/wp-json\/wp\/v2\/users\/1"}],"replies":[{"embeddable":true,"href":"https:\/\/blogs.uef.fi\/paraskoulu\/wp-json\/wp\/v2\/comments?post=7"}],"version-history":[{"count":1,"href":"https:\/\/blogs.uef.fi\/paraskoulu\/wp-json\/wp\/v2\/pages\/7\/revisions"}],"predecessor-version":[{"id":609,"href":"https:\/\/blogs.uef.fi\/paraskoulu\/wp-json\/wp\/v2\/pages\/7\/revisions\/609"}],"wp:attachment":[{"href":"https:\/\/blogs.uef.fi\/paraskoulu\/wp-json\/wp\/v2\/media?parent=7"}],"curies":[{"name":"wp","href":"https:\/\/api.w.org\/{rel}","templated":true}]}}