{"id":113,"date":"2020-01-29T07:33:49","date_gmt":"2020-01-29T07:33:49","guid":{"rendered":"https:\/\/blogs.uef.fi\/paraskoulu\/?page_id=113"},"modified":"2020-11-20T08:35:17","modified_gmt":"2020-11-20T08:35:17","slug":"paraskoulu-seminaari","status":"publish","type":"page","link":"https:\/\/blogs.uef.fi\/paraskoulu\/paraskoulu-seminaari\/","title":{"rendered":"#paraskoulu-seminaari"},"content":{"rendered":"<h2>Tervetuloa #paraskoulu-hankkeen ja It\u00e4-Suomen aluehallintaviraston j\u00e4rjest\u00e4m\u00e4\u00e4n webinaariin perjantaina 20.11. klo 13.00 &#8211; 15.00<\/h2>\n<p>Seminaarin teemana on &#8221;Koulu on enemm\u00e4n!&#8221;<\/p>\n<p><strong>Seminaarin ohjelma<\/strong><\/p>\n<ul>\n<li style=\"list-style-type: none\">\n<ul>\n<li><span style=\"font-weight: 400\">klo 13.00 \u00a0 <\/span> <span style=\"font-weight: 400\">Webinaarin avaus opetustoimen ylitarkastaja <\/span><i><span style=\"font-weight: 400\">Kari Lehtola<\/span><\/i><span style=\"font-weight: 400\">, AVI<\/span><\/li>\n<li><span style=\"font-weight: 400\">klo 13.15 \u00a0 <\/span> <span style=\"font-weight: 400\">Alustus \u201dKoulussa ja koulusta on v\u00e4litett\u00e4v\u00e4\u201d vastaava tutkija <\/span><i><span style=\"font-weight: 400\">Tomi Kiilakoski<\/span><\/i><span style=\"font-weight: 400\">, Nuorisotutkimusseura<\/span><\/li>\n<li><span style=\"font-weight: 400\">klo 13.45 \u00a0 <\/span> <span style=\"font-weight: 400\">Paneelikeskustelu:<em> Irene Sidoroff, Anna Logr\u00e9n, Johanna Albert, Pia Kola-Torvinen,<\/em><\/span><em><span style=\"font-weight: 400\">Tomi Kiilakoski, Samuli H\u00e4gg ja Sanna Vehvil\u00e4inen<\/span><\/em><\/li>\n<li><span style=\"font-weight: 400\">klo 14.15 \u00a0 <\/span> <span style=\"font-weight: 400\">Ryhm\u00e4keskustelut<\/span><\/li>\n<\/ul>\n<\/li>\n<\/ul>\n<ol>\n<li style=\"list-style-type: none\">\n<ol>\n<li style=\"list-style-type: none\">\n<ol>\n<li><span style=\"font-weight: 400\">Muutosjohtaminen, <\/span><i><span style=\"font-weight: 400\">Markku Pelkonen<\/span><\/i><\/li>\n<li><span style=\"font-weight: 400\">Ohjausvuorovaikutus, <\/span><i><span style=\"font-weight: 400\">Sanna Vehvil\u00e4inen<\/span><\/i><\/li>\n<li><span style=\"font-weight: 400\">Positiivinen pedagogiikka, <em>Tuire Silvennoinen ja P\u00e4ivi Ruotsalainen<\/em><\/span><\/li>\n<li><span style=\"font-weight: 400\">Kouluyhteis\u00f6llisyys ja osallisuus, <\/span><i><span style=\"font-weight: 400\">Tomi Kiilakoski<\/span><\/i><\/li>\n<li><span style=\"font-weight: 400\">Itsens\u00e4 johtaminen, <\/span><i><span style=\"font-weight: 400\">Lasse Eronen<\/span><\/i><\/li>\n<\/ol>\n<\/li>\n<\/ol>\n<\/li>\n<\/ol>\n<ul>\n<li style=\"list-style-type: none\">\n<ul>\n<li><span style=\"font-weight: 400\">klo 14.50 \u00a0 <\/span> <span style=\"font-weight: 400\">Seminaarin ja hankkeen p\u00e4\u00e4t\u00f6ssanat rehtori <\/span><i><span style=\"font-weight: 400\">Jyrki Korkki<\/span><\/i><\/li>\n<\/ul>\n<\/li>\n<\/ul>\n<p><b>Linkki Teams-kokoukseen:<br \/>\n<\/b><span style=\"font-size: 1rem\">Liity tietokoneella tai mobiilisovelluksella<br \/>\n<\/span><a class=\"me-email-headline\" href=\"https:\/\/teams.microsoft.com\/l\/meetup-join\/19%3aa64cd11407ce499a8e27ef68e4699f4c%40thread.skype\/1605271998263?context=%7b%22Tid%22%3a%2287879f2e-7304-4bf2-baf2-63e7f83f3c34%22%2c%22Oid%22%3a%2215356517-134b-44e2-8082-afebd152d43b%22%7d\" target=\"_blank\" rel=\"noreferrer noopener\" data-cke-saved-href=\"https:\/\/teams.microsoft.com\/l\/meetup-join\/19%3aa64cd11407ce499a8e27ef68e4699f4c%40thread.skype\/1605271998263?context=%7b%22Tid%22%3a%2287879f2e-7304-4bf2-baf2-63e7f83f3c34%22%2c%22Oid%22%3a%2215356517-134b-44e2-8082-afebd152d43b%22%7d\">Liity kokoukseen napsauttamalla t\u00e4t\u00e4<\/a><\/p>\n<p>Seminaari tallennetaan. Seminaariin osallistuvat #paraskoulu-hankkeen osallistujat ja tervetulleita ovat kaikki koulun hyvinvoinnista kiinnostuneet.<\/p>\n<p><img loading=\"lazy\" decoding=\"async\" class=\"size-full wp-image-213 alignnone\" src=\"https:\/\/blogs.uef.fi\/paraskoulu\/wp-content\/uploads\/sites\/119\/2020\/02\/800px-Educa_2009.jpg\" alt=\"\" width=\"800\" height=\"600\" srcset=\"https:\/\/blogs.uef.fi\/paraskoulu\/wp-content\/uploads\/sites\/119\/2020\/02\/800px-Educa_2009.jpg 800w, https:\/\/blogs.uef.fi\/paraskoulu\/wp-content\/uploads\/sites\/119\/2020\/02\/800px-Educa_2009-300x225.jpg 300w, https:\/\/blogs.uef.fi\/paraskoulu\/wp-content\/uploads\/sites\/119\/2020\/02\/800px-Educa_2009-768x576.jpg 768w\" sizes=\"auto, (max-width: 800px) 100vw, 800px\" \/><\/p>\n<p><img loading=\"lazy\" decoding=\"async\" class=\"alignleft wp-image-239\" src=\"https:\/\/blogs.uef.fi\/paraskoulu\/wp-content\/uploads\/sites\/119\/2020\/02\/ala_banneri-1024x379.png\" alt=\"\" width=\"800\" height=\"296\" srcset=\"https:\/\/blogs.uef.fi\/paraskoulu\/wp-content\/uploads\/sites\/119\/2020\/02\/ala_banneri-1024x379.png 1024w, https:\/\/blogs.uef.fi\/paraskoulu\/wp-content\/uploads\/sites\/119\/2020\/02\/ala_banneri-300x111.png 300w, https:\/\/blogs.uef.fi\/paraskoulu\/wp-content\/uploads\/sites\/119\/2020\/02\/ala_banneri-768x284.png 768w\" sizes=\"auto, (max-width: 800px) 100vw, 800px\" \/><\/p>\n","protected":false},"excerpt":{"rendered":"<p>Tervetuloa #paraskoulu-hankkeen ja It\u00e4-Suomen aluehallintaviraston j\u00e4rjest\u00e4m\u00e4\u00e4n webinaariin perjantaina 20.11. klo 13.00 &#8211; 15.00 Seminaarin teemana on &#8221;Koulu on enemm\u00e4n!&#8221; Seminaarin ohjelma klo 13.00 \u00a0 Webinaarin avaus opetustoimen ylitarkastaja Kari Lehtola, AVI klo 13.15 \u00a0 Alustus \u201dKoulussa ja koulusta on v\u00e4litett\u00e4v\u00e4\u201d vastaava tutkija Tomi Kiilakoski, Nuorisotutkimusseura klo 13.45 \u00a0 Paneelikeskustelu: Irene Sidoroff, Anna Logr\u00e9n, Johanna Albert, [&hellip;]<\/p>\n","protected":false},"author":305,"featured_media":0,"parent":0,"menu_order":0,"comment_status":"closed","ping_status":"closed","template":"","meta":{"_acf_changed":false,"footnotes":""},"class_list":["post-113","page","type-page","status-publish","hentry"],"acf":[],"yoast_head":"<!-- This site is optimized with the Yoast SEO plugin v27.1.1 - https:\/\/yoast.com\/product\/yoast-seo-wordpress\/ -->\n<title>#paraskoulu-seminaari - Paraskoulu<\/title>\n<meta name=\"robots\" content=\"index, follow, max-snippet:-1, max-image-preview:large, max-video-preview:-1\" \/>\n<link rel=\"canonical\" href=\"https:\/\/blogs.uef.fi\/paraskoulu\/paraskoulu-seminaari\/\" \/>\n<meta property=\"og:locale\" content=\"fi_FI\" \/>\n<meta property=\"og:type\" content=\"article\" \/>\n<meta property=\"og:title\" content=\"#paraskoulu-seminaari - Paraskoulu\" \/>\n<meta property=\"og:description\" content=\"Tervetuloa #paraskoulu-hankkeen ja It\u00e4-Suomen aluehallintaviraston j\u00e4rjest\u00e4m\u00e4\u00e4n webinaariin perjantaina 20.11. klo 13.00 &#8211; 15.00 Seminaarin teemana on &#8221;Koulu on enemm\u00e4n!&#8221; Seminaarin ohjelma klo 13.00 \u00a0 Webinaarin avaus opetustoimen ylitarkastaja Kari Lehtola, AVI klo 13.15 \u00a0 Alustus \u201dKoulussa ja koulusta on v\u00e4litett\u00e4v\u00e4\u201d vastaava tutkija Tomi Kiilakoski, Nuorisotutkimusseura klo 13.45 \u00a0 Paneelikeskustelu: Irene Sidoroff, Anna Logr\u00e9n, Johanna Albert, [&hellip;]\" \/>\n<meta property=\"og:url\" content=\"https:\/\/blogs.uef.fi\/paraskoulu\/paraskoulu-seminaari\/\" \/>\n<meta property=\"og:site_name\" content=\"Paraskoulu\" \/>\n<meta property=\"article:modified_time\" content=\"2020-11-20T08:35:17+00:00\" \/>\n<meta property=\"og:image\" content=\"https:\/\/blogs.uef.fi\/paraskoulu\/wp-content\/uploads\/sites\/119\/2020\/02\/800px-Educa_2009.jpg\" \/>\n<meta name=\"twitter:card\" content=\"summary_large_image\" \/>\n<meta name=\"twitter:label1\" content=\"Arvioitu lukuaika\" \/>\n\t<meta name=\"twitter:data1\" content=\"1 minuutti\" \/>\n<script type=\"application\/ld+json\" class=\"yoast-schema-graph\">{\"@context\":\"https:\/\/schema.org\",\"@graph\":[{\"@type\":\"WebPage\",\"@id\":\"https:\/\/blogs.uef.fi\/paraskoulu\/paraskoulu-seminaari\/\",\"url\":\"https:\/\/blogs.uef.fi\/paraskoulu\/paraskoulu-seminaari\/\",\"name\":\"#paraskoulu-seminaari - Paraskoulu\",\"isPartOf\":{\"@id\":\"https:\/\/blogs.uef.fi\/paraskoulu\/#website\"},\"primaryImageOfPage\":{\"@id\":\"https:\/\/blogs.uef.fi\/paraskoulu\/paraskoulu-seminaari\/#primaryimage\"},\"image\":{\"@id\":\"https:\/\/blogs.uef.fi\/paraskoulu\/paraskoulu-seminaari\/#primaryimage\"},\"thumbnailUrl\":\"https:\/\/blogs.uef.fi\/paraskoulu\/wp-content\/uploads\/sites\/119\/2020\/02\/800px-Educa_2009.jpg\",\"datePublished\":\"2020-01-29T07:33:49+00:00\",\"dateModified\":\"2020-11-20T08:35:17+00:00\",\"breadcrumb\":{\"@id\":\"https:\/\/blogs.uef.fi\/paraskoulu\/paraskoulu-seminaari\/#breadcrumb\"},\"inLanguage\":\"fi\",\"potentialAction\":[{\"@type\":\"ReadAction\",\"target\":[\"https:\/\/blogs.uef.fi\/paraskoulu\/paraskoulu-seminaari\/\"]}]},{\"@type\":\"ImageObject\",\"inLanguage\":\"fi\",\"@id\":\"https:\/\/blogs.uef.fi\/paraskoulu\/paraskoulu-seminaari\/#primaryimage\",\"url\":\"https:\/\/blogs.uef.fi\/paraskoulu\/wp-content\/uploads\/sites\/119\/2020\/02\/800px-Educa_2009.jpg\",\"contentUrl\":\"https:\/\/blogs.uef.fi\/paraskoulu\/wp-content\/uploads\/sites\/119\/2020\/02\/800px-Educa_2009.jpg\",\"width\":800,\"height\":600,\"caption\":\"Educa-rakennus sijaitsee Joensuussa It\u00e4-Suomen yliopiston kampuksella.\"},{\"@type\":\"BreadcrumbList\",\"@id\":\"https:\/\/blogs.uef.fi\/paraskoulu\/paraskoulu-seminaari\/#breadcrumb\",\"itemListElement\":[{\"@type\":\"ListItem\",\"position\":1,\"name\":\"Home\",\"item\":\"https:\/\/blogs.uef.fi\/paraskoulu\/\"},{\"@type\":\"ListItem\",\"position\":2,\"name\":\"#paraskoulu-seminaari\"}]},{\"@type\":\"WebSite\",\"@id\":\"https:\/\/blogs.uef.fi\/paraskoulu\/#website\",\"url\":\"https:\/\/blogs.uef.fi\/paraskoulu\/\",\"name\":\"Paraskoulu\",\"description\":\"\",\"potentialAction\":[{\"@type\":\"SearchAction\",\"target\":{\"@type\":\"EntryPoint\",\"urlTemplate\":\"https:\/\/blogs.uef.fi\/paraskoulu\/?s={search_term_string}\"},\"query-input\":{\"@type\":\"PropertyValueSpecification\",\"valueRequired\":true,\"valueName\":\"search_term_string\"}}],\"inLanguage\":\"fi\"}]}<\/script>\n<!-- \/ Yoast SEO plugin. -->","yoast_head_json":{"title":"#paraskoulu-seminaari - Paraskoulu","robots":{"index":"index","follow":"follow","max-snippet":"max-snippet:-1","max-image-preview":"max-image-preview:large","max-video-preview":"max-video-preview:-1"},"canonical":"https:\/\/blogs.uef.fi\/paraskoulu\/paraskoulu-seminaari\/","og_locale":"fi_FI","og_type":"article","og_title":"#paraskoulu-seminaari - Paraskoulu","og_description":"Tervetuloa #paraskoulu-hankkeen ja It\u00e4-Suomen aluehallintaviraston j\u00e4rjest\u00e4m\u00e4\u00e4n webinaariin perjantaina 20.11. klo 13.00 &#8211; 15.00 Seminaarin teemana on &#8221;Koulu on enemm\u00e4n!&#8221; Seminaarin ohjelma klo 13.00 \u00a0 Webinaarin avaus opetustoimen ylitarkastaja Kari Lehtola, AVI klo 13.15 \u00a0 Alustus \u201dKoulussa ja koulusta on v\u00e4litett\u00e4v\u00e4\u201d vastaava tutkija Tomi Kiilakoski, Nuorisotutkimusseura klo 13.45 \u00a0 Paneelikeskustelu: Irene Sidoroff, Anna Logr\u00e9n, Johanna Albert, [&hellip;]","og_url":"https:\/\/blogs.uef.fi\/paraskoulu\/paraskoulu-seminaari\/","og_site_name":"Paraskoulu","article_modified_time":"2020-11-20T08:35:17+00:00","og_image":[{"url":"https:\/\/blogs.uef.fi\/paraskoulu\/wp-content\/uploads\/sites\/119\/2020\/02\/800px-Educa_2009.jpg","type":"","width":"","height":""}],"twitter_card":"summary_large_image","twitter_misc":{"Arvioitu lukuaika":"1 minuutti"},"schema":{"@context":"https:\/\/schema.org","@graph":[{"@type":"WebPage","@id":"https:\/\/blogs.uef.fi\/paraskoulu\/paraskoulu-seminaari\/","url":"https:\/\/blogs.uef.fi\/paraskoulu\/paraskoulu-seminaari\/","name":"#paraskoulu-seminaari - Paraskoulu","isPartOf":{"@id":"https:\/\/blogs.uef.fi\/paraskoulu\/#website"},"primaryImageOfPage":{"@id":"https:\/\/blogs.uef.fi\/paraskoulu\/paraskoulu-seminaari\/#primaryimage"},"image":{"@id":"https:\/\/blogs.uef.fi\/paraskoulu\/paraskoulu-seminaari\/#primaryimage"},"thumbnailUrl":"https:\/\/blogs.uef.fi\/paraskoulu\/wp-content\/uploads\/sites\/119\/2020\/02\/800px-Educa_2009.jpg","datePublished":"2020-01-29T07:33:49+00:00","dateModified":"2020-11-20T08:35:17+00:00","breadcrumb":{"@id":"https:\/\/blogs.uef.fi\/paraskoulu\/paraskoulu-seminaari\/#breadcrumb"},"inLanguage":"fi","potentialAction":[{"@type":"ReadAction","target":["https:\/\/blogs.uef.fi\/paraskoulu\/paraskoulu-seminaari\/"]}]},{"@type":"ImageObject","inLanguage":"fi","@id":"https:\/\/blogs.uef.fi\/paraskoulu\/paraskoulu-seminaari\/#primaryimage","url":"https:\/\/blogs.uef.fi\/paraskoulu\/wp-content\/uploads\/sites\/119\/2020\/02\/800px-Educa_2009.jpg","contentUrl":"https:\/\/blogs.uef.fi\/paraskoulu\/wp-content\/uploads\/sites\/119\/2020\/02\/800px-Educa_2009.jpg","width":800,"height":600,"caption":"Educa-rakennus sijaitsee Joensuussa It\u00e4-Suomen yliopiston kampuksella."},{"@type":"BreadcrumbList","@id":"https:\/\/blogs.uef.fi\/paraskoulu\/paraskoulu-seminaari\/#breadcrumb","itemListElement":[{"@type":"ListItem","position":1,"name":"Home","item":"https:\/\/blogs.uef.fi\/paraskoulu\/"},{"@type":"ListItem","position":2,"name":"#paraskoulu-seminaari"}]},{"@type":"WebSite","@id":"https:\/\/blogs.uef.fi\/paraskoulu\/#website","url":"https:\/\/blogs.uef.fi\/paraskoulu\/","name":"Paraskoulu","description":"","potentialAction":[{"@type":"SearchAction","target":{"@type":"EntryPoint","urlTemplate":"https:\/\/blogs.uef.fi\/paraskoulu\/?s={search_term_string}"},"query-input":{"@type":"PropertyValueSpecification","valueRequired":true,"valueName":"search_term_string"}}],"inLanguage":"fi"}]}},"_links":{"self":[{"href":"https:\/\/blogs.uef.fi\/paraskoulu\/wp-json\/wp\/v2\/pages\/113","targetHints":{"allow":["GET"]}}],"collection":[{"href":"https:\/\/blogs.uef.fi\/paraskoulu\/wp-json\/wp\/v2\/pages"}],"about":[{"href":"https:\/\/blogs.uef.fi\/paraskoulu\/wp-json\/wp\/v2\/types\/page"}],"author":[{"embeddable":true,"href":"https:\/\/blogs.uef.fi\/paraskoulu\/wp-json\/wp\/v2\/users\/305"}],"replies":[{"embeddable":true,"href":"https:\/\/blogs.uef.fi\/paraskoulu\/wp-json\/wp\/v2\/comments?post=113"}],"version-history":[{"count":2,"href":"https:\/\/blogs.uef.fi\/paraskoulu\/wp-json\/wp\/v2\/pages\/113\/revisions"}],"predecessor-version":[{"id":367,"href":"https:\/\/blogs.uef.fi\/paraskoulu\/wp-json\/wp\/v2\/pages\/113\/revisions\/367"}],"wp:attachment":[{"href":"https:\/\/blogs.uef.fi\/paraskoulu\/wp-json\/wp\/v2\/media?parent=113"}],"curies":[{"name":"wp","href":"https:\/\/api.w.org\/{rel}","templated":true}]}}