{"id":9,"date":"2020-02-25T06:34:40","date_gmt":"2020-02-25T06:34:40","guid":{"rendered":"https:\/\/blogs.uef.fi\/oppimisanalytiikanriskiarvio\/?page_id=9"},"modified":"2023-09-18T10:25:00","modified_gmt":"2023-09-18T07:25:00","slug":"etusivu","status":"publish","type":"page","link":"https:\/\/blogs.uef.fi\/oppimisanalytiikanriskiarvio\/","title":{"rendered":"Etusivu"},"content":{"rendered":"\n<h1 class=\"wp-block-heading\"><strong>Oppimisanalytiikan yksinkertaistettu riskiarvioty\u00f6kalu yliopistokoulutuksessa<br><\/strong><\/h1>\n\n\n\n<p>Oppimisanalytiikalle on monia k\u00e4ytt\u00f6mahdollisuuksia yliopistokoulutuksessa (ks. kuvio). Opiskelijan k\u00e4yt\u00f6ss\u00e4 oppimisanalytiikka voi tukea reflektiota, oppimisen henkil\u00f6kohtaistamista ja ohjausta. Opettajan n\u00e4k\u00f6kulmasta oppimisanalytiikan k\u00e4yt\u00f6ss\u00e4 korostuvat opintojen seuranta, arviointi ja tuki sek\u00e4 opetuksen kehitt\u00e4minen. Yliopistolle oppimisanalytiikan k\u00e4ytt\u00f6 tuo lis\u00e4mahdollisuuksia koulutuksen johtamiseen ja kehitt\u00e4miseen ja yhteiskunnallisella tasolla sen avulla voidaan tuottaa tietoa koulutuspoliittiseen p\u00e4\u00e4t\u00f6ksentekoon. (Gedrimiene ym., 2019.)<\/p>\n\n\n\n<figure class=\"wp-block-image alignnone wp-image-200\"><img loading=\"lazy\" decoding=\"async\" width=\"300\" height=\"218\" src=\"https:\/\/blogs.uef.fi\/oppimisanalytiikanriskiarvio\/wp-content\/uploads\/sites\/135\/2020\/03\/Kuva_-Oppimisanalytiikan-mahdollisuuksia-yliopistokoulutuksessa-300x218.png\" alt=\"Pyramidin mallinen kuva oppimisanalytiikan k\u00e4ytt\u00f6tarkoituksista\" class=\"wp-image-200\" srcset=\"https:\/\/blogs.uef.fi\/oppimisanalytiikanriskiarvio\/wp-content\/uploads\/sites\/135\/2020\/03\/Kuva_-Oppimisanalytiikan-mahdollisuuksia-yliopistokoulutuksessa-300x218.png 300w, https:\/\/blogs.uef.fi\/oppimisanalytiikanriskiarvio\/wp-content\/uploads\/sites\/135\/2020\/03\/Kuva_-Oppimisanalytiikan-mahdollisuuksia-yliopistokoulutuksessa.png 674w\" sizes=\"auto, (max-width: 300px) 100vw, 300px\" \/><figcaption class=\"wp-element-caption\">Kuvio: Oppimisanalytiikan mahdollisuuksia yliopistokoulutuksessa (Gedrimiene ym., 2019)<\/figcaption><\/figure>\n\n\n\n<p>T\u00e4m\u00e4n sivuston tarkoituksena on toimia ty\u00f6kaluna yliopistokoulutuksessa hy\u00f6dynnett\u00e4v\u00e4n oppimisanalytiikan ja siin\u00e4 k\u00e4ytett\u00e4vien henkil\u00f6tietojen riskien potentiaalin arvioimista ja riskien kartoittamista varten. Riskity\u00f6kalu perustuu siihen, ett\u00e4 EU:n yleisen tietosuoja-asetus (EU) 2016\/679 edellytt\u00e4\u00e4 riskiperusteista suunnittelua ja henkil\u00f6tietojen k\u00e4sittelyn hallintaa, mink\u00e4 perusteella voidaan toteuttaa toimenpiteet henkil\u00f6tietojen suojaamiseksi.<\/p>\n\n\n\n<p>Riskiarvioty\u00f6kalu sis\u00e4lt\u00e4\u00e4 kysymyksi\u00e4 ja niihin liittyvi\u00e4 ohjeistuksia. Riskiarvioty\u00f6kalu on tarkoitettu ohjeistukseksi ja tueksi, eik\u00e4 korvaa organisaation omaa varsinaista riskiarvioprosessia tai vaikutustenarviointia. Mik\u00e4li riskiarvioty\u00f6kaluun annetut vastaukset osoittavat korkeaa riski\u00e4, on henkil\u00f6tietojen k\u00e4sittelyst\u00e4 todenn\u00e4k\u00f6isesti laadittava erillinen tietosuoja-asetuksen mukainen vaikutustenarviointi. Riskiarvioty\u00f6kalu on yksinkertaistettu malli, ja voi my\u00f6s vaatia erilaisia painotuksia riippuen siit\u00e4, mink\u00e4lainen oppimisanalytiikan k\u00e4ytt\u00f6tapaus on k\u00e4sill\u00e4.<\/p>\n\n\n\n<p>Tietosuojakysymykset on huomioitava oppimisanalytiikan suunnittelussa alusta alkaen, sill\u00e4 rekisterinpit\u00e4j\u00e4n velvollisuudet ja tarvittavien suojatoimien taso m\u00e4\u00e4r\u00e4ytyy riskiperusteisesti. Riskiarvioty\u00f6kalussa esitettyj\u00e4 kysymyksi\u00e4 voidaan hy\u00f6dynt\u00e4\u00e4 my\u00f6s oppimisanalytiikan k\u00e4ytt\u00f6tapausten suunnittelussa, jotta riskit voidaan helpommin kartoittaa ja jotta mahdollisia riskej\u00e4 voidaan minimoida jo suunnitteluvaiheessa.<\/p>\n\n\n\n<p>Riskiarvioty\u00f6kalu ja sen ohjeistukset pohjautuvat Juuso Oulin ja Tomi Voutilaisen (2019) artikkeliin &#8221;<a href=\"https:\/\/www.edilex.fi\/artikkelit\/20064\">Oppimisanalytiikka ja opiskelijatietojen k\u00e4sittely yliopistoissa<\/a>&#8221;, sek\u00e4 artikkelissa esitettyyn riskiarviomalliin ja siin\u00e4 k\u00e4ytettyihin l\u00e4hteisiin. Riskiarvioty\u00f6kalun ohjeistuksissa viitataankin artikkeliin useaan kertaan ja ohjeistuksia on luettava yhdess\u00e4 artikkelin kanssa. Ennen riskiarvioty\u00f6kaluun vastaamista johdatuksena oppimisanalytiikkaan liittyv\u00e4\u00e4n lains\u00e4\u00e4d\u00e4nt\u00f6\u00f6n on suositeltavaa perehty\u00e4 Oulin ja Voutilaisen artikkeliin. On my\u00f6s huomioitava, ett\u00e4 oppimisanalytiikan kehitt\u00e4misess\u00e4 sek\u00e4 siin\u00e4 k\u00e4ytett\u00e4vien tietojen riskien arvioimisessa on tietosuojalains\u00e4\u00e4d\u00e4nn\u00f6n lis\u00e4ksi huomioitava muu yleishallinto-oikeudellinen s\u00e4\u00e4ntely, joista keskeisimpi\u00e4 ovat hallintolaki, julkisuuslaki ja tiedonhallintalaki sek\u00e4 erityislakina yliopistolaki.<\/p>\n\n\n\n<p>T\u00e4m\u00e4 riskiarvioty\u00f6kalu on toteutettu osana Opetus- ja kulttuuriministerion tukemaan <a href=\"https:\/\/analytiikkaaly.fi\">Analytiikka\u00c4ly<\/a> -hanketta.<\/p>\n\n\n\n<p><em>Lue lis\u00e4\u00e4:<\/em><\/p>\n\n\n\n<ul class=\"wp-block-list\">\n<li><a href=\"https:\/\/tietosuoja.fi\/arvioi-riskit\">Tietosuojavaltuutetun toimisto<\/a><\/li>\n\n\n\n<li><a href=\"https:\/\/ec.europa.eu\/newsroom\/article29\/item-detail.cfm?item_id=611236\">WP29-ty\u00f6ryhm\u00e4n ohje riskiarviosta ja vaikutustenarvioinnista<\/a><\/li>\n\n\n\n<li>Ouli, J. &amp; Voutilainen, T. 2019.<a href=\"https:\/\/www.edilex.fi\/artikkelit\/20064\"> Oppimisanalytiikka ja opiskelijatietojen k\u00e4sittely yliopistoissa<\/a>. Edilex.fi.<\/li>\n<\/ul>\n\n\n\n<p>Ks. my\u00f6s <a href=\"https:\/\/blogs.uef.fi\/oppimisanalytiikanriskiarvio\/lahteet\/\">l\u00e4hteist\u00e4<\/a> muuta hy\u00f6dyllist\u00e4 luettavaa<\/p>\n","protected":false},"excerpt":{"rendered":"<p>Oppimisanalytiikan yksinkertaistettu riskiarvioty\u00f6kalu yliopistokoulutuksessa Oppimisanalytiikalle on monia k\u00e4ytt\u00f6mahdollisuuksia yliopistokoulutuksessa (ks. kuvio). Opiskelijan k\u00e4yt\u00f6ss\u00e4 oppimisanalytiikka voi tukea reflektiota, oppimisen henkil\u00f6kohtaistamista ja ohjausta. Opettajan n\u00e4k\u00f6kulmasta oppimisanalytiikan k\u00e4yt\u00f6ss\u00e4 korostuvat opintojen seuranta, arviointi ja tuki sek\u00e4 opetuksen kehitt\u00e4minen. Yliopistolle oppimisanalytiikan k\u00e4ytt\u00f6 tuo lis\u00e4mahdollisuuksia koulutuksen johtamiseen ja kehitt\u00e4miseen ja yhteiskunnallisella tasolla sen avulla voidaan tuottaa tietoa koulutuspoliittiseen p\u00e4\u00e4t\u00f6ksentekoon. (Gedrimiene ym., [&hellip;]<\/p>\n","protected":false},"author":1,"featured_media":0,"parent":0,"menu_order":0,"comment_status":"closed","ping_status":"closed","template":"","meta":{"_acf_changed":false,"footnotes":""},"class_list":["post-9","page","type-page","status-publish","hentry"],"acf":[],"yoast_head":"<!-- This site is optimized with the Yoast SEO plugin v27.1.1 - https:\/\/yoast.com\/product\/yoast-seo-wordpress\/ -->\n<title>Etusivu - Oppimisanalytiikan riskiarvioty\u00f6kalu<\/title>\n<meta name=\"robots\" content=\"index, follow, max-snippet:-1, max-image-preview:large, max-video-preview:-1\" \/>\n<link rel=\"canonical\" href=\"https:\/\/blogs.uef.fi\/oppimisanalytiikanriskiarvio\/\" \/>\n<meta property=\"og:locale\" content=\"fi_FI\" \/>\n<meta property=\"og:type\" content=\"article\" \/>\n<meta property=\"og:title\" content=\"Etusivu - Oppimisanalytiikan riskiarvioty\u00f6kalu\" \/>\n<meta property=\"og:description\" content=\"Oppimisanalytiikan yksinkertaistettu riskiarvioty\u00f6kalu yliopistokoulutuksessa Oppimisanalytiikalle on monia k\u00e4ytt\u00f6mahdollisuuksia yliopistokoulutuksessa (ks. kuvio). Opiskelijan k\u00e4yt\u00f6ss\u00e4 oppimisanalytiikka voi tukea reflektiota, oppimisen henkil\u00f6kohtaistamista ja ohjausta. Opettajan n\u00e4k\u00f6kulmasta oppimisanalytiikan k\u00e4yt\u00f6ss\u00e4 korostuvat opintojen seuranta, arviointi ja tuki sek\u00e4 opetuksen kehitt\u00e4minen. Yliopistolle oppimisanalytiikan k\u00e4ytt\u00f6 tuo lis\u00e4mahdollisuuksia koulutuksen johtamiseen ja kehitt\u00e4miseen ja yhteiskunnallisella tasolla sen avulla voidaan tuottaa tietoa koulutuspoliittiseen p\u00e4\u00e4t\u00f6ksentekoon. (Gedrimiene ym., [&hellip;]\" \/>\n<meta property=\"og:url\" content=\"https:\/\/blogs.uef.fi\/oppimisanalytiikanriskiarvio\/\" \/>\n<meta property=\"og:site_name\" content=\"Oppimisanalytiikan riskiarvioty\u00f6kalu\" \/>\n<meta property=\"article:modified_time\" content=\"2023-09-18T07:25:00+00:00\" \/>\n<meta property=\"og:image\" content=\"https:\/\/blogs.uef.fi\/oppimisanalytiikanriskiarvio\/wp-content\/uploads\/sites\/135\/2020\/03\/Kuva_-Oppimisanalytiikan-mahdollisuuksia-yliopistokoulutuksessa-300x218.png\" \/>\n<meta name=\"twitter:card\" content=\"summary_large_image\" \/>\n<meta name=\"twitter:label1\" content=\"Arvioitu lukuaika\" \/>\n\t<meta name=\"twitter:data1\" content=\"3 minuuttia\" \/>\n<script type=\"application\/ld+json\" class=\"yoast-schema-graph\">{\"@context\":\"https:\/\/schema.org\",\"@graph\":[{\"@type\":\"WebPage\",\"@id\":\"https:\/\/blogs.uef.fi\/oppimisanalytiikanriskiarvio\/\",\"url\":\"https:\/\/blogs.uef.fi\/oppimisanalytiikanriskiarvio\/\",\"name\":\"Etusivu - Oppimisanalytiikan riskiarvioty\u00f6kalu\",\"isPartOf\":{\"@id\":\"https:\/\/blogs.uef.fi\/oppimisanalytiikanriskiarvio\/#website\"},\"primaryImageOfPage\":{\"@id\":\"https:\/\/blogs.uef.fi\/oppimisanalytiikanriskiarvio\/#primaryimage\"},\"image\":{\"@id\":\"https:\/\/blogs.uef.fi\/oppimisanalytiikanriskiarvio\/#primaryimage\"},\"thumbnailUrl\":\"https:\/\/blogs.uef.fi\/oppimisanalytiikanriskiarvio\/wp-content\/uploads\/sites\/135\/2020\/03\/Kuva_-Oppimisanalytiikan-mahdollisuuksia-yliopistokoulutuksessa-300x218.png\",\"datePublished\":\"2020-02-25T06:34:40+00:00\",\"dateModified\":\"2023-09-18T07:25:00+00:00\",\"breadcrumb\":{\"@id\":\"https:\/\/blogs.uef.fi\/oppimisanalytiikanriskiarvio\/#breadcrumb\"},\"inLanguage\":\"fi\",\"potentialAction\":[{\"@type\":\"ReadAction\",\"target\":[\"https:\/\/blogs.uef.fi\/oppimisanalytiikanriskiarvio\/\"]}]},{\"@type\":\"ImageObject\",\"inLanguage\":\"fi\",\"@id\":\"https:\/\/blogs.uef.fi\/oppimisanalytiikanriskiarvio\/#primaryimage\",\"url\":\"https:\/\/blogs.uef.fi\/oppimisanalytiikanriskiarvio\/wp-content\/uploads\/sites\/135\/2020\/03\/Kuva_-Oppimisanalytiikan-mahdollisuuksia-yliopistokoulutuksessa.png\",\"contentUrl\":\"https:\/\/blogs.uef.fi\/oppimisanalytiikanriskiarvio\/wp-content\/uploads\/sites\/135\/2020\/03\/Kuva_-Oppimisanalytiikan-mahdollisuuksia-yliopistokoulutuksessa.png\",\"width\":674,\"height\":490},{\"@type\":\"BreadcrumbList\",\"@id\":\"https:\/\/blogs.uef.fi\/oppimisanalytiikanriskiarvio\/#breadcrumb\",\"itemListElement\":[{\"@type\":\"ListItem\",\"position\":1,\"name\":\"Home\",\"item\":\"https:\/\/blogs.uef.fi\/oppimisanalytiikanriskiarvio\/\"},{\"@type\":\"ListItem\",\"position\":2,\"name\":\"Etusivu\"}]},{\"@type\":\"WebSite\",\"@id\":\"https:\/\/blogs.uef.fi\/oppimisanalytiikanriskiarvio\/#website\",\"url\":\"https:\/\/blogs.uef.fi\/oppimisanalytiikanriskiarvio\/\",\"name\":\"Oppimisanalytiikan riskiarvioty\u00f6kalu\",\"description\":\"\",\"potentialAction\":[{\"@type\":\"SearchAction\",\"target\":{\"@type\":\"EntryPoint\",\"urlTemplate\":\"https:\/\/blogs.uef.fi\/oppimisanalytiikanriskiarvio\/?s={search_term_string}\"},\"query-input\":{\"@type\":\"PropertyValueSpecification\",\"valueRequired\":true,\"valueName\":\"search_term_string\"}}],\"inLanguage\":\"fi\"}]}<\/script>\n<!-- \/ Yoast SEO plugin. -->","yoast_head_json":{"title":"Etusivu - Oppimisanalytiikan riskiarvioty\u00f6kalu","robots":{"index":"index","follow":"follow","max-snippet":"max-snippet:-1","max-image-preview":"max-image-preview:large","max-video-preview":"max-video-preview:-1"},"canonical":"https:\/\/blogs.uef.fi\/oppimisanalytiikanriskiarvio\/","og_locale":"fi_FI","og_type":"article","og_title":"Etusivu - Oppimisanalytiikan riskiarvioty\u00f6kalu","og_description":"Oppimisanalytiikan yksinkertaistettu riskiarvioty\u00f6kalu yliopistokoulutuksessa Oppimisanalytiikalle on monia k\u00e4ytt\u00f6mahdollisuuksia yliopistokoulutuksessa (ks. kuvio). Opiskelijan k\u00e4yt\u00f6ss\u00e4 oppimisanalytiikka voi tukea reflektiota, oppimisen henkil\u00f6kohtaistamista ja ohjausta. Opettajan n\u00e4k\u00f6kulmasta oppimisanalytiikan k\u00e4yt\u00f6ss\u00e4 korostuvat opintojen seuranta, arviointi ja tuki sek\u00e4 opetuksen kehitt\u00e4minen. Yliopistolle oppimisanalytiikan k\u00e4ytt\u00f6 tuo lis\u00e4mahdollisuuksia koulutuksen johtamiseen ja kehitt\u00e4miseen ja yhteiskunnallisella tasolla sen avulla voidaan tuottaa tietoa koulutuspoliittiseen p\u00e4\u00e4t\u00f6ksentekoon. (Gedrimiene ym., [&hellip;]","og_url":"https:\/\/blogs.uef.fi\/oppimisanalytiikanriskiarvio\/","og_site_name":"Oppimisanalytiikan riskiarvioty\u00f6kalu","article_modified_time":"2023-09-18T07:25:00+00:00","og_image":[{"url":"https:\/\/blogs.uef.fi\/oppimisanalytiikanriskiarvio\/wp-content\/uploads\/sites\/135\/2020\/03\/Kuva_-Oppimisanalytiikan-mahdollisuuksia-yliopistokoulutuksessa-300x218.png","type":"","width":"","height":""}],"twitter_card":"summary_large_image","twitter_misc":{"Arvioitu lukuaika":"3 minuuttia"},"schema":{"@context":"https:\/\/schema.org","@graph":[{"@type":"WebPage","@id":"https:\/\/blogs.uef.fi\/oppimisanalytiikanriskiarvio\/","url":"https:\/\/blogs.uef.fi\/oppimisanalytiikanriskiarvio\/","name":"Etusivu - Oppimisanalytiikan riskiarvioty\u00f6kalu","isPartOf":{"@id":"https:\/\/blogs.uef.fi\/oppimisanalytiikanriskiarvio\/#website"},"primaryImageOfPage":{"@id":"https:\/\/blogs.uef.fi\/oppimisanalytiikanriskiarvio\/#primaryimage"},"image":{"@id":"https:\/\/blogs.uef.fi\/oppimisanalytiikanriskiarvio\/#primaryimage"},"thumbnailUrl":"https:\/\/blogs.uef.fi\/oppimisanalytiikanriskiarvio\/wp-content\/uploads\/sites\/135\/2020\/03\/Kuva_-Oppimisanalytiikan-mahdollisuuksia-yliopistokoulutuksessa-300x218.png","datePublished":"2020-02-25T06:34:40+00:00","dateModified":"2023-09-18T07:25:00+00:00","breadcrumb":{"@id":"https:\/\/blogs.uef.fi\/oppimisanalytiikanriskiarvio\/#breadcrumb"},"inLanguage":"fi","potentialAction":[{"@type":"ReadAction","target":["https:\/\/blogs.uef.fi\/oppimisanalytiikanriskiarvio\/"]}]},{"@type":"ImageObject","inLanguage":"fi","@id":"https:\/\/blogs.uef.fi\/oppimisanalytiikanriskiarvio\/#primaryimage","url":"https:\/\/blogs.uef.fi\/oppimisanalytiikanriskiarvio\/wp-content\/uploads\/sites\/135\/2020\/03\/Kuva_-Oppimisanalytiikan-mahdollisuuksia-yliopistokoulutuksessa.png","contentUrl":"https:\/\/blogs.uef.fi\/oppimisanalytiikanriskiarvio\/wp-content\/uploads\/sites\/135\/2020\/03\/Kuva_-Oppimisanalytiikan-mahdollisuuksia-yliopistokoulutuksessa.png","width":674,"height":490},{"@type":"BreadcrumbList","@id":"https:\/\/blogs.uef.fi\/oppimisanalytiikanriskiarvio\/#breadcrumb","itemListElement":[{"@type":"ListItem","position":1,"name":"Home","item":"https:\/\/blogs.uef.fi\/oppimisanalytiikanriskiarvio\/"},{"@type":"ListItem","position":2,"name":"Etusivu"}]},{"@type":"WebSite","@id":"https:\/\/blogs.uef.fi\/oppimisanalytiikanriskiarvio\/#website","url":"https:\/\/blogs.uef.fi\/oppimisanalytiikanriskiarvio\/","name":"Oppimisanalytiikan riskiarvioty\u00f6kalu","description":"","potentialAction":[{"@type":"SearchAction","target":{"@type":"EntryPoint","urlTemplate":"https:\/\/blogs.uef.fi\/oppimisanalytiikanriskiarvio\/?s={search_term_string}"},"query-input":{"@type":"PropertyValueSpecification","valueRequired":true,"valueName":"search_term_string"}}],"inLanguage":"fi"}]}},"_links":{"self":[{"href":"https:\/\/blogs.uef.fi\/oppimisanalytiikanriskiarvio\/wp-json\/wp\/v2\/pages\/9","targetHints":{"allow":["GET"]}}],"collection":[{"href":"https:\/\/blogs.uef.fi\/oppimisanalytiikanriskiarvio\/wp-json\/wp\/v2\/pages"}],"about":[{"href":"https:\/\/blogs.uef.fi\/oppimisanalytiikanriskiarvio\/wp-json\/wp\/v2\/types\/page"}],"author":[{"embeddable":true,"href":"https:\/\/blogs.uef.fi\/oppimisanalytiikanriskiarvio\/wp-json\/wp\/v2\/users\/1"}],"replies":[{"embeddable":true,"href":"https:\/\/blogs.uef.fi\/oppimisanalytiikanriskiarvio\/wp-json\/wp\/v2\/comments?post=9"}],"version-history":[{"count":2,"href":"https:\/\/blogs.uef.fi\/oppimisanalytiikanriskiarvio\/wp-json\/wp\/v2\/pages\/9\/revisions"}],"predecessor-version":[{"id":1125,"href":"https:\/\/blogs.uef.fi\/oppimisanalytiikanriskiarvio\/wp-json\/wp\/v2\/pages\/9\/revisions\/1125"}],"wp:attachment":[{"href":"https:\/\/blogs.uef.fi\/oppimisanalytiikanriskiarvio\/wp-json\/wp\/v2\/media?parent=9"}],"curies":[{"name":"wp","href":"https:\/\/api.w.org\/{rel}","templated":true}]}}