{"id":750,"date":"2020-04-27T10:41:22","date_gmt":"2020-04-27T07:41:22","guid":{"rendered":"https:\/\/blogs.uef.fi\/oppimisanalytiikanriskiarvio\/?page_id=750"},"modified":"2023-09-22T13:02:59","modified_gmt":"2023-09-22T10:02:59","slug":"analytiikkaaly-hanke","status":"publish","type":"page","link":"https:\/\/blogs.uef.fi\/oppimisanalytiikanriskiarvio\/analytiikkaaly-hanke\/","title":{"rendered":"Analytiikka\u00c4ly -hanke"},"content":{"rendered":"\n<p>Analytiikka\u00c4ly on opetus- ja kulttuuriministeri\u00f6n rahoittama seitsem\u00e4n yliopiston yhteishanke, jota koordinoi Oulun yliopisto. Hankkeessa edistet\u00e4\u00e4n opintojen sujumista sek\u00e4 ty\u00f6el\u00e4m\u00e4\u00e4n siirtymist\u00e4 hy\u00f6dynt\u00e4m\u00e4ll\u00e4 oppimisanalytiikkaa opintopolun suunnittelussa, opintojen seurannassa, opetuksessa, opiskelijoiden ohjauksessa ja yliopiston johtamisessa. Kehitt\u00e4misty\u00f6ss\u00e4 hy\u00f6dynnet\u00e4\u00e4n jo olemassa olevia tietoj\u00e4rjestelmi\u00e4 ja samalla luodaan uusia ratkaisuja, erilaisten opiskelupolkujen, opintojen suunnittelun, opetuksen toteuttamisen, johtamisen sek\u00e4 toimintakulttuurin kehitt\u00e4misen tueksi.<\/p>\n\n\n\n<p>Tutustu lis\u00e4\u00e4: <a href=\"https:\/\/analytiikkaaly.fi\">Analytiikka\u00c4ly -hanke<\/a><\/p>\n\n\n\n<figure class=\"wp-block-image size-full\"><img loading=\"lazy\" decoding=\"async\" width=\"500\" height=\"184\" src=\"https:\/\/blogs.uef.fi\/oppimisanalytiikanriskiarvio\/wp-content\/uploads\/sites\/135\/2023\/09\/OKM-tunnus-2R-fi-vaaka-musta-L100-CMYK1.jpg\" alt=\"Opetus- ja kulttuuriministeri\u00f6n logo.\" class=\"wp-image-1238\" srcset=\"https:\/\/blogs.uef.fi\/oppimisanalytiikanriskiarvio\/wp-content\/uploads\/sites\/135\/2023\/09\/OKM-tunnus-2R-fi-vaaka-musta-L100-CMYK1.jpg 500w, https:\/\/blogs.uef.fi\/oppimisanalytiikanriskiarvio\/wp-content\/uploads\/sites\/135\/2023\/09\/OKM-tunnus-2R-fi-vaaka-musta-L100-CMYK1-300x110.jpg 300w\" sizes=\"auto, (max-width: 500px) 100vw, 500px\" \/><\/figure>\n","protected":false},"excerpt":{"rendered":"<p>Analytiikka\u00c4ly on opetus- ja kulttuuriministeri\u00f6n rahoittama seitsem\u00e4n yliopiston yhteishanke, jota koordinoi Oulun yliopisto. Hankkeessa edistet\u00e4\u00e4n opintojen sujumista sek\u00e4 ty\u00f6el\u00e4m\u00e4\u00e4n siirtymist\u00e4 hy\u00f6dynt\u00e4m\u00e4ll\u00e4 oppimisanalytiikkaa opintopolun suunnittelussa, opintojen seurannassa, opetuksessa, opiskelijoiden ohjauksessa ja yliopiston johtamisessa. Kehitt\u00e4misty\u00f6ss\u00e4 hy\u00f6dynnet\u00e4\u00e4n jo olemassa olevia tietoj\u00e4rjestelmi\u00e4 ja samalla luodaan uusia ratkaisuja, erilaisten opiskelupolkujen, opintojen suunnittelun, opetuksen toteuttamisen, johtamisen sek\u00e4 toimintakulttuurin kehitt\u00e4misen tueksi. Tutustu [&hellip;]<\/p>\n","protected":false},"author":343,"featured_media":0,"parent":0,"menu_order":0,"comment_status":"closed","ping_status":"closed","template":"","meta":{"_acf_changed":false,"footnotes":""},"class_list":["post-750","page","type-page","status-publish","hentry"],"acf":[],"yoast_head":"<!-- This site is optimized with the Yoast SEO plugin v27.1.1 - https:\/\/yoast.com\/product\/yoast-seo-wordpress\/ -->\n<title>Analytiikka\u00c4ly -hanke - Oppimisanalytiikan riskiarvioty\u00f6kalu<\/title>\n<meta name=\"robots\" content=\"index, follow, max-snippet:-1, max-image-preview:large, max-video-preview:-1\" \/>\n<link rel=\"canonical\" href=\"https:\/\/blogs.uef.fi\/oppimisanalytiikanriskiarvio\/analytiikkaaly-hanke\/\" \/>\n<meta property=\"og:locale\" content=\"fi_FI\" \/>\n<meta property=\"og:type\" content=\"article\" \/>\n<meta property=\"og:title\" content=\"Analytiikka\u00c4ly -hanke - Oppimisanalytiikan riskiarvioty\u00f6kalu\" \/>\n<meta property=\"og:description\" content=\"Analytiikka\u00c4ly on opetus- ja kulttuuriministeri\u00f6n rahoittama seitsem\u00e4n yliopiston yhteishanke, jota koordinoi Oulun yliopisto. Hankkeessa edistet\u00e4\u00e4n opintojen sujumista sek\u00e4 ty\u00f6el\u00e4m\u00e4\u00e4n siirtymist\u00e4 hy\u00f6dynt\u00e4m\u00e4ll\u00e4 oppimisanalytiikkaa opintopolun suunnittelussa, opintojen seurannassa, opetuksessa, opiskelijoiden ohjauksessa ja yliopiston johtamisessa. Kehitt\u00e4misty\u00f6ss\u00e4 hy\u00f6dynnet\u00e4\u00e4n jo olemassa olevia tietoj\u00e4rjestelmi\u00e4 ja samalla luodaan uusia ratkaisuja, erilaisten opiskelupolkujen, opintojen suunnittelun, opetuksen toteuttamisen, johtamisen sek\u00e4 toimintakulttuurin kehitt\u00e4misen tueksi. Tutustu [&hellip;]\" \/>\n<meta property=\"og:url\" content=\"https:\/\/blogs.uef.fi\/oppimisanalytiikanriskiarvio\/analytiikkaaly-hanke\/\" \/>\n<meta property=\"og:site_name\" content=\"Oppimisanalytiikan riskiarvioty\u00f6kalu\" \/>\n<meta property=\"article:modified_time\" content=\"2023-09-22T10:02:59+00:00\" \/>\n<meta property=\"og:image\" content=\"https:\/\/blogs.uef.fi\/oppimisanalytiikanriskiarvio\/wp-content\/uploads\/sites\/135\/2023\/09\/OKM-tunnus-2R-fi-vaaka-musta-L100-CMYK1.jpg\" \/>\n<meta name=\"twitter:card\" content=\"summary_large_image\" \/>\n<meta name=\"twitter:label1\" content=\"Arvioitu lukuaika\" \/>\n\t<meta name=\"twitter:data1\" content=\"1 minuutti\" \/>\n<script type=\"application\/ld+json\" class=\"yoast-schema-graph\">{\"@context\":\"https:\/\/schema.org\",\"@graph\":[{\"@type\":\"WebPage\",\"@id\":\"https:\/\/blogs.uef.fi\/oppimisanalytiikanriskiarvio\/analytiikkaaly-hanke\/\",\"url\":\"https:\/\/blogs.uef.fi\/oppimisanalytiikanriskiarvio\/analytiikkaaly-hanke\/\",\"name\":\"Analytiikka\u00c4ly -hanke - Oppimisanalytiikan riskiarvioty\u00f6kalu\",\"isPartOf\":{\"@id\":\"https:\/\/blogs.uef.fi\/oppimisanalytiikanriskiarvio\/#website\"},\"primaryImageOfPage\":{\"@id\":\"https:\/\/blogs.uef.fi\/oppimisanalytiikanriskiarvio\/analytiikkaaly-hanke\/#primaryimage\"},\"image\":{\"@id\":\"https:\/\/blogs.uef.fi\/oppimisanalytiikanriskiarvio\/analytiikkaaly-hanke\/#primaryimage\"},\"thumbnailUrl\":\"https:\/\/blogs.uef.fi\/oppimisanalytiikanriskiarvio\/wp-content\/uploads\/sites\/135\/2023\/09\/OKM-tunnus-2R-fi-vaaka-musta-L100-CMYK1.jpg\",\"datePublished\":\"2020-04-27T07:41:22+00:00\",\"dateModified\":\"2023-09-22T10:02:59+00:00\",\"breadcrumb\":{\"@id\":\"https:\/\/blogs.uef.fi\/oppimisanalytiikanriskiarvio\/analytiikkaaly-hanke\/#breadcrumb\"},\"inLanguage\":\"fi\",\"potentialAction\":[{\"@type\":\"ReadAction\",\"target\":[\"https:\/\/blogs.uef.fi\/oppimisanalytiikanriskiarvio\/analytiikkaaly-hanke\/\"]}]},{\"@type\":\"ImageObject\",\"inLanguage\":\"fi\",\"@id\":\"https:\/\/blogs.uef.fi\/oppimisanalytiikanriskiarvio\/analytiikkaaly-hanke\/#primaryimage\",\"url\":\"https:\/\/blogs.uef.fi\/oppimisanalytiikanriskiarvio\/wp-content\/uploads\/sites\/135\/2023\/09\/OKM-tunnus-2R-fi-vaaka-musta-L100-CMYK1.jpg\",\"contentUrl\":\"https:\/\/blogs.uef.fi\/oppimisanalytiikanriskiarvio\/wp-content\/uploads\/sites\/135\/2023\/09\/OKM-tunnus-2R-fi-vaaka-musta-L100-CMYK1.jpg\",\"width\":500,\"height\":184,\"caption\":\"Opetus- ja kulttuuriministeri\u00f6n logo.\"},{\"@type\":\"BreadcrumbList\",\"@id\":\"https:\/\/blogs.uef.fi\/oppimisanalytiikanriskiarvio\/analytiikkaaly-hanke\/#breadcrumb\",\"itemListElement\":[{\"@type\":\"ListItem\",\"position\":1,\"name\":\"Home\",\"item\":\"https:\/\/blogs.uef.fi\/oppimisanalytiikanriskiarvio\/\"},{\"@type\":\"ListItem\",\"position\":2,\"name\":\"Analytiikka\u00c4ly -hanke\"}]},{\"@type\":\"WebSite\",\"@id\":\"https:\/\/blogs.uef.fi\/oppimisanalytiikanriskiarvio\/#website\",\"url\":\"https:\/\/blogs.uef.fi\/oppimisanalytiikanriskiarvio\/\",\"name\":\"Oppimisanalytiikan riskiarvioty\u00f6kalu\",\"description\":\"\",\"potentialAction\":[{\"@type\":\"SearchAction\",\"target\":{\"@type\":\"EntryPoint\",\"urlTemplate\":\"https:\/\/blogs.uef.fi\/oppimisanalytiikanriskiarvio\/?s={search_term_string}\"},\"query-input\":{\"@type\":\"PropertyValueSpecification\",\"valueRequired\":true,\"valueName\":\"search_term_string\"}}],\"inLanguage\":\"fi\"}]}<\/script>\n<!-- \/ Yoast SEO plugin. -->","yoast_head_json":{"title":"Analytiikka\u00c4ly -hanke - Oppimisanalytiikan riskiarvioty\u00f6kalu","robots":{"index":"index","follow":"follow","max-snippet":"max-snippet:-1","max-image-preview":"max-image-preview:large","max-video-preview":"max-video-preview:-1"},"canonical":"https:\/\/blogs.uef.fi\/oppimisanalytiikanriskiarvio\/analytiikkaaly-hanke\/","og_locale":"fi_FI","og_type":"article","og_title":"Analytiikka\u00c4ly -hanke - Oppimisanalytiikan riskiarvioty\u00f6kalu","og_description":"Analytiikka\u00c4ly on opetus- ja kulttuuriministeri\u00f6n rahoittama seitsem\u00e4n yliopiston yhteishanke, jota koordinoi Oulun yliopisto. Hankkeessa edistet\u00e4\u00e4n opintojen sujumista sek\u00e4 ty\u00f6el\u00e4m\u00e4\u00e4n siirtymist\u00e4 hy\u00f6dynt\u00e4m\u00e4ll\u00e4 oppimisanalytiikkaa opintopolun suunnittelussa, opintojen seurannassa, opetuksessa, opiskelijoiden ohjauksessa ja yliopiston johtamisessa. Kehitt\u00e4misty\u00f6ss\u00e4 hy\u00f6dynnet\u00e4\u00e4n jo olemassa olevia tietoj\u00e4rjestelmi\u00e4 ja samalla luodaan uusia ratkaisuja, erilaisten opiskelupolkujen, opintojen suunnittelun, opetuksen toteuttamisen, johtamisen sek\u00e4 toimintakulttuurin kehitt\u00e4misen tueksi. Tutustu [&hellip;]","og_url":"https:\/\/blogs.uef.fi\/oppimisanalytiikanriskiarvio\/analytiikkaaly-hanke\/","og_site_name":"Oppimisanalytiikan riskiarvioty\u00f6kalu","article_modified_time":"2023-09-22T10:02:59+00:00","og_image":[{"url":"https:\/\/blogs.uef.fi\/oppimisanalytiikanriskiarvio\/wp-content\/uploads\/sites\/135\/2023\/09\/OKM-tunnus-2R-fi-vaaka-musta-L100-CMYK1.jpg","type":"","width":"","height":""}],"twitter_card":"summary_large_image","twitter_misc":{"Arvioitu lukuaika":"1 minuutti"},"schema":{"@context":"https:\/\/schema.org","@graph":[{"@type":"WebPage","@id":"https:\/\/blogs.uef.fi\/oppimisanalytiikanriskiarvio\/analytiikkaaly-hanke\/","url":"https:\/\/blogs.uef.fi\/oppimisanalytiikanriskiarvio\/analytiikkaaly-hanke\/","name":"Analytiikka\u00c4ly -hanke - Oppimisanalytiikan riskiarvioty\u00f6kalu","isPartOf":{"@id":"https:\/\/blogs.uef.fi\/oppimisanalytiikanriskiarvio\/#website"},"primaryImageOfPage":{"@id":"https:\/\/blogs.uef.fi\/oppimisanalytiikanriskiarvio\/analytiikkaaly-hanke\/#primaryimage"},"image":{"@id":"https:\/\/blogs.uef.fi\/oppimisanalytiikanriskiarvio\/analytiikkaaly-hanke\/#primaryimage"},"thumbnailUrl":"https:\/\/blogs.uef.fi\/oppimisanalytiikanriskiarvio\/wp-content\/uploads\/sites\/135\/2023\/09\/OKM-tunnus-2R-fi-vaaka-musta-L100-CMYK1.jpg","datePublished":"2020-04-27T07:41:22+00:00","dateModified":"2023-09-22T10:02:59+00:00","breadcrumb":{"@id":"https:\/\/blogs.uef.fi\/oppimisanalytiikanriskiarvio\/analytiikkaaly-hanke\/#breadcrumb"},"inLanguage":"fi","potentialAction":[{"@type":"ReadAction","target":["https:\/\/blogs.uef.fi\/oppimisanalytiikanriskiarvio\/analytiikkaaly-hanke\/"]}]},{"@type":"ImageObject","inLanguage":"fi","@id":"https:\/\/blogs.uef.fi\/oppimisanalytiikanriskiarvio\/analytiikkaaly-hanke\/#primaryimage","url":"https:\/\/blogs.uef.fi\/oppimisanalytiikanriskiarvio\/wp-content\/uploads\/sites\/135\/2023\/09\/OKM-tunnus-2R-fi-vaaka-musta-L100-CMYK1.jpg","contentUrl":"https:\/\/blogs.uef.fi\/oppimisanalytiikanriskiarvio\/wp-content\/uploads\/sites\/135\/2023\/09\/OKM-tunnus-2R-fi-vaaka-musta-L100-CMYK1.jpg","width":500,"height":184,"caption":"Opetus- ja kulttuuriministeri\u00f6n logo."},{"@type":"BreadcrumbList","@id":"https:\/\/blogs.uef.fi\/oppimisanalytiikanriskiarvio\/analytiikkaaly-hanke\/#breadcrumb","itemListElement":[{"@type":"ListItem","position":1,"name":"Home","item":"https:\/\/blogs.uef.fi\/oppimisanalytiikanriskiarvio\/"},{"@type":"ListItem","position":2,"name":"Analytiikka\u00c4ly -hanke"}]},{"@type":"WebSite","@id":"https:\/\/blogs.uef.fi\/oppimisanalytiikanriskiarvio\/#website","url":"https:\/\/blogs.uef.fi\/oppimisanalytiikanriskiarvio\/","name":"Oppimisanalytiikan riskiarvioty\u00f6kalu","description":"","potentialAction":[{"@type":"SearchAction","target":{"@type":"EntryPoint","urlTemplate":"https:\/\/blogs.uef.fi\/oppimisanalytiikanriskiarvio\/?s={search_term_string}"},"query-input":{"@type":"PropertyValueSpecification","valueRequired":true,"valueName":"search_term_string"}}],"inLanguage":"fi"}]}},"_links":{"self":[{"href":"https:\/\/blogs.uef.fi\/oppimisanalytiikanriskiarvio\/wp-json\/wp\/v2\/pages\/750","targetHints":{"allow":["GET"]}}],"collection":[{"href":"https:\/\/blogs.uef.fi\/oppimisanalytiikanriskiarvio\/wp-json\/wp\/v2\/pages"}],"about":[{"href":"https:\/\/blogs.uef.fi\/oppimisanalytiikanriskiarvio\/wp-json\/wp\/v2\/types\/page"}],"author":[{"embeddable":true,"href":"https:\/\/blogs.uef.fi\/oppimisanalytiikanriskiarvio\/wp-json\/wp\/v2\/users\/343"}],"replies":[{"embeddable":true,"href":"https:\/\/blogs.uef.fi\/oppimisanalytiikanriskiarvio\/wp-json\/wp\/v2\/comments?post=750"}],"version-history":[{"count":2,"href":"https:\/\/blogs.uef.fi\/oppimisanalytiikanriskiarvio\/wp-json\/wp\/v2\/pages\/750\/revisions"}],"predecessor-version":[{"id":1241,"href":"https:\/\/blogs.uef.fi\/oppimisanalytiikanriskiarvio\/wp-json\/wp\/v2\/pages\/750\/revisions\/1241"}],"wp:attachment":[{"href":"https:\/\/blogs.uef.fi\/oppimisanalytiikanriskiarvio\/wp-json\/wp\/v2\/media?parent=750"}],"curies":[{"name":"wp","href":"https:\/\/api.w.org\/{rel}","templated":true}]}}