{"id":457,"date":"2020-03-19T13:41:34","date_gmt":"2020-03-19T13:41:34","guid":{"rendered":"https:\/\/blogs.uef.fi\/oppimisanalytiikanriskiarvio\/?page_id=457"},"modified":"2023-09-18T14:40:16","modified_gmt":"2023-09-18T11:40:16","slug":"automaattinen-paatoksenteko","status":"publish","type":"page","link":"https:\/\/blogs.uef.fi\/oppimisanalytiikanriskiarvio\/potentiaalisten-riskien-tunnistaminen\/v-kasittelyn-tarkoitukset\/automaattinen-paatoksenteko\/","title":{"rendered":"Automaattinen p\u00e4\u00e4t\u00f6ksenteko"},"content":{"rendered":"\n<p>KRIITTINEN KOHTA!<\/p>\n\n\n\n<p>MIT\u00c4 AUTOMAATTINEN P\u00c4\u00c4T\u00d6KSENTEKO TARKOITTAA?<\/p>\n\n\n\n<p>Tietosuoja-asetuksessa on m\u00e4\u00e4ritelty automaattisen yksitt\u00e4isp\u00e4\u00e4t\u00f6ksen m\u00e4\u00e4ritelm\u00e4 ep\u00e4suorasti, ja tietosuoja-asetus l\u00e4ht\u00f6kohtaisesti kielt\u00e4\u00e4 t\u00e4llaiset p\u00e4\u00e4t\u00f6kset, jotka perustuvat pelk\u00e4st\u00e4\u00e4n automaattiseen k\u00e4sittelyyn, kuten profilointiin.<\/p>\n\n\n\n<p>Vaikka s\u00e4\u00e4nn\u00f6s korostaa profilointia, profilointiin ei v\u00e4ltt\u00e4m\u00e4tt\u00e4 aina liity automaattista p\u00e4\u00e4t\u00f6ksentekoa.<\/p>\n\n\n\n<ul class=\"wp-block-list\">\n<li>Esimerkki automaattisesta p\u00e4\u00e4t\u00f6ksenteosta oppimisanalytiikkatiedon perusteella: Opiskelija p\u00e4\u00e4see s\u00e4hk\u00f6isen tentin l\u00e4pi. S\u00e4hk\u00f6isell\u00e4 tenttiymp\u00e4rist\u00f6ll\u00e4 kytk\u00f6s Opintosuoritusrekisteriin, joka t\u00e4m\u00e4n perusteella automaattisesti kirjaa opiskelijalle suorituksen rekisteriin.<\/li>\n<\/ul>\n\n\n\n<p>Relevanttia on siis se, ett\u00e4 ihmisell\u00e4 ei ole merkityksellist\u00e4 roolia p\u00e4\u00e4t\u00f6ksenteossa, vaan se on kokonaan automatisoitua.<\/p>\n\n\n\n<p>HUOM! JOS OPPIMISANALYTIIKASSA HY\u00d6DYNNET\u00c4\u00c4N AUTOMAATTISTA PROFILOINTIA, JO T\u00c4M\u00c4 JOHTAA VELVOLLISUUTEEEN TEHD\u00c4 TIETOSUOJA-ASETUKSEN 35 ART. MUKAINEN VAIKUTUSTENARVIOINTI. (Ks. <a href=\"https:\/\/www.edilex.fi\/artikkelit\/20064\" target=\"_blank\" rel=\"noopener noreferrer\">Oulin ja Voutilaisen artikkeli (2019)<\/a> s. 64).<\/p>\n\n\n\n<p>HUOM! AUTOMAATTINEN P\u00c4\u00c4T\u00d6KSENTEKO YLIOPISTON JULKISEN VALLANK\u00c4YTT\u00d6\u00d6N LIITTYVISS\u00c4 TILANTEISSA , KUTEN T\u00c4YSIN AUTOMAATTINEN OPINTOSUORITUSTEN ARVIOINTI TAI OPISKELIJAVALINTAP\u00c4\u00c4T\u00d6KSEN TEKEMINEN EI OLE MAHDOLLISTA ILMAN ERITYISLAINS\u00c4\u00c4D\u00c4NN\u00d6N TUKEA, JA T\u00c4LLAISTA ERITYISLAINS\u00c4\u00c4D\u00c4NT\u00d6\u00c4 OLE OLEMASSA (ks. <a href=\"https:\/\/www.edilex.fi\/artikkelit\/20064\" target=\"_blank\" rel=\"noopener noreferrer\">Oulin ja Voutilaisen artikkeli (2019)<\/a>, s. 77)<\/p>\n","protected":false},"excerpt":{"rendered":"<p>KRIITTINEN KOHTA! MIT\u00c4 AUTOMAATTINEN P\u00c4\u00c4T\u00d6KSENTEKO TARKOITTAA? Tietosuoja-asetuksessa on m\u00e4\u00e4ritelty automaattisen yksitt\u00e4isp\u00e4\u00e4t\u00f6ksen m\u00e4\u00e4ritelm\u00e4 ep\u00e4suorasti, ja tietosuoja-asetus l\u00e4ht\u00f6kohtaisesti kielt\u00e4\u00e4 t\u00e4llaiset p\u00e4\u00e4t\u00f6kset, jotka perustuvat pelk\u00e4st\u00e4\u00e4n automaattiseen k\u00e4sittelyyn, kuten profilointiin. Vaikka s\u00e4\u00e4nn\u00f6s korostaa profilointia, profilointiin ei v\u00e4ltt\u00e4m\u00e4tt\u00e4 aina liity automaattista p\u00e4\u00e4t\u00f6ksentekoa. Relevanttia on siis se, ett\u00e4 ihmisell\u00e4 ei ole merkityksellist\u00e4 roolia p\u00e4\u00e4t\u00f6ksenteossa, vaan se on kokonaan automatisoitua. HUOM! JOS [&hellip;]<\/p>\n","protected":false},"author":343,"featured_media":0,"parent":146,"menu_order":0,"comment_status":"closed","ping_status":"closed","template":"","meta":{"_acf_changed":false,"footnotes":""},"class_list":["post-457","page","type-page","status-publish","hentry"],"acf":[],"yoast_head":"<!-- This site is optimized with the Yoast SEO plugin v27.3 - https:\/\/yoast.com\/product\/yoast-seo-wordpress\/ -->\n<title>Automaattinen p\u00e4\u00e4t\u00f6ksenteko - Oppimisanalytiikan riskiarvioty\u00f6kalu<\/title>\n<meta name=\"robots\" content=\"index, follow, max-snippet:-1, max-image-preview:large, max-video-preview:-1\" \/>\n<link rel=\"canonical\" href=\"https:\/\/blogs.uef.fi\/oppimisanalytiikanriskiarvio\/potentiaalisten-riskien-tunnistaminen\/v-kasittelyn-tarkoitukset\/automaattinen-paatoksenteko\/\" \/>\n<meta property=\"og:locale\" content=\"fi_FI\" \/>\n<meta property=\"og:type\" content=\"article\" \/>\n<meta property=\"og:title\" content=\"Automaattinen p\u00e4\u00e4t\u00f6ksenteko - Oppimisanalytiikan riskiarvioty\u00f6kalu\" \/>\n<meta property=\"og:description\" content=\"KRIITTINEN KOHTA! MIT\u00c4 AUTOMAATTINEN P\u00c4\u00c4T\u00d6KSENTEKO TARKOITTAA? Tietosuoja-asetuksessa on m\u00e4\u00e4ritelty automaattisen yksitt\u00e4isp\u00e4\u00e4t\u00f6ksen m\u00e4\u00e4ritelm\u00e4 ep\u00e4suorasti, ja tietosuoja-asetus l\u00e4ht\u00f6kohtaisesti kielt\u00e4\u00e4 t\u00e4llaiset p\u00e4\u00e4t\u00f6kset, jotka perustuvat pelk\u00e4st\u00e4\u00e4n automaattiseen k\u00e4sittelyyn, kuten profilointiin. Vaikka s\u00e4\u00e4nn\u00f6s korostaa profilointia, profilointiin ei v\u00e4ltt\u00e4m\u00e4tt\u00e4 aina liity automaattista p\u00e4\u00e4t\u00f6ksentekoa. Relevanttia on siis se, ett\u00e4 ihmisell\u00e4 ei ole merkityksellist\u00e4 roolia p\u00e4\u00e4t\u00f6ksenteossa, vaan se on kokonaan automatisoitua. HUOM! JOS [&hellip;]\" \/>\n<meta property=\"og:url\" content=\"https:\/\/blogs.uef.fi\/oppimisanalytiikanriskiarvio\/potentiaalisten-riskien-tunnistaminen\/v-kasittelyn-tarkoitukset\/automaattinen-paatoksenteko\/\" \/>\n<meta property=\"og:site_name\" content=\"Oppimisanalytiikan riskiarvioty\u00f6kalu\" \/>\n<meta property=\"article:modified_time\" content=\"2023-09-18T11:40:16+00:00\" \/>\n<meta name=\"twitter:card\" content=\"summary_large_image\" \/>\n<meta name=\"twitter:label1\" content=\"Arvioitu lukuaika\" \/>\n\t<meta name=\"twitter:data1\" content=\"1 minuutti\" \/>\n<script type=\"application\/ld+json\" class=\"yoast-schema-graph\">{\"@context\":\"https:\\\/\\\/schema.org\",\"@graph\":[{\"@type\":\"WebPage\",\"@id\":\"https:\\\/\\\/blogs.uef.fi\\\/oppimisanalytiikanriskiarvio\\\/potentiaalisten-riskien-tunnistaminen\\\/v-kasittelyn-tarkoitukset\\\/automaattinen-paatoksenteko\\\/\",\"url\":\"https:\\\/\\\/blogs.uef.fi\\\/oppimisanalytiikanriskiarvio\\\/potentiaalisten-riskien-tunnistaminen\\\/v-kasittelyn-tarkoitukset\\\/automaattinen-paatoksenteko\\\/\",\"name\":\"Automaattinen p\u00e4\u00e4t\u00f6ksenteko - Oppimisanalytiikan riskiarvioty\u00f6kalu\",\"isPartOf\":{\"@id\":\"https:\\\/\\\/blogs.uef.fi\\\/oppimisanalytiikanriskiarvio\\\/#website\"},\"datePublished\":\"2020-03-19T13:41:34+00:00\",\"dateModified\":\"2023-09-18T11:40:16+00:00\",\"breadcrumb\":{\"@id\":\"https:\\\/\\\/blogs.uef.fi\\\/oppimisanalytiikanriskiarvio\\\/potentiaalisten-riskien-tunnistaminen\\\/v-kasittelyn-tarkoitukset\\\/automaattinen-paatoksenteko\\\/#breadcrumb\"},\"inLanguage\":\"fi\",\"potentialAction\":[{\"@type\":\"ReadAction\",\"target\":[\"https:\\\/\\\/blogs.uef.fi\\\/oppimisanalytiikanriskiarvio\\\/potentiaalisten-riskien-tunnistaminen\\\/v-kasittelyn-tarkoitukset\\\/automaattinen-paatoksenteko\\\/\"]}]},{\"@type\":\"BreadcrumbList\",\"@id\":\"https:\\\/\\\/blogs.uef.fi\\\/oppimisanalytiikanriskiarvio\\\/potentiaalisten-riskien-tunnistaminen\\\/v-kasittelyn-tarkoitukset\\\/automaattinen-paatoksenteko\\\/#breadcrumb\",\"itemListElement\":[{\"@type\":\"ListItem\",\"position\":1,\"name\":\"Home\",\"item\":\"https:\\\/\\\/blogs.uef.fi\\\/oppimisanalytiikanriskiarvio\\\/\"},{\"@type\":\"ListItem\",\"position\":2,\"name\":\"2. Potentiaalisten riskien tunnistaminen\",\"item\":\"https:\\\/\\\/blogs.uef.fi\\\/oppimisanalytiikanriskiarvio\\\/potentiaalisten-riskien-tunnistaminen\\\/\"},{\"@type\":\"ListItem\",\"position\":3,\"name\":\"IV K\u00c4SITTELYN TARKOITUKSET\",\"item\":\"https:\\\/\\\/blogs.uef.fi\\\/oppimisanalytiikanriskiarvio\\\/potentiaalisten-riskien-tunnistaminen\\\/v-kasittelyn-tarkoitukset\\\/\"},{\"@type\":\"ListItem\",\"position\":4,\"name\":\"Automaattinen p\u00e4\u00e4t\u00f6ksenteko\"}]},{\"@type\":\"WebSite\",\"@id\":\"https:\\\/\\\/blogs.uef.fi\\\/oppimisanalytiikanriskiarvio\\\/#website\",\"url\":\"https:\\\/\\\/blogs.uef.fi\\\/oppimisanalytiikanriskiarvio\\\/\",\"name\":\"Oppimisanalytiikan riskiarvioty\u00f6kalu\",\"description\":\"\",\"potentialAction\":[{\"@type\":\"SearchAction\",\"target\":{\"@type\":\"EntryPoint\",\"urlTemplate\":\"https:\\\/\\\/blogs.uef.fi\\\/oppimisanalytiikanriskiarvio\\\/?s={search_term_string}\"},\"query-input\":{\"@type\":\"PropertyValueSpecification\",\"valueRequired\":true,\"valueName\":\"search_term_string\"}}],\"inLanguage\":\"fi\"}]}<\/script>\n<!-- \/ Yoast SEO plugin. -->","yoast_head_json":{"title":"Automaattinen p\u00e4\u00e4t\u00f6ksenteko - Oppimisanalytiikan riskiarvioty\u00f6kalu","robots":{"index":"index","follow":"follow","max-snippet":"max-snippet:-1","max-image-preview":"max-image-preview:large","max-video-preview":"max-video-preview:-1"},"canonical":"https:\/\/blogs.uef.fi\/oppimisanalytiikanriskiarvio\/potentiaalisten-riskien-tunnistaminen\/v-kasittelyn-tarkoitukset\/automaattinen-paatoksenteko\/","og_locale":"fi_FI","og_type":"article","og_title":"Automaattinen p\u00e4\u00e4t\u00f6ksenteko - Oppimisanalytiikan riskiarvioty\u00f6kalu","og_description":"KRIITTINEN KOHTA! MIT\u00c4 AUTOMAATTINEN P\u00c4\u00c4T\u00d6KSENTEKO TARKOITTAA? Tietosuoja-asetuksessa on m\u00e4\u00e4ritelty automaattisen yksitt\u00e4isp\u00e4\u00e4t\u00f6ksen m\u00e4\u00e4ritelm\u00e4 ep\u00e4suorasti, ja tietosuoja-asetus l\u00e4ht\u00f6kohtaisesti kielt\u00e4\u00e4 t\u00e4llaiset p\u00e4\u00e4t\u00f6kset, jotka perustuvat pelk\u00e4st\u00e4\u00e4n automaattiseen k\u00e4sittelyyn, kuten profilointiin. Vaikka s\u00e4\u00e4nn\u00f6s korostaa profilointia, profilointiin ei v\u00e4ltt\u00e4m\u00e4tt\u00e4 aina liity automaattista p\u00e4\u00e4t\u00f6ksentekoa. Relevanttia on siis se, ett\u00e4 ihmisell\u00e4 ei ole merkityksellist\u00e4 roolia p\u00e4\u00e4t\u00f6ksenteossa, vaan se on kokonaan automatisoitua. HUOM! JOS [&hellip;]","og_url":"https:\/\/blogs.uef.fi\/oppimisanalytiikanriskiarvio\/potentiaalisten-riskien-tunnistaminen\/v-kasittelyn-tarkoitukset\/automaattinen-paatoksenteko\/","og_site_name":"Oppimisanalytiikan riskiarvioty\u00f6kalu","article_modified_time":"2023-09-18T11:40:16+00:00","twitter_card":"summary_large_image","twitter_misc":{"Arvioitu lukuaika":"1 minuutti"},"schema":{"@context":"https:\/\/schema.org","@graph":[{"@type":"WebPage","@id":"https:\/\/blogs.uef.fi\/oppimisanalytiikanriskiarvio\/potentiaalisten-riskien-tunnistaminen\/v-kasittelyn-tarkoitukset\/automaattinen-paatoksenteko\/","url":"https:\/\/blogs.uef.fi\/oppimisanalytiikanriskiarvio\/potentiaalisten-riskien-tunnistaminen\/v-kasittelyn-tarkoitukset\/automaattinen-paatoksenteko\/","name":"Automaattinen p\u00e4\u00e4t\u00f6ksenteko - Oppimisanalytiikan riskiarvioty\u00f6kalu","isPartOf":{"@id":"https:\/\/blogs.uef.fi\/oppimisanalytiikanriskiarvio\/#website"},"datePublished":"2020-03-19T13:41:34+00:00","dateModified":"2023-09-18T11:40:16+00:00","breadcrumb":{"@id":"https:\/\/blogs.uef.fi\/oppimisanalytiikanriskiarvio\/potentiaalisten-riskien-tunnistaminen\/v-kasittelyn-tarkoitukset\/automaattinen-paatoksenteko\/#breadcrumb"},"inLanguage":"fi","potentialAction":[{"@type":"ReadAction","target":["https:\/\/blogs.uef.fi\/oppimisanalytiikanriskiarvio\/potentiaalisten-riskien-tunnistaminen\/v-kasittelyn-tarkoitukset\/automaattinen-paatoksenteko\/"]}]},{"@type":"BreadcrumbList","@id":"https:\/\/blogs.uef.fi\/oppimisanalytiikanriskiarvio\/potentiaalisten-riskien-tunnistaminen\/v-kasittelyn-tarkoitukset\/automaattinen-paatoksenteko\/#breadcrumb","itemListElement":[{"@type":"ListItem","position":1,"name":"Home","item":"https:\/\/blogs.uef.fi\/oppimisanalytiikanriskiarvio\/"},{"@type":"ListItem","position":2,"name":"2. Potentiaalisten riskien tunnistaminen","item":"https:\/\/blogs.uef.fi\/oppimisanalytiikanriskiarvio\/potentiaalisten-riskien-tunnistaminen\/"},{"@type":"ListItem","position":3,"name":"IV K\u00c4SITTELYN TARKOITUKSET","item":"https:\/\/blogs.uef.fi\/oppimisanalytiikanriskiarvio\/potentiaalisten-riskien-tunnistaminen\/v-kasittelyn-tarkoitukset\/"},{"@type":"ListItem","position":4,"name":"Automaattinen p\u00e4\u00e4t\u00f6ksenteko"}]},{"@type":"WebSite","@id":"https:\/\/blogs.uef.fi\/oppimisanalytiikanriskiarvio\/#website","url":"https:\/\/blogs.uef.fi\/oppimisanalytiikanriskiarvio\/","name":"Oppimisanalytiikan riskiarvioty\u00f6kalu","description":"","potentialAction":[{"@type":"SearchAction","target":{"@type":"EntryPoint","urlTemplate":"https:\/\/blogs.uef.fi\/oppimisanalytiikanriskiarvio\/?s={search_term_string}"},"query-input":{"@type":"PropertyValueSpecification","valueRequired":true,"valueName":"search_term_string"}}],"inLanguage":"fi"}]}},"_links":{"self":[{"href":"https:\/\/blogs.uef.fi\/oppimisanalytiikanriskiarvio\/wp-json\/wp\/v2\/pages\/457","targetHints":{"allow":["GET"]}}],"collection":[{"href":"https:\/\/blogs.uef.fi\/oppimisanalytiikanriskiarvio\/wp-json\/wp\/v2\/pages"}],"about":[{"href":"https:\/\/blogs.uef.fi\/oppimisanalytiikanriskiarvio\/wp-json\/wp\/v2\/types\/page"}],"author":[{"embeddable":true,"href":"https:\/\/blogs.uef.fi\/oppimisanalytiikanriskiarvio\/wp-json\/wp\/v2\/users\/343"}],"replies":[{"embeddable":true,"href":"https:\/\/blogs.uef.fi\/oppimisanalytiikanriskiarvio\/wp-json\/wp\/v2\/comments?post=457"}],"version-history":[{"count":2,"href":"https:\/\/blogs.uef.fi\/oppimisanalytiikanriskiarvio\/wp-json\/wp\/v2\/pages\/457\/revisions"}],"predecessor-version":[{"id":1191,"href":"https:\/\/blogs.uef.fi\/oppimisanalytiikanriskiarvio\/wp-json\/wp\/v2\/pages\/457\/revisions\/1191"}],"up":[{"embeddable":true,"href":"https:\/\/blogs.uef.fi\/oppimisanalytiikanriskiarvio\/wp-json\/wp\/v2\/pages\/146"}],"wp:attachment":[{"href":"https:\/\/blogs.uef.fi\/oppimisanalytiikanriskiarvio\/wp-json\/wp\/v2\/media?parent=457"}],"curies":[{"name":"wp","href":"https:\/\/api.w.org\/{rel}","templated":true}]}}