{"id":448,"date":"2020-03-19T13:38:59","date_gmt":"2020-03-19T13:38:59","guid":{"rendered":"https:\/\/blogs.uef.fi\/oppimisanalytiikanriskiarvio\/?page_id=448"},"modified":"2023-09-18T14:42:57","modified_gmt":"2023-09-18T11:42:57","slug":"448-2","status":"publish","type":"page","link":"https:\/\/blogs.uef.fi\/oppimisanalytiikanriskiarvio\/potentiaalisten-riskien-tunnistaminen\/v-kasittelyn-tarkoitukset\/448-2\/","title":{"rendered":"Profilointi"},"content":{"rendered":"\n<p>KRIITTINEN KOHTA!<\/p>\n\n\n\n<p>MIT\u00c4 ON PROFILOINTI?<\/p>\n\n\n\n<p>Profilointi tarkoittaa tietosuoja-asetuksen mukaan automaattista k\u00e4sittely\u00e4, jossa henkil\u00f6tietoja k\u00e4ytt\u00e4m\u00e4ll\u00e4 arvioidaan luonnollisen henkil\u00f6n tiettyj\u00e4 henkil\u00f6kohtaisia ominaisuuksia \u2013 erityisesti analysoidaan tai ennakoidaan piirteit\u00e4, jotka liittyv\u00e4t kyseisen luonnollisen henkil\u00f6n ty\u00f6suoritukseen, taloudelliseen tilanteeseen, terveyteen, henkil\u00f6kohtaisiin mieltymyksiin, kiinnostuksen kohteisiin, luotettavuuteen, k\u00e4ytt\u00e4ytymiseen, sijaintiin tai liikkeisiin.<\/p>\n\n\n\n<p>Profilointi ei ole l\u00e4ht\u00f6kohtaisesti tietosuoja-asetuksen mukaan kielletty\u00e4, mutta tietosuoja-asetuksessa on kuitenkin tiettyj\u00e4 vaatimuksia profiloinnille.<\/p>\n\n\n\n<p>Oppimisanalytiikassa profiloinnissa on kyse siit\u00e4, kun analytiikka automaattisesti tuottaa opiskelijakohtaista tietoa henkil\u00f6kohtaisista opiskelijan ominaisuuksista. Profiloinnista voi siis olla kyse, kun analytiikka tuottaa tietoa, jonka perusteella saadaan tietoa opiskelijaa koskevan p\u00e4\u00e4t\u00f6ksenteon tueksi, tai kun profiloinnin tuottaman tiedon perusteella tehd\u00e4\u00e4n automaattisia yksitt\u00e4isp\u00e4\u00e4t\u00f6ksi\u00e4. N\u00e4in ollen k\u00e4sittely ei v\u00e4ltt\u00e4m\u00e4tt\u00e4 ole kokonaan automaattista.<\/p>\n\n\n\n<p>HUOM! JOS OPPIMISANALYTIIKASSA HY\u00d6DYNNET\u00c4\u00c4N AUTOMAATTISTA PROFILOINTIA, SE JOHTAA VELVOLLISUUTEEEN TEHD\u00c4 TIETOSUOJA-ASETUKSEN 35 ART. MUKAINEN VAIKUTUSTENARVIOINTI (Ks.<a href=\"https:\/\/www.edilex.fi\/artikkelit\/20064\" target=\"_blank\" rel=\"noopener noreferrer\"> Oulin ja Voutilaisen (2019)<\/a> artikkeli, s. 64).<\/p>\n","protected":false},"excerpt":{"rendered":"<p>KRIITTINEN KOHTA! MIT\u00c4 ON PROFILOINTI? Profilointi tarkoittaa tietosuoja-asetuksen mukaan automaattista k\u00e4sittely\u00e4, jossa henkil\u00f6tietoja k\u00e4ytt\u00e4m\u00e4ll\u00e4 arvioidaan luonnollisen henkil\u00f6n tiettyj\u00e4 henkil\u00f6kohtaisia ominaisuuksia \u2013 erityisesti analysoidaan tai ennakoidaan piirteit\u00e4, jotka liittyv\u00e4t kyseisen luonnollisen henkil\u00f6n ty\u00f6suoritukseen, taloudelliseen tilanteeseen, terveyteen, henkil\u00f6kohtaisiin mieltymyksiin, kiinnostuksen kohteisiin, luotettavuuteen, k\u00e4ytt\u00e4ytymiseen, sijaintiin tai liikkeisiin. Profilointi ei ole l\u00e4ht\u00f6kohtaisesti tietosuoja-asetuksen mukaan kielletty\u00e4, mutta tietosuoja-asetuksessa on kuitenkin [&hellip;]<\/p>\n","protected":false},"author":343,"featured_media":0,"parent":146,"menu_order":0,"comment_status":"closed","ping_status":"closed","template":"","meta":{"_acf_changed":false,"footnotes":""},"class_list":["post-448","page","type-page","status-publish","hentry"],"acf":[],"yoast_head":"<!-- This site is optimized with the Yoast SEO plugin v27.3 - https:\/\/yoast.com\/product\/yoast-seo-wordpress\/ -->\n<title>Profilointi - Oppimisanalytiikan riskiarvioty\u00f6kalu<\/title>\n<meta name=\"robots\" content=\"index, follow, max-snippet:-1, max-image-preview:large, max-video-preview:-1\" \/>\n<link rel=\"canonical\" href=\"https:\/\/blogs.uef.fi\/oppimisanalytiikanriskiarvio\/potentiaalisten-riskien-tunnistaminen\/v-kasittelyn-tarkoitukset\/448-2\/\" \/>\n<meta property=\"og:locale\" content=\"fi_FI\" \/>\n<meta property=\"og:type\" content=\"article\" \/>\n<meta property=\"og:title\" content=\"Profilointi - Oppimisanalytiikan riskiarvioty\u00f6kalu\" \/>\n<meta property=\"og:description\" content=\"KRIITTINEN KOHTA! MIT\u00c4 ON PROFILOINTI? Profilointi tarkoittaa tietosuoja-asetuksen mukaan automaattista k\u00e4sittely\u00e4, jossa henkil\u00f6tietoja k\u00e4ytt\u00e4m\u00e4ll\u00e4 arvioidaan luonnollisen henkil\u00f6n tiettyj\u00e4 henkil\u00f6kohtaisia ominaisuuksia \u2013 erityisesti analysoidaan tai ennakoidaan piirteit\u00e4, jotka liittyv\u00e4t kyseisen luonnollisen henkil\u00f6n ty\u00f6suoritukseen, taloudelliseen tilanteeseen, terveyteen, henkil\u00f6kohtaisiin mieltymyksiin, kiinnostuksen kohteisiin, luotettavuuteen, k\u00e4ytt\u00e4ytymiseen, sijaintiin tai liikkeisiin. Profilointi ei ole l\u00e4ht\u00f6kohtaisesti tietosuoja-asetuksen mukaan kielletty\u00e4, mutta tietosuoja-asetuksessa on kuitenkin [&hellip;]\" \/>\n<meta property=\"og:url\" content=\"https:\/\/blogs.uef.fi\/oppimisanalytiikanriskiarvio\/potentiaalisten-riskien-tunnistaminen\/v-kasittelyn-tarkoitukset\/448-2\/\" \/>\n<meta property=\"og:site_name\" content=\"Oppimisanalytiikan riskiarvioty\u00f6kalu\" \/>\n<meta property=\"article:modified_time\" content=\"2023-09-18T11:42:57+00:00\" \/>\n<meta name=\"twitter:card\" content=\"summary_large_image\" \/>\n<meta name=\"twitter:label1\" content=\"Arvioitu lukuaika\" \/>\n\t<meta name=\"twitter:data1\" content=\"1 minuutti\" \/>\n<script type=\"application\/ld+json\" class=\"yoast-schema-graph\">{\"@context\":\"https:\\\/\\\/schema.org\",\"@graph\":[{\"@type\":\"WebPage\",\"@id\":\"https:\\\/\\\/blogs.uef.fi\\\/oppimisanalytiikanriskiarvio\\\/potentiaalisten-riskien-tunnistaminen\\\/v-kasittelyn-tarkoitukset\\\/448-2\\\/\",\"url\":\"https:\\\/\\\/blogs.uef.fi\\\/oppimisanalytiikanriskiarvio\\\/potentiaalisten-riskien-tunnistaminen\\\/v-kasittelyn-tarkoitukset\\\/448-2\\\/\",\"name\":\"Profilointi - Oppimisanalytiikan riskiarvioty\u00f6kalu\",\"isPartOf\":{\"@id\":\"https:\\\/\\\/blogs.uef.fi\\\/oppimisanalytiikanriskiarvio\\\/#website\"},\"datePublished\":\"2020-03-19T13:38:59+00:00\",\"dateModified\":\"2023-09-18T11:42:57+00:00\",\"breadcrumb\":{\"@id\":\"https:\\\/\\\/blogs.uef.fi\\\/oppimisanalytiikanriskiarvio\\\/potentiaalisten-riskien-tunnistaminen\\\/v-kasittelyn-tarkoitukset\\\/448-2\\\/#breadcrumb\"},\"inLanguage\":\"fi\",\"potentialAction\":[{\"@type\":\"ReadAction\",\"target\":[\"https:\\\/\\\/blogs.uef.fi\\\/oppimisanalytiikanriskiarvio\\\/potentiaalisten-riskien-tunnistaminen\\\/v-kasittelyn-tarkoitukset\\\/448-2\\\/\"]}]},{\"@type\":\"BreadcrumbList\",\"@id\":\"https:\\\/\\\/blogs.uef.fi\\\/oppimisanalytiikanriskiarvio\\\/potentiaalisten-riskien-tunnistaminen\\\/v-kasittelyn-tarkoitukset\\\/448-2\\\/#breadcrumb\",\"itemListElement\":[{\"@type\":\"ListItem\",\"position\":1,\"name\":\"Home\",\"item\":\"https:\\\/\\\/blogs.uef.fi\\\/oppimisanalytiikanriskiarvio\\\/\"},{\"@type\":\"ListItem\",\"position\":2,\"name\":\"2. Potentiaalisten riskien tunnistaminen\",\"item\":\"https:\\\/\\\/blogs.uef.fi\\\/oppimisanalytiikanriskiarvio\\\/potentiaalisten-riskien-tunnistaminen\\\/\"},{\"@type\":\"ListItem\",\"position\":3,\"name\":\"IV K\u00c4SITTELYN TARKOITUKSET\",\"item\":\"https:\\\/\\\/blogs.uef.fi\\\/oppimisanalytiikanriskiarvio\\\/potentiaalisten-riskien-tunnistaminen\\\/v-kasittelyn-tarkoitukset\\\/\"},{\"@type\":\"ListItem\",\"position\":4,\"name\":\"Profilointi\"}]},{\"@type\":\"WebSite\",\"@id\":\"https:\\\/\\\/blogs.uef.fi\\\/oppimisanalytiikanriskiarvio\\\/#website\",\"url\":\"https:\\\/\\\/blogs.uef.fi\\\/oppimisanalytiikanriskiarvio\\\/\",\"name\":\"Oppimisanalytiikan riskiarvioty\u00f6kalu\",\"description\":\"\",\"potentialAction\":[{\"@type\":\"SearchAction\",\"target\":{\"@type\":\"EntryPoint\",\"urlTemplate\":\"https:\\\/\\\/blogs.uef.fi\\\/oppimisanalytiikanriskiarvio\\\/?s={search_term_string}\"},\"query-input\":{\"@type\":\"PropertyValueSpecification\",\"valueRequired\":true,\"valueName\":\"search_term_string\"}}],\"inLanguage\":\"fi\"}]}<\/script>\n<!-- \/ Yoast SEO plugin. -->","yoast_head_json":{"title":"Profilointi - Oppimisanalytiikan riskiarvioty\u00f6kalu","robots":{"index":"index","follow":"follow","max-snippet":"max-snippet:-1","max-image-preview":"max-image-preview:large","max-video-preview":"max-video-preview:-1"},"canonical":"https:\/\/blogs.uef.fi\/oppimisanalytiikanriskiarvio\/potentiaalisten-riskien-tunnistaminen\/v-kasittelyn-tarkoitukset\/448-2\/","og_locale":"fi_FI","og_type":"article","og_title":"Profilointi - Oppimisanalytiikan riskiarvioty\u00f6kalu","og_description":"KRIITTINEN KOHTA! MIT\u00c4 ON PROFILOINTI? Profilointi tarkoittaa tietosuoja-asetuksen mukaan automaattista k\u00e4sittely\u00e4, jossa henkil\u00f6tietoja k\u00e4ytt\u00e4m\u00e4ll\u00e4 arvioidaan luonnollisen henkil\u00f6n tiettyj\u00e4 henkil\u00f6kohtaisia ominaisuuksia \u2013 erityisesti analysoidaan tai ennakoidaan piirteit\u00e4, jotka liittyv\u00e4t kyseisen luonnollisen henkil\u00f6n ty\u00f6suoritukseen, taloudelliseen tilanteeseen, terveyteen, henkil\u00f6kohtaisiin mieltymyksiin, kiinnostuksen kohteisiin, luotettavuuteen, k\u00e4ytt\u00e4ytymiseen, sijaintiin tai liikkeisiin. Profilointi ei ole l\u00e4ht\u00f6kohtaisesti tietosuoja-asetuksen mukaan kielletty\u00e4, mutta tietosuoja-asetuksessa on kuitenkin [&hellip;]","og_url":"https:\/\/blogs.uef.fi\/oppimisanalytiikanriskiarvio\/potentiaalisten-riskien-tunnistaminen\/v-kasittelyn-tarkoitukset\/448-2\/","og_site_name":"Oppimisanalytiikan riskiarvioty\u00f6kalu","article_modified_time":"2023-09-18T11:42:57+00:00","twitter_card":"summary_large_image","twitter_misc":{"Arvioitu lukuaika":"1 minuutti"},"schema":{"@context":"https:\/\/schema.org","@graph":[{"@type":"WebPage","@id":"https:\/\/blogs.uef.fi\/oppimisanalytiikanriskiarvio\/potentiaalisten-riskien-tunnistaminen\/v-kasittelyn-tarkoitukset\/448-2\/","url":"https:\/\/blogs.uef.fi\/oppimisanalytiikanriskiarvio\/potentiaalisten-riskien-tunnistaminen\/v-kasittelyn-tarkoitukset\/448-2\/","name":"Profilointi - Oppimisanalytiikan riskiarvioty\u00f6kalu","isPartOf":{"@id":"https:\/\/blogs.uef.fi\/oppimisanalytiikanriskiarvio\/#website"},"datePublished":"2020-03-19T13:38:59+00:00","dateModified":"2023-09-18T11:42:57+00:00","breadcrumb":{"@id":"https:\/\/blogs.uef.fi\/oppimisanalytiikanriskiarvio\/potentiaalisten-riskien-tunnistaminen\/v-kasittelyn-tarkoitukset\/448-2\/#breadcrumb"},"inLanguage":"fi","potentialAction":[{"@type":"ReadAction","target":["https:\/\/blogs.uef.fi\/oppimisanalytiikanriskiarvio\/potentiaalisten-riskien-tunnistaminen\/v-kasittelyn-tarkoitukset\/448-2\/"]}]},{"@type":"BreadcrumbList","@id":"https:\/\/blogs.uef.fi\/oppimisanalytiikanriskiarvio\/potentiaalisten-riskien-tunnistaminen\/v-kasittelyn-tarkoitukset\/448-2\/#breadcrumb","itemListElement":[{"@type":"ListItem","position":1,"name":"Home","item":"https:\/\/blogs.uef.fi\/oppimisanalytiikanriskiarvio\/"},{"@type":"ListItem","position":2,"name":"2. Potentiaalisten riskien tunnistaminen","item":"https:\/\/blogs.uef.fi\/oppimisanalytiikanriskiarvio\/potentiaalisten-riskien-tunnistaminen\/"},{"@type":"ListItem","position":3,"name":"IV K\u00c4SITTELYN TARKOITUKSET","item":"https:\/\/blogs.uef.fi\/oppimisanalytiikanriskiarvio\/potentiaalisten-riskien-tunnistaminen\/v-kasittelyn-tarkoitukset\/"},{"@type":"ListItem","position":4,"name":"Profilointi"}]},{"@type":"WebSite","@id":"https:\/\/blogs.uef.fi\/oppimisanalytiikanriskiarvio\/#website","url":"https:\/\/blogs.uef.fi\/oppimisanalytiikanriskiarvio\/","name":"Oppimisanalytiikan riskiarvioty\u00f6kalu","description":"","potentialAction":[{"@type":"SearchAction","target":{"@type":"EntryPoint","urlTemplate":"https:\/\/blogs.uef.fi\/oppimisanalytiikanriskiarvio\/?s={search_term_string}"},"query-input":{"@type":"PropertyValueSpecification","valueRequired":true,"valueName":"search_term_string"}}],"inLanguage":"fi"}]}},"_links":{"self":[{"href":"https:\/\/blogs.uef.fi\/oppimisanalytiikanriskiarvio\/wp-json\/wp\/v2\/pages\/448","targetHints":{"allow":["GET"]}}],"collection":[{"href":"https:\/\/blogs.uef.fi\/oppimisanalytiikanriskiarvio\/wp-json\/wp\/v2\/pages"}],"about":[{"href":"https:\/\/blogs.uef.fi\/oppimisanalytiikanriskiarvio\/wp-json\/wp\/v2\/types\/page"}],"author":[{"embeddable":true,"href":"https:\/\/blogs.uef.fi\/oppimisanalytiikanriskiarvio\/wp-json\/wp\/v2\/users\/343"}],"replies":[{"embeddable":true,"href":"https:\/\/blogs.uef.fi\/oppimisanalytiikanriskiarvio\/wp-json\/wp\/v2\/comments?post=448"}],"version-history":[{"count":2,"href":"https:\/\/blogs.uef.fi\/oppimisanalytiikanriskiarvio\/wp-json\/wp\/v2\/pages\/448\/revisions"}],"predecessor-version":[{"id":1203,"href":"https:\/\/blogs.uef.fi\/oppimisanalytiikanriskiarvio\/wp-json\/wp\/v2\/pages\/448\/revisions\/1203"}],"up":[{"embeddable":true,"href":"https:\/\/blogs.uef.fi\/oppimisanalytiikanriskiarvio\/wp-json\/wp\/v2\/pages\/146"}],"wp:attachment":[{"href":"https:\/\/blogs.uef.fi\/oppimisanalytiikanriskiarvio\/wp-json\/wp\/v2\/media?parent=448"}],"curies":[{"name":"wp","href":"https:\/\/api.w.org\/{rel}","templated":true}]}}