{"id":436,"date":"2020-03-19T13:36:40","date_gmt":"2020-03-19T13:36:40","guid":{"rendered":"https:\/\/blogs.uef.fi\/oppimisanalytiikanriskiarvio\/?page_id=436"},"modified":"2023-09-18T14:41:03","modified_gmt":"2023-09-18T11:41:03","slug":"kasittelyn-yllattavyys","status":"publish","type":"page","link":"https:\/\/blogs.uef.fi\/oppimisanalytiikanriskiarvio\/potentiaalisten-riskien-tunnistaminen\/v-kasittelyn-tarkoitukset\/kasittelyn-yllattavyys\/","title":{"rendered":"K\u00e4sittelyn yll\u00e4tt\u00e4vyys"},"content":{"rendered":"\n<p>Ks. tarkemmin <a href=\"https:\/\/www.edilex.fi\/artikkelit\/20064\" target=\"_blank\" rel=\"noopener noreferrer\">Oulin ja Voutilaisen (2019) artikkelin<\/a> s. 50 alkaen k\u00e4ytt\u00f6tarkoituksesta.<\/p>\n\n\n\n<p>K\u00e4ytt\u00f6tarkoituksella on aina oltava asiallinen yhteys rekisterinpit\u00e4j\u00e4n toimintaan, joten t\u00e4st\u00e4 n\u00e4k\u00f6kulmasta arvioitava. K\u00e4ytt\u00f6tarkoitukset on toki m\u00e4\u00e4ritelt\u00e4v\u00e4 jo alussa.<\/p>\n","protected":false},"excerpt":{"rendered":"<p>Ks. tarkemmin Oulin ja Voutilaisen (2019) artikkelin s. 50 alkaen k\u00e4ytt\u00f6tarkoituksesta. K\u00e4ytt\u00f6tarkoituksella on aina oltava asiallinen yhteys rekisterinpit\u00e4j\u00e4n toimintaan, joten t\u00e4st\u00e4 n\u00e4k\u00f6kulmasta arvioitava. K\u00e4ytt\u00f6tarkoitukset on toki m\u00e4\u00e4ritelt\u00e4v\u00e4 jo alussa.<\/p>\n","protected":false},"author":343,"featured_media":0,"parent":146,"menu_order":0,"comment_status":"closed","ping_status":"closed","template":"","meta":{"_acf_changed":false,"footnotes":""},"class_list":["post-436","page","type-page","status-publish","hentry"],"acf":[],"yoast_head":"<!-- This site is optimized with the Yoast SEO plugin v27.3 - https:\/\/yoast.com\/product\/yoast-seo-wordpress\/ -->\n<title>K\u00e4sittelyn yll\u00e4tt\u00e4vyys - Oppimisanalytiikan riskiarvioty\u00f6kalu<\/title>\n<meta name=\"robots\" content=\"index, follow, max-snippet:-1, max-image-preview:large, max-video-preview:-1\" \/>\n<link rel=\"canonical\" href=\"https:\/\/blogs.uef.fi\/oppimisanalytiikanriskiarvio\/potentiaalisten-riskien-tunnistaminen\/v-kasittelyn-tarkoitukset\/kasittelyn-yllattavyys\/\" \/>\n<meta property=\"og:locale\" content=\"fi_FI\" \/>\n<meta property=\"og:type\" content=\"article\" \/>\n<meta property=\"og:title\" content=\"K\u00e4sittelyn yll\u00e4tt\u00e4vyys - Oppimisanalytiikan riskiarvioty\u00f6kalu\" \/>\n<meta property=\"og:description\" content=\"Ks. tarkemmin Oulin ja Voutilaisen (2019) artikkelin s. 50 alkaen k\u00e4ytt\u00f6tarkoituksesta. K\u00e4ytt\u00f6tarkoituksella on aina oltava asiallinen yhteys rekisterinpit\u00e4j\u00e4n toimintaan, joten t\u00e4st\u00e4 n\u00e4k\u00f6kulmasta arvioitava. K\u00e4ytt\u00f6tarkoitukset on toki m\u00e4\u00e4ritelt\u00e4v\u00e4 jo alussa.\" \/>\n<meta property=\"og:url\" content=\"https:\/\/blogs.uef.fi\/oppimisanalytiikanriskiarvio\/potentiaalisten-riskien-tunnistaminen\/v-kasittelyn-tarkoitukset\/kasittelyn-yllattavyys\/\" \/>\n<meta property=\"og:site_name\" content=\"Oppimisanalytiikan riskiarvioty\u00f6kalu\" \/>\n<meta property=\"article:modified_time\" content=\"2023-09-18T11:41:03+00:00\" \/>\n<meta name=\"twitter:card\" content=\"summary_large_image\" \/>\n<meta name=\"twitter:label1\" content=\"Arvioitu lukuaika\" \/>\n\t<meta name=\"twitter:data1\" content=\"1 minuutti\" \/>\n<script type=\"application\/ld+json\" class=\"yoast-schema-graph\">{\"@context\":\"https:\\\/\\\/schema.org\",\"@graph\":[{\"@type\":\"WebPage\",\"@id\":\"https:\\\/\\\/blogs.uef.fi\\\/oppimisanalytiikanriskiarvio\\\/potentiaalisten-riskien-tunnistaminen\\\/v-kasittelyn-tarkoitukset\\\/kasittelyn-yllattavyys\\\/\",\"url\":\"https:\\\/\\\/blogs.uef.fi\\\/oppimisanalytiikanriskiarvio\\\/potentiaalisten-riskien-tunnistaminen\\\/v-kasittelyn-tarkoitukset\\\/kasittelyn-yllattavyys\\\/\",\"name\":\"K\u00e4sittelyn yll\u00e4tt\u00e4vyys - Oppimisanalytiikan riskiarvioty\u00f6kalu\",\"isPartOf\":{\"@id\":\"https:\\\/\\\/blogs.uef.fi\\\/oppimisanalytiikanriskiarvio\\\/#website\"},\"datePublished\":\"2020-03-19T13:36:40+00:00\",\"dateModified\":\"2023-09-18T11:41:03+00:00\",\"breadcrumb\":{\"@id\":\"https:\\\/\\\/blogs.uef.fi\\\/oppimisanalytiikanriskiarvio\\\/potentiaalisten-riskien-tunnistaminen\\\/v-kasittelyn-tarkoitukset\\\/kasittelyn-yllattavyys\\\/#breadcrumb\"},\"inLanguage\":\"fi\",\"potentialAction\":[{\"@type\":\"ReadAction\",\"target\":[\"https:\\\/\\\/blogs.uef.fi\\\/oppimisanalytiikanriskiarvio\\\/potentiaalisten-riskien-tunnistaminen\\\/v-kasittelyn-tarkoitukset\\\/kasittelyn-yllattavyys\\\/\"]}]},{\"@type\":\"BreadcrumbList\",\"@id\":\"https:\\\/\\\/blogs.uef.fi\\\/oppimisanalytiikanriskiarvio\\\/potentiaalisten-riskien-tunnistaminen\\\/v-kasittelyn-tarkoitukset\\\/kasittelyn-yllattavyys\\\/#breadcrumb\",\"itemListElement\":[{\"@type\":\"ListItem\",\"position\":1,\"name\":\"Home\",\"item\":\"https:\\\/\\\/blogs.uef.fi\\\/oppimisanalytiikanriskiarvio\\\/\"},{\"@type\":\"ListItem\",\"position\":2,\"name\":\"2. Potentiaalisten riskien tunnistaminen\",\"item\":\"https:\\\/\\\/blogs.uef.fi\\\/oppimisanalytiikanriskiarvio\\\/potentiaalisten-riskien-tunnistaminen\\\/\"},{\"@type\":\"ListItem\",\"position\":3,\"name\":\"IV K\u00c4SITTELYN TARKOITUKSET\",\"item\":\"https:\\\/\\\/blogs.uef.fi\\\/oppimisanalytiikanriskiarvio\\\/potentiaalisten-riskien-tunnistaminen\\\/v-kasittelyn-tarkoitukset\\\/\"},{\"@type\":\"ListItem\",\"position\":4,\"name\":\"K\u00e4sittelyn yll\u00e4tt\u00e4vyys\"}]},{\"@type\":\"WebSite\",\"@id\":\"https:\\\/\\\/blogs.uef.fi\\\/oppimisanalytiikanriskiarvio\\\/#website\",\"url\":\"https:\\\/\\\/blogs.uef.fi\\\/oppimisanalytiikanriskiarvio\\\/\",\"name\":\"Oppimisanalytiikan riskiarvioty\u00f6kalu\",\"description\":\"\",\"potentialAction\":[{\"@type\":\"SearchAction\",\"target\":{\"@type\":\"EntryPoint\",\"urlTemplate\":\"https:\\\/\\\/blogs.uef.fi\\\/oppimisanalytiikanriskiarvio\\\/?s={search_term_string}\"},\"query-input\":{\"@type\":\"PropertyValueSpecification\",\"valueRequired\":true,\"valueName\":\"search_term_string\"}}],\"inLanguage\":\"fi\"}]}<\/script>\n<!-- \/ Yoast SEO plugin. -->","yoast_head_json":{"title":"K\u00e4sittelyn yll\u00e4tt\u00e4vyys - Oppimisanalytiikan riskiarvioty\u00f6kalu","robots":{"index":"index","follow":"follow","max-snippet":"max-snippet:-1","max-image-preview":"max-image-preview:large","max-video-preview":"max-video-preview:-1"},"canonical":"https:\/\/blogs.uef.fi\/oppimisanalytiikanriskiarvio\/potentiaalisten-riskien-tunnistaminen\/v-kasittelyn-tarkoitukset\/kasittelyn-yllattavyys\/","og_locale":"fi_FI","og_type":"article","og_title":"K\u00e4sittelyn yll\u00e4tt\u00e4vyys - Oppimisanalytiikan riskiarvioty\u00f6kalu","og_description":"Ks. tarkemmin Oulin ja Voutilaisen (2019) artikkelin s. 50 alkaen k\u00e4ytt\u00f6tarkoituksesta. K\u00e4ytt\u00f6tarkoituksella on aina oltava asiallinen yhteys rekisterinpit\u00e4j\u00e4n toimintaan, joten t\u00e4st\u00e4 n\u00e4k\u00f6kulmasta arvioitava. K\u00e4ytt\u00f6tarkoitukset on toki m\u00e4\u00e4ritelt\u00e4v\u00e4 jo alussa.","og_url":"https:\/\/blogs.uef.fi\/oppimisanalytiikanriskiarvio\/potentiaalisten-riskien-tunnistaminen\/v-kasittelyn-tarkoitukset\/kasittelyn-yllattavyys\/","og_site_name":"Oppimisanalytiikan riskiarvioty\u00f6kalu","article_modified_time":"2023-09-18T11:41:03+00:00","twitter_card":"summary_large_image","twitter_misc":{"Arvioitu lukuaika":"1 minuutti"},"schema":{"@context":"https:\/\/schema.org","@graph":[{"@type":"WebPage","@id":"https:\/\/blogs.uef.fi\/oppimisanalytiikanriskiarvio\/potentiaalisten-riskien-tunnistaminen\/v-kasittelyn-tarkoitukset\/kasittelyn-yllattavyys\/","url":"https:\/\/blogs.uef.fi\/oppimisanalytiikanriskiarvio\/potentiaalisten-riskien-tunnistaminen\/v-kasittelyn-tarkoitukset\/kasittelyn-yllattavyys\/","name":"K\u00e4sittelyn yll\u00e4tt\u00e4vyys - Oppimisanalytiikan riskiarvioty\u00f6kalu","isPartOf":{"@id":"https:\/\/blogs.uef.fi\/oppimisanalytiikanriskiarvio\/#website"},"datePublished":"2020-03-19T13:36:40+00:00","dateModified":"2023-09-18T11:41:03+00:00","breadcrumb":{"@id":"https:\/\/blogs.uef.fi\/oppimisanalytiikanriskiarvio\/potentiaalisten-riskien-tunnistaminen\/v-kasittelyn-tarkoitukset\/kasittelyn-yllattavyys\/#breadcrumb"},"inLanguage":"fi","potentialAction":[{"@type":"ReadAction","target":["https:\/\/blogs.uef.fi\/oppimisanalytiikanriskiarvio\/potentiaalisten-riskien-tunnistaminen\/v-kasittelyn-tarkoitukset\/kasittelyn-yllattavyys\/"]}]},{"@type":"BreadcrumbList","@id":"https:\/\/blogs.uef.fi\/oppimisanalytiikanriskiarvio\/potentiaalisten-riskien-tunnistaminen\/v-kasittelyn-tarkoitukset\/kasittelyn-yllattavyys\/#breadcrumb","itemListElement":[{"@type":"ListItem","position":1,"name":"Home","item":"https:\/\/blogs.uef.fi\/oppimisanalytiikanriskiarvio\/"},{"@type":"ListItem","position":2,"name":"2. Potentiaalisten riskien tunnistaminen","item":"https:\/\/blogs.uef.fi\/oppimisanalytiikanriskiarvio\/potentiaalisten-riskien-tunnistaminen\/"},{"@type":"ListItem","position":3,"name":"IV K\u00c4SITTELYN TARKOITUKSET","item":"https:\/\/blogs.uef.fi\/oppimisanalytiikanriskiarvio\/potentiaalisten-riskien-tunnistaminen\/v-kasittelyn-tarkoitukset\/"},{"@type":"ListItem","position":4,"name":"K\u00e4sittelyn yll\u00e4tt\u00e4vyys"}]},{"@type":"WebSite","@id":"https:\/\/blogs.uef.fi\/oppimisanalytiikanriskiarvio\/#website","url":"https:\/\/blogs.uef.fi\/oppimisanalytiikanriskiarvio\/","name":"Oppimisanalytiikan riskiarvioty\u00f6kalu","description":"","potentialAction":[{"@type":"SearchAction","target":{"@type":"EntryPoint","urlTemplate":"https:\/\/blogs.uef.fi\/oppimisanalytiikanriskiarvio\/?s={search_term_string}"},"query-input":{"@type":"PropertyValueSpecification","valueRequired":true,"valueName":"search_term_string"}}],"inLanguage":"fi"}]}},"_links":{"self":[{"href":"https:\/\/blogs.uef.fi\/oppimisanalytiikanriskiarvio\/wp-json\/wp\/v2\/pages\/436","targetHints":{"allow":["GET"]}}],"collection":[{"href":"https:\/\/blogs.uef.fi\/oppimisanalytiikanriskiarvio\/wp-json\/wp\/v2\/pages"}],"about":[{"href":"https:\/\/blogs.uef.fi\/oppimisanalytiikanriskiarvio\/wp-json\/wp\/v2\/types\/page"}],"author":[{"embeddable":true,"href":"https:\/\/blogs.uef.fi\/oppimisanalytiikanriskiarvio\/wp-json\/wp\/v2\/users\/343"}],"replies":[{"embeddable":true,"href":"https:\/\/blogs.uef.fi\/oppimisanalytiikanriskiarvio\/wp-json\/wp\/v2\/comments?post=436"}],"version-history":[{"count":2,"href":"https:\/\/blogs.uef.fi\/oppimisanalytiikanriskiarvio\/wp-json\/wp\/v2\/pages\/436\/revisions"}],"predecessor-version":[{"id":1194,"href":"https:\/\/blogs.uef.fi\/oppimisanalytiikanriskiarvio\/wp-json\/wp\/v2\/pages\/436\/revisions\/1194"}],"up":[{"embeddable":true,"href":"https:\/\/blogs.uef.fi\/oppimisanalytiikanriskiarvio\/wp-json\/wp\/v2\/pages\/146"}],"wp:attachment":[{"href":"https:\/\/blogs.uef.fi\/oppimisanalytiikanriskiarvio\/wp-json\/wp\/v2\/media?parent=436"}],"curies":[{"name":"wp","href":"https:\/\/api.w.org\/{rel}","templated":true}]}}