{"id":424,"date":"2020-03-19T13:33:02","date_gmt":"2020-03-19T13:33:02","guid":{"rendered":"https:\/\/blogs.uef.fi\/oppimisanalytiikanriskiarvio\/?page_id=424"},"modified":"2023-09-18T14:38:40","modified_gmt":"2023-09-18T11:38:40","slug":"julkisten-tietojen-syntyminen","status":"publish","type":"page","link":"https:\/\/blogs.uef.fi\/oppimisanalytiikanriskiarvio\/potentiaalisten-riskien-tunnistaminen\/iii-kasittelyn-asiayhteys\/julkisten-tietojen-syntyminen\/","title":{"rendered":"Julkisten tietojen syntyminen"},"content":{"rendered":"\n<h1 class=\"wp-block-heading\">Julkisten tietojen syntyminen<\/h1>\n\n\n\n<p>Julkisuuslain s\u00e4\u00e4ntely koskee yliopistoa ja sen toimintaa kokonaisuudessaan. Julkisia ovat julkisuuslain mukaan l\u00e4ht\u00f6kohtaisesti kaikki viranomaisella olevat (ja kaikenlaisessa muodossa, my\u00f6s s\u00e4hk\u00f6isess\u00e4 muodossa olevat) viranomaisen asiakirjat.<\/p>\n\n\n\n<p>Julkisia eiv\u00e4t ole my\u00f6sk\u00e4\u00e4n asiakirjat, jotka on s\u00e4\u00e4nnelty julkisuuslaissa salassa pidett\u00e4viksi. Tietyt valmistelua koskevat asiakirjat tai ty\u00f6ntekij\u00f6iden sis\u00e4iset ty\u00f6h\u00f6n liittyv\u00e4t viestit eiv\u00e4t ole my\u00f6sk\u00e4\u00e4n julkisia. Salassapidett\u00e4vi\u00e4 ovat tiedot henkil\u00f6n terveydentilasta tai vammaisuudesta taikka h\u00e4nen saamastaan terveydenhuollon ja kuntoutuksen palvelusta taikka tiedot henkil\u00f6n seksuaalisesta k\u00e4ytt\u00e4ytymisest\u00e4 ja suuntautumisesta ovat salassa pidett\u00e4vi\u00e4. My\u00f6s oppilaan ja kokelaan koesuoritukset (ja esimerkiksi opiskelijan tenttivastaukset) ovat salassa pidett\u00e4vi\u00e4. Salassa pidett\u00e4vi\u00e4 ovat muun muassa asiakirjat, jotka sis\u00e4lt\u00e4v\u00e4t tietoja henkil\u00f6lle suoritetusta psykologisesta testist\u00e4 tai soveltuvuuskokeesta tai sen tuloksesta. Salassapidett\u00e4vi\u00e4 ovat my\u00f6s oppilaitoksen antamat todistukset ja muut asiakirjat, jotka sis\u00e4lt\u00e4v\u00e4t oppilaan henkil\u00f6kohtaisten ominaisuuksien sanallista arviointia koskevia tietoja.<\/p>\n\n\n\n<p>Merkitt\u00e4v\u00e4\u00e4 t\u00e4ss\u00e4 kohdin on se, ett\u00e4 tietosuoja-asetuksen vaikutustenarviointia koskevan 35 artiklan mukainen k\u00e4sittelyn asiayhteys voi tulla arvioitavaksi tietokokonaisuuksien yhdistelyn taikka arkaluonteisten tai muuten luonteeltaan hyvin henkil\u00f6kohtaisten tietojen k\u00e4sittelyn yhteydess\u00e4. Asiayhteydess\u00e4 on otettava huomioon yliopistoissa noudatettava l\u00e4ht\u00f6kohtainen julkisuusperiaate. Jos k\u00e4sittelyn seurauksena syntyy julkisiin asiakirjoihin p\u00e4\u00e4tyvi\u00e4 tietoja, tulee t\u00e4m\u00e4 asia ottaa huomioon riski\u00e4 arvioitaessa.<\/p>\n\n\n\n<p>ks. t\u00e4st\u00e4 enemm\u00e4n <a href=\"https:\/\/www.edilex.fi\/artikkelit\/20064\" target=\"_blank\" rel=\"noopener noreferrer\">Oulin ja Voutilaisen (2019)<\/a> artikkelin sivut 21-24 ja 27-28.<\/p>\n\n\n\n<p>Opiskelijoita koskevat tiedot opiskelijatietoj\u00e4rjestelm\u00e4ss\u00e4 eiv\u00e4t ole p\u00e4\u00e4osiltaan salassa pidett\u00e4vi\u00e4. T\u00e4st\u00e4 syyst\u00e4 tiedon luottamuksellisuus ei ole ensisijainen peruste opiskelijatietojen suojaamiselle opiskelijatietoj\u00e4rjestelm\u00e4ss\u00e4, vaan tietoja suojataan erityisesti opiskelijan ja korkeakoulujen henkil\u00f6st\u00f6n oikeusturvan sek\u00e4 tietojen saatavuuden varmistamiseksi. Sen sijaan opiskelijoiden opintosuoritukset erilaisissa oppimisalustoissa ovat p\u00e4\u00e4osin salassa pidett\u00e4vi\u00e4, koska ne rinnastuvat julkisuuslain 24.1 \u00a7:n 30 kohdassa tarkoitettuihin koesuorituksiin. N\u00e4iden tietojen suojaamiseen vaikuttaa my\u00f6s luottamuksellisuuden varmistaminen tiedon koko elinkaaren ajan. Arvioitaessa tietoaineiston ja siihen sis\u00e4ltyvien asiakirjojen salassa pidett\u00e4vyytt\u00e4, on huomioitava, ett\u00e4 arvosanatiedot numeerisina tietoina eiv\u00e4t ole salassa pidett\u00e4vi\u00e4, koska niit\u00e4 ei ole s\u00e4\u00e4detty salassa pidett\u00e4viksi. Sen sijaan arvosanatietojen perusteella muodostetut, opiskelijan oppimiskyky\u00e4 ja \u2013taitoa kuvaavat sanalliset arvioinnit ovat l\u00e4ht\u00f6kohtaisesti julkisuuslain 24.1 \u00a7:n 30 kohdassa tarkoitettuja oppilaan henkil\u00f6kohtaisten ominaisuuksien sanallista arviointia koskevia salassa pidett\u00e4vi\u00e4 tietoja.<\/p>\n\n\n\n<p>Oppimisanalytiikan avulla muodostetut, opiskelijan osaamista ja oppimista kuvaavat sanalliset analyysit ovat julkisuuslain 24.1 \u00a7:n 30 kohdan nojalla salassa pidett\u00e4vi\u00e4 tietoja, joiden luottamuksellisuus on varmistettava lains\u00e4\u00e4d\u00e4nn\u00f6n mukaisesti.<\/p>\n\n\n\n<p>L\u00e4hde: <a href=\"https:\/\/www.edilex.fi\/artikkelit\/20064\" target=\"_blank\" rel=\"noopener noreferrer\">Oulin ja Voutilaisen (2019) artikkeli,<\/a> s. 72-73.<\/p>\n","protected":false},"excerpt":{"rendered":"<p>Julkisten tietojen syntyminen Julkisuuslain s\u00e4\u00e4ntely koskee yliopistoa ja sen toimintaa kokonaisuudessaan. Julkisia ovat julkisuuslain mukaan l\u00e4ht\u00f6kohtaisesti kaikki viranomaisella olevat (ja kaikenlaisessa muodossa, my\u00f6s s\u00e4hk\u00f6isess\u00e4 muodossa olevat) viranomaisen asiakirjat. Julkisia eiv\u00e4t ole my\u00f6sk\u00e4\u00e4n asiakirjat, jotka on s\u00e4\u00e4nnelty julkisuuslaissa salassa pidett\u00e4viksi. Tietyt valmistelua koskevat asiakirjat tai ty\u00f6ntekij\u00f6iden sis\u00e4iset ty\u00f6h\u00f6n liittyv\u00e4t viestit eiv\u00e4t ole my\u00f6sk\u00e4\u00e4n julkisia. Salassapidett\u00e4vi\u00e4 ovat [&hellip;]<\/p>\n","protected":false},"author":343,"featured_media":0,"parent":142,"menu_order":0,"comment_status":"closed","ping_status":"closed","template":"","meta":{"_acf_changed":false,"footnotes":""},"class_list":["post-424","page","type-page","status-publish","hentry"],"acf":[],"yoast_head":"<!-- This site is optimized with the Yoast SEO plugin v27.1.1 - https:\/\/yoast.com\/product\/yoast-seo-wordpress\/ -->\n<title>Julkisten tietojen syntyminen - Oppimisanalytiikan riskiarvioty\u00f6kalu<\/title>\n<meta name=\"robots\" content=\"index, follow, max-snippet:-1, max-image-preview:large, max-video-preview:-1\" \/>\n<link rel=\"canonical\" href=\"https:\/\/blogs.uef.fi\/oppimisanalytiikanriskiarvio\/potentiaalisten-riskien-tunnistaminen\/iii-kasittelyn-asiayhteys\/julkisten-tietojen-syntyminen\/\" \/>\n<meta property=\"og:locale\" content=\"fi_FI\" \/>\n<meta property=\"og:type\" content=\"article\" \/>\n<meta property=\"og:title\" content=\"Julkisten tietojen syntyminen - Oppimisanalytiikan riskiarvioty\u00f6kalu\" \/>\n<meta property=\"og:description\" content=\"Julkisten tietojen syntyminen Julkisuuslain s\u00e4\u00e4ntely koskee yliopistoa ja sen toimintaa kokonaisuudessaan. Julkisia ovat julkisuuslain mukaan l\u00e4ht\u00f6kohtaisesti kaikki viranomaisella olevat (ja kaikenlaisessa muodossa, my\u00f6s s\u00e4hk\u00f6isess\u00e4 muodossa olevat) viranomaisen asiakirjat. Julkisia eiv\u00e4t ole my\u00f6sk\u00e4\u00e4n asiakirjat, jotka on s\u00e4\u00e4nnelty julkisuuslaissa salassa pidett\u00e4viksi. Tietyt valmistelua koskevat asiakirjat tai ty\u00f6ntekij\u00f6iden sis\u00e4iset ty\u00f6h\u00f6n liittyv\u00e4t viestit eiv\u00e4t ole my\u00f6sk\u00e4\u00e4n julkisia. Salassapidett\u00e4vi\u00e4 ovat [&hellip;]\" \/>\n<meta property=\"og:url\" content=\"https:\/\/blogs.uef.fi\/oppimisanalytiikanriskiarvio\/potentiaalisten-riskien-tunnistaminen\/iii-kasittelyn-asiayhteys\/julkisten-tietojen-syntyminen\/\" \/>\n<meta property=\"og:site_name\" content=\"Oppimisanalytiikan riskiarvioty\u00f6kalu\" \/>\n<meta property=\"article:modified_time\" content=\"2023-09-18T11:38:40+00:00\" \/>\n<meta name=\"twitter:card\" content=\"summary_large_image\" \/>\n<meta name=\"twitter:label1\" content=\"Arvioitu lukuaika\" \/>\n\t<meta name=\"twitter:data1\" content=\"3 minuuttia\" \/>\n<script type=\"application\/ld+json\" class=\"yoast-schema-graph\">{\"@context\":\"https:\/\/schema.org\",\"@graph\":[{\"@type\":\"WebPage\",\"@id\":\"https:\/\/blogs.uef.fi\/oppimisanalytiikanriskiarvio\/potentiaalisten-riskien-tunnistaminen\/iii-kasittelyn-asiayhteys\/julkisten-tietojen-syntyminen\/\",\"url\":\"https:\/\/blogs.uef.fi\/oppimisanalytiikanriskiarvio\/potentiaalisten-riskien-tunnistaminen\/iii-kasittelyn-asiayhteys\/julkisten-tietojen-syntyminen\/\",\"name\":\"Julkisten tietojen syntyminen - Oppimisanalytiikan riskiarvioty\u00f6kalu\",\"isPartOf\":{\"@id\":\"https:\/\/blogs.uef.fi\/oppimisanalytiikanriskiarvio\/#website\"},\"datePublished\":\"2020-03-19T13:33:02+00:00\",\"dateModified\":\"2023-09-18T11:38:40+00:00\",\"breadcrumb\":{\"@id\":\"https:\/\/blogs.uef.fi\/oppimisanalytiikanriskiarvio\/potentiaalisten-riskien-tunnistaminen\/iii-kasittelyn-asiayhteys\/julkisten-tietojen-syntyminen\/#breadcrumb\"},\"inLanguage\":\"fi\",\"potentialAction\":[{\"@type\":\"ReadAction\",\"target\":[\"https:\/\/blogs.uef.fi\/oppimisanalytiikanriskiarvio\/potentiaalisten-riskien-tunnistaminen\/iii-kasittelyn-asiayhteys\/julkisten-tietojen-syntyminen\/\"]}]},{\"@type\":\"BreadcrumbList\",\"@id\":\"https:\/\/blogs.uef.fi\/oppimisanalytiikanriskiarvio\/potentiaalisten-riskien-tunnistaminen\/iii-kasittelyn-asiayhteys\/julkisten-tietojen-syntyminen\/#breadcrumb\",\"itemListElement\":[{\"@type\":\"ListItem\",\"position\":1,\"name\":\"Home\",\"item\":\"https:\/\/blogs.uef.fi\/oppimisanalytiikanriskiarvio\/\"},{\"@type\":\"ListItem\",\"position\":2,\"name\":\"2. Potentiaalisten riskien tunnistaminen\",\"item\":\"https:\/\/blogs.uef.fi\/oppimisanalytiikanriskiarvio\/potentiaalisten-riskien-tunnistaminen\/\"},{\"@type\":\"ListItem\",\"position\":3,\"name\":\"III K\u00c4SITTELYN ASIAYHTEYS\",\"item\":\"https:\/\/blogs.uef.fi\/oppimisanalytiikanriskiarvio\/potentiaalisten-riskien-tunnistaminen\/iii-kasittelyn-asiayhteys\/\"},{\"@type\":\"ListItem\",\"position\":4,\"name\":\"Julkisten tietojen syntyminen\"}]},{\"@type\":\"WebSite\",\"@id\":\"https:\/\/blogs.uef.fi\/oppimisanalytiikanriskiarvio\/#website\",\"url\":\"https:\/\/blogs.uef.fi\/oppimisanalytiikanriskiarvio\/\",\"name\":\"Oppimisanalytiikan riskiarvioty\u00f6kalu\",\"description\":\"\",\"potentialAction\":[{\"@type\":\"SearchAction\",\"target\":{\"@type\":\"EntryPoint\",\"urlTemplate\":\"https:\/\/blogs.uef.fi\/oppimisanalytiikanriskiarvio\/?s={search_term_string}\"},\"query-input\":{\"@type\":\"PropertyValueSpecification\",\"valueRequired\":true,\"valueName\":\"search_term_string\"}}],\"inLanguage\":\"fi\"}]}<\/script>\n<!-- \/ Yoast SEO plugin. -->","yoast_head_json":{"title":"Julkisten tietojen syntyminen - Oppimisanalytiikan riskiarvioty\u00f6kalu","robots":{"index":"index","follow":"follow","max-snippet":"max-snippet:-1","max-image-preview":"max-image-preview:large","max-video-preview":"max-video-preview:-1"},"canonical":"https:\/\/blogs.uef.fi\/oppimisanalytiikanriskiarvio\/potentiaalisten-riskien-tunnistaminen\/iii-kasittelyn-asiayhteys\/julkisten-tietojen-syntyminen\/","og_locale":"fi_FI","og_type":"article","og_title":"Julkisten tietojen syntyminen - Oppimisanalytiikan riskiarvioty\u00f6kalu","og_description":"Julkisten tietojen syntyminen Julkisuuslain s\u00e4\u00e4ntely koskee yliopistoa ja sen toimintaa kokonaisuudessaan. Julkisia ovat julkisuuslain mukaan l\u00e4ht\u00f6kohtaisesti kaikki viranomaisella olevat (ja kaikenlaisessa muodossa, my\u00f6s s\u00e4hk\u00f6isess\u00e4 muodossa olevat) viranomaisen asiakirjat. Julkisia eiv\u00e4t ole my\u00f6sk\u00e4\u00e4n asiakirjat, jotka on s\u00e4\u00e4nnelty julkisuuslaissa salassa pidett\u00e4viksi. Tietyt valmistelua koskevat asiakirjat tai ty\u00f6ntekij\u00f6iden sis\u00e4iset ty\u00f6h\u00f6n liittyv\u00e4t viestit eiv\u00e4t ole my\u00f6sk\u00e4\u00e4n julkisia. Salassapidett\u00e4vi\u00e4 ovat [&hellip;]","og_url":"https:\/\/blogs.uef.fi\/oppimisanalytiikanriskiarvio\/potentiaalisten-riskien-tunnistaminen\/iii-kasittelyn-asiayhteys\/julkisten-tietojen-syntyminen\/","og_site_name":"Oppimisanalytiikan riskiarvioty\u00f6kalu","article_modified_time":"2023-09-18T11:38:40+00:00","twitter_card":"summary_large_image","twitter_misc":{"Arvioitu lukuaika":"3 minuuttia"},"schema":{"@context":"https:\/\/schema.org","@graph":[{"@type":"WebPage","@id":"https:\/\/blogs.uef.fi\/oppimisanalytiikanriskiarvio\/potentiaalisten-riskien-tunnistaminen\/iii-kasittelyn-asiayhteys\/julkisten-tietojen-syntyminen\/","url":"https:\/\/blogs.uef.fi\/oppimisanalytiikanriskiarvio\/potentiaalisten-riskien-tunnistaminen\/iii-kasittelyn-asiayhteys\/julkisten-tietojen-syntyminen\/","name":"Julkisten tietojen syntyminen - Oppimisanalytiikan riskiarvioty\u00f6kalu","isPartOf":{"@id":"https:\/\/blogs.uef.fi\/oppimisanalytiikanriskiarvio\/#website"},"datePublished":"2020-03-19T13:33:02+00:00","dateModified":"2023-09-18T11:38:40+00:00","breadcrumb":{"@id":"https:\/\/blogs.uef.fi\/oppimisanalytiikanriskiarvio\/potentiaalisten-riskien-tunnistaminen\/iii-kasittelyn-asiayhteys\/julkisten-tietojen-syntyminen\/#breadcrumb"},"inLanguage":"fi","potentialAction":[{"@type":"ReadAction","target":["https:\/\/blogs.uef.fi\/oppimisanalytiikanriskiarvio\/potentiaalisten-riskien-tunnistaminen\/iii-kasittelyn-asiayhteys\/julkisten-tietojen-syntyminen\/"]}]},{"@type":"BreadcrumbList","@id":"https:\/\/blogs.uef.fi\/oppimisanalytiikanriskiarvio\/potentiaalisten-riskien-tunnistaminen\/iii-kasittelyn-asiayhteys\/julkisten-tietojen-syntyminen\/#breadcrumb","itemListElement":[{"@type":"ListItem","position":1,"name":"Home","item":"https:\/\/blogs.uef.fi\/oppimisanalytiikanriskiarvio\/"},{"@type":"ListItem","position":2,"name":"2. Potentiaalisten riskien tunnistaminen","item":"https:\/\/blogs.uef.fi\/oppimisanalytiikanriskiarvio\/potentiaalisten-riskien-tunnistaminen\/"},{"@type":"ListItem","position":3,"name":"III K\u00c4SITTELYN ASIAYHTEYS","item":"https:\/\/blogs.uef.fi\/oppimisanalytiikanriskiarvio\/potentiaalisten-riskien-tunnistaminen\/iii-kasittelyn-asiayhteys\/"},{"@type":"ListItem","position":4,"name":"Julkisten tietojen syntyminen"}]},{"@type":"WebSite","@id":"https:\/\/blogs.uef.fi\/oppimisanalytiikanriskiarvio\/#website","url":"https:\/\/blogs.uef.fi\/oppimisanalytiikanriskiarvio\/","name":"Oppimisanalytiikan riskiarvioty\u00f6kalu","description":"","potentialAction":[{"@type":"SearchAction","target":{"@type":"EntryPoint","urlTemplate":"https:\/\/blogs.uef.fi\/oppimisanalytiikanriskiarvio\/?s={search_term_string}"},"query-input":{"@type":"PropertyValueSpecification","valueRequired":true,"valueName":"search_term_string"}}],"inLanguage":"fi"}]}},"_links":{"self":[{"href":"https:\/\/blogs.uef.fi\/oppimisanalytiikanriskiarvio\/wp-json\/wp\/v2\/pages\/424","targetHints":{"allow":["GET"]}}],"collection":[{"href":"https:\/\/blogs.uef.fi\/oppimisanalytiikanriskiarvio\/wp-json\/wp\/v2\/pages"}],"about":[{"href":"https:\/\/blogs.uef.fi\/oppimisanalytiikanriskiarvio\/wp-json\/wp\/v2\/types\/page"}],"author":[{"embeddable":true,"href":"https:\/\/blogs.uef.fi\/oppimisanalytiikanriskiarvio\/wp-json\/wp\/v2\/users\/343"}],"replies":[{"embeddable":true,"href":"https:\/\/blogs.uef.fi\/oppimisanalytiikanriskiarvio\/wp-json\/wp\/v2\/comments?post=424"}],"version-history":[{"count":2,"href":"https:\/\/blogs.uef.fi\/oppimisanalytiikanriskiarvio\/wp-json\/wp\/v2\/pages\/424\/revisions"}],"predecessor-version":[{"id":1179,"href":"https:\/\/blogs.uef.fi\/oppimisanalytiikanriskiarvio\/wp-json\/wp\/v2\/pages\/424\/revisions\/1179"}],"up":[{"embeddable":true,"href":"https:\/\/blogs.uef.fi\/oppimisanalytiikanriskiarvio\/wp-json\/wp\/v2\/pages\/142"}],"wp:attachment":[{"href":"https:\/\/blogs.uef.fi\/oppimisanalytiikanriskiarvio\/wp-json\/wp\/v2\/media?parent=424"}],"curies":[{"name":"wp","href":"https:\/\/api.w.org\/{rel}","templated":true}]}}