{"id":401,"date":"2020-03-19T12:50:20","date_gmt":"2020-03-19T12:50:20","guid":{"rendered":"https:\/\/blogs.uef.fi\/oppimisanalytiikanriskiarvio\/?page_id=401"},"modified":"2023-09-18T14:37:09","modified_gmt":"2023-09-18T11:37:09","slug":"tietojen-sailytysaika","status":"publish","type":"page","link":"https:\/\/blogs.uef.fi\/oppimisanalytiikanriskiarvio\/potentiaalisten-riskien-tunnistaminen\/ii-kasittelyn-laajuus\/tietojen-sailytysaika\/","title":{"rendered":"Tietojen s\u00e4ilytysaika"},"content":{"rendered":"\n<h1 class=\"wp-block-heading\">Tietojen s\u00e4ilytysaika<\/h1>\n\n\n\n<p>Oppimisanalytiikan k\u00e4ytt\u00f6\u00f6notossa tulisi huolehtia siit\u00e4, ett\u00e4 opiskelijoiden henkil\u00f6tietojen poistamisen m\u00e4\u00e4r\u00e4ajat on ennalta suunniteltu erityisesti, jos opiskelijan tietoja s\u00e4ilytet\u00e4\u00e4n viel\u00e4 opintojen p\u00e4\u00e4ttymisen j\u00e4lkeen, tulee s\u00e4ilytykselle olla olemassa asialliset perusteet.<\/p>\n\n\n\n<p>My\u00f6s yliopiston omissa sis\u00e4isiss\u00e4 ohjeissa voi olla ohjeistuksia liittyen tietojen s\u00e4ilytt\u00e4miseen.<\/p>\n","protected":false},"excerpt":{"rendered":"<p>Tietojen s\u00e4ilytysaika Oppimisanalytiikan k\u00e4ytt\u00f6\u00f6notossa tulisi huolehtia siit\u00e4, ett\u00e4 opiskelijoiden henkil\u00f6tietojen poistamisen m\u00e4\u00e4r\u00e4ajat on ennalta suunniteltu erityisesti, jos opiskelijan tietoja s\u00e4ilytet\u00e4\u00e4n viel\u00e4 opintojen p\u00e4\u00e4ttymisen j\u00e4lkeen, tulee s\u00e4ilytykselle olla olemassa asialliset perusteet. My\u00f6s yliopiston omissa sis\u00e4isiss\u00e4 ohjeissa voi olla ohjeistuksia liittyen tietojen s\u00e4ilytt\u00e4miseen.<\/p>\n","protected":false},"author":343,"featured_media":0,"parent":136,"menu_order":0,"comment_status":"closed","ping_status":"closed","template":"","meta":{"_acf_changed":false,"footnotes":""},"class_list":["post-401","page","type-page","status-publish","hentry"],"acf":[],"yoast_head":"<!-- This site is optimized with the Yoast SEO plugin v27.1.1 - https:\/\/yoast.com\/product\/yoast-seo-wordpress\/ -->\n<title>Tietojen s\u00e4ilytysaika - Oppimisanalytiikan riskiarvioty\u00f6kalu<\/title>\n<meta name=\"robots\" content=\"index, follow, max-snippet:-1, max-image-preview:large, max-video-preview:-1\" \/>\n<link rel=\"canonical\" href=\"https:\/\/blogs.uef.fi\/oppimisanalytiikanriskiarvio\/potentiaalisten-riskien-tunnistaminen\/ii-kasittelyn-laajuus\/tietojen-sailytysaika\/\" \/>\n<meta property=\"og:locale\" content=\"fi_FI\" \/>\n<meta property=\"og:type\" content=\"article\" \/>\n<meta property=\"og:title\" content=\"Tietojen s\u00e4ilytysaika - Oppimisanalytiikan riskiarvioty\u00f6kalu\" \/>\n<meta property=\"og:description\" content=\"Tietojen s\u00e4ilytysaika Oppimisanalytiikan k\u00e4ytt\u00f6\u00f6notossa tulisi huolehtia siit\u00e4, ett\u00e4 opiskelijoiden henkil\u00f6tietojen poistamisen m\u00e4\u00e4r\u00e4ajat on ennalta suunniteltu erityisesti, jos opiskelijan tietoja s\u00e4ilytet\u00e4\u00e4n viel\u00e4 opintojen p\u00e4\u00e4ttymisen j\u00e4lkeen, tulee s\u00e4ilytykselle olla olemassa asialliset perusteet. My\u00f6s yliopiston omissa sis\u00e4isiss\u00e4 ohjeissa voi olla ohjeistuksia liittyen tietojen s\u00e4ilytt\u00e4miseen.\" \/>\n<meta property=\"og:url\" content=\"https:\/\/blogs.uef.fi\/oppimisanalytiikanriskiarvio\/potentiaalisten-riskien-tunnistaminen\/ii-kasittelyn-laajuus\/tietojen-sailytysaika\/\" \/>\n<meta property=\"og:site_name\" content=\"Oppimisanalytiikan riskiarvioty\u00f6kalu\" \/>\n<meta property=\"article:modified_time\" content=\"2023-09-18T11:37:09+00:00\" \/>\n<meta name=\"twitter:card\" content=\"summary_large_image\" \/>\n<meta name=\"twitter:label1\" content=\"Arvioitu lukuaika\" \/>\n\t<meta name=\"twitter:data1\" content=\"1 minuutti\" \/>\n<script type=\"application\/ld+json\" class=\"yoast-schema-graph\">{\"@context\":\"https:\/\/schema.org\",\"@graph\":[{\"@type\":\"WebPage\",\"@id\":\"https:\/\/blogs.uef.fi\/oppimisanalytiikanriskiarvio\/potentiaalisten-riskien-tunnistaminen\/ii-kasittelyn-laajuus\/tietojen-sailytysaika\/\",\"url\":\"https:\/\/blogs.uef.fi\/oppimisanalytiikanriskiarvio\/potentiaalisten-riskien-tunnistaminen\/ii-kasittelyn-laajuus\/tietojen-sailytysaika\/\",\"name\":\"Tietojen s\u00e4ilytysaika - Oppimisanalytiikan riskiarvioty\u00f6kalu\",\"isPartOf\":{\"@id\":\"https:\/\/blogs.uef.fi\/oppimisanalytiikanriskiarvio\/#website\"},\"datePublished\":\"2020-03-19T12:50:20+00:00\",\"dateModified\":\"2023-09-18T11:37:09+00:00\",\"breadcrumb\":{\"@id\":\"https:\/\/blogs.uef.fi\/oppimisanalytiikanriskiarvio\/potentiaalisten-riskien-tunnistaminen\/ii-kasittelyn-laajuus\/tietojen-sailytysaika\/#breadcrumb\"},\"inLanguage\":\"fi\",\"potentialAction\":[{\"@type\":\"ReadAction\",\"target\":[\"https:\/\/blogs.uef.fi\/oppimisanalytiikanriskiarvio\/potentiaalisten-riskien-tunnistaminen\/ii-kasittelyn-laajuus\/tietojen-sailytysaika\/\"]}]},{\"@type\":\"BreadcrumbList\",\"@id\":\"https:\/\/blogs.uef.fi\/oppimisanalytiikanriskiarvio\/potentiaalisten-riskien-tunnistaminen\/ii-kasittelyn-laajuus\/tietojen-sailytysaika\/#breadcrumb\",\"itemListElement\":[{\"@type\":\"ListItem\",\"position\":1,\"name\":\"Home\",\"item\":\"https:\/\/blogs.uef.fi\/oppimisanalytiikanriskiarvio\/\"},{\"@type\":\"ListItem\",\"position\":2,\"name\":\"2. Potentiaalisten riskien tunnistaminen\",\"item\":\"https:\/\/blogs.uef.fi\/oppimisanalytiikanriskiarvio\/potentiaalisten-riskien-tunnistaminen\/\"},{\"@type\":\"ListItem\",\"position\":3,\"name\":\"II K\u00c4SITTELYN LAAJUUS\",\"item\":\"https:\/\/blogs.uef.fi\/oppimisanalytiikanriskiarvio\/potentiaalisten-riskien-tunnistaminen\/ii-kasittelyn-laajuus\/\"},{\"@type\":\"ListItem\",\"position\":4,\"name\":\"Tietojen s\u00e4ilytysaika\"}]},{\"@type\":\"WebSite\",\"@id\":\"https:\/\/blogs.uef.fi\/oppimisanalytiikanriskiarvio\/#website\",\"url\":\"https:\/\/blogs.uef.fi\/oppimisanalytiikanriskiarvio\/\",\"name\":\"Oppimisanalytiikan riskiarvioty\u00f6kalu\",\"description\":\"\",\"potentialAction\":[{\"@type\":\"SearchAction\",\"target\":{\"@type\":\"EntryPoint\",\"urlTemplate\":\"https:\/\/blogs.uef.fi\/oppimisanalytiikanriskiarvio\/?s={search_term_string}\"},\"query-input\":{\"@type\":\"PropertyValueSpecification\",\"valueRequired\":true,\"valueName\":\"search_term_string\"}}],\"inLanguage\":\"fi\"}]}<\/script>\n<!-- \/ Yoast SEO plugin. -->","yoast_head_json":{"title":"Tietojen s\u00e4ilytysaika - Oppimisanalytiikan riskiarvioty\u00f6kalu","robots":{"index":"index","follow":"follow","max-snippet":"max-snippet:-1","max-image-preview":"max-image-preview:large","max-video-preview":"max-video-preview:-1"},"canonical":"https:\/\/blogs.uef.fi\/oppimisanalytiikanriskiarvio\/potentiaalisten-riskien-tunnistaminen\/ii-kasittelyn-laajuus\/tietojen-sailytysaika\/","og_locale":"fi_FI","og_type":"article","og_title":"Tietojen s\u00e4ilytysaika - Oppimisanalytiikan riskiarvioty\u00f6kalu","og_description":"Tietojen s\u00e4ilytysaika Oppimisanalytiikan k\u00e4ytt\u00f6\u00f6notossa tulisi huolehtia siit\u00e4, ett\u00e4 opiskelijoiden henkil\u00f6tietojen poistamisen m\u00e4\u00e4r\u00e4ajat on ennalta suunniteltu erityisesti, jos opiskelijan tietoja s\u00e4ilytet\u00e4\u00e4n viel\u00e4 opintojen p\u00e4\u00e4ttymisen j\u00e4lkeen, tulee s\u00e4ilytykselle olla olemassa asialliset perusteet. My\u00f6s yliopiston omissa sis\u00e4isiss\u00e4 ohjeissa voi olla ohjeistuksia liittyen tietojen s\u00e4ilytt\u00e4miseen.","og_url":"https:\/\/blogs.uef.fi\/oppimisanalytiikanriskiarvio\/potentiaalisten-riskien-tunnistaminen\/ii-kasittelyn-laajuus\/tietojen-sailytysaika\/","og_site_name":"Oppimisanalytiikan riskiarvioty\u00f6kalu","article_modified_time":"2023-09-18T11:37:09+00:00","twitter_card":"summary_large_image","twitter_misc":{"Arvioitu lukuaika":"1 minuutti"},"schema":{"@context":"https:\/\/schema.org","@graph":[{"@type":"WebPage","@id":"https:\/\/blogs.uef.fi\/oppimisanalytiikanriskiarvio\/potentiaalisten-riskien-tunnistaminen\/ii-kasittelyn-laajuus\/tietojen-sailytysaika\/","url":"https:\/\/blogs.uef.fi\/oppimisanalytiikanriskiarvio\/potentiaalisten-riskien-tunnistaminen\/ii-kasittelyn-laajuus\/tietojen-sailytysaika\/","name":"Tietojen s\u00e4ilytysaika - Oppimisanalytiikan riskiarvioty\u00f6kalu","isPartOf":{"@id":"https:\/\/blogs.uef.fi\/oppimisanalytiikanriskiarvio\/#website"},"datePublished":"2020-03-19T12:50:20+00:00","dateModified":"2023-09-18T11:37:09+00:00","breadcrumb":{"@id":"https:\/\/blogs.uef.fi\/oppimisanalytiikanriskiarvio\/potentiaalisten-riskien-tunnistaminen\/ii-kasittelyn-laajuus\/tietojen-sailytysaika\/#breadcrumb"},"inLanguage":"fi","potentialAction":[{"@type":"ReadAction","target":["https:\/\/blogs.uef.fi\/oppimisanalytiikanriskiarvio\/potentiaalisten-riskien-tunnistaminen\/ii-kasittelyn-laajuus\/tietojen-sailytysaika\/"]}]},{"@type":"BreadcrumbList","@id":"https:\/\/blogs.uef.fi\/oppimisanalytiikanriskiarvio\/potentiaalisten-riskien-tunnistaminen\/ii-kasittelyn-laajuus\/tietojen-sailytysaika\/#breadcrumb","itemListElement":[{"@type":"ListItem","position":1,"name":"Home","item":"https:\/\/blogs.uef.fi\/oppimisanalytiikanriskiarvio\/"},{"@type":"ListItem","position":2,"name":"2. Potentiaalisten riskien tunnistaminen","item":"https:\/\/blogs.uef.fi\/oppimisanalytiikanriskiarvio\/potentiaalisten-riskien-tunnistaminen\/"},{"@type":"ListItem","position":3,"name":"II K\u00c4SITTELYN LAAJUUS","item":"https:\/\/blogs.uef.fi\/oppimisanalytiikanriskiarvio\/potentiaalisten-riskien-tunnistaminen\/ii-kasittelyn-laajuus\/"},{"@type":"ListItem","position":4,"name":"Tietojen s\u00e4ilytysaika"}]},{"@type":"WebSite","@id":"https:\/\/blogs.uef.fi\/oppimisanalytiikanriskiarvio\/#website","url":"https:\/\/blogs.uef.fi\/oppimisanalytiikanriskiarvio\/","name":"Oppimisanalytiikan riskiarvioty\u00f6kalu","description":"","potentialAction":[{"@type":"SearchAction","target":{"@type":"EntryPoint","urlTemplate":"https:\/\/blogs.uef.fi\/oppimisanalytiikanriskiarvio\/?s={search_term_string}"},"query-input":{"@type":"PropertyValueSpecification","valueRequired":true,"valueName":"search_term_string"}}],"inLanguage":"fi"}]}},"_links":{"self":[{"href":"https:\/\/blogs.uef.fi\/oppimisanalytiikanriskiarvio\/wp-json\/wp\/v2\/pages\/401","targetHints":{"allow":["GET"]}}],"collection":[{"href":"https:\/\/blogs.uef.fi\/oppimisanalytiikanriskiarvio\/wp-json\/wp\/v2\/pages"}],"about":[{"href":"https:\/\/blogs.uef.fi\/oppimisanalytiikanriskiarvio\/wp-json\/wp\/v2\/types\/page"}],"author":[{"embeddable":true,"href":"https:\/\/blogs.uef.fi\/oppimisanalytiikanriskiarvio\/wp-json\/wp\/v2\/users\/343"}],"replies":[{"embeddable":true,"href":"https:\/\/blogs.uef.fi\/oppimisanalytiikanriskiarvio\/wp-json\/wp\/v2\/comments?post=401"}],"version-history":[{"count":2,"href":"https:\/\/blogs.uef.fi\/oppimisanalytiikanriskiarvio\/wp-json\/wp\/v2\/pages\/401\/revisions"}],"predecessor-version":[{"id":1173,"href":"https:\/\/blogs.uef.fi\/oppimisanalytiikanriskiarvio\/wp-json\/wp\/v2\/pages\/401\/revisions\/1173"}],"up":[{"embeddable":true,"href":"https:\/\/blogs.uef.fi\/oppimisanalytiikanriskiarvio\/wp-json\/wp\/v2\/pages\/136"}],"wp:attachment":[{"href":"https:\/\/blogs.uef.fi\/oppimisanalytiikanriskiarvio\/wp-json\/wp\/v2\/media?parent=401"}],"curies":[{"name":"wp","href":"https:\/\/api.w.org\/{rel}","templated":true}]}}