{"id":392,"date":"2020-03-19T12:49:00","date_gmt":"2020-03-19T12:49:00","guid":{"rendered":"https:\/\/blogs.uef.fi\/oppimisanalytiikanriskiarvio\/?page_id=392"},"modified":"2020-04-06T13:35:59","modified_gmt":"2020-04-06T13:35:59","slug":"henkilotietojen-maara","status":"publish","type":"page","link":"https:\/\/blogs.uef.fi\/oppimisanalytiikanriskiarvio\/potentiaalisten-riskien-tunnistaminen\/ii-kasittelyn-laajuus\/henkilotietojen-maara\/","title":{"rendered":"Henkil\u00f6tietojen m\u00e4\u00e4r\u00e4"},"content":{"rendered":"<h1>Henkil\u00f6tietojen m\u00e4\u00e4r\u00e4<\/h1>\n<p>Henkil\u00f6tiedon k\u00e4site on laaja. Oppimisanalytiikassa tyypillisi\u00e4 esimerkkej\u00e4 henkil\u00f6tiedoista: nimi, opiskelijanumero, yhteystiedot, henkil\u00f6kohtainen opintosuunnitelma, tehdyt opintosuoritukset ja ilmoittautumistiedot tietylle opintojaksolle.<\/p>\n<p>Henkil\u00f6tietoja ovat kaikki tunnistettuun tai tunnistettavissa olevaan luonnolliseen henkil\u00f6\u00f6n (rekister\u00f6ityyn) liittyv\u00e4t tiedot. Henkil\u00f6tiedon m\u00e4\u00e4ritelm\u00e4ss\u00e4 on kolme keskeist\u00e4 elementti\u00e4 tai kriteeri\u00e4:<\/p>\n<p>1) Henkil\u00f6tietoja voivat olla kaikenlaiset tiedot: tiedon laadulla tai muodolla ei ole merkityst\u00e4. Esim. tietokoneen IP-osoite voi olla henkil\u00f6tieto, tai koevastaus tai valokuva.<\/p>\n<p>2) Tiedon on liitytt\u00e4v\u00e4 luonnolliseen henkil\u00f6\u00f6n (Oppimisanalytiikassa esim. opiskelijat)<\/p>\n<p>3) Luonnollisen henkil\u00f6n, johon tiedot liittyv\u00e4, on oltava tunnistettu tai tunnistettavissa.<\/p>\n<p>ks. <a href=\"https:\/\/www.edilex.fi\/artikkelit\/20064\">Oulin ja Voutilaisen (2019) artikkelin<\/a> sivut 14-18.<\/p>\n","protected":false},"excerpt":{"rendered":"<p>Henkil\u00f6tietojen m\u00e4\u00e4r\u00e4 Henkil\u00f6tiedon k\u00e4site on laaja. Oppimisanalytiikassa tyypillisi\u00e4 esimerkkej\u00e4 henkil\u00f6tiedoista: nimi, opiskelijanumero, yhteystiedot, henkil\u00f6kohtainen opintosuunnitelma, tehdyt opintosuoritukset ja ilmoittautumistiedot tietylle opintojaksolle. Henkil\u00f6tietoja ovat kaikki tunnistettuun tai tunnistettavissa olevaan luonnolliseen henkil\u00f6\u00f6n (rekister\u00f6ityyn) liittyv\u00e4t tiedot. Henkil\u00f6tiedon m\u00e4\u00e4ritelm\u00e4ss\u00e4 on kolme keskeist\u00e4 elementti\u00e4 tai kriteeri\u00e4: 1) Henkil\u00f6tietoja voivat olla kaikenlaiset tiedot: tiedon laadulla tai muodolla ei ole merkityst\u00e4. Esim. [&hellip;]<\/p>\n","protected":false},"author":343,"featured_media":0,"parent":136,"menu_order":0,"comment_status":"closed","ping_status":"closed","template":"","meta":{"_acf_changed":false,"footnotes":""},"class_list":["post-392","page","type-page","status-publish","hentry"],"acf":[],"yoast_head":"<!-- This site is optimized with the Yoast SEO plugin v27.1.1 - https:\/\/yoast.com\/product\/yoast-seo-wordpress\/ -->\n<title>Henkil\u00f6tietojen m\u00e4\u00e4r\u00e4 - Oppimisanalytiikan riskiarvioty\u00f6kalu<\/title>\n<meta name=\"robots\" content=\"index, follow, max-snippet:-1, max-image-preview:large, max-video-preview:-1\" \/>\n<link rel=\"canonical\" href=\"https:\/\/blogs.uef.fi\/oppimisanalytiikanriskiarvio\/potentiaalisten-riskien-tunnistaminen\/ii-kasittelyn-laajuus\/henkilotietojen-maara\/\" \/>\n<meta property=\"og:locale\" content=\"fi_FI\" \/>\n<meta property=\"og:type\" content=\"article\" \/>\n<meta property=\"og:title\" content=\"Henkil\u00f6tietojen m\u00e4\u00e4r\u00e4 - Oppimisanalytiikan riskiarvioty\u00f6kalu\" \/>\n<meta property=\"og:description\" content=\"Henkil\u00f6tietojen m\u00e4\u00e4r\u00e4 Henkil\u00f6tiedon k\u00e4site on laaja. Oppimisanalytiikassa tyypillisi\u00e4 esimerkkej\u00e4 henkil\u00f6tiedoista: nimi, opiskelijanumero, yhteystiedot, henkil\u00f6kohtainen opintosuunnitelma, tehdyt opintosuoritukset ja ilmoittautumistiedot tietylle opintojaksolle. Henkil\u00f6tietoja ovat kaikki tunnistettuun tai tunnistettavissa olevaan luonnolliseen henkil\u00f6\u00f6n (rekister\u00f6ityyn) liittyv\u00e4t tiedot. Henkil\u00f6tiedon m\u00e4\u00e4ritelm\u00e4ss\u00e4 on kolme keskeist\u00e4 elementti\u00e4 tai kriteeri\u00e4: 1) Henkil\u00f6tietoja voivat olla kaikenlaiset tiedot: tiedon laadulla tai muodolla ei ole merkityst\u00e4. Esim. [&hellip;]\" \/>\n<meta property=\"og:url\" content=\"https:\/\/blogs.uef.fi\/oppimisanalytiikanriskiarvio\/potentiaalisten-riskien-tunnistaminen\/ii-kasittelyn-laajuus\/henkilotietojen-maara\/\" \/>\n<meta property=\"og:site_name\" content=\"Oppimisanalytiikan riskiarvioty\u00f6kalu\" \/>\n<meta property=\"article:modified_time\" content=\"2020-04-06T13:35:59+00:00\" \/>\n<meta name=\"twitter:card\" content=\"summary_large_image\" \/>\n<meta name=\"twitter:label1\" content=\"Arvioitu lukuaika\" \/>\n\t<meta name=\"twitter:data1\" content=\"1 minuutti\" \/>\n<script type=\"application\/ld+json\" class=\"yoast-schema-graph\">{\"@context\":\"https:\/\/schema.org\",\"@graph\":[{\"@type\":\"WebPage\",\"@id\":\"https:\/\/blogs.uef.fi\/oppimisanalytiikanriskiarvio\/potentiaalisten-riskien-tunnistaminen\/ii-kasittelyn-laajuus\/henkilotietojen-maara\/\",\"url\":\"https:\/\/blogs.uef.fi\/oppimisanalytiikanriskiarvio\/potentiaalisten-riskien-tunnistaminen\/ii-kasittelyn-laajuus\/henkilotietojen-maara\/\",\"name\":\"Henkil\u00f6tietojen m\u00e4\u00e4r\u00e4 - Oppimisanalytiikan riskiarvioty\u00f6kalu\",\"isPartOf\":{\"@id\":\"https:\/\/blogs.uef.fi\/oppimisanalytiikanriskiarvio\/#website\"},\"datePublished\":\"2020-03-19T12:49:00+00:00\",\"dateModified\":\"2020-04-06T13:35:59+00:00\",\"breadcrumb\":{\"@id\":\"https:\/\/blogs.uef.fi\/oppimisanalytiikanriskiarvio\/potentiaalisten-riskien-tunnistaminen\/ii-kasittelyn-laajuus\/henkilotietojen-maara\/#breadcrumb\"},\"inLanguage\":\"fi\",\"potentialAction\":[{\"@type\":\"ReadAction\",\"target\":[\"https:\/\/blogs.uef.fi\/oppimisanalytiikanriskiarvio\/potentiaalisten-riskien-tunnistaminen\/ii-kasittelyn-laajuus\/henkilotietojen-maara\/\"]}]},{\"@type\":\"BreadcrumbList\",\"@id\":\"https:\/\/blogs.uef.fi\/oppimisanalytiikanriskiarvio\/potentiaalisten-riskien-tunnistaminen\/ii-kasittelyn-laajuus\/henkilotietojen-maara\/#breadcrumb\",\"itemListElement\":[{\"@type\":\"ListItem\",\"position\":1,\"name\":\"Home\",\"item\":\"https:\/\/blogs.uef.fi\/oppimisanalytiikanriskiarvio\/\"},{\"@type\":\"ListItem\",\"position\":2,\"name\":\"2. Potentiaalisten riskien tunnistaminen\",\"item\":\"https:\/\/blogs.uef.fi\/oppimisanalytiikanriskiarvio\/potentiaalisten-riskien-tunnistaminen\/\"},{\"@type\":\"ListItem\",\"position\":3,\"name\":\"II K\u00c4SITTELYN LAAJUUS\",\"item\":\"https:\/\/blogs.uef.fi\/oppimisanalytiikanriskiarvio\/potentiaalisten-riskien-tunnistaminen\/ii-kasittelyn-laajuus\/\"},{\"@type\":\"ListItem\",\"position\":4,\"name\":\"Henkil\u00f6tietojen m\u00e4\u00e4r\u00e4\"}]},{\"@type\":\"WebSite\",\"@id\":\"https:\/\/blogs.uef.fi\/oppimisanalytiikanriskiarvio\/#website\",\"url\":\"https:\/\/blogs.uef.fi\/oppimisanalytiikanriskiarvio\/\",\"name\":\"Oppimisanalytiikan riskiarvioty\u00f6kalu\",\"description\":\"\",\"potentialAction\":[{\"@type\":\"SearchAction\",\"target\":{\"@type\":\"EntryPoint\",\"urlTemplate\":\"https:\/\/blogs.uef.fi\/oppimisanalytiikanriskiarvio\/?s={search_term_string}\"},\"query-input\":{\"@type\":\"PropertyValueSpecification\",\"valueRequired\":true,\"valueName\":\"search_term_string\"}}],\"inLanguage\":\"fi\"}]}<\/script>\n<!-- \/ Yoast SEO plugin. -->","yoast_head_json":{"title":"Henkil\u00f6tietojen m\u00e4\u00e4r\u00e4 - Oppimisanalytiikan riskiarvioty\u00f6kalu","robots":{"index":"index","follow":"follow","max-snippet":"max-snippet:-1","max-image-preview":"max-image-preview:large","max-video-preview":"max-video-preview:-1"},"canonical":"https:\/\/blogs.uef.fi\/oppimisanalytiikanriskiarvio\/potentiaalisten-riskien-tunnistaminen\/ii-kasittelyn-laajuus\/henkilotietojen-maara\/","og_locale":"fi_FI","og_type":"article","og_title":"Henkil\u00f6tietojen m\u00e4\u00e4r\u00e4 - Oppimisanalytiikan riskiarvioty\u00f6kalu","og_description":"Henkil\u00f6tietojen m\u00e4\u00e4r\u00e4 Henkil\u00f6tiedon k\u00e4site on laaja. Oppimisanalytiikassa tyypillisi\u00e4 esimerkkej\u00e4 henkil\u00f6tiedoista: nimi, opiskelijanumero, yhteystiedot, henkil\u00f6kohtainen opintosuunnitelma, tehdyt opintosuoritukset ja ilmoittautumistiedot tietylle opintojaksolle. Henkil\u00f6tietoja ovat kaikki tunnistettuun tai tunnistettavissa olevaan luonnolliseen henkil\u00f6\u00f6n (rekister\u00f6ityyn) liittyv\u00e4t tiedot. Henkil\u00f6tiedon m\u00e4\u00e4ritelm\u00e4ss\u00e4 on kolme keskeist\u00e4 elementti\u00e4 tai kriteeri\u00e4: 1) Henkil\u00f6tietoja voivat olla kaikenlaiset tiedot: tiedon laadulla tai muodolla ei ole merkityst\u00e4. Esim. [&hellip;]","og_url":"https:\/\/blogs.uef.fi\/oppimisanalytiikanriskiarvio\/potentiaalisten-riskien-tunnistaminen\/ii-kasittelyn-laajuus\/henkilotietojen-maara\/","og_site_name":"Oppimisanalytiikan riskiarvioty\u00f6kalu","article_modified_time":"2020-04-06T13:35:59+00:00","twitter_card":"summary_large_image","twitter_misc":{"Arvioitu lukuaika":"1 minuutti"},"schema":{"@context":"https:\/\/schema.org","@graph":[{"@type":"WebPage","@id":"https:\/\/blogs.uef.fi\/oppimisanalytiikanriskiarvio\/potentiaalisten-riskien-tunnistaminen\/ii-kasittelyn-laajuus\/henkilotietojen-maara\/","url":"https:\/\/blogs.uef.fi\/oppimisanalytiikanriskiarvio\/potentiaalisten-riskien-tunnistaminen\/ii-kasittelyn-laajuus\/henkilotietojen-maara\/","name":"Henkil\u00f6tietojen m\u00e4\u00e4r\u00e4 - Oppimisanalytiikan riskiarvioty\u00f6kalu","isPartOf":{"@id":"https:\/\/blogs.uef.fi\/oppimisanalytiikanriskiarvio\/#website"},"datePublished":"2020-03-19T12:49:00+00:00","dateModified":"2020-04-06T13:35:59+00:00","breadcrumb":{"@id":"https:\/\/blogs.uef.fi\/oppimisanalytiikanriskiarvio\/potentiaalisten-riskien-tunnistaminen\/ii-kasittelyn-laajuus\/henkilotietojen-maara\/#breadcrumb"},"inLanguage":"fi","potentialAction":[{"@type":"ReadAction","target":["https:\/\/blogs.uef.fi\/oppimisanalytiikanriskiarvio\/potentiaalisten-riskien-tunnistaminen\/ii-kasittelyn-laajuus\/henkilotietojen-maara\/"]}]},{"@type":"BreadcrumbList","@id":"https:\/\/blogs.uef.fi\/oppimisanalytiikanriskiarvio\/potentiaalisten-riskien-tunnistaminen\/ii-kasittelyn-laajuus\/henkilotietojen-maara\/#breadcrumb","itemListElement":[{"@type":"ListItem","position":1,"name":"Home","item":"https:\/\/blogs.uef.fi\/oppimisanalytiikanriskiarvio\/"},{"@type":"ListItem","position":2,"name":"2. Potentiaalisten riskien tunnistaminen","item":"https:\/\/blogs.uef.fi\/oppimisanalytiikanriskiarvio\/potentiaalisten-riskien-tunnistaminen\/"},{"@type":"ListItem","position":3,"name":"II K\u00c4SITTELYN LAAJUUS","item":"https:\/\/blogs.uef.fi\/oppimisanalytiikanriskiarvio\/potentiaalisten-riskien-tunnistaminen\/ii-kasittelyn-laajuus\/"},{"@type":"ListItem","position":4,"name":"Henkil\u00f6tietojen m\u00e4\u00e4r\u00e4"}]},{"@type":"WebSite","@id":"https:\/\/blogs.uef.fi\/oppimisanalytiikanriskiarvio\/#website","url":"https:\/\/blogs.uef.fi\/oppimisanalytiikanriskiarvio\/","name":"Oppimisanalytiikan riskiarvioty\u00f6kalu","description":"","potentialAction":[{"@type":"SearchAction","target":{"@type":"EntryPoint","urlTemplate":"https:\/\/blogs.uef.fi\/oppimisanalytiikanriskiarvio\/?s={search_term_string}"},"query-input":{"@type":"PropertyValueSpecification","valueRequired":true,"valueName":"search_term_string"}}],"inLanguage":"fi"}]}},"_links":{"self":[{"href":"https:\/\/blogs.uef.fi\/oppimisanalytiikanriskiarvio\/wp-json\/wp\/v2\/pages\/392","targetHints":{"allow":["GET"]}}],"collection":[{"href":"https:\/\/blogs.uef.fi\/oppimisanalytiikanriskiarvio\/wp-json\/wp\/v2\/pages"}],"about":[{"href":"https:\/\/blogs.uef.fi\/oppimisanalytiikanriskiarvio\/wp-json\/wp\/v2\/types\/page"}],"author":[{"embeddable":true,"href":"https:\/\/blogs.uef.fi\/oppimisanalytiikanriskiarvio\/wp-json\/wp\/v2\/users\/343"}],"replies":[{"embeddable":true,"href":"https:\/\/blogs.uef.fi\/oppimisanalytiikanriskiarvio\/wp-json\/wp\/v2\/comments?post=392"}],"version-history":[{"count":2,"href":"https:\/\/blogs.uef.fi\/oppimisanalytiikanriskiarvio\/wp-json\/wp\/v2\/pages\/392\/revisions"}],"predecessor-version":[{"id":669,"href":"https:\/\/blogs.uef.fi\/oppimisanalytiikanriskiarvio\/wp-json\/wp\/v2\/pages\/392\/revisions\/669"}],"up":[{"embeddable":true,"href":"https:\/\/blogs.uef.fi\/oppimisanalytiikanriskiarvio\/wp-json\/wp\/v2\/pages\/136"}],"wp:attachment":[{"href":"https:\/\/blogs.uef.fi\/oppimisanalytiikanriskiarvio\/wp-json\/wp\/v2\/media?parent=392"}],"curies":[{"name":"wp","href":"https:\/\/api.w.org\/{rel}","templated":true}]}}