{"id":383,"date":"2020-03-19T12:45:38","date_gmt":"2020-03-19T12:45:38","guid":{"rendered":"https:\/\/blogs.uef.fi\/oppimisanalytiikanriskiarvio\/?page_id=383"},"modified":"2023-09-18T14:36:53","modified_gmt":"2023-09-18T11:36:53","slug":"suuri-opiskelijamaara","status":"publish","type":"page","link":"https:\/\/blogs.uef.fi\/oppimisanalytiikanriskiarvio\/potentiaalisten-riskien-tunnistaminen\/ii-kasittelyn-laajuus\/suuri-opiskelijamaara\/","title":{"rendered":"Suuri opiskelijam\u00e4\u00e4r\u00e4"},"content":{"rendered":"\n<h1 class=\"wp-block-heading\">Suuri opiskelijam\u00e4\u00e4r\u00e4<\/h1>\n\n\n\n<p>Ei ole olemassa mit\u00e4\u00e4n yksitt\u00e4ist\u00e4 selke\u00e4\u00e4 ohjeistusta m\u00e4\u00e4r\u00e4n osalta. Laajuus on yksi osa-alue, jota riskin osalta on arvioitava.<\/p>\n\n\n\n<p>K\u00e4sittelyn laajuutta arvioitaessa on arvioitava rekister\u00f6ityjen lukum\u00e4\u00e4r\u00e4\u00e4 ja k\u00e4sitelt\u00e4vien tietojen m\u00e4\u00e4r\u00e4\u00e4, tietoyksik\u00f6iden m\u00e4\u00e4r\u00e4\u00e4, k\u00e4sittelyn kestoa ja pysyvyytt\u00e4 sek\u00e4 k\u00e4sittelytoimien maantieteellist\u00e4 ulottuvuutta.<\/p>\n\n\n\n<p>Ks. <a href=\"https:\/\/www.edilex.fi\/artikkelit\/20064\" target=\"_blank\" rel=\"noopener noreferrer\">Oulin ja Voutilaisen (2019) artikkelin<\/a> sivu 28.<\/p>\n","protected":false},"excerpt":{"rendered":"<p>Suuri opiskelijam\u00e4\u00e4r\u00e4 Ei ole olemassa mit\u00e4\u00e4n yksitt\u00e4ist\u00e4 selke\u00e4\u00e4 ohjeistusta m\u00e4\u00e4r\u00e4n osalta. Laajuus on yksi osa-alue, jota riskin osalta on arvioitava. K\u00e4sittelyn laajuutta arvioitaessa on arvioitava rekister\u00f6ityjen lukum\u00e4\u00e4r\u00e4\u00e4 ja k\u00e4sitelt\u00e4vien tietojen m\u00e4\u00e4r\u00e4\u00e4, tietoyksik\u00f6iden m\u00e4\u00e4r\u00e4\u00e4, k\u00e4sittelyn kestoa ja pysyvyytt\u00e4 sek\u00e4 k\u00e4sittelytoimien maantieteellist\u00e4 ulottuvuutta. Ks. Oulin ja Voutilaisen (2019) artikkelin sivu 28.<\/p>\n","protected":false},"author":343,"featured_media":0,"parent":136,"menu_order":0,"comment_status":"closed","ping_status":"closed","template":"","meta":{"_acf_changed":false,"footnotes":""},"class_list":["post-383","page","type-page","status-publish","hentry"],"acf":[],"yoast_head":"<!-- This site is optimized with the Yoast SEO plugin v27.3 - https:\/\/yoast.com\/product\/yoast-seo-wordpress\/ -->\n<title>Suuri opiskelijam\u00e4\u00e4r\u00e4 - Oppimisanalytiikan riskiarvioty\u00f6kalu<\/title>\n<meta name=\"robots\" content=\"index, follow, max-snippet:-1, max-image-preview:large, max-video-preview:-1\" \/>\n<link rel=\"canonical\" href=\"https:\/\/blogs.uef.fi\/oppimisanalytiikanriskiarvio\/potentiaalisten-riskien-tunnistaminen\/ii-kasittelyn-laajuus\/suuri-opiskelijamaara\/\" \/>\n<meta property=\"og:locale\" content=\"fi_FI\" \/>\n<meta property=\"og:type\" content=\"article\" \/>\n<meta property=\"og:title\" content=\"Suuri opiskelijam\u00e4\u00e4r\u00e4 - Oppimisanalytiikan riskiarvioty\u00f6kalu\" \/>\n<meta property=\"og:description\" content=\"Suuri opiskelijam\u00e4\u00e4r\u00e4 Ei ole olemassa mit\u00e4\u00e4n yksitt\u00e4ist\u00e4 selke\u00e4\u00e4 ohjeistusta m\u00e4\u00e4r\u00e4n osalta. Laajuus on yksi osa-alue, jota riskin osalta on arvioitava. K\u00e4sittelyn laajuutta arvioitaessa on arvioitava rekister\u00f6ityjen lukum\u00e4\u00e4r\u00e4\u00e4 ja k\u00e4sitelt\u00e4vien tietojen m\u00e4\u00e4r\u00e4\u00e4, tietoyksik\u00f6iden m\u00e4\u00e4r\u00e4\u00e4, k\u00e4sittelyn kestoa ja pysyvyytt\u00e4 sek\u00e4 k\u00e4sittelytoimien maantieteellist\u00e4 ulottuvuutta. Ks. Oulin ja Voutilaisen (2019) artikkelin sivu 28.\" \/>\n<meta property=\"og:url\" content=\"https:\/\/blogs.uef.fi\/oppimisanalytiikanriskiarvio\/potentiaalisten-riskien-tunnistaminen\/ii-kasittelyn-laajuus\/suuri-opiskelijamaara\/\" \/>\n<meta property=\"og:site_name\" content=\"Oppimisanalytiikan riskiarvioty\u00f6kalu\" \/>\n<meta property=\"article:modified_time\" content=\"2023-09-18T11:36:53+00:00\" \/>\n<meta name=\"twitter:card\" content=\"summary_large_image\" \/>\n<meta name=\"twitter:label1\" content=\"Arvioitu lukuaika\" \/>\n\t<meta name=\"twitter:data1\" content=\"1 minuutti\" \/>\n<script type=\"application\/ld+json\" class=\"yoast-schema-graph\">{\"@context\":\"https:\\\/\\\/schema.org\",\"@graph\":[{\"@type\":\"WebPage\",\"@id\":\"https:\\\/\\\/blogs.uef.fi\\\/oppimisanalytiikanriskiarvio\\\/potentiaalisten-riskien-tunnistaminen\\\/ii-kasittelyn-laajuus\\\/suuri-opiskelijamaara\\\/\",\"url\":\"https:\\\/\\\/blogs.uef.fi\\\/oppimisanalytiikanriskiarvio\\\/potentiaalisten-riskien-tunnistaminen\\\/ii-kasittelyn-laajuus\\\/suuri-opiskelijamaara\\\/\",\"name\":\"Suuri opiskelijam\u00e4\u00e4r\u00e4 - Oppimisanalytiikan riskiarvioty\u00f6kalu\",\"isPartOf\":{\"@id\":\"https:\\\/\\\/blogs.uef.fi\\\/oppimisanalytiikanriskiarvio\\\/#website\"},\"datePublished\":\"2020-03-19T12:45:38+00:00\",\"dateModified\":\"2023-09-18T11:36:53+00:00\",\"breadcrumb\":{\"@id\":\"https:\\\/\\\/blogs.uef.fi\\\/oppimisanalytiikanriskiarvio\\\/potentiaalisten-riskien-tunnistaminen\\\/ii-kasittelyn-laajuus\\\/suuri-opiskelijamaara\\\/#breadcrumb\"},\"inLanguage\":\"fi\",\"potentialAction\":[{\"@type\":\"ReadAction\",\"target\":[\"https:\\\/\\\/blogs.uef.fi\\\/oppimisanalytiikanriskiarvio\\\/potentiaalisten-riskien-tunnistaminen\\\/ii-kasittelyn-laajuus\\\/suuri-opiskelijamaara\\\/\"]}]},{\"@type\":\"BreadcrumbList\",\"@id\":\"https:\\\/\\\/blogs.uef.fi\\\/oppimisanalytiikanriskiarvio\\\/potentiaalisten-riskien-tunnistaminen\\\/ii-kasittelyn-laajuus\\\/suuri-opiskelijamaara\\\/#breadcrumb\",\"itemListElement\":[{\"@type\":\"ListItem\",\"position\":1,\"name\":\"Home\",\"item\":\"https:\\\/\\\/blogs.uef.fi\\\/oppimisanalytiikanriskiarvio\\\/\"},{\"@type\":\"ListItem\",\"position\":2,\"name\":\"2. Potentiaalisten riskien tunnistaminen\",\"item\":\"https:\\\/\\\/blogs.uef.fi\\\/oppimisanalytiikanriskiarvio\\\/potentiaalisten-riskien-tunnistaminen\\\/\"},{\"@type\":\"ListItem\",\"position\":3,\"name\":\"II K\u00c4SITTELYN LAAJUUS\",\"item\":\"https:\\\/\\\/blogs.uef.fi\\\/oppimisanalytiikanriskiarvio\\\/potentiaalisten-riskien-tunnistaminen\\\/ii-kasittelyn-laajuus\\\/\"},{\"@type\":\"ListItem\",\"position\":4,\"name\":\"Suuri opiskelijam\u00e4\u00e4r\u00e4\"}]},{\"@type\":\"WebSite\",\"@id\":\"https:\\\/\\\/blogs.uef.fi\\\/oppimisanalytiikanriskiarvio\\\/#website\",\"url\":\"https:\\\/\\\/blogs.uef.fi\\\/oppimisanalytiikanriskiarvio\\\/\",\"name\":\"Oppimisanalytiikan riskiarvioty\u00f6kalu\",\"description\":\"\",\"potentialAction\":[{\"@type\":\"SearchAction\",\"target\":{\"@type\":\"EntryPoint\",\"urlTemplate\":\"https:\\\/\\\/blogs.uef.fi\\\/oppimisanalytiikanriskiarvio\\\/?s={search_term_string}\"},\"query-input\":{\"@type\":\"PropertyValueSpecification\",\"valueRequired\":true,\"valueName\":\"search_term_string\"}}],\"inLanguage\":\"fi\"}]}<\/script>\n<!-- \/ Yoast SEO plugin. -->","yoast_head_json":{"title":"Suuri opiskelijam\u00e4\u00e4r\u00e4 - Oppimisanalytiikan riskiarvioty\u00f6kalu","robots":{"index":"index","follow":"follow","max-snippet":"max-snippet:-1","max-image-preview":"max-image-preview:large","max-video-preview":"max-video-preview:-1"},"canonical":"https:\/\/blogs.uef.fi\/oppimisanalytiikanriskiarvio\/potentiaalisten-riskien-tunnistaminen\/ii-kasittelyn-laajuus\/suuri-opiskelijamaara\/","og_locale":"fi_FI","og_type":"article","og_title":"Suuri opiskelijam\u00e4\u00e4r\u00e4 - Oppimisanalytiikan riskiarvioty\u00f6kalu","og_description":"Suuri opiskelijam\u00e4\u00e4r\u00e4 Ei ole olemassa mit\u00e4\u00e4n yksitt\u00e4ist\u00e4 selke\u00e4\u00e4 ohjeistusta m\u00e4\u00e4r\u00e4n osalta. Laajuus on yksi osa-alue, jota riskin osalta on arvioitava. K\u00e4sittelyn laajuutta arvioitaessa on arvioitava rekister\u00f6ityjen lukum\u00e4\u00e4r\u00e4\u00e4 ja k\u00e4sitelt\u00e4vien tietojen m\u00e4\u00e4r\u00e4\u00e4, tietoyksik\u00f6iden m\u00e4\u00e4r\u00e4\u00e4, k\u00e4sittelyn kestoa ja pysyvyytt\u00e4 sek\u00e4 k\u00e4sittelytoimien maantieteellist\u00e4 ulottuvuutta. Ks. Oulin ja Voutilaisen (2019) artikkelin sivu 28.","og_url":"https:\/\/blogs.uef.fi\/oppimisanalytiikanriskiarvio\/potentiaalisten-riskien-tunnistaminen\/ii-kasittelyn-laajuus\/suuri-opiskelijamaara\/","og_site_name":"Oppimisanalytiikan riskiarvioty\u00f6kalu","article_modified_time":"2023-09-18T11:36:53+00:00","twitter_card":"summary_large_image","twitter_misc":{"Arvioitu lukuaika":"1 minuutti"},"schema":{"@context":"https:\/\/schema.org","@graph":[{"@type":"WebPage","@id":"https:\/\/blogs.uef.fi\/oppimisanalytiikanriskiarvio\/potentiaalisten-riskien-tunnistaminen\/ii-kasittelyn-laajuus\/suuri-opiskelijamaara\/","url":"https:\/\/blogs.uef.fi\/oppimisanalytiikanriskiarvio\/potentiaalisten-riskien-tunnistaminen\/ii-kasittelyn-laajuus\/suuri-opiskelijamaara\/","name":"Suuri opiskelijam\u00e4\u00e4r\u00e4 - Oppimisanalytiikan riskiarvioty\u00f6kalu","isPartOf":{"@id":"https:\/\/blogs.uef.fi\/oppimisanalytiikanriskiarvio\/#website"},"datePublished":"2020-03-19T12:45:38+00:00","dateModified":"2023-09-18T11:36:53+00:00","breadcrumb":{"@id":"https:\/\/blogs.uef.fi\/oppimisanalytiikanriskiarvio\/potentiaalisten-riskien-tunnistaminen\/ii-kasittelyn-laajuus\/suuri-opiskelijamaara\/#breadcrumb"},"inLanguage":"fi","potentialAction":[{"@type":"ReadAction","target":["https:\/\/blogs.uef.fi\/oppimisanalytiikanriskiarvio\/potentiaalisten-riskien-tunnistaminen\/ii-kasittelyn-laajuus\/suuri-opiskelijamaara\/"]}]},{"@type":"BreadcrumbList","@id":"https:\/\/blogs.uef.fi\/oppimisanalytiikanriskiarvio\/potentiaalisten-riskien-tunnistaminen\/ii-kasittelyn-laajuus\/suuri-opiskelijamaara\/#breadcrumb","itemListElement":[{"@type":"ListItem","position":1,"name":"Home","item":"https:\/\/blogs.uef.fi\/oppimisanalytiikanriskiarvio\/"},{"@type":"ListItem","position":2,"name":"2. Potentiaalisten riskien tunnistaminen","item":"https:\/\/blogs.uef.fi\/oppimisanalytiikanriskiarvio\/potentiaalisten-riskien-tunnistaminen\/"},{"@type":"ListItem","position":3,"name":"II K\u00c4SITTELYN LAAJUUS","item":"https:\/\/blogs.uef.fi\/oppimisanalytiikanriskiarvio\/potentiaalisten-riskien-tunnistaminen\/ii-kasittelyn-laajuus\/"},{"@type":"ListItem","position":4,"name":"Suuri opiskelijam\u00e4\u00e4r\u00e4"}]},{"@type":"WebSite","@id":"https:\/\/blogs.uef.fi\/oppimisanalytiikanriskiarvio\/#website","url":"https:\/\/blogs.uef.fi\/oppimisanalytiikanriskiarvio\/","name":"Oppimisanalytiikan riskiarvioty\u00f6kalu","description":"","potentialAction":[{"@type":"SearchAction","target":{"@type":"EntryPoint","urlTemplate":"https:\/\/blogs.uef.fi\/oppimisanalytiikanriskiarvio\/?s={search_term_string}"},"query-input":{"@type":"PropertyValueSpecification","valueRequired":true,"valueName":"search_term_string"}}],"inLanguage":"fi"}]}},"_links":{"self":[{"href":"https:\/\/blogs.uef.fi\/oppimisanalytiikanriskiarvio\/wp-json\/wp\/v2\/pages\/383","targetHints":{"allow":["GET"]}}],"collection":[{"href":"https:\/\/blogs.uef.fi\/oppimisanalytiikanriskiarvio\/wp-json\/wp\/v2\/pages"}],"about":[{"href":"https:\/\/blogs.uef.fi\/oppimisanalytiikanriskiarvio\/wp-json\/wp\/v2\/types\/page"}],"author":[{"embeddable":true,"href":"https:\/\/blogs.uef.fi\/oppimisanalytiikanriskiarvio\/wp-json\/wp\/v2\/users\/343"}],"replies":[{"embeddable":true,"href":"https:\/\/blogs.uef.fi\/oppimisanalytiikanriskiarvio\/wp-json\/wp\/v2\/comments?post=383"}],"version-history":[{"count":2,"href":"https:\/\/blogs.uef.fi\/oppimisanalytiikanriskiarvio\/wp-json\/wp\/v2\/pages\/383\/revisions"}],"predecessor-version":[{"id":1170,"href":"https:\/\/blogs.uef.fi\/oppimisanalytiikanriskiarvio\/wp-json\/wp\/v2\/pages\/383\/revisions\/1170"}],"up":[{"embeddable":true,"href":"https:\/\/blogs.uef.fi\/oppimisanalytiikanriskiarvio\/wp-json\/wp\/v2\/pages\/136"}],"wp:attachment":[{"href":"https:\/\/blogs.uef.fi\/oppimisanalytiikanriskiarvio\/wp-json\/wp\/v2\/media?parent=383"}],"curies":[{"name":"wp","href":"https:\/\/api.w.org\/{rel}","templated":true}]}}