{"id":371,"date":"2020-03-19T12:42:33","date_gmt":"2020-03-19T12:42:33","guid":{"rendered":"https:\/\/blogs.uef.fi\/oppimisanalytiikanriskiarvio\/?page_id=371"},"modified":"2023-09-18T14:34:18","modified_gmt":"2023-09-18T11:34:18","slug":"oikeus-vastustaa-kasittelya","status":"publish","type":"page","link":"https:\/\/blogs.uef.fi\/oppimisanalytiikanriskiarvio\/potentiaalisten-riskien-tunnistaminen\/i-kasittelyn-luonne\/oikeus-vastustaa-kasittelya\/","title":{"rendered":"Oikeus vastustaa k\u00e4sittely\u00e4"},"content":{"rendered":"\n<h1 class=\"wp-block-heading\">Oikeus vastustaa k\u00e4sittely\u00e4<\/h1>\n\n\n\n<p>Rekister\u00f6ity voi milloin tahansa vastustaa tietojensa k\u00e4sittely\u00e4, jos h\u00e4nell\u00e4 on siihen jokin h\u00e4nen henkil\u00f6kohtaiseen tilanteeseensa liittyv\u00e4 erityinen syy. Vastustaminen on mahdollista, jos rekisterinpit\u00e4j\u00e4 k\u00e4sittelee rekister\u00f6idyn tietoja yleisen edun tai julkisen vallan vuoksi tai oikeutetun etunsa perusteella.<\/p>\n\n\n\n<p>Oikeutta vastustaa k\u00e4sittely\u00e4 ei kuitenkaan ole, jos rekisterinpit\u00e4j\u00e4 voi osoittaa, ett\u00e4 k\u00e4sittelyyn on olemassa huomattavan t\u00e4rke\u00e4 ja perusteltu syy, joka syrj\u00e4ytt\u00e4\u00e4 rekister\u00f6idyn edut, oikeudet ja vapaudet tai jos se on tarpeen oikeusvaateen laatimiseksi, esitt\u00e4miseksi tai puolustamiseksi. Vastustusoikeutta ei ole my\u00f6sk\u00e4\u00e4n silloin, kun kyse on tieteellisiin tai historiallisiin tutkimustarkoituksiin, tilastollisiin tarkoituksiin tai yleisen edun mukaisiin arkistointitarkoituksiin tapahtuvasta k\u00e4sittelyst\u00e4, ja noudatetaan lis\u00e4ksi tietosuojalain 31-32 \u00a7:n k\u00e4sittelylle asetettuja vaatimuksia.<\/p>\n\n\n\n<p>Ks. t\u00e4m\u00e4n oikeuden merkityksest\u00e4 oppimisanalytiikan k\u00e4yt\u00f6ss\u00e4 tarkemmin <a href=\"https:\/\/www.edilex.fi\/artikkelit\/20064\" target=\"_blank\" rel=\"noopener noreferrer\">Oulin ja Voutilaisen (2019) artikkeli,<\/a> sivut 35-36 ja 63-64.<\/p>\n","protected":false},"excerpt":{"rendered":"<p>Oikeus vastustaa k\u00e4sittely\u00e4 Rekister\u00f6ity voi milloin tahansa vastustaa tietojensa k\u00e4sittely\u00e4, jos h\u00e4nell\u00e4 on siihen jokin h\u00e4nen henkil\u00f6kohtaiseen tilanteeseensa liittyv\u00e4 erityinen syy. Vastustaminen on mahdollista, jos rekisterinpit\u00e4j\u00e4 k\u00e4sittelee rekister\u00f6idyn tietoja yleisen edun tai julkisen vallan vuoksi tai oikeutetun etunsa perusteella. Oikeutta vastustaa k\u00e4sittely\u00e4 ei kuitenkaan ole, jos rekisterinpit\u00e4j\u00e4 voi osoittaa, ett\u00e4 k\u00e4sittelyyn on olemassa huomattavan t\u00e4rke\u00e4 [&hellip;]<\/p>\n","protected":false},"author":343,"featured_media":0,"parent":130,"menu_order":0,"comment_status":"closed","ping_status":"closed","template":"","meta":{"_acf_changed":false,"footnotes":""},"class_list":["post-371","page","type-page","status-publish","hentry"],"acf":[],"yoast_head":"<!-- This site is optimized with the Yoast SEO plugin v27.3 - https:\/\/yoast.com\/product\/yoast-seo-wordpress\/ -->\n<title>Oikeus vastustaa k\u00e4sittely\u00e4 - Oppimisanalytiikan riskiarvioty\u00f6kalu<\/title>\n<meta name=\"robots\" content=\"index, follow, max-snippet:-1, max-image-preview:large, max-video-preview:-1\" \/>\n<link rel=\"canonical\" href=\"https:\/\/blogs.uef.fi\/oppimisanalytiikanriskiarvio\/potentiaalisten-riskien-tunnistaminen\/i-kasittelyn-luonne\/oikeus-vastustaa-kasittelya\/\" \/>\n<meta property=\"og:locale\" content=\"fi_FI\" \/>\n<meta property=\"og:type\" content=\"article\" \/>\n<meta property=\"og:title\" content=\"Oikeus vastustaa k\u00e4sittely\u00e4 - Oppimisanalytiikan riskiarvioty\u00f6kalu\" \/>\n<meta property=\"og:description\" content=\"Oikeus vastustaa k\u00e4sittely\u00e4 Rekister\u00f6ity voi milloin tahansa vastustaa tietojensa k\u00e4sittely\u00e4, jos h\u00e4nell\u00e4 on siihen jokin h\u00e4nen henkil\u00f6kohtaiseen tilanteeseensa liittyv\u00e4 erityinen syy. Vastustaminen on mahdollista, jos rekisterinpit\u00e4j\u00e4 k\u00e4sittelee rekister\u00f6idyn tietoja yleisen edun tai julkisen vallan vuoksi tai oikeutetun etunsa perusteella. Oikeutta vastustaa k\u00e4sittely\u00e4 ei kuitenkaan ole, jos rekisterinpit\u00e4j\u00e4 voi osoittaa, ett\u00e4 k\u00e4sittelyyn on olemassa huomattavan t\u00e4rke\u00e4 [&hellip;]\" \/>\n<meta property=\"og:url\" content=\"https:\/\/blogs.uef.fi\/oppimisanalytiikanriskiarvio\/potentiaalisten-riskien-tunnistaminen\/i-kasittelyn-luonne\/oikeus-vastustaa-kasittelya\/\" \/>\n<meta property=\"og:site_name\" content=\"Oppimisanalytiikan riskiarvioty\u00f6kalu\" \/>\n<meta property=\"article:modified_time\" content=\"2023-09-18T11:34:18+00:00\" \/>\n<meta name=\"twitter:card\" content=\"summary_large_image\" \/>\n<meta name=\"twitter:label1\" content=\"Arvioitu lukuaika\" \/>\n\t<meta name=\"twitter:data1\" content=\"1 minuutti\" \/>\n<script type=\"application\/ld+json\" class=\"yoast-schema-graph\">{\"@context\":\"https:\\\/\\\/schema.org\",\"@graph\":[{\"@type\":\"WebPage\",\"@id\":\"https:\\\/\\\/blogs.uef.fi\\\/oppimisanalytiikanriskiarvio\\\/potentiaalisten-riskien-tunnistaminen\\\/i-kasittelyn-luonne\\\/oikeus-vastustaa-kasittelya\\\/\",\"url\":\"https:\\\/\\\/blogs.uef.fi\\\/oppimisanalytiikanriskiarvio\\\/potentiaalisten-riskien-tunnistaminen\\\/i-kasittelyn-luonne\\\/oikeus-vastustaa-kasittelya\\\/\",\"name\":\"Oikeus vastustaa k\u00e4sittely\u00e4 - Oppimisanalytiikan riskiarvioty\u00f6kalu\",\"isPartOf\":{\"@id\":\"https:\\\/\\\/blogs.uef.fi\\\/oppimisanalytiikanriskiarvio\\\/#website\"},\"datePublished\":\"2020-03-19T12:42:33+00:00\",\"dateModified\":\"2023-09-18T11:34:18+00:00\",\"breadcrumb\":{\"@id\":\"https:\\\/\\\/blogs.uef.fi\\\/oppimisanalytiikanriskiarvio\\\/potentiaalisten-riskien-tunnistaminen\\\/i-kasittelyn-luonne\\\/oikeus-vastustaa-kasittelya\\\/#breadcrumb\"},\"inLanguage\":\"fi\",\"potentialAction\":[{\"@type\":\"ReadAction\",\"target\":[\"https:\\\/\\\/blogs.uef.fi\\\/oppimisanalytiikanriskiarvio\\\/potentiaalisten-riskien-tunnistaminen\\\/i-kasittelyn-luonne\\\/oikeus-vastustaa-kasittelya\\\/\"]}]},{\"@type\":\"BreadcrumbList\",\"@id\":\"https:\\\/\\\/blogs.uef.fi\\\/oppimisanalytiikanriskiarvio\\\/potentiaalisten-riskien-tunnistaminen\\\/i-kasittelyn-luonne\\\/oikeus-vastustaa-kasittelya\\\/#breadcrumb\",\"itemListElement\":[{\"@type\":\"ListItem\",\"position\":1,\"name\":\"Home\",\"item\":\"https:\\\/\\\/blogs.uef.fi\\\/oppimisanalytiikanriskiarvio\\\/\"},{\"@type\":\"ListItem\",\"position\":2,\"name\":\"2. Potentiaalisten riskien tunnistaminen\",\"item\":\"https:\\\/\\\/blogs.uef.fi\\\/oppimisanalytiikanriskiarvio\\\/potentiaalisten-riskien-tunnistaminen\\\/\"},{\"@type\":\"ListItem\",\"position\":3,\"name\":\"I K\u00c4SITTELYN LUONNE\",\"item\":\"https:\\\/\\\/blogs.uef.fi\\\/oppimisanalytiikanriskiarvio\\\/potentiaalisten-riskien-tunnistaminen\\\/i-kasittelyn-luonne\\\/\"},{\"@type\":\"ListItem\",\"position\":4,\"name\":\"Oikeus vastustaa k\u00e4sittely\u00e4\"}]},{\"@type\":\"WebSite\",\"@id\":\"https:\\\/\\\/blogs.uef.fi\\\/oppimisanalytiikanriskiarvio\\\/#website\",\"url\":\"https:\\\/\\\/blogs.uef.fi\\\/oppimisanalytiikanriskiarvio\\\/\",\"name\":\"Oppimisanalytiikan riskiarvioty\u00f6kalu\",\"description\":\"\",\"potentialAction\":[{\"@type\":\"SearchAction\",\"target\":{\"@type\":\"EntryPoint\",\"urlTemplate\":\"https:\\\/\\\/blogs.uef.fi\\\/oppimisanalytiikanriskiarvio\\\/?s={search_term_string}\"},\"query-input\":{\"@type\":\"PropertyValueSpecification\",\"valueRequired\":true,\"valueName\":\"search_term_string\"}}],\"inLanguage\":\"fi\"}]}<\/script>\n<!-- \/ Yoast SEO plugin. -->","yoast_head_json":{"title":"Oikeus vastustaa k\u00e4sittely\u00e4 - Oppimisanalytiikan riskiarvioty\u00f6kalu","robots":{"index":"index","follow":"follow","max-snippet":"max-snippet:-1","max-image-preview":"max-image-preview:large","max-video-preview":"max-video-preview:-1"},"canonical":"https:\/\/blogs.uef.fi\/oppimisanalytiikanriskiarvio\/potentiaalisten-riskien-tunnistaminen\/i-kasittelyn-luonne\/oikeus-vastustaa-kasittelya\/","og_locale":"fi_FI","og_type":"article","og_title":"Oikeus vastustaa k\u00e4sittely\u00e4 - Oppimisanalytiikan riskiarvioty\u00f6kalu","og_description":"Oikeus vastustaa k\u00e4sittely\u00e4 Rekister\u00f6ity voi milloin tahansa vastustaa tietojensa k\u00e4sittely\u00e4, jos h\u00e4nell\u00e4 on siihen jokin h\u00e4nen henkil\u00f6kohtaiseen tilanteeseensa liittyv\u00e4 erityinen syy. Vastustaminen on mahdollista, jos rekisterinpit\u00e4j\u00e4 k\u00e4sittelee rekister\u00f6idyn tietoja yleisen edun tai julkisen vallan vuoksi tai oikeutetun etunsa perusteella. Oikeutta vastustaa k\u00e4sittely\u00e4 ei kuitenkaan ole, jos rekisterinpit\u00e4j\u00e4 voi osoittaa, ett\u00e4 k\u00e4sittelyyn on olemassa huomattavan t\u00e4rke\u00e4 [&hellip;]","og_url":"https:\/\/blogs.uef.fi\/oppimisanalytiikanriskiarvio\/potentiaalisten-riskien-tunnistaminen\/i-kasittelyn-luonne\/oikeus-vastustaa-kasittelya\/","og_site_name":"Oppimisanalytiikan riskiarvioty\u00f6kalu","article_modified_time":"2023-09-18T11:34:18+00:00","twitter_card":"summary_large_image","twitter_misc":{"Arvioitu lukuaika":"1 minuutti"},"schema":{"@context":"https:\/\/schema.org","@graph":[{"@type":"WebPage","@id":"https:\/\/blogs.uef.fi\/oppimisanalytiikanriskiarvio\/potentiaalisten-riskien-tunnistaminen\/i-kasittelyn-luonne\/oikeus-vastustaa-kasittelya\/","url":"https:\/\/blogs.uef.fi\/oppimisanalytiikanriskiarvio\/potentiaalisten-riskien-tunnistaminen\/i-kasittelyn-luonne\/oikeus-vastustaa-kasittelya\/","name":"Oikeus vastustaa k\u00e4sittely\u00e4 - Oppimisanalytiikan riskiarvioty\u00f6kalu","isPartOf":{"@id":"https:\/\/blogs.uef.fi\/oppimisanalytiikanriskiarvio\/#website"},"datePublished":"2020-03-19T12:42:33+00:00","dateModified":"2023-09-18T11:34:18+00:00","breadcrumb":{"@id":"https:\/\/blogs.uef.fi\/oppimisanalytiikanriskiarvio\/potentiaalisten-riskien-tunnistaminen\/i-kasittelyn-luonne\/oikeus-vastustaa-kasittelya\/#breadcrumb"},"inLanguage":"fi","potentialAction":[{"@type":"ReadAction","target":["https:\/\/blogs.uef.fi\/oppimisanalytiikanriskiarvio\/potentiaalisten-riskien-tunnistaminen\/i-kasittelyn-luonne\/oikeus-vastustaa-kasittelya\/"]}]},{"@type":"BreadcrumbList","@id":"https:\/\/blogs.uef.fi\/oppimisanalytiikanriskiarvio\/potentiaalisten-riskien-tunnistaminen\/i-kasittelyn-luonne\/oikeus-vastustaa-kasittelya\/#breadcrumb","itemListElement":[{"@type":"ListItem","position":1,"name":"Home","item":"https:\/\/blogs.uef.fi\/oppimisanalytiikanriskiarvio\/"},{"@type":"ListItem","position":2,"name":"2. Potentiaalisten riskien tunnistaminen","item":"https:\/\/blogs.uef.fi\/oppimisanalytiikanriskiarvio\/potentiaalisten-riskien-tunnistaminen\/"},{"@type":"ListItem","position":3,"name":"I K\u00c4SITTELYN LUONNE","item":"https:\/\/blogs.uef.fi\/oppimisanalytiikanriskiarvio\/potentiaalisten-riskien-tunnistaminen\/i-kasittelyn-luonne\/"},{"@type":"ListItem","position":4,"name":"Oikeus vastustaa k\u00e4sittely\u00e4"}]},{"@type":"WebSite","@id":"https:\/\/blogs.uef.fi\/oppimisanalytiikanriskiarvio\/#website","url":"https:\/\/blogs.uef.fi\/oppimisanalytiikanriskiarvio\/","name":"Oppimisanalytiikan riskiarvioty\u00f6kalu","description":"","potentialAction":[{"@type":"SearchAction","target":{"@type":"EntryPoint","urlTemplate":"https:\/\/blogs.uef.fi\/oppimisanalytiikanriskiarvio\/?s={search_term_string}"},"query-input":{"@type":"PropertyValueSpecification","valueRequired":true,"valueName":"search_term_string"}}],"inLanguage":"fi"}]}},"_links":{"self":[{"href":"https:\/\/blogs.uef.fi\/oppimisanalytiikanriskiarvio\/wp-json\/wp\/v2\/pages\/371","targetHints":{"allow":["GET"]}}],"collection":[{"href":"https:\/\/blogs.uef.fi\/oppimisanalytiikanriskiarvio\/wp-json\/wp\/v2\/pages"}],"about":[{"href":"https:\/\/blogs.uef.fi\/oppimisanalytiikanriskiarvio\/wp-json\/wp\/v2\/types\/page"}],"author":[{"embeddable":true,"href":"https:\/\/blogs.uef.fi\/oppimisanalytiikanriskiarvio\/wp-json\/wp\/v2\/users\/343"}],"replies":[{"embeddable":true,"href":"https:\/\/blogs.uef.fi\/oppimisanalytiikanriskiarvio\/wp-json\/wp\/v2\/comments?post=371"}],"version-history":[{"count":2,"href":"https:\/\/blogs.uef.fi\/oppimisanalytiikanriskiarvio\/wp-json\/wp\/v2\/pages\/371\/revisions"}],"predecessor-version":[{"id":1158,"href":"https:\/\/blogs.uef.fi\/oppimisanalytiikanriskiarvio\/wp-json\/wp\/v2\/pages\/371\/revisions\/1158"}],"up":[{"embeddable":true,"href":"https:\/\/blogs.uef.fi\/oppimisanalytiikanriskiarvio\/wp-json\/wp\/v2\/pages\/130"}],"wp:attachment":[{"href":"https:\/\/blogs.uef.fi\/oppimisanalytiikanriskiarvio\/wp-json\/wp\/v2\/media?parent=371"}],"curies":[{"name":"wp","href":"https:\/\/api.w.org\/{rel}","templated":true}]}}