{"id":365,"date":"2020-03-19T12:40:48","date_gmt":"2020-03-19T12:40:48","guid":{"rendered":"https:\/\/blogs.uef.fi\/oppimisanalytiikanriskiarvio\/?page_id=365"},"modified":"2023-09-18T14:33:56","modified_gmt":"2023-09-18T11:33:56","slug":"oikeus-tutustua-tietoihinsa","status":"publish","type":"page","link":"https:\/\/blogs.uef.fi\/oppimisanalytiikanriskiarvio\/potentiaalisten-riskien-tunnistaminen\/i-kasittelyn-luonne\/oikeus-tutustua-tietoihinsa\/","title":{"rendered":"Oikeus tutustua tietoihinsa"},"content":{"rendered":"\n<h1 class=\"wp-block-heading\">Oikeus tutustua tietoihinsa<\/h1>\n\n\n\n<p>Tietosuoja-asetus edellytt\u00e4\u00e4, ett\u00e4 tiedot on toimitettava kirjallisesti tai muulla tavoin ja tapauksen mukaan s\u00e4hk\u00f6isess\u00e4 muodossa. Asetuksessa ei kuitenkaan s\u00e4\u00e4det\u00e4 yhdest\u00e4 tietyst\u00e4 muodosta (esim. selosteesta), jolla t\u00e4t\u00e4 oikeutta on turvattava.<\/p>\n\n\n\n<ul class=\"wp-block-list\">\n<li>Tieto ei&nbsp; ole vain saatavilla, vaan oikeasti ymm\u00e4rrett\u00e4v\u00e4ss\u00e4, tiiviiss\u00e4 ja selke\u00e4ss\u00e4 muodossa<\/li>\n\n\n\n<li>Rekister\u00f6idyn on saatava kaikki henkil\u00f6tietojen k\u00e4sittely\u00e4 koskevat tiedot tiiviisti esitetyss\u00e4, l\u00e4pin\u00e4kyv\u00e4ss\u00e4, helposti ymm\u00e4rrett\u00e4v\u00e4ss\u00e4 ja saatavilla olevassa muodossa.<\/li>\n\n\n\n<li>Tiedot voidaan tarjota esim. s\u00e4hk\u00f6postilla, itnernetsivustolla tai postitse kirjeen\u00e4. Rekisterinpit\u00e4j\u00e4n ja rekister\u00f6idyn v\u00e4linen suhde ja se, mit\u00e4 viestint\u00e4tapaa on yleens\u00e4 k\u00e4ytetty, vaikuttaa siihen, millaista viestint\u00e4tapaa tilanteessa k\u00e4ytet\u00e4\u00e4n. \u201dRiitt\u00e4v\u00e4\u00e4 tasoa\u201d on siten arvioitava n\u00e4it\u00e4 seikkoja vasten.<\/li>\n\n\n\n<li>Jos oppimisanalytiikassa k\u00e4ytet\u00e4\u00e4n esim. profilointia, rekister\u00f6idyll\u00e4 on oikeus saada tietoa henkil\u00f6tietojen k\u00e4sittelyn logiikasta sek\u00e4 k\u00e4sittelyn mahdollisista seurauksista.<\/li>\n<\/ul>\n","protected":false},"excerpt":{"rendered":"<p>Oikeus tutustua tietoihinsa Tietosuoja-asetus edellytt\u00e4\u00e4, ett\u00e4 tiedot on toimitettava kirjallisesti tai muulla tavoin ja tapauksen mukaan s\u00e4hk\u00f6isess\u00e4 muodossa. Asetuksessa ei kuitenkaan s\u00e4\u00e4det\u00e4 yhdest\u00e4 tietyst\u00e4 muodosta (esim. selosteesta), jolla t\u00e4t\u00e4 oikeutta on turvattava.<\/p>\n","protected":false},"author":343,"featured_media":0,"parent":130,"menu_order":0,"comment_status":"closed","ping_status":"closed","template":"","meta":{"_acf_changed":false,"footnotes":""},"class_list":["post-365","page","type-page","status-publish","hentry"],"acf":[],"yoast_head":"<!-- This site is optimized with the Yoast SEO plugin v27.1.1 - https:\/\/yoast.com\/product\/yoast-seo-wordpress\/ -->\n<title>Oikeus tutustua tietoihinsa - Oppimisanalytiikan riskiarvioty\u00f6kalu<\/title>\n<meta name=\"robots\" content=\"index, follow, max-snippet:-1, max-image-preview:large, max-video-preview:-1\" \/>\n<link rel=\"canonical\" href=\"https:\/\/blogs.uef.fi\/oppimisanalytiikanriskiarvio\/potentiaalisten-riskien-tunnistaminen\/i-kasittelyn-luonne\/oikeus-tutustua-tietoihinsa\/\" \/>\n<meta property=\"og:locale\" content=\"fi_FI\" \/>\n<meta property=\"og:type\" content=\"article\" \/>\n<meta property=\"og:title\" content=\"Oikeus tutustua tietoihinsa - Oppimisanalytiikan riskiarvioty\u00f6kalu\" \/>\n<meta property=\"og:description\" content=\"Oikeus tutustua tietoihinsa Tietosuoja-asetus edellytt\u00e4\u00e4, ett\u00e4 tiedot on toimitettava kirjallisesti tai muulla tavoin ja tapauksen mukaan s\u00e4hk\u00f6isess\u00e4 muodossa. Asetuksessa ei kuitenkaan s\u00e4\u00e4det\u00e4 yhdest\u00e4 tietyst\u00e4 muodosta (esim. selosteesta), jolla t\u00e4t\u00e4 oikeutta on turvattava.\" \/>\n<meta property=\"og:url\" content=\"https:\/\/blogs.uef.fi\/oppimisanalytiikanriskiarvio\/potentiaalisten-riskien-tunnistaminen\/i-kasittelyn-luonne\/oikeus-tutustua-tietoihinsa\/\" \/>\n<meta property=\"og:site_name\" content=\"Oppimisanalytiikan riskiarvioty\u00f6kalu\" \/>\n<meta property=\"article:modified_time\" content=\"2023-09-18T11:33:56+00:00\" \/>\n<meta name=\"twitter:card\" content=\"summary_large_image\" \/>\n<meta name=\"twitter:label1\" content=\"Arvioitu lukuaika\" \/>\n\t<meta name=\"twitter:data1\" content=\"1 minuutti\" \/>\n<script type=\"application\/ld+json\" class=\"yoast-schema-graph\">{\"@context\":\"https:\/\/schema.org\",\"@graph\":[{\"@type\":\"WebPage\",\"@id\":\"https:\/\/blogs.uef.fi\/oppimisanalytiikanriskiarvio\/potentiaalisten-riskien-tunnistaminen\/i-kasittelyn-luonne\/oikeus-tutustua-tietoihinsa\/\",\"url\":\"https:\/\/blogs.uef.fi\/oppimisanalytiikanriskiarvio\/potentiaalisten-riskien-tunnistaminen\/i-kasittelyn-luonne\/oikeus-tutustua-tietoihinsa\/\",\"name\":\"Oikeus tutustua tietoihinsa - Oppimisanalytiikan riskiarvioty\u00f6kalu\",\"isPartOf\":{\"@id\":\"https:\/\/blogs.uef.fi\/oppimisanalytiikanriskiarvio\/#website\"},\"datePublished\":\"2020-03-19T12:40:48+00:00\",\"dateModified\":\"2023-09-18T11:33:56+00:00\",\"breadcrumb\":{\"@id\":\"https:\/\/blogs.uef.fi\/oppimisanalytiikanriskiarvio\/potentiaalisten-riskien-tunnistaminen\/i-kasittelyn-luonne\/oikeus-tutustua-tietoihinsa\/#breadcrumb\"},\"inLanguage\":\"fi\",\"potentialAction\":[{\"@type\":\"ReadAction\",\"target\":[\"https:\/\/blogs.uef.fi\/oppimisanalytiikanriskiarvio\/potentiaalisten-riskien-tunnistaminen\/i-kasittelyn-luonne\/oikeus-tutustua-tietoihinsa\/\"]}]},{\"@type\":\"BreadcrumbList\",\"@id\":\"https:\/\/blogs.uef.fi\/oppimisanalytiikanriskiarvio\/potentiaalisten-riskien-tunnistaminen\/i-kasittelyn-luonne\/oikeus-tutustua-tietoihinsa\/#breadcrumb\",\"itemListElement\":[{\"@type\":\"ListItem\",\"position\":1,\"name\":\"Home\",\"item\":\"https:\/\/blogs.uef.fi\/oppimisanalytiikanriskiarvio\/\"},{\"@type\":\"ListItem\",\"position\":2,\"name\":\"2. Potentiaalisten riskien tunnistaminen\",\"item\":\"https:\/\/blogs.uef.fi\/oppimisanalytiikanriskiarvio\/potentiaalisten-riskien-tunnistaminen\/\"},{\"@type\":\"ListItem\",\"position\":3,\"name\":\"I K\u00c4SITTELYN LUONNE\",\"item\":\"https:\/\/blogs.uef.fi\/oppimisanalytiikanriskiarvio\/potentiaalisten-riskien-tunnistaminen\/i-kasittelyn-luonne\/\"},{\"@type\":\"ListItem\",\"position\":4,\"name\":\"Oikeus tutustua tietoihinsa\"}]},{\"@type\":\"WebSite\",\"@id\":\"https:\/\/blogs.uef.fi\/oppimisanalytiikanriskiarvio\/#website\",\"url\":\"https:\/\/blogs.uef.fi\/oppimisanalytiikanriskiarvio\/\",\"name\":\"Oppimisanalytiikan riskiarvioty\u00f6kalu\",\"description\":\"\",\"potentialAction\":[{\"@type\":\"SearchAction\",\"target\":{\"@type\":\"EntryPoint\",\"urlTemplate\":\"https:\/\/blogs.uef.fi\/oppimisanalytiikanriskiarvio\/?s={search_term_string}\"},\"query-input\":{\"@type\":\"PropertyValueSpecification\",\"valueRequired\":true,\"valueName\":\"search_term_string\"}}],\"inLanguage\":\"fi\"}]}<\/script>\n<!-- \/ Yoast SEO plugin. -->","yoast_head_json":{"title":"Oikeus tutustua tietoihinsa - Oppimisanalytiikan riskiarvioty\u00f6kalu","robots":{"index":"index","follow":"follow","max-snippet":"max-snippet:-1","max-image-preview":"max-image-preview:large","max-video-preview":"max-video-preview:-1"},"canonical":"https:\/\/blogs.uef.fi\/oppimisanalytiikanriskiarvio\/potentiaalisten-riskien-tunnistaminen\/i-kasittelyn-luonne\/oikeus-tutustua-tietoihinsa\/","og_locale":"fi_FI","og_type":"article","og_title":"Oikeus tutustua tietoihinsa - Oppimisanalytiikan riskiarvioty\u00f6kalu","og_description":"Oikeus tutustua tietoihinsa Tietosuoja-asetus edellytt\u00e4\u00e4, ett\u00e4 tiedot on toimitettava kirjallisesti tai muulla tavoin ja tapauksen mukaan s\u00e4hk\u00f6isess\u00e4 muodossa. Asetuksessa ei kuitenkaan s\u00e4\u00e4det\u00e4 yhdest\u00e4 tietyst\u00e4 muodosta (esim. selosteesta), jolla t\u00e4t\u00e4 oikeutta on turvattava.","og_url":"https:\/\/blogs.uef.fi\/oppimisanalytiikanriskiarvio\/potentiaalisten-riskien-tunnistaminen\/i-kasittelyn-luonne\/oikeus-tutustua-tietoihinsa\/","og_site_name":"Oppimisanalytiikan riskiarvioty\u00f6kalu","article_modified_time":"2023-09-18T11:33:56+00:00","twitter_card":"summary_large_image","twitter_misc":{"Arvioitu lukuaika":"1 minuutti"},"schema":{"@context":"https:\/\/schema.org","@graph":[{"@type":"WebPage","@id":"https:\/\/blogs.uef.fi\/oppimisanalytiikanriskiarvio\/potentiaalisten-riskien-tunnistaminen\/i-kasittelyn-luonne\/oikeus-tutustua-tietoihinsa\/","url":"https:\/\/blogs.uef.fi\/oppimisanalytiikanriskiarvio\/potentiaalisten-riskien-tunnistaminen\/i-kasittelyn-luonne\/oikeus-tutustua-tietoihinsa\/","name":"Oikeus tutustua tietoihinsa - Oppimisanalytiikan riskiarvioty\u00f6kalu","isPartOf":{"@id":"https:\/\/blogs.uef.fi\/oppimisanalytiikanriskiarvio\/#website"},"datePublished":"2020-03-19T12:40:48+00:00","dateModified":"2023-09-18T11:33:56+00:00","breadcrumb":{"@id":"https:\/\/blogs.uef.fi\/oppimisanalytiikanriskiarvio\/potentiaalisten-riskien-tunnistaminen\/i-kasittelyn-luonne\/oikeus-tutustua-tietoihinsa\/#breadcrumb"},"inLanguage":"fi","potentialAction":[{"@type":"ReadAction","target":["https:\/\/blogs.uef.fi\/oppimisanalytiikanriskiarvio\/potentiaalisten-riskien-tunnistaminen\/i-kasittelyn-luonne\/oikeus-tutustua-tietoihinsa\/"]}]},{"@type":"BreadcrumbList","@id":"https:\/\/blogs.uef.fi\/oppimisanalytiikanriskiarvio\/potentiaalisten-riskien-tunnistaminen\/i-kasittelyn-luonne\/oikeus-tutustua-tietoihinsa\/#breadcrumb","itemListElement":[{"@type":"ListItem","position":1,"name":"Home","item":"https:\/\/blogs.uef.fi\/oppimisanalytiikanriskiarvio\/"},{"@type":"ListItem","position":2,"name":"2. Potentiaalisten riskien tunnistaminen","item":"https:\/\/blogs.uef.fi\/oppimisanalytiikanriskiarvio\/potentiaalisten-riskien-tunnistaminen\/"},{"@type":"ListItem","position":3,"name":"I K\u00c4SITTELYN LUONNE","item":"https:\/\/blogs.uef.fi\/oppimisanalytiikanriskiarvio\/potentiaalisten-riskien-tunnistaminen\/i-kasittelyn-luonne\/"},{"@type":"ListItem","position":4,"name":"Oikeus tutustua tietoihinsa"}]},{"@type":"WebSite","@id":"https:\/\/blogs.uef.fi\/oppimisanalytiikanriskiarvio\/#website","url":"https:\/\/blogs.uef.fi\/oppimisanalytiikanriskiarvio\/","name":"Oppimisanalytiikan riskiarvioty\u00f6kalu","description":"","potentialAction":[{"@type":"SearchAction","target":{"@type":"EntryPoint","urlTemplate":"https:\/\/blogs.uef.fi\/oppimisanalytiikanriskiarvio\/?s={search_term_string}"},"query-input":{"@type":"PropertyValueSpecification","valueRequired":true,"valueName":"search_term_string"}}],"inLanguage":"fi"}]}},"_links":{"self":[{"href":"https:\/\/blogs.uef.fi\/oppimisanalytiikanriskiarvio\/wp-json\/wp\/v2\/pages\/365","targetHints":{"allow":["GET"]}}],"collection":[{"href":"https:\/\/blogs.uef.fi\/oppimisanalytiikanriskiarvio\/wp-json\/wp\/v2\/pages"}],"about":[{"href":"https:\/\/blogs.uef.fi\/oppimisanalytiikanriskiarvio\/wp-json\/wp\/v2\/types\/page"}],"author":[{"embeddable":true,"href":"https:\/\/blogs.uef.fi\/oppimisanalytiikanriskiarvio\/wp-json\/wp\/v2\/users\/343"}],"replies":[{"embeddable":true,"href":"https:\/\/blogs.uef.fi\/oppimisanalytiikanriskiarvio\/wp-json\/wp\/v2\/comments?post=365"}],"version-history":[{"count":2,"href":"https:\/\/blogs.uef.fi\/oppimisanalytiikanriskiarvio\/wp-json\/wp\/v2\/pages\/365\/revisions"}],"predecessor-version":[{"id":1155,"href":"https:\/\/blogs.uef.fi\/oppimisanalytiikanriskiarvio\/wp-json\/wp\/v2\/pages\/365\/revisions\/1155"}],"up":[{"embeddable":true,"href":"https:\/\/blogs.uef.fi\/oppimisanalytiikanriskiarvio\/wp-json\/wp\/v2\/pages\/130"}],"wp:attachment":[{"href":"https:\/\/blogs.uef.fi\/oppimisanalytiikanriskiarvio\/wp-json\/wp\/v2\/media?parent=365"}],"curies":[{"name":"wp","href":"https:\/\/api.w.org\/{rel}","templated":true}]}}