{"id":287,"date":"2020-03-19T12:09:42","date_gmt":"2020-03-19T12:09:42","guid":{"rendered":"https:\/\/blogs.uef.fi\/oppimisanalytiikanriskiarvio\/?page_id=287"},"modified":"2023-09-18T14:34:36","modified_gmt":"2023-09-18T11:34:36","slug":"salassa-pidettavat-tiedot","status":"publish","type":"page","link":"https:\/\/blogs.uef.fi\/oppimisanalytiikanriskiarvio\/potentiaalisten-riskien-tunnistaminen\/i-kasittelyn-luonne\/salassa-pidettavat-tiedot\/","title":{"rendered":"Salassa pidett\u00e4v\u00e4t tiedot"},"content":{"rendered":"\n<h1 class=\"wp-block-heading\">Salassa pidett\u00e4v\u00e4t tiedot<\/h1>\n\n\n\n<p>Salassa pidett\u00e4vi\u00e4 tietoja ovat mm. opiskelijan koesuoritus; todistukset ja muut asiakirjat, jotka sis\u00e4lt\u00e4v\u00e4t opiskelijan henkil\u00f6kohtaisten ominaisuuksien sanallista arviointia, henkil\u00f6lle suoritettu psykologinen testi, soveltuvuuskoe tai n\u00e4iden tulos; tiedot opiskelijan elintavoista; tutkimussuunnitelma; salassa pidett\u00e4v\u00e4t yhteystiedot<\/p>\n\n\n\n<p>Julkisuuslain 24.1 \u00a7:n 21 kohdan mukaan salassa pidett\u00e4vi\u00e4 ovat asiakirjat, jotka koskevat opinn\u00e4ytety\u00f6n tai tieteellisen tutkimuksen suunnitelmaa tai perusaineistoa taikka teknologista tai muuta kehitt\u00e4misty\u00f6t\u00e4 tai niiden arviointia, jollei ole ilmeist\u00e4, ett\u00e4 tiedon antaminen niist\u00e4 ei aiheuta opinn\u00e4ytety\u00f6n, tutkimuksen tai kehitt\u00e4misty\u00f6n suorittamiselle taikka niiden hy\u00f6dynt\u00e4miselle tai sen asianmukaiselle arvioinnille tai tutkijalle taikka tutkimuksen tai kehitt\u00e4misty\u00f6n toimeksiantajalle haittaa.<\/p>\n\n\n\n<p>Ks. <a href=\"https:\/\/www.edilex.fi\/artikkelit\/20064\" target=\"_blank\" rel=\"noopener noreferrer\">Oulin ja Voutilaisen (2019) artikkelista<\/a> lis\u00e4\u00e4, kohta 2.3 Salassapidett\u00e4v\u00e4t tiedot.<\/p>\n","protected":false},"excerpt":{"rendered":"<p>Salassa pidett\u00e4v\u00e4t tiedot Salassa pidett\u00e4vi\u00e4 tietoja ovat mm. opiskelijan koesuoritus; todistukset ja muut asiakirjat, jotka sis\u00e4lt\u00e4v\u00e4t opiskelijan henkil\u00f6kohtaisten ominaisuuksien sanallista arviointia, henkil\u00f6lle suoritettu psykologinen testi, soveltuvuuskoe tai n\u00e4iden tulos; tiedot opiskelijan elintavoista; tutkimussuunnitelma; salassa pidett\u00e4v\u00e4t yhteystiedot Julkisuuslain 24.1 \u00a7:n 21 kohdan mukaan salassa pidett\u00e4vi\u00e4 ovat asiakirjat, jotka koskevat opinn\u00e4ytety\u00f6n tai tieteellisen tutkimuksen suunnitelmaa tai perusaineistoa [&hellip;]<\/p>\n","protected":false},"author":343,"featured_media":0,"parent":130,"menu_order":0,"comment_status":"closed","ping_status":"closed","template":"","meta":{"_acf_changed":false,"footnotes":""},"class_list":["post-287","page","type-page","status-publish","hentry"],"acf":[],"yoast_head":"<!-- This site is optimized with the Yoast SEO plugin v27.3 - https:\/\/yoast.com\/product\/yoast-seo-wordpress\/ -->\n<title>Salassa pidett\u00e4v\u00e4t tiedot - Oppimisanalytiikan riskiarvioty\u00f6kalu<\/title>\n<meta name=\"robots\" content=\"index, follow, max-snippet:-1, max-image-preview:large, max-video-preview:-1\" \/>\n<link rel=\"canonical\" href=\"https:\/\/blogs.uef.fi\/oppimisanalytiikanriskiarvio\/potentiaalisten-riskien-tunnistaminen\/i-kasittelyn-luonne\/salassa-pidettavat-tiedot\/\" \/>\n<meta property=\"og:locale\" content=\"fi_FI\" \/>\n<meta property=\"og:type\" content=\"article\" \/>\n<meta property=\"og:title\" content=\"Salassa pidett\u00e4v\u00e4t tiedot - Oppimisanalytiikan riskiarvioty\u00f6kalu\" \/>\n<meta property=\"og:description\" content=\"Salassa pidett\u00e4v\u00e4t tiedot Salassa pidett\u00e4vi\u00e4 tietoja ovat mm. opiskelijan koesuoritus; todistukset ja muut asiakirjat, jotka sis\u00e4lt\u00e4v\u00e4t opiskelijan henkil\u00f6kohtaisten ominaisuuksien sanallista arviointia, henkil\u00f6lle suoritettu psykologinen testi, soveltuvuuskoe tai n\u00e4iden tulos; tiedot opiskelijan elintavoista; tutkimussuunnitelma; salassa pidett\u00e4v\u00e4t yhteystiedot Julkisuuslain 24.1 \u00a7:n 21 kohdan mukaan salassa pidett\u00e4vi\u00e4 ovat asiakirjat, jotka koskevat opinn\u00e4ytety\u00f6n tai tieteellisen tutkimuksen suunnitelmaa tai perusaineistoa [&hellip;]\" \/>\n<meta property=\"og:url\" content=\"https:\/\/blogs.uef.fi\/oppimisanalytiikanriskiarvio\/potentiaalisten-riskien-tunnistaminen\/i-kasittelyn-luonne\/salassa-pidettavat-tiedot\/\" \/>\n<meta property=\"og:site_name\" content=\"Oppimisanalytiikan riskiarvioty\u00f6kalu\" \/>\n<meta property=\"article:modified_time\" content=\"2023-09-18T11:34:36+00:00\" \/>\n<meta name=\"twitter:card\" content=\"summary_large_image\" \/>\n<meta name=\"twitter:label1\" content=\"Arvioitu lukuaika\" \/>\n\t<meta name=\"twitter:data1\" content=\"1 minuutti\" \/>\n<script type=\"application\/ld+json\" class=\"yoast-schema-graph\">{\"@context\":\"https:\\\/\\\/schema.org\",\"@graph\":[{\"@type\":\"WebPage\",\"@id\":\"https:\\\/\\\/blogs.uef.fi\\\/oppimisanalytiikanriskiarvio\\\/potentiaalisten-riskien-tunnistaminen\\\/i-kasittelyn-luonne\\\/salassa-pidettavat-tiedot\\\/\",\"url\":\"https:\\\/\\\/blogs.uef.fi\\\/oppimisanalytiikanriskiarvio\\\/potentiaalisten-riskien-tunnistaminen\\\/i-kasittelyn-luonne\\\/salassa-pidettavat-tiedot\\\/\",\"name\":\"Salassa pidett\u00e4v\u00e4t tiedot - Oppimisanalytiikan riskiarvioty\u00f6kalu\",\"isPartOf\":{\"@id\":\"https:\\\/\\\/blogs.uef.fi\\\/oppimisanalytiikanriskiarvio\\\/#website\"},\"datePublished\":\"2020-03-19T12:09:42+00:00\",\"dateModified\":\"2023-09-18T11:34:36+00:00\",\"breadcrumb\":{\"@id\":\"https:\\\/\\\/blogs.uef.fi\\\/oppimisanalytiikanriskiarvio\\\/potentiaalisten-riskien-tunnistaminen\\\/i-kasittelyn-luonne\\\/salassa-pidettavat-tiedot\\\/#breadcrumb\"},\"inLanguage\":\"fi\",\"potentialAction\":[{\"@type\":\"ReadAction\",\"target\":[\"https:\\\/\\\/blogs.uef.fi\\\/oppimisanalytiikanriskiarvio\\\/potentiaalisten-riskien-tunnistaminen\\\/i-kasittelyn-luonne\\\/salassa-pidettavat-tiedot\\\/\"]}]},{\"@type\":\"BreadcrumbList\",\"@id\":\"https:\\\/\\\/blogs.uef.fi\\\/oppimisanalytiikanriskiarvio\\\/potentiaalisten-riskien-tunnistaminen\\\/i-kasittelyn-luonne\\\/salassa-pidettavat-tiedot\\\/#breadcrumb\",\"itemListElement\":[{\"@type\":\"ListItem\",\"position\":1,\"name\":\"Home\",\"item\":\"https:\\\/\\\/blogs.uef.fi\\\/oppimisanalytiikanriskiarvio\\\/\"},{\"@type\":\"ListItem\",\"position\":2,\"name\":\"2. Potentiaalisten riskien tunnistaminen\",\"item\":\"https:\\\/\\\/blogs.uef.fi\\\/oppimisanalytiikanriskiarvio\\\/potentiaalisten-riskien-tunnistaminen\\\/\"},{\"@type\":\"ListItem\",\"position\":3,\"name\":\"I K\u00c4SITTELYN LUONNE\",\"item\":\"https:\\\/\\\/blogs.uef.fi\\\/oppimisanalytiikanriskiarvio\\\/potentiaalisten-riskien-tunnistaminen\\\/i-kasittelyn-luonne\\\/\"},{\"@type\":\"ListItem\",\"position\":4,\"name\":\"Salassa pidett\u00e4v\u00e4t tiedot\"}]},{\"@type\":\"WebSite\",\"@id\":\"https:\\\/\\\/blogs.uef.fi\\\/oppimisanalytiikanriskiarvio\\\/#website\",\"url\":\"https:\\\/\\\/blogs.uef.fi\\\/oppimisanalytiikanriskiarvio\\\/\",\"name\":\"Oppimisanalytiikan riskiarvioty\u00f6kalu\",\"description\":\"\",\"potentialAction\":[{\"@type\":\"SearchAction\",\"target\":{\"@type\":\"EntryPoint\",\"urlTemplate\":\"https:\\\/\\\/blogs.uef.fi\\\/oppimisanalytiikanriskiarvio\\\/?s={search_term_string}\"},\"query-input\":{\"@type\":\"PropertyValueSpecification\",\"valueRequired\":true,\"valueName\":\"search_term_string\"}}],\"inLanguage\":\"fi\"}]}<\/script>\n<!-- \/ Yoast SEO plugin. -->","yoast_head_json":{"title":"Salassa pidett\u00e4v\u00e4t tiedot - Oppimisanalytiikan riskiarvioty\u00f6kalu","robots":{"index":"index","follow":"follow","max-snippet":"max-snippet:-1","max-image-preview":"max-image-preview:large","max-video-preview":"max-video-preview:-1"},"canonical":"https:\/\/blogs.uef.fi\/oppimisanalytiikanriskiarvio\/potentiaalisten-riskien-tunnistaminen\/i-kasittelyn-luonne\/salassa-pidettavat-tiedot\/","og_locale":"fi_FI","og_type":"article","og_title":"Salassa pidett\u00e4v\u00e4t tiedot - Oppimisanalytiikan riskiarvioty\u00f6kalu","og_description":"Salassa pidett\u00e4v\u00e4t tiedot Salassa pidett\u00e4vi\u00e4 tietoja ovat mm. opiskelijan koesuoritus; todistukset ja muut asiakirjat, jotka sis\u00e4lt\u00e4v\u00e4t opiskelijan henkil\u00f6kohtaisten ominaisuuksien sanallista arviointia, henkil\u00f6lle suoritettu psykologinen testi, soveltuvuuskoe tai n\u00e4iden tulos; tiedot opiskelijan elintavoista; tutkimussuunnitelma; salassa pidett\u00e4v\u00e4t yhteystiedot Julkisuuslain 24.1 \u00a7:n 21 kohdan mukaan salassa pidett\u00e4vi\u00e4 ovat asiakirjat, jotka koskevat opinn\u00e4ytety\u00f6n tai tieteellisen tutkimuksen suunnitelmaa tai perusaineistoa [&hellip;]","og_url":"https:\/\/blogs.uef.fi\/oppimisanalytiikanriskiarvio\/potentiaalisten-riskien-tunnistaminen\/i-kasittelyn-luonne\/salassa-pidettavat-tiedot\/","og_site_name":"Oppimisanalytiikan riskiarvioty\u00f6kalu","article_modified_time":"2023-09-18T11:34:36+00:00","twitter_card":"summary_large_image","twitter_misc":{"Arvioitu lukuaika":"1 minuutti"},"schema":{"@context":"https:\/\/schema.org","@graph":[{"@type":"WebPage","@id":"https:\/\/blogs.uef.fi\/oppimisanalytiikanriskiarvio\/potentiaalisten-riskien-tunnistaminen\/i-kasittelyn-luonne\/salassa-pidettavat-tiedot\/","url":"https:\/\/blogs.uef.fi\/oppimisanalytiikanriskiarvio\/potentiaalisten-riskien-tunnistaminen\/i-kasittelyn-luonne\/salassa-pidettavat-tiedot\/","name":"Salassa pidett\u00e4v\u00e4t tiedot - Oppimisanalytiikan riskiarvioty\u00f6kalu","isPartOf":{"@id":"https:\/\/blogs.uef.fi\/oppimisanalytiikanriskiarvio\/#website"},"datePublished":"2020-03-19T12:09:42+00:00","dateModified":"2023-09-18T11:34:36+00:00","breadcrumb":{"@id":"https:\/\/blogs.uef.fi\/oppimisanalytiikanriskiarvio\/potentiaalisten-riskien-tunnistaminen\/i-kasittelyn-luonne\/salassa-pidettavat-tiedot\/#breadcrumb"},"inLanguage":"fi","potentialAction":[{"@type":"ReadAction","target":["https:\/\/blogs.uef.fi\/oppimisanalytiikanriskiarvio\/potentiaalisten-riskien-tunnistaminen\/i-kasittelyn-luonne\/salassa-pidettavat-tiedot\/"]}]},{"@type":"BreadcrumbList","@id":"https:\/\/blogs.uef.fi\/oppimisanalytiikanriskiarvio\/potentiaalisten-riskien-tunnistaminen\/i-kasittelyn-luonne\/salassa-pidettavat-tiedot\/#breadcrumb","itemListElement":[{"@type":"ListItem","position":1,"name":"Home","item":"https:\/\/blogs.uef.fi\/oppimisanalytiikanriskiarvio\/"},{"@type":"ListItem","position":2,"name":"2. Potentiaalisten riskien tunnistaminen","item":"https:\/\/blogs.uef.fi\/oppimisanalytiikanriskiarvio\/potentiaalisten-riskien-tunnistaminen\/"},{"@type":"ListItem","position":3,"name":"I K\u00c4SITTELYN LUONNE","item":"https:\/\/blogs.uef.fi\/oppimisanalytiikanriskiarvio\/potentiaalisten-riskien-tunnistaminen\/i-kasittelyn-luonne\/"},{"@type":"ListItem","position":4,"name":"Salassa pidett\u00e4v\u00e4t tiedot"}]},{"@type":"WebSite","@id":"https:\/\/blogs.uef.fi\/oppimisanalytiikanriskiarvio\/#website","url":"https:\/\/blogs.uef.fi\/oppimisanalytiikanriskiarvio\/","name":"Oppimisanalytiikan riskiarvioty\u00f6kalu","description":"","potentialAction":[{"@type":"SearchAction","target":{"@type":"EntryPoint","urlTemplate":"https:\/\/blogs.uef.fi\/oppimisanalytiikanriskiarvio\/?s={search_term_string}"},"query-input":{"@type":"PropertyValueSpecification","valueRequired":true,"valueName":"search_term_string"}}],"inLanguage":"fi"}]}},"_links":{"self":[{"href":"https:\/\/blogs.uef.fi\/oppimisanalytiikanriskiarvio\/wp-json\/wp\/v2\/pages\/287","targetHints":{"allow":["GET"]}}],"collection":[{"href":"https:\/\/blogs.uef.fi\/oppimisanalytiikanriskiarvio\/wp-json\/wp\/v2\/pages"}],"about":[{"href":"https:\/\/blogs.uef.fi\/oppimisanalytiikanriskiarvio\/wp-json\/wp\/v2\/types\/page"}],"author":[{"embeddable":true,"href":"https:\/\/blogs.uef.fi\/oppimisanalytiikanriskiarvio\/wp-json\/wp\/v2\/users\/343"}],"replies":[{"embeddable":true,"href":"https:\/\/blogs.uef.fi\/oppimisanalytiikanriskiarvio\/wp-json\/wp\/v2\/comments?post=287"}],"version-history":[{"count":2,"href":"https:\/\/blogs.uef.fi\/oppimisanalytiikanriskiarvio\/wp-json\/wp\/v2\/pages\/287\/revisions"}],"predecessor-version":[{"id":1161,"href":"https:\/\/blogs.uef.fi\/oppimisanalytiikanriskiarvio\/wp-json\/wp\/v2\/pages\/287\/revisions\/1161"}],"up":[{"embeddable":true,"href":"https:\/\/blogs.uef.fi\/oppimisanalytiikanriskiarvio\/wp-json\/wp\/v2\/pages\/130"}],"wp:attachment":[{"href":"https:\/\/blogs.uef.fi\/oppimisanalytiikanriskiarvio\/wp-json\/wp\/v2\/media?parent=287"}],"curies":[{"name":"wp","href":"https:\/\/api.w.org\/{rel}","templated":true}]}}