{"id":263,"date":"2020-03-19T11:59:52","date_gmt":"2020-03-19T11:59:52","guid":{"rendered":"https:\/\/blogs.uef.fi\/oppimisanalytiikanriskiarvio\/?page_id=263"},"modified":"2023-09-18T14:31:08","modified_gmt":"2023-09-18T11:31:08","slug":"erityinen-henkilotietoryhma","status":"publish","type":"page","link":"https:\/\/blogs.uef.fi\/oppimisanalytiikanriskiarvio\/potentiaalisten-riskien-tunnistaminen\/i-kasittelyn-luonne\/erityinen-henkilotietoryhma\/","title":{"rendered":"Erityinen henkil\u00f6tietoryhm\u00e4"},"content":{"rendered":"\n<h1 class=\"wp-block-heading\">Erityinen henkil\u00f6tietoryhm\u00e4<\/h1>\n\n\n\n<p>Erityinen henkil\u00f6tietoryhm\u00e4 tarkoittaa tietoja, joista ilmenee rotu tai etninen alkuper\u00e4, poliittisia mielipiteit\u00e4, uskonnollinen tai filosofinen vakaumus tai ammattiliiton j\u00e4senyys; geneettiset tai biometriset tiedot, terveystiedot sek\u00e4 luonnollisen henkil\u00f6n seksuaalista k\u00e4ytt\u00e4ytymist\u00e4 ja suuntautumista koskevat tiedot (Luonnollinen henkil\u00f6 on oikeustieteellinen k\u00e4site, jolla tarkoitetaan siis ihmisi\u00e4. vs. oikeushenkil\u00f6, jolla tarkoitetaan esim. yrityksi\u00e4.)<\/p>\n","protected":false},"excerpt":{"rendered":"<p>Erityinen henkil\u00f6tietoryhm\u00e4 Erityinen henkil\u00f6tietoryhm\u00e4 tarkoittaa tietoja, joista ilmenee rotu tai etninen alkuper\u00e4, poliittisia mielipiteit\u00e4, uskonnollinen tai filosofinen vakaumus tai ammattiliiton j\u00e4senyys; geneettiset tai biometriset tiedot, terveystiedot sek\u00e4 luonnollisen henkil\u00f6n seksuaalista k\u00e4ytt\u00e4ytymist\u00e4 ja suuntautumista koskevat tiedot (Luonnollinen henkil\u00f6 on oikeustieteellinen k\u00e4site, jolla tarkoitetaan siis ihmisi\u00e4. vs. oikeushenkil\u00f6, jolla tarkoitetaan esim. yrityksi\u00e4.)<\/p>\n","protected":false},"author":343,"featured_media":0,"parent":130,"menu_order":0,"comment_status":"closed","ping_status":"closed","template":"","meta":{"_acf_changed":false,"footnotes":""},"class_list":["post-263","page","type-page","status-publish","hentry"],"acf":[],"yoast_head":"<!-- This site is optimized with the Yoast SEO plugin v27.3 - https:\/\/yoast.com\/product\/yoast-seo-wordpress\/ -->\n<title>Erityinen henkil\u00f6tietoryhm\u00e4 - Oppimisanalytiikan riskiarvioty\u00f6kalu<\/title>\n<meta name=\"robots\" content=\"index, follow, max-snippet:-1, max-image-preview:large, max-video-preview:-1\" \/>\n<link rel=\"canonical\" href=\"https:\/\/blogs.uef.fi\/oppimisanalytiikanriskiarvio\/potentiaalisten-riskien-tunnistaminen\/i-kasittelyn-luonne\/erityinen-henkilotietoryhma\/\" \/>\n<meta property=\"og:locale\" content=\"fi_FI\" \/>\n<meta property=\"og:type\" content=\"article\" \/>\n<meta property=\"og:title\" content=\"Erityinen henkil\u00f6tietoryhm\u00e4 - Oppimisanalytiikan riskiarvioty\u00f6kalu\" \/>\n<meta property=\"og:description\" content=\"Erityinen henkil\u00f6tietoryhm\u00e4 Erityinen henkil\u00f6tietoryhm\u00e4 tarkoittaa tietoja, joista ilmenee rotu tai etninen alkuper\u00e4, poliittisia mielipiteit\u00e4, uskonnollinen tai filosofinen vakaumus tai ammattiliiton j\u00e4senyys; geneettiset tai biometriset tiedot, terveystiedot sek\u00e4 luonnollisen henkil\u00f6n seksuaalista k\u00e4ytt\u00e4ytymist\u00e4 ja suuntautumista koskevat tiedot (Luonnollinen henkil\u00f6 on oikeustieteellinen k\u00e4site, jolla tarkoitetaan siis ihmisi\u00e4. vs. oikeushenkil\u00f6, jolla tarkoitetaan esim. yrityksi\u00e4.)\" \/>\n<meta property=\"og:url\" content=\"https:\/\/blogs.uef.fi\/oppimisanalytiikanriskiarvio\/potentiaalisten-riskien-tunnistaminen\/i-kasittelyn-luonne\/erityinen-henkilotietoryhma\/\" \/>\n<meta property=\"og:site_name\" content=\"Oppimisanalytiikan riskiarvioty\u00f6kalu\" \/>\n<meta property=\"article:modified_time\" content=\"2023-09-18T11:31:08+00:00\" \/>\n<meta name=\"twitter:card\" content=\"summary_large_image\" \/>\n<meta name=\"twitter:label1\" content=\"Arvioitu lukuaika\" \/>\n\t<meta name=\"twitter:data1\" content=\"1 minuutti\" \/>\n<script type=\"application\/ld+json\" class=\"yoast-schema-graph\">{\"@context\":\"https:\\\/\\\/schema.org\",\"@graph\":[{\"@type\":\"WebPage\",\"@id\":\"https:\\\/\\\/blogs.uef.fi\\\/oppimisanalytiikanriskiarvio\\\/potentiaalisten-riskien-tunnistaminen\\\/i-kasittelyn-luonne\\\/erityinen-henkilotietoryhma\\\/\",\"url\":\"https:\\\/\\\/blogs.uef.fi\\\/oppimisanalytiikanriskiarvio\\\/potentiaalisten-riskien-tunnistaminen\\\/i-kasittelyn-luonne\\\/erityinen-henkilotietoryhma\\\/\",\"name\":\"Erityinen henkil\u00f6tietoryhm\u00e4 - Oppimisanalytiikan riskiarvioty\u00f6kalu\",\"isPartOf\":{\"@id\":\"https:\\\/\\\/blogs.uef.fi\\\/oppimisanalytiikanriskiarvio\\\/#website\"},\"datePublished\":\"2020-03-19T11:59:52+00:00\",\"dateModified\":\"2023-09-18T11:31:08+00:00\",\"breadcrumb\":{\"@id\":\"https:\\\/\\\/blogs.uef.fi\\\/oppimisanalytiikanriskiarvio\\\/potentiaalisten-riskien-tunnistaminen\\\/i-kasittelyn-luonne\\\/erityinen-henkilotietoryhma\\\/#breadcrumb\"},\"inLanguage\":\"fi\",\"potentialAction\":[{\"@type\":\"ReadAction\",\"target\":[\"https:\\\/\\\/blogs.uef.fi\\\/oppimisanalytiikanriskiarvio\\\/potentiaalisten-riskien-tunnistaminen\\\/i-kasittelyn-luonne\\\/erityinen-henkilotietoryhma\\\/\"]}]},{\"@type\":\"BreadcrumbList\",\"@id\":\"https:\\\/\\\/blogs.uef.fi\\\/oppimisanalytiikanriskiarvio\\\/potentiaalisten-riskien-tunnistaminen\\\/i-kasittelyn-luonne\\\/erityinen-henkilotietoryhma\\\/#breadcrumb\",\"itemListElement\":[{\"@type\":\"ListItem\",\"position\":1,\"name\":\"Home\",\"item\":\"https:\\\/\\\/blogs.uef.fi\\\/oppimisanalytiikanriskiarvio\\\/\"},{\"@type\":\"ListItem\",\"position\":2,\"name\":\"2. Potentiaalisten riskien tunnistaminen\",\"item\":\"https:\\\/\\\/blogs.uef.fi\\\/oppimisanalytiikanriskiarvio\\\/potentiaalisten-riskien-tunnistaminen\\\/\"},{\"@type\":\"ListItem\",\"position\":3,\"name\":\"I K\u00c4SITTELYN LUONNE\",\"item\":\"https:\\\/\\\/blogs.uef.fi\\\/oppimisanalytiikanriskiarvio\\\/potentiaalisten-riskien-tunnistaminen\\\/i-kasittelyn-luonne\\\/\"},{\"@type\":\"ListItem\",\"position\":4,\"name\":\"Erityinen henkil\u00f6tietoryhm\u00e4\"}]},{\"@type\":\"WebSite\",\"@id\":\"https:\\\/\\\/blogs.uef.fi\\\/oppimisanalytiikanriskiarvio\\\/#website\",\"url\":\"https:\\\/\\\/blogs.uef.fi\\\/oppimisanalytiikanriskiarvio\\\/\",\"name\":\"Oppimisanalytiikan riskiarvioty\u00f6kalu\",\"description\":\"\",\"potentialAction\":[{\"@type\":\"SearchAction\",\"target\":{\"@type\":\"EntryPoint\",\"urlTemplate\":\"https:\\\/\\\/blogs.uef.fi\\\/oppimisanalytiikanriskiarvio\\\/?s={search_term_string}\"},\"query-input\":{\"@type\":\"PropertyValueSpecification\",\"valueRequired\":true,\"valueName\":\"search_term_string\"}}],\"inLanguage\":\"fi\"}]}<\/script>\n<!-- \/ Yoast SEO plugin. -->","yoast_head_json":{"title":"Erityinen henkil\u00f6tietoryhm\u00e4 - Oppimisanalytiikan riskiarvioty\u00f6kalu","robots":{"index":"index","follow":"follow","max-snippet":"max-snippet:-1","max-image-preview":"max-image-preview:large","max-video-preview":"max-video-preview:-1"},"canonical":"https:\/\/blogs.uef.fi\/oppimisanalytiikanriskiarvio\/potentiaalisten-riskien-tunnistaminen\/i-kasittelyn-luonne\/erityinen-henkilotietoryhma\/","og_locale":"fi_FI","og_type":"article","og_title":"Erityinen henkil\u00f6tietoryhm\u00e4 - Oppimisanalytiikan riskiarvioty\u00f6kalu","og_description":"Erityinen henkil\u00f6tietoryhm\u00e4 Erityinen henkil\u00f6tietoryhm\u00e4 tarkoittaa tietoja, joista ilmenee rotu tai etninen alkuper\u00e4, poliittisia mielipiteit\u00e4, uskonnollinen tai filosofinen vakaumus tai ammattiliiton j\u00e4senyys; geneettiset tai biometriset tiedot, terveystiedot sek\u00e4 luonnollisen henkil\u00f6n seksuaalista k\u00e4ytt\u00e4ytymist\u00e4 ja suuntautumista koskevat tiedot (Luonnollinen henkil\u00f6 on oikeustieteellinen k\u00e4site, jolla tarkoitetaan siis ihmisi\u00e4. vs. oikeushenkil\u00f6, jolla tarkoitetaan esim. yrityksi\u00e4.)","og_url":"https:\/\/blogs.uef.fi\/oppimisanalytiikanriskiarvio\/potentiaalisten-riskien-tunnistaminen\/i-kasittelyn-luonne\/erityinen-henkilotietoryhma\/","og_site_name":"Oppimisanalytiikan riskiarvioty\u00f6kalu","article_modified_time":"2023-09-18T11:31:08+00:00","twitter_card":"summary_large_image","twitter_misc":{"Arvioitu lukuaika":"1 minuutti"},"schema":{"@context":"https:\/\/schema.org","@graph":[{"@type":"WebPage","@id":"https:\/\/blogs.uef.fi\/oppimisanalytiikanriskiarvio\/potentiaalisten-riskien-tunnistaminen\/i-kasittelyn-luonne\/erityinen-henkilotietoryhma\/","url":"https:\/\/blogs.uef.fi\/oppimisanalytiikanriskiarvio\/potentiaalisten-riskien-tunnistaminen\/i-kasittelyn-luonne\/erityinen-henkilotietoryhma\/","name":"Erityinen henkil\u00f6tietoryhm\u00e4 - Oppimisanalytiikan riskiarvioty\u00f6kalu","isPartOf":{"@id":"https:\/\/blogs.uef.fi\/oppimisanalytiikanriskiarvio\/#website"},"datePublished":"2020-03-19T11:59:52+00:00","dateModified":"2023-09-18T11:31:08+00:00","breadcrumb":{"@id":"https:\/\/blogs.uef.fi\/oppimisanalytiikanriskiarvio\/potentiaalisten-riskien-tunnistaminen\/i-kasittelyn-luonne\/erityinen-henkilotietoryhma\/#breadcrumb"},"inLanguage":"fi","potentialAction":[{"@type":"ReadAction","target":["https:\/\/blogs.uef.fi\/oppimisanalytiikanriskiarvio\/potentiaalisten-riskien-tunnistaminen\/i-kasittelyn-luonne\/erityinen-henkilotietoryhma\/"]}]},{"@type":"BreadcrumbList","@id":"https:\/\/blogs.uef.fi\/oppimisanalytiikanriskiarvio\/potentiaalisten-riskien-tunnistaminen\/i-kasittelyn-luonne\/erityinen-henkilotietoryhma\/#breadcrumb","itemListElement":[{"@type":"ListItem","position":1,"name":"Home","item":"https:\/\/blogs.uef.fi\/oppimisanalytiikanriskiarvio\/"},{"@type":"ListItem","position":2,"name":"2. Potentiaalisten riskien tunnistaminen","item":"https:\/\/blogs.uef.fi\/oppimisanalytiikanriskiarvio\/potentiaalisten-riskien-tunnistaminen\/"},{"@type":"ListItem","position":3,"name":"I K\u00c4SITTELYN LUONNE","item":"https:\/\/blogs.uef.fi\/oppimisanalytiikanriskiarvio\/potentiaalisten-riskien-tunnistaminen\/i-kasittelyn-luonne\/"},{"@type":"ListItem","position":4,"name":"Erityinen henkil\u00f6tietoryhm\u00e4"}]},{"@type":"WebSite","@id":"https:\/\/blogs.uef.fi\/oppimisanalytiikanriskiarvio\/#website","url":"https:\/\/blogs.uef.fi\/oppimisanalytiikanriskiarvio\/","name":"Oppimisanalytiikan riskiarvioty\u00f6kalu","description":"","potentialAction":[{"@type":"SearchAction","target":{"@type":"EntryPoint","urlTemplate":"https:\/\/blogs.uef.fi\/oppimisanalytiikanriskiarvio\/?s={search_term_string}"},"query-input":{"@type":"PropertyValueSpecification","valueRequired":true,"valueName":"search_term_string"}}],"inLanguage":"fi"}]}},"_links":{"self":[{"href":"https:\/\/blogs.uef.fi\/oppimisanalytiikanriskiarvio\/wp-json\/wp\/v2\/pages\/263","targetHints":{"allow":["GET"]}}],"collection":[{"href":"https:\/\/blogs.uef.fi\/oppimisanalytiikanriskiarvio\/wp-json\/wp\/v2\/pages"}],"about":[{"href":"https:\/\/blogs.uef.fi\/oppimisanalytiikanriskiarvio\/wp-json\/wp\/v2\/types\/page"}],"author":[{"embeddable":true,"href":"https:\/\/blogs.uef.fi\/oppimisanalytiikanriskiarvio\/wp-json\/wp\/v2\/users\/343"}],"replies":[{"embeddable":true,"href":"https:\/\/blogs.uef.fi\/oppimisanalytiikanriskiarvio\/wp-json\/wp\/v2\/comments?post=263"}],"version-history":[{"count":2,"href":"https:\/\/blogs.uef.fi\/oppimisanalytiikanriskiarvio\/wp-json\/wp\/v2\/pages\/263\/revisions"}],"predecessor-version":[{"id":1146,"href":"https:\/\/blogs.uef.fi\/oppimisanalytiikanriskiarvio\/wp-json\/wp\/v2\/pages\/263\/revisions\/1146"}],"up":[{"embeddable":true,"href":"https:\/\/blogs.uef.fi\/oppimisanalytiikanriskiarvio\/wp-json\/wp\/v2\/pages\/130"}],"wp:attachment":[{"href":"https:\/\/blogs.uef.fi\/oppimisanalytiikanriskiarvio\/wp-json\/wp\/v2\/media?parent=263"}],"curies":[{"name":"wp","href":"https:\/\/api.w.org\/{rel}","templated":true}]}}