{"id":170,"date":"2020-03-11T13:27:18","date_gmt":"2020-03-11T13:27:18","guid":{"rendered":"https:\/\/blogs.uef.fi\/oppimisanalytiikanriskiarvio\/?page_id=170"},"modified":"2023-09-22T12:48:30","modified_gmt":"2023-09-22T09:48:30","slug":"lahteet","status":"publish","type":"page","link":"https:\/\/blogs.uef.fi\/oppimisanalytiikanriskiarvio\/lahteet\/","title":{"rendered":"L\u00e4hteet"},"content":{"rendered":"\n<p>Gedrimiene, E., Silvola, A., Pursiainen, J., Rusanen, J., &amp; Muukkonen, H. (2019). Learning Analytics in Education: Literature Review and Case Examples From Vocational Education. Scandinavian Journal of Educational Research, 1\u201315<\/p>\n\n\n\n<p>Ouli, Juuso \u2013 Voutilainen, Tomi: <a href=\"https:\/\/www.edilex.fi\/artikkelit\/20064\" target=\"_blank\" rel=\"noopener noreferrer\">Oppimisanalytiikka ja opiskelijatietojen k\u00e4sittely yliopistoissa<\/a>. Edilex 2019\/37.<\/p>\n\n\n\n<p>Korpisaari, P\u00e4ivi \u2013 Pitk\u00e4nen, Olli \u2013 Warma-Lehtinen, Eija, Uusi tietosuojalains\u00e4\u00e4d\u00e4nt\u00f6. Alma Talent 2018.<\/p>\n\n\n\n<p>Tietosuojavaltuutetun toimisto, Kerro k\u00e4sittelyst\u00e4 rekister\u00f6idylle.(<a href=\"https:\/\/tietosuoja.fi\/rekisteroidyn-informointi\">https:\/\/tietosuoja.fi\/rekisteroidyn-informointi<\/a>) Tieto otettu 23.10.2019.<\/p>\n\n\n\n<p>Tietosuojavaltuutetun toimisto, kohta Arvioi riskit ja suunnittele toimenpiteet tietosuojan toteuttamiseksi. (<a href=\"https:\/\/tietosuoja.fi\/arvioi-riskit\">https:\/\/tietosuoja.fi\/arvioi-riskit<\/a>). Tieto otettu 21.10.2019.<\/p>\n\n\n\n<p>WP29 tietosuojaty\u00f6ryhm\u00e4. Asetuksen 2016\/679 mukaista l\u00e4pin\u00e4kyvyytt\u00e4 koskevat suuntaviivat. 17\/FIWP260 rev.01 (<a href=\"https:\/\/tietosuoja.fi\/documents\/6927448\/8316711\/L%C3%A4pin%C3%A4kyvyys+fi\/c102605b-e386-4661-9b51-bf427875c8db\/L%C3%A4pin%C3%A4kyvyys+fi.pdf\">https:\/\/tietosuoja.fi\/documents\/6927448\/8316711\/L%C3%A4pin%C3%A4kyvyys+fi\/c102605b-e386-4661-9b51-bf427875c8db\/L%C3%A4pin%C3%A4kyvyys+fi.pdf<\/a>) Tieto otettu 22.10.2019.<\/p>\n\n\n\n<p>WP29 tietosuojaty\u00f6ryhm\u00e4. Ohjeet tietosuojaa koskevasta vaikutustenarvioinnista ja keinoista selvitt\u00e4\u00e4 \u201dliittyyk\u00f6 k\u00e4sittelyyn todenn\u00e4k\u00f6isesti\u201d asetuksessa (EU) 2016\/679 tarkoitettu &#8221;korkea riski&#8221;. WP 248 rev.01 (<a href=\"https:\/\/tietosuoja.fi\/documents\/6927448\/8316711\/Vaikutustenarviointi+fi.pdf\/af51e999-5326-4223-9deb-e21bdd2e0a63\/Vaikutustenarviointi+fi.pdf.pdf\">https:\/\/tietosuoja.fi\/documents\/6927448\/8316711\/Vaikutustenarviointi+fi.pdf\/af51e999-5326-4223-9deb-e21bdd2e0a63\/Vaikutustenarviointi+fi.pdf.pdf<\/a>) Tieto otettu 22.10.2019.<\/p>\n\n\n\n<p><strong><em>Muita hy\u00f6dyllisi\u00e4 l\u00e4hteit\u00e4 avuksi tietosuojakysymyksiin:<\/em><\/strong><\/p>\n\n\n\n<p>Voutilainen, Tomi: Oikeus tietoon. Informaatio-oikeuden perusteet. 2. uudistettu painos. Edita Publishing Oy 2019.<\/p>\n\n\n\n<p>Andrearsson, Ari \u2013 Riikonen, Jaana \u2013 Ylipartanen, Arto: Osaava tietosuojavastaava ja EU:n yleinen tietosuoja-asetus. Tietosanoma Oy 2019.<\/p>\n","protected":false},"excerpt":{"rendered":"<p>Gedrimiene, E., Silvola, A., Pursiainen, J., Rusanen, J., &amp; Muukkonen, H. (2019). Learning Analytics in Education: Literature Review and Case Examples From Vocational Education. Scandinavian Journal of Educational Research, 1\u201315 Ouli, Juuso \u2013 Voutilainen, Tomi: Oppimisanalytiikka ja opiskelijatietojen k\u00e4sittely yliopistoissa. Edilex 2019\/37. Korpisaari, P\u00e4ivi \u2013 Pitk\u00e4nen, Olli \u2013 Warma-Lehtinen, Eija, Uusi tietosuojalains\u00e4\u00e4d\u00e4nt\u00f6. Alma Talent 2018. [&hellip;]<\/p>\n","protected":false},"author":341,"featured_media":0,"parent":0,"menu_order":4,"comment_status":"closed","ping_status":"closed","template":"","meta":{"_acf_changed":false,"footnotes":""},"class_list":["post-170","page","type-page","status-publish","hentry"],"acf":[],"yoast_head":"<!-- This site is optimized with the Yoast SEO plugin v27.3 - https:\/\/yoast.com\/product\/yoast-seo-wordpress\/ -->\n<title>L\u00e4hteet - Oppimisanalytiikan riskiarvioty\u00f6kalu<\/title>\n<meta name=\"robots\" content=\"index, follow, max-snippet:-1, max-image-preview:large, max-video-preview:-1\" \/>\n<link rel=\"canonical\" href=\"https:\/\/blogs.uef.fi\/oppimisanalytiikanriskiarvio\/lahteet\/\" \/>\n<meta property=\"og:locale\" content=\"fi_FI\" \/>\n<meta property=\"og:type\" content=\"article\" \/>\n<meta property=\"og:title\" content=\"L\u00e4hteet - Oppimisanalytiikan riskiarvioty\u00f6kalu\" \/>\n<meta property=\"og:description\" content=\"Gedrimiene, E., Silvola, A., Pursiainen, J., Rusanen, J., &amp; Muukkonen, H. (2019). Learning Analytics in Education: Literature Review and Case Examples From Vocational Education. Scandinavian Journal of Educational Research, 1\u201315 Ouli, Juuso \u2013 Voutilainen, Tomi: Oppimisanalytiikka ja opiskelijatietojen k\u00e4sittely yliopistoissa. Edilex 2019\/37. Korpisaari, P\u00e4ivi \u2013 Pitk\u00e4nen, Olli \u2013 Warma-Lehtinen, Eija, Uusi tietosuojalains\u00e4\u00e4d\u00e4nt\u00f6. Alma Talent 2018. [&hellip;]\" \/>\n<meta property=\"og:url\" content=\"https:\/\/blogs.uef.fi\/oppimisanalytiikanriskiarvio\/lahteet\/\" \/>\n<meta property=\"og:site_name\" content=\"Oppimisanalytiikan riskiarvioty\u00f6kalu\" \/>\n<meta property=\"article:modified_time\" content=\"2023-09-22T09:48:30+00:00\" \/>\n<meta name=\"twitter:card\" content=\"summary_large_image\" \/>\n<meta name=\"twitter:label1\" content=\"Arvioitu lukuaika\" \/>\n\t<meta name=\"twitter:data1\" content=\"1 minuutti\" \/>\n<script type=\"application\/ld+json\" class=\"yoast-schema-graph\">{\"@context\":\"https:\\\/\\\/schema.org\",\"@graph\":[{\"@type\":\"WebPage\",\"@id\":\"https:\\\/\\\/blogs.uef.fi\\\/oppimisanalytiikanriskiarvio\\\/lahteet\\\/\",\"url\":\"https:\\\/\\\/blogs.uef.fi\\\/oppimisanalytiikanriskiarvio\\\/lahteet\\\/\",\"name\":\"L\u00e4hteet - Oppimisanalytiikan riskiarvioty\u00f6kalu\",\"isPartOf\":{\"@id\":\"https:\\\/\\\/blogs.uef.fi\\\/oppimisanalytiikanriskiarvio\\\/#website\"},\"datePublished\":\"2020-03-11T13:27:18+00:00\",\"dateModified\":\"2023-09-22T09:48:30+00:00\",\"breadcrumb\":{\"@id\":\"https:\\\/\\\/blogs.uef.fi\\\/oppimisanalytiikanriskiarvio\\\/lahteet\\\/#breadcrumb\"},\"inLanguage\":\"fi\",\"potentialAction\":[{\"@type\":\"ReadAction\",\"target\":[\"https:\\\/\\\/blogs.uef.fi\\\/oppimisanalytiikanriskiarvio\\\/lahteet\\\/\"]}]},{\"@type\":\"BreadcrumbList\",\"@id\":\"https:\\\/\\\/blogs.uef.fi\\\/oppimisanalytiikanriskiarvio\\\/lahteet\\\/#breadcrumb\",\"itemListElement\":[{\"@type\":\"ListItem\",\"position\":1,\"name\":\"Home\",\"item\":\"https:\\\/\\\/blogs.uef.fi\\\/oppimisanalytiikanriskiarvio\\\/\"},{\"@type\":\"ListItem\",\"position\":2,\"name\":\"L\u00e4hteet\"}]},{\"@type\":\"WebSite\",\"@id\":\"https:\\\/\\\/blogs.uef.fi\\\/oppimisanalytiikanriskiarvio\\\/#website\",\"url\":\"https:\\\/\\\/blogs.uef.fi\\\/oppimisanalytiikanriskiarvio\\\/\",\"name\":\"Oppimisanalytiikan riskiarvioty\u00f6kalu\",\"description\":\"\",\"potentialAction\":[{\"@type\":\"SearchAction\",\"target\":{\"@type\":\"EntryPoint\",\"urlTemplate\":\"https:\\\/\\\/blogs.uef.fi\\\/oppimisanalytiikanriskiarvio\\\/?s={search_term_string}\"},\"query-input\":{\"@type\":\"PropertyValueSpecification\",\"valueRequired\":true,\"valueName\":\"search_term_string\"}}],\"inLanguage\":\"fi\"}]}<\/script>\n<!-- \/ Yoast SEO plugin. -->","yoast_head_json":{"title":"L\u00e4hteet - Oppimisanalytiikan riskiarvioty\u00f6kalu","robots":{"index":"index","follow":"follow","max-snippet":"max-snippet:-1","max-image-preview":"max-image-preview:large","max-video-preview":"max-video-preview:-1"},"canonical":"https:\/\/blogs.uef.fi\/oppimisanalytiikanriskiarvio\/lahteet\/","og_locale":"fi_FI","og_type":"article","og_title":"L\u00e4hteet - Oppimisanalytiikan riskiarvioty\u00f6kalu","og_description":"Gedrimiene, E., Silvola, A., Pursiainen, J., Rusanen, J., &amp; Muukkonen, H. (2019). Learning Analytics in Education: Literature Review and Case Examples From Vocational Education. Scandinavian Journal of Educational Research, 1\u201315 Ouli, Juuso \u2013 Voutilainen, Tomi: Oppimisanalytiikka ja opiskelijatietojen k\u00e4sittely yliopistoissa. Edilex 2019\/37. Korpisaari, P\u00e4ivi \u2013 Pitk\u00e4nen, Olli \u2013 Warma-Lehtinen, Eija, Uusi tietosuojalains\u00e4\u00e4d\u00e4nt\u00f6. Alma Talent 2018. [&hellip;]","og_url":"https:\/\/blogs.uef.fi\/oppimisanalytiikanriskiarvio\/lahteet\/","og_site_name":"Oppimisanalytiikan riskiarvioty\u00f6kalu","article_modified_time":"2023-09-22T09:48:30+00:00","twitter_card":"summary_large_image","twitter_misc":{"Arvioitu lukuaika":"1 minuutti"},"schema":{"@context":"https:\/\/schema.org","@graph":[{"@type":"WebPage","@id":"https:\/\/blogs.uef.fi\/oppimisanalytiikanriskiarvio\/lahteet\/","url":"https:\/\/blogs.uef.fi\/oppimisanalytiikanriskiarvio\/lahteet\/","name":"L\u00e4hteet - Oppimisanalytiikan riskiarvioty\u00f6kalu","isPartOf":{"@id":"https:\/\/blogs.uef.fi\/oppimisanalytiikanriskiarvio\/#website"},"datePublished":"2020-03-11T13:27:18+00:00","dateModified":"2023-09-22T09:48:30+00:00","breadcrumb":{"@id":"https:\/\/blogs.uef.fi\/oppimisanalytiikanriskiarvio\/lahteet\/#breadcrumb"},"inLanguage":"fi","potentialAction":[{"@type":"ReadAction","target":["https:\/\/blogs.uef.fi\/oppimisanalytiikanriskiarvio\/lahteet\/"]}]},{"@type":"BreadcrumbList","@id":"https:\/\/blogs.uef.fi\/oppimisanalytiikanriskiarvio\/lahteet\/#breadcrumb","itemListElement":[{"@type":"ListItem","position":1,"name":"Home","item":"https:\/\/blogs.uef.fi\/oppimisanalytiikanriskiarvio\/"},{"@type":"ListItem","position":2,"name":"L\u00e4hteet"}]},{"@type":"WebSite","@id":"https:\/\/blogs.uef.fi\/oppimisanalytiikanriskiarvio\/#website","url":"https:\/\/blogs.uef.fi\/oppimisanalytiikanriskiarvio\/","name":"Oppimisanalytiikan riskiarvioty\u00f6kalu","description":"","potentialAction":[{"@type":"SearchAction","target":{"@type":"EntryPoint","urlTemplate":"https:\/\/blogs.uef.fi\/oppimisanalytiikanriskiarvio\/?s={search_term_string}"},"query-input":{"@type":"PropertyValueSpecification","valueRequired":true,"valueName":"search_term_string"}}],"inLanguage":"fi"}]}},"_links":{"self":[{"href":"https:\/\/blogs.uef.fi\/oppimisanalytiikanriskiarvio\/wp-json\/wp\/v2\/pages\/170","targetHints":{"allow":["GET"]}}],"collection":[{"href":"https:\/\/blogs.uef.fi\/oppimisanalytiikanriskiarvio\/wp-json\/wp\/v2\/pages"}],"about":[{"href":"https:\/\/blogs.uef.fi\/oppimisanalytiikanriskiarvio\/wp-json\/wp\/v2\/types\/page"}],"author":[{"embeddable":true,"href":"https:\/\/blogs.uef.fi\/oppimisanalytiikanriskiarvio\/wp-json\/wp\/v2\/users\/341"}],"replies":[{"embeddable":true,"href":"https:\/\/blogs.uef.fi\/oppimisanalytiikanriskiarvio\/wp-json\/wp\/v2\/comments?post=170"}],"version-history":[{"count":2,"href":"https:\/\/blogs.uef.fi\/oppimisanalytiikanriskiarvio\/wp-json\/wp\/v2\/pages\/170\/revisions"}],"predecessor-version":[{"id":1217,"href":"https:\/\/blogs.uef.fi\/oppimisanalytiikanriskiarvio\/wp-json\/wp\/v2\/pages\/170\/revisions\/1217"}],"wp:attachment":[{"href":"https:\/\/blogs.uef.fi\/oppimisanalytiikanriskiarvio\/wp-json\/wp\/v2\/media?parent=170"}],"curies":[{"name":"wp","href":"https:\/\/api.w.org\/{rel}","templated":true}]}}