{"id":152,"date":"2020-03-11T13:23:47","date_gmt":"2020-03-11T13:23:47","guid":{"rendered":"https:\/\/blogs.uef.fi\/oppimisanalytiikanriskiarvio\/?page_id=152"},"modified":"2023-09-18T14:28:57","modified_gmt":"2023-09-18T11:28:57","slug":"riskia-potentiaalisesti-lisaavien-tekijoiden-analyysi","status":"publish","type":"page","link":"https:\/\/blogs.uef.fi\/oppimisanalytiikanriskiarvio\/riskia-potentiaalisesti-lisaavien-tekijoiden-analyysi\/","title":{"rendered":"Riski\u00e4 potentiaalisesti lis\u00e4\u00e4vien tekij\u00f6iden analyysi"},"content":{"rendered":"\n<h1 class=\"wp-block-heading\"><strong>Analysoi tarkemmin riski\u00e4 potentiaalisesti lis\u00e4\u00e4v\u00e4t kohdat<\/strong><\/h1>\n\n\n\n<p>Mik\u00e4li arvion tuloksena jossakin kohdassa riski on potentiaalisesti kasvanut, kuvaa t\u00e4t\u00e4 tarkemmin sanallisesti, eli analysoi ja arvioi kohtia, jotka potentiaalisesti lis\u00e4\u00e4v\u00e4t riski\u00e4 m\u00e4\u00e4ritellyss\u00e4 oppimisanalytiikan k\u00e4ytt\u00f6tapauksessa.<\/p>\n\n\n\n<p>Kuvauksesta on suositeltavaa laatia kirjallinen selvitys\/analyysi. Selvityksess\u00e4 voidaan arvioida my\u00f6s esimerkiksi sit\u00e4, miten riskeihin voidaan varautua. K\u00e4yt\u00e4 selvityksess\u00e4 apuna tietosuojavaltuutetun arviointitaulukkoa (lopussa), jossa ohjeistetaan arvioimaan erityisesti n\u00e4it\u00e4 kysymyksi\u00e4:<\/p>\n\n\n\n<p>1) Kuinka todenn\u00e4k\u00f6inen loukkaus tai haitta voisi olla liittyen tunnistettuun potentiaaliseen riskiin?<\/p>\n\n\n\n<p>2) Millaisia vaikutuksia t\u00e4ll\u00e4 loukkauksella tai haitalla voisi olla?<\/p>\n\n\n\n<p>Riski\u00e4 lis\u00e4\u00e4vien tekij\u00f6iden arviointia sek\u00e4 varsinaisen riskiarvion tekemist\u00e4 helpottaa, jos n\u00e4it\u00e4 kysymyksi\u00e4 on arvoitu jo t\u00e4ss\u00e4 vaiheessa.<\/p>\n","protected":false},"excerpt":{"rendered":"<p>Analysoi tarkemmin riski\u00e4 potentiaalisesti lis\u00e4\u00e4v\u00e4t kohdat Mik\u00e4li arvion tuloksena jossakin kohdassa riski on potentiaalisesti kasvanut, kuvaa t\u00e4t\u00e4 tarkemmin sanallisesti, eli analysoi ja arvioi kohtia, jotka potentiaalisesti lis\u00e4\u00e4v\u00e4t riski\u00e4 m\u00e4\u00e4ritellyss\u00e4 oppimisanalytiikan k\u00e4ytt\u00f6tapauksessa. Kuvauksesta on suositeltavaa laatia kirjallinen selvitys\/analyysi. Selvityksess\u00e4 voidaan arvioida my\u00f6s esimerkiksi sit\u00e4, miten riskeihin voidaan varautua. K\u00e4yt\u00e4 selvityksess\u00e4 apuna tietosuojavaltuutetun arviointitaulukkoa (lopussa), jossa ohjeistetaan [&hellip;]<\/p>\n","protected":false},"author":341,"featured_media":0,"parent":0,"menu_order":0,"comment_status":"closed","ping_status":"closed","template":"","meta":{"_acf_changed":false,"footnotes":""},"class_list":["post-152","page","type-page","status-publish","hentry"],"acf":[],"yoast_head":"<!-- This site is optimized with the Yoast SEO plugin v27.1.1 - https:\/\/yoast.com\/product\/yoast-seo-wordpress\/ -->\n<title>Riski\u00e4 potentiaalisesti lis\u00e4\u00e4vien tekij\u00f6iden analyysi - Oppimisanalytiikan riskiarvioty\u00f6kalu<\/title>\n<meta name=\"robots\" content=\"index, follow, max-snippet:-1, max-image-preview:large, max-video-preview:-1\" \/>\n<link rel=\"canonical\" href=\"https:\/\/blogs.uef.fi\/oppimisanalytiikanriskiarvio\/riskia-potentiaalisesti-lisaavien-tekijoiden-analyysi\/\" \/>\n<meta property=\"og:locale\" content=\"fi_FI\" \/>\n<meta property=\"og:type\" content=\"article\" \/>\n<meta property=\"og:title\" content=\"Riski\u00e4 potentiaalisesti lis\u00e4\u00e4vien tekij\u00f6iden analyysi - Oppimisanalytiikan riskiarvioty\u00f6kalu\" \/>\n<meta property=\"og:description\" content=\"Analysoi tarkemmin riski\u00e4 potentiaalisesti lis\u00e4\u00e4v\u00e4t kohdat Mik\u00e4li arvion tuloksena jossakin kohdassa riski on potentiaalisesti kasvanut, kuvaa t\u00e4t\u00e4 tarkemmin sanallisesti, eli analysoi ja arvioi kohtia, jotka potentiaalisesti lis\u00e4\u00e4v\u00e4t riski\u00e4 m\u00e4\u00e4ritellyss\u00e4 oppimisanalytiikan k\u00e4ytt\u00f6tapauksessa. Kuvauksesta on suositeltavaa laatia kirjallinen selvitys\/analyysi. Selvityksess\u00e4 voidaan arvioida my\u00f6s esimerkiksi sit\u00e4, miten riskeihin voidaan varautua. K\u00e4yt\u00e4 selvityksess\u00e4 apuna tietosuojavaltuutetun arviointitaulukkoa (lopussa), jossa ohjeistetaan [&hellip;]\" \/>\n<meta property=\"og:url\" content=\"https:\/\/blogs.uef.fi\/oppimisanalytiikanriskiarvio\/riskia-potentiaalisesti-lisaavien-tekijoiden-analyysi\/\" \/>\n<meta property=\"og:site_name\" content=\"Oppimisanalytiikan riskiarvioty\u00f6kalu\" \/>\n<meta property=\"article:modified_time\" content=\"2023-09-18T11:28:57+00:00\" \/>\n<meta name=\"twitter:card\" content=\"summary_large_image\" \/>\n<meta name=\"twitter:label1\" content=\"Arvioitu lukuaika\" \/>\n\t<meta name=\"twitter:data1\" content=\"1 minuutti\" \/>\n<script type=\"application\/ld+json\" class=\"yoast-schema-graph\">{\"@context\":\"https:\/\/schema.org\",\"@graph\":[{\"@type\":\"WebPage\",\"@id\":\"https:\/\/blogs.uef.fi\/oppimisanalytiikanriskiarvio\/riskia-potentiaalisesti-lisaavien-tekijoiden-analyysi\/\",\"url\":\"https:\/\/blogs.uef.fi\/oppimisanalytiikanriskiarvio\/riskia-potentiaalisesti-lisaavien-tekijoiden-analyysi\/\",\"name\":\"Riski\u00e4 potentiaalisesti lis\u00e4\u00e4vien tekij\u00f6iden analyysi - Oppimisanalytiikan riskiarvioty\u00f6kalu\",\"isPartOf\":{\"@id\":\"https:\/\/blogs.uef.fi\/oppimisanalytiikanriskiarvio\/#website\"},\"datePublished\":\"2020-03-11T13:23:47+00:00\",\"dateModified\":\"2023-09-18T11:28:57+00:00\",\"breadcrumb\":{\"@id\":\"https:\/\/blogs.uef.fi\/oppimisanalytiikanriskiarvio\/riskia-potentiaalisesti-lisaavien-tekijoiden-analyysi\/#breadcrumb\"},\"inLanguage\":\"fi\",\"potentialAction\":[{\"@type\":\"ReadAction\",\"target\":[\"https:\/\/blogs.uef.fi\/oppimisanalytiikanriskiarvio\/riskia-potentiaalisesti-lisaavien-tekijoiden-analyysi\/\"]}]},{\"@type\":\"BreadcrumbList\",\"@id\":\"https:\/\/blogs.uef.fi\/oppimisanalytiikanriskiarvio\/riskia-potentiaalisesti-lisaavien-tekijoiden-analyysi\/#breadcrumb\",\"itemListElement\":[{\"@type\":\"ListItem\",\"position\":1,\"name\":\"Home\",\"item\":\"https:\/\/blogs.uef.fi\/oppimisanalytiikanriskiarvio\/\"},{\"@type\":\"ListItem\",\"position\":2,\"name\":\"Riski\u00e4 potentiaalisesti lis\u00e4\u00e4vien tekij\u00f6iden analyysi\"}]},{\"@type\":\"WebSite\",\"@id\":\"https:\/\/blogs.uef.fi\/oppimisanalytiikanriskiarvio\/#website\",\"url\":\"https:\/\/blogs.uef.fi\/oppimisanalytiikanriskiarvio\/\",\"name\":\"Oppimisanalytiikan riskiarvioty\u00f6kalu\",\"description\":\"\",\"potentialAction\":[{\"@type\":\"SearchAction\",\"target\":{\"@type\":\"EntryPoint\",\"urlTemplate\":\"https:\/\/blogs.uef.fi\/oppimisanalytiikanriskiarvio\/?s={search_term_string}\"},\"query-input\":{\"@type\":\"PropertyValueSpecification\",\"valueRequired\":true,\"valueName\":\"search_term_string\"}}],\"inLanguage\":\"fi\"}]}<\/script>\n<!-- \/ Yoast SEO plugin. -->","yoast_head_json":{"title":"Riski\u00e4 potentiaalisesti lis\u00e4\u00e4vien tekij\u00f6iden analyysi - Oppimisanalytiikan riskiarvioty\u00f6kalu","robots":{"index":"index","follow":"follow","max-snippet":"max-snippet:-1","max-image-preview":"max-image-preview:large","max-video-preview":"max-video-preview:-1"},"canonical":"https:\/\/blogs.uef.fi\/oppimisanalytiikanriskiarvio\/riskia-potentiaalisesti-lisaavien-tekijoiden-analyysi\/","og_locale":"fi_FI","og_type":"article","og_title":"Riski\u00e4 potentiaalisesti lis\u00e4\u00e4vien tekij\u00f6iden analyysi - Oppimisanalytiikan riskiarvioty\u00f6kalu","og_description":"Analysoi tarkemmin riski\u00e4 potentiaalisesti lis\u00e4\u00e4v\u00e4t kohdat Mik\u00e4li arvion tuloksena jossakin kohdassa riski on potentiaalisesti kasvanut, kuvaa t\u00e4t\u00e4 tarkemmin sanallisesti, eli analysoi ja arvioi kohtia, jotka potentiaalisesti lis\u00e4\u00e4v\u00e4t riski\u00e4 m\u00e4\u00e4ritellyss\u00e4 oppimisanalytiikan k\u00e4ytt\u00f6tapauksessa. Kuvauksesta on suositeltavaa laatia kirjallinen selvitys\/analyysi. Selvityksess\u00e4 voidaan arvioida my\u00f6s esimerkiksi sit\u00e4, miten riskeihin voidaan varautua. K\u00e4yt\u00e4 selvityksess\u00e4 apuna tietosuojavaltuutetun arviointitaulukkoa (lopussa), jossa ohjeistetaan [&hellip;]","og_url":"https:\/\/blogs.uef.fi\/oppimisanalytiikanriskiarvio\/riskia-potentiaalisesti-lisaavien-tekijoiden-analyysi\/","og_site_name":"Oppimisanalytiikan riskiarvioty\u00f6kalu","article_modified_time":"2023-09-18T11:28:57+00:00","twitter_card":"summary_large_image","twitter_misc":{"Arvioitu lukuaika":"1 minuutti"},"schema":{"@context":"https:\/\/schema.org","@graph":[{"@type":"WebPage","@id":"https:\/\/blogs.uef.fi\/oppimisanalytiikanriskiarvio\/riskia-potentiaalisesti-lisaavien-tekijoiden-analyysi\/","url":"https:\/\/blogs.uef.fi\/oppimisanalytiikanriskiarvio\/riskia-potentiaalisesti-lisaavien-tekijoiden-analyysi\/","name":"Riski\u00e4 potentiaalisesti lis\u00e4\u00e4vien tekij\u00f6iden analyysi - Oppimisanalytiikan riskiarvioty\u00f6kalu","isPartOf":{"@id":"https:\/\/blogs.uef.fi\/oppimisanalytiikanriskiarvio\/#website"},"datePublished":"2020-03-11T13:23:47+00:00","dateModified":"2023-09-18T11:28:57+00:00","breadcrumb":{"@id":"https:\/\/blogs.uef.fi\/oppimisanalytiikanriskiarvio\/riskia-potentiaalisesti-lisaavien-tekijoiden-analyysi\/#breadcrumb"},"inLanguage":"fi","potentialAction":[{"@type":"ReadAction","target":["https:\/\/blogs.uef.fi\/oppimisanalytiikanriskiarvio\/riskia-potentiaalisesti-lisaavien-tekijoiden-analyysi\/"]}]},{"@type":"BreadcrumbList","@id":"https:\/\/blogs.uef.fi\/oppimisanalytiikanriskiarvio\/riskia-potentiaalisesti-lisaavien-tekijoiden-analyysi\/#breadcrumb","itemListElement":[{"@type":"ListItem","position":1,"name":"Home","item":"https:\/\/blogs.uef.fi\/oppimisanalytiikanriskiarvio\/"},{"@type":"ListItem","position":2,"name":"Riski\u00e4 potentiaalisesti lis\u00e4\u00e4vien tekij\u00f6iden analyysi"}]},{"@type":"WebSite","@id":"https:\/\/blogs.uef.fi\/oppimisanalytiikanriskiarvio\/#website","url":"https:\/\/blogs.uef.fi\/oppimisanalytiikanriskiarvio\/","name":"Oppimisanalytiikan riskiarvioty\u00f6kalu","description":"","potentialAction":[{"@type":"SearchAction","target":{"@type":"EntryPoint","urlTemplate":"https:\/\/blogs.uef.fi\/oppimisanalytiikanriskiarvio\/?s={search_term_string}"},"query-input":{"@type":"PropertyValueSpecification","valueRequired":true,"valueName":"search_term_string"}}],"inLanguage":"fi"}]}},"_links":{"self":[{"href":"https:\/\/blogs.uef.fi\/oppimisanalytiikanriskiarvio\/wp-json\/wp\/v2\/pages\/152","targetHints":{"allow":["GET"]}}],"collection":[{"href":"https:\/\/blogs.uef.fi\/oppimisanalytiikanriskiarvio\/wp-json\/wp\/v2\/pages"}],"about":[{"href":"https:\/\/blogs.uef.fi\/oppimisanalytiikanriskiarvio\/wp-json\/wp\/v2\/types\/page"}],"author":[{"embeddable":true,"href":"https:\/\/blogs.uef.fi\/oppimisanalytiikanriskiarvio\/wp-json\/wp\/v2\/users\/341"}],"replies":[{"embeddable":true,"href":"https:\/\/blogs.uef.fi\/oppimisanalytiikanriskiarvio\/wp-json\/wp\/v2\/comments?post=152"}],"version-history":[{"count":2,"href":"https:\/\/blogs.uef.fi\/oppimisanalytiikanriskiarvio\/wp-json\/wp\/v2\/pages\/152\/revisions"}],"predecessor-version":[{"id":1140,"href":"https:\/\/blogs.uef.fi\/oppimisanalytiikanriskiarvio\/wp-json\/wp\/v2\/pages\/152\/revisions\/1140"}],"wp:attachment":[{"href":"https:\/\/blogs.uef.fi\/oppimisanalytiikanriskiarvio\/wp-json\/wp\/v2\/media?parent=152"}],"curies":[{"name":"wp","href":"https:\/\/api.w.org\/{rel}","templated":true}]}}