{"id":146,"date":"2020-03-11T13:22:43","date_gmt":"2020-03-11T13:22:43","guid":{"rendered":"https:\/\/blogs.uef.fi\/oppimisanalytiikanriskiarvio\/?page_id=146"},"modified":"2023-09-18T14:39:58","modified_gmt":"2023-09-18T11:39:58","slug":"v-kasittelyn-tarkoitukset","status":"publish","type":"page","link":"https:\/\/blogs.uef.fi\/oppimisanalytiikanriskiarvio\/potentiaalisten-riskien-tunnistaminen\/v-kasittelyn-tarkoitukset\/","title":{"rendered":"IV K\u00c4SITTELYN TARKOITUKSET"},"content":{"rendered":"\n<p><strong>K\u00c4SITTELYN TARKOITUKSET<\/strong><\/p>\n\n\n\n<p>19. Onko tarkoituksena <a href=\"https:\/\/blogs.uef.fi\/oppimisanalytiikanriskiarvio\/potentiaalisten-riskien-tunnistaminen\/v-kasittelyn-tarkoitukset\/opiskelijoiden-tarkkailu-tai-seuraaminen\/\">tarkkailla, seurata tai valvoa opiskelijoita<\/a> j\u00e4rjestelm\u00e4llisesti?<\/p>\n\n\n\n<p><em>Ei \/ <a href=\"https:\/\/blogs.uef.fi\/oppimisanalytiikanriskiarvio\/riskia-potentiaalisesti-lisaavien-tekijoiden-analyysi\/\" target=\"_blank\" rel=\"noopener noreferrer\">Kyll\u00e4 (potentiaalinen riski, laadi tarkempi kuvaus)<\/a><\/em><\/p>\n\n\n\n<p>20. Ovatko k\u00e4sittelyn tarkoitukset opiskelijan n\u00e4k\u00f6kulmasta<a href=\"https:\/\/blogs.uef.fi\/oppimisanalytiikanriskiarvio\/potentiaalisten-riskien-tunnistaminen\/v-kasittelyn-tarkoitukset\/kasittelyn-yllattavyys\/\"> yll\u00e4tt\u00e4vi\u00e4 ja ennakoimattomia<\/a>?<\/p>\n\n\n\n<p><em>Ei \/ <a href=\"https:\/\/blogs.uef.fi\/oppimisanalytiikanriskiarvio\/riskia-potentiaalisesti-lisaavien-tekijoiden-analyysi\/\" target=\"_blank\" rel=\"noopener noreferrer\">Kyll\u00e4 (potentiaalinen riski, laadi tarkempi kuvaus)<\/a><\/em><\/p>\n\n\n\n<p>21. Onko tarkoituksena<a href=\"https:\/\/blogs.uef.fi\/oppimisanalytiikanriskiarvio\/potentiaalisten-riskien-tunnistaminen\/v-kasittelyn-tarkoitukset\/448-2\/\"> arvioida tai pisteytt\u00e4\u00e4 opiskelijoita (profilointi, jos automaattista)<\/a>?<\/p>\n\n\n\n<p><em>Ei \/ <a href=\"https:\/\/blogs.uef.fi\/oppimisanalytiikanriskiarvio\/riskia-potentiaalisesti-lisaavien-tekijoiden-analyysi\/\" target=\"_blank\" rel=\"noopener noreferrer\">Kyll\u00e4 (potentiaalinen riski, laadi tarkempi kuvaus)<\/a><\/em><\/p>\n\n\n\n<p>22. Tehd\u00e4\u00e4nk\u00f6 <a href=\"https:\/\/blogs.uef.fi\/oppimisanalytiikanriskiarvio\/potentiaalisten-riskien-tunnistaminen\/v-kasittelyn-tarkoitukset\/automaattinen-paatoksenteko\/\">automaattisesti opiskelijaa koskevia p\u00e4\u00e4t\u00f6ksi\u00e4<\/a> ?<\/p>\n\n\n\n<p><em>Ei \/ <a href=\"https:\/\/blogs.uef.fi\/oppimisanalytiikanriskiarvio\/riskia-potentiaalisesti-lisaavien-tekijoiden-analyysi\/\" target=\"_blank\" rel=\"noopener noreferrer\">Kyll\u00e4 (potentiaalinen riski, laadi tarkempi kuvaus)<\/a><\/em><\/p>\n\n\n\n<p>23. Jos p\u00e4\u00e4t\u00f6ksi\u00e4 tehd\u00e4\u00e4n, <a href=\"https:\/\/blogs.uef.fi\/oppimisanalytiikanriskiarvio\/potentiaalisten-riskien-tunnistaminen\/v-kasittelyn-tarkoitukset\/paatosten-vaikutukset\/\">ovatko t\u00e4llaisten p\u00e4\u00e4t\u00f6sten vaikutukset erityisen merkitt\u00e4vi\u00e4<\/a>?<\/p>\n\n\n\n<p><em>Ei \/ <a href=\"https:\/\/blogs.uef.fi\/oppimisanalytiikanriskiarvio\/riskia-potentiaalisesti-lisaavien-tekijoiden-analyysi\/\" target=\"_blank\" rel=\"noopener noreferrer\">Kyll\u00e4 (potentiaalinen riski, laadi tarkempi kuvaus)<\/a><\/em><\/p>\n\n\n\n<p>24. Voiko opiskelijalta poistua k\u00e4sittelyn seurauksena oikeus osallistua tietylle opintojaksolle tai saada tietty\u00e4 palvelua taikka voiko k\u00e4sittely muuten vastaavalla tavalla <a href=\"https:\/\/blogs.uef.fi\/oppimisanalytiikanriskiarvio\/potentiaalisten-riskien-tunnistaminen\/v-kasittelyn-tarkoitukset\/vaikutus-opiskeluoikeuksiin\/\">rajoittaa opiskelijan oikeutta valita vapaasti<\/a>?<\/p>\n\n\n\n<p><em>Ei \/ <a href=\"https:\/\/blogs.uef.fi\/oppimisanalytiikanriskiarvio\/riskia-potentiaalisesti-lisaavien-tekijoiden-analyysi\/\" target=\"_blank\" rel=\"noopener noreferrer\">Kyll\u00e4 (potentiaalinen riski, laadi tarkempi kuvaus)<\/a><\/em><\/p>\n","protected":false},"excerpt":{"rendered":"<p>K\u00c4SITTELYN TARKOITUKSET 19. Onko tarkoituksena tarkkailla, seurata tai valvoa opiskelijoita j\u00e4rjestelm\u00e4llisesti? Ei \/ Kyll\u00e4 (potentiaalinen riski, laadi tarkempi kuvaus) 20. Ovatko k\u00e4sittelyn tarkoitukset opiskelijan n\u00e4k\u00f6kulmasta yll\u00e4tt\u00e4vi\u00e4 ja ennakoimattomia? Ei \/ Kyll\u00e4 (potentiaalinen riski, laadi tarkempi kuvaus) 21. Onko tarkoituksena arvioida tai pisteytt\u00e4\u00e4 opiskelijoita (profilointi, jos automaattista)? Ei \/ Kyll\u00e4 (potentiaalinen riski, laadi tarkempi kuvaus) 22. [&hellip;]<\/p>\n","protected":false},"author":341,"featured_media":0,"parent":121,"menu_order":4,"comment_status":"closed","ping_status":"closed","template":"","meta":{"_acf_changed":false,"footnotes":""},"class_list":["post-146","page","type-page","status-publish","hentry"],"acf":[],"yoast_head":"<!-- This site is optimized with the Yoast SEO plugin v27.3 - https:\/\/yoast.com\/product\/yoast-seo-wordpress\/ -->\n<title>IV K\u00c4SITTELYN TARKOITUKSET - Oppimisanalytiikan riskiarvioty\u00f6kalu<\/title>\n<meta name=\"robots\" content=\"index, follow, max-snippet:-1, max-image-preview:large, max-video-preview:-1\" \/>\n<link rel=\"canonical\" href=\"https:\/\/blogs.uef.fi\/oppimisanalytiikanriskiarvio\/potentiaalisten-riskien-tunnistaminen\/v-kasittelyn-tarkoitukset\/\" \/>\n<meta property=\"og:locale\" content=\"fi_FI\" \/>\n<meta property=\"og:type\" content=\"article\" \/>\n<meta property=\"og:title\" content=\"IV K\u00c4SITTELYN TARKOITUKSET - Oppimisanalytiikan riskiarvioty\u00f6kalu\" \/>\n<meta property=\"og:description\" content=\"K\u00c4SITTELYN TARKOITUKSET 19. Onko tarkoituksena tarkkailla, seurata tai valvoa opiskelijoita j\u00e4rjestelm\u00e4llisesti? Ei \/ Kyll\u00e4 (potentiaalinen riski, laadi tarkempi kuvaus) 20. Ovatko k\u00e4sittelyn tarkoitukset opiskelijan n\u00e4k\u00f6kulmasta yll\u00e4tt\u00e4vi\u00e4 ja ennakoimattomia? Ei \/ Kyll\u00e4 (potentiaalinen riski, laadi tarkempi kuvaus) 21. Onko tarkoituksena arvioida tai pisteytt\u00e4\u00e4 opiskelijoita (profilointi, jos automaattista)? Ei \/ Kyll\u00e4 (potentiaalinen riski, laadi tarkempi kuvaus) 22. [&hellip;]\" \/>\n<meta property=\"og:url\" content=\"https:\/\/blogs.uef.fi\/oppimisanalytiikanriskiarvio\/potentiaalisten-riskien-tunnistaminen\/v-kasittelyn-tarkoitukset\/\" \/>\n<meta property=\"og:site_name\" content=\"Oppimisanalytiikan riskiarvioty\u00f6kalu\" \/>\n<meta property=\"article:modified_time\" content=\"2023-09-18T11:39:58+00:00\" \/>\n<meta name=\"twitter:card\" content=\"summary_large_image\" \/>\n<meta name=\"twitter:label1\" content=\"Arvioitu lukuaika\" \/>\n\t<meta name=\"twitter:data1\" content=\"1 minuutti\" \/>\n<script type=\"application\/ld+json\" class=\"yoast-schema-graph\">{\"@context\":\"https:\\\/\\\/schema.org\",\"@graph\":[{\"@type\":\"WebPage\",\"@id\":\"https:\\\/\\\/blogs.uef.fi\\\/oppimisanalytiikanriskiarvio\\\/potentiaalisten-riskien-tunnistaminen\\\/v-kasittelyn-tarkoitukset\\\/\",\"url\":\"https:\\\/\\\/blogs.uef.fi\\\/oppimisanalytiikanriskiarvio\\\/potentiaalisten-riskien-tunnistaminen\\\/v-kasittelyn-tarkoitukset\\\/\",\"name\":\"IV K\u00c4SITTELYN TARKOITUKSET - Oppimisanalytiikan riskiarvioty\u00f6kalu\",\"isPartOf\":{\"@id\":\"https:\\\/\\\/blogs.uef.fi\\\/oppimisanalytiikanriskiarvio\\\/#website\"},\"datePublished\":\"2020-03-11T13:22:43+00:00\",\"dateModified\":\"2023-09-18T11:39:58+00:00\",\"breadcrumb\":{\"@id\":\"https:\\\/\\\/blogs.uef.fi\\\/oppimisanalytiikanriskiarvio\\\/potentiaalisten-riskien-tunnistaminen\\\/v-kasittelyn-tarkoitukset\\\/#breadcrumb\"},\"inLanguage\":\"fi\",\"potentialAction\":[{\"@type\":\"ReadAction\",\"target\":[\"https:\\\/\\\/blogs.uef.fi\\\/oppimisanalytiikanriskiarvio\\\/potentiaalisten-riskien-tunnistaminen\\\/v-kasittelyn-tarkoitukset\\\/\"]}]},{\"@type\":\"BreadcrumbList\",\"@id\":\"https:\\\/\\\/blogs.uef.fi\\\/oppimisanalytiikanriskiarvio\\\/potentiaalisten-riskien-tunnistaminen\\\/v-kasittelyn-tarkoitukset\\\/#breadcrumb\",\"itemListElement\":[{\"@type\":\"ListItem\",\"position\":1,\"name\":\"Home\",\"item\":\"https:\\\/\\\/blogs.uef.fi\\\/oppimisanalytiikanriskiarvio\\\/\"},{\"@type\":\"ListItem\",\"position\":2,\"name\":\"2. Potentiaalisten riskien tunnistaminen\",\"item\":\"https:\\\/\\\/blogs.uef.fi\\\/oppimisanalytiikanriskiarvio\\\/potentiaalisten-riskien-tunnistaminen\\\/\"},{\"@type\":\"ListItem\",\"position\":3,\"name\":\"IV K\u00c4SITTELYN TARKOITUKSET\"}]},{\"@type\":\"WebSite\",\"@id\":\"https:\\\/\\\/blogs.uef.fi\\\/oppimisanalytiikanriskiarvio\\\/#website\",\"url\":\"https:\\\/\\\/blogs.uef.fi\\\/oppimisanalytiikanriskiarvio\\\/\",\"name\":\"Oppimisanalytiikan riskiarvioty\u00f6kalu\",\"description\":\"\",\"potentialAction\":[{\"@type\":\"SearchAction\",\"target\":{\"@type\":\"EntryPoint\",\"urlTemplate\":\"https:\\\/\\\/blogs.uef.fi\\\/oppimisanalytiikanriskiarvio\\\/?s={search_term_string}\"},\"query-input\":{\"@type\":\"PropertyValueSpecification\",\"valueRequired\":true,\"valueName\":\"search_term_string\"}}],\"inLanguage\":\"fi\"}]}<\/script>\n<!-- \/ Yoast SEO plugin. -->","yoast_head_json":{"title":"IV K\u00c4SITTELYN TARKOITUKSET - Oppimisanalytiikan riskiarvioty\u00f6kalu","robots":{"index":"index","follow":"follow","max-snippet":"max-snippet:-1","max-image-preview":"max-image-preview:large","max-video-preview":"max-video-preview:-1"},"canonical":"https:\/\/blogs.uef.fi\/oppimisanalytiikanriskiarvio\/potentiaalisten-riskien-tunnistaminen\/v-kasittelyn-tarkoitukset\/","og_locale":"fi_FI","og_type":"article","og_title":"IV K\u00c4SITTELYN TARKOITUKSET - Oppimisanalytiikan riskiarvioty\u00f6kalu","og_description":"K\u00c4SITTELYN TARKOITUKSET 19. Onko tarkoituksena tarkkailla, seurata tai valvoa opiskelijoita j\u00e4rjestelm\u00e4llisesti? Ei \/ Kyll\u00e4 (potentiaalinen riski, laadi tarkempi kuvaus) 20. Ovatko k\u00e4sittelyn tarkoitukset opiskelijan n\u00e4k\u00f6kulmasta yll\u00e4tt\u00e4vi\u00e4 ja ennakoimattomia? Ei \/ Kyll\u00e4 (potentiaalinen riski, laadi tarkempi kuvaus) 21. Onko tarkoituksena arvioida tai pisteytt\u00e4\u00e4 opiskelijoita (profilointi, jos automaattista)? Ei \/ Kyll\u00e4 (potentiaalinen riski, laadi tarkempi kuvaus) 22. [&hellip;]","og_url":"https:\/\/blogs.uef.fi\/oppimisanalytiikanriskiarvio\/potentiaalisten-riskien-tunnistaminen\/v-kasittelyn-tarkoitukset\/","og_site_name":"Oppimisanalytiikan riskiarvioty\u00f6kalu","article_modified_time":"2023-09-18T11:39:58+00:00","twitter_card":"summary_large_image","twitter_misc":{"Arvioitu lukuaika":"1 minuutti"},"schema":{"@context":"https:\/\/schema.org","@graph":[{"@type":"WebPage","@id":"https:\/\/blogs.uef.fi\/oppimisanalytiikanriskiarvio\/potentiaalisten-riskien-tunnistaminen\/v-kasittelyn-tarkoitukset\/","url":"https:\/\/blogs.uef.fi\/oppimisanalytiikanriskiarvio\/potentiaalisten-riskien-tunnistaminen\/v-kasittelyn-tarkoitukset\/","name":"IV K\u00c4SITTELYN TARKOITUKSET - Oppimisanalytiikan riskiarvioty\u00f6kalu","isPartOf":{"@id":"https:\/\/blogs.uef.fi\/oppimisanalytiikanriskiarvio\/#website"},"datePublished":"2020-03-11T13:22:43+00:00","dateModified":"2023-09-18T11:39:58+00:00","breadcrumb":{"@id":"https:\/\/blogs.uef.fi\/oppimisanalytiikanriskiarvio\/potentiaalisten-riskien-tunnistaminen\/v-kasittelyn-tarkoitukset\/#breadcrumb"},"inLanguage":"fi","potentialAction":[{"@type":"ReadAction","target":["https:\/\/blogs.uef.fi\/oppimisanalytiikanriskiarvio\/potentiaalisten-riskien-tunnistaminen\/v-kasittelyn-tarkoitukset\/"]}]},{"@type":"BreadcrumbList","@id":"https:\/\/blogs.uef.fi\/oppimisanalytiikanriskiarvio\/potentiaalisten-riskien-tunnistaminen\/v-kasittelyn-tarkoitukset\/#breadcrumb","itemListElement":[{"@type":"ListItem","position":1,"name":"Home","item":"https:\/\/blogs.uef.fi\/oppimisanalytiikanriskiarvio\/"},{"@type":"ListItem","position":2,"name":"2. Potentiaalisten riskien tunnistaminen","item":"https:\/\/blogs.uef.fi\/oppimisanalytiikanriskiarvio\/potentiaalisten-riskien-tunnistaminen\/"},{"@type":"ListItem","position":3,"name":"IV K\u00c4SITTELYN TARKOITUKSET"}]},{"@type":"WebSite","@id":"https:\/\/blogs.uef.fi\/oppimisanalytiikanriskiarvio\/#website","url":"https:\/\/blogs.uef.fi\/oppimisanalytiikanriskiarvio\/","name":"Oppimisanalytiikan riskiarvioty\u00f6kalu","description":"","potentialAction":[{"@type":"SearchAction","target":{"@type":"EntryPoint","urlTemplate":"https:\/\/blogs.uef.fi\/oppimisanalytiikanriskiarvio\/?s={search_term_string}"},"query-input":{"@type":"PropertyValueSpecification","valueRequired":true,"valueName":"search_term_string"}}],"inLanguage":"fi"}]}},"_links":{"self":[{"href":"https:\/\/blogs.uef.fi\/oppimisanalytiikanriskiarvio\/wp-json\/wp\/v2\/pages\/146","targetHints":{"allow":["GET"]}}],"collection":[{"href":"https:\/\/blogs.uef.fi\/oppimisanalytiikanriskiarvio\/wp-json\/wp\/v2\/pages"}],"about":[{"href":"https:\/\/blogs.uef.fi\/oppimisanalytiikanriskiarvio\/wp-json\/wp\/v2\/types\/page"}],"author":[{"embeddable":true,"href":"https:\/\/blogs.uef.fi\/oppimisanalytiikanriskiarvio\/wp-json\/wp\/v2\/users\/341"}],"replies":[{"embeddable":true,"href":"https:\/\/blogs.uef.fi\/oppimisanalytiikanriskiarvio\/wp-json\/wp\/v2\/comments?post=146"}],"version-history":[{"count":2,"href":"https:\/\/blogs.uef.fi\/oppimisanalytiikanriskiarvio\/wp-json\/wp\/v2\/pages\/146\/revisions"}],"predecessor-version":[{"id":1188,"href":"https:\/\/blogs.uef.fi\/oppimisanalytiikanriskiarvio\/wp-json\/wp\/v2\/pages\/146\/revisions\/1188"}],"up":[{"embeddable":true,"href":"https:\/\/blogs.uef.fi\/oppimisanalytiikanriskiarvio\/wp-json\/wp\/v2\/pages\/121"}],"wp:attachment":[{"href":"https:\/\/blogs.uef.fi\/oppimisanalytiikanriskiarvio\/wp-json\/wp\/v2\/media?parent=146"}],"curies":[{"name":"wp","href":"https:\/\/api.w.org\/{rel}","templated":true}]}}