{"id":142,"date":"2020-03-11T11:54:42","date_gmt":"2020-03-11T11:54:42","guid":{"rendered":"https:\/\/blogs.uef.fi\/oppimisanalytiikanriskiarvio\/?page_id=142"},"modified":"2023-09-18T14:37:25","modified_gmt":"2023-09-18T11:37:25","slug":"iii-kasittelyn-asiayhteys","status":"publish","type":"page","link":"https:\/\/blogs.uef.fi\/oppimisanalytiikanriskiarvio\/potentiaalisten-riskien-tunnistaminen\/iii-kasittelyn-asiayhteys\/","title":{"rendered":"III K\u00c4SITTELYN ASIAYHTEYS"},"content":{"rendered":"\n<h1 class=\"wp-block-heading\"><strong>K\u00c4SITTELYN ASIAYHTEYS<\/strong><\/h1>\n\n\n\n<p>15. Ovatko tiedot opiskelijan n\u00e4k\u00f6kulmasta <a href=\"https:\/\/blogs.uef.fi\/oppimisanalytiikanriskiarvio\/potentiaalisten-riskien-tunnistaminen\/iii-kasittelyn-asiayhteys\/tietojen-luottamuksellisuus\/\">luottamuksellisia<\/a>?<\/p>\n\n\n\n<p><em>Ei \/ <a href=\"https:\/\/blogs.uef.fi\/oppimisanalytiikanriskiarvio\/potentiaalisten-riskien-tunnistaminen\/\" target=\"_blank\" rel=\"noopener noreferrer\">Kyll\u00e4 (potentiaalinen riski, laadi tarkempi kuvaus)<\/a><\/em><\/p>\n\n\n\n<p>16. Onko tarkoituksena <a href=\"https:\/\/blogs.uef.fi\/oppimisanalytiikanriskiarvio\/potentiaalisten-riskien-tunnistaminen\/iii-kasittelyn-asiayhteys\/tietojen-yhdistely\/\">yhdistell\u00e4 laajasti eri yhteyksist\u00e4 saatuja opiskelijan tietoja<\/a>?<\/p>\n\n\n\n<p><em>Ei \/ <a href=\"https:\/\/blogs.uef.fi\/oppimisanalytiikanriskiarvio\/potentiaalisten-riskien-tunnistaminen\/\" target=\"_blank\" rel=\"noopener noreferrer\">Kyll\u00e4 (potentiaalinen riski, laadi tarkempi kuvaus)<\/a><\/em><\/p>\n\n\n\n<p>17. Onko tietojen yhdist\u00e4minen opiskelijan n\u00e4k\u00f6kulmasta yll\u00e4tt\u00e4v\u00e4\u00e4 ja odottamatonta?<\/p>\n\n\n\n<p><em>Ei \/ <a href=\"https:\/\/blogs.uef.fi\/oppimisanalytiikanriskiarvio\/potentiaalisten-riskien-tunnistaminen\/\" target=\"_blank\" rel=\"noopener noreferrer\">Kyll\u00e4 (potentiaalinen riski, laadi tarkempi kuvaus)<\/a><\/em><\/p>\n\n\n\n<p>18. Syntyyk\u00f6 k\u00e4sittelyn tuloksena <a href=\"https:\/\/blogs.uef.fi\/oppimisanalytiikanriskiarvio\/potentiaalisten-riskien-tunnistaminen\/iii-kasittelyn-asiayhteys\/julkisten-tietojen-syntyminen\/\">julkisuuslain nojalla julkisia tietoja<\/a> ?<\/p>\n\n\n\n<p><em>Ei \/<a href=\"https:\/\/blogs.uef.fi\/oppimisanalytiikanriskiarvio\/potentiaalisten-riskien-tunnistaminen\/\" target=\"_blank\" rel=\"noopener noreferrer\"> Kyll\u00e4 (potentiaalinen riski, laadi tarkempi kuvaus)<\/a><\/em><\/p>\n","protected":false},"excerpt":{"rendered":"<p>K\u00c4SITTELYN ASIAYHTEYS 15. Ovatko tiedot opiskelijan n\u00e4k\u00f6kulmasta luottamuksellisia? Ei \/ Kyll\u00e4 (potentiaalinen riski, laadi tarkempi kuvaus) 16. Onko tarkoituksena yhdistell\u00e4 laajasti eri yhteyksist\u00e4 saatuja opiskelijan tietoja? Ei \/ Kyll\u00e4 (potentiaalinen riski, laadi tarkempi kuvaus) 17. Onko tietojen yhdist\u00e4minen opiskelijan n\u00e4k\u00f6kulmasta yll\u00e4tt\u00e4v\u00e4\u00e4 ja odottamatonta? Ei \/ Kyll\u00e4 (potentiaalinen riski, laadi tarkempi kuvaus) 18. Syntyyk\u00f6 k\u00e4sittelyn tuloksena [&hellip;]<\/p>\n","protected":false},"author":341,"featured_media":0,"parent":121,"menu_order":3,"comment_status":"closed","ping_status":"closed","template":"","meta":{"_acf_changed":false,"footnotes":""},"class_list":["post-142","page","type-page","status-publish","hentry"],"acf":[],"yoast_head":"<!-- This site is optimized with the Yoast SEO plugin v27.1.1 - https:\/\/yoast.com\/product\/yoast-seo-wordpress\/ -->\n<title>III K\u00c4SITTELYN ASIAYHTEYS - Oppimisanalytiikan riskiarvioty\u00f6kalu<\/title>\n<meta name=\"robots\" content=\"index, follow, max-snippet:-1, max-image-preview:large, max-video-preview:-1\" \/>\n<link rel=\"canonical\" href=\"https:\/\/blogs.uef.fi\/oppimisanalytiikanriskiarvio\/potentiaalisten-riskien-tunnistaminen\/iii-kasittelyn-asiayhteys\/\" \/>\n<meta property=\"og:locale\" content=\"fi_FI\" \/>\n<meta property=\"og:type\" content=\"article\" \/>\n<meta property=\"og:title\" content=\"III K\u00c4SITTELYN ASIAYHTEYS - Oppimisanalytiikan riskiarvioty\u00f6kalu\" \/>\n<meta property=\"og:description\" content=\"K\u00c4SITTELYN ASIAYHTEYS 15. Ovatko tiedot opiskelijan n\u00e4k\u00f6kulmasta luottamuksellisia? Ei \/ Kyll\u00e4 (potentiaalinen riski, laadi tarkempi kuvaus) 16. Onko tarkoituksena yhdistell\u00e4 laajasti eri yhteyksist\u00e4 saatuja opiskelijan tietoja? Ei \/ Kyll\u00e4 (potentiaalinen riski, laadi tarkempi kuvaus) 17. Onko tietojen yhdist\u00e4minen opiskelijan n\u00e4k\u00f6kulmasta yll\u00e4tt\u00e4v\u00e4\u00e4 ja odottamatonta? Ei \/ Kyll\u00e4 (potentiaalinen riski, laadi tarkempi kuvaus) 18. Syntyyk\u00f6 k\u00e4sittelyn tuloksena [&hellip;]\" \/>\n<meta property=\"og:url\" content=\"https:\/\/blogs.uef.fi\/oppimisanalytiikanriskiarvio\/potentiaalisten-riskien-tunnistaminen\/iii-kasittelyn-asiayhteys\/\" \/>\n<meta property=\"og:site_name\" content=\"Oppimisanalytiikan riskiarvioty\u00f6kalu\" \/>\n<meta property=\"article:modified_time\" content=\"2023-09-18T11:37:25+00:00\" \/>\n<meta name=\"twitter:card\" content=\"summary_large_image\" \/>\n<meta name=\"twitter:label1\" content=\"Arvioitu lukuaika\" \/>\n\t<meta name=\"twitter:data1\" content=\"1 minuutti\" \/>\n<script type=\"application\/ld+json\" class=\"yoast-schema-graph\">{\"@context\":\"https:\/\/schema.org\",\"@graph\":[{\"@type\":\"WebPage\",\"@id\":\"https:\/\/blogs.uef.fi\/oppimisanalytiikanriskiarvio\/potentiaalisten-riskien-tunnistaminen\/iii-kasittelyn-asiayhteys\/\",\"url\":\"https:\/\/blogs.uef.fi\/oppimisanalytiikanriskiarvio\/potentiaalisten-riskien-tunnistaminen\/iii-kasittelyn-asiayhteys\/\",\"name\":\"III K\u00c4SITTELYN ASIAYHTEYS - Oppimisanalytiikan riskiarvioty\u00f6kalu\",\"isPartOf\":{\"@id\":\"https:\/\/blogs.uef.fi\/oppimisanalytiikanriskiarvio\/#website\"},\"datePublished\":\"2020-03-11T11:54:42+00:00\",\"dateModified\":\"2023-09-18T11:37:25+00:00\",\"breadcrumb\":{\"@id\":\"https:\/\/blogs.uef.fi\/oppimisanalytiikanriskiarvio\/potentiaalisten-riskien-tunnistaminen\/iii-kasittelyn-asiayhteys\/#breadcrumb\"},\"inLanguage\":\"fi\",\"potentialAction\":[{\"@type\":\"ReadAction\",\"target\":[\"https:\/\/blogs.uef.fi\/oppimisanalytiikanriskiarvio\/potentiaalisten-riskien-tunnistaminen\/iii-kasittelyn-asiayhteys\/\"]}]},{\"@type\":\"BreadcrumbList\",\"@id\":\"https:\/\/blogs.uef.fi\/oppimisanalytiikanriskiarvio\/potentiaalisten-riskien-tunnistaminen\/iii-kasittelyn-asiayhteys\/#breadcrumb\",\"itemListElement\":[{\"@type\":\"ListItem\",\"position\":1,\"name\":\"Home\",\"item\":\"https:\/\/blogs.uef.fi\/oppimisanalytiikanriskiarvio\/\"},{\"@type\":\"ListItem\",\"position\":2,\"name\":\"2. Potentiaalisten riskien tunnistaminen\",\"item\":\"https:\/\/blogs.uef.fi\/oppimisanalytiikanriskiarvio\/potentiaalisten-riskien-tunnistaminen\/\"},{\"@type\":\"ListItem\",\"position\":3,\"name\":\"III K\u00c4SITTELYN ASIAYHTEYS\"}]},{\"@type\":\"WebSite\",\"@id\":\"https:\/\/blogs.uef.fi\/oppimisanalytiikanriskiarvio\/#website\",\"url\":\"https:\/\/blogs.uef.fi\/oppimisanalytiikanriskiarvio\/\",\"name\":\"Oppimisanalytiikan riskiarvioty\u00f6kalu\",\"description\":\"\",\"potentialAction\":[{\"@type\":\"SearchAction\",\"target\":{\"@type\":\"EntryPoint\",\"urlTemplate\":\"https:\/\/blogs.uef.fi\/oppimisanalytiikanriskiarvio\/?s={search_term_string}\"},\"query-input\":{\"@type\":\"PropertyValueSpecification\",\"valueRequired\":true,\"valueName\":\"search_term_string\"}}],\"inLanguage\":\"fi\"}]}<\/script>\n<!-- \/ Yoast SEO plugin. -->","yoast_head_json":{"title":"III K\u00c4SITTELYN ASIAYHTEYS - Oppimisanalytiikan riskiarvioty\u00f6kalu","robots":{"index":"index","follow":"follow","max-snippet":"max-snippet:-1","max-image-preview":"max-image-preview:large","max-video-preview":"max-video-preview:-1"},"canonical":"https:\/\/blogs.uef.fi\/oppimisanalytiikanriskiarvio\/potentiaalisten-riskien-tunnistaminen\/iii-kasittelyn-asiayhteys\/","og_locale":"fi_FI","og_type":"article","og_title":"III K\u00c4SITTELYN ASIAYHTEYS - Oppimisanalytiikan riskiarvioty\u00f6kalu","og_description":"K\u00c4SITTELYN ASIAYHTEYS 15. Ovatko tiedot opiskelijan n\u00e4k\u00f6kulmasta luottamuksellisia? Ei \/ Kyll\u00e4 (potentiaalinen riski, laadi tarkempi kuvaus) 16. Onko tarkoituksena yhdistell\u00e4 laajasti eri yhteyksist\u00e4 saatuja opiskelijan tietoja? Ei \/ Kyll\u00e4 (potentiaalinen riski, laadi tarkempi kuvaus) 17. Onko tietojen yhdist\u00e4minen opiskelijan n\u00e4k\u00f6kulmasta yll\u00e4tt\u00e4v\u00e4\u00e4 ja odottamatonta? Ei \/ Kyll\u00e4 (potentiaalinen riski, laadi tarkempi kuvaus) 18. Syntyyk\u00f6 k\u00e4sittelyn tuloksena [&hellip;]","og_url":"https:\/\/blogs.uef.fi\/oppimisanalytiikanriskiarvio\/potentiaalisten-riskien-tunnistaminen\/iii-kasittelyn-asiayhteys\/","og_site_name":"Oppimisanalytiikan riskiarvioty\u00f6kalu","article_modified_time":"2023-09-18T11:37:25+00:00","twitter_card":"summary_large_image","twitter_misc":{"Arvioitu lukuaika":"1 minuutti"},"schema":{"@context":"https:\/\/schema.org","@graph":[{"@type":"WebPage","@id":"https:\/\/blogs.uef.fi\/oppimisanalytiikanriskiarvio\/potentiaalisten-riskien-tunnistaminen\/iii-kasittelyn-asiayhteys\/","url":"https:\/\/blogs.uef.fi\/oppimisanalytiikanriskiarvio\/potentiaalisten-riskien-tunnistaminen\/iii-kasittelyn-asiayhteys\/","name":"III K\u00c4SITTELYN ASIAYHTEYS - Oppimisanalytiikan riskiarvioty\u00f6kalu","isPartOf":{"@id":"https:\/\/blogs.uef.fi\/oppimisanalytiikanriskiarvio\/#website"},"datePublished":"2020-03-11T11:54:42+00:00","dateModified":"2023-09-18T11:37:25+00:00","breadcrumb":{"@id":"https:\/\/blogs.uef.fi\/oppimisanalytiikanriskiarvio\/potentiaalisten-riskien-tunnistaminen\/iii-kasittelyn-asiayhteys\/#breadcrumb"},"inLanguage":"fi","potentialAction":[{"@type":"ReadAction","target":["https:\/\/blogs.uef.fi\/oppimisanalytiikanriskiarvio\/potentiaalisten-riskien-tunnistaminen\/iii-kasittelyn-asiayhteys\/"]}]},{"@type":"BreadcrumbList","@id":"https:\/\/blogs.uef.fi\/oppimisanalytiikanriskiarvio\/potentiaalisten-riskien-tunnistaminen\/iii-kasittelyn-asiayhteys\/#breadcrumb","itemListElement":[{"@type":"ListItem","position":1,"name":"Home","item":"https:\/\/blogs.uef.fi\/oppimisanalytiikanriskiarvio\/"},{"@type":"ListItem","position":2,"name":"2. Potentiaalisten riskien tunnistaminen","item":"https:\/\/blogs.uef.fi\/oppimisanalytiikanriskiarvio\/potentiaalisten-riskien-tunnistaminen\/"},{"@type":"ListItem","position":3,"name":"III K\u00c4SITTELYN ASIAYHTEYS"}]},{"@type":"WebSite","@id":"https:\/\/blogs.uef.fi\/oppimisanalytiikanriskiarvio\/#website","url":"https:\/\/blogs.uef.fi\/oppimisanalytiikanriskiarvio\/","name":"Oppimisanalytiikan riskiarvioty\u00f6kalu","description":"","potentialAction":[{"@type":"SearchAction","target":{"@type":"EntryPoint","urlTemplate":"https:\/\/blogs.uef.fi\/oppimisanalytiikanriskiarvio\/?s={search_term_string}"},"query-input":{"@type":"PropertyValueSpecification","valueRequired":true,"valueName":"search_term_string"}}],"inLanguage":"fi"}]}},"_links":{"self":[{"href":"https:\/\/blogs.uef.fi\/oppimisanalytiikanriskiarvio\/wp-json\/wp\/v2\/pages\/142","targetHints":{"allow":["GET"]}}],"collection":[{"href":"https:\/\/blogs.uef.fi\/oppimisanalytiikanriskiarvio\/wp-json\/wp\/v2\/pages"}],"about":[{"href":"https:\/\/blogs.uef.fi\/oppimisanalytiikanriskiarvio\/wp-json\/wp\/v2\/types\/page"}],"author":[{"embeddable":true,"href":"https:\/\/blogs.uef.fi\/oppimisanalytiikanriskiarvio\/wp-json\/wp\/v2\/users\/341"}],"replies":[{"embeddable":true,"href":"https:\/\/blogs.uef.fi\/oppimisanalytiikanriskiarvio\/wp-json\/wp\/v2\/comments?post=142"}],"version-history":[{"count":2,"href":"https:\/\/blogs.uef.fi\/oppimisanalytiikanriskiarvio\/wp-json\/wp\/v2\/pages\/142\/revisions"}],"predecessor-version":[{"id":1176,"href":"https:\/\/blogs.uef.fi\/oppimisanalytiikanriskiarvio\/wp-json\/wp\/v2\/pages\/142\/revisions\/1176"}],"up":[{"embeddable":true,"href":"https:\/\/blogs.uef.fi\/oppimisanalytiikanriskiarvio\/wp-json\/wp\/v2\/pages\/121"}],"wp:attachment":[{"href":"https:\/\/blogs.uef.fi\/oppimisanalytiikanriskiarvio\/wp-json\/wp\/v2\/media?parent=142"}],"curies":[{"name":"wp","href":"https:\/\/api.w.org\/{rel}","templated":true}]}}