{"id":356,"date":"2021-05-21T09:19:20","date_gmt":"2021-05-21T06:19:20","guid":{"rendered":"https:\/\/blogs.uef.fi\/oikaisupyynnot2019\/?page_id=356"},"modified":"2024-08-01T15:00:04","modified_gmt":"2024-08-01T12:00:04","slug":"taydennyspyynto","status":"publish","type":"page","link":"https:\/\/blogs.uef.fi\/oikaisupyynnot2019\/taydennyspyynto\/","title":{"rendered":"T\u00e4ydennyspyynt\u00f6"},"content":{"rendered":"<p>T\u00e4ydennyspyynt\u00f6jen vastaanotto on p\u00e4\u00e4ttynyt 1.8.2024 kello 15:00.<\/p>\n","protected":false},"excerpt":{"rendered":"<p>T\u00e4ydennyspyynt\u00f6jen vastaanotto on p\u00e4\u00e4ttynyt 1.8.2024 kello 15:00.<\/p>\n","protected":false},"author":1,"featured_media":0,"parent":0,"menu_order":0,"comment_status":"closed","ping_status":"closed","template":"","meta":{"_acf_changed":false,"footnotes":""},"class_list":["post-356","page","type-page","status-publish","hentry"],"acf":[],"yoast_head":"<!-- This site is optimized with the Yoast SEO plugin v27.1.1 - https:\/\/yoast.com\/product\/yoast-seo-wordpress\/ -->\n<title>T\u00e4ydennyspyynt\u00f6 -<\/title>\n<meta name=\"robots\" content=\"index, follow, max-snippet:-1, max-image-preview:large, max-video-preview:-1\" \/>\n<link rel=\"canonical\" href=\"https:\/\/blogs.uef.fi\/oikaisupyynnot2019\/taydennyspyynto\/\" \/>\n<meta property=\"og:locale\" content=\"fi_FI\" \/>\n<meta property=\"og:type\" content=\"article\" \/>\n<meta property=\"og:title\" content=\"T\u00e4ydennyspyynt\u00f6 -\" \/>\n<meta property=\"og:description\" content=\"T\u00e4ydennyspyynt\u00f6jen vastaanotto on p\u00e4\u00e4ttynyt 1.8.2024 kello 15:00.\" \/>\n<meta property=\"og:url\" content=\"https:\/\/blogs.uef.fi\/oikaisupyynnot2019\/taydennyspyynto\/\" \/>\n<meta property=\"article:modified_time\" content=\"2024-08-01T12:00:04+00:00\" \/>\n<meta name=\"twitter:card\" content=\"summary_large_image\" \/>\n<meta name=\"twitter:label1\" content=\"Arvioitu lukuaika\" \/>\n\t<meta name=\"twitter:data1\" content=\"1 minuutti\" \/>\n<script type=\"application\/ld+json\" class=\"yoast-schema-graph\">{\"@context\":\"https:\/\/schema.org\",\"@graph\":[{\"@type\":\"WebPage\",\"@id\":\"https:\/\/blogs.uef.fi\/oikaisupyynnot2019\/taydennyspyynto\/\",\"url\":\"https:\/\/blogs.uef.fi\/oikaisupyynnot2019\/taydennyspyynto\/\",\"name\":\"T\u00e4ydennyspyynt\u00f6 -\",\"isPartOf\":{\"@id\":\"https:\/\/blogs.uef.fi\/oikaisupyynnot2019\/#website\"},\"datePublished\":\"2021-05-21T06:19:20+00:00\",\"dateModified\":\"2024-08-01T12:00:04+00:00\",\"breadcrumb\":{\"@id\":\"https:\/\/blogs.uef.fi\/oikaisupyynnot2019\/taydennyspyynto\/#breadcrumb\"},\"inLanguage\":\"fi\",\"potentialAction\":[{\"@type\":\"ReadAction\",\"target\":[\"https:\/\/blogs.uef.fi\/oikaisupyynnot2019\/taydennyspyynto\/\"]}]},{\"@type\":\"BreadcrumbList\",\"@id\":\"https:\/\/blogs.uef.fi\/oikaisupyynnot2019\/taydennyspyynto\/#breadcrumb\",\"itemListElement\":[{\"@type\":\"ListItem\",\"position\":1,\"name\":\"Home\",\"item\":\"https:\/\/blogs.uef.fi\/oikaisupyynnot2019\/\"},{\"@type\":\"ListItem\",\"position\":2,\"name\":\"T\u00e4ydennyspyynt\u00f6\"}]},{\"@type\":\"WebSite\",\"@id\":\"https:\/\/blogs.uef.fi\/oikaisupyynnot2019\/#website\",\"url\":\"https:\/\/blogs.uef.fi\/oikaisupyynnot2019\/\",\"name\":\"\",\"description\":\"\",\"potentialAction\":[{\"@type\":\"SearchAction\",\"target\":{\"@type\":\"EntryPoint\",\"urlTemplate\":\"https:\/\/blogs.uef.fi\/oikaisupyynnot2019\/?s={search_term_string}\"},\"query-input\":{\"@type\":\"PropertyValueSpecification\",\"valueRequired\":true,\"valueName\":\"search_term_string\"}}],\"inLanguage\":\"fi\"}]}<\/script>\n<!-- \/ Yoast SEO plugin. -->","yoast_head_json":{"title":"T\u00e4ydennyspyynt\u00f6 -","robots":{"index":"index","follow":"follow","max-snippet":"max-snippet:-1","max-image-preview":"max-image-preview:large","max-video-preview":"max-video-preview:-1"},"canonical":"https:\/\/blogs.uef.fi\/oikaisupyynnot2019\/taydennyspyynto\/","og_locale":"fi_FI","og_type":"article","og_title":"T\u00e4ydennyspyynt\u00f6 -","og_description":"T\u00e4ydennyspyynt\u00f6jen vastaanotto on p\u00e4\u00e4ttynyt 1.8.2024 kello 15:00.","og_url":"https:\/\/blogs.uef.fi\/oikaisupyynnot2019\/taydennyspyynto\/","article_modified_time":"2024-08-01T12:00:04+00:00","twitter_card":"summary_large_image","twitter_misc":{"Arvioitu lukuaika":"1 minuutti"},"schema":{"@context":"https:\/\/schema.org","@graph":[{"@type":"WebPage","@id":"https:\/\/blogs.uef.fi\/oikaisupyynnot2019\/taydennyspyynto\/","url":"https:\/\/blogs.uef.fi\/oikaisupyynnot2019\/taydennyspyynto\/","name":"T\u00e4ydennyspyynt\u00f6 -","isPartOf":{"@id":"https:\/\/blogs.uef.fi\/oikaisupyynnot2019\/#website"},"datePublished":"2021-05-21T06:19:20+00:00","dateModified":"2024-08-01T12:00:04+00:00","breadcrumb":{"@id":"https:\/\/blogs.uef.fi\/oikaisupyynnot2019\/taydennyspyynto\/#breadcrumb"},"inLanguage":"fi","potentialAction":[{"@type":"ReadAction","target":["https:\/\/blogs.uef.fi\/oikaisupyynnot2019\/taydennyspyynto\/"]}]},{"@type":"BreadcrumbList","@id":"https:\/\/blogs.uef.fi\/oikaisupyynnot2019\/taydennyspyynto\/#breadcrumb","itemListElement":[{"@type":"ListItem","position":1,"name":"Home","item":"https:\/\/blogs.uef.fi\/oikaisupyynnot2019\/"},{"@type":"ListItem","position":2,"name":"T\u00e4ydennyspyynt\u00f6"}]},{"@type":"WebSite","@id":"https:\/\/blogs.uef.fi\/oikaisupyynnot2019\/#website","url":"https:\/\/blogs.uef.fi\/oikaisupyynnot2019\/","name":"","description":"","potentialAction":[{"@type":"SearchAction","target":{"@type":"EntryPoint","urlTemplate":"https:\/\/blogs.uef.fi\/oikaisupyynnot2019\/?s={search_term_string}"},"query-input":{"@type":"PropertyValueSpecification","valueRequired":true,"valueName":"search_term_string"}}],"inLanguage":"fi"}]}},"_links":{"self":[{"href":"https:\/\/blogs.uef.fi\/oikaisupyynnot2019\/wp-json\/wp\/v2\/pages\/356","targetHints":{"allow":["GET"]}}],"collection":[{"href":"https:\/\/blogs.uef.fi\/oikaisupyynnot2019\/wp-json\/wp\/v2\/pages"}],"about":[{"href":"https:\/\/blogs.uef.fi\/oikaisupyynnot2019\/wp-json\/wp\/v2\/types\/page"}],"author":[{"embeddable":true,"href":"https:\/\/blogs.uef.fi\/oikaisupyynnot2019\/wp-json\/wp\/v2\/users\/1"}],"replies":[{"embeddable":true,"href":"https:\/\/blogs.uef.fi\/oikaisupyynnot2019\/wp-json\/wp\/v2\/comments?post=356"}],"version-history":[{"count":2,"href":"https:\/\/blogs.uef.fi\/oikaisupyynnot2019\/wp-json\/wp\/v2\/pages\/356\/revisions"}],"predecessor-version":[{"id":602,"href":"https:\/\/blogs.uef.fi\/oikaisupyynnot2019\/wp-json\/wp\/v2\/pages\/356\/revisions\/602"}],"wp:attachment":[{"href":"https:\/\/blogs.uef.fi\/oikaisupyynnot2019\/wp-json\/wp\/v2\/media?parent=356"}],"curies":[{"name":"wp","href":"https:\/\/api.w.org\/{rel}","templated":true}]}}